{"id":18002,"date":"2018-05-17T13:05:59","date_gmt":"2018-05-17T11:05:59","guid":{"rendered":"https:\/\/www.hosgreta.se\/shop\/?page_id=18002"},"modified":"2026-03-16T13:24:17","modified_gmt":"2026-03-16T12:24:17","slug":"kopvillkor","status":"publish","type":"page","link":"https:\/\/www.hosgreta.se\/shop\/kopvillkor\/","title":{"rendered":"K\u00f6pvillkor"},"content":{"rendered":"\n<div class=\"container section-title-container\" ><h3 class=\"section-title section-title-center\"><b aria-hidden=\"true\"><\/b><span class=\"section-title-main\" >K\u00f6pvillkor<\/span><b aria-hidden=\"true\"><\/b><\/h3><\/div>\n\n<p>N\u00e4r du l\u00e4gger en best\u00e4llning p\u00e5 www.hosgreta.se s\u00e5 godk\u00e4nner du ocks\u00e5 v\u00e5ra k\u00f6pvillkor. L\u00e4s igenom k\u00f6pvillkoren innan du bekr\u00e4ftar ditt k\u00f6p.<\/p>\n<div class=\"row\"  id=\"row-1818471143\">\n\n\n\t<div id=\"col-604432338\" class=\"col medium-6 small-12 large-6\"  >\n\t\t\t\t<div class=\"col-inner\"  >\n\t\t\t\n\t\t\t\n\n<h3>1. Best\u00e4llning<\/h3>\n<p>Vid best\u00e4llning tr\u00e4ffas avtal om k\u00f6p f\u00f6rst n\u00e4r Hos Greta bekr\u00e4ftat best\u00e4llningen genom en e-mejlad orderbekr\u00e4ftelse. Orderbekr\u00e4ftelsen genereras automatiskt utan manuell \u00f6versyn. Vid eventuella felaktigheter i t ex angivande av pris, leveranstid osv. f\u00f6rbeh\u00e5ller vi oss r\u00e4tten att korrigera detta i efterhand. Kontrollera alltid att din bekr\u00e4ftelse st\u00e4mmer. Best\u00e4llningar som g\u00f6rs \u00e4r bindande. Om du har lagt en best\u00e4llning som du vill \u00e4ndra eller makulera, kontakta oss omedelbart p\u00e5 info@hosgreta.se.<\/p>\n<h3>2. Priser<\/h3>\n<p>Priserna anges i svenska kronor (SEK) inklusive moms. Eventuell avgift f\u00f6r frakt och betalavgifter tillkommer. Fri frakt \u00f6ver 750 kr.<\/p>\n<h3>3. Betalning<\/h3>\n<p>Du kan alltid k\u00e4nna dig trygg n\u00e4r du handlar p\u00e5 www.hosgreta.se.<br \/>Kortbetalning, Swish och faktura 14 dagar sker i samarbete med Nets Easy &amp; Afterpay. Nets Easy garanterar att kundens kortuppgifter endast kan l\u00e4sas av betal- och banksystemet &#8211; ingen annan! Hos Greta AB lagrar ingen information som r\u00f6r betaluppgifterna. Vi f\u00f6ljer distansk\u00f6plagen och vid genomf\u00f6rande av kortbetalning reserveras k\u00f6pesumman p\u00e5 ditt konto. Vi accepterar VISA och Mastercard, Swish, faktura och delbetalning. Inga extra avgifter tillkommer vid betalning med kort. V\u00e4ljer du faktura s\u00e5 har du 14 dagar p\u00e5 dig att betala, ingen fakturaavgift tillkommer. Minsta orderv\u00e4rde \u00e4r 200 kr.<\/p>\n<h3>4. Fraktfritt \u00f6ver 750 kr<\/h3>\n<p>Vi erbjuder alltid fri frakt vid best\u00e4llning \u00f6ver 750 kr. Vid best\u00e4llning under 750 kr tar vi en fraktavgift p\u00e5 69 kr. Normalt sett skickar vi din best\u00e4llning inom 1-3 arbetsdagar fr\u00e5n det att du f\u00e5tt en orderbekr\u00e4ftelse. Om n\u00e5gon vara \u00e4r slut i lager s\u00e5 kan leverans dr\u00f6ja lite l\u00e4ngre. Vi skickar de flesta best\u00e4llningar med Postnord eller DHL.<\/p>\n<p>Vid outh\u00e4mtat paket som g\u00e5r i retur utg\u00e5r en avgift p\u00e5 300 kr f\u00f6r emballage och frakt och returfrakt. Outh\u00e4mtat paket anses inte som \u00e5ngrat k\u00f6p.<\/p>\n<h3>5. Byte och retur<\/h3>\n<p>Vi har alltid \u00f6ppet k\u00f6p i 14 dagar. G\u00e4ller ej best\u00e4llningsvaror, nedsatta varor, eller produkt som \u00e4r specialtillverkad f\u00f6r kund.<br \/>Innan retur, kontakta oss p\u00e5 info@hosgreta.se. Varan ska ligga i sin originalf\u00f6rpackning och vara oanv\u00e4nd och i nyskick. Du st\u00e5r sj\u00e4lv f\u00f6r returfrakten. Vi st\u00e5r sj\u00e4lvklart f\u00f6r returfrakt och frakt av ny vara vid fabrikationsfel eller om du har f\u00e5tt fel vara. Skicka med din f\u00f6ljesedel och skriv Retur f\u00f6r snabbast hantering.<\/p>\n<p><strong>Returadress:<\/strong><br \/>Hos Greta AB<br \/>Storgatan 39E<br \/>571 31 N\u00c4SSJ\u00d6<\/p>\n<p>Om du bor i n\u00e4rheten utav v\u00e5r fysiska butik g\u00e5r det bra att returnera varan d\u00e4r. Gl\u00f6m inte att ta med dig ditt kvitto.<\/p>\n<p>Vid k\u00f6p av best\u00e4llningsvara eller produkt som \u00e4r specialtillverkad f\u00f6r kund g\u00e4ller ej bytesr\u00e4tt, \u00f6ppet k\u00f6p eller \u00e5ngerr\u00e4tt.<\/p>\n\n\n\t\t<\/div>\n\t\t\t\t\t<\/div>\n\n\t\n\n\t<div id=\"col-440405402\" class=\"col medium-6 small-12 large-6\"  >\n\t\t\t\t<div class=\"col-inner\"  >\n\t\t\t\n\t\t\t\n\n<h3>6. Reklamation<\/h3>\n<p>Enligt Konsumentk\u00f6plagen har du som kund reklamationsr\u00e4tt i 3 \u00e5r efter det att du har tagit emot varan. Hos Greta till\u00e4mpar Konsumentk\u00f6plagens reklamationsr\u00e4tt. OBS! Det \u00e4r viktigt att du g\u00f6r en korrekt anm\u00e4lan. Synligt fel anm\u00e4ls direkt till info@hosgreta.se. Dolt fel anm\u00e4ls till info@hosgreta.se inom 3 dagar fr\u00e5n mottagandet av varan. En produkt som vi anser \u00e4r felexpedierad alternativt skadad byter vi sj\u00e4lvklart ut. Transportskada reklameras alltid hos transport\u00f6ren. Spara emballaget f\u00f6r eventuell reklamation.<\/p>\n<h3>7. Garanti<\/h3>\n<p>Garanti l\u00e4mnas i enlighet med konsumentk\u00f6plagen.<\/p>\n<h3>8. Sekretess och personuppgifter<\/h3>\n<p>Fr\u00e5n maj 2018 ers\u00e4tts PuL (personuppgiftslagen) av dataskyddsf\u00f6rordningen GDPR. Vi har sammanst\u00e4llt den nya lagen i en Integritetspolicy som du kan l\u00e4sa mer om <a href=\"https:\/\/www.hosgreta.se\/shop\/integritetspolicy\/\">h\u00e4r<\/a>..\n<\/p>\n<h3>9. Nyhetsbrev<\/h3>\n<p>N\u00e4r en order l\u00e4ggs kan du v\u00e4lja att prenumerera p\u00e5 nyhetsbrev som skickas ut ungef\u00e4r tv\u00e5 g\u00e5nger per m\u00e5nad. Vill du inte l\u00e4ngre ha det \u00e4r det l\u00e4tt att avanm\u00e4la dig i mailet.\n<\/p>\n<h3>10. Cookies<\/h3>\n<p>En cookie \u00e4r en textfil som skickas ifr\u00e5n en webbsida, t.ex. Hos Greta, till din dator d\u00e4r den lagras antingen i minnet (session cookies) eller som en liten textfil (textbaserade cookies). Cookies anv\u00e4nds f\u00f6r att lagra inloggningsinformation samt din kundvagn n\u00e4r du surfar runt hos oss mm. Om din webbl\u00e4sare \u00e4r inst\u00e4lld p\u00e5 att inte acceptera cookies kommer du inte ha m\u00f6jlighet att g\u00f6ra n\u00e5gon best\u00e4llning p\u00e5 v\u00e5r sida. Du kan l\u00e4tt \u00e4ndra detta under inst\u00e4llningar i din webbl\u00e4sare. Observera att vi inte anv\u00e4nder cookies f\u00f6r att spara personlig information om dig.<\/p>\n<p>Har du \u00f6vriga fr\u00e5gor g\u00e4llande villkor &amp; lagar s\u00e5 kan du bes\u00f6ka konsumentverkets hemsida: www.konsumentverket.se<\/p>\n\n\t\t<\/div>\n\t\t\t\t\t<\/div>\n\n\t\n\n<\/div>\n\n","protected":false},"excerpt":{"rendered":"","protected":false},"author":1,"featured_media":0,"parent":0,"menu_order":0,"comment_status":"closed","ping_status":"closed","template":"","meta":{"footnotes":""},"class_list":["post-18002","page","type-page","status-publish","hentry"],"yoast_head":"<!-- This site is optimized with the Yoast SEO plugin v27.4 - https:\/\/yoast.com\/product\/yoast-seo-wordpress\/ -->\n<title>K\u00f6pvillkor - Hos Greta<\/title>\n<meta name=\"robots\" content=\"index, follow, max-snippet:-1, max-image-preview:large, max-video-preview:-1\" \/>\n<link rel=\"canonical\" href=\"https:\/\/www.hosgreta.se\/shop\/kopvillkor\/\" \/>\n<meta property=\"og:locale\" content=\"sv_SE\" \/>\n<meta property=\"og:type\" content=\"article\" \/>\n<meta property=\"og:title\" content=\"K\u00f6pvillkor - Hos Greta\" \/>\n<meta property=\"og:url\" content=\"https:\/\/www.hosgreta.se\/shop\/kopvillkor\/\" \/>\n<meta property=\"og:site_name\" content=\"Hos Greta\" \/>\n<meta property=\"article:publisher\" content=\"https:\/\/www.facebook.com\/hosgreta\" \/>\n<meta property=\"article:modified_time\" content=\"2026-03-16T12:24:17+00:00\" \/>\n<meta name=\"twitter:card\" content=\"summary_large_image\" \/>\n<meta name=\"twitter:label1\" content=\"Ber\u00e4knad l\u00e4stid\" \/>\n\t<meta name=\"twitter:data1\" content=\"4 minuter\" \/>\n<script type=\"application\/ld+json\" class=\"yoast-schema-graph\">{\"@context\":\"https:\\\/\\\/schema.org\",\"@graph\":[{\"@type\":\"WebPage\",\"@id\":\"https:\\\/\\\/www.hosgreta.se\\\/shop\\\/kopvillkor\\\/\",\"url\":\"https:\\\/\\\/www.hosgreta.se\\\/shop\\\/kopvillkor\\\/\",\"name\":\"K\u00f6pvillkor - Hos Greta\",\"isPartOf\":{\"@id\":\"https:\\\/\\\/www.hosgreta.se\\\/shop\\\/#website\"},\"datePublished\":\"2018-05-17T11:05:59+00:00\",\"dateModified\":\"2026-03-16T12:24:17+00:00\",\"breadcrumb\":{\"@id\":\"https:\\\/\\\/www.hosgreta.se\\\/shop\\\/kopvillkor\\\/#breadcrumb\"},\"inLanguage\":\"sv-SE\",\"potentialAction\":[{\"@type\":\"ReadAction\",\"target\":[\"https:\\\/\\\/www.hosgreta.se\\\/shop\\\/kopvillkor\\\/\"]}]},{\"@type\":\"BreadcrumbList\",\"@id\":\"https:\\\/\\\/www.hosgreta.se\\\/shop\\\/kopvillkor\\\/#breadcrumb\",\"itemListElement\":[{\"@type\":\"ListItem\",\"position\":1,\"name\":\"Hem\",\"item\":\"https:\\\/\\\/www.hosgreta.se\\\/shop\\\/\"},{\"@type\":\"ListItem\",\"position\":2,\"name\":\"K\u00f6pvillkor\"}]},{\"@type\":\"WebSite\",\"@id\":\"https:\\\/\\\/www.hosgreta.se\\\/shop\\\/#website\",\"url\":\"https:\\\/\\\/www.hosgreta.se\\\/shop\\\/\",\"name\":\"Hos Greta\",\"description\":\"Vi v\u00e4ljer ut v\u00e5ra varum\u00e4rken med stor omsorg.\",\"publisher\":{\"@id\":\"https:\\\/\\\/www.hosgreta.se\\\/shop\\\/#organization\"},\"potentialAction\":[{\"@type\":\"SearchAction\",\"target\":{\"@type\":\"EntryPoint\",\"urlTemplate\":\"https:\\\/\\\/www.hosgreta.se\\\/shop\\\/?s={search_term_string}\"},\"query-input\":{\"@type\":\"PropertyValueSpecification\",\"valueRequired\":true,\"valueName\":\"search_term_string\"}}],\"inLanguage\":\"sv-SE\"},{\"@type\":\"Organization\",\"@id\":\"https:\\\/\\\/www.hosgreta.se\\\/shop\\\/#organization\",\"name\":\"Hos Greta\",\"url\":\"https:\\\/\\\/www.hosgreta.se\\\/shop\\\/\",\"logo\":{\"@type\":\"ImageObject\",\"inLanguage\":\"sv-SE\",\"@id\":\"https:\\\/\\\/www.hosgreta.se\\\/shop\\\/#\\\/schema\\\/logo\\\/image\\\/\",\"url\":\"https:\\\/\\\/www.hosgreta.se\\\/shop\\\/wp-content\\\/uploads\\\/2018\\\/03\\\/Logo_HosGreta_svart.png\",\"contentUrl\":\"https:\\\/\\\/www.hosgreta.se\\\/shop\\\/wp-content\\\/uploads\\\/2018\\\/03\\\/Logo_HosGreta_svart.png\",\"width\":851,\"height\":851,\"caption\":\"Hos Greta\"},\"image\":{\"@id\":\"https:\\\/\\\/www.hosgreta.se\\\/shop\\\/#\\\/schema\\\/logo\\\/image\\\/\"},\"sameAs\":[\"https:\\\/\\\/www.facebook.com\\\/hosgreta\",\"https:\\\/\\\/www.instagram.com\\\/hosgreta\"]}]}<\/script>\n<!-- \/ Yoast SEO plugin. -->","yoast_head_json":{"title":"K\u00f6pvillkor - Hos Greta","robots":{"index":"index","follow":"follow","max-snippet":"max-snippet:-1","max-image-preview":"max-image-preview:large","max-video-preview":"max-video-preview:-1"},"canonical":"https:\/\/www.hosgreta.se\/shop\/kopvillkor\/","og_locale":"sv_SE","og_type":"article","og_title":"K\u00f6pvillkor - Hos Greta","og_url":"https:\/\/www.hosgreta.se\/shop\/kopvillkor\/","og_site_name":"Hos Greta","article_publisher":"https:\/\/www.facebook.com\/hosgreta","article_modified_time":"2026-03-16T12:24:17+00:00","twitter_card":"summary_large_image","twitter_misc":{"Ber\u00e4knad l\u00e4stid":"4 minuter"},"schema":{"@context":"https:\/\/schema.org","@graph":[{"@type":"WebPage","@id":"https:\/\/www.hosgreta.se\/shop\/kopvillkor\/","url":"https:\/\/www.hosgreta.se\/shop\/kopvillkor\/","name":"K\u00f6pvillkor - Hos Greta","isPartOf":{"@id":"https:\/\/www.hosgreta.se\/shop\/#website"},"datePublished":"2018-05-17T11:05:59+00:00","dateModified":"2026-03-16T12:24:17+00:00","breadcrumb":{"@id":"https:\/\/www.hosgreta.se\/shop\/kopvillkor\/#breadcrumb"},"inLanguage":"sv-SE","potentialAction":[{"@type":"ReadAction","target":["https:\/\/www.hosgreta.se\/shop\/kopvillkor\/"]}]},{"@type":"BreadcrumbList","@id":"https:\/\/www.hosgreta.se\/shop\/kopvillkor\/#breadcrumb","itemListElement":[{"@type":"ListItem","position":1,"name":"Hem","item":"https:\/\/www.hosgreta.se\/shop\/"},{"@type":"ListItem","position":2,"name":"K\u00f6pvillkor"}]},{"@type":"WebSite","@id":"https:\/\/www.hosgreta.se\/shop\/#website","url":"https:\/\/www.hosgreta.se\/shop\/","name":"Hos Greta","description":"Vi v\u00e4ljer ut v\u00e5ra varum\u00e4rken med stor omsorg.","publisher":{"@id":"https:\/\/www.hosgreta.se\/shop\/#organization"},"potentialAction":[{"@type":"SearchAction","target":{"@type":"EntryPoint","urlTemplate":"https:\/\/www.hosgreta.se\/shop\/?s={search_term_string}"},"query-input":{"@type":"PropertyValueSpecification","valueRequired":true,"valueName":"search_term_string"}}],"inLanguage":"sv-SE"},{"@type":"Organization","@id":"https:\/\/www.hosgreta.se\/shop\/#organization","name":"Hos Greta","url":"https:\/\/www.hosgreta.se\/shop\/","logo":{"@type":"ImageObject","inLanguage":"sv-SE","@id":"https:\/\/www.hosgreta.se\/shop\/#\/schema\/logo\/image\/","url":"https:\/\/www.hosgreta.se\/shop\/wp-content\/uploads\/2018\/03\/Logo_HosGreta_svart.png","contentUrl":"https:\/\/www.hosgreta.se\/shop\/wp-content\/uploads\/2018\/03\/Logo_HosGreta_svart.png","width":851,"height":851,"caption":"Hos Greta"},"image":{"@id":"https:\/\/www.hosgreta.se\/shop\/#\/schema\/logo\/image\/"},"sameAs":["https:\/\/www.facebook.com\/hosgreta","https:\/\/www.instagram.com\/hosgreta"]}]}},"_links":{"self":[{"href":"https:\/\/www.hosgreta.se\/shop\/wp-json\/wp\/v2\/pages\/18002","targetHints":{"allow":["GET"]}}],"collection":[{"href":"https:\/\/www.hosgreta.se\/shop\/wp-json\/wp\/v2\/pages"}],"about":[{"href":"https:\/\/www.hosgreta.se\/shop\/wp-json\/wp\/v2\/types\/page"}],"author":[{"embeddable":true,"href":"https:\/\/www.hosgreta.se\/shop\/wp-json\/wp\/v2\/users\/1"}],"replies":[{"embeddable":true,"href":"https:\/\/www.hosgreta.se\/shop\/wp-json\/wp\/v2\/comments?post=18002"}],"version-history":[{"count":21,"href":"https:\/\/www.hosgreta.se\/shop\/wp-json\/wp\/v2\/pages\/18002\/revisions"}],"predecessor-version":[{"id":386307,"href":"https:\/\/www.hosgreta.se\/shop\/wp-json\/wp\/v2\/pages\/18002\/revisions\/386307"}],"wp:attachment":[{"href":"https:\/\/www.hosgreta.se\/shop\/wp-json\/wp\/v2\/media?parent=18002"}],"curies":[{"name":"wp","href":"https:\/\/api.w.org\/{rel}","templated":true}]}}