{"id":11047,"date":"2018-04-24T11:59:28","date_gmt":"2018-04-24T09:59:28","guid":{"rendered":"https:\/\/www.hosgreta.se\/shop\/produkt\/klong-gloria-stor-massing\/"},"modified":"2021-01-01T15:11:38","modified_gmt":"2021-01-01T14:11:38","slug":"klong-gloria-stor-massing","status":"publish","type":"product","link":"https:\/\/www.hosgreta.se\/shop\/produkt\/klong-gloria-stor-massing\/","title":{"rendered":"Klong Gloria Stor m\u00e4ssing"},"content":{"rendered":"<p>Klong Gloria Stor m\u00e4ssing<br \/>\nStorlek: H\u00f6jd 44 cm, Bredd 41 cm, Djup 7,5 cm<br \/>\nMaterial: Massiv M\u00e4ssig<\/p>\n<p>Sk\u00f6tsel: Gloria \u00e4r tillverkad i massiv m\u00e4ssing och skall putsas regelbundet med m\u00e4ssing putsmedel. Ljusstaken har en skyddande filt p\u00e5 undersidan. \u00c4r denna fuktigt s\u00e5 kan den avge f\u00e4rg p\u00e5 ytan den st\u00e5r p\u00e5. Se d\u00e4rf\u00f6r till att den \u00e4r torr. M\u00e4ssing skall inte diskas i vatten.<\/p>\n","protected":false},"excerpt":{"rendered":"<p>Underbar ljusstake som samtidigt \u00e4r en skulptur. N\u00e4r du t\u00e4nder ett ljus s\u00e5 verkar ljuset som ett nav av energi. Du kan ocks\u00e5 k\u00f6pa till Flora insatsvas och s\u00e4tta i en blomma som d\u00e5 blir centrum av denna cirkel.<\/p>\n","protected":false},"featured_media":12739,"comment_status":"closed","ping_status":"closed","template":"","meta":[],"pwb-brand":[206],"product_brand":[],"product_cat":[74,119],"product_tag":[],"class_list":{"0":"post-11047","1":"product","2":"type-product","3":"status-publish","4":"has-post-thumbnail","6":"pwb-brand-klong","7":"product_cat-inredning","8":"product_cat-ljusstakar-ljuslyktor","10":"first","11":"outofstock","12":"taxable","13":"shipping-taxable","14":"purchasable","15":"product-type-simple"},"yoast_head":"<!-- This site is optimized with the Yoast SEO plugin v27.5 - https:\/\/yoast.com\/product\/yoast-seo-wordpress\/ -->\n<title>Klong Gloria Stor m\u00e4ssing ljusstake finns att k\u00f6pa Hos Greta<\/title>\n<meta name=\"description\" content=\"Klong Gloria Stor m\u00e4ssing. Underbar ljusstake som samtidigt \u00e4r en skulptur. N\u00e4r du t\u00e4nder ett ljus s\u00e5 verkar ljuset som ett nav av energi. Du kan ocks\u00e5 k\u00f6pa till Flora insatsvas och s\u00e4tta i en blomma som d\u00e5 blir centrum av denna cirkel.\" \/>\n<meta name=\"robots\" content=\"index, follow, max-snippet:-1, max-image-preview:large, max-video-preview:-1\" \/>\n<link rel=\"canonical\" href=\"https:\/\/www.hosgreta.se\/shop\/produkt\/klong-gloria-stor-massing\/\" \/>\n<meta property=\"og:locale\" content=\"sv_SE\" \/>\n<meta property=\"og:type\" content=\"article\" \/>\n<meta property=\"og:title\" content=\"Klong Gloria Stor m\u00e4ssing ljusstake finns att k\u00f6pa Hos Greta\" \/>\n<meta property=\"og:description\" content=\"Klong Gloria Stor m\u00e4ssing. Underbar ljusstake som samtidigt \u00e4r en skulptur. N\u00e4r du t\u00e4nder ett ljus s\u00e5 verkar ljuset som ett nav av energi. Du kan ocks\u00e5 k\u00f6pa till Flora insatsvas och s\u00e4tta i en blomma som d\u00e5 blir centrum av denna cirkel.\" \/>\n<meta property=\"og:url\" content=\"https:\/\/www.hosgreta.se\/shop\/produkt\/klong-gloria-stor-massing\/\" \/>\n<meta property=\"og:site_name\" content=\"Hos Greta\" \/>\n<meta property=\"article:publisher\" content=\"https:\/\/www.facebook.com\/hosgreta\" \/>\n<meta property=\"article:modified_time\" content=\"2021-01-01T14:11:38+00:00\" \/>\n<meta property=\"og:image\" content=\"https:\/\/www.hosgreta.se\/shop\/wp-content\/uploads\/2018\/04\/gloria-large-m\u00e4ssing-stor.jpg\" \/>\n\t<meta property=\"og:image:width\" content=\"800\" \/>\n\t<meta property=\"og:image:height\" content=\"800\" \/>\n\t<meta property=\"og:image:type\" content=\"image\/jpeg\" \/>\n<meta name=\"twitter:card\" content=\"summary_large_image\" \/>\n<script type=\"application\/ld+json\" class=\"yoast-schema-graph\">{\"@context\":\"https:\\\/\\\/schema.org\",\"@graph\":[{\"@type\":\"WebPage\",\"@id\":\"https:\\\/\\\/www.hosgreta.se\\\/shop\\\/produkt\\\/klong-gloria-stor-massing\\\/\",\"url\":\"https:\\\/\\\/www.hosgreta.se\\\/shop\\\/produkt\\\/klong-gloria-stor-massing\\\/\",\"name\":\"Klong Gloria Stor m\u00e4ssing ljusstake finns att k\u00f6pa Hos Greta\",\"isPartOf\":{\"@id\":\"https:\\\/\\\/www.hosgreta.se\\\/shop\\\/#website\"},\"primaryImageOfPage\":{\"@id\":\"https:\\\/\\\/www.hosgreta.se\\\/shop\\\/produkt\\\/klong-gloria-stor-massing\\\/#primaryimage\"},\"image\":{\"@id\":\"https:\\\/\\\/www.hosgreta.se\\\/shop\\\/produkt\\\/klong-gloria-stor-massing\\\/#primaryimage\"},\"thumbnailUrl\":\"https:\\\/\\\/www.hosgreta.se\\\/shop\\\/wp-content\\\/uploads\\\/2018\\\/04\\\/gloria-large-m\u00e4ssing-stor.jpg\",\"datePublished\":\"2018-04-24T09:59:28+00:00\",\"dateModified\":\"2021-01-01T14:11:38+00:00\",\"description\":\"Klong Gloria Stor m\u00e4ssing. Underbar ljusstake som samtidigt \u00e4r en skulptur. N\u00e4r du t\u00e4nder ett ljus s\u00e5 verkar ljuset som ett nav av energi. Du kan ocks\u00e5 k\u00f6pa till Flora insatsvas och s\u00e4tta i en blomma som d\u00e5 blir centrum av denna cirkel.\",\"breadcrumb\":{\"@id\":\"https:\\\/\\\/www.hosgreta.se\\\/shop\\\/produkt\\\/klong-gloria-stor-massing\\\/#breadcrumb\"},\"inLanguage\":\"sv-SE\",\"potentialAction\":[{\"@type\":\"ReadAction\",\"target\":[\"https:\\\/\\\/www.hosgreta.se\\\/shop\\\/produkt\\\/klong-gloria-stor-massing\\\/\"]}]},{\"@type\":\"ImageObject\",\"inLanguage\":\"sv-SE\",\"@id\":\"https:\\\/\\\/www.hosgreta.se\\\/shop\\\/produkt\\\/klong-gloria-stor-massing\\\/#primaryimage\",\"url\":\"https:\\\/\\\/www.hosgreta.se\\\/shop\\\/wp-content\\\/uploads\\\/2018\\\/04\\\/gloria-large-m\u00e4ssing-stor.jpg\",\"contentUrl\":\"https:\\\/\\\/www.hosgreta.se\\\/shop\\\/wp-content\\\/uploads\\\/2018\\\/04\\\/gloria-large-m\u00e4ssing-stor.jpg\",\"width\":800,\"height\":800,\"caption\":\"Klong Gloria Stor m\u00e4ssing\"},{\"@type\":\"BreadcrumbList\",\"@id\":\"https:\\\/\\\/www.hosgreta.se\\\/shop\\\/produkt\\\/klong-gloria-stor-massing\\\/#breadcrumb\",\"itemListElement\":[{\"@type\":\"ListItem\",\"position\":1,\"name\":\"Hem\",\"item\":\"https:\\\/\\\/www.hosgreta.se\\\/shop\\\/\"},{\"@type\":\"ListItem\",\"position\":2,\"name\":\"Shop\",\"item\":\"https:\\\/\\\/www.hosgreta.se\\\/shop\\\/shop\\\/\"},{\"@type\":\"ListItem\",\"position\":3,\"name\":\"Klong Gloria Stor m\u00e4ssing\"}]},{\"@type\":\"WebSite\",\"@id\":\"https:\\\/\\\/www.hosgreta.se\\\/shop\\\/#website\",\"url\":\"https:\\\/\\\/www.hosgreta.se\\\/shop\\\/\",\"name\":\"Hos Greta\",\"description\":\"Vi v\u00e4ljer ut v\u00e5ra varum\u00e4rken med stor omsorg.\",\"publisher\":{\"@id\":\"https:\\\/\\\/www.hosgreta.se\\\/shop\\\/#organization\"},\"potentialAction\":[{\"@type\":\"SearchAction\",\"target\":{\"@type\":\"EntryPoint\",\"urlTemplate\":\"https:\\\/\\\/www.hosgreta.se\\\/shop\\\/?s={search_term_string}\"},\"query-input\":{\"@type\":\"PropertyValueSpecification\",\"valueRequired\":true,\"valueName\":\"search_term_string\"}}],\"inLanguage\":\"sv-SE\"},{\"@type\":\"Organization\",\"@id\":\"https:\\\/\\\/www.hosgreta.se\\\/shop\\\/#organization\",\"name\":\"Hos Greta\",\"url\":\"https:\\\/\\\/www.hosgreta.se\\\/shop\\\/\",\"logo\":{\"@type\":\"ImageObject\",\"inLanguage\":\"sv-SE\",\"@id\":\"https:\\\/\\\/www.hosgreta.se\\\/shop\\\/#\\\/schema\\\/logo\\\/image\\\/\",\"url\":\"https:\\\/\\\/www.hosgreta.se\\\/shop\\\/wp-content\\\/uploads\\\/2018\\\/03\\\/Logo_HosGreta_svart.png\",\"contentUrl\":\"https:\\\/\\\/www.hosgreta.se\\\/shop\\\/wp-content\\\/uploads\\\/2018\\\/03\\\/Logo_HosGreta_svart.png\",\"width\":851,\"height\":851,\"caption\":\"Hos Greta\"},\"image\":{\"@id\":\"https:\\\/\\\/www.hosgreta.se\\\/shop\\\/#\\\/schema\\\/logo\\\/image\\\/\"},\"sameAs\":[\"https:\\\/\\\/www.facebook.com\\\/hosgreta\",\"https:\\\/\\\/www.instagram.com\\\/hosgreta\"]}]}<\/script>\n<!-- \/ Yoast SEO plugin. -->","yoast_head_json":{"title":"Klong Gloria Stor m\u00e4ssing ljusstake finns att k\u00f6pa Hos Greta","description":"Klong Gloria Stor m\u00e4ssing. Underbar ljusstake som samtidigt \u00e4r en skulptur. N\u00e4r du t\u00e4nder ett ljus s\u00e5 verkar ljuset som ett nav av energi. Du kan ocks\u00e5 k\u00f6pa till Flora insatsvas och s\u00e4tta i en blomma som d\u00e5 blir centrum av denna cirkel.","robots":{"index":"index","follow":"follow","max-snippet":"max-snippet:-1","max-image-preview":"max-image-preview:large","max-video-preview":"max-video-preview:-1"},"canonical":"https:\/\/www.hosgreta.se\/shop\/produkt\/klong-gloria-stor-massing\/","og_locale":"sv_SE","og_type":"article","og_title":"Klong Gloria Stor m\u00e4ssing ljusstake finns att k\u00f6pa Hos Greta","og_description":"Klong Gloria Stor m\u00e4ssing. Underbar ljusstake som samtidigt \u00e4r en skulptur. N\u00e4r du t\u00e4nder ett ljus s\u00e5 verkar ljuset som ett nav av energi. Du kan ocks\u00e5 k\u00f6pa till Flora insatsvas och s\u00e4tta i en blomma som d\u00e5 blir centrum av denna cirkel.","og_url":"https:\/\/www.hosgreta.se\/shop\/produkt\/klong-gloria-stor-massing\/","og_site_name":"Hos Greta","article_publisher":"https:\/\/www.facebook.com\/hosgreta","article_modified_time":"2021-01-01T14:11:38+00:00","og_image":[{"width":800,"height":800,"url":"https:\/\/www.hosgreta.se\/shop\/wp-content\/uploads\/2018\/04\/gloria-large-m\u00e4ssing-stor.jpg","type":"image\/jpeg"}],"twitter_card":"summary_large_image","schema":{"@context":"https:\/\/schema.org","@graph":[{"@type":"WebPage","@id":"https:\/\/www.hosgreta.se\/shop\/produkt\/klong-gloria-stor-massing\/","url":"https:\/\/www.hosgreta.se\/shop\/produkt\/klong-gloria-stor-massing\/","name":"Klong Gloria Stor m\u00e4ssing ljusstake finns att k\u00f6pa Hos Greta","isPartOf":{"@id":"https:\/\/www.hosgreta.se\/shop\/#website"},"primaryImageOfPage":{"@id":"https:\/\/www.hosgreta.se\/shop\/produkt\/klong-gloria-stor-massing\/#primaryimage"},"image":{"@id":"https:\/\/www.hosgreta.se\/shop\/produkt\/klong-gloria-stor-massing\/#primaryimage"},"thumbnailUrl":"https:\/\/www.hosgreta.se\/shop\/wp-content\/uploads\/2018\/04\/gloria-large-m\u00e4ssing-stor.jpg","datePublished":"2018-04-24T09:59:28+00:00","dateModified":"2021-01-01T14:11:38+00:00","description":"Klong Gloria Stor m\u00e4ssing. Underbar ljusstake som samtidigt \u00e4r en skulptur. N\u00e4r du t\u00e4nder ett ljus s\u00e5 verkar ljuset som ett nav av energi. Du kan ocks\u00e5 k\u00f6pa till Flora insatsvas och s\u00e4tta i en blomma som d\u00e5 blir centrum av denna cirkel.","breadcrumb":{"@id":"https:\/\/www.hosgreta.se\/shop\/produkt\/klong-gloria-stor-massing\/#breadcrumb"},"inLanguage":"sv-SE","potentialAction":[{"@type":"ReadAction","target":["https:\/\/www.hosgreta.se\/shop\/produkt\/klong-gloria-stor-massing\/"]}]},{"@type":"ImageObject","inLanguage":"sv-SE","@id":"https:\/\/www.hosgreta.se\/shop\/produkt\/klong-gloria-stor-massing\/#primaryimage","url":"https:\/\/www.hosgreta.se\/shop\/wp-content\/uploads\/2018\/04\/gloria-large-m\u00e4ssing-stor.jpg","contentUrl":"https:\/\/www.hosgreta.se\/shop\/wp-content\/uploads\/2018\/04\/gloria-large-m\u00e4ssing-stor.jpg","width":800,"height":800,"caption":"Klong Gloria Stor m\u00e4ssing"},{"@type":"BreadcrumbList","@id":"https:\/\/www.hosgreta.se\/shop\/produkt\/klong-gloria-stor-massing\/#breadcrumb","itemListElement":[{"@type":"ListItem","position":1,"name":"Hem","item":"https:\/\/www.hosgreta.se\/shop\/"},{"@type":"ListItem","position":2,"name":"Shop","item":"https:\/\/www.hosgreta.se\/shop\/shop\/"},{"@type":"ListItem","position":3,"name":"Klong Gloria Stor m\u00e4ssing"}]},{"@type":"WebSite","@id":"https:\/\/www.hosgreta.se\/shop\/#website","url":"https:\/\/www.hosgreta.se\/shop\/","name":"Hos Greta","description":"Vi v\u00e4ljer ut v\u00e5ra varum\u00e4rken med stor omsorg.","publisher":{"@id":"https:\/\/www.hosgreta.se\/shop\/#organization"},"potentialAction":[{"@type":"SearchAction","target":{"@type":"EntryPoint","urlTemplate":"https:\/\/www.hosgreta.se\/shop\/?s={search_term_string}"},"query-input":{"@type":"PropertyValueSpecification","valueRequired":true,"valueName":"search_term_string"}}],"inLanguage":"sv-SE"},{"@type":"Organization","@id":"https:\/\/www.hosgreta.se\/shop\/#organization","name":"Hos Greta","url":"https:\/\/www.hosgreta.se\/shop\/","logo":{"@type":"ImageObject","inLanguage":"sv-SE","@id":"https:\/\/www.hosgreta.se\/shop\/#\/schema\/logo\/image\/","url":"https:\/\/www.hosgreta.se\/shop\/wp-content\/uploads\/2018\/03\/Logo_HosGreta_svart.png","contentUrl":"https:\/\/www.hosgreta.se\/shop\/wp-content\/uploads\/2018\/03\/Logo_HosGreta_svart.png","width":851,"height":851,"caption":"Hos Greta"},"image":{"@id":"https:\/\/www.hosgreta.se\/shop\/#\/schema\/logo\/image\/"},"sameAs":["https:\/\/www.facebook.com\/hosgreta","https:\/\/www.instagram.com\/hosgreta"]}]}},"kroconnect":{"tax_rate":25,"price_inc_vat":{"regular_price":1250},"price_ex_vat":{"regular_price":1000}},"brands":[{"id":206,"name":"Klong","slug":"klong"}],"_links":{"self":[{"href":"https:\/\/www.hosgreta.se\/shop\/wp-json\/wp\/v2\/product\/11047","targetHints":{"allow":["GET"]}}],"collection":[{"href":"https:\/\/www.hosgreta.se\/shop\/wp-json\/wp\/v2\/product"}],"about":[{"href":"https:\/\/www.hosgreta.se\/shop\/wp-json\/wp\/v2\/types\/product"}],"replies":[{"embeddable":true,"href":"https:\/\/www.hosgreta.se\/shop\/wp-json\/wp\/v2\/comments?post=11047"}],"wp:featuredmedia":[{"embeddable":true,"href":"https:\/\/www.hosgreta.se\/shop\/wp-json\/wp\/v2\/media\/12739"}],"wp:attachment":[{"href":"https:\/\/www.hosgreta.se\/shop\/wp-json\/wp\/v2\/media?parent=11047"}],"wp:term":[{"taxonomy":"pwb-brand","embeddable":true,"href":"https:\/\/www.hosgreta.se\/shop\/wp-json\/wp\/v2\/pwb-brand?post=11047"},{"taxonomy":"product_brand","embeddable":true,"href":"https:\/\/www.hosgreta.se\/shop\/wp-json\/wp\/v2\/product_brand?post=11047"},{"taxonomy":"product_cat","embeddable":true,"href":"https:\/\/www.hosgreta.se\/shop\/wp-json\/wp\/v2\/product_cat?post=11047"},{"taxonomy":"product_tag","embeddable":true,"href":"https:\/\/www.hosgreta.se\/shop\/wp-json\/wp\/v2\/product_tag?post=11047"}],"curies":[{"name":"wp","href":"https:\/\/api.w.org\/{rel}","templated":true}]}}