{"id":11087,"date":"2018-04-24T11:59:47","date_gmt":"2018-04-24T09:59:47","guid":{"rendered":"https:\/\/www.hosgreta.se\/shop\/produkt\/rubens-cutie-rose-garden\/"},"modified":"2025-01-07T10:48:17","modified_gmt":"2025-01-07T09:48:17","slug":"rubens-cutie-rose-garden","status":"publish","type":"product","link":"https:\/\/www.hosgreta.se\/shop\/produkt\/rubens-cutie-rose-garden\/","title":{"rendered":"Rubens Cutie Rose garden"},"content":{"rendered":"<p>Rubens Cutie Rose garden<br \/>\n\u00c5lder: 3+<br \/>\nSk\u00f6tsel: Handtv\u00e4tt<br \/>\nAlla v\u00e5ra produkter \u00e4r CE m\u00e4rkta och godk\u00e4nda enligt s\u00e4kerhetsf\u00f6reskrifterna: EN-71, Del 1, 2 &amp; 3 samt ASTM.<br \/>\nV\u00e5r producent \u00e4r certifierad med ISO 9001.<\/p>\n","protected":false},"excerpt":{"rendered":"<p>Sommarkl\u00e4nning till Cuties. P\u00e5 sommaren \u00e4r det fester man ska g\u00e5 p\u00e5 och d\u00e5 kommer denna fina kl\u00e4nning med rosor p\u00e5 v\u00e4l till pass. Kl\u00e4nning, h\u00e5rband med ros och en matchande v\u00e4ska.<\/p>\n","protected":false},"featured_media":12879,"comment_status":"closed","ping_status":"closed","template":"","meta":[],"pwb-brand":[207],"product_brand":[],"product_cat":[75,163],"product_tag":[],"class_list":{"0":"post-11087","1":"product","2":"type-product","3":"status-publish","4":"has-post-thumbnail","6":"pwb-brand-rubens-barn","7":"product_cat-barn","8":"product_cat-dockor","10":"first","11":"outofstock","12":"taxable","13":"shipping-taxable","14":"purchasable","15":"product-type-simple"},"yoast_head":"<!-- This site is optimized with the Yoast SEO plugin v27.4 - https:\/\/yoast.com\/product\/yoast-seo-wordpress\/ -->\n<title>Rubens Cutie Rose garden, Ros-kl\u00e4nning till Cuties dockor - Hos Greta<\/title>\n<meta name=\"description\" content=\"Rubens Cutie Rose garden, Ros-kl\u00e4nning till Cuties dockor. P\u00e5 sommaren \u00e4r det fester man ska g\u00e5 p\u00e5 och d\u00e5 kommer denna fina kl\u00e4nning med rosor p\u00e5 v\u00e4l till pass. Kl\u00e4nning, h\u00e5rband med ros och en matchande v\u00e4ska.\" \/>\n<meta name=\"robots\" content=\"index, follow, max-snippet:-1, max-image-preview:large, max-video-preview:-1\" \/>\n<link rel=\"canonical\" href=\"https:\/\/www.hosgreta.se\/shop\/produkt\/rubens-cutie-rose-garden\/\" \/>\n<meta property=\"og:locale\" content=\"sv_SE\" \/>\n<meta property=\"og:type\" content=\"article\" \/>\n<meta property=\"og:title\" content=\"Rubens Cutie Rose garden, Ros-kl\u00e4nning till Cuties dockor - Hos Greta\" \/>\n<meta property=\"og:description\" content=\"Rubens Cutie Rose garden, Ros-kl\u00e4nning till Cuties dockor. P\u00e5 sommaren \u00e4r det fester man ska g\u00e5 p\u00e5 och d\u00e5 kommer denna fina kl\u00e4nning med rosor p\u00e5 v\u00e4l till pass. Kl\u00e4nning, h\u00e5rband med ros och en matchande v\u00e4ska.\" \/>\n<meta property=\"og:url\" content=\"https:\/\/www.hosgreta.se\/shop\/produkt\/rubens-cutie-rose-garden\/\" \/>\n<meta property=\"og:site_name\" content=\"Hos Greta\" \/>\n<meta property=\"article:publisher\" content=\"https:\/\/www.facebook.com\/hosgreta\" \/>\n<meta property=\"article:modified_time\" content=\"2025-01-07T09:48:17+00:00\" \/>\n<meta property=\"og:image\" content=\"https:\/\/www.hosgreta.se\/shop\/wp-content\/uploads\/2018\/04\/Rose-garden-Cutie-Rubens-Barn-dockkl\u00e4der.jpg\" \/>\n\t<meta property=\"og:image:width\" content=\"800\" \/>\n\t<meta property=\"og:image:height\" content=\"800\" \/>\n\t<meta property=\"og:image:type\" content=\"image\/jpeg\" \/>\n<meta name=\"twitter:card\" content=\"summary_large_image\" \/>\n<script type=\"application\/ld+json\" class=\"yoast-schema-graph\">{\"@context\":\"https:\\\/\\\/schema.org\",\"@graph\":[{\"@type\":\"WebPage\",\"@id\":\"https:\\\/\\\/www.hosgreta.se\\\/shop\\\/produkt\\\/rubens-cutie-rose-garden\\\/\",\"url\":\"https:\\\/\\\/www.hosgreta.se\\\/shop\\\/produkt\\\/rubens-cutie-rose-garden\\\/\",\"name\":\"Rubens Cutie Rose garden, Ros-kl\u00e4nning till Cuties dockor - Hos Greta\",\"isPartOf\":{\"@id\":\"https:\\\/\\\/www.hosgreta.se\\\/shop\\\/#website\"},\"primaryImageOfPage\":{\"@id\":\"https:\\\/\\\/www.hosgreta.se\\\/shop\\\/produkt\\\/rubens-cutie-rose-garden\\\/#primaryimage\"},\"image\":{\"@id\":\"https:\\\/\\\/www.hosgreta.se\\\/shop\\\/produkt\\\/rubens-cutie-rose-garden\\\/#primaryimage\"},\"thumbnailUrl\":\"https:\\\/\\\/www.hosgreta.se\\\/shop\\\/wp-content\\\/uploads\\\/2018\\\/04\\\/Rose-garden-Cutie-Rubens-Barn-dockkl\u00e4der.jpg\",\"datePublished\":\"2018-04-24T09:59:47+00:00\",\"dateModified\":\"2025-01-07T09:48:17+00:00\",\"description\":\"Rubens Cutie Rose garden, Ros-kl\u00e4nning till Cuties dockor. P\u00e5 sommaren \u00e4r det fester man ska g\u00e5 p\u00e5 och d\u00e5 kommer denna fina kl\u00e4nning med rosor p\u00e5 v\u00e4l till pass. Kl\u00e4nning, h\u00e5rband med ros och en matchande v\u00e4ska.\",\"breadcrumb\":{\"@id\":\"https:\\\/\\\/www.hosgreta.se\\\/shop\\\/produkt\\\/rubens-cutie-rose-garden\\\/#breadcrumb\"},\"inLanguage\":\"sv-SE\",\"potentialAction\":[{\"@type\":\"ReadAction\",\"target\":[\"https:\\\/\\\/www.hosgreta.se\\\/shop\\\/produkt\\\/rubens-cutie-rose-garden\\\/\"]}]},{\"@type\":\"ImageObject\",\"inLanguage\":\"sv-SE\",\"@id\":\"https:\\\/\\\/www.hosgreta.se\\\/shop\\\/produkt\\\/rubens-cutie-rose-garden\\\/#primaryimage\",\"url\":\"https:\\\/\\\/www.hosgreta.se\\\/shop\\\/wp-content\\\/uploads\\\/2018\\\/04\\\/Rose-garden-Cutie-Rubens-Barn-dockkl\u00e4der.jpg\",\"contentUrl\":\"https:\\\/\\\/www.hosgreta.se\\\/shop\\\/wp-content\\\/uploads\\\/2018\\\/04\\\/Rose-garden-Cutie-Rubens-Barn-dockkl\u00e4der.jpg\",\"width\":800,\"height\":800,\"caption\":\"Rubens Cutie Rose garden, Ros-kl\u00e4nning till Cuties dockor\"},{\"@type\":\"BreadcrumbList\",\"@id\":\"https:\\\/\\\/www.hosgreta.se\\\/shop\\\/produkt\\\/rubens-cutie-rose-garden\\\/#breadcrumb\",\"itemListElement\":[{\"@type\":\"ListItem\",\"position\":1,\"name\":\"Hem\",\"item\":\"https:\\\/\\\/www.hosgreta.se\\\/shop\\\/\"},{\"@type\":\"ListItem\",\"position\":2,\"name\":\"Shop\",\"item\":\"https:\\\/\\\/www.hosgreta.se\\\/shop\\\/shop\\\/\"},{\"@type\":\"ListItem\",\"position\":3,\"name\":\"Rubens Cutie Rose garden\"}]},{\"@type\":\"WebSite\",\"@id\":\"https:\\\/\\\/www.hosgreta.se\\\/shop\\\/#website\",\"url\":\"https:\\\/\\\/www.hosgreta.se\\\/shop\\\/\",\"name\":\"Hos Greta\",\"description\":\"Vi v\u00e4ljer ut v\u00e5ra varum\u00e4rken med stor omsorg.\",\"publisher\":{\"@id\":\"https:\\\/\\\/www.hosgreta.se\\\/shop\\\/#organization\"},\"potentialAction\":[{\"@type\":\"SearchAction\",\"target\":{\"@type\":\"EntryPoint\",\"urlTemplate\":\"https:\\\/\\\/www.hosgreta.se\\\/shop\\\/?s={search_term_string}\"},\"query-input\":{\"@type\":\"PropertyValueSpecification\",\"valueRequired\":true,\"valueName\":\"search_term_string\"}}],\"inLanguage\":\"sv-SE\"},{\"@type\":\"Organization\",\"@id\":\"https:\\\/\\\/www.hosgreta.se\\\/shop\\\/#organization\",\"name\":\"Hos Greta\",\"url\":\"https:\\\/\\\/www.hosgreta.se\\\/shop\\\/\",\"logo\":{\"@type\":\"ImageObject\",\"inLanguage\":\"sv-SE\",\"@id\":\"https:\\\/\\\/www.hosgreta.se\\\/shop\\\/#\\\/schema\\\/logo\\\/image\\\/\",\"url\":\"https:\\\/\\\/www.hosgreta.se\\\/shop\\\/wp-content\\\/uploads\\\/2018\\\/03\\\/Logo_HosGreta_svart.png\",\"contentUrl\":\"https:\\\/\\\/www.hosgreta.se\\\/shop\\\/wp-content\\\/uploads\\\/2018\\\/03\\\/Logo_HosGreta_svart.png\",\"width\":851,\"height\":851,\"caption\":\"Hos Greta\"},\"image\":{\"@id\":\"https:\\\/\\\/www.hosgreta.se\\\/shop\\\/#\\\/schema\\\/logo\\\/image\\\/\"},\"sameAs\":[\"https:\\\/\\\/www.facebook.com\\\/hosgreta\",\"https:\\\/\\\/www.instagram.com\\\/hosgreta\"]}]}<\/script>\n<!-- \/ Yoast SEO plugin. -->","yoast_head_json":{"title":"Rubens Cutie Rose garden, Ros-kl\u00e4nning till Cuties dockor - Hos Greta","description":"Rubens Cutie Rose garden, Ros-kl\u00e4nning till Cuties dockor. P\u00e5 sommaren \u00e4r det fester man ska g\u00e5 p\u00e5 och d\u00e5 kommer denna fina kl\u00e4nning med rosor p\u00e5 v\u00e4l till pass. Kl\u00e4nning, h\u00e5rband med ros och en matchande v\u00e4ska.","robots":{"index":"index","follow":"follow","max-snippet":"max-snippet:-1","max-image-preview":"max-image-preview:large","max-video-preview":"max-video-preview:-1"},"canonical":"https:\/\/www.hosgreta.se\/shop\/produkt\/rubens-cutie-rose-garden\/","og_locale":"sv_SE","og_type":"article","og_title":"Rubens Cutie Rose garden, Ros-kl\u00e4nning till Cuties dockor - Hos Greta","og_description":"Rubens Cutie Rose garden, Ros-kl\u00e4nning till Cuties dockor. P\u00e5 sommaren \u00e4r det fester man ska g\u00e5 p\u00e5 och d\u00e5 kommer denna fina kl\u00e4nning med rosor p\u00e5 v\u00e4l till pass. Kl\u00e4nning, h\u00e5rband med ros och en matchande v\u00e4ska.","og_url":"https:\/\/www.hosgreta.se\/shop\/produkt\/rubens-cutie-rose-garden\/","og_site_name":"Hos Greta","article_publisher":"https:\/\/www.facebook.com\/hosgreta","article_modified_time":"2025-01-07T09:48:17+00:00","og_image":[{"width":800,"height":800,"url":"https:\/\/www.hosgreta.se\/shop\/wp-content\/uploads\/2018\/04\/Rose-garden-Cutie-Rubens-Barn-dockkl\u00e4der.jpg","type":"image\/jpeg"}],"twitter_card":"summary_large_image","schema":{"@context":"https:\/\/schema.org","@graph":[{"@type":"WebPage","@id":"https:\/\/www.hosgreta.se\/shop\/produkt\/rubens-cutie-rose-garden\/","url":"https:\/\/www.hosgreta.se\/shop\/produkt\/rubens-cutie-rose-garden\/","name":"Rubens Cutie Rose garden, Ros-kl\u00e4nning till Cuties dockor - Hos Greta","isPartOf":{"@id":"https:\/\/www.hosgreta.se\/shop\/#website"},"primaryImageOfPage":{"@id":"https:\/\/www.hosgreta.se\/shop\/produkt\/rubens-cutie-rose-garden\/#primaryimage"},"image":{"@id":"https:\/\/www.hosgreta.se\/shop\/produkt\/rubens-cutie-rose-garden\/#primaryimage"},"thumbnailUrl":"https:\/\/www.hosgreta.se\/shop\/wp-content\/uploads\/2018\/04\/Rose-garden-Cutie-Rubens-Barn-dockkl\u00e4der.jpg","datePublished":"2018-04-24T09:59:47+00:00","dateModified":"2025-01-07T09:48:17+00:00","description":"Rubens Cutie Rose garden, Ros-kl\u00e4nning till Cuties dockor. P\u00e5 sommaren \u00e4r det fester man ska g\u00e5 p\u00e5 och d\u00e5 kommer denna fina kl\u00e4nning med rosor p\u00e5 v\u00e4l till pass. Kl\u00e4nning, h\u00e5rband med ros och en matchande v\u00e4ska.","breadcrumb":{"@id":"https:\/\/www.hosgreta.se\/shop\/produkt\/rubens-cutie-rose-garden\/#breadcrumb"},"inLanguage":"sv-SE","potentialAction":[{"@type":"ReadAction","target":["https:\/\/www.hosgreta.se\/shop\/produkt\/rubens-cutie-rose-garden\/"]}]},{"@type":"ImageObject","inLanguage":"sv-SE","@id":"https:\/\/www.hosgreta.se\/shop\/produkt\/rubens-cutie-rose-garden\/#primaryimage","url":"https:\/\/www.hosgreta.se\/shop\/wp-content\/uploads\/2018\/04\/Rose-garden-Cutie-Rubens-Barn-dockkl\u00e4der.jpg","contentUrl":"https:\/\/www.hosgreta.se\/shop\/wp-content\/uploads\/2018\/04\/Rose-garden-Cutie-Rubens-Barn-dockkl\u00e4der.jpg","width":800,"height":800,"caption":"Rubens Cutie Rose garden, Ros-kl\u00e4nning till Cuties dockor"},{"@type":"BreadcrumbList","@id":"https:\/\/www.hosgreta.se\/shop\/produkt\/rubens-cutie-rose-garden\/#breadcrumb","itemListElement":[{"@type":"ListItem","position":1,"name":"Hem","item":"https:\/\/www.hosgreta.se\/shop\/"},{"@type":"ListItem","position":2,"name":"Shop","item":"https:\/\/www.hosgreta.se\/shop\/shop\/"},{"@type":"ListItem","position":3,"name":"Rubens Cutie Rose garden"}]},{"@type":"WebSite","@id":"https:\/\/www.hosgreta.se\/shop\/#website","url":"https:\/\/www.hosgreta.se\/shop\/","name":"Hos Greta","description":"Vi v\u00e4ljer ut v\u00e5ra varum\u00e4rken med stor omsorg.","publisher":{"@id":"https:\/\/www.hosgreta.se\/shop\/#organization"},"potentialAction":[{"@type":"SearchAction","target":{"@type":"EntryPoint","urlTemplate":"https:\/\/www.hosgreta.se\/shop\/?s={search_term_string}"},"query-input":{"@type":"PropertyValueSpecification","valueRequired":true,"valueName":"search_term_string"}}],"inLanguage":"sv-SE"},{"@type":"Organization","@id":"https:\/\/www.hosgreta.se\/shop\/#organization","name":"Hos Greta","url":"https:\/\/www.hosgreta.se\/shop\/","logo":{"@type":"ImageObject","inLanguage":"sv-SE","@id":"https:\/\/www.hosgreta.se\/shop\/#\/schema\/logo\/image\/","url":"https:\/\/www.hosgreta.se\/shop\/wp-content\/uploads\/2018\/03\/Logo_HosGreta_svart.png","contentUrl":"https:\/\/www.hosgreta.se\/shop\/wp-content\/uploads\/2018\/03\/Logo_HosGreta_svart.png","width":851,"height":851,"caption":"Hos Greta"},"image":{"@id":"https:\/\/www.hosgreta.se\/shop\/#\/schema\/logo\/image\/"},"sameAs":["https:\/\/www.facebook.com\/hosgreta","https:\/\/www.instagram.com\/hosgreta"]}]}},"kroconnect":{"tax_rate":25,"price_inc_vat":{"regular_price":199},"price_ex_vat":{"regular_price":159.2}},"brands":[{"id":207,"name":"Rubens Barn","slug":"rubens-barn"}],"_links":{"self":[{"href":"https:\/\/www.hosgreta.se\/shop\/wp-json\/wp\/v2\/product\/11087","targetHints":{"allow":["GET"]}}],"collection":[{"href":"https:\/\/www.hosgreta.se\/shop\/wp-json\/wp\/v2\/product"}],"about":[{"href":"https:\/\/www.hosgreta.se\/shop\/wp-json\/wp\/v2\/types\/product"}],"replies":[{"embeddable":true,"href":"https:\/\/www.hosgreta.se\/shop\/wp-json\/wp\/v2\/comments?post=11087"}],"wp:featuredmedia":[{"embeddable":true,"href":"https:\/\/www.hosgreta.se\/shop\/wp-json\/wp\/v2\/media\/12879"}],"wp:attachment":[{"href":"https:\/\/www.hosgreta.se\/shop\/wp-json\/wp\/v2\/media?parent=11087"}],"wp:term":[{"taxonomy":"pwb-brand","embeddable":true,"href":"https:\/\/www.hosgreta.se\/shop\/wp-json\/wp\/v2\/pwb-brand?post=11087"},{"taxonomy":"product_brand","embeddable":true,"href":"https:\/\/www.hosgreta.se\/shop\/wp-json\/wp\/v2\/product_brand?post=11087"},{"taxonomy":"product_cat","embeddable":true,"href":"https:\/\/www.hosgreta.se\/shop\/wp-json\/wp\/v2\/product_cat?post=11087"},{"taxonomy":"product_tag","embeddable":true,"href":"https:\/\/www.hosgreta.se\/shop\/wp-json\/wp\/v2\/product_tag?post=11087"}],"curies":[{"name":"wp","href":"https:\/\/api.w.org\/{rel}","templated":true}]}}