{"id":131538,"date":"2020-01-28T12:49:03","date_gmt":"2020-01-28T11:49:03","guid":{"rendered":"https:\/\/www.hosgreta.se\/shop\/?post_type=product&#038;p=131538"},"modified":"2021-01-27T20:47:35","modified_gmt":"2021-01-27T19:47:35","slug":"astrid-lindgren-pippi-jubileumsmugg-20-cl-strong-kind-brave","status":"publish","type":"product","link":"https:\/\/www.hosgreta.se\/shop\/produkt\/astrid-lindgren-pippi-jubileumsmugg-20-cl-strong-kind-brave\/","title":{"rendered":"Astrid Lindgren Pippi Jubileumsmugg 20 cl Strong Kind Brave"},"content":{"rendered":"<p>Material: Stengods<br \/>\nT\u00e5l maskindisk och mikro<br \/>\nVolym: 20 cl<\/p>\n","protected":false},"excerpt":{"rendered":"<p>De v\u00e4rden, generositet,styrka, lekfullhet och kreativitet<br \/>\nsom Astrid gav Pippi \u00e4r mer beh\u00f6vda idag \u00e4n n\u00e5gonsin.<\/p>\n<p>Tillsammans med R\u00e4dda Barnen och Astrid Lindgren AB<br \/>\nkommer Design House Stockholm g\u00f6ra en kampanj under<br \/>\njubileums\u00e5ret 2020 d\u00e4r 10 kronor per mugg g\u00e5r till<br \/>\nR\u00e4dda Barnen och deras arbete f\u00f6r unga flickor p\u00e5 flykt.<\/p>\n<p>Inne i muggen st\u00e5r Pippi och lyfter sin h\u00e4st p\u00e5 raka armar.<br \/>\nUtv\u00e4ndigt orden: strong, brave, kind.<br \/>\nVarje handtag, gjutet med relief \u00e4r handm\u00e5lat med tunn<br \/>\ntransparent glasyr i samma f\u00e4rg som Pippis h\u00e5rfl\u00e4ta.<\/p>\n","protected":false},"featured_media":131552,"comment_status":"closed","ping_status":"closed","template":"","meta":[],"pwb-brand":[237],"product_brand":[],"product_cat":[74,133],"product_tag":[239],"class_list":{"0":"post-131538","1":"product","2":"type-product","3":"status-publish","4":"has-post-thumbnail","6":"pwb-brand-design-house-stockholm","7":"product_cat-inredning","8":"product_cat-muggar","9":"product_tag-astrid-lindgren","11":"first","12":"outofstock","13":"taxable","14":"shipping-taxable","15":"purchasable","16":"product-type-simple"},"yoast_head":"<!-- This site is optimized with the Yoast SEO plugin v27.5 - https:\/\/yoast.com\/product\/yoast-seo-wordpress\/ -->\n<title>Astrid Lindgren Pippi Jubileumsmugg 20 cl Strong Kind Brave - Hos Greta<\/title>\n<meta name=\"robots\" content=\"index, follow, max-snippet:-1, max-image-preview:large, max-video-preview:-1\" \/>\n<link rel=\"canonical\" href=\"https:\/\/www.hosgreta.se\/shop\/produkt\/astrid-lindgren-pippi-jubileumsmugg-20-cl-strong-kind-brave\/\" \/>\n<meta property=\"og:locale\" content=\"sv_SE\" \/>\n<meta property=\"og:type\" content=\"article\" \/>\n<meta property=\"og:title\" content=\"Astrid Lindgren Pippi Jubileumsmugg 20 cl Strong Kind Brave - Hos Greta\" \/>\n<meta property=\"og:description\" content=\"De v\u00e4rden, generositet,styrka, lekfullhet och kreativitet som Astrid gav Pippi \u00e4r mer beh\u00f6vda idag \u00e4n n\u00e5gonsin.  Tillsammans med R\u00e4dda Barnen och Astrid Lindgren AB kommer Design House Stockholm g\u00f6ra en kampanj under jubileums\u00e5ret 2020 d\u00e4r 10 kronor per mugg g\u00e5r till R\u00e4dda Barnen och deras arbete f\u00f6r unga flickor p\u00e5 flykt.  Inne i muggen st\u00e5r Pippi och lyfter sin h\u00e4st p\u00e5 raka armar. Utv\u00e4ndigt orden: strong, brave, kind. Varje handtag, gjutet med relief \u00e4r handm\u00e5lat med tunn transparent glasyr i samma f\u00e4rg som Pippis h\u00e5rfl\u00e4ta.\" \/>\n<meta property=\"og:url\" content=\"https:\/\/www.hosgreta.se\/shop\/produkt\/astrid-lindgren-pippi-jubileumsmugg-20-cl-strong-kind-brave\/\" \/>\n<meta property=\"og:site_name\" content=\"Hos Greta\" \/>\n<meta property=\"article:publisher\" content=\"https:\/\/www.facebook.com\/hosgreta\" \/>\n<meta property=\"article:modified_time\" content=\"2021-01-27T19:47:35+00:00\" \/>\n<meta property=\"og:image\" content=\"https:\/\/www.hosgreta.se\/shop\/wp-content\/uploads\/2020\/01\/Astrid-Lindgren-Pippi-Jubileumsmugg-20-cl-Strong-Kind-Brave.png\" \/>\n\t<meta property=\"og:image:width\" content=\"800\" \/>\n\t<meta property=\"og:image:height\" content=\"800\" \/>\n\t<meta property=\"og:image:type\" content=\"image\/png\" \/>\n<meta name=\"twitter:card\" content=\"summary_large_image\" \/>\n<script type=\"application\/ld+json\" class=\"yoast-schema-graph\">{\"@context\":\"https:\\\/\\\/schema.org\",\"@graph\":[{\"@type\":\"WebPage\",\"@id\":\"https:\\\/\\\/www.hosgreta.se\\\/shop\\\/produkt\\\/astrid-lindgren-pippi-jubileumsmugg-20-cl-strong-kind-brave\\\/\",\"url\":\"https:\\\/\\\/www.hosgreta.se\\\/shop\\\/produkt\\\/astrid-lindgren-pippi-jubileumsmugg-20-cl-strong-kind-brave\\\/\",\"name\":\"Astrid Lindgren Pippi Jubileumsmugg 20 cl Strong Kind Brave - Hos Greta\",\"isPartOf\":{\"@id\":\"https:\\\/\\\/www.hosgreta.se\\\/shop\\\/#website\"},\"primaryImageOfPage\":{\"@id\":\"https:\\\/\\\/www.hosgreta.se\\\/shop\\\/produkt\\\/astrid-lindgren-pippi-jubileumsmugg-20-cl-strong-kind-brave\\\/#primaryimage\"},\"image\":{\"@id\":\"https:\\\/\\\/www.hosgreta.se\\\/shop\\\/produkt\\\/astrid-lindgren-pippi-jubileumsmugg-20-cl-strong-kind-brave\\\/#primaryimage\"},\"thumbnailUrl\":\"https:\\\/\\\/www.hosgreta.se\\\/shop\\\/wp-content\\\/uploads\\\/2020\\\/01\\\/Astrid-Lindgren-Pippi-Jubileumsmugg-20-cl-Strong-Kind-Brave.png\",\"datePublished\":\"2020-01-28T11:49:03+00:00\",\"dateModified\":\"2021-01-27T19:47:35+00:00\",\"breadcrumb\":{\"@id\":\"https:\\\/\\\/www.hosgreta.se\\\/shop\\\/produkt\\\/astrid-lindgren-pippi-jubileumsmugg-20-cl-strong-kind-brave\\\/#breadcrumb\"},\"inLanguage\":\"sv-SE\",\"potentialAction\":[{\"@type\":\"ReadAction\",\"target\":[\"https:\\\/\\\/www.hosgreta.se\\\/shop\\\/produkt\\\/astrid-lindgren-pippi-jubileumsmugg-20-cl-strong-kind-brave\\\/\"]}]},{\"@type\":\"ImageObject\",\"inLanguage\":\"sv-SE\",\"@id\":\"https:\\\/\\\/www.hosgreta.se\\\/shop\\\/produkt\\\/astrid-lindgren-pippi-jubileumsmugg-20-cl-strong-kind-brave\\\/#primaryimage\",\"url\":\"https:\\\/\\\/www.hosgreta.se\\\/shop\\\/wp-content\\\/uploads\\\/2020\\\/01\\\/Astrid-Lindgren-Pippi-Jubileumsmugg-20-cl-Strong-Kind-Brave.png\",\"contentUrl\":\"https:\\\/\\\/www.hosgreta.se\\\/shop\\\/wp-content\\\/uploads\\\/2020\\\/01\\\/Astrid-Lindgren-Pippi-Jubileumsmugg-20-cl-Strong-Kind-Brave.png\",\"width\":800,\"height\":800,\"caption\":\"Astrid Lindgren Pippi Jubileumsmugg 20 cl Strong Kind Brave\"},{\"@type\":\"BreadcrumbList\",\"@id\":\"https:\\\/\\\/www.hosgreta.se\\\/shop\\\/produkt\\\/astrid-lindgren-pippi-jubileumsmugg-20-cl-strong-kind-brave\\\/#breadcrumb\",\"itemListElement\":[{\"@type\":\"ListItem\",\"position\":1,\"name\":\"Hem\",\"item\":\"https:\\\/\\\/www.hosgreta.se\\\/shop\\\/\"},{\"@type\":\"ListItem\",\"position\":2,\"name\":\"Shop\",\"item\":\"https:\\\/\\\/www.hosgreta.se\\\/shop\\\/shop\\\/\"},{\"@type\":\"ListItem\",\"position\":3,\"name\":\"Astrid Lindgren Pippi Jubileumsmugg 20 cl Strong Kind Brave\"}]},{\"@type\":\"WebSite\",\"@id\":\"https:\\\/\\\/www.hosgreta.se\\\/shop\\\/#website\",\"url\":\"https:\\\/\\\/www.hosgreta.se\\\/shop\\\/\",\"name\":\"Hos Greta\",\"description\":\"Vi v\u00e4ljer ut v\u00e5ra varum\u00e4rken med stor omsorg.\",\"publisher\":{\"@id\":\"https:\\\/\\\/www.hosgreta.se\\\/shop\\\/#organization\"},\"potentialAction\":[{\"@type\":\"SearchAction\",\"target\":{\"@type\":\"EntryPoint\",\"urlTemplate\":\"https:\\\/\\\/www.hosgreta.se\\\/shop\\\/?s={search_term_string}\"},\"query-input\":{\"@type\":\"PropertyValueSpecification\",\"valueRequired\":true,\"valueName\":\"search_term_string\"}}],\"inLanguage\":\"sv-SE\"},{\"@type\":\"Organization\",\"@id\":\"https:\\\/\\\/www.hosgreta.se\\\/shop\\\/#organization\",\"name\":\"Hos Greta\",\"url\":\"https:\\\/\\\/www.hosgreta.se\\\/shop\\\/\",\"logo\":{\"@type\":\"ImageObject\",\"inLanguage\":\"sv-SE\",\"@id\":\"https:\\\/\\\/www.hosgreta.se\\\/shop\\\/#\\\/schema\\\/logo\\\/image\\\/\",\"url\":\"https:\\\/\\\/www.hosgreta.se\\\/shop\\\/wp-content\\\/uploads\\\/2018\\\/03\\\/Logo_HosGreta_svart.png\",\"contentUrl\":\"https:\\\/\\\/www.hosgreta.se\\\/shop\\\/wp-content\\\/uploads\\\/2018\\\/03\\\/Logo_HosGreta_svart.png\",\"width\":851,\"height\":851,\"caption\":\"Hos Greta\"},\"image\":{\"@id\":\"https:\\\/\\\/www.hosgreta.se\\\/shop\\\/#\\\/schema\\\/logo\\\/image\\\/\"},\"sameAs\":[\"https:\\\/\\\/www.facebook.com\\\/hosgreta\",\"https:\\\/\\\/www.instagram.com\\\/hosgreta\"]}]}<\/script>\n<!-- \/ Yoast SEO plugin. -->","yoast_head_json":{"title":"Astrid Lindgren Pippi Jubileumsmugg 20 cl Strong Kind Brave - Hos Greta","robots":{"index":"index","follow":"follow","max-snippet":"max-snippet:-1","max-image-preview":"max-image-preview:large","max-video-preview":"max-video-preview:-1"},"canonical":"https:\/\/www.hosgreta.se\/shop\/produkt\/astrid-lindgren-pippi-jubileumsmugg-20-cl-strong-kind-brave\/","og_locale":"sv_SE","og_type":"article","og_title":"Astrid Lindgren Pippi Jubileumsmugg 20 cl Strong Kind Brave - Hos Greta","og_description":"De v\u00e4rden, generositet,styrka, lekfullhet och kreativitet som Astrid gav Pippi \u00e4r mer beh\u00f6vda idag \u00e4n n\u00e5gonsin.  Tillsammans med R\u00e4dda Barnen och Astrid Lindgren AB kommer Design House Stockholm g\u00f6ra en kampanj under jubileums\u00e5ret 2020 d\u00e4r 10 kronor per mugg g\u00e5r till R\u00e4dda Barnen och deras arbete f\u00f6r unga flickor p\u00e5 flykt.  Inne i muggen st\u00e5r Pippi och lyfter sin h\u00e4st p\u00e5 raka armar. Utv\u00e4ndigt orden: strong, brave, kind. Varje handtag, gjutet med relief \u00e4r handm\u00e5lat med tunn transparent glasyr i samma f\u00e4rg som Pippis h\u00e5rfl\u00e4ta.","og_url":"https:\/\/www.hosgreta.se\/shop\/produkt\/astrid-lindgren-pippi-jubileumsmugg-20-cl-strong-kind-brave\/","og_site_name":"Hos Greta","article_publisher":"https:\/\/www.facebook.com\/hosgreta","article_modified_time":"2021-01-27T19:47:35+00:00","og_image":[{"width":800,"height":800,"url":"https:\/\/www.hosgreta.se\/shop\/wp-content\/uploads\/2020\/01\/Astrid-Lindgren-Pippi-Jubileumsmugg-20-cl-Strong-Kind-Brave.png","type":"image\/png"}],"twitter_card":"summary_large_image","schema":{"@context":"https:\/\/schema.org","@graph":[{"@type":"WebPage","@id":"https:\/\/www.hosgreta.se\/shop\/produkt\/astrid-lindgren-pippi-jubileumsmugg-20-cl-strong-kind-brave\/","url":"https:\/\/www.hosgreta.se\/shop\/produkt\/astrid-lindgren-pippi-jubileumsmugg-20-cl-strong-kind-brave\/","name":"Astrid Lindgren Pippi Jubileumsmugg 20 cl Strong Kind Brave - Hos Greta","isPartOf":{"@id":"https:\/\/www.hosgreta.se\/shop\/#website"},"primaryImageOfPage":{"@id":"https:\/\/www.hosgreta.se\/shop\/produkt\/astrid-lindgren-pippi-jubileumsmugg-20-cl-strong-kind-brave\/#primaryimage"},"image":{"@id":"https:\/\/www.hosgreta.se\/shop\/produkt\/astrid-lindgren-pippi-jubileumsmugg-20-cl-strong-kind-brave\/#primaryimage"},"thumbnailUrl":"https:\/\/www.hosgreta.se\/shop\/wp-content\/uploads\/2020\/01\/Astrid-Lindgren-Pippi-Jubileumsmugg-20-cl-Strong-Kind-Brave.png","datePublished":"2020-01-28T11:49:03+00:00","dateModified":"2021-01-27T19:47:35+00:00","breadcrumb":{"@id":"https:\/\/www.hosgreta.se\/shop\/produkt\/astrid-lindgren-pippi-jubileumsmugg-20-cl-strong-kind-brave\/#breadcrumb"},"inLanguage":"sv-SE","potentialAction":[{"@type":"ReadAction","target":["https:\/\/www.hosgreta.se\/shop\/produkt\/astrid-lindgren-pippi-jubileumsmugg-20-cl-strong-kind-brave\/"]}]},{"@type":"ImageObject","inLanguage":"sv-SE","@id":"https:\/\/www.hosgreta.se\/shop\/produkt\/astrid-lindgren-pippi-jubileumsmugg-20-cl-strong-kind-brave\/#primaryimage","url":"https:\/\/www.hosgreta.se\/shop\/wp-content\/uploads\/2020\/01\/Astrid-Lindgren-Pippi-Jubileumsmugg-20-cl-Strong-Kind-Brave.png","contentUrl":"https:\/\/www.hosgreta.se\/shop\/wp-content\/uploads\/2020\/01\/Astrid-Lindgren-Pippi-Jubileumsmugg-20-cl-Strong-Kind-Brave.png","width":800,"height":800,"caption":"Astrid Lindgren Pippi Jubileumsmugg 20 cl Strong Kind Brave"},{"@type":"BreadcrumbList","@id":"https:\/\/www.hosgreta.se\/shop\/produkt\/astrid-lindgren-pippi-jubileumsmugg-20-cl-strong-kind-brave\/#breadcrumb","itemListElement":[{"@type":"ListItem","position":1,"name":"Hem","item":"https:\/\/www.hosgreta.se\/shop\/"},{"@type":"ListItem","position":2,"name":"Shop","item":"https:\/\/www.hosgreta.se\/shop\/shop\/"},{"@type":"ListItem","position":3,"name":"Astrid Lindgren Pippi Jubileumsmugg 20 cl Strong Kind Brave"}]},{"@type":"WebSite","@id":"https:\/\/www.hosgreta.se\/shop\/#website","url":"https:\/\/www.hosgreta.se\/shop\/","name":"Hos Greta","description":"Vi v\u00e4ljer ut v\u00e5ra varum\u00e4rken med stor omsorg.","publisher":{"@id":"https:\/\/www.hosgreta.se\/shop\/#organization"},"potentialAction":[{"@type":"SearchAction","target":{"@type":"EntryPoint","urlTemplate":"https:\/\/www.hosgreta.se\/shop\/?s={search_term_string}"},"query-input":{"@type":"PropertyValueSpecification","valueRequired":true,"valueName":"search_term_string"}}],"inLanguage":"sv-SE"},{"@type":"Organization","@id":"https:\/\/www.hosgreta.se\/shop\/#organization","name":"Hos Greta","url":"https:\/\/www.hosgreta.se\/shop\/","logo":{"@type":"ImageObject","inLanguage":"sv-SE","@id":"https:\/\/www.hosgreta.se\/shop\/#\/schema\/logo\/image\/","url":"https:\/\/www.hosgreta.se\/shop\/wp-content\/uploads\/2018\/03\/Logo_HosGreta_svart.png","contentUrl":"https:\/\/www.hosgreta.se\/shop\/wp-content\/uploads\/2018\/03\/Logo_HosGreta_svart.png","width":851,"height":851,"caption":"Hos Greta"},"image":{"@id":"https:\/\/www.hosgreta.se\/shop\/#\/schema\/logo\/image\/"},"sameAs":["https:\/\/www.facebook.com\/hosgreta","https:\/\/www.instagram.com\/hosgreta"]}]}},"kroconnect":{"tax_rate":25,"price_inc_vat":{"regular_price":245},"price_ex_vat":{"regular_price":196}},"brands":[{"id":237,"name":"Design House Stockholm","slug":"design-house-stockholm"}],"_links":{"self":[{"href":"https:\/\/www.hosgreta.se\/shop\/wp-json\/wp\/v2\/product\/131538","targetHints":{"allow":["GET"]}}],"collection":[{"href":"https:\/\/www.hosgreta.se\/shop\/wp-json\/wp\/v2\/product"}],"about":[{"href":"https:\/\/www.hosgreta.se\/shop\/wp-json\/wp\/v2\/types\/product"}],"replies":[{"embeddable":true,"href":"https:\/\/www.hosgreta.se\/shop\/wp-json\/wp\/v2\/comments?post=131538"}],"wp:featuredmedia":[{"embeddable":true,"href":"https:\/\/www.hosgreta.se\/shop\/wp-json\/wp\/v2\/media\/131552"}],"wp:attachment":[{"href":"https:\/\/www.hosgreta.se\/shop\/wp-json\/wp\/v2\/media?parent=131538"}],"wp:term":[{"taxonomy":"pwb-brand","embeddable":true,"href":"https:\/\/www.hosgreta.se\/shop\/wp-json\/wp\/v2\/pwb-brand?post=131538"},{"taxonomy":"product_brand","embeddable":true,"href":"https:\/\/www.hosgreta.se\/shop\/wp-json\/wp\/v2\/product_brand?post=131538"},{"taxonomy":"product_cat","embeddable":true,"href":"https:\/\/www.hosgreta.se\/shop\/wp-json\/wp\/v2\/product_cat?post=131538"},{"taxonomy":"product_tag","embeddable":true,"href":"https:\/\/www.hosgreta.se\/shop\/wp-json\/wp\/v2\/product_tag?post=131538"}],"curies":[{"name":"wp","href":"https:\/\/api.w.org\/{rel}","templated":true}]}}