{"id":156657,"date":"2020-04-24T11:17:28","date_gmt":"2020-04-24T09:17:28","guid":{"rendered":"https:\/\/www.hosgreta.se\/shop\/?post_type=product&#038;p=156657"},"modified":"2026-03-31T21:01:01","modified_gmt":"2026-03-31T19:01:01","slug":"lakrids-baerries-wild-blueberry-regular","status":"publish","type":"product","link":"https:\/\/www.hosgreta.se\/shop\/produkt\/lakrids-baerries-wild-blueberry-regular\/","title":{"rendered":"Lakrids B\u00e6rries Wild Blueberry Regular"},"content":{"rendered":"<p>295 g<br \/>\nGlutenfri<\/p>\n<p>Lakrids B\u00e6rries Wild Blueberry<br \/>\nIngredienser: 52% dulce chokolade (sukker, m\u00e6lke-\/mj\u00f6lkpulver, kakaosm\u00f8r, valle-\/vassle-\/mysepulver, kakaomasse, m\u00e6lkefedt\/mj\u00f6lkfett, emulgator: sojalecitin, naturlige aromaer), 20% sukker, rismel\/-mj\u00f6l, invertsukkersirup, melasse, glukosesirup, 2% r\u00e5lakrids, 1.6% vilde bl\u00e5b\u00e6r (fryset\u00f8rret), overfladebehandlingsmidler\/ytbehandlingsmedel (arabisk gummi, shellak, carnaubavoks), rapsolie, salt, syre: \u00e6blesyre, farvestoffer (calciumcarbonat, carmin, jernoxid), naturlig bl\u00e5b\u00e6raroma, anisolie.  Skyddas fr\u00e5n v\u00e4rme och fukt.<\/p>\n","protected":false},"excerpt":{"rendered":"<p>Som en hyllning till den skandinaviska traditionen har dessa vilda bl\u00e5b\u00e4r handplockats l\u00e5ngt in i skogen. Bl\u00e5b\u00e4ren \u00e4r milda och underbart s\u00f6ta samtidigt som de tillf\u00f6r en l\u00e4tt syra, vilket \u00e4r en perfekt balans till dulche-chokladen som omger den s\u00f6ta lakritsk\u00e4rnan. Den h\u00e4r produkten \u00e4r klar och l\u00e4tt, precis som en perfekt sommarkv\u00e4ll.<\/p>\n","protected":false},"featured_media":239425,"comment_status":"closed","ping_status":"closed","template":"","meta":[],"pwb-brand":[175],"product_brand":[],"product_cat":[72,73],"product_tag":[212,213,211],"class_list":{"0":"post-156657","1":"product","2":"type-product","3":"status-publish","4":"has-post-thumbnail","6":"pwb-brand-lakrids-by-johan-bulow","7":"product_cat-atbart","8":"product_cat-laktrits","9":"product_tag-by-johan-bulow","10":"product_tag-havtorn","11":"product_tag-lakrids","13":"first","14":"outofstock","15":"taxable","16":"shipping-taxable","17":"purchasable","18":"product-type-simple"},"yoast_head":"<!-- This site is optimized with the Yoast SEO plugin v27.4 - https:\/\/yoast.com\/product\/yoast-seo-wordpress\/ -->\n<title>Lakrids B\u00e6rries Wild Blueberry Regular - Hos Greta<\/title>\n<meta name=\"robots\" content=\"index, follow, max-snippet:-1, max-image-preview:large, max-video-preview:-1\" \/>\n<link rel=\"canonical\" href=\"https:\/\/www.hosgreta.se\/shop\/produkt\/lakrids-baerries-wild-blueberry-regular\/\" \/>\n<meta property=\"og:locale\" content=\"sv_SE\" \/>\n<meta property=\"og:type\" content=\"article\" \/>\n<meta property=\"og:title\" content=\"Lakrids B\u00e6rries Wild Blueberry Regular - Hos Greta\" \/>\n<meta property=\"og:description\" content=\"Som en hyllning till den skandinaviska traditionen har dessa vilda bl\u00e5b\u00e4r handplockats l\u00e5ngt in i skogen. Bl\u00e5b\u00e4ren \u00e4r milda och underbart s\u00f6ta samtidigt som de tillf\u00f6r en l\u00e4tt syra, vilket \u00e4r en perfekt balans till dulche-chokladen som omger den s\u00f6ta lakritsk\u00e4rnan. Den h\u00e4r produkten \u00e4r klar och l\u00e4tt, precis som en perfekt sommarkv\u00e4ll.\" \/>\n<meta property=\"og:url\" content=\"https:\/\/www.hosgreta.se\/shop\/produkt\/lakrids-baerries-wild-blueberry-regular\/\" \/>\n<meta property=\"og:site_name\" content=\"Hos Greta\" \/>\n<meta property=\"article:publisher\" content=\"https:\/\/www.facebook.com\/hosgreta\" \/>\n<meta property=\"article:modified_time\" content=\"2026-03-31T19:01:01+00:00\" \/>\n<meta property=\"og:image\" content=\"https:\/\/www.hosgreta.se\/shop\/wp-content\/uploads\/2021\/04\/Lakrids-Baerries-Wild-Blueberry-Regular.png\" \/>\n\t<meta property=\"og:image:width\" content=\"800\" \/>\n\t<meta property=\"og:image:height\" content=\"800\" \/>\n\t<meta property=\"og:image:type\" content=\"image\/png\" \/>\n<meta name=\"twitter:card\" content=\"summary_large_image\" \/>\n<script type=\"application\/ld+json\" class=\"yoast-schema-graph\">{\"@context\":\"https:\\\/\\\/schema.org\",\"@graph\":[{\"@type\":\"WebPage\",\"@id\":\"https:\\\/\\\/www.hosgreta.se\\\/shop\\\/produkt\\\/lakrids-baerries-wild-blueberry-regular\\\/\",\"url\":\"https:\\\/\\\/www.hosgreta.se\\\/shop\\\/produkt\\\/lakrids-baerries-wild-blueberry-regular\\\/\",\"name\":\"Lakrids B\u00e6rries Wild Blueberry Regular - Hos Greta\",\"isPartOf\":{\"@id\":\"https:\\\/\\\/www.hosgreta.se\\\/shop\\\/#website\"},\"primaryImageOfPage\":{\"@id\":\"https:\\\/\\\/www.hosgreta.se\\\/shop\\\/produkt\\\/lakrids-baerries-wild-blueberry-regular\\\/#primaryimage\"},\"image\":{\"@id\":\"https:\\\/\\\/www.hosgreta.se\\\/shop\\\/produkt\\\/lakrids-baerries-wild-blueberry-regular\\\/#primaryimage\"},\"thumbnailUrl\":\"https:\\\/\\\/www.hosgreta.se\\\/shop\\\/wp-content\\\/uploads\\\/2021\\\/04\\\/Lakrids-Baerries-Wild-Blueberry-Regular.png\",\"datePublished\":\"2020-04-24T09:17:28+00:00\",\"dateModified\":\"2026-03-31T19:01:01+00:00\",\"breadcrumb\":{\"@id\":\"https:\\\/\\\/www.hosgreta.se\\\/shop\\\/produkt\\\/lakrids-baerries-wild-blueberry-regular\\\/#breadcrumb\"},\"inLanguage\":\"sv-SE\",\"potentialAction\":[{\"@type\":\"ReadAction\",\"target\":[\"https:\\\/\\\/www.hosgreta.se\\\/shop\\\/produkt\\\/lakrids-baerries-wild-blueberry-regular\\\/\"]}]},{\"@type\":\"ImageObject\",\"inLanguage\":\"sv-SE\",\"@id\":\"https:\\\/\\\/www.hosgreta.se\\\/shop\\\/produkt\\\/lakrids-baerries-wild-blueberry-regular\\\/#primaryimage\",\"url\":\"https:\\\/\\\/www.hosgreta.se\\\/shop\\\/wp-content\\\/uploads\\\/2021\\\/04\\\/Lakrids-Baerries-Wild-Blueberry-Regular.png\",\"contentUrl\":\"https:\\\/\\\/www.hosgreta.se\\\/shop\\\/wp-content\\\/uploads\\\/2021\\\/04\\\/Lakrids-Baerries-Wild-Blueberry-Regular.png\",\"width\":800,\"height\":800,\"caption\":\"Lakrids B\u00e6rries Wild Blueberry Regular\"},{\"@type\":\"BreadcrumbList\",\"@id\":\"https:\\\/\\\/www.hosgreta.se\\\/shop\\\/produkt\\\/lakrids-baerries-wild-blueberry-regular\\\/#breadcrumb\",\"itemListElement\":[{\"@type\":\"ListItem\",\"position\":1,\"name\":\"Hem\",\"item\":\"https:\\\/\\\/www.hosgreta.se\\\/shop\\\/\"},{\"@type\":\"ListItem\",\"position\":2,\"name\":\"Shop\",\"item\":\"https:\\\/\\\/www.hosgreta.se\\\/shop\\\/shop\\\/\"},{\"@type\":\"ListItem\",\"position\":3,\"name\":\"Lakrids B\u00e6rries Wild Blueberry Regular\"}]},{\"@type\":\"WebSite\",\"@id\":\"https:\\\/\\\/www.hosgreta.se\\\/shop\\\/#website\",\"url\":\"https:\\\/\\\/www.hosgreta.se\\\/shop\\\/\",\"name\":\"Hos Greta\",\"description\":\"Vi v\u00e4ljer ut v\u00e5ra varum\u00e4rken med stor omsorg.\",\"publisher\":{\"@id\":\"https:\\\/\\\/www.hosgreta.se\\\/shop\\\/#organization\"},\"potentialAction\":[{\"@type\":\"SearchAction\",\"target\":{\"@type\":\"EntryPoint\",\"urlTemplate\":\"https:\\\/\\\/www.hosgreta.se\\\/shop\\\/?s={search_term_string}\"},\"query-input\":{\"@type\":\"PropertyValueSpecification\",\"valueRequired\":true,\"valueName\":\"search_term_string\"}}],\"inLanguage\":\"sv-SE\"},{\"@type\":\"Organization\",\"@id\":\"https:\\\/\\\/www.hosgreta.se\\\/shop\\\/#organization\",\"name\":\"Hos Greta\",\"url\":\"https:\\\/\\\/www.hosgreta.se\\\/shop\\\/\",\"logo\":{\"@type\":\"ImageObject\",\"inLanguage\":\"sv-SE\",\"@id\":\"https:\\\/\\\/www.hosgreta.se\\\/shop\\\/#\\\/schema\\\/logo\\\/image\\\/\",\"url\":\"https:\\\/\\\/www.hosgreta.se\\\/shop\\\/wp-content\\\/uploads\\\/2018\\\/03\\\/Logo_HosGreta_svart.png\",\"contentUrl\":\"https:\\\/\\\/www.hosgreta.se\\\/shop\\\/wp-content\\\/uploads\\\/2018\\\/03\\\/Logo_HosGreta_svart.png\",\"width\":851,\"height\":851,\"caption\":\"Hos Greta\"},\"image\":{\"@id\":\"https:\\\/\\\/www.hosgreta.se\\\/shop\\\/#\\\/schema\\\/logo\\\/image\\\/\"},\"sameAs\":[\"https:\\\/\\\/www.facebook.com\\\/hosgreta\",\"https:\\\/\\\/www.instagram.com\\\/hosgreta\"]}]}<\/script>\n<!-- \/ Yoast SEO plugin. -->","yoast_head_json":{"title":"Lakrids B\u00e6rries Wild Blueberry Regular - Hos Greta","robots":{"index":"index","follow":"follow","max-snippet":"max-snippet:-1","max-image-preview":"max-image-preview:large","max-video-preview":"max-video-preview:-1"},"canonical":"https:\/\/www.hosgreta.se\/shop\/produkt\/lakrids-baerries-wild-blueberry-regular\/","og_locale":"sv_SE","og_type":"article","og_title":"Lakrids B\u00e6rries Wild Blueberry Regular - Hos Greta","og_description":"Som en hyllning till den skandinaviska traditionen har dessa vilda bl\u00e5b\u00e4r handplockats l\u00e5ngt in i skogen. Bl\u00e5b\u00e4ren \u00e4r milda och underbart s\u00f6ta samtidigt som de tillf\u00f6r en l\u00e4tt syra, vilket \u00e4r en perfekt balans till dulche-chokladen som omger den s\u00f6ta lakritsk\u00e4rnan. Den h\u00e4r produkten \u00e4r klar och l\u00e4tt, precis som en perfekt sommarkv\u00e4ll.","og_url":"https:\/\/www.hosgreta.se\/shop\/produkt\/lakrids-baerries-wild-blueberry-regular\/","og_site_name":"Hos Greta","article_publisher":"https:\/\/www.facebook.com\/hosgreta","article_modified_time":"2026-03-31T19:01:01+00:00","og_image":[{"width":800,"height":800,"url":"https:\/\/www.hosgreta.se\/shop\/wp-content\/uploads\/2021\/04\/Lakrids-Baerries-Wild-Blueberry-Regular.png","type":"image\/png"}],"twitter_card":"summary_large_image","schema":{"@context":"https:\/\/schema.org","@graph":[{"@type":"WebPage","@id":"https:\/\/www.hosgreta.se\/shop\/produkt\/lakrids-baerries-wild-blueberry-regular\/","url":"https:\/\/www.hosgreta.se\/shop\/produkt\/lakrids-baerries-wild-blueberry-regular\/","name":"Lakrids B\u00e6rries Wild Blueberry Regular - Hos Greta","isPartOf":{"@id":"https:\/\/www.hosgreta.se\/shop\/#website"},"primaryImageOfPage":{"@id":"https:\/\/www.hosgreta.se\/shop\/produkt\/lakrids-baerries-wild-blueberry-regular\/#primaryimage"},"image":{"@id":"https:\/\/www.hosgreta.se\/shop\/produkt\/lakrids-baerries-wild-blueberry-regular\/#primaryimage"},"thumbnailUrl":"https:\/\/www.hosgreta.se\/shop\/wp-content\/uploads\/2021\/04\/Lakrids-Baerries-Wild-Blueberry-Regular.png","datePublished":"2020-04-24T09:17:28+00:00","dateModified":"2026-03-31T19:01:01+00:00","breadcrumb":{"@id":"https:\/\/www.hosgreta.se\/shop\/produkt\/lakrids-baerries-wild-blueberry-regular\/#breadcrumb"},"inLanguage":"sv-SE","potentialAction":[{"@type":"ReadAction","target":["https:\/\/www.hosgreta.se\/shop\/produkt\/lakrids-baerries-wild-blueberry-regular\/"]}]},{"@type":"ImageObject","inLanguage":"sv-SE","@id":"https:\/\/www.hosgreta.se\/shop\/produkt\/lakrids-baerries-wild-blueberry-regular\/#primaryimage","url":"https:\/\/www.hosgreta.se\/shop\/wp-content\/uploads\/2021\/04\/Lakrids-Baerries-Wild-Blueberry-Regular.png","contentUrl":"https:\/\/www.hosgreta.se\/shop\/wp-content\/uploads\/2021\/04\/Lakrids-Baerries-Wild-Blueberry-Regular.png","width":800,"height":800,"caption":"Lakrids B\u00e6rries Wild Blueberry Regular"},{"@type":"BreadcrumbList","@id":"https:\/\/www.hosgreta.se\/shop\/produkt\/lakrids-baerries-wild-blueberry-regular\/#breadcrumb","itemListElement":[{"@type":"ListItem","position":1,"name":"Hem","item":"https:\/\/www.hosgreta.se\/shop\/"},{"@type":"ListItem","position":2,"name":"Shop","item":"https:\/\/www.hosgreta.se\/shop\/shop\/"},{"@type":"ListItem","position":3,"name":"Lakrids B\u00e6rries Wild Blueberry Regular"}]},{"@type":"WebSite","@id":"https:\/\/www.hosgreta.se\/shop\/#website","url":"https:\/\/www.hosgreta.se\/shop\/","name":"Hos Greta","description":"Vi v\u00e4ljer ut v\u00e5ra varum\u00e4rken med stor omsorg.","publisher":{"@id":"https:\/\/www.hosgreta.se\/shop\/#organization"},"potentialAction":[{"@type":"SearchAction","target":{"@type":"EntryPoint","urlTemplate":"https:\/\/www.hosgreta.se\/shop\/?s={search_term_string}"},"query-input":{"@type":"PropertyValueSpecification","valueRequired":true,"valueName":"search_term_string"}}],"inLanguage":"sv-SE"},{"@type":"Organization","@id":"https:\/\/www.hosgreta.se\/shop\/#organization","name":"Hos Greta","url":"https:\/\/www.hosgreta.se\/shop\/","logo":{"@type":"ImageObject","inLanguage":"sv-SE","@id":"https:\/\/www.hosgreta.se\/shop\/#\/schema\/logo\/image\/","url":"https:\/\/www.hosgreta.se\/shop\/wp-content\/uploads\/2018\/03\/Logo_HosGreta_svart.png","contentUrl":"https:\/\/www.hosgreta.se\/shop\/wp-content\/uploads\/2018\/03\/Logo_HosGreta_svart.png","width":851,"height":851,"caption":"Hos Greta"},"image":{"@id":"https:\/\/www.hosgreta.se\/shop\/#\/schema\/logo\/image\/"},"sameAs":["https:\/\/www.facebook.com\/hosgreta","https:\/\/www.instagram.com\/hosgreta"]}]}},"kroconnect":{"tax_rate":6,"price_inc_vat":{"regular_price":165},"price_ex_vat":{"regular_price":155.660377}},"brands":[{"id":175,"name":"Lakrids by Johan B\u00fclow","slug":"lakrids-by-johan-bulow"}],"_links":{"self":[{"href":"https:\/\/www.hosgreta.se\/shop\/wp-json\/wp\/v2\/product\/156657","targetHints":{"allow":["GET"]}}],"collection":[{"href":"https:\/\/www.hosgreta.se\/shop\/wp-json\/wp\/v2\/product"}],"about":[{"href":"https:\/\/www.hosgreta.se\/shop\/wp-json\/wp\/v2\/types\/product"}],"replies":[{"embeddable":true,"href":"https:\/\/www.hosgreta.se\/shop\/wp-json\/wp\/v2\/comments?post=156657"}],"wp:featuredmedia":[{"embeddable":true,"href":"https:\/\/www.hosgreta.se\/shop\/wp-json\/wp\/v2\/media\/239425"}],"wp:attachment":[{"href":"https:\/\/www.hosgreta.se\/shop\/wp-json\/wp\/v2\/media?parent=156657"}],"wp:term":[{"taxonomy":"pwb-brand","embeddable":true,"href":"https:\/\/www.hosgreta.se\/shop\/wp-json\/wp\/v2\/pwb-brand?post=156657"},{"taxonomy":"product_brand","embeddable":true,"href":"https:\/\/www.hosgreta.se\/shop\/wp-json\/wp\/v2\/product_brand?post=156657"},{"taxonomy":"product_cat","embeddable":true,"href":"https:\/\/www.hosgreta.se\/shop\/wp-json\/wp\/v2\/product_cat?post=156657"},{"taxonomy":"product_tag","embeddable":true,"href":"https:\/\/www.hosgreta.se\/shop\/wp-json\/wp\/v2\/product_tag?post=156657"}],"curies":[{"name":"wp","href":"https:\/\/api.w.org\/{rel}","templated":true}]}}