{"id":165345,"date":"2020-06-02T09:18:23","date_gmt":"2020-06-02T07:18:23","guid":{"rendered":"https:\/\/www.hosgreta.se\/shop\/?post_type=product&#038;p=165345"},"modified":"2024-07-09T21:45:31","modified_gmt":"2024-07-09T19:45:31","slug":"maja-maika-bivaxfolie-5-pack","status":"publish","type":"product","link":"https:\/\/www.hosgreta.se\/shop\/produkt\/maja-maika-bivaxfolie-5-pack\/","title":{"rendered":"Maja &amp; Maika Bivaxfolie 5-pack"},"content":{"rendered":"<p>Pack med 5 i blandade storlekar och f\u00e4rger. Alla olika men alla lika bra!<br \/>\nInga best\u00e4mda storlekar eller f\u00e4rger eftersom 5-packen \u00e4r vad som blir \u00f6ver n\u00e4r vi g\u00f6r 3-packen = inget svinn. I varje 5-pack \u00e4r det varierande storlekar med den st\u00f6rsta som t\u00e4cker runt en mindre sk\u00e5l ner till den minsta som t\u00e4cker en halv citron. OBS! F\u00c4RGERNA P\u00c5 BILDERNA \u00c4R EXEMPEL OCH VARIERAR MELLAN PAKETEN D\u00c5 DE G\u00d6RS AV RESTPRODUKTER!<\/p>\n<p>F\u00e4rg: Mix<\/p>\n<p>Bivaxfolie\/bivaxduk \u00e4r ett naturligt och \u00e5teranv\u00e4ndbart alternativ till plast- och aluminiumfolie. Du kan anv\u00e4nda det till att sl\u00e5 in br\u00f6d, ost, gr\u00f6nsaker, frukt eller f\u00f6r att t\u00e4cka en sk\u00e5l. Bivaxduken \/ bivaxfolien \u00e4r tillverkade av bomull som behandlats med en blandning av bivax, k\u00e5da och kokosolja. Kombinationen har tack vare bivaxet och kokosoljans antibakteriella egenskaper en mycket god f\u00f6rm\u00e5ga att h\u00e5lla dina matvaror fr\u00e4scha.<br \/>\nBestrykningen med bivax g\u00f6r de l\u00e4tta att reng\u00f6ra s\u00e5 att du kan \u00e5teranv\u00e4nda dem. Sl\u00e5 in din produkt och v\u00e4rm arket med handen s\u00e5 h\u00e5lls det p\u00e5 plats. Ska du t\u00e4cka en sk\u00e5l s\u00e5 l\u00e4gger du p\u00e5 arket och v\u00e4rmer sedan ner det runt kanten med handen. Om de sk\u00f6ts p\u00e5 r\u00e4tt s\u00e4tt s\u00e5 kan de h\u00e5lla upp till 1 \u00e5r. Efter det kan man behandla dem igen med en bivaxblandning.<\/p>\n<p>Handtv\u00e4tta dukarna i kallt vatten med ett milt, milj\u00f6v\u00e4nligt diskmedel. L\u00e5t dem lufttorka eller torka av med handduk.<br \/>\nEj l\u00e4mplig f\u00f6r diskmaskin, mikrov\u00e5gsugn, direkt v\u00e4rme eller h\u00f6ga temperaturer. Undvik direktkontakt med r\u00e5tt k\u00f6tt\/fisk.<\/p>\n<p>Du kan anv\u00e4nda din bivaxfolie\/bivaxduk upp till ett \u00e5r om du sk\u00f6ter den p\u00e5 r\u00e4tt s\u00e4tt.<br \/>\n\u2022 Handtv\u00e4tta bivaxfolien\/bivaxduken i kallt vatten med ett milt, milj\u00f6v\u00e4nligt diskmedel<br \/>\n\u2022 L\u00e5t dukarna lufttorka eller torka av dem med en handduk<br \/>\n\u2022 Bivaxfolien \u00e4r ej l\u00e4mplig f\u00f6r diskmaskin, mikrov\u00e5gsugn, direkt v\u00e4rme eller h\u00f6ga temperaturer<br \/>\n\u2022 H\u00e4ng den ej \u00f6ver kranen i k\u00f6ket f\u00f6r att torka, n\u00e4r man spolar med varmt vatten s\u00e5 sm\u00e4lter bivaxblandningen och hamnar p\u00e5 kranen. Om detta har h\u00e4nt, v\u00e4rm upp kranen genom att spola varmt vatten. Tag sedan en trasa och torka\/gnugga bort bivaxet.<br \/>\n\u2022 Undvik direktkontakt med r\u00e5tt k\u00f6tt<\/p>\n<p>Efter mycket anv\u00e4ndning kan man behandla tyget igen f\u00f6r att kunna forts\u00e4tta anv\u00e4nda bivaxfolien\/bivaxduken. G\u00f6r s\u00e5 h\u00e4r:<br \/>\n\u2022 L\u00e4gg bivaxfolien\/bivaxduken mellan tv\u00e5 bakpl\u00e5tspapper<br \/>\n\u2022 Stryk med strykj\u00e4rnet p\u00e5 svag v\u00e4rmen<br \/>\n\u2022 V\u00e4rmen g\u00f6r att bivaxblandningen sm\u00e4lter och kommer upp ur tygfibrerna igen<br \/>\n\u2022 L\u00e5t bivaxfolien\/bivaxduken stelna och sen \u00e4r den redo att anv\u00e4ndas igen.<\/p>\n<p>Alla f\u00f6rvarar sina bivaxfolier\/bivaxdukar olika. Ett tips \u00e4r att l\u00e4gga bivaxfolien i l\u00e5dan d\u00e4r man brukade ha plastp\u00e5sar och plastfolie. D\u00e5 p\u00e5minns man att anv\u00e4nda dem ist\u00e4llet f\u00f6r plastfolien.<\/p>\n","protected":false},"excerpt":{"rendered":"<p>Bivaxfolie tillverkad av 100% bomull, ekologiskt bivax, ekologisk tallk\u00e5da och ekologisk kokosolja.<br \/>\nTv\u00e4tta med milt, milj\u00f6v\u00e4nligt diskmedel &#038; kallt vatten. Inte l\u00e4mpligt f\u00f6r r\u00e5tt k\u00f6tt. Undvik v\u00e4rme. Handgjord i G\u00f6teborg.<\/p>\n","protected":false},"featured_media":275025,"comment_status":"closed","ping_status":"closed","template":"","meta":[],"pwb-brand":[309],"product_brand":[],"product_cat":[74,108],"product_tag":[],"class_list":{"0":"post-165345","1":"product","2":"type-product","3":"status-publish","4":"has-post-thumbnail","6":"pwb-brand-maja-maika","7":"product_cat-inredning","8":"product_cat-for-koket","10":"first","11":"outofstock","12":"taxable","13":"shipping-taxable","14":"purchasable","15":"product-type-simple"},"yoast_head":"<!-- This site is optimized with the Yoast SEO plugin v27.4 - https:\/\/yoast.com\/product\/yoast-seo-wordpress\/ -->\n<title>Maja &amp; Maika Bivaxfolie 5-pack - Hos Greta<\/title>\n<meta name=\"robots\" content=\"index, follow, max-snippet:-1, max-image-preview:large, max-video-preview:-1\" \/>\n<link rel=\"canonical\" href=\"https:\/\/www.hosgreta.se\/shop\/produkt\/maja-maika-bivaxfolie-5-pack\/\" \/>\n<meta property=\"og:locale\" content=\"sv_SE\" \/>\n<meta property=\"og:type\" content=\"article\" \/>\n<meta property=\"og:title\" content=\"Maja &amp; Maika Bivaxfolie 5-pack - Hos Greta\" \/>\n<meta property=\"og:description\" content=\"Bivaxfolie tillverkad av 100% bomull, ekologiskt bivax, ekologisk tallk\u00e5da och ekologisk kokosolja. Tv\u00e4tta med milt, milj\u00f6v\u00e4nligt diskmedel &amp; kallt vatten. Inte l\u00e4mpligt f\u00f6r r\u00e5tt k\u00f6tt. Undvik v\u00e4rme. Handgjord i G\u00f6teborg.\" \/>\n<meta property=\"og:url\" content=\"https:\/\/www.hosgreta.se\/shop\/produkt\/maja-maika-bivaxfolie-5-pack\/\" \/>\n<meta property=\"og:site_name\" content=\"Hos Greta\" \/>\n<meta property=\"article:publisher\" content=\"https:\/\/www.facebook.com\/hosgreta\" \/>\n<meta property=\"article:modified_time\" content=\"2024-07-09T19:45:31+00:00\" \/>\n<meta property=\"og:image\" content=\"https:\/\/www.hosgreta.se\/shop\/wp-content\/uploads\/2021\/10\/Maja-Maika-Bivaxfolie-5-pack-b.jpeg\" \/>\n\t<meta property=\"og:image:width\" content=\"800\" \/>\n\t<meta property=\"og:image:height\" content=\"800\" \/>\n\t<meta property=\"og:image:type\" content=\"image\/jpeg\" \/>\n<meta name=\"twitter:card\" content=\"summary_large_image\" \/>\n<meta name=\"twitter:label1\" content=\"Ber\u00e4knad l\u00e4stid\" \/>\n\t<meta name=\"twitter:data1\" content=\"3 minuter\" \/>\n<script type=\"application\/ld+json\" class=\"yoast-schema-graph\">{\"@context\":\"https:\\\/\\\/schema.org\",\"@graph\":[{\"@type\":\"WebPage\",\"@id\":\"https:\\\/\\\/www.hosgreta.se\\\/shop\\\/produkt\\\/maja-maika-bivaxfolie-5-pack\\\/\",\"url\":\"https:\\\/\\\/www.hosgreta.se\\\/shop\\\/produkt\\\/maja-maika-bivaxfolie-5-pack\\\/\",\"name\":\"Maja &amp; Maika Bivaxfolie 5-pack - Hos Greta\",\"isPartOf\":{\"@id\":\"https:\\\/\\\/www.hosgreta.se\\\/shop\\\/#website\"},\"primaryImageOfPage\":{\"@id\":\"https:\\\/\\\/www.hosgreta.se\\\/shop\\\/produkt\\\/maja-maika-bivaxfolie-5-pack\\\/#primaryimage\"},\"image\":{\"@id\":\"https:\\\/\\\/www.hosgreta.se\\\/shop\\\/produkt\\\/maja-maika-bivaxfolie-5-pack\\\/#primaryimage\"},\"thumbnailUrl\":\"https:\\\/\\\/www.hosgreta.se\\\/shop\\\/wp-content\\\/uploads\\\/2021\\\/10\\\/Maja-Maika-Bivaxfolie-5-pack-b.jpeg\",\"datePublished\":\"2020-06-02T07:18:23+00:00\",\"dateModified\":\"2024-07-09T19:45:31+00:00\",\"breadcrumb\":{\"@id\":\"https:\\\/\\\/www.hosgreta.se\\\/shop\\\/produkt\\\/maja-maika-bivaxfolie-5-pack\\\/#breadcrumb\"},\"inLanguage\":\"sv-SE\",\"potentialAction\":[{\"@type\":\"ReadAction\",\"target\":[\"https:\\\/\\\/www.hosgreta.se\\\/shop\\\/produkt\\\/maja-maika-bivaxfolie-5-pack\\\/\"]}]},{\"@type\":\"ImageObject\",\"inLanguage\":\"sv-SE\",\"@id\":\"https:\\\/\\\/www.hosgreta.se\\\/shop\\\/produkt\\\/maja-maika-bivaxfolie-5-pack\\\/#primaryimage\",\"url\":\"https:\\\/\\\/www.hosgreta.se\\\/shop\\\/wp-content\\\/uploads\\\/2021\\\/10\\\/Maja-Maika-Bivaxfolie-5-pack-b.jpeg\",\"contentUrl\":\"https:\\\/\\\/www.hosgreta.se\\\/shop\\\/wp-content\\\/uploads\\\/2021\\\/10\\\/Maja-Maika-Bivaxfolie-5-pack-b.jpeg\",\"width\":800,\"height\":800},{\"@type\":\"BreadcrumbList\",\"@id\":\"https:\\\/\\\/www.hosgreta.se\\\/shop\\\/produkt\\\/maja-maika-bivaxfolie-5-pack\\\/#breadcrumb\",\"itemListElement\":[{\"@type\":\"ListItem\",\"position\":1,\"name\":\"Hem\",\"item\":\"https:\\\/\\\/www.hosgreta.se\\\/shop\\\/\"},{\"@type\":\"ListItem\",\"position\":2,\"name\":\"Shop\",\"item\":\"https:\\\/\\\/www.hosgreta.se\\\/shop\\\/shop\\\/\"},{\"@type\":\"ListItem\",\"position\":3,\"name\":\"Maja &amp; Maika Bivaxfolie 5-pack\"}]},{\"@type\":\"WebSite\",\"@id\":\"https:\\\/\\\/www.hosgreta.se\\\/shop\\\/#website\",\"url\":\"https:\\\/\\\/www.hosgreta.se\\\/shop\\\/\",\"name\":\"Hos Greta\",\"description\":\"Vi v\u00e4ljer ut v\u00e5ra varum\u00e4rken med stor omsorg.\",\"publisher\":{\"@id\":\"https:\\\/\\\/www.hosgreta.se\\\/shop\\\/#organization\"},\"potentialAction\":[{\"@type\":\"SearchAction\",\"target\":{\"@type\":\"EntryPoint\",\"urlTemplate\":\"https:\\\/\\\/www.hosgreta.se\\\/shop\\\/?s={search_term_string}\"},\"query-input\":{\"@type\":\"PropertyValueSpecification\",\"valueRequired\":true,\"valueName\":\"search_term_string\"}}],\"inLanguage\":\"sv-SE\"},{\"@type\":\"Organization\",\"@id\":\"https:\\\/\\\/www.hosgreta.se\\\/shop\\\/#organization\",\"name\":\"Hos Greta\",\"url\":\"https:\\\/\\\/www.hosgreta.se\\\/shop\\\/\",\"logo\":{\"@type\":\"ImageObject\",\"inLanguage\":\"sv-SE\",\"@id\":\"https:\\\/\\\/www.hosgreta.se\\\/shop\\\/#\\\/schema\\\/logo\\\/image\\\/\",\"url\":\"https:\\\/\\\/www.hosgreta.se\\\/shop\\\/wp-content\\\/uploads\\\/2018\\\/03\\\/Logo_HosGreta_svart.png\",\"contentUrl\":\"https:\\\/\\\/www.hosgreta.se\\\/shop\\\/wp-content\\\/uploads\\\/2018\\\/03\\\/Logo_HosGreta_svart.png\",\"width\":851,\"height\":851,\"caption\":\"Hos Greta\"},\"image\":{\"@id\":\"https:\\\/\\\/www.hosgreta.se\\\/shop\\\/#\\\/schema\\\/logo\\\/image\\\/\"},\"sameAs\":[\"https:\\\/\\\/www.facebook.com\\\/hosgreta\",\"https:\\\/\\\/www.instagram.com\\\/hosgreta\"]}]}<\/script>\n<!-- \/ Yoast SEO plugin. -->","yoast_head_json":{"title":"Maja &amp; Maika Bivaxfolie 5-pack - Hos Greta","robots":{"index":"index","follow":"follow","max-snippet":"max-snippet:-1","max-image-preview":"max-image-preview:large","max-video-preview":"max-video-preview:-1"},"canonical":"https:\/\/www.hosgreta.se\/shop\/produkt\/maja-maika-bivaxfolie-5-pack\/","og_locale":"sv_SE","og_type":"article","og_title":"Maja &amp; Maika Bivaxfolie 5-pack - Hos Greta","og_description":"Bivaxfolie tillverkad av 100% bomull, ekologiskt bivax, ekologisk tallk\u00e5da och ekologisk kokosolja. Tv\u00e4tta med milt, milj\u00f6v\u00e4nligt diskmedel & kallt vatten. Inte l\u00e4mpligt f\u00f6r r\u00e5tt k\u00f6tt. Undvik v\u00e4rme. Handgjord i G\u00f6teborg.","og_url":"https:\/\/www.hosgreta.se\/shop\/produkt\/maja-maika-bivaxfolie-5-pack\/","og_site_name":"Hos Greta","article_publisher":"https:\/\/www.facebook.com\/hosgreta","article_modified_time":"2024-07-09T19:45:31+00:00","og_image":[{"width":800,"height":800,"url":"https:\/\/www.hosgreta.se\/shop\/wp-content\/uploads\/2021\/10\/Maja-Maika-Bivaxfolie-5-pack-b.jpeg","type":"image\/jpeg"}],"twitter_card":"summary_large_image","twitter_misc":{"Ber\u00e4knad l\u00e4stid":"3 minuter"},"schema":{"@context":"https:\/\/schema.org","@graph":[{"@type":"WebPage","@id":"https:\/\/www.hosgreta.se\/shop\/produkt\/maja-maika-bivaxfolie-5-pack\/","url":"https:\/\/www.hosgreta.se\/shop\/produkt\/maja-maika-bivaxfolie-5-pack\/","name":"Maja &amp; Maika Bivaxfolie 5-pack - Hos Greta","isPartOf":{"@id":"https:\/\/www.hosgreta.se\/shop\/#website"},"primaryImageOfPage":{"@id":"https:\/\/www.hosgreta.se\/shop\/produkt\/maja-maika-bivaxfolie-5-pack\/#primaryimage"},"image":{"@id":"https:\/\/www.hosgreta.se\/shop\/produkt\/maja-maika-bivaxfolie-5-pack\/#primaryimage"},"thumbnailUrl":"https:\/\/www.hosgreta.se\/shop\/wp-content\/uploads\/2021\/10\/Maja-Maika-Bivaxfolie-5-pack-b.jpeg","datePublished":"2020-06-02T07:18:23+00:00","dateModified":"2024-07-09T19:45:31+00:00","breadcrumb":{"@id":"https:\/\/www.hosgreta.se\/shop\/produkt\/maja-maika-bivaxfolie-5-pack\/#breadcrumb"},"inLanguage":"sv-SE","potentialAction":[{"@type":"ReadAction","target":["https:\/\/www.hosgreta.se\/shop\/produkt\/maja-maika-bivaxfolie-5-pack\/"]}]},{"@type":"ImageObject","inLanguage":"sv-SE","@id":"https:\/\/www.hosgreta.se\/shop\/produkt\/maja-maika-bivaxfolie-5-pack\/#primaryimage","url":"https:\/\/www.hosgreta.se\/shop\/wp-content\/uploads\/2021\/10\/Maja-Maika-Bivaxfolie-5-pack-b.jpeg","contentUrl":"https:\/\/www.hosgreta.se\/shop\/wp-content\/uploads\/2021\/10\/Maja-Maika-Bivaxfolie-5-pack-b.jpeg","width":800,"height":800},{"@type":"BreadcrumbList","@id":"https:\/\/www.hosgreta.se\/shop\/produkt\/maja-maika-bivaxfolie-5-pack\/#breadcrumb","itemListElement":[{"@type":"ListItem","position":1,"name":"Hem","item":"https:\/\/www.hosgreta.se\/shop\/"},{"@type":"ListItem","position":2,"name":"Shop","item":"https:\/\/www.hosgreta.se\/shop\/shop\/"},{"@type":"ListItem","position":3,"name":"Maja &amp; Maika Bivaxfolie 5-pack"}]},{"@type":"WebSite","@id":"https:\/\/www.hosgreta.se\/shop\/#website","url":"https:\/\/www.hosgreta.se\/shop\/","name":"Hos Greta","description":"Vi v\u00e4ljer ut v\u00e5ra varum\u00e4rken med stor omsorg.","publisher":{"@id":"https:\/\/www.hosgreta.se\/shop\/#organization"},"potentialAction":[{"@type":"SearchAction","target":{"@type":"EntryPoint","urlTemplate":"https:\/\/www.hosgreta.se\/shop\/?s={search_term_string}"},"query-input":{"@type":"PropertyValueSpecification","valueRequired":true,"valueName":"search_term_string"}}],"inLanguage":"sv-SE"},{"@type":"Organization","@id":"https:\/\/www.hosgreta.se\/shop\/#organization","name":"Hos Greta","url":"https:\/\/www.hosgreta.se\/shop\/","logo":{"@type":"ImageObject","inLanguage":"sv-SE","@id":"https:\/\/www.hosgreta.se\/shop\/#\/schema\/logo\/image\/","url":"https:\/\/www.hosgreta.se\/shop\/wp-content\/uploads\/2018\/03\/Logo_HosGreta_svart.png","contentUrl":"https:\/\/www.hosgreta.se\/shop\/wp-content\/uploads\/2018\/03\/Logo_HosGreta_svart.png","width":851,"height":851,"caption":"Hos Greta"},"image":{"@id":"https:\/\/www.hosgreta.se\/shop\/#\/schema\/logo\/image\/"},"sameAs":["https:\/\/www.facebook.com\/hosgreta","https:\/\/www.instagram.com\/hosgreta"]}]}},"kroconnect":{"tax_rate":25,"price_inc_vat":{"regular_price":249},"price_ex_vat":{"regular_price":199.2}},"brands":[{"id":309,"name":"Maja &amp; Maika","slug":"maja-maika"}],"_links":{"self":[{"href":"https:\/\/www.hosgreta.se\/shop\/wp-json\/wp\/v2\/product\/165345","targetHints":{"allow":["GET"]}}],"collection":[{"href":"https:\/\/www.hosgreta.se\/shop\/wp-json\/wp\/v2\/product"}],"about":[{"href":"https:\/\/www.hosgreta.se\/shop\/wp-json\/wp\/v2\/types\/product"}],"replies":[{"embeddable":true,"href":"https:\/\/www.hosgreta.se\/shop\/wp-json\/wp\/v2\/comments?post=165345"}],"wp:featuredmedia":[{"embeddable":true,"href":"https:\/\/www.hosgreta.se\/shop\/wp-json\/wp\/v2\/media\/275025"}],"wp:attachment":[{"href":"https:\/\/www.hosgreta.se\/shop\/wp-json\/wp\/v2\/media?parent=165345"}],"wp:term":[{"taxonomy":"pwb-brand","embeddable":true,"href":"https:\/\/www.hosgreta.se\/shop\/wp-json\/wp\/v2\/pwb-brand?post=165345"},{"taxonomy":"product_brand","embeddable":true,"href":"https:\/\/www.hosgreta.se\/shop\/wp-json\/wp\/v2\/product_brand?post=165345"},{"taxonomy":"product_cat","embeddable":true,"href":"https:\/\/www.hosgreta.se\/shop\/wp-json\/wp\/v2\/product_cat?post=165345"},{"taxonomy":"product_tag","embeddable":true,"href":"https:\/\/www.hosgreta.se\/shop\/wp-json\/wp\/v2\/product_tag?post=165345"}],"curies":[{"name":"wp","href":"https:\/\/api.w.org\/{rel}","templated":true}]}}