{"id":168872,"date":"2020-06-16T23:11:43","date_gmt":"2020-06-16T21:11:43","guid":{"rendered":"https:\/\/www.hosgreta.se\/shop\/?post_type=product&#038;p=168872"},"modified":"2026-04-08T18:32:17","modified_gmt":"2026-04-08T16:32:17","slug":"washologi-fintvatt-750-ml","status":"publish","type":"product","link":"https:\/\/www.hosgreta.se\/shop\/produkt\/washologi-fintvatt-750-ml\/","title":{"rendered":"Washologi Fintv\u00e4tt 750 ml"},"content":{"rendered":"<p>750 ml<br \/>\nInneh\u00e5ller: Nonjoniska tensider, Anjoniska tensider, Amfot\u00e4ra tensider, tv\u00e5l, parfym, konserveringsmedel.<\/p>\n","protected":false},"excerpt":{"rendered":"<p>Washologis Fintv\u00e4tt \u00e4r speciellt framtaget till de av dina kl\u00e4der som beh\u00f6ver extra omsorg i form av ett enzymfritt tv\u00e4ttmedel. Tv\u00e4ttmedlet passar utm\u00e4rkt till ull, silke, siden och andra naturliga eller k\u00e4nsliga material. Lanolin och silkesextrakt v\u00e5rdar, mjukg\u00f6r och \u00e5terfettar fibrerna. Fintv\u00e4tt inneh\u00e5ller inga blekmedel eller f\u00e4rg\u00e4mnen.<\/p>\n<p>Dosering: 30 ml per tv\u00e4tt \u2013 \u00f6ka doseringen n\u00e5got f\u00f6r h\u00e5rt smutsade eller kraftigt luktande plagg.<\/p>\n","protected":false},"featured_media":180101,"comment_status":"closed","ping_status":"closed","template":"","meta":[],"pwb-brand":[311],"product_brand":[],"product_cat":[74],"product_tag":[],"class_list":{"0":"post-168872","1":"product","2":"type-product","3":"status-publish","4":"has-post-thumbnail","6":"pwb-brand-washologi","7":"product_cat-inredning","9":"first","10":"instock","11":"taxable","12":"shipping-taxable","13":"purchasable","14":"product-type-simple"},"yoast_head":"<!-- This site is optimized with the Yoast SEO plugin v27.4 - https:\/\/yoast.com\/product\/yoast-seo-wordpress\/ -->\n<title>Washologi Fintv\u00e4tt 750 ml - Hos Greta<\/title>\n<meta name=\"robots\" content=\"index, follow, max-snippet:-1, max-image-preview:large, max-video-preview:-1\" \/>\n<link rel=\"canonical\" href=\"https:\/\/www.hosgreta.se\/shop\/produkt\/washologi-fintvatt-750-ml\/\" \/>\n<meta property=\"og:locale\" content=\"sv_SE\" \/>\n<meta property=\"og:type\" content=\"article\" \/>\n<meta property=\"og:title\" content=\"Washologi Fintv\u00e4tt 750 ml - Hos Greta\" \/>\n<meta property=\"og:description\" content=\"Washologis Fintv\u00e4tt \u00e4r speciellt framtaget till de av dina kl\u00e4der som beh\u00f6ver extra omsorg i form av ett enzymfritt tv\u00e4ttmedel. Tv\u00e4ttmedlet passar utm\u00e4rkt till ull, silke, siden och andra naturliga eller k\u00e4nsliga material. Lanolin och silkesextrakt v\u00e5rdar, mjukg\u00f6r och \u00e5terfettar fibrerna. Fintv\u00e4tt inneh\u00e5ller inga blekmedel eller f\u00e4rg\u00e4mnen.  Dosering: 30 ml per tv\u00e4tt \u2013 \u00f6ka doseringen n\u00e5got f\u00f6r h\u00e5rt smutsade eller kraftigt luktande plagg.\" \/>\n<meta property=\"og:url\" content=\"https:\/\/www.hosgreta.se\/shop\/produkt\/washologi-fintvatt-750-ml\/\" \/>\n<meta property=\"og:site_name\" content=\"Hos Greta\" \/>\n<meta property=\"article:publisher\" content=\"https:\/\/www.facebook.com\/hosgreta\" \/>\n<meta property=\"article:modified_time\" content=\"2026-04-08T16:32:17+00:00\" \/>\n<meta property=\"og:image\" content=\"https:\/\/www.hosgreta.se\/shop\/wp-content\/uploads\/2020\/08\/Washologi-Fintv\u00e4tt-750-ml.jpg\" \/>\n\t<meta property=\"og:image:width\" content=\"800\" \/>\n\t<meta property=\"og:image:height\" content=\"800\" \/>\n\t<meta property=\"og:image:type\" content=\"image\/jpeg\" \/>\n<meta name=\"twitter:card\" content=\"summary_large_image\" \/>\n<script type=\"application\/ld+json\" class=\"yoast-schema-graph\">{\"@context\":\"https:\\\/\\\/schema.org\",\"@graph\":[{\"@type\":\"WebPage\",\"@id\":\"https:\\\/\\\/www.hosgreta.se\\\/shop\\\/produkt\\\/washologi-fintvatt-750-ml\\\/\",\"url\":\"https:\\\/\\\/www.hosgreta.se\\\/shop\\\/produkt\\\/washologi-fintvatt-750-ml\\\/\",\"name\":\"Washologi Fintv\u00e4tt 750 ml - Hos Greta\",\"isPartOf\":{\"@id\":\"https:\\\/\\\/www.hosgreta.se\\\/shop\\\/#website\"},\"primaryImageOfPage\":{\"@id\":\"https:\\\/\\\/www.hosgreta.se\\\/shop\\\/produkt\\\/washologi-fintvatt-750-ml\\\/#primaryimage\"},\"image\":{\"@id\":\"https:\\\/\\\/www.hosgreta.se\\\/shop\\\/produkt\\\/washologi-fintvatt-750-ml\\\/#primaryimage\"},\"thumbnailUrl\":\"https:\\\/\\\/www.hosgreta.se\\\/shop\\\/wp-content\\\/uploads\\\/2020\\\/08\\\/Washologi-Fintv\u00e4tt-750-ml.jpg\",\"datePublished\":\"2020-06-16T21:11:43+00:00\",\"dateModified\":\"2026-04-08T16:32:17+00:00\",\"breadcrumb\":{\"@id\":\"https:\\\/\\\/www.hosgreta.se\\\/shop\\\/produkt\\\/washologi-fintvatt-750-ml\\\/#breadcrumb\"},\"inLanguage\":\"sv-SE\",\"potentialAction\":[{\"@type\":\"ReadAction\",\"target\":[\"https:\\\/\\\/www.hosgreta.se\\\/shop\\\/produkt\\\/washologi-fintvatt-750-ml\\\/\"]}]},{\"@type\":\"ImageObject\",\"inLanguage\":\"sv-SE\",\"@id\":\"https:\\\/\\\/www.hosgreta.se\\\/shop\\\/produkt\\\/washologi-fintvatt-750-ml\\\/#primaryimage\",\"url\":\"https:\\\/\\\/www.hosgreta.se\\\/shop\\\/wp-content\\\/uploads\\\/2020\\\/08\\\/Washologi-Fintv\u00e4tt-750-ml.jpg\",\"contentUrl\":\"https:\\\/\\\/www.hosgreta.se\\\/shop\\\/wp-content\\\/uploads\\\/2020\\\/08\\\/Washologi-Fintv\u00e4tt-750-ml.jpg\",\"width\":800,\"height\":800,\"caption\":\"Washologi Fintv\u00e4tt 750 ml\"},{\"@type\":\"BreadcrumbList\",\"@id\":\"https:\\\/\\\/www.hosgreta.se\\\/shop\\\/produkt\\\/washologi-fintvatt-750-ml\\\/#breadcrumb\",\"itemListElement\":[{\"@type\":\"ListItem\",\"position\":1,\"name\":\"Hem\",\"item\":\"https:\\\/\\\/www.hosgreta.se\\\/shop\\\/\"},{\"@type\":\"ListItem\",\"position\":2,\"name\":\"Shop\",\"item\":\"https:\\\/\\\/www.hosgreta.se\\\/shop\\\/shop\\\/\"},{\"@type\":\"ListItem\",\"position\":3,\"name\":\"Washologi Fintv\u00e4tt 750 ml\"}]},{\"@type\":\"WebSite\",\"@id\":\"https:\\\/\\\/www.hosgreta.se\\\/shop\\\/#website\",\"url\":\"https:\\\/\\\/www.hosgreta.se\\\/shop\\\/\",\"name\":\"Hos Greta\",\"description\":\"Vi v\u00e4ljer ut v\u00e5ra varum\u00e4rken med stor omsorg.\",\"publisher\":{\"@id\":\"https:\\\/\\\/www.hosgreta.se\\\/shop\\\/#organization\"},\"potentialAction\":[{\"@type\":\"SearchAction\",\"target\":{\"@type\":\"EntryPoint\",\"urlTemplate\":\"https:\\\/\\\/www.hosgreta.se\\\/shop\\\/?s={search_term_string}\"},\"query-input\":{\"@type\":\"PropertyValueSpecification\",\"valueRequired\":true,\"valueName\":\"search_term_string\"}}],\"inLanguage\":\"sv-SE\"},{\"@type\":\"Organization\",\"@id\":\"https:\\\/\\\/www.hosgreta.se\\\/shop\\\/#organization\",\"name\":\"Hos Greta\",\"url\":\"https:\\\/\\\/www.hosgreta.se\\\/shop\\\/\",\"logo\":{\"@type\":\"ImageObject\",\"inLanguage\":\"sv-SE\",\"@id\":\"https:\\\/\\\/www.hosgreta.se\\\/shop\\\/#\\\/schema\\\/logo\\\/image\\\/\",\"url\":\"https:\\\/\\\/www.hosgreta.se\\\/shop\\\/wp-content\\\/uploads\\\/2018\\\/03\\\/Logo_HosGreta_svart.png\",\"contentUrl\":\"https:\\\/\\\/www.hosgreta.se\\\/shop\\\/wp-content\\\/uploads\\\/2018\\\/03\\\/Logo_HosGreta_svart.png\",\"width\":851,\"height\":851,\"caption\":\"Hos Greta\"},\"image\":{\"@id\":\"https:\\\/\\\/www.hosgreta.se\\\/shop\\\/#\\\/schema\\\/logo\\\/image\\\/\"},\"sameAs\":[\"https:\\\/\\\/www.facebook.com\\\/hosgreta\",\"https:\\\/\\\/www.instagram.com\\\/hosgreta\"]}]}<\/script>\n<!-- \/ Yoast SEO plugin. -->","yoast_head_json":{"title":"Washologi Fintv\u00e4tt 750 ml - Hos Greta","robots":{"index":"index","follow":"follow","max-snippet":"max-snippet:-1","max-image-preview":"max-image-preview:large","max-video-preview":"max-video-preview:-1"},"canonical":"https:\/\/www.hosgreta.se\/shop\/produkt\/washologi-fintvatt-750-ml\/","og_locale":"sv_SE","og_type":"article","og_title":"Washologi Fintv\u00e4tt 750 ml - Hos Greta","og_description":"Washologis Fintv\u00e4tt \u00e4r speciellt framtaget till de av dina kl\u00e4der som beh\u00f6ver extra omsorg i form av ett enzymfritt tv\u00e4ttmedel. Tv\u00e4ttmedlet passar utm\u00e4rkt till ull, silke, siden och andra naturliga eller k\u00e4nsliga material. Lanolin och silkesextrakt v\u00e5rdar, mjukg\u00f6r och \u00e5terfettar fibrerna. Fintv\u00e4tt inneh\u00e5ller inga blekmedel eller f\u00e4rg\u00e4mnen.  Dosering: 30 ml per tv\u00e4tt \u2013 \u00f6ka doseringen n\u00e5got f\u00f6r h\u00e5rt smutsade eller kraftigt luktande plagg.","og_url":"https:\/\/www.hosgreta.se\/shop\/produkt\/washologi-fintvatt-750-ml\/","og_site_name":"Hos Greta","article_publisher":"https:\/\/www.facebook.com\/hosgreta","article_modified_time":"2026-04-08T16:32:17+00:00","og_image":[{"width":800,"height":800,"url":"https:\/\/www.hosgreta.se\/shop\/wp-content\/uploads\/2020\/08\/Washologi-Fintv\u00e4tt-750-ml.jpg","type":"image\/jpeg"}],"twitter_card":"summary_large_image","schema":{"@context":"https:\/\/schema.org","@graph":[{"@type":"WebPage","@id":"https:\/\/www.hosgreta.se\/shop\/produkt\/washologi-fintvatt-750-ml\/","url":"https:\/\/www.hosgreta.se\/shop\/produkt\/washologi-fintvatt-750-ml\/","name":"Washologi Fintv\u00e4tt 750 ml - Hos Greta","isPartOf":{"@id":"https:\/\/www.hosgreta.se\/shop\/#website"},"primaryImageOfPage":{"@id":"https:\/\/www.hosgreta.se\/shop\/produkt\/washologi-fintvatt-750-ml\/#primaryimage"},"image":{"@id":"https:\/\/www.hosgreta.se\/shop\/produkt\/washologi-fintvatt-750-ml\/#primaryimage"},"thumbnailUrl":"https:\/\/www.hosgreta.se\/shop\/wp-content\/uploads\/2020\/08\/Washologi-Fintv\u00e4tt-750-ml.jpg","datePublished":"2020-06-16T21:11:43+00:00","dateModified":"2026-04-08T16:32:17+00:00","breadcrumb":{"@id":"https:\/\/www.hosgreta.se\/shop\/produkt\/washologi-fintvatt-750-ml\/#breadcrumb"},"inLanguage":"sv-SE","potentialAction":[{"@type":"ReadAction","target":["https:\/\/www.hosgreta.se\/shop\/produkt\/washologi-fintvatt-750-ml\/"]}]},{"@type":"ImageObject","inLanguage":"sv-SE","@id":"https:\/\/www.hosgreta.se\/shop\/produkt\/washologi-fintvatt-750-ml\/#primaryimage","url":"https:\/\/www.hosgreta.se\/shop\/wp-content\/uploads\/2020\/08\/Washologi-Fintv\u00e4tt-750-ml.jpg","contentUrl":"https:\/\/www.hosgreta.se\/shop\/wp-content\/uploads\/2020\/08\/Washologi-Fintv\u00e4tt-750-ml.jpg","width":800,"height":800,"caption":"Washologi Fintv\u00e4tt 750 ml"},{"@type":"BreadcrumbList","@id":"https:\/\/www.hosgreta.se\/shop\/produkt\/washologi-fintvatt-750-ml\/#breadcrumb","itemListElement":[{"@type":"ListItem","position":1,"name":"Hem","item":"https:\/\/www.hosgreta.se\/shop\/"},{"@type":"ListItem","position":2,"name":"Shop","item":"https:\/\/www.hosgreta.se\/shop\/shop\/"},{"@type":"ListItem","position":3,"name":"Washologi Fintv\u00e4tt 750 ml"}]},{"@type":"WebSite","@id":"https:\/\/www.hosgreta.se\/shop\/#website","url":"https:\/\/www.hosgreta.se\/shop\/","name":"Hos Greta","description":"Vi v\u00e4ljer ut v\u00e5ra varum\u00e4rken med stor omsorg.","publisher":{"@id":"https:\/\/www.hosgreta.se\/shop\/#organization"},"potentialAction":[{"@type":"SearchAction","target":{"@type":"EntryPoint","urlTemplate":"https:\/\/www.hosgreta.se\/shop\/?s={search_term_string}"},"query-input":{"@type":"PropertyValueSpecification","valueRequired":true,"valueName":"search_term_string"}}],"inLanguage":"sv-SE"},{"@type":"Organization","@id":"https:\/\/www.hosgreta.se\/shop\/#organization","name":"Hos Greta","url":"https:\/\/www.hosgreta.se\/shop\/","logo":{"@type":"ImageObject","inLanguage":"sv-SE","@id":"https:\/\/www.hosgreta.se\/shop\/#\/schema\/logo\/image\/","url":"https:\/\/www.hosgreta.se\/shop\/wp-content\/uploads\/2018\/03\/Logo_HosGreta_svart.png","contentUrl":"https:\/\/www.hosgreta.se\/shop\/wp-content\/uploads\/2018\/03\/Logo_HosGreta_svart.png","width":851,"height":851,"caption":"Hos Greta"},"image":{"@id":"https:\/\/www.hosgreta.se\/shop\/#\/schema\/logo\/image\/"},"sameAs":["https:\/\/www.facebook.com\/hosgreta","https:\/\/www.instagram.com\/hosgreta"]}]}},"kroconnect":{"tax_rate":25,"price_inc_vat":{"regular_price":179},"price_ex_vat":{"regular_price":143.2}},"brands":[{"id":311,"name":"Washologi","slug":"washologi"}],"_links":{"self":[{"href":"https:\/\/www.hosgreta.se\/shop\/wp-json\/wp\/v2\/product\/168872","targetHints":{"allow":["GET"]}}],"collection":[{"href":"https:\/\/www.hosgreta.se\/shop\/wp-json\/wp\/v2\/product"}],"about":[{"href":"https:\/\/www.hosgreta.se\/shop\/wp-json\/wp\/v2\/types\/product"}],"replies":[{"embeddable":true,"href":"https:\/\/www.hosgreta.se\/shop\/wp-json\/wp\/v2\/comments?post=168872"}],"wp:featuredmedia":[{"embeddable":true,"href":"https:\/\/www.hosgreta.se\/shop\/wp-json\/wp\/v2\/media\/180101"}],"wp:attachment":[{"href":"https:\/\/www.hosgreta.se\/shop\/wp-json\/wp\/v2\/media?parent=168872"}],"wp:term":[{"taxonomy":"pwb-brand","embeddable":true,"href":"https:\/\/www.hosgreta.se\/shop\/wp-json\/wp\/v2\/pwb-brand?post=168872"},{"taxonomy":"product_brand","embeddable":true,"href":"https:\/\/www.hosgreta.se\/shop\/wp-json\/wp\/v2\/product_brand?post=168872"},{"taxonomy":"product_cat","embeddable":true,"href":"https:\/\/www.hosgreta.se\/shop\/wp-json\/wp\/v2\/product_cat?post=168872"},{"taxonomy":"product_tag","embeddable":true,"href":"https:\/\/www.hosgreta.se\/shop\/wp-json\/wp\/v2\/product_tag?post=168872"}],"curies":[{"name":"wp","href":"https:\/\/api.w.org\/{rel}","templated":true}]}}