{"id":168875,"date":"2020-06-16T23:12:47","date_gmt":"2020-06-16T21:12:47","guid":{"rendered":"https:\/\/www.hosgreta.se\/shop\/?post_type=product&#038;p=168875"},"modified":"2024-12-31T15:32:10","modified_gmt":"2024-12-31T14:32:10","slug":"washologi-organisk-tvatt-750-ml","status":"publish","type":"product","link":"https:\/\/www.hosgreta.se\/shop\/produkt\/washologi-organisk-tvatt-750-ml\/","title":{"rendered":"Washologi Organisk Tv\u00e4tt 750 ml"},"content":{"rendered":"<p>750 ml<br \/>\nInneh\u00e5ller: Vatten <30%, Anjontensider 5-15%, Nonjontensider <5%, Glycerin <5%, Parfym <1%\n\n*-Rent naturligt inneh\u00e5ller enbart naturliga r\u00e5varor och \u00e4r en klimatneutral produkt.\n<\/p>\n","protected":false},"excerpt":{"rendered":"<p>Washologis Organisk tv\u00e4tt- rent naturligt \u00e4r biologiskt nedbrytbart. Det tv\u00e4ttar rent och \u00e4r samtidigt skonsamt mot milj\u00f6n. F\u00f6r en naturligt blekande effekt till vittv\u00e4tten, tills\u00e4tt lite natriumbikarbonat. Tv\u00e4ttmedlet \u00e4r mjukt doftsatt med eterisk olja av lavendel.<\/p>\n<p>Rent naturligt tv\u00e4ttar rent med 30 ml per tv\u00e4tt \u2013 \u00f6ka doseringen n\u00e5got f\u00f6r h\u00e5rt smutsade plagg.<\/p>\n","protected":false},"featured_media":180131,"comment_status":"closed","ping_status":"closed","template":"","meta":[],"pwb-brand":[311],"product_brand":[],"product_cat":[74],"product_tag":[],"class_list":{"0":"post-168875","1":"product","2":"type-product","3":"status-publish","4":"has-post-thumbnail","6":"pwb-brand-washologi","7":"product_cat-inredning","9":"first","10":"outofstock","11":"taxable","12":"shipping-taxable","13":"purchasable","14":"product-type-simple"},"yoast_head":"<!-- This site is optimized with the Yoast SEO plugin v27.4 - https:\/\/yoast.com\/product\/yoast-seo-wordpress\/ -->\n<title>Washologi Organisk Tv\u00e4tt 750 ml - Hos Greta<\/title>\n<meta name=\"robots\" content=\"index, follow, max-snippet:-1, max-image-preview:large, max-video-preview:-1\" \/>\n<link rel=\"canonical\" href=\"https:\/\/www.hosgreta.se\/shop\/produkt\/washologi-organisk-tvatt-750-ml\/\" \/>\n<meta property=\"og:locale\" content=\"sv_SE\" \/>\n<meta property=\"og:type\" content=\"article\" \/>\n<meta property=\"og:title\" content=\"Washologi Organisk Tv\u00e4tt 750 ml - Hos Greta\" \/>\n<meta property=\"og:description\" content=\"Washologis Organisk tv\u00e4tt- rent naturligt \u00e4r biologiskt nedbrytbart. Det tv\u00e4ttar rent och \u00e4r samtidigt skonsamt mot milj\u00f6n. F\u00f6r en naturligt blekande effekt till vittv\u00e4tten, tills\u00e4tt lite natriumbikarbonat. Tv\u00e4ttmedlet \u00e4r mjukt doftsatt med eterisk olja av lavendel.  Rent naturligt tv\u00e4ttar rent med 30 ml per tv\u00e4tt \u2013 \u00f6ka doseringen n\u00e5got f\u00f6r h\u00e5rt smutsade plagg.\" \/>\n<meta property=\"og:url\" content=\"https:\/\/www.hosgreta.se\/shop\/produkt\/washologi-organisk-tvatt-750-ml\/\" \/>\n<meta property=\"og:site_name\" content=\"Hos Greta\" \/>\n<meta property=\"article:publisher\" content=\"https:\/\/www.facebook.com\/hosgreta\" \/>\n<meta property=\"article:modified_time\" content=\"2024-12-31T14:32:10+00:00\" \/>\n<meta property=\"og:image\" content=\"https:\/\/www.hosgreta.se\/shop\/wp-content\/uploads\/2020\/08\/Washologi-Organisk-Tv\u00e4tt-750-ml.jpg\" \/>\n\t<meta property=\"og:image:width\" content=\"800\" \/>\n\t<meta property=\"og:image:height\" content=\"800\" \/>\n\t<meta property=\"og:image:type\" content=\"image\/jpeg\" \/>\n<meta name=\"twitter:card\" content=\"summary_large_image\" \/>\n<script type=\"application\/ld+json\" class=\"yoast-schema-graph\">{\"@context\":\"https:\\\/\\\/schema.org\",\"@graph\":[{\"@type\":\"WebPage\",\"@id\":\"https:\\\/\\\/www.hosgreta.se\\\/shop\\\/produkt\\\/washologi-organisk-tvatt-750-ml\\\/\",\"url\":\"https:\\\/\\\/www.hosgreta.se\\\/shop\\\/produkt\\\/washologi-organisk-tvatt-750-ml\\\/\",\"name\":\"Washologi Organisk Tv\u00e4tt 750 ml - Hos Greta\",\"isPartOf\":{\"@id\":\"https:\\\/\\\/www.hosgreta.se\\\/shop\\\/#website\"},\"primaryImageOfPage\":{\"@id\":\"https:\\\/\\\/www.hosgreta.se\\\/shop\\\/produkt\\\/washologi-organisk-tvatt-750-ml\\\/#primaryimage\"},\"image\":{\"@id\":\"https:\\\/\\\/www.hosgreta.se\\\/shop\\\/produkt\\\/washologi-organisk-tvatt-750-ml\\\/#primaryimage\"},\"thumbnailUrl\":\"https:\\\/\\\/www.hosgreta.se\\\/shop\\\/wp-content\\\/uploads\\\/2020\\\/08\\\/Washologi-Organisk-Tv\u00e4tt-750-ml.jpg\",\"datePublished\":\"2020-06-16T21:12:47+00:00\",\"dateModified\":\"2024-12-31T14:32:10+00:00\",\"breadcrumb\":{\"@id\":\"https:\\\/\\\/www.hosgreta.se\\\/shop\\\/produkt\\\/washologi-organisk-tvatt-750-ml\\\/#breadcrumb\"},\"inLanguage\":\"sv-SE\",\"potentialAction\":[{\"@type\":\"ReadAction\",\"target\":[\"https:\\\/\\\/www.hosgreta.se\\\/shop\\\/produkt\\\/washologi-organisk-tvatt-750-ml\\\/\"]}]},{\"@type\":\"ImageObject\",\"inLanguage\":\"sv-SE\",\"@id\":\"https:\\\/\\\/www.hosgreta.se\\\/shop\\\/produkt\\\/washologi-organisk-tvatt-750-ml\\\/#primaryimage\",\"url\":\"https:\\\/\\\/www.hosgreta.se\\\/shop\\\/wp-content\\\/uploads\\\/2020\\\/08\\\/Washologi-Organisk-Tv\u00e4tt-750-ml.jpg\",\"contentUrl\":\"https:\\\/\\\/www.hosgreta.se\\\/shop\\\/wp-content\\\/uploads\\\/2020\\\/08\\\/Washologi-Organisk-Tv\u00e4tt-750-ml.jpg\",\"width\":800,\"height\":800,\"caption\":\"Washologi Organisk Tv\u00e4tt 750 ml\"},{\"@type\":\"BreadcrumbList\",\"@id\":\"https:\\\/\\\/www.hosgreta.se\\\/shop\\\/produkt\\\/washologi-organisk-tvatt-750-ml\\\/#breadcrumb\",\"itemListElement\":[{\"@type\":\"ListItem\",\"position\":1,\"name\":\"Hem\",\"item\":\"https:\\\/\\\/www.hosgreta.se\\\/shop\\\/\"},{\"@type\":\"ListItem\",\"position\":2,\"name\":\"Shop\",\"item\":\"https:\\\/\\\/www.hosgreta.se\\\/shop\\\/shop\\\/\"},{\"@type\":\"ListItem\",\"position\":3,\"name\":\"Washologi Organisk Tv\u00e4tt 750 ml\"}]},{\"@type\":\"WebSite\",\"@id\":\"https:\\\/\\\/www.hosgreta.se\\\/shop\\\/#website\",\"url\":\"https:\\\/\\\/www.hosgreta.se\\\/shop\\\/\",\"name\":\"Hos Greta\",\"description\":\"Vi v\u00e4ljer ut v\u00e5ra varum\u00e4rken med stor omsorg.\",\"publisher\":{\"@id\":\"https:\\\/\\\/www.hosgreta.se\\\/shop\\\/#organization\"},\"potentialAction\":[{\"@type\":\"SearchAction\",\"target\":{\"@type\":\"EntryPoint\",\"urlTemplate\":\"https:\\\/\\\/www.hosgreta.se\\\/shop\\\/?s={search_term_string}\"},\"query-input\":{\"@type\":\"PropertyValueSpecification\",\"valueRequired\":true,\"valueName\":\"search_term_string\"}}],\"inLanguage\":\"sv-SE\"},{\"@type\":\"Organization\",\"@id\":\"https:\\\/\\\/www.hosgreta.se\\\/shop\\\/#organization\",\"name\":\"Hos Greta\",\"url\":\"https:\\\/\\\/www.hosgreta.se\\\/shop\\\/\",\"logo\":{\"@type\":\"ImageObject\",\"inLanguage\":\"sv-SE\",\"@id\":\"https:\\\/\\\/www.hosgreta.se\\\/shop\\\/#\\\/schema\\\/logo\\\/image\\\/\",\"url\":\"https:\\\/\\\/www.hosgreta.se\\\/shop\\\/wp-content\\\/uploads\\\/2018\\\/03\\\/Logo_HosGreta_svart.png\",\"contentUrl\":\"https:\\\/\\\/www.hosgreta.se\\\/shop\\\/wp-content\\\/uploads\\\/2018\\\/03\\\/Logo_HosGreta_svart.png\",\"width\":851,\"height\":851,\"caption\":\"Hos Greta\"},\"image\":{\"@id\":\"https:\\\/\\\/www.hosgreta.se\\\/shop\\\/#\\\/schema\\\/logo\\\/image\\\/\"},\"sameAs\":[\"https:\\\/\\\/www.facebook.com\\\/hosgreta\",\"https:\\\/\\\/www.instagram.com\\\/hosgreta\"]}]}<\/script>\n<!-- \/ Yoast SEO plugin. -->","yoast_head_json":{"title":"Washologi Organisk Tv\u00e4tt 750 ml - Hos Greta","robots":{"index":"index","follow":"follow","max-snippet":"max-snippet:-1","max-image-preview":"max-image-preview:large","max-video-preview":"max-video-preview:-1"},"canonical":"https:\/\/www.hosgreta.se\/shop\/produkt\/washologi-organisk-tvatt-750-ml\/","og_locale":"sv_SE","og_type":"article","og_title":"Washologi Organisk Tv\u00e4tt 750 ml - Hos Greta","og_description":"Washologis Organisk tv\u00e4tt- rent naturligt \u00e4r biologiskt nedbrytbart. Det tv\u00e4ttar rent och \u00e4r samtidigt skonsamt mot milj\u00f6n. F\u00f6r en naturligt blekande effekt till vittv\u00e4tten, tills\u00e4tt lite natriumbikarbonat. Tv\u00e4ttmedlet \u00e4r mjukt doftsatt med eterisk olja av lavendel.  Rent naturligt tv\u00e4ttar rent med 30 ml per tv\u00e4tt \u2013 \u00f6ka doseringen n\u00e5got f\u00f6r h\u00e5rt smutsade plagg.","og_url":"https:\/\/www.hosgreta.se\/shop\/produkt\/washologi-organisk-tvatt-750-ml\/","og_site_name":"Hos Greta","article_publisher":"https:\/\/www.facebook.com\/hosgreta","article_modified_time":"2024-12-31T14:32:10+00:00","og_image":[{"width":800,"height":800,"url":"https:\/\/www.hosgreta.se\/shop\/wp-content\/uploads\/2020\/08\/Washologi-Organisk-Tv\u00e4tt-750-ml.jpg","type":"image\/jpeg"}],"twitter_card":"summary_large_image","schema":{"@context":"https:\/\/schema.org","@graph":[{"@type":"WebPage","@id":"https:\/\/www.hosgreta.se\/shop\/produkt\/washologi-organisk-tvatt-750-ml\/","url":"https:\/\/www.hosgreta.se\/shop\/produkt\/washologi-organisk-tvatt-750-ml\/","name":"Washologi Organisk Tv\u00e4tt 750 ml - Hos Greta","isPartOf":{"@id":"https:\/\/www.hosgreta.se\/shop\/#website"},"primaryImageOfPage":{"@id":"https:\/\/www.hosgreta.se\/shop\/produkt\/washologi-organisk-tvatt-750-ml\/#primaryimage"},"image":{"@id":"https:\/\/www.hosgreta.se\/shop\/produkt\/washologi-organisk-tvatt-750-ml\/#primaryimage"},"thumbnailUrl":"https:\/\/www.hosgreta.se\/shop\/wp-content\/uploads\/2020\/08\/Washologi-Organisk-Tv\u00e4tt-750-ml.jpg","datePublished":"2020-06-16T21:12:47+00:00","dateModified":"2024-12-31T14:32:10+00:00","breadcrumb":{"@id":"https:\/\/www.hosgreta.se\/shop\/produkt\/washologi-organisk-tvatt-750-ml\/#breadcrumb"},"inLanguage":"sv-SE","potentialAction":[{"@type":"ReadAction","target":["https:\/\/www.hosgreta.se\/shop\/produkt\/washologi-organisk-tvatt-750-ml\/"]}]},{"@type":"ImageObject","inLanguage":"sv-SE","@id":"https:\/\/www.hosgreta.se\/shop\/produkt\/washologi-organisk-tvatt-750-ml\/#primaryimage","url":"https:\/\/www.hosgreta.se\/shop\/wp-content\/uploads\/2020\/08\/Washologi-Organisk-Tv\u00e4tt-750-ml.jpg","contentUrl":"https:\/\/www.hosgreta.se\/shop\/wp-content\/uploads\/2020\/08\/Washologi-Organisk-Tv\u00e4tt-750-ml.jpg","width":800,"height":800,"caption":"Washologi Organisk Tv\u00e4tt 750 ml"},{"@type":"BreadcrumbList","@id":"https:\/\/www.hosgreta.se\/shop\/produkt\/washologi-organisk-tvatt-750-ml\/#breadcrumb","itemListElement":[{"@type":"ListItem","position":1,"name":"Hem","item":"https:\/\/www.hosgreta.se\/shop\/"},{"@type":"ListItem","position":2,"name":"Shop","item":"https:\/\/www.hosgreta.se\/shop\/shop\/"},{"@type":"ListItem","position":3,"name":"Washologi Organisk Tv\u00e4tt 750 ml"}]},{"@type":"WebSite","@id":"https:\/\/www.hosgreta.se\/shop\/#website","url":"https:\/\/www.hosgreta.se\/shop\/","name":"Hos Greta","description":"Vi v\u00e4ljer ut v\u00e5ra varum\u00e4rken med stor omsorg.","publisher":{"@id":"https:\/\/www.hosgreta.se\/shop\/#organization"},"potentialAction":[{"@type":"SearchAction","target":{"@type":"EntryPoint","urlTemplate":"https:\/\/www.hosgreta.se\/shop\/?s={search_term_string}"},"query-input":{"@type":"PropertyValueSpecification","valueRequired":true,"valueName":"search_term_string"}}],"inLanguage":"sv-SE"},{"@type":"Organization","@id":"https:\/\/www.hosgreta.se\/shop\/#organization","name":"Hos Greta","url":"https:\/\/www.hosgreta.se\/shop\/","logo":{"@type":"ImageObject","inLanguage":"sv-SE","@id":"https:\/\/www.hosgreta.se\/shop\/#\/schema\/logo\/image\/","url":"https:\/\/www.hosgreta.se\/shop\/wp-content\/uploads\/2018\/03\/Logo_HosGreta_svart.png","contentUrl":"https:\/\/www.hosgreta.se\/shop\/wp-content\/uploads\/2018\/03\/Logo_HosGreta_svart.png","width":851,"height":851,"caption":"Hos Greta"},"image":{"@id":"https:\/\/www.hosgreta.se\/shop\/#\/schema\/logo\/image\/"},"sameAs":["https:\/\/www.facebook.com\/hosgreta","https:\/\/www.instagram.com\/hosgreta"]}]}},"kroconnect":{"tax_rate":25,"price_inc_vat":{"regular_price":169},"price_ex_vat":{"regular_price":135.2}},"brands":[{"id":311,"name":"Washologi","slug":"washologi"}],"_links":{"self":[{"href":"https:\/\/www.hosgreta.se\/shop\/wp-json\/wp\/v2\/product\/168875","targetHints":{"allow":["GET"]}}],"collection":[{"href":"https:\/\/www.hosgreta.se\/shop\/wp-json\/wp\/v2\/product"}],"about":[{"href":"https:\/\/www.hosgreta.se\/shop\/wp-json\/wp\/v2\/types\/product"}],"replies":[{"embeddable":true,"href":"https:\/\/www.hosgreta.se\/shop\/wp-json\/wp\/v2\/comments?post=168875"}],"wp:featuredmedia":[{"embeddable":true,"href":"https:\/\/www.hosgreta.se\/shop\/wp-json\/wp\/v2\/media\/180131"}],"wp:attachment":[{"href":"https:\/\/www.hosgreta.se\/shop\/wp-json\/wp\/v2\/media?parent=168875"}],"wp:term":[{"taxonomy":"pwb-brand","embeddable":true,"href":"https:\/\/www.hosgreta.se\/shop\/wp-json\/wp\/v2\/pwb-brand?post=168875"},{"taxonomy":"product_brand","embeddable":true,"href":"https:\/\/www.hosgreta.se\/shop\/wp-json\/wp\/v2\/product_brand?post=168875"},{"taxonomy":"product_cat","embeddable":true,"href":"https:\/\/www.hosgreta.se\/shop\/wp-json\/wp\/v2\/product_cat?post=168875"},{"taxonomy":"product_tag","embeddable":true,"href":"https:\/\/www.hosgreta.se\/shop\/wp-json\/wp\/v2\/product_tag?post=168875"}],"curies":[{"name":"wp","href":"https:\/\/api.w.org\/{rel}","templated":true}]}}