{"id":168904,"date":"2020-06-16T23:21:52","date_gmt":"2020-06-16T21:21:52","guid":{"rendered":"https:\/\/www.hosgreta.se\/shop\/?post_type=product&#038;p=168904"},"modified":"2026-04-09T15:06:50","modified_gmt":"2026-04-09T13:06:50","slug":"washologi-linnevatten-langtan-100-ml","status":"publish","type":"product","link":"https:\/\/www.hosgreta.se\/shop\/produkt\/washologi-linnevatten-langtan-100-ml\/","title":{"rendered":"Washologi Linnevatten L\u00e4ngtan 100 ml"},"content":{"rendered":"<p>100 ml<br \/>\nInneh\u00e5ller: Nonjoniska tensider <5%, Parfym <5%\n<\/p>\n","protected":false},"excerpt":{"rendered":"<p>Washologis linnevatten L\u00e4ngtan ljuvligt doftande och v\u00e5rdande ger en nytv\u00e4ttad k\u00e4nsla och en naturlig mjuk doft av bomullsblomma. Anv\u00e4nd p\u00e5 dina plagg som en uppfr\u00e4schning eller till annat du vill ska dofta gott! F\u00f6r milj\u00f6ns skull inneh\u00e5ller v\u00e5ra linnevatten inga f\u00e4rg\u00e4mnen eller polycyklisk musk och vi anv\u00e4nder endast naturligt extrakt i parfymen. Minskar statisk elektricitet.<\/p>\n","protected":false},"featured_media":180115,"comment_status":"closed","ping_status":"closed","template":"","meta":[],"pwb-brand":[311],"product_brand":[],"product_cat":[74],"product_tag":[],"class_list":{"0":"post-168904","1":"product","2":"type-product","3":"status-publish","4":"has-post-thumbnail","6":"pwb-brand-washologi","7":"product_cat-inredning","9":"first","10":"outofstock","11":"taxable","12":"shipping-taxable","13":"purchasable","14":"product-type-simple"},"yoast_head":"<!-- This site is optimized with the Yoast SEO plugin v27.4 - https:\/\/yoast.com\/product\/yoast-seo-wordpress\/ -->\n<title>Washologi Linnevatten L\u00e4ngtan 100 ml - Hos Greta<\/title>\n<meta name=\"robots\" content=\"index, follow, max-snippet:-1, max-image-preview:large, max-video-preview:-1\" \/>\n<link rel=\"canonical\" href=\"https:\/\/www.hosgreta.se\/shop\/produkt\/washologi-linnevatten-langtan-100-ml\/\" \/>\n<meta property=\"og:locale\" content=\"sv_SE\" \/>\n<meta property=\"og:type\" content=\"article\" \/>\n<meta property=\"og:title\" content=\"Washologi Linnevatten L\u00e4ngtan 100 ml - Hos Greta\" \/>\n<meta property=\"og:description\" content=\"Washologis linnevatten L\u00e4ngtan ljuvligt doftande och v\u00e5rdande ger en nytv\u00e4ttad k\u00e4nsla och en naturlig mjuk doft av bomullsblomma. Anv\u00e4nd p\u00e5 dina plagg som en uppfr\u00e4schning eller till annat du vill ska dofta gott! F\u00f6r milj\u00f6ns skull inneh\u00e5ller v\u00e5ra linnevatten inga f\u00e4rg\u00e4mnen eller polycyklisk musk och vi anv\u00e4nder endast naturligt extrakt i parfymen. Minskar statisk elektricitet.\" \/>\n<meta property=\"og:url\" content=\"https:\/\/www.hosgreta.se\/shop\/produkt\/washologi-linnevatten-langtan-100-ml\/\" \/>\n<meta property=\"og:site_name\" content=\"Hos Greta\" \/>\n<meta property=\"article:publisher\" content=\"https:\/\/www.facebook.com\/hosgreta\" \/>\n<meta property=\"article:modified_time\" content=\"2026-04-09T13:06:50+00:00\" \/>\n<meta property=\"og:image\" content=\"https:\/\/www.hosgreta.se\/shop\/wp-content\/uploads\/2020\/08\/Washologi-Linnevatten-L\u00e4ngtan-100-ml.jpg\" \/>\n\t<meta property=\"og:image:width\" content=\"800\" \/>\n\t<meta property=\"og:image:height\" content=\"801\" \/>\n\t<meta property=\"og:image:type\" content=\"image\/jpeg\" \/>\n<meta name=\"twitter:card\" content=\"summary_large_image\" \/>\n<script type=\"application\/ld+json\" class=\"yoast-schema-graph\">{\"@context\":\"https:\\\/\\\/schema.org\",\"@graph\":[{\"@type\":\"WebPage\",\"@id\":\"https:\\\/\\\/www.hosgreta.se\\\/shop\\\/produkt\\\/washologi-linnevatten-langtan-100-ml\\\/\",\"url\":\"https:\\\/\\\/www.hosgreta.se\\\/shop\\\/produkt\\\/washologi-linnevatten-langtan-100-ml\\\/\",\"name\":\"Washologi Linnevatten L\u00e4ngtan 100 ml - Hos Greta\",\"isPartOf\":{\"@id\":\"https:\\\/\\\/www.hosgreta.se\\\/shop\\\/#website\"},\"primaryImageOfPage\":{\"@id\":\"https:\\\/\\\/www.hosgreta.se\\\/shop\\\/produkt\\\/washologi-linnevatten-langtan-100-ml\\\/#primaryimage\"},\"image\":{\"@id\":\"https:\\\/\\\/www.hosgreta.se\\\/shop\\\/produkt\\\/washologi-linnevatten-langtan-100-ml\\\/#primaryimage\"},\"thumbnailUrl\":\"https:\\\/\\\/www.hosgreta.se\\\/shop\\\/wp-content\\\/uploads\\\/2020\\\/08\\\/Washologi-Linnevatten-L\u00e4ngtan-100-ml.jpg\",\"datePublished\":\"2020-06-16T21:21:52+00:00\",\"dateModified\":\"2026-04-09T13:06:50+00:00\",\"breadcrumb\":{\"@id\":\"https:\\\/\\\/www.hosgreta.se\\\/shop\\\/produkt\\\/washologi-linnevatten-langtan-100-ml\\\/#breadcrumb\"},\"inLanguage\":\"sv-SE\",\"potentialAction\":[{\"@type\":\"ReadAction\",\"target\":[\"https:\\\/\\\/www.hosgreta.se\\\/shop\\\/produkt\\\/washologi-linnevatten-langtan-100-ml\\\/\"]}]},{\"@type\":\"ImageObject\",\"inLanguage\":\"sv-SE\",\"@id\":\"https:\\\/\\\/www.hosgreta.se\\\/shop\\\/produkt\\\/washologi-linnevatten-langtan-100-ml\\\/#primaryimage\",\"url\":\"https:\\\/\\\/www.hosgreta.se\\\/shop\\\/wp-content\\\/uploads\\\/2020\\\/08\\\/Washologi-Linnevatten-L\u00e4ngtan-100-ml.jpg\",\"contentUrl\":\"https:\\\/\\\/www.hosgreta.se\\\/shop\\\/wp-content\\\/uploads\\\/2020\\\/08\\\/Washologi-Linnevatten-L\u00e4ngtan-100-ml.jpg\",\"width\":800,\"height\":801,\"caption\":\"Washologi Linnevatten L\u00e4ngtan 100 ml\"},{\"@type\":\"BreadcrumbList\",\"@id\":\"https:\\\/\\\/www.hosgreta.se\\\/shop\\\/produkt\\\/washologi-linnevatten-langtan-100-ml\\\/#breadcrumb\",\"itemListElement\":[{\"@type\":\"ListItem\",\"position\":1,\"name\":\"Hem\",\"item\":\"https:\\\/\\\/www.hosgreta.se\\\/shop\\\/\"},{\"@type\":\"ListItem\",\"position\":2,\"name\":\"Shop\",\"item\":\"https:\\\/\\\/www.hosgreta.se\\\/shop\\\/shop\\\/\"},{\"@type\":\"ListItem\",\"position\":3,\"name\":\"Washologi Linnevatten L\u00e4ngtan 100 ml\"}]},{\"@type\":\"WebSite\",\"@id\":\"https:\\\/\\\/www.hosgreta.se\\\/shop\\\/#website\",\"url\":\"https:\\\/\\\/www.hosgreta.se\\\/shop\\\/\",\"name\":\"Hos Greta\",\"description\":\"Vi v\u00e4ljer ut v\u00e5ra varum\u00e4rken med stor omsorg.\",\"publisher\":{\"@id\":\"https:\\\/\\\/www.hosgreta.se\\\/shop\\\/#organization\"},\"potentialAction\":[{\"@type\":\"SearchAction\",\"target\":{\"@type\":\"EntryPoint\",\"urlTemplate\":\"https:\\\/\\\/www.hosgreta.se\\\/shop\\\/?s={search_term_string}\"},\"query-input\":{\"@type\":\"PropertyValueSpecification\",\"valueRequired\":true,\"valueName\":\"search_term_string\"}}],\"inLanguage\":\"sv-SE\"},{\"@type\":\"Organization\",\"@id\":\"https:\\\/\\\/www.hosgreta.se\\\/shop\\\/#organization\",\"name\":\"Hos Greta\",\"url\":\"https:\\\/\\\/www.hosgreta.se\\\/shop\\\/\",\"logo\":{\"@type\":\"ImageObject\",\"inLanguage\":\"sv-SE\",\"@id\":\"https:\\\/\\\/www.hosgreta.se\\\/shop\\\/#\\\/schema\\\/logo\\\/image\\\/\",\"url\":\"https:\\\/\\\/www.hosgreta.se\\\/shop\\\/wp-content\\\/uploads\\\/2018\\\/03\\\/Logo_HosGreta_svart.png\",\"contentUrl\":\"https:\\\/\\\/www.hosgreta.se\\\/shop\\\/wp-content\\\/uploads\\\/2018\\\/03\\\/Logo_HosGreta_svart.png\",\"width\":851,\"height\":851,\"caption\":\"Hos Greta\"},\"image\":{\"@id\":\"https:\\\/\\\/www.hosgreta.se\\\/shop\\\/#\\\/schema\\\/logo\\\/image\\\/\"},\"sameAs\":[\"https:\\\/\\\/www.facebook.com\\\/hosgreta\",\"https:\\\/\\\/www.instagram.com\\\/hosgreta\"]}]}<\/script>\n<!-- \/ Yoast SEO plugin. -->","yoast_head_json":{"title":"Washologi Linnevatten L\u00e4ngtan 100 ml - Hos Greta","robots":{"index":"index","follow":"follow","max-snippet":"max-snippet:-1","max-image-preview":"max-image-preview:large","max-video-preview":"max-video-preview:-1"},"canonical":"https:\/\/www.hosgreta.se\/shop\/produkt\/washologi-linnevatten-langtan-100-ml\/","og_locale":"sv_SE","og_type":"article","og_title":"Washologi Linnevatten L\u00e4ngtan 100 ml - Hos Greta","og_description":"Washologis linnevatten L\u00e4ngtan ljuvligt doftande och v\u00e5rdande ger en nytv\u00e4ttad k\u00e4nsla och en naturlig mjuk doft av bomullsblomma. Anv\u00e4nd p\u00e5 dina plagg som en uppfr\u00e4schning eller till annat du vill ska dofta gott! F\u00f6r milj\u00f6ns skull inneh\u00e5ller v\u00e5ra linnevatten inga f\u00e4rg\u00e4mnen eller polycyklisk musk och vi anv\u00e4nder endast naturligt extrakt i parfymen. Minskar statisk elektricitet.","og_url":"https:\/\/www.hosgreta.se\/shop\/produkt\/washologi-linnevatten-langtan-100-ml\/","og_site_name":"Hos Greta","article_publisher":"https:\/\/www.facebook.com\/hosgreta","article_modified_time":"2026-04-09T13:06:50+00:00","og_image":[{"width":800,"height":801,"url":"https:\/\/www.hosgreta.se\/shop\/wp-content\/uploads\/2020\/08\/Washologi-Linnevatten-L\u00e4ngtan-100-ml.jpg","type":"image\/jpeg"}],"twitter_card":"summary_large_image","schema":{"@context":"https:\/\/schema.org","@graph":[{"@type":"WebPage","@id":"https:\/\/www.hosgreta.se\/shop\/produkt\/washologi-linnevatten-langtan-100-ml\/","url":"https:\/\/www.hosgreta.se\/shop\/produkt\/washologi-linnevatten-langtan-100-ml\/","name":"Washologi Linnevatten L\u00e4ngtan 100 ml - Hos Greta","isPartOf":{"@id":"https:\/\/www.hosgreta.se\/shop\/#website"},"primaryImageOfPage":{"@id":"https:\/\/www.hosgreta.se\/shop\/produkt\/washologi-linnevatten-langtan-100-ml\/#primaryimage"},"image":{"@id":"https:\/\/www.hosgreta.se\/shop\/produkt\/washologi-linnevatten-langtan-100-ml\/#primaryimage"},"thumbnailUrl":"https:\/\/www.hosgreta.se\/shop\/wp-content\/uploads\/2020\/08\/Washologi-Linnevatten-L\u00e4ngtan-100-ml.jpg","datePublished":"2020-06-16T21:21:52+00:00","dateModified":"2026-04-09T13:06:50+00:00","breadcrumb":{"@id":"https:\/\/www.hosgreta.se\/shop\/produkt\/washologi-linnevatten-langtan-100-ml\/#breadcrumb"},"inLanguage":"sv-SE","potentialAction":[{"@type":"ReadAction","target":["https:\/\/www.hosgreta.se\/shop\/produkt\/washologi-linnevatten-langtan-100-ml\/"]}]},{"@type":"ImageObject","inLanguage":"sv-SE","@id":"https:\/\/www.hosgreta.se\/shop\/produkt\/washologi-linnevatten-langtan-100-ml\/#primaryimage","url":"https:\/\/www.hosgreta.se\/shop\/wp-content\/uploads\/2020\/08\/Washologi-Linnevatten-L\u00e4ngtan-100-ml.jpg","contentUrl":"https:\/\/www.hosgreta.se\/shop\/wp-content\/uploads\/2020\/08\/Washologi-Linnevatten-L\u00e4ngtan-100-ml.jpg","width":800,"height":801,"caption":"Washologi Linnevatten L\u00e4ngtan 100 ml"},{"@type":"BreadcrumbList","@id":"https:\/\/www.hosgreta.se\/shop\/produkt\/washologi-linnevatten-langtan-100-ml\/#breadcrumb","itemListElement":[{"@type":"ListItem","position":1,"name":"Hem","item":"https:\/\/www.hosgreta.se\/shop\/"},{"@type":"ListItem","position":2,"name":"Shop","item":"https:\/\/www.hosgreta.se\/shop\/shop\/"},{"@type":"ListItem","position":3,"name":"Washologi Linnevatten L\u00e4ngtan 100 ml"}]},{"@type":"WebSite","@id":"https:\/\/www.hosgreta.se\/shop\/#website","url":"https:\/\/www.hosgreta.se\/shop\/","name":"Hos Greta","description":"Vi v\u00e4ljer ut v\u00e5ra varum\u00e4rken med stor omsorg.","publisher":{"@id":"https:\/\/www.hosgreta.se\/shop\/#organization"},"potentialAction":[{"@type":"SearchAction","target":{"@type":"EntryPoint","urlTemplate":"https:\/\/www.hosgreta.se\/shop\/?s={search_term_string}"},"query-input":{"@type":"PropertyValueSpecification","valueRequired":true,"valueName":"search_term_string"}}],"inLanguage":"sv-SE"},{"@type":"Organization","@id":"https:\/\/www.hosgreta.se\/shop\/#organization","name":"Hos Greta","url":"https:\/\/www.hosgreta.se\/shop\/","logo":{"@type":"ImageObject","inLanguage":"sv-SE","@id":"https:\/\/www.hosgreta.se\/shop\/#\/schema\/logo\/image\/","url":"https:\/\/www.hosgreta.se\/shop\/wp-content\/uploads\/2018\/03\/Logo_HosGreta_svart.png","contentUrl":"https:\/\/www.hosgreta.se\/shop\/wp-content\/uploads\/2018\/03\/Logo_HosGreta_svart.png","width":851,"height":851,"caption":"Hos Greta"},"image":{"@id":"https:\/\/www.hosgreta.se\/shop\/#\/schema\/logo\/image\/"},"sameAs":["https:\/\/www.facebook.com\/hosgreta","https:\/\/www.instagram.com\/hosgreta"]}]}},"kroconnect":{"tax_rate":25,"price_inc_vat":{"regular_price":99},"price_ex_vat":{"regular_price":79.2}},"brands":[{"id":311,"name":"Washologi","slug":"washologi"}],"_links":{"self":[{"href":"https:\/\/www.hosgreta.se\/shop\/wp-json\/wp\/v2\/product\/168904","targetHints":{"allow":["GET"]}}],"collection":[{"href":"https:\/\/www.hosgreta.se\/shop\/wp-json\/wp\/v2\/product"}],"about":[{"href":"https:\/\/www.hosgreta.se\/shop\/wp-json\/wp\/v2\/types\/product"}],"replies":[{"embeddable":true,"href":"https:\/\/www.hosgreta.se\/shop\/wp-json\/wp\/v2\/comments?post=168904"}],"wp:featuredmedia":[{"embeddable":true,"href":"https:\/\/www.hosgreta.se\/shop\/wp-json\/wp\/v2\/media\/180115"}],"wp:attachment":[{"href":"https:\/\/www.hosgreta.se\/shop\/wp-json\/wp\/v2\/media?parent=168904"}],"wp:term":[{"taxonomy":"pwb-brand","embeddable":true,"href":"https:\/\/www.hosgreta.se\/shop\/wp-json\/wp\/v2\/pwb-brand?post=168904"},{"taxonomy":"product_brand","embeddable":true,"href":"https:\/\/www.hosgreta.se\/shop\/wp-json\/wp\/v2\/product_brand?post=168904"},{"taxonomy":"product_cat","embeddable":true,"href":"https:\/\/www.hosgreta.se\/shop\/wp-json\/wp\/v2\/product_cat?post=168904"},{"taxonomy":"product_tag","embeddable":true,"href":"https:\/\/www.hosgreta.se\/shop\/wp-json\/wp\/v2\/product_tag?post=168904"}],"curies":[{"name":"wp","href":"https:\/\/api.w.org\/{rel}","templated":true}]}}