{"id":184252,"date":"2020-09-09T17:31:13","date_gmt":"2020-09-09T15:31:13","guid":{"rendered":"https:\/\/www.hosgreta.se\/shop\/?post_type=product&#038;p=184252"},"modified":"2026-03-31T21:01:01","modified_gmt":"2026-03-31T19:01:01","slug":"vanja-roast-250-g","status":"publish","type":"product","link":"https:\/\/www.hosgreta.se\/shop\/produkt\/vanja-roast-250-g\/","title":{"rendered":"Vanja roast 250 g"},"content":{"rendered":"<p>Vikt: 250 g malet kaffe<\/p>\n<p>F\u00f6r varje s\u00e5lt kilo kaffe sk\u00e4nker Svanfeldts Coffee 10 kronor till Hj\u00e4rnfonden.<\/p>\n","protected":false},"excerpt":{"rendered":"<p>M\u00f6rkrost, malen<br \/>\nMed smak av hasseln\u00f6t, kakao och brunt socker.<br \/>\nKaffet inneh\u00e5ller inte sp\u00e5r av n\u00f6tter.<\/p>\n<p>Styrka: 8<br \/>\nPassar att pressas och bryggas.<\/p>\n<p>Detta kaffe \u00e4r en mellanrost gjord p\u00e5 eleganta kaffeb\u00f6nor s\u00e5 kallade SHB (StrictlyHard Bean), Endast kaffe fr\u00e5n h\u00f6g h\u00f6jd f\u00e5r graderas SHB. N\u00e5got som g\u00f6r att de b\u00e5de v\u00e4xer l\u00e5ngsammare och ger en mer maximalt utvecklade aromer. Fylligt och smakrikt kaffe med en rostad kolaarom och frisk blommig syrlighet i eftersmak.<\/p>\n","protected":false},"featured_media":0,"comment_status":"closed","ping_status":"closed","template":"","meta":[],"pwb-brand":[317],"product_brand":[],"product_cat":[72,232],"product_tag":[],"class_list":{"0":"post-184252","1":"product","2":"type-product","3":"status-publish","5":"pwb-brand-svanfeldts-coffee","6":"product_cat-atbart","7":"product_cat-kaffe-och-te","9":"first","10":"outofstock","11":"taxable","12":"shipping-taxable","13":"purchasable","14":"product-type-simple"},"yoast_head":"<!-- This site is optimized with the Yoast SEO plugin v27.4 - https:\/\/yoast.com\/product\/yoast-seo-wordpress\/ -->\n<title>Vanja roast 250 g - Hos Greta<\/title>\n<meta name=\"robots\" content=\"index, follow, max-snippet:-1, max-image-preview:large, max-video-preview:-1\" \/>\n<link rel=\"canonical\" href=\"https:\/\/www.hosgreta.se\/shop\/produkt\/vanja-roast-250-g\/\" \/>\n<meta property=\"og:locale\" content=\"sv_SE\" \/>\n<meta property=\"og:type\" content=\"article\" \/>\n<meta property=\"og:title\" content=\"Vanja roast 250 g - Hos Greta\" \/>\n<meta property=\"og:description\" content=\"M\u00f6rkrost, malen Med smak av hasseln\u00f6t, kakao och brunt socker. Kaffet inneh\u00e5ller inte sp\u00e5r av n\u00f6tter.  Styrka: 8 Passar att pressas och bryggas.  Detta kaffe \u00e4r en mellanrost gjord p\u00e5 eleganta kaffeb\u00f6nor s\u00e5 kallade SHB (StrictlyHard Bean), Endast kaffe fr\u00e5n h\u00f6g h\u00f6jd f\u00e5r graderas SHB. N\u00e5got som g\u00f6r att de b\u00e5de v\u00e4xer l\u00e5ngsammare och ger en mer maximalt utvecklade aromer. Fylligt och smakrikt kaffe med en rostad kolaarom och frisk blommig syrlighet i eftersmak.\" \/>\n<meta property=\"og:url\" content=\"https:\/\/www.hosgreta.se\/shop\/produkt\/vanja-roast-250-g\/\" \/>\n<meta property=\"og:site_name\" content=\"Hos Greta\" \/>\n<meta property=\"article:publisher\" content=\"https:\/\/www.facebook.com\/hosgreta\" \/>\n<meta property=\"article:modified_time\" content=\"2026-03-31T19:01:01+00:00\" \/>\n<meta name=\"twitter:card\" content=\"summary_large_image\" \/>\n<meta name=\"twitter:label1\" content=\"Ber\u00e4knad l\u00e4stid\" \/>\n\t<meta name=\"twitter:data1\" content=\"1 minut\" \/>\n<script type=\"application\/ld+json\" class=\"yoast-schema-graph\">{\"@context\":\"https:\\\/\\\/schema.org\",\"@graph\":[{\"@type\":\"WebPage\",\"@id\":\"https:\\\/\\\/www.hosgreta.se\\\/shop\\\/produkt\\\/vanja-roast-250-g\\\/\",\"url\":\"https:\\\/\\\/www.hosgreta.se\\\/shop\\\/produkt\\\/vanja-roast-250-g\\\/\",\"name\":\"Vanja roast 250 g - Hos Greta\",\"isPartOf\":{\"@id\":\"https:\\\/\\\/www.hosgreta.se\\\/shop\\\/#website\"},\"datePublished\":\"2020-09-09T15:31:13+00:00\",\"dateModified\":\"2026-03-31T19:01:01+00:00\",\"breadcrumb\":{\"@id\":\"https:\\\/\\\/www.hosgreta.se\\\/shop\\\/produkt\\\/vanja-roast-250-g\\\/#breadcrumb\"},\"inLanguage\":\"sv-SE\",\"potentialAction\":[{\"@type\":\"ReadAction\",\"target\":[\"https:\\\/\\\/www.hosgreta.se\\\/shop\\\/produkt\\\/vanja-roast-250-g\\\/\"]}]},{\"@type\":\"BreadcrumbList\",\"@id\":\"https:\\\/\\\/www.hosgreta.se\\\/shop\\\/produkt\\\/vanja-roast-250-g\\\/#breadcrumb\",\"itemListElement\":[{\"@type\":\"ListItem\",\"position\":1,\"name\":\"Hem\",\"item\":\"https:\\\/\\\/www.hosgreta.se\\\/shop\\\/\"},{\"@type\":\"ListItem\",\"position\":2,\"name\":\"Shop\",\"item\":\"https:\\\/\\\/www.hosgreta.se\\\/shop\\\/shop\\\/\"},{\"@type\":\"ListItem\",\"position\":3,\"name\":\"Vanja roast 250 g\"}]},{\"@type\":\"WebSite\",\"@id\":\"https:\\\/\\\/www.hosgreta.se\\\/shop\\\/#website\",\"url\":\"https:\\\/\\\/www.hosgreta.se\\\/shop\\\/\",\"name\":\"Hos Greta\",\"description\":\"Vi v\u00e4ljer ut v\u00e5ra varum\u00e4rken med stor omsorg.\",\"publisher\":{\"@id\":\"https:\\\/\\\/www.hosgreta.se\\\/shop\\\/#organization\"},\"potentialAction\":[{\"@type\":\"SearchAction\",\"target\":{\"@type\":\"EntryPoint\",\"urlTemplate\":\"https:\\\/\\\/www.hosgreta.se\\\/shop\\\/?s={search_term_string}\"},\"query-input\":{\"@type\":\"PropertyValueSpecification\",\"valueRequired\":true,\"valueName\":\"search_term_string\"}}],\"inLanguage\":\"sv-SE\"},{\"@type\":\"Organization\",\"@id\":\"https:\\\/\\\/www.hosgreta.se\\\/shop\\\/#organization\",\"name\":\"Hos Greta\",\"url\":\"https:\\\/\\\/www.hosgreta.se\\\/shop\\\/\",\"logo\":{\"@type\":\"ImageObject\",\"inLanguage\":\"sv-SE\",\"@id\":\"https:\\\/\\\/www.hosgreta.se\\\/shop\\\/#\\\/schema\\\/logo\\\/image\\\/\",\"url\":\"https:\\\/\\\/www.hosgreta.se\\\/shop\\\/wp-content\\\/uploads\\\/2018\\\/03\\\/Logo_HosGreta_svart.png\",\"contentUrl\":\"https:\\\/\\\/www.hosgreta.se\\\/shop\\\/wp-content\\\/uploads\\\/2018\\\/03\\\/Logo_HosGreta_svart.png\",\"width\":851,\"height\":851,\"caption\":\"Hos Greta\"},\"image\":{\"@id\":\"https:\\\/\\\/www.hosgreta.se\\\/shop\\\/#\\\/schema\\\/logo\\\/image\\\/\"},\"sameAs\":[\"https:\\\/\\\/www.facebook.com\\\/hosgreta\",\"https:\\\/\\\/www.instagram.com\\\/hosgreta\"]}]}<\/script>\n<!-- \/ Yoast SEO plugin. -->","yoast_head_json":{"title":"Vanja roast 250 g - Hos Greta","robots":{"index":"index","follow":"follow","max-snippet":"max-snippet:-1","max-image-preview":"max-image-preview:large","max-video-preview":"max-video-preview:-1"},"canonical":"https:\/\/www.hosgreta.se\/shop\/produkt\/vanja-roast-250-g\/","og_locale":"sv_SE","og_type":"article","og_title":"Vanja roast 250 g - Hos Greta","og_description":"M\u00f6rkrost, malen Med smak av hasseln\u00f6t, kakao och brunt socker. Kaffet inneh\u00e5ller inte sp\u00e5r av n\u00f6tter.  Styrka: 8 Passar att pressas och bryggas.  Detta kaffe \u00e4r en mellanrost gjord p\u00e5 eleganta kaffeb\u00f6nor s\u00e5 kallade SHB (StrictlyHard Bean), Endast kaffe fr\u00e5n h\u00f6g h\u00f6jd f\u00e5r graderas SHB. N\u00e5got som g\u00f6r att de b\u00e5de v\u00e4xer l\u00e5ngsammare och ger en mer maximalt utvecklade aromer. Fylligt och smakrikt kaffe med en rostad kolaarom och frisk blommig syrlighet i eftersmak.","og_url":"https:\/\/www.hosgreta.se\/shop\/produkt\/vanja-roast-250-g\/","og_site_name":"Hos Greta","article_publisher":"https:\/\/www.facebook.com\/hosgreta","article_modified_time":"2026-03-31T19:01:01+00:00","twitter_card":"summary_large_image","twitter_misc":{"Ber\u00e4knad l\u00e4stid":"1 minut"},"schema":{"@context":"https:\/\/schema.org","@graph":[{"@type":"WebPage","@id":"https:\/\/www.hosgreta.se\/shop\/produkt\/vanja-roast-250-g\/","url":"https:\/\/www.hosgreta.se\/shop\/produkt\/vanja-roast-250-g\/","name":"Vanja roast 250 g - Hos Greta","isPartOf":{"@id":"https:\/\/www.hosgreta.se\/shop\/#website"},"datePublished":"2020-09-09T15:31:13+00:00","dateModified":"2026-03-31T19:01:01+00:00","breadcrumb":{"@id":"https:\/\/www.hosgreta.se\/shop\/produkt\/vanja-roast-250-g\/#breadcrumb"},"inLanguage":"sv-SE","potentialAction":[{"@type":"ReadAction","target":["https:\/\/www.hosgreta.se\/shop\/produkt\/vanja-roast-250-g\/"]}]},{"@type":"BreadcrumbList","@id":"https:\/\/www.hosgreta.se\/shop\/produkt\/vanja-roast-250-g\/#breadcrumb","itemListElement":[{"@type":"ListItem","position":1,"name":"Hem","item":"https:\/\/www.hosgreta.se\/shop\/"},{"@type":"ListItem","position":2,"name":"Shop","item":"https:\/\/www.hosgreta.se\/shop\/shop\/"},{"@type":"ListItem","position":3,"name":"Vanja roast 250 g"}]},{"@type":"WebSite","@id":"https:\/\/www.hosgreta.se\/shop\/#website","url":"https:\/\/www.hosgreta.se\/shop\/","name":"Hos Greta","description":"Vi v\u00e4ljer ut v\u00e5ra varum\u00e4rken med stor omsorg.","publisher":{"@id":"https:\/\/www.hosgreta.se\/shop\/#organization"},"potentialAction":[{"@type":"SearchAction","target":{"@type":"EntryPoint","urlTemplate":"https:\/\/www.hosgreta.se\/shop\/?s={search_term_string}"},"query-input":{"@type":"PropertyValueSpecification","valueRequired":true,"valueName":"search_term_string"}}],"inLanguage":"sv-SE"},{"@type":"Organization","@id":"https:\/\/www.hosgreta.se\/shop\/#organization","name":"Hos Greta","url":"https:\/\/www.hosgreta.se\/shop\/","logo":{"@type":"ImageObject","inLanguage":"sv-SE","@id":"https:\/\/www.hosgreta.se\/shop\/#\/schema\/logo\/image\/","url":"https:\/\/www.hosgreta.se\/shop\/wp-content\/uploads\/2018\/03\/Logo_HosGreta_svart.png","contentUrl":"https:\/\/www.hosgreta.se\/shop\/wp-content\/uploads\/2018\/03\/Logo_HosGreta_svart.png","width":851,"height":851,"caption":"Hos Greta"},"image":{"@id":"https:\/\/www.hosgreta.se\/shop\/#\/schema\/logo\/image\/"},"sameAs":["https:\/\/www.facebook.com\/hosgreta","https:\/\/www.instagram.com\/hosgreta"]}]}},"kroconnect":{"tax_rate":6,"price_inc_vat":{"regular_price":69},"price_ex_vat":{"regular_price":65.09434}},"brands":[{"id":317,"name":"Svanfeldts Coffee","slug":"svanfeldts-coffee"}],"_links":{"self":[{"href":"https:\/\/www.hosgreta.se\/shop\/wp-json\/wp\/v2\/product\/184252","targetHints":{"allow":["GET"]}}],"collection":[{"href":"https:\/\/www.hosgreta.se\/shop\/wp-json\/wp\/v2\/product"}],"about":[{"href":"https:\/\/www.hosgreta.se\/shop\/wp-json\/wp\/v2\/types\/product"}],"replies":[{"embeddable":true,"href":"https:\/\/www.hosgreta.se\/shop\/wp-json\/wp\/v2\/comments?post=184252"}],"wp:attachment":[{"href":"https:\/\/www.hosgreta.se\/shop\/wp-json\/wp\/v2\/media?parent=184252"}],"wp:term":[{"taxonomy":"pwb-brand","embeddable":true,"href":"https:\/\/www.hosgreta.se\/shop\/wp-json\/wp\/v2\/pwb-brand?post=184252"},{"taxonomy":"product_brand","embeddable":true,"href":"https:\/\/www.hosgreta.se\/shop\/wp-json\/wp\/v2\/product_brand?post=184252"},{"taxonomy":"product_cat","embeddable":true,"href":"https:\/\/www.hosgreta.se\/shop\/wp-json\/wp\/v2\/product_cat?post=184252"},{"taxonomy":"product_tag","embeddable":true,"href":"https:\/\/www.hosgreta.se\/shop\/wp-json\/wp\/v2\/product_tag?post=184252"}],"curies":[{"name":"wp","href":"https:\/\/api.w.org\/{rel}","templated":true}]}}