{"id":222608,"date":"2021-01-21T17:42:53","date_gmt":"2021-01-21T16:42:53","guid":{"rendered":"https:\/\/www.hosgreta.se\/shop\/?post_type=product&#038;p=222608"},"modified":"2023-12-16T00:16:28","modified_gmt":"2023-12-15T23:16:28","slug":"axlings-lavendelkudde-struktur-mork","status":"publish","type":"product","link":"https:\/\/www.hosgreta.se\/shop\/produkt\/axlings-lavendelkudde-struktur-mork\/","title":{"rendered":"Axlings Lavendelkudde Struktur m\u00f6rk"},"content":{"rendered":"<p>100% lin och fransk lavendel<\/p>\n","protected":false},"excerpt":{"rendered":"<p>Tre lavendelkuddar av lin fyllda med fransk lavendel. Lavendel har m\u00e5nga positiva egenskaper. F\u00f6rutom god och fr\u00e4sch doft i linnesk\u00e5p s\u00e5 \u00e4r lavendel lugnande. Dessutom skyr sm\u00e5kryp och insekter doften. varf\u00f6r lavendel sedan urminnes tider anv\u00e4nts f\u00f6r att h\u00e5lla dem borta. Ett tips \u00e4r att alltid ha med n\u00e5gra lavendelkuddar i resv\u00e4skan f\u00f6r att minimera risken att objudna g\u00e4ster av misstag f\u00f6ljer med hem.<\/p>\n","protected":false},"featured_media":222738,"comment_status":"closed","ping_status":"closed","template":"","meta":[],"pwb-brand":[304],"product_brand":[],"product_cat":[74,130],"product_tag":[],"class_list":{"0":"post-222608","1":"product","2":"type-product","3":"status-publish","4":"has-post-thumbnail","6":"pwb-brand-axlings","7":"product_cat-inredning","8":"product_cat-kokshanddukar","10":"first","11":"outofstock","12":"taxable","13":"shipping-taxable","14":"purchasable","15":"product-type-simple"},"yoast_head":"<!-- This site is optimized with the Yoast SEO plugin v27.4 - https:\/\/yoast.com\/product\/yoast-seo-wordpress\/ -->\n<title>Axlings Lavendelkudde Struktur m\u00f6rk - Hos Greta<\/title>\n<meta name=\"robots\" content=\"index, follow, max-snippet:-1, max-image-preview:large, max-video-preview:-1\" \/>\n<link rel=\"canonical\" href=\"https:\/\/www.hosgreta.se\/shop\/produkt\/axlings-lavendelkudde-struktur-mork\/\" \/>\n<meta property=\"og:locale\" content=\"sv_SE\" \/>\n<meta property=\"og:type\" content=\"article\" \/>\n<meta property=\"og:title\" content=\"Axlings Lavendelkudde Struktur m\u00f6rk - Hos Greta\" \/>\n<meta property=\"og:description\" content=\"Tre lavendelkuddar av lin fyllda med fransk lavendel. Lavendel har m\u00e5nga positiva egenskaper. F\u00f6rutom god och fr\u00e4sch doft i linnesk\u00e5p s\u00e5 \u00e4r lavendel lugnande. Dessutom skyr sm\u00e5kryp och insekter doften. varf\u00f6r lavendel sedan urminnes tider anv\u00e4nts f\u00f6r att h\u00e5lla dem borta. Ett tips \u00e4r att alltid ha med n\u00e5gra lavendelkuddar i resv\u00e4skan f\u00f6r att minimera risken att objudna g\u00e4ster av misstag f\u00f6ljer med hem.\" \/>\n<meta property=\"og:url\" content=\"https:\/\/www.hosgreta.se\/shop\/produkt\/axlings-lavendelkudde-struktur-mork\/\" \/>\n<meta property=\"og:site_name\" content=\"Hos Greta\" \/>\n<meta property=\"article:publisher\" content=\"https:\/\/www.facebook.com\/hosgreta\" \/>\n<meta property=\"article:modified_time\" content=\"2023-12-15T23:16:28+00:00\" \/>\n<meta property=\"og:image\" content=\"https:\/\/www.hosgreta.se\/shop\/wp-content\/uploads\/2021\/01\/Axlings-Lavendelkudde-Struktur-mork.jpg\" \/>\n\t<meta property=\"og:image:width\" content=\"600\" \/>\n\t<meta property=\"og:image:height\" content=\"600\" \/>\n\t<meta property=\"og:image:type\" content=\"image\/jpeg\" \/>\n<meta name=\"twitter:card\" content=\"summary_large_image\" \/>\n<script type=\"application\/ld+json\" class=\"yoast-schema-graph\">{\"@context\":\"https:\\\/\\\/schema.org\",\"@graph\":[{\"@type\":\"WebPage\",\"@id\":\"https:\\\/\\\/www.hosgreta.se\\\/shop\\\/produkt\\\/axlings-lavendelkudde-struktur-mork\\\/\",\"url\":\"https:\\\/\\\/www.hosgreta.se\\\/shop\\\/produkt\\\/axlings-lavendelkudde-struktur-mork\\\/\",\"name\":\"Axlings Lavendelkudde Struktur m\u00f6rk - Hos Greta\",\"isPartOf\":{\"@id\":\"https:\\\/\\\/www.hosgreta.se\\\/shop\\\/#website\"},\"primaryImageOfPage\":{\"@id\":\"https:\\\/\\\/www.hosgreta.se\\\/shop\\\/produkt\\\/axlings-lavendelkudde-struktur-mork\\\/#primaryimage\"},\"image\":{\"@id\":\"https:\\\/\\\/www.hosgreta.se\\\/shop\\\/produkt\\\/axlings-lavendelkudde-struktur-mork\\\/#primaryimage\"},\"thumbnailUrl\":\"https:\\\/\\\/www.hosgreta.se\\\/shop\\\/wp-content\\\/uploads\\\/2021\\\/01\\\/Axlings-Lavendelkudde-Struktur-mork.jpg\",\"datePublished\":\"2021-01-21T16:42:53+00:00\",\"dateModified\":\"2023-12-15T23:16:28+00:00\",\"breadcrumb\":{\"@id\":\"https:\\\/\\\/www.hosgreta.se\\\/shop\\\/produkt\\\/axlings-lavendelkudde-struktur-mork\\\/#breadcrumb\"},\"inLanguage\":\"sv-SE\",\"potentialAction\":[{\"@type\":\"ReadAction\",\"target\":[\"https:\\\/\\\/www.hosgreta.se\\\/shop\\\/produkt\\\/axlings-lavendelkudde-struktur-mork\\\/\"]}]},{\"@type\":\"ImageObject\",\"inLanguage\":\"sv-SE\",\"@id\":\"https:\\\/\\\/www.hosgreta.se\\\/shop\\\/produkt\\\/axlings-lavendelkudde-struktur-mork\\\/#primaryimage\",\"url\":\"https:\\\/\\\/www.hosgreta.se\\\/shop\\\/wp-content\\\/uploads\\\/2021\\\/01\\\/Axlings-Lavendelkudde-Struktur-mork.jpg\",\"contentUrl\":\"https:\\\/\\\/www.hosgreta.se\\\/shop\\\/wp-content\\\/uploads\\\/2021\\\/01\\\/Axlings-Lavendelkudde-Struktur-mork.jpg\",\"width\":600,\"height\":600,\"caption\":\"Axlings Lavendelkudde Struktur m\u00f6rk\"},{\"@type\":\"BreadcrumbList\",\"@id\":\"https:\\\/\\\/www.hosgreta.se\\\/shop\\\/produkt\\\/axlings-lavendelkudde-struktur-mork\\\/#breadcrumb\",\"itemListElement\":[{\"@type\":\"ListItem\",\"position\":1,\"name\":\"Hem\",\"item\":\"https:\\\/\\\/www.hosgreta.se\\\/shop\\\/\"},{\"@type\":\"ListItem\",\"position\":2,\"name\":\"Shop\",\"item\":\"https:\\\/\\\/www.hosgreta.se\\\/shop\\\/shop\\\/\"},{\"@type\":\"ListItem\",\"position\":3,\"name\":\"Axlings Lavendelkudde Struktur m\u00f6rk\"}]},{\"@type\":\"WebSite\",\"@id\":\"https:\\\/\\\/www.hosgreta.se\\\/shop\\\/#website\",\"url\":\"https:\\\/\\\/www.hosgreta.se\\\/shop\\\/\",\"name\":\"Hos Greta\",\"description\":\"Vi v\u00e4ljer ut v\u00e5ra varum\u00e4rken med stor omsorg.\",\"publisher\":{\"@id\":\"https:\\\/\\\/www.hosgreta.se\\\/shop\\\/#organization\"},\"potentialAction\":[{\"@type\":\"SearchAction\",\"target\":{\"@type\":\"EntryPoint\",\"urlTemplate\":\"https:\\\/\\\/www.hosgreta.se\\\/shop\\\/?s={search_term_string}\"},\"query-input\":{\"@type\":\"PropertyValueSpecification\",\"valueRequired\":true,\"valueName\":\"search_term_string\"}}],\"inLanguage\":\"sv-SE\"},{\"@type\":\"Organization\",\"@id\":\"https:\\\/\\\/www.hosgreta.se\\\/shop\\\/#organization\",\"name\":\"Hos Greta\",\"url\":\"https:\\\/\\\/www.hosgreta.se\\\/shop\\\/\",\"logo\":{\"@type\":\"ImageObject\",\"inLanguage\":\"sv-SE\",\"@id\":\"https:\\\/\\\/www.hosgreta.se\\\/shop\\\/#\\\/schema\\\/logo\\\/image\\\/\",\"url\":\"https:\\\/\\\/www.hosgreta.se\\\/shop\\\/wp-content\\\/uploads\\\/2018\\\/03\\\/Logo_HosGreta_svart.png\",\"contentUrl\":\"https:\\\/\\\/www.hosgreta.se\\\/shop\\\/wp-content\\\/uploads\\\/2018\\\/03\\\/Logo_HosGreta_svart.png\",\"width\":851,\"height\":851,\"caption\":\"Hos Greta\"},\"image\":{\"@id\":\"https:\\\/\\\/www.hosgreta.se\\\/shop\\\/#\\\/schema\\\/logo\\\/image\\\/\"},\"sameAs\":[\"https:\\\/\\\/www.facebook.com\\\/hosgreta\",\"https:\\\/\\\/www.instagram.com\\\/hosgreta\"]}]}<\/script>\n<!-- \/ Yoast SEO plugin. -->","yoast_head_json":{"title":"Axlings Lavendelkudde Struktur m\u00f6rk - Hos Greta","robots":{"index":"index","follow":"follow","max-snippet":"max-snippet:-1","max-image-preview":"max-image-preview:large","max-video-preview":"max-video-preview:-1"},"canonical":"https:\/\/www.hosgreta.se\/shop\/produkt\/axlings-lavendelkudde-struktur-mork\/","og_locale":"sv_SE","og_type":"article","og_title":"Axlings Lavendelkudde Struktur m\u00f6rk - Hos Greta","og_description":"Tre lavendelkuddar av lin fyllda med fransk lavendel. Lavendel har m\u00e5nga positiva egenskaper. F\u00f6rutom god och fr\u00e4sch doft i linnesk\u00e5p s\u00e5 \u00e4r lavendel lugnande. Dessutom skyr sm\u00e5kryp och insekter doften. varf\u00f6r lavendel sedan urminnes tider anv\u00e4nts f\u00f6r att h\u00e5lla dem borta. Ett tips \u00e4r att alltid ha med n\u00e5gra lavendelkuddar i resv\u00e4skan f\u00f6r att minimera risken att objudna g\u00e4ster av misstag f\u00f6ljer med hem.","og_url":"https:\/\/www.hosgreta.se\/shop\/produkt\/axlings-lavendelkudde-struktur-mork\/","og_site_name":"Hos Greta","article_publisher":"https:\/\/www.facebook.com\/hosgreta","article_modified_time":"2023-12-15T23:16:28+00:00","og_image":[{"width":600,"height":600,"url":"https:\/\/www.hosgreta.se\/shop\/wp-content\/uploads\/2021\/01\/Axlings-Lavendelkudde-Struktur-mork.jpg","type":"image\/jpeg"}],"twitter_card":"summary_large_image","schema":{"@context":"https:\/\/schema.org","@graph":[{"@type":"WebPage","@id":"https:\/\/www.hosgreta.se\/shop\/produkt\/axlings-lavendelkudde-struktur-mork\/","url":"https:\/\/www.hosgreta.se\/shop\/produkt\/axlings-lavendelkudde-struktur-mork\/","name":"Axlings Lavendelkudde Struktur m\u00f6rk - Hos Greta","isPartOf":{"@id":"https:\/\/www.hosgreta.se\/shop\/#website"},"primaryImageOfPage":{"@id":"https:\/\/www.hosgreta.se\/shop\/produkt\/axlings-lavendelkudde-struktur-mork\/#primaryimage"},"image":{"@id":"https:\/\/www.hosgreta.se\/shop\/produkt\/axlings-lavendelkudde-struktur-mork\/#primaryimage"},"thumbnailUrl":"https:\/\/www.hosgreta.se\/shop\/wp-content\/uploads\/2021\/01\/Axlings-Lavendelkudde-Struktur-mork.jpg","datePublished":"2021-01-21T16:42:53+00:00","dateModified":"2023-12-15T23:16:28+00:00","breadcrumb":{"@id":"https:\/\/www.hosgreta.se\/shop\/produkt\/axlings-lavendelkudde-struktur-mork\/#breadcrumb"},"inLanguage":"sv-SE","potentialAction":[{"@type":"ReadAction","target":["https:\/\/www.hosgreta.se\/shop\/produkt\/axlings-lavendelkudde-struktur-mork\/"]}]},{"@type":"ImageObject","inLanguage":"sv-SE","@id":"https:\/\/www.hosgreta.se\/shop\/produkt\/axlings-lavendelkudde-struktur-mork\/#primaryimage","url":"https:\/\/www.hosgreta.se\/shop\/wp-content\/uploads\/2021\/01\/Axlings-Lavendelkudde-Struktur-mork.jpg","contentUrl":"https:\/\/www.hosgreta.se\/shop\/wp-content\/uploads\/2021\/01\/Axlings-Lavendelkudde-Struktur-mork.jpg","width":600,"height":600,"caption":"Axlings Lavendelkudde Struktur m\u00f6rk"},{"@type":"BreadcrumbList","@id":"https:\/\/www.hosgreta.se\/shop\/produkt\/axlings-lavendelkudde-struktur-mork\/#breadcrumb","itemListElement":[{"@type":"ListItem","position":1,"name":"Hem","item":"https:\/\/www.hosgreta.se\/shop\/"},{"@type":"ListItem","position":2,"name":"Shop","item":"https:\/\/www.hosgreta.se\/shop\/shop\/"},{"@type":"ListItem","position":3,"name":"Axlings Lavendelkudde Struktur m\u00f6rk"}]},{"@type":"WebSite","@id":"https:\/\/www.hosgreta.se\/shop\/#website","url":"https:\/\/www.hosgreta.se\/shop\/","name":"Hos Greta","description":"Vi v\u00e4ljer ut v\u00e5ra varum\u00e4rken med stor omsorg.","publisher":{"@id":"https:\/\/www.hosgreta.se\/shop\/#organization"},"potentialAction":[{"@type":"SearchAction","target":{"@type":"EntryPoint","urlTemplate":"https:\/\/www.hosgreta.se\/shop\/?s={search_term_string}"},"query-input":{"@type":"PropertyValueSpecification","valueRequired":true,"valueName":"search_term_string"}}],"inLanguage":"sv-SE"},{"@type":"Organization","@id":"https:\/\/www.hosgreta.se\/shop\/#organization","name":"Hos Greta","url":"https:\/\/www.hosgreta.se\/shop\/","logo":{"@type":"ImageObject","inLanguage":"sv-SE","@id":"https:\/\/www.hosgreta.se\/shop\/#\/schema\/logo\/image\/","url":"https:\/\/www.hosgreta.se\/shop\/wp-content\/uploads\/2018\/03\/Logo_HosGreta_svart.png","contentUrl":"https:\/\/www.hosgreta.se\/shop\/wp-content\/uploads\/2018\/03\/Logo_HosGreta_svart.png","width":851,"height":851,"caption":"Hos Greta"},"image":{"@id":"https:\/\/www.hosgreta.se\/shop\/#\/schema\/logo\/image\/"},"sameAs":["https:\/\/www.facebook.com\/hosgreta","https:\/\/www.instagram.com\/hosgreta"]}]}},"kroconnect":{"tax_rate":25,"price_inc_vat":{"regular_price":189},"price_ex_vat":{"regular_price":151.2}},"brands":[{"id":304,"name":"Axlings","slug":"axlings"}],"_links":{"self":[{"href":"https:\/\/www.hosgreta.se\/shop\/wp-json\/wp\/v2\/product\/222608","targetHints":{"allow":["GET"]}}],"collection":[{"href":"https:\/\/www.hosgreta.se\/shop\/wp-json\/wp\/v2\/product"}],"about":[{"href":"https:\/\/www.hosgreta.se\/shop\/wp-json\/wp\/v2\/types\/product"}],"replies":[{"embeddable":true,"href":"https:\/\/www.hosgreta.se\/shop\/wp-json\/wp\/v2\/comments?post=222608"}],"wp:featuredmedia":[{"embeddable":true,"href":"https:\/\/www.hosgreta.se\/shop\/wp-json\/wp\/v2\/media\/222738"}],"wp:attachment":[{"href":"https:\/\/www.hosgreta.se\/shop\/wp-json\/wp\/v2\/media?parent=222608"}],"wp:term":[{"taxonomy":"pwb-brand","embeddable":true,"href":"https:\/\/www.hosgreta.se\/shop\/wp-json\/wp\/v2\/pwb-brand?post=222608"},{"taxonomy":"product_brand","embeddable":true,"href":"https:\/\/www.hosgreta.se\/shop\/wp-json\/wp\/v2\/product_brand?post=222608"},{"taxonomy":"product_cat","embeddable":true,"href":"https:\/\/www.hosgreta.se\/shop\/wp-json\/wp\/v2\/product_cat?post=222608"},{"taxonomy":"product_tag","embeddable":true,"href":"https:\/\/www.hosgreta.se\/shop\/wp-json\/wp\/v2\/product_tag?post=222608"}],"curies":[{"name":"wp","href":"https:\/\/api.w.org\/{rel}","templated":true}]}}