{"id":222613,"date":"2021-01-21T17:45:15","date_gmt":"2021-01-21T16:45:15","guid":{"rendered":"https:\/\/www.hosgreta.se\/shop\/?post_type=product&#038;p=222613"},"modified":"2026-04-09T10:05:34","modified_gmt":"2026-04-09T08:05:34","slug":"chokladhjartan-a-bag-full-of-love","status":"publish","type":"product","link":"https:\/\/www.hosgreta.se\/shop\/produkt\/chokladhjartan-a-bag-full-of-love\/","title":{"rendered":"Chokladhj\u00e4rtan &#8211; A bag full of love"},"content":{"rendered":"<p>100 g<\/p>\n<p>Ingredienser: Skal: socker, helMJ\u00d6LKspulver, kakaosm\u00f6r, kakaomassa, emulgeringsmedel (SOJAlecitin), smak\u00e4mnen. Kakao min. 30,5%. Fyllning: vegetabiliskt fett (kokosn\u00f6tsolja, RSPO-certifierad palmk\u00e4rnsolja, solrosolja, rapsfr\u00f6solja) i varierande proportion, socker, skumMJ\u00d6LKspulver, fettreducerat kakaopulver, VASSLEPULVER, emulgeringsmedel (SOJAlecitin), smak\u00e4mnen. Kan inneh\u00e5lla N\u00d6TTER och GLUTEN.<\/p>\n<p>Producerad i Italien och handpackade i Sverige.<\/p>\n","protected":false},"excerpt":{"rendered":"<p>En p\u00e5se fylld med mj\u00f6lkchokladhj\u00e4rtan med kr\u00e4mig chokladfyllning. En p\u00e5se med k\u00e4rlek.<\/p>\n","protected":false},"featured_media":377159,"comment_status":"closed","ping_status":"closed","template":"","meta":[],"pwb-brand":[307],"product_brand":[],"product_cat":[72,80,215],"product_tag":[],"class_list":{"0":"post-222613","1":"product","2":"type-product","3":"status-publish","4":"has-post-thumbnail","6":"pwb-brand-konfektyrfabriken-i-halsingborg","7":"product_cat-atbart","8":"product_cat-choklad","9":"product_cat-godis","11":"first","12":"outofstock","13":"taxable","14":"shipping-taxable","15":"purchasable","16":"product-type-simple"},"yoast_head":"<!-- This site is optimized with the Yoast SEO plugin v27.5 - https:\/\/yoast.com\/product\/yoast-seo-wordpress\/ -->\n<title>Chokladhj\u00e4rtan - A bag full of love - Hos Greta<\/title>\n<meta name=\"description\" content=\"En p\u00e5se fylld med mj\u00f6lkchokladhj\u00e4rtan med kr\u00e4mig chokladfyllning. En p\u00e5se med k\u00e4rlek.\" \/>\n<meta name=\"robots\" content=\"index, follow, max-snippet:-1, max-image-preview:large, max-video-preview:-1\" \/>\n<link rel=\"canonical\" href=\"https:\/\/www.hosgreta.se\/shop\/produkt\/chokladhjartan-a-bag-full-of-love\/\" \/>\n<meta property=\"og:locale\" content=\"sv_SE\" \/>\n<meta property=\"og:type\" content=\"article\" \/>\n<meta property=\"og:title\" content=\"Chokladhj\u00e4rtan - A bag full of love - Hos Greta\" \/>\n<meta property=\"og:description\" content=\"En p\u00e5se fylld med mj\u00f6lkchokladhj\u00e4rtan med kr\u00e4mig chokladfyllning. En p\u00e5se med k\u00e4rlek.\" \/>\n<meta property=\"og:url\" content=\"https:\/\/www.hosgreta.se\/shop\/produkt\/chokladhjartan-a-bag-full-of-love\/\" \/>\n<meta property=\"og:site_name\" content=\"Hos Greta\" \/>\n<meta property=\"article:publisher\" content=\"https:\/\/www.facebook.com\/hosgreta\" \/>\n<meta property=\"article:modified_time\" content=\"2026-04-09T08:05:34+00:00\" \/>\n<meta property=\"og:image\" content=\"https:\/\/www.hosgreta.se\/shop\/wp-content\/uploads\/2021\/01\/Nougathjartan.png\" \/>\n\t<meta property=\"og:image:width\" content=\"700\" \/>\n\t<meta property=\"og:image:height\" content=\"701\" \/>\n\t<meta property=\"og:image:type\" content=\"image\/png\" \/>\n<meta name=\"twitter:card\" content=\"summary_large_image\" \/>\n<meta name=\"twitter:label1\" content=\"Ber\u00e4knad l\u00e4stid\" \/>\n\t<meta name=\"twitter:data1\" content=\"1 minut\" \/>\n<script type=\"application\/ld+json\" class=\"yoast-schema-graph\">{\"@context\":\"https:\\\/\\\/schema.org\",\"@graph\":[{\"@type\":\"WebPage\",\"@id\":\"https:\\\/\\\/www.hosgreta.se\\\/shop\\\/produkt\\\/chokladhjartan-a-bag-full-of-love\\\/\",\"url\":\"https:\\\/\\\/www.hosgreta.se\\\/shop\\\/produkt\\\/chokladhjartan-a-bag-full-of-love\\\/\",\"name\":\"Chokladhj\u00e4rtan - A bag full of love - Hos Greta\",\"isPartOf\":{\"@id\":\"https:\\\/\\\/www.hosgreta.se\\\/shop\\\/#website\"},\"primaryImageOfPage\":{\"@id\":\"https:\\\/\\\/www.hosgreta.se\\\/shop\\\/produkt\\\/chokladhjartan-a-bag-full-of-love\\\/#primaryimage\"},\"image\":{\"@id\":\"https:\\\/\\\/www.hosgreta.se\\\/shop\\\/produkt\\\/chokladhjartan-a-bag-full-of-love\\\/#primaryimage\"},\"thumbnailUrl\":\"https:\\\/\\\/www.hosgreta.se\\\/shop\\\/wp-content\\\/uploads\\\/2021\\\/01\\\/Nougathjartan.png\",\"datePublished\":\"2021-01-21T16:45:15+00:00\",\"dateModified\":\"2026-04-09T08:05:34+00:00\",\"description\":\"En p\u00e5se fylld med mj\u00f6lkchokladhj\u00e4rtan med kr\u00e4mig chokladfyllning. En p\u00e5se med k\u00e4rlek.\",\"breadcrumb\":{\"@id\":\"https:\\\/\\\/www.hosgreta.se\\\/shop\\\/produkt\\\/chokladhjartan-a-bag-full-of-love\\\/#breadcrumb\"},\"inLanguage\":\"sv-SE\",\"potentialAction\":[{\"@type\":\"ReadAction\",\"target\":[\"https:\\\/\\\/www.hosgreta.se\\\/shop\\\/produkt\\\/chokladhjartan-a-bag-full-of-love\\\/\"]}]},{\"@type\":\"ImageObject\",\"inLanguage\":\"sv-SE\",\"@id\":\"https:\\\/\\\/www.hosgreta.se\\\/shop\\\/produkt\\\/chokladhjartan-a-bag-full-of-love\\\/#primaryimage\",\"url\":\"https:\\\/\\\/www.hosgreta.se\\\/shop\\\/wp-content\\\/uploads\\\/2021\\\/01\\\/Nougathjartan.png\",\"contentUrl\":\"https:\\\/\\\/www.hosgreta.se\\\/shop\\\/wp-content\\\/uploads\\\/2021\\\/01\\\/Nougathjartan.png\",\"width\":700,\"height\":701},{\"@type\":\"BreadcrumbList\",\"@id\":\"https:\\\/\\\/www.hosgreta.se\\\/shop\\\/produkt\\\/chokladhjartan-a-bag-full-of-love\\\/#breadcrumb\",\"itemListElement\":[{\"@type\":\"ListItem\",\"position\":1,\"name\":\"Hem\",\"item\":\"https:\\\/\\\/www.hosgreta.se\\\/shop\\\/\"},{\"@type\":\"ListItem\",\"position\":2,\"name\":\"Shop\",\"item\":\"https:\\\/\\\/www.hosgreta.se\\\/shop\\\/shop\\\/\"},{\"@type\":\"ListItem\",\"position\":3,\"name\":\"Chokladhj\u00e4rtan &#8211; A bag full of love\"}]},{\"@type\":\"WebSite\",\"@id\":\"https:\\\/\\\/www.hosgreta.se\\\/shop\\\/#website\",\"url\":\"https:\\\/\\\/www.hosgreta.se\\\/shop\\\/\",\"name\":\"Hos Greta\",\"description\":\"Vi v\u00e4ljer ut v\u00e5ra varum\u00e4rken med stor omsorg.\",\"publisher\":{\"@id\":\"https:\\\/\\\/www.hosgreta.se\\\/shop\\\/#organization\"},\"potentialAction\":[{\"@type\":\"SearchAction\",\"target\":{\"@type\":\"EntryPoint\",\"urlTemplate\":\"https:\\\/\\\/www.hosgreta.se\\\/shop\\\/?s={search_term_string}\"},\"query-input\":{\"@type\":\"PropertyValueSpecification\",\"valueRequired\":true,\"valueName\":\"search_term_string\"}}],\"inLanguage\":\"sv-SE\"},{\"@type\":\"Organization\",\"@id\":\"https:\\\/\\\/www.hosgreta.se\\\/shop\\\/#organization\",\"name\":\"Hos Greta\",\"url\":\"https:\\\/\\\/www.hosgreta.se\\\/shop\\\/\",\"logo\":{\"@type\":\"ImageObject\",\"inLanguage\":\"sv-SE\",\"@id\":\"https:\\\/\\\/www.hosgreta.se\\\/shop\\\/#\\\/schema\\\/logo\\\/image\\\/\",\"url\":\"https:\\\/\\\/www.hosgreta.se\\\/shop\\\/wp-content\\\/uploads\\\/2018\\\/03\\\/Logo_HosGreta_svart.png\",\"contentUrl\":\"https:\\\/\\\/www.hosgreta.se\\\/shop\\\/wp-content\\\/uploads\\\/2018\\\/03\\\/Logo_HosGreta_svart.png\",\"width\":851,\"height\":851,\"caption\":\"Hos Greta\"},\"image\":{\"@id\":\"https:\\\/\\\/www.hosgreta.se\\\/shop\\\/#\\\/schema\\\/logo\\\/image\\\/\"},\"sameAs\":[\"https:\\\/\\\/www.facebook.com\\\/hosgreta\",\"https:\\\/\\\/www.instagram.com\\\/hosgreta\"]}]}<\/script>\n<!-- \/ Yoast SEO plugin. -->","yoast_head_json":{"title":"Chokladhj\u00e4rtan - A bag full of love - Hos Greta","description":"En p\u00e5se fylld med mj\u00f6lkchokladhj\u00e4rtan med kr\u00e4mig chokladfyllning. En p\u00e5se med k\u00e4rlek.","robots":{"index":"index","follow":"follow","max-snippet":"max-snippet:-1","max-image-preview":"max-image-preview:large","max-video-preview":"max-video-preview:-1"},"canonical":"https:\/\/www.hosgreta.se\/shop\/produkt\/chokladhjartan-a-bag-full-of-love\/","og_locale":"sv_SE","og_type":"article","og_title":"Chokladhj\u00e4rtan - A bag full of love - Hos Greta","og_description":"En p\u00e5se fylld med mj\u00f6lkchokladhj\u00e4rtan med kr\u00e4mig chokladfyllning. En p\u00e5se med k\u00e4rlek.","og_url":"https:\/\/www.hosgreta.se\/shop\/produkt\/chokladhjartan-a-bag-full-of-love\/","og_site_name":"Hos Greta","article_publisher":"https:\/\/www.facebook.com\/hosgreta","article_modified_time":"2026-04-09T08:05:34+00:00","og_image":[{"width":700,"height":701,"url":"https:\/\/www.hosgreta.se\/shop\/wp-content\/uploads\/2021\/01\/Nougathjartan.png","type":"image\/png"}],"twitter_card":"summary_large_image","twitter_misc":{"Ber\u00e4knad l\u00e4stid":"1 minut"},"schema":{"@context":"https:\/\/schema.org","@graph":[{"@type":"WebPage","@id":"https:\/\/www.hosgreta.se\/shop\/produkt\/chokladhjartan-a-bag-full-of-love\/","url":"https:\/\/www.hosgreta.se\/shop\/produkt\/chokladhjartan-a-bag-full-of-love\/","name":"Chokladhj\u00e4rtan - A bag full of love - Hos Greta","isPartOf":{"@id":"https:\/\/www.hosgreta.se\/shop\/#website"},"primaryImageOfPage":{"@id":"https:\/\/www.hosgreta.se\/shop\/produkt\/chokladhjartan-a-bag-full-of-love\/#primaryimage"},"image":{"@id":"https:\/\/www.hosgreta.se\/shop\/produkt\/chokladhjartan-a-bag-full-of-love\/#primaryimage"},"thumbnailUrl":"https:\/\/www.hosgreta.se\/shop\/wp-content\/uploads\/2021\/01\/Nougathjartan.png","datePublished":"2021-01-21T16:45:15+00:00","dateModified":"2026-04-09T08:05:34+00:00","description":"En p\u00e5se fylld med mj\u00f6lkchokladhj\u00e4rtan med kr\u00e4mig chokladfyllning. En p\u00e5se med k\u00e4rlek.","breadcrumb":{"@id":"https:\/\/www.hosgreta.se\/shop\/produkt\/chokladhjartan-a-bag-full-of-love\/#breadcrumb"},"inLanguage":"sv-SE","potentialAction":[{"@type":"ReadAction","target":["https:\/\/www.hosgreta.se\/shop\/produkt\/chokladhjartan-a-bag-full-of-love\/"]}]},{"@type":"ImageObject","inLanguage":"sv-SE","@id":"https:\/\/www.hosgreta.se\/shop\/produkt\/chokladhjartan-a-bag-full-of-love\/#primaryimage","url":"https:\/\/www.hosgreta.se\/shop\/wp-content\/uploads\/2021\/01\/Nougathjartan.png","contentUrl":"https:\/\/www.hosgreta.se\/shop\/wp-content\/uploads\/2021\/01\/Nougathjartan.png","width":700,"height":701},{"@type":"BreadcrumbList","@id":"https:\/\/www.hosgreta.se\/shop\/produkt\/chokladhjartan-a-bag-full-of-love\/#breadcrumb","itemListElement":[{"@type":"ListItem","position":1,"name":"Hem","item":"https:\/\/www.hosgreta.se\/shop\/"},{"@type":"ListItem","position":2,"name":"Shop","item":"https:\/\/www.hosgreta.se\/shop\/shop\/"},{"@type":"ListItem","position":3,"name":"Chokladhj\u00e4rtan &#8211; A bag full of love"}]},{"@type":"WebSite","@id":"https:\/\/www.hosgreta.se\/shop\/#website","url":"https:\/\/www.hosgreta.se\/shop\/","name":"Hos Greta","description":"Vi v\u00e4ljer ut v\u00e5ra varum\u00e4rken med stor omsorg.","publisher":{"@id":"https:\/\/www.hosgreta.se\/shop\/#organization"},"potentialAction":[{"@type":"SearchAction","target":{"@type":"EntryPoint","urlTemplate":"https:\/\/www.hosgreta.se\/shop\/?s={search_term_string}"},"query-input":{"@type":"PropertyValueSpecification","valueRequired":true,"valueName":"search_term_string"}}],"inLanguage":"sv-SE"},{"@type":"Organization","@id":"https:\/\/www.hosgreta.se\/shop\/#organization","name":"Hos Greta","url":"https:\/\/www.hosgreta.se\/shop\/","logo":{"@type":"ImageObject","inLanguage":"sv-SE","@id":"https:\/\/www.hosgreta.se\/shop\/#\/schema\/logo\/image\/","url":"https:\/\/www.hosgreta.se\/shop\/wp-content\/uploads\/2018\/03\/Logo_HosGreta_svart.png","contentUrl":"https:\/\/www.hosgreta.se\/shop\/wp-content\/uploads\/2018\/03\/Logo_HosGreta_svart.png","width":851,"height":851,"caption":"Hos Greta"},"image":{"@id":"https:\/\/www.hosgreta.se\/shop\/#\/schema\/logo\/image\/"},"sameAs":["https:\/\/www.facebook.com\/hosgreta","https:\/\/www.instagram.com\/hosgreta"]}]}},"kroconnect":{"tax_rate":6,"price_inc_vat":{"regular_price":55.84},"price_ex_vat":{"regular_price":52.679245}},"brands":[{"id":307,"name":"Konfektyrfabriken i H\u00e4lsingborg","slug":"konfektyrfabriken-i-halsingborg"}],"_links":{"self":[{"href":"https:\/\/www.hosgreta.se\/shop\/wp-json\/wp\/v2\/product\/222613","targetHints":{"allow":["GET"]}}],"collection":[{"href":"https:\/\/www.hosgreta.se\/shop\/wp-json\/wp\/v2\/product"}],"about":[{"href":"https:\/\/www.hosgreta.se\/shop\/wp-json\/wp\/v2\/types\/product"}],"replies":[{"embeddable":true,"href":"https:\/\/www.hosgreta.se\/shop\/wp-json\/wp\/v2\/comments?post=222613"}],"wp:featuredmedia":[{"embeddable":true,"href":"https:\/\/www.hosgreta.se\/shop\/wp-json\/wp\/v2\/media\/377159"}],"wp:attachment":[{"href":"https:\/\/www.hosgreta.se\/shop\/wp-json\/wp\/v2\/media?parent=222613"}],"wp:term":[{"taxonomy":"pwb-brand","embeddable":true,"href":"https:\/\/www.hosgreta.se\/shop\/wp-json\/wp\/v2\/pwb-brand?post=222613"},{"taxonomy":"product_brand","embeddable":true,"href":"https:\/\/www.hosgreta.se\/shop\/wp-json\/wp\/v2\/product_brand?post=222613"},{"taxonomy":"product_cat","embeddable":true,"href":"https:\/\/www.hosgreta.se\/shop\/wp-json\/wp\/v2\/product_cat?post=222613"},{"taxonomy":"product_tag","embeddable":true,"href":"https:\/\/www.hosgreta.se\/shop\/wp-json\/wp\/v2\/product_tag?post=222613"}],"curies":[{"name":"wp","href":"https:\/\/api.w.org\/{rel}","templated":true}]}}