{"id":223774,"date":"2021-01-28T20:07:53","date_gmt":"2021-01-28T19:07:53","guid":{"rendered":"https:\/\/www.hosgreta.se\/shop\/?post_type=product&#038;p=223774"},"modified":"2023-02-02T08:53:08","modified_gmt":"2023-02-02T07:53:08","slug":"house-doctor-ljusstake-puri","status":"publish","type":"product","link":"https:\/\/www.hosgreta.se\/shop\/produkt\/house-doctor-ljusstake-puri\/","title":{"rendered":"House Doctor Ljusstake Puri"},"content":{"rendered":"<p>Storlek: 4.5&#215;32 cm<br \/>\nMaterial: J\u00e4rn<br \/>\nTv\u00e4ttinstruktioner: Torkas av med en torr trasa<\/p>\n","protected":false},"excerpt":{"rendered":"<p>Puri \u00e4r en j\u00e4rnljusstake med en r\u00e5, industriell k\u00e4nsla. House Doctor har utformat ljusstaken med en yta som visar p\u00e5 tecken fr\u00e5n tillverkningsprocessen. \u00c4rlig, r\u00e5 och unik \u00e4r ord som beskriver den h\u00e4r ljusstaken. Eller kanske \u201dperfekt imperfekt\u201d. Dess runda form \u00e4r en vacker kontrast mot kanterna runt de fyra ljush\u00e5llarna. Tack vare ljusstakens minimalistiska design kan du styla den precis som du vill. Anv\u00e4nd Puri vid advent eller f\u00f6r att f\u00e5 en sk\u00f6nt avslappnande k\u00e4nsla till vardags. Du kan v\u00e4lja precis som du vill med Puri. Passar ljus med diameter p\u00e5 2 cm.<\/p>\n","protected":false},"featured_media":223808,"comment_status":"closed","ping_status":"closed","template":"","meta":[],"pwb-brand":[222],"product_brand":[],"product_cat":[74,119],"product_tag":[],"class_list":{"0":"post-223774","1":"product","2":"type-product","3":"status-publish","4":"has-post-thumbnail","6":"pwb-brand-house-doctor","7":"product_cat-inredning","8":"product_cat-ljusstakar-ljuslyktor","10":"first","11":"outofstock","12":"taxable","13":"shipping-taxable","14":"purchasable","15":"product-type-simple"},"yoast_head":"<!-- This site is optimized with the Yoast SEO plugin v27.5 - https:\/\/yoast.com\/product\/yoast-seo-wordpress\/ -->\n<title>House Doctor Ljusstake Puri - Hos Greta<\/title>\n<meta name=\"robots\" content=\"index, follow, max-snippet:-1, max-image-preview:large, max-video-preview:-1\" \/>\n<link rel=\"canonical\" href=\"https:\/\/www.hosgreta.se\/shop\/produkt\/house-doctor-ljusstake-puri\/\" \/>\n<meta property=\"og:locale\" content=\"sv_SE\" \/>\n<meta property=\"og:type\" content=\"article\" \/>\n<meta property=\"og:title\" content=\"House Doctor Ljusstake Puri - Hos Greta\" \/>\n<meta property=\"og:description\" content=\"Puri \u00e4r en j\u00e4rnljusstake med en r\u00e5, industriell k\u00e4nsla. House Doctor har utformat ljusstaken med en yta som visar p\u00e5 tecken fr\u00e5n tillverkningsprocessen. \u00c4rlig, r\u00e5 och unik \u00e4r ord som beskriver den h\u00e4r ljusstaken. Eller kanske \u201dperfekt imperfekt\u201d. Dess runda form \u00e4r en vacker kontrast mot kanterna runt de fyra ljush\u00e5llarna. Tack vare ljusstakens minimalistiska design kan du styla den precis som du vill. Anv\u00e4nd Puri vid advent eller f\u00f6r att f\u00e5 en sk\u00f6nt avslappnande k\u00e4nsla till vardags. Du kan v\u00e4lja precis som du vill med Puri. Passar ljus med diameter p\u00e5 2 cm.\" \/>\n<meta property=\"og:url\" content=\"https:\/\/www.hosgreta.se\/shop\/produkt\/house-doctor-ljusstake-puri\/\" \/>\n<meta property=\"og:site_name\" content=\"Hos Greta\" \/>\n<meta property=\"article:publisher\" content=\"https:\/\/www.facebook.com\/hosgreta\" \/>\n<meta property=\"article:modified_time\" content=\"2023-02-02T07:53:08+00:00\" \/>\n<meta property=\"og:image\" content=\"https:\/\/www.hosgreta.se\/shop\/wp-content\/uploads\/2021\/01\/House-Doctor-Ljusstake-Puri.jpg\" \/>\n\t<meta property=\"og:image:width\" content=\"800\" \/>\n\t<meta property=\"og:image:height\" content=\"800\" \/>\n\t<meta property=\"og:image:type\" content=\"image\/jpeg\" \/>\n<meta name=\"twitter:card\" content=\"summary_large_image\" \/>\n<script type=\"application\/ld+json\" class=\"yoast-schema-graph\">{\"@context\":\"https:\\\/\\\/schema.org\",\"@graph\":[{\"@type\":\"WebPage\",\"@id\":\"https:\\\/\\\/www.hosgreta.se\\\/shop\\\/produkt\\\/house-doctor-ljusstake-puri\\\/\",\"url\":\"https:\\\/\\\/www.hosgreta.se\\\/shop\\\/produkt\\\/house-doctor-ljusstake-puri\\\/\",\"name\":\"House Doctor Ljusstake Puri - Hos Greta\",\"isPartOf\":{\"@id\":\"https:\\\/\\\/www.hosgreta.se\\\/shop\\\/#website\"},\"primaryImageOfPage\":{\"@id\":\"https:\\\/\\\/www.hosgreta.se\\\/shop\\\/produkt\\\/house-doctor-ljusstake-puri\\\/#primaryimage\"},\"image\":{\"@id\":\"https:\\\/\\\/www.hosgreta.se\\\/shop\\\/produkt\\\/house-doctor-ljusstake-puri\\\/#primaryimage\"},\"thumbnailUrl\":\"https:\\\/\\\/www.hosgreta.se\\\/shop\\\/wp-content\\\/uploads\\\/2021\\\/01\\\/House-Doctor-Ljusstake-Puri.jpg\",\"datePublished\":\"2021-01-28T19:07:53+00:00\",\"dateModified\":\"2023-02-02T07:53:08+00:00\",\"breadcrumb\":{\"@id\":\"https:\\\/\\\/www.hosgreta.se\\\/shop\\\/produkt\\\/house-doctor-ljusstake-puri\\\/#breadcrumb\"},\"inLanguage\":\"sv-SE\",\"potentialAction\":[{\"@type\":\"ReadAction\",\"target\":[\"https:\\\/\\\/www.hosgreta.se\\\/shop\\\/produkt\\\/house-doctor-ljusstake-puri\\\/\"]}]},{\"@type\":\"ImageObject\",\"inLanguage\":\"sv-SE\",\"@id\":\"https:\\\/\\\/www.hosgreta.se\\\/shop\\\/produkt\\\/house-doctor-ljusstake-puri\\\/#primaryimage\",\"url\":\"https:\\\/\\\/www.hosgreta.se\\\/shop\\\/wp-content\\\/uploads\\\/2021\\\/01\\\/House-Doctor-Ljusstake-Puri.jpg\",\"contentUrl\":\"https:\\\/\\\/www.hosgreta.se\\\/shop\\\/wp-content\\\/uploads\\\/2021\\\/01\\\/House-Doctor-Ljusstake-Puri.jpg\",\"width\":800,\"height\":800,\"caption\":\"House Doctor Ljusstake Puri\"},{\"@type\":\"BreadcrumbList\",\"@id\":\"https:\\\/\\\/www.hosgreta.se\\\/shop\\\/produkt\\\/house-doctor-ljusstake-puri\\\/#breadcrumb\",\"itemListElement\":[{\"@type\":\"ListItem\",\"position\":1,\"name\":\"Hem\",\"item\":\"https:\\\/\\\/www.hosgreta.se\\\/shop\\\/\"},{\"@type\":\"ListItem\",\"position\":2,\"name\":\"Shop\",\"item\":\"https:\\\/\\\/www.hosgreta.se\\\/shop\\\/shop\\\/\"},{\"@type\":\"ListItem\",\"position\":3,\"name\":\"House Doctor Ljusstake Puri\"}]},{\"@type\":\"WebSite\",\"@id\":\"https:\\\/\\\/www.hosgreta.se\\\/shop\\\/#website\",\"url\":\"https:\\\/\\\/www.hosgreta.se\\\/shop\\\/\",\"name\":\"Hos Greta\",\"description\":\"Vi v\u00e4ljer ut v\u00e5ra varum\u00e4rken med stor omsorg.\",\"publisher\":{\"@id\":\"https:\\\/\\\/www.hosgreta.se\\\/shop\\\/#organization\"},\"potentialAction\":[{\"@type\":\"SearchAction\",\"target\":{\"@type\":\"EntryPoint\",\"urlTemplate\":\"https:\\\/\\\/www.hosgreta.se\\\/shop\\\/?s={search_term_string}\"},\"query-input\":{\"@type\":\"PropertyValueSpecification\",\"valueRequired\":true,\"valueName\":\"search_term_string\"}}],\"inLanguage\":\"sv-SE\"},{\"@type\":\"Organization\",\"@id\":\"https:\\\/\\\/www.hosgreta.se\\\/shop\\\/#organization\",\"name\":\"Hos Greta\",\"url\":\"https:\\\/\\\/www.hosgreta.se\\\/shop\\\/\",\"logo\":{\"@type\":\"ImageObject\",\"inLanguage\":\"sv-SE\",\"@id\":\"https:\\\/\\\/www.hosgreta.se\\\/shop\\\/#\\\/schema\\\/logo\\\/image\\\/\",\"url\":\"https:\\\/\\\/www.hosgreta.se\\\/shop\\\/wp-content\\\/uploads\\\/2018\\\/03\\\/Logo_HosGreta_svart.png\",\"contentUrl\":\"https:\\\/\\\/www.hosgreta.se\\\/shop\\\/wp-content\\\/uploads\\\/2018\\\/03\\\/Logo_HosGreta_svart.png\",\"width\":851,\"height\":851,\"caption\":\"Hos Greta\"},\"image\":{\"@id\":\"https:\\\/\\\/www.hosgreta.se\\\/shop\\\/#\\\/schema\\\/logo\\\/image\\\/\"},\"sameAs\":[\"https:\\\/\\\/www.facebook.com\\\/hosgreta\",\"https:\\\/\\\/www.instagram.com\\\/hosgreta\"]}]}<\/script>\n<!-- \/ Yoast SEO plugin. -->","yoast_head_json":{"title":"House Doctor Ljusstake Puri - Hos Greta","robots":{"index":"index","follow":"follow","max-snippet":"max-snippet:-1","max-image-preview":"max-image-preview:large","max-video-preview":"max-video-preview:-1"},"canonical":"https:\/\/www.hosgreta.se\/shop\/produkt\/house-doctor-ljusstake-puri\/","og_locale":"sv_SE","og_type":"article","og_title":"House Doctor Ljusstake Puri - Hos Greta","og_description":"Puri \u00e4r en j\u00e4rnljusstake med en r\u00e5, industriell k\u00e4nsla. House Doctor har utformat ljusstaken med en yta som visar p\u00e5 tecken fr\u00e5n tillverkningsprocessen. \u00c4rlig, r\u00e5 och unik \u00e4r ord som beskriver den h\u00e4r ljusstaken. Eller kanske \u201dperfekt imperfekt\u201d. Dess runda form \u00e4r en vacker kontrast mot kanterna runt de fyra ljush\u00e5llarna. Tack vare ljusstakens minimalistiska design kan du styla den precis som du vill. Anv\u00e4nd Puri vid advent eller f\u00f6r att f\u00e5 en sk\u00f6nt avslappnande k\u00e4nsla till vardags. Du kan v\u00e4lja precis som du vill med Puri. Passar ljus med diameter p\u00e5 2 cm.","og_url":"https:\/\/www.hosgreta.se\/shop\/produkt\/house-doctor-ljusstake-puri\/","og_site_name":"Hos Greta","article_publisher":"https:\/\/www.facebook.com\/hosgreta","article_modified_time":"2023-02-02T07:53:08+00:00","og_image":[{"width":800,"height":800,"url":"https:\/\/www.hosgreta.se\/shop\/wp-content\/uploads\/2021\/01\/House-Doctor-Ljusstake-Puri.jpg","type":"image\/jpeg"}],"twitter_card":"summary_large_image","schema":{"@context":"https:\/\/schema.org","@graph":[{"@type":"WebPage","@id":"https:\/\/www.hosgreta.se\/shop\/produkt\/house-doctor-ljusstake-puri\/","url":"https:\/\/www.hosgreta.se\/shop\/produkt\/house-doctor-ljusstake-puri\/","name":"House Doctor Ljusstake Puri - Hos Greta","isPartOf":{"@id":"https:\/\/www.hosgreta.se\/shop\/#website"},"primaryImageOfPage":{"@id":"https:\/\/www.hosgreta.se\/shop\/produkt\/house-doctor-ljusstake-puri\/#primaryimage"},"image":{"@id":"https:\/\/www.hosgreta.se\/shop\/produkt\/house-doctor-ljusstake-puri\/#primaryimage"},"thumbnailUrl":"https:\/\/www.hosgreta.se\/shop\/wp-content\/uploads\/2021\/01\/House-Doctor-Ljusstake-Puri.jpg","datePublished":"2021-01-28T19:07:53+00:00","dateModified":"2023-02-02T07:53:08+00:00","breadcrumb":{"@id":"https:\/\/www.hosgreta.se\/shop\/produkt\/house-doctor-ljusstake-puri\/#breadcrumb"},"inLanguage":"sv-SE","potentialAction":[{"@type":"ReadAction","target":["https:\/\/www.hosgreta.se\/shop\/produkt\/house-doctor-ljusstake-puri\/"]}]},{"@type":"ImageObject","inLanguage":"sv-SE","@id":"https:\/\/www.hosgreta.se\/shop\/produkt\/house-doctor-ljusstake-puri\/#primaryimage","url":"https:\/\/www.hosgreta.se\/shop\/wp-content\/uploads\/2021\/01\/House-Doctor-Ljusstake-Puri.jpg","contentUrl":"https:\/\/www.hosgreta.se\/shop\/wp-content\/uploads\/2021\/01\/House-Doctor-Ljusstake-Puri.jpg","width":800,"height":800,"caption":"House Doctor Ljusstake Puri"},{"@type":"BreadcrumbList","@id":"https:\/\/www.hosgreta.se\/shop\/produkt\/house-doctor-ljusstake-puri\/#breadcrumb","itemListElement":[{"@type":"ListItem","position":1,"name":"Hem","item":"https:\/\/www.hosgreta.se\/shop\/"},{"@type":"ListItem","position":2,"name":"Shop","item":"https:\/\/www.hosgreta.se\/shop\/shop\/"},{"@type":"ListItem","position":3,"name":"House Doctor Ljusstake Puri"}]},{"@type":"WebSite","@id":"https:\/\/www.hosgreta.se\/shop\/#website","url":"https:\/\/www.hosgreta.se\/shop\/","name":"Hos Greta","description":"Vi v\u00e4ljer ut v\u00e5ra varum\u00e4rken med stor omsorg.","publisher":{"@id":"https:\/\/www.hosgreta.se\/shop\/#organization"},"potentialAction":[{"@type":"SearchAction","target":{"@type":"EntryPoint","urlTemplate":"https:\/\/www.hosgreta.se\/shop\/?s={search_term_string}"},"query-input":{"@type":"PropertyValueSpecification","valueRequired":true,"valueName":"search_term_string"}}],"inLanguage":"sv-SE"},{"@type":"Organization","@id":"https:\/\/www.hosgreta.se\/shop\/#organization","name":"Hos Greta","url":"https:\/\/www.hosgreta.se\/shop\/","logo":{"@type":"ImageObject","inLanguage":"sv-SE","@id":"https:\/\/www.hosgreta.se\/shop\/#\/schema\/logo\/image\/","url":"https:\/\/www.hosgreta.se\/shop\/wp-content\/uploads\/2018\/03\/Logo_HosGreta_svart.png","contentUrl":"https:\/\/www.hosgreta.se\/shop\/wp-content\/uploads\/2018\/03\/Logo_HosGreta_svart.png","width":851,"height":851,"caption":"Hos Greta"},"image":{"@id":"https:\/\/www.hosgreta.se\/shop\/#\/schema\/logo\/image\/"},"sameAs":["https:\/\/www.facebook.com\/hosgreta","https:\/\/www.instagram.com\/hosgreta"]}]}},"kroconnect":{"tax_rate":25,"price_inc_vat":{"regular_price":399},"price_ex_vat":{"regular_price":319.2}},"brands":[{"id":222,"name":"House Doctor","slug":"house-doctor"}],"_links":{"self":[{"href":"https:\/\/www.hosgreta.se\/shop\/wp-json\/wp\/v2\/product\/223774","targetHints":{"allow":["GET"]}}],"collection":[{"href":"https:\/\/www.hosgreta.se\/shop\/wp-json\/wp\/v2\/product"}],"about":[{"href":"https:\/\/www.hosgreta.se\/shop\/wp-json\/wp\/v2\/types\/product"}],"replies":[{"embeddable":true,"href":"https:\/\/www.hosgreta.se\/shop\/wp-json\/wp\/v2\/comments?post=223774"}],"wp:featuredmedia":[{"embeddable":true,"href":"https:\/\/www.hosgreta.se\/shop\/wp-json\/wp\/v2\/media\/223808"}],"wp:attachment":[{"href":"https:\/\/www.hosgreta.se\/shop\/wp-json\/wp\/v2\/media?parent=223774"}],"wp:term":[{"taxonomy":"pwb-brand","embeddable":true,"href":"https:\/\/www.hosgreta.se\/shop\/wp-json\/wp\/v2\/pwb-brand?post=223774"},{"taxonomy":"product_brand","embeddable":true,"href":"https:\/\/www.hosgreta.se\/shop\/wp-json\/wp\/v2\/product_brand?post=223774"},{"taxonomy":"product_cat","embeddable":true,"href":"https:\/\/www.hosgreta.se\/shop\/wp-json\/wp\/v2\/product_cat?post=223774"},{"taxonomy":"product_tag","embeddable":true,"href":"https:\/\/www.hosgreta.se\/shop\/wp-json\/wp\/v2\/product_tag?post=223774"}],"curies":[{"name":"wp","href":"https:\/\/api.w.org\/{rel}","templated":true}]}}