{"id":229316,"date":"2021-03-04T17:57:19","date_gmt":"2021-03-04T16:57:19","guid":{"rendered":"https:\/\/www.hosgreta.se\/shop\/?post_type=product&#038;p=229316"},"modified":"2026-04-07T19:42:29","modified_gmt":"2026-04-07T17:42:29","slug":"haupt-shut-the-fudge-up","status":"publish","type":"product","link":"https:\/\/www.hosgreta.se\/shop\/produkt\/haupt-shut-the-fudge-up\/","title":{"rendered":"Haupt Shut the fudge up!"},"content":{"rendered":"<p>250 g  <\/p>\n<p>Ingredienser: Socker, kondenserad mj\u00f6lk (mj\u00f6lk, socker, stabiliseringsmedel E509), glukossirap, sm\u00f6r, vegetabiliskt fett, kakaosm\u00f6r, skummj\u00f6lkpulver, salmiak, lakritspulver, emulgeringsmedel: sojalecitin.<\/p>\n<p>Observera att fudgen har en h\u00e5llbarhet p\u00e5 endast tre m\u00e5nader, s\u00e5 f\u00f6r att bevara dess b\u00e4sta smak b\u00f6r den f\u00f6rvaras torrt och svalt. Och \u00e4tas upp direkt.<\/p>\n","protected":false},"excerpt":{"rendered":"<p>Uppt\u00e4ck Haupts om\u00e5ttligt popul\u00e4ra fudge smaksatt med lakrits, en riktig favorit.<\/p>\n<p>Denna lyxiga fudge \u00e4r mjuk och kr\u00e4mig, med en rik sm\u00f6rig bas som balanseras av en perfekt dos av lakritsens fylliga smak. Varje bit \u00e4r omsorgsfullt rullad i saltlakritspulver, vilket ger en extra dimension av s\u00e4lta och en intensiv lakritsupplevelse.<\/p>\n","protected":false},"featured_media":384319,"comment_status":"closed","ping_status":"closed","template":"","meta":[],"pwb-brand":[305],"product_brand":[],"product_cat":[73],"product_tag":[],"class_list":{"0":"post-229316","1":"product","2":"type-product","3":"status-publish","4":"has-post-thumbnail","6":"pwb-brand-haupt-lakrits","7":"product_cat-laktrits","9":"first","10":"instock","11":"taxable","12":"shipping-taxable","13":"purchasable","14":"product-type-simple"},"yoast_head":"<!-- This site is optimized with the Yoast SEO plugin v27.4 - https:\/\/yoast.com\/product\/yoast-seo-wordpress\/ -->\n<title>Haupt Shut the fudge up! - Hos Greta<\/title>\n<meta name=\"robots\" content=\"index, follow, max-snippet:-1, max-image-preview:large, max-video-preview:-1\" \/>\n<link rel=\"canonical\" href=\"https:\/\/www.hosgreta.se\/shop\/produkt\/haupt-shut-the-fudge-up\/\" \/>\n<meta property=\"og:locale\" content=\"sv_SE\" \/>\n<meta property=\"og:type\" content=\"article\" \/>\n<meta property=\"og:title\" content=\"Haupt Shut the fudge up! - Hos Greta\" \/>\n<meta property=\"og:description\" content=\"Uppt\u00e4ck Haupts om\u00e5ttligt popul\u00e4ra fudge smaksatt med lakrits, en riktig favorit.  Denna lyxiga fudge \u00e4r mjuk och kr\u00e4mig, med en rik sm\u00f6rig bas som balanseras av en perfekt dos av lakritsens fylliga smak. Varje bit \u00e4r omsorgsfullt rullad i saltlakritspulver, vilket ger en extra dimension av s\u00e4lta och en intensiv lakritsupplevelse.\" \/>\n<meta property=\"og:url\" content=\"https:\/\/www.hosgreta.se\/shop\/produkt\/haupt-shut-the-fudge-up\/\" \/>\n<meta property=\"og:site_name\" content=\"Hos Greta\" \/>\n<meta property=\"article:publisher\" content=\"https:\/\/www.facebook.com\/hosgreta\" \/>\n<meta property=\"article:modified_time\" content=\"2026-04-07T17:42:29+00:00\" \/>\n<meta property=\"og:image\" content=\"https:\/\/www.hosgreta.se\/shop\/wp-content\/uploads\/2021\/03\/Haupt-Shut-the-fudge-up.jpg\" \/>\n\t<meta property=\"og:image:width\" content=\"800\" \/>\n\t<meta property=\"og:image:height\" content=\"800\" \/>\n\t<meta property=\"og:image:type\" content=\"image\/jpeg\" \/>\n<meta name=\"twitter:card\" content=\"summary_large_image\" \/>\n<meta name=\"twitter:label1\" content=\"Ber\u00e4knad l\u00e4stid\" \/>\n\t<meta name=\"twitter:data1\" content=\"1 minut\" \/>\n<script type=\"application\/ld+json\" class=\"yoast-schema-graph\">{\"@context\":\"https:\\\/\\\/schema.org\",\"@graph\":[{\"@type\":\"WebPage\",\"@id\":\"https:\\\/\\\/www.hosgreta.se\\\/shop\\\/produkt\\\/haupt-shut-the-fudge-up\\\/\",\"url\":\"https:\\\/\\\/www.hosgreta.se\\\/shop\\\/produkt\\\/haupt-shut-the-fudge-up\\\/\",\"name\":\"Haupt Shut the fudge up! - Hos Greta\",\"isPartOf\":{\"@id\":\"https:\\\/\\\/www.hosgreta.se\\\/shop\\\/#website\"},\"primaryImageOfPage\":{\"@id\":\"https:\\\/\\\/www.hosgreta.se\\\/shop\\\/produkt\\\/haupt-shut-the-fudge-up\\\/#primaryimage\"},\"image\":{\"@id\":\"https:\\\/\\\/www.hosgreta.se\\\/shop\\\/produkt\\\/haupt-shut-the-fudge-up\\\/#primaryimage\"},\"thumbnailUrl\":\"https:\\\/\\\/www.hosgreta.se\\\/shop\\\/wp-content\\\/uploads\\\/2021\\\/03\\\/Haupt-Shut-the-fudge-up.jpg\",\"datePublished\":\"2021-03-04T16:57:19+00:00\",\"dateModified\":\"2026-04-07T17:42:29+00:00\",\"breadcrumb\":{\"@id\":\"https:\\\/\\\/www.hosgreta.se\\\/shop\\\/produkt\\\/haupt-shut-the-fudge-up\\\/#breadcrumb\"},\"inLanguage\":\"sv-SE\",\"potentialAction\":[{\"@type\":\"ReadAction\",\"target\":[\"https:\\\/\\\/www.hosgreta.se\\\/shop\\\/produkt\\\/haupt-shut-the-fudge-up\\\/\"]}]},{\"@type\":\"ImageObject\",\"inLanguage\":\"sv-SE\",\"@id\":\"https:\\\/\\\/www.hosgreta.se\\\/shop\\\/produkt\\\/haupt-shut-the-fudge-up\\\/#primaryimage\",\"url\":\"https:\\\/\\\/www.hosgreta.se\\\/shop\\\/wp-content\\\/uploads\\\/2021\\\/03\\\/Haupt-Shut-the-fudge-up.jpg\",\"contentUrl\":\"https:\\\/\\\/www.hosgreta.se\\\/shop\\\/wp-content\\\/uploads\\\/2021\\\/03\\\/Haupt-Shut-the-fudge-up.jpg\",\"width\":800,\"height\":800,\"caption\":\"Haupt Shut the fudge up!\"},{\"@type\":\"BreadcrumbList\",\"@id\":\"https:\\\/\\\/www.hosgreta.se\\\/shop\\\/produkt\\\/haupt-shut-the-fudge-up\\\/#breadcrumb\",\"itemListElement\":[{\"@type\":\"ListItem\",\"position\":1,\"name\":\"Hem\",\"item\":\"https:\\\/\\\/www.hosgreta.se\\\/shop\\\/\"},{\"@type\":\"ListItem\",\"position\":2,\"name\":\"Shop\",\"item\":\"https:\\\/\\\/www.hosgreta.se\\\/shop\\\/shop\\\/\"},{\"@type\":\"ListItem\",\"position\":3,\"name\":\"Haupt Shut the fudge up!\"}]},{\"@type\":\"WebSite\",\"@id\":\"https:\\\/\\\/www.hosgreta.se\\\/shop\\\/#website\",\"url\":\"https:\\\/\\\/www.hosgreta.se\\\/shop\\\/\",\"name\":\"Hos Greta\",\"description\":\"Vi v\u00e4ljer ut v\u00e5ra varum\u00e4rken med stor omsorg.\",\"publisher\":{\"@id\":\"https:\\\/\\\/www.hosgreta.se\\\/shop\\\/#organization\"},\"potentialAction\":[{\"@type\":\"SearchAction\",\"target\":{\"@type\":\"EntryPoint\",\"urlTemplate\":\"https:\\\/\\\/www.hosgreta.se\\\/shop\\\/?s={search_term_string}\"},\"query-input\":{\"@type\":\"PropertyValueSpecification\",\"valueRequired\":true,\"valueName\":\"search_term_string\"}}],\"inLanguage\":\"sv-SE\"},{\"@type\":\"Organization\",\"@id\":\"https:\\\/\\\/www.hosgreta.se\\\/shop\\\/#organization\",\"name\":\"Hos Greta\",\"url\":\"https:\\\/\\\/www.hosgreta.se\\\/shop\\\/\",\"logo\":{\"@type\":\"ImageObject\",\"inLanguage\":\"sv-SE\",\"@id\":\"https:\\\/\\\/www.hosgreta.se\\\/shop\\\/#\\\/schema\\\/logo\\\/image\\\/\",\"url\":\"https:\\\/\\\/www.hosgreta.se\\\/shop\\\/wp-content\\\/uploads\\\/2018\\\/03\\\/Logo_HosGreta_svart.png\",\"contentUrl\":\"https:\\\/\\\/www.hosgreta.se\\\/shop\\\/wp-content\\\/uploads\\\/2018\\\/03\\\/Logo_HosGreta_svart.png\",\"width\":851,\"height\":851,\"caption\":\"Hos Greta\"},\"image\":{\"@id\":\"https:\\\/\\\/www.hosgreta.se\\\/shop\\\/#\\\/schema\\\/logo\\\/image\\\/\"},\"sameAs\":[\"https:\\\/\\\/www.facebook.com\\\/hosgreta\",\"https:\\\/\\\/www.instagram.com\\\/hosgreta\"]}]}<\/script>\n<!-- \/ Yoast SEO plugin. -->","yoast_head_json":{"title":"Haupt Shut the fudge up! - Hos Greta","robots":{"index":"index","follow":"follow","max-snippet":"max-snippet:-1","max-image-preview":"max-image-preview:large","max-video-preview":"max-video-preview:-1"},"canonical":"https:\/\/www.hosgreta.se\/shop\/produkt\/haupt-shut-the-fudge-up\/","og_locale":"sv_SE","og_type":"article","og_title":"Haupt Shut the fudge up! - Hos Greta","og_description":"Uppt\u00e4ck Haupts om\u00e5ttligt popul\u00e4ra fudge smaksatt med lakrits, en riktig favorit.  Denna lyxiga fudge \u00e4r mjuk och kr\u00e4mig, med en rik sm\u00f6rig bas som balanseras av en perfekt dos av lakritsens fylliga smak. Varje bit \u00e4r omsorgsfullt rullad i saltlakritspulver, vilket ger en extra dimension av s\u00e4lta och en intensiv lakritsupplevelse.","og_url":"https:\/\/www.hosgreta.se\/shop\/produkt\/haupt-shut-the-fudge-up\/","og_site_name":"Hos Greta","article_publisher":"https:\/\/www.facebook.com\/hosgreta","article_modified_time":"2026-04-07T17:42:29+00:00","og_image":[{"width":800,"height":800,"url":"https:\/\/www.hosgreta.se\/shop\/wp-content\/uploads\/2021\/03\/Haupt-Shut-the-fudge-up.jpg","type":"image\/jpeg"}],"twitter_card":"summary_large_image","twitter_misc":{"Ber\u00e4knad l\u00e4stid":"1 minut"},"schema":{"@context":"https:\/\/schema.org","@graph":[{"@type":"WebPage","@id":"https:\/\/www.hosgreta.se\/shop\/produkt\/haupt-shut-the-fudge-up\/","url":"https:\/\/www.hosgreta.se\/shop\/produkt\/haupt-shut-the-fudge-up\/","name":"Haupt Shut the fudge up! - Hos Greta","isPartOf":{"@id":"https:\/\/www.hosgreta.se\/shop\/#website"},"primaryImageOfPage":{"@id":"https:\/\/www.hosgreta.se\/shop\/produkt\/haupt-shut-the-fudge-up\/#primaryimage"},"image":{"@id":"https:\/\/www.hosgreta.se\/shop\/produkt\/haupt-shut-the-fudge-up\/#primaryimage"},"thumbnailUrl":"https:\/\/www.hosgreta.se\/shop\/wp-content\/uploads\/2021\/03\/Haupt-Shut-the-fudge-up.jpg","datePublished":"2021-03-04T16:57:19+00:00","dateModified":"2026-04-07T17:42:29+00:00","breadcrumb":{"@id":"https:\/\/www.hosgreta.se\/shop\/produkt\/haupt-shut-the-fudge-up\/#breadcrumb"},"inLanguage":"sv-SE","potentialAction":[{"@type":"ReadAction","target":["https:\/\/www.hosgreta.se\/shop\/produkt\/haupt-shut-the-fudge-up\/"]}]},{"@type":"ImageObject","inLanguage":"sv-SE","@id":"https:\/\/www.hosgreta.se\/shop\/produkt\/haupt-shut-the-fudge-up\/#primaryimage","url":"https:\/\/www.hosgreta.se\/shop\/wp-content\/uploads\/2021\/03\/Haupt-Shut-the-fudge-up.jpg","contentUrl":"https:\/\/www.hosgreta.se\/shop\/wp-content\/uploads\/2021\/03\/Haupt-Shut-the-fudge-up.jpg","width":800,"height":800,"caption":"Haupt Shut the fudge up!"},{"@type":"BreadcrumbList","@id":"https:\/\/www.hosgreta.se\/shop\/produkt\/haupt-shut-the-fudge-up\/#breadcrumb","itemListElement":[{"@type":"ListItem","position":1,"name":"Hem","item":"https:\/\/www.hosgreta.se\/shop\/"},{"@type":"ListItem","position":2,"name":"Shop","item":"https:\/\/www.hosgreta.se\/shop\/shop\/"},{"@type":"ListItem","position":3,"name":"Haupt Shut the fudge up!"}]},{"@type":"WebSite","@id":"https:\/\/www.hosgreta.se\/shop\/#website","url":"https:\/\/www.hosgreta.se\/shop\/","name":"Hos Greta","description":"Vi v\u00e4ljer ut v\u00e5ra varum\u00e4rken med stor omsorg.","publisher":{"@id":"https:\/\/www.hosgreta.se\/shop\/#organization"},"potentialAction":[{"@type":"SearchAction","target":{"@type":"EntryPoint","urlTemplate":"https:\/\/www.hosgreta.se\/shop\/?s={search_term_string}"},"query-input":{"@type":"PropertyValueSpecification","valueRequired":true,"valueName":"search_term_string"}}],"inLanguage":"sv-SE"},{"@type":"Organization","@id":"https:\/\/www.hosgreta.se\/shop\/#organization","name":"Hos Greta","url":"https:\/\/www.hosgreta.se\/shop\/","logo":{"@type":"ImageObject","inLanguage":"sv-SE","@id":"https:\/\/www.hosgreta.se\/shop\/#\/schema\/logo\/image\/","url":"https:\/\/www.hosgreta.se\/shop\/wp-content\/uploads\/2018\/03\/Logo_HosGreta_svart.png","contentUrl":"https:\/\/www.hosgreta.se\/shop\/wp-content\/uploads\/2018\/03\/Logo_HosGreta_svart.png","width":851,"height":851,"caption":"Hos Greta"},"image":{"@id":"https:\/\/www.hosgreta.se\/shop\/#\/schema\/logo\/image\/"},"sameAs":["https:\/\/www.facebook.com\/hosgreta","https:\/\/www.instagram.com\/hosgreta"]}]}},"kroconnect":{"tax_rate":6,"price_inc_vat":{"regular_price":122.09},"price_ex_vat":{"regular_price":115.17924500000001}},"brands":[{"id":305,"name":"Haupt Lakrits","slug":"haupt-lakrits"}],"_links":{"self":[{"href":"https:\/\/www.hosgreta.se\/shop\/wp-json\/wp\/v2\/product\/229316","targetHints":{"allow":["GET"]}}],"collection":[{"href":"https:\/\/www.hosgreta.se\/shop\/wp-json\/wp\/v2\/product"}],"about":[{"href":"https:\/\/www.hosgreta.se\/shop\/wp-json\/wp\/v2\/types\/product"}],"replies":[{"embeddable":true,"href":"https:\/\/www.hosgreta.se\/shop\/wp-json\/wp\/v2\/comments?post=229316"}],"wp:featuredmedia":[{"embeddable":true,"href":"https:\/\/www.hosgreta.se\/shop\/wp-json\/wp\/v2\/media\/384319"}],"wp:attachment":[{"href":"https:\/\/www.hosgreta.se\/shop\/wp-json\/wp\/v2\/media?parent=229316"}],"wp:term":[{"taxonomy":"pwb-brand","embeddable":true,"href":"https:\/\/www.hosgreta.se\/shop\/wp-json\/wp\/v2\/pwb-brand?post=229316"},{"taxonomy":"product_brand","embeddable":true,"href":"https:\/\/www.hosgreta.se\/shop\/wp-json\/wp\/v2\/product_brand?post=229316"},{"taxonomy":"product_cat","embeddable":true,"href":"https:\/\/www.hosgreta.se\/shop\/wp-json\/wp\/v2\/product_cat?post=229316"},{"taxonomy":"product_tag","embeddable":true,"href":"https:\/\/www.hosgreta.se\/shop\/wp-json\/wp\/v2\/product_tag?post=229316"}],"curies":[{"name":"wp","href":"https:\/\/api.w.org\/{rel}","templated":true}]}}