{"id":238614,"date":"2021-04-30T09:43:37","date_gmt":"2021-04-30T07:43:37","guid":{"rendered":"https:\/\/www.hosgreta.se\/shop\/?post_type=product&#038;p=238614"},"modified":"2025-05-05T15:34:44","modified_gmt":"2025-05-05T13:34:44","slug":"uyuni-kronljus-led-2-pack-switch-vit-23x25-cm","status":"publish","type":"product","link":"https:\/\/www.hosgreta.se\/shop\/produkt\/uyuni-kronljus-led-2-pack-switch-vit-23x25-cm\/","title":{"rendered":"Uyuni Kronljus LED 2-pack switch Vit 2,3&#215;28 cm"},"content":{"rendered":"<p>M\u00e5tt: H 25 cm, B 2,3 cm. H\u00f6jden \u00e4r exkl flammans h\u00f6jd p\u00e5 2,8 cm.<br \/>\nMaterial: Virgin Paraffin Wax<br \/>\nF\u00e4rg: Nordic white<\/p>\n<p>Batterier: 2 x AAA (ej inkl.)<br \/>\n120+ timmars batteritid.<br \/>\nAvger ingen doft.<br \/>\nInbyggd timer p\u00e5 6 timmar<br \/>\nPatenterat LED-ljus med 3D-flamma<br \/>\nLjuset har en switchfunktion, med knapp f\u00f6r att enkelt t\u00e4nda och sl\u00e4cka ljuset.<\/p>\n<p>Fler val med fj\u00e4rrkontroll<br \/>\nDimbar i tre l\u00e4gen<br \/>\nFyra timeralternativ: 4, 6, 8 &amp; 10 hrs (Fj\u00e4rrkontroll k\u00f6pes separat)<\/p>\n","protected":false},"excerpt":{"rendered":"<p>UYUNI-ljusen har ett mjukt fladdrande LED-ljus p\u00e5 toppen av en bas av plast. Du f\u00e5r den underbara atmosf\u00e4ren av t\u00e4nda ljus, utan n\u00e5gra av de skadliga kemikalier som frisl\u00e4pps fr\u00e5n vanliga ljus.<br \/>\n\u00c4r bekl\u00e4dda med vax f\u00f6r en riktig ljusk\u00e4nsla.<\/p>\n","protected":false},"featured_media":190014,"comment_status":"closed","ping_status":"closed","template":"","meta":[],"pwb-brand":[],"product_brand":[],"product_cat":[74,277],"product_tag":[],"class_list":{"0":"post-238614","1":"product","2":"type-product","3":"status-publish","4":"has-post-thumbnail","6":"product_cat-inredning","7":"product_cat-ljus","9":"first","10":"outofstock","11":"taxable","12":"shipping-taxable","13":"purchasable","14":"product-type-simple"},"yoast_head":"<!-- This site is optimized with the Yoast SEO plugin v27.4 - https:\/\/yoast.com\/product\/yoast-seo-wordpress\/ -->\n<title>Uyuni Kronljus LED 2-pack switch Vit 2,3x28 cm - Hos Greta<\/title>\n<meta name=\"robots\" content=\"index, follow, max-snippet:-1, max-image-preview:large, max-video-preview:-1\" \/>\n<link rel=\"canonical\" href=\"https:\/\/www.hosgreta.se\/shop\/produkt\/uyuni-kronljus-led-2-pack-switch-vit-23x25-cm\/\" \/>\n<meta property=\"og:locale\" content=\"sv_SE\" \/>\n<meta property=\"og:type\" content=\"article\" \/>\n<meta property=\"og:title\" content=\"Uyuni Kronljus LED 2-pack switch Vit 2,3x28 cm - Hos Greta\" \/>\n<meta property=\"og:description\" content=\"UYUNI-ljusen har ett mjukt fladdrande LED-ljus p\u00e5 toppen av en bas av plast. Du f\u00e5r den underbara atmosf\u00e4ren av t\u00e4nda ljus, utan n\u00e5gra av de skadliga kemikalier som frisl\u00e4pps fr\u00e5n vanliga ljus. \u00c4r bekl\u00e4dda med vax f\u00f6r en riktig ljusk\u00e4nsla.\" \/>\n<meta property=\"og:url\" content=\"https:\/\/www.hosgreta.se\/shop\/produkt\/uyuni-kronljus-led-2-pack-switch-vit-23x25-cm\/\" \/>\n<meta property=\"og:site_name\" content=\"Hos Greta\" \/>\n<meta property=\"article:publisher\" content=\"https:\/\/www.facebook.com\/hosgreta\" \/>\n<meta property=\"article:modified_time\" content=\"2025-05-05T13:34:44+00:00\" \/>\n<meta property=\"og:image\" content=\"https:\/\/www.hosgreta.se\/shop\/wp-content\/uploads\/2020\/10\/Uyuni-Kronljus-LED-Vit-2-pack-25-x-28-cm.jpg\" \/>\n\t<meta property=\"og:image:width\" content=\"600\" \/>\n\t<meta property=\"og:image:height\" content=\"600\" \/>\n\t<meta property=\"og:image:type\" content=\"image\/jpeg\" \/>\n<meta name=\"twitter:card\" content=\"summary_large_image\" \/>\n<script type=\"application\/ld+json\" class=\"yoast-schema-graph\">{\"@context\":\"https:\\\/\\\/schema.org\",\"@graph\":[{\"@type\":\"WebPage\",\"@id\":\"https:\\\/\\\/www.hosgreta.se\\\/shop\\\/produkt\\\/uyuni-kronljus-led-2-pack-switch-vit-23x25-cm\\\/\",\"url\":\"https:\\\/\\\/www.hosgreta.se\\\/shop\\\/produkt\\\/uyuni-kronljus-led-2-pack-switch-vit-23x25-cm\\\/\",\"name\":\"Uyuni Kronljus LED 2-pack switch Vit 2,3x28 cm - Hos Greta\",\"isPartOf\":{\"@id\":\"https:\\\/\\\/www.hosgreta.se\\\/shop\\\/#website\"},\"primaryImageOfPage\":{\"@id\":\"https:\\\/\\\/www.hosgreta.se\\\/shop\\\/produkt\\\/uyuni-kronljus-led-2-pack-switch-vit-23x25-cm\\\/#primaryimage\"},\"image\":{\"@id\":\"https:\\\/\\\/www.hosgreta.se\\\/shop\\\/produkt\\\/uyuni-kronljus-led-2-pack-switch-vit-23x25-cm\\\/#primaryimage\"},\"thumbnailUrl\":\"https:\\\/\\\/www.hosgreta.se\\\/shop\\\/wp-content\\\/uploads\\\/2020\\\/10\\\/Uyuni-Kronljus-LED-Vit-2-pack-25-x-28-cm.jpg\",\"datePublished\":\"2021-04-30T07:43:37+00:00\",\"dateModified\":\"2025-05-05T13:34:44+00:00\",\"breadcrumb\":{\"@id\":\"https:\\\/\\\/www.hosgreta.se\\\/shop\\\/produkt\\\/uyuni-kronljus-led-2-pack-switch-vit-23x25-cm\\\/#breadcrumb\"},\"inLanguage\":\"sv-SE\",\"potentialAction\":[{\"@type\":\"ReadAction\",\"target\":[\"https:\\\/\\\/www.hosgreta.se\\\/shop\\\/produkt\\\/uyuni-kronljus-led-2-pack-switch-vit-23x25-cm\\\/\"]}]},{\"@type\":\"ImageObject\",\"inLanguage\":\"sv-SE\",\"@id\":\"https:\\\/\\\/www.hosgreta.se\\\/shop\\\/produkt\\\/uyuni-kronljus-led-2-pack-switch-vit-23x25-cm\\\/#primaryimage\",\"url\":\"https:\\\/\\\/www.hosgreta.se\\\/shop\\\/wp-content\\\/uploads\\\/2020\\\/10\\\/Uyuni-Kronljus-LED-Vit-2-pack-25-x-28-cm.jpg\",\"contentUrl\":\"https:\\\/\\\/www.hosgreta.se\\\/shop\\\/wp-content\\\/uploads\\\/2020\\\/10\\\/Uyuni-Kronljus-LED-Vit-2-pack-25-x-28-cm.jpg\",\"width\":600,\"height\":600,\"caption\":\"Uyuni Kronljus LED Vit 2-pack 2,5 x 28 cm\"},{\"@type\":\"BreadcrumbList\",\"@id\":\"https:\\\/\\\/www.hosgreta.se\\\/shop\\\/produkt\\\/uyuni-kronljus-led-2-pack-switch-vit-23x25-cm\\\/#breadcrumb\",\"itemListElement\":[{\"@type\":\"ListItem\",\"position\":1,\"name\":\"Hem\",\"item\":\"https:\\\/\\\/www.hosgreta.se\\\/shop\\\/\"},{\"@type\":\"ListItem\",\"position\":2,\"name\":\"Shop\",\"item\":\"https:\\\/\\\/www.hosgreta.se\\\/shop\\\/shop\\\/\"},{\"@type\":\"ListItem\",\"position\":3,\"name\":\"Uyuni Kronljus LED 2-pack switch Vit 2,3&#215;28 cm\"}]},{\"@type\":\"WebSite\",\"@id\":\"https:\\\/\\\/www.hosgreta.se\\\/shop\\\/#website\",\"url\":\"https:\\\/\\\/www.hosgreta.se\\\/shop\\\/\",\"name\":\"Hos Greta\",\"description\":\"Vi v\u00e4ljer ut v\u00e5ra varum\u00e4rken med stor omsorg.\",\"publisher\":{\"@id\":\"https:\\\/\\\/www.hosgreta.se\\\/shop\\\/#organization\"},\"potentialAction\":[{\"@type\":\"SearchAction\",\"target\":{\"@type\":\"EntryPoint\",\"urlTemplate\":\"https:\\\/\\\/www.hosgreta.se\\\/shop\\\/?s={search_term_string}\"},\"query-input\":{\"@type\":\"PropertyValueSpecification\",\"valueRequired\":true,\"valueName\":\"search_term_string\"}}],\"inLanguage\":\"sv-SE\"},{\"@type\":\"Organization\",\"@id\":\"https:\\\/\\\/www.hosgreta.se\\\/shop\\\/#organization\",\"name\":\"Hos Greta\",\"url\":\"https:\\\/\\\/www.hosgreta.se\\\/shop\\\/\",\"logo\":{\"@type\":\"ImageObject\",\"inLanguage\":\"sv-SE\",\"@id\":\"https:\\\/\\\/www.hosgreta.se\\\/shop\\\/#\\\/schema\\\/logo\\\/image\\\/\",\"url\":\"https:\\\/\\\/www.hosgreta.se\\\/shop\\\/wp-content\\\/uploads\\\/2018\\\/03\\\/Logo_HosGreta_svart.png\",\"contentUrl\":\"https:\\\/\\\/www.hosgreta.se\\\/shop\\\/wp-content\\\/uploads\\\/2018\\\/03\\\/Logo_HosGreta_svart.png\",\"width\":851,\"height\":851,\"caption\":\"Hos Greta\"},\"image\":{\"@id\":\"https:\\\/\\\/www.hosgreta.se\\\/shop\\\/#\\\/schema\\\/logo\\\/image\\\/\"},\"sameAs\":[\"https:\\\/\\\/www.facebook.com\\\/hosgreta\",\"https:\\\/\\\/www.instagram.com\\\/hosgreta\"]}]}<\/script>\n<!-- \/ Yoast SEO plugin. -->","yoast_head_json":{"title":"Uyuni Kronljus LED 2-pack switch Vit 2,3x28 cm - Hos Greta","robots":{"index":"index","follow":"follow","max-snippet":"max-snippet:-1","max-image-preview":"max-image-preview:large","max-video-preview":"max-video-preview:-1"},"canonical":"https:\/\/www.hosgreta.se\/shop\/produkt\/uyuni-kronljus-led-2-pack-switch-vit-23x25-cm\/","og_locale":"sv_SE","og_type":"article","og_title":"Uyuni Kronljus LED 2-pack switch Vit 2,3x28 cm - Hos Greta","og_description":"UYUNI-ljusen har ett mjukt fladdrande LED-ljus p\u00e5 toppen av en bas av plast. Du f\u00e5r den underbara atmosf\u00e4ren av t\u00e4nda ljus, utan n\u00e5gra av de skadliga kemikalier som frisl\u00e4pps fr\u00e5n vanliga ljus. \u00c4r bekl\u00e4dda med vax f\u00f6r en riktig ljusk\u00e4nsla.","og_url":"https:\/\/www.hosgreta.se\/shop\/produkt\/uyuni-kronljus-led-2-pack-switch-vit-23x25-cm\/","og_site_name":"Hos Greta","article_publisher":"https:\/\/www.facebook.com\/hosgreta","article_modified_time":"2025-05-05T13:34:44+00:00","og_image":[{"width":600,"height":600,"url":"https:\/\/www.hosgreta.se\/shop\/wp-content\/uploads\/2020\/10\/Uyuni-Kronljus-LED-Vit-2-pack-25-x-28-cm.jpg","type":"image\/jpeg"}],"twitter_card":"summary_large_image","schema":{"@context":"https:\/\/schema.org","@graph":[{"@type":"WebPage","@id":"https:\/\/www.hosgreta.se\/shop\/produkt\/uyuni-kronljus-led-2-pack-switch-vit-23x25-cm\/","url":"https:\/\/www.hosgreta.se\/shop\/produkt\/uyuni-kronljus-led-2-pack-switch-vit-23x25-cm\/","name":"Uyuni Kronljus LED 2-pack switch Vit 2,3x28 cm - Hos Greta","isPartOf":{"@id":"https:\/\/www.hosgreta.se\/shop\/#website"},"primaryImageOfPage":{"@id":"https:\/\/www.hosgreta.se\/shop\/produkt\/uyuni-kronljus-led-2-pack-switch-vit-23x25-cm\/#primaryimage"},"image":{"@id":"https:\/\/www.hosgreta.se\/shop\/produkt\/uyuni-kronljus-led-2-pack-switch-vit-23x25-cm\/#primaryimage"},"thumbnailUrl":"https:\/\/www.hosgreta.se\/shop\/wp-content\/uploads\/2020\/10\/Uyuni-Kronljus-LED-Vit-2-pack-25-x-28-cm.jpg","datePublished":"2021-04-30T07:43:37+00:00","dateModified":"2025-05-05T13:34:44+00:00","breadcrumb":{"@id":"https:\/\/www.hosgreta.se\/shop\/produkt\/uyuni-kronljus-led-2-pack-switch-vit-23x25-cm\/#breadcrumb"},"inLanguage":"sv-SE","potentialAction":[{"@type":"ReadAction","target":["https:\/\/www.hosgreta.se\/shop\/produkt\/uyuni-kronljus-led-2-pack-switch-vit-23x25-cm\/"]}]},{"@type":"ImageObject","inLanguage":"sv-SE","@id":"https:\/\/www.hosgreta.se\/shop\/produkt\/uyuni-kronljus-led-2-pack-switch-vit-23x25-cm\/#primaryimage","url":"https:\/\/www.hosgreta.se\/shop\/wp-content\/uploads\/2020\/10\/Uyuni-Kronljus-LED-Vit-2-pack-25-x-28-cm.jpg","contentUrl":"https:\/\/www.hosgreta.se\/shop\/wp-content\/uploads\/2020\/10\/Uyuni-Kronljus-LED-Vit-2-pack-25-x-28-cm.jpg","width":600,"height":600,"caption":"Uyuni Kronljus LED Vit 2-pack 2,5 x 28 cm"},{"@type":"BreadcrumbList","@id":"https:\/\/www.hosgreta.se\/shop\/produkt\/uyuni-kronljus-led-2-pack-switch-vit-23x25-cm\/#breadcrumb","itemListElement":[{"@type":"ListItem","position":1,"name":"Hem","item":"https:\/\/www.hosgreta.se\/shop\/"},{"@type":"ListItem","position":2,"name":"Shop","item":"https:\/\/www.hosgreta.se\/shop\/shop\/"},{"@type":"ListItem","position":3,"name":"Uyuni Kronljus LED 2-pack switch Vit 2,3&#215;28 cm"}]},{"@type":"WebSite","@id":"https:\/\/www.hosgreta.se\/shop\/#website","url":"https:\/\/www.hosgreta.se\/shop\/","name":"Hos Greta","description":"Vi v\u00e4ljer ut v\u00e5ra varum\u00e4rken med stor omsorg.","publisher":{"@id":"https:\/\/www.hosgreta.se\/shop\/#organization"},"potentialAction":[{"@type":"SearchAction","target":{"@type":"EntryPoint","urlTemplate":"https:\/\/www.hosgreta.se\/shop\/?s={search_term_string}"},"query-input":{"@type":"PropertyValueSpecification","valueRequired":true,"valueName":"search_term_string"}}],"inLanguage":"sv-SE"},{"@type":"Organization","@id":"https:\/\/www.hosgreta.se\/shop\/#organization","name":"Hos Greta","url":"https:\/\/www.hosgreta.se\/shop\/","logo":{"@type":"ImageObject","inLanguage":"sv-SE","@id":"https:\/\/www.hosgreta.se\/shop\/#\/schema\/logo\/image\/","url":"https:\/\/www.hosgreta.se\/shop\/wp-content\/uploads\/2018\/03\/Logo_HosGreta_svart.png","contentUrl":"https:\/\/www.hosgreta.se\/shop\/wp-content\/uploads\/2018\/03\/Logo_HosGreta_svart.png","width":851,"height":851,"caption":"Hos Greta"},"image":{"@id":"https:\/\/www.hosgreta.se\/shop\/#\/schema\/logo\/image\/"},"sameAs":["https:\/\/www.facebook.com\/hosgreta","https:\/\/www.instagram.com\/hosgreta"]}]}},"kroconnect":{"tax_rate":25,"price_inc_vat":{"regular_price":309},"price_ex_vat":{"regular_price":247.2}},"brands":[],"_links":{"self":[{"href":"https:\/\/www.hosgreta.se\/shop\/wp-json\/wp\/v2\/product\/238614","targetHints":{"allow":["GET"]}}],"collection":[{"href":"https:\/\/www.hosgreta.se\/shop\/wp-json\/wp\/v2\/product"}],"about":[{"href":"https:\/\/www.hosgreta.se\/shop\/wp-json\/wp\/v2\/types\/product"}],"replies":[{"embeddable":true,"href":"https:\/\/www.hosgreta.se\/shop\/wp-json\/wp\/v2\/comments?post=238614"}],"wp:featuredmedia":[{"embeddable":true,"href":"https:\/\/www.hosgreta.se\/shop\/wp-json\/wp\/v2\/media\/190014"}],"wp:attachment":[{"href":"https:\/\/www.hosgreta.se\/shop\/wp-json\/wp\/v2\/media?parent=238614"}],"wp:term":[{"taxonomy":"pwb-brand","embeddable":true,"href":"https:\/\/www.hosgreta.se\/shop\/wp-json\/wp\/v2\/pwb-brand?post=238614"},{"taxonomy":"product_brand","embeddable":true,"href":"https:\/\/www.hosgreta.se\/shop\/wp-json\/wp\/v2\/product_brand?post=238614"},{"taxonomy":"product_cat","embeddable":true,"href":"https:\/\/www.hosgreta.se\/shop\/wp-json\/wp\/v2\/product_cat?post=238614"},{"taxonomy":"product_tag","embeddable":true,"href":"https:\/\/www.hosgreta.se\/shop\/wp-json\/wp\/v2\/product_tag?post=238614"}],"curies":[{"name":"wp","href":"https:\/\/api.w.org\/{rel}","templated":true}]}}