{"id":246212,"date":"2021-06-16T16:41:15","date_gmt":"2021-06-16T14:41:15","guid":{"rendered":"https:\/\/www.hosgreta.se\/shop\/?post_type=product&#038;p=246212"},"modified":"2026-03-31T21:00:59","modified_gmt":"2026-03-31T19:00:59","slug":"te-snart-kramas-vi","status":"publish","type":"product","link":"https:\/\/www.hosgreta.se\/shop\/produkt\/te-snart-kramas-vi\/","title":{"rendered":"Te Snart kramas vi"},"content":{"rendered":"<p>100 g.<\/p>\n<p>S\u00f6dermalmsblandningen \u00e4r en fruktig och s\u00f6t klassiker. Svart te fr\u00e5n Kina och Indien tillsammans med b\u00e5de papaya och vaniljarom ger teet en s\u00f6tare och fruktigare karakt\u00e4r. Passar utm\u00e4rkt efter middagen eller till fikat, b\u00e5de med och utan mj\u00f6lk.<\/p>\n<p>Inneh\u00e5ll: Svart te, citrusskal, ringblomma, r\u00f6da rosblad, vaniljbitar, bl\u00e5klint och arom.<\/p>\n<p>Vattentemperatur: 97 grader.<br \/>\nDragtid: 3-4 minuter.<\/p>\n","protected":false},"excerpt":{"rendered":"<p>Fantastiskt gott svart te fr\u00e5n Kahls, f\u00f6rpackat i en fin svart p\u00e5se med Kahls \u00e5terf\u00f6rslutande etikett p\u00e5 baksidan och en liten vacker och betydelsefull h\u00e4lsning p\u00e5 framsidan. J\u00e4ttebra grej att ge bort eller att starta dagen sj\u00e4lv med.<\/p>\n","protected":false},"featured_media":246272,"comment_status":"closed","ping_status":"closed","template":"","meta":[],"pwb-brand":[268],"product_brand":[],"product_cat":[72,232],"product_tag":[],"class_list":{"0":"post-246212","1":"product","2":"type-product","3":"status-publish","4":"has-post-thumbnail","6":"pwb-brand-me-and-my-house-store","7":"product_cat-atbart","8":"product_cat-kaffe-och-te","10":"first","11":"outofstock","12":"taxable","13":"shipping-taxable","14":"purchasable","15":"product-type-simple"},"yoast_head":"<!-- This site is optimized with the Yoast SEO plugin v27.5 - https:\/\/yoast.com\/product\/yoast-seo-wordpress\/ -->\n<title>Te Snart kramas vi - Hos Greta<\/title>\n<meta name=\"robots\" content=\"index, follow, max-snippet:-1, max-image-preview:large, max-video-preview:-1\" \/>\n<link rel=\"canonical\" href=\"https:\/\/www.hosgreta.se\/shop\/produkt\/te-snart-kramas-vi\/\" \/>\n<meta property=\"og:locale\" content=\"sv_SE\" \/>\n<meta property=\"og:type\" content=\"article\" \/>\n<meta property=\"og:title\" content=\"Te Snart kramas vi - Hos Greta\" \/>\n<meta property=\"og:description\" content=\"Fantastiskt gott svart te fr\u00e5n Kahls, f\u00f6rpackat i en fin svart p\u00e5se med Kahls \u00e5terf\u00f6rslutande etikett p\u00e5 baksidan och en liten vacker och betydelsefull h\u00e4lsning p\u00e5 framsidan. J\u00e4ttebra grej att ge bort eller att starta dagen sj\u00e4lv med.\" \/>\n<meta property=\"og:url\" content=\"https:\/\/www.hosgreta.se\/shop\/produkt\/te-snart-kramas-vi\/\" \/>\n<meta property=\"og:site_name\" content=\"Hos Greta\" \/>\n<meta property=\"article:publisher\" content=\"https:\/\/www.facebook.com\/hosgreta\" \/>\n<meta property=\"article:modified_time\" content=\"2026-03-31T19:00:59+00:00\" \/>\n<meta property=\"og:image\" content=\"https:\/\/www.hosgreta.se\/shop\/wp-content\/uploads\/2021\/06\/Te-Snart-kramas-vi-igen.jpg\" \/>\n\t<meta property=\"og:image:width\" content=\"800\" \/>\n\t<meta property=\"og:image:height\" content=\"800\" \/>\n\t<meta property=\"og:image:type\" content=\"image\/jpeg\" \/>\n<meta name=\"twitter:card\" content=\"summary_large_image\" \/>\n<script type=\"application\/ld+json\" class=\"yoast-schema-graph\">{\"@context\":\"https:\\\/\\\/schema.org\",\"@graph\":[{\"@type\":\"WebPage\",\"@id\":\"https:\\\/\\\/www.hosgreta.se\\\/shop\\\/produkt\\\/te-snart-kramas-vi\\\/\",\"url\":\"https:\\\/\\\/www.hosgreta.se\\\/shop\\\/produkt\\\/te-snart-kramas-vi\\\/\",\"name\":\"Te Snart kramas vi - Hos Greta\",\"isPartOf\":{\"@id\":\"https:\\\/\\\/www.hosgreta.se\\\/shop\\\/#website\"},\"primaryImageOfPage\":{\"@id\":\"https:\\\/\\\/www.hosgreta.se\\\/shop\\\/produkt\\\/te-snart-kramas-vi\\\/#primaryimage\"},\"image\":{\"@id\":\"https:\\\/\\\/www.hosgreta.se\\\/shop\\\/produkt\\\/te-snart-kramas-vi\\\/#primaryimage\"},\"thumbnailUrl\":\"https:\\\/\\\/www.hosgreta.se\\\/shop\\\/wp-content\\\/uploads\\\/2021\\\/06\\\/Te-Snart-kramas-vi-igen.jpg\",\"datePublished\":\"2021-06-16T14:41:15+00:00\",\"dateModified\":\"2026-03-31T19:00:59+00:00\",\"breadcrumb\":{\"@id\":\"https:\\\/\\\/www.hosgreta.se\\\/shop\\\/produkt\\\/te-snart-kramas-vi\\\/#breadcrumb\"},\"inLanguage\":\"sv-SE\",\"potentialAction\":[{\"@type\":\"ReadAction\",\"target\":[\"https:\\\/\\\/www.hosgreta.se\\\/shop\\\/produkt\\\/te-snart-kramas-vi\\\/\"]}]},{\"@type\":\"ImageObject\",\"inLanguage\":\"sv-SE\",\"@id\":\"https:\\\/\\\/www.hosgreta.se\\\/shop\\\/produkt\\\/te-snart-kramas-vi\\\/#primaryimage\",\"url\":\"https:\\\/\\\/www.hosgreta.se\\\/shop\\\/wp-content\\\/uploads\\\/2021\\\/06\\\/Te-Snart-kramas-vi-igen.jpg\",\"contentUrl\":\"https:\\\/\\\/www.hosgreta.se\\\/shop\\\/wp-content\\\/uploads\\\/2021\\\/06\\\/Te-Snart-kramas-vi-igen.jpg\",\"width\":800,\"height\":800,\"caption\":\"Te Snart kramas vi igen\"},{\"@type\":\"BreadcrumbList\",\"@id\":\"https:\\\/\\\/www.hosgreta.se\\\/shop\\\/produkt\\\/te-snart-kramas-vi\\\/#breadcrumb\",\"itemListElement\":[{\"@type\":\"ListItem\",\"position\":1,\"name\":\"Hem\",\"item\":\"https:\\\/\\\/www.hosgreta.se\\\/shop\\\/\"},{\"@type\":\"ListItem\",\"position\":2,\"name\":\"Shop\",\"item\":\"https:\\\/\\\/www.hosgreta.se\\\/shop\\\/shop\\\/\"},{\"@type\":\"ListItem\",\"position\":3,\"name\":\"Te Snart kramas vi\"}]},{\"@type\":\"WebSite\",\"@id\":\"https:\\\/\\\/www.hosgreta.se\\\/shop\\\/#website\",\"url\":\"https:\\\/\\\/www.hosgreta.se\\\/shop\\\/\",\"name\":\"Hos Greta\",\"description\":\"Vi v\u00e4ljer ut v\u00e5ra varum\u00e4rken med stor omsorg.\",\"publisher\":{\"@id\":\"https:\\\/\\\/www.hosgreta.se\\\/shop\\\/#organization\"},\"potentialAction\":[{\"@type\":\"SearchAction\",\"target\":{\"@type\":\"EntryPoint\",\"urlTemplate\":\"https:\\\/\\\/www.hosgreta.se\\\/shop\\\/?s={search_term_string}\"},\"query-input\":{\"@type\":\"PropertyValueSpecification\",\"valueRequired\":true,\"valueName\":\"search_term_string\"}}],\"inLanguage\":\"sv-SE\"},{\"@type\":\"Organization\",\"@id\":\"https:\\\/\\\/www.hosgreta.se\\\/shop\\\/#organization\",\"name\":\"Hos Greta\",\"url\":\"https:\\\/\\\/www.hosgreta.se\\\/shop\\\/\",\"logo\":{\"@type\":\"ImageObject\",\"inLanguage\":\"sv-SE\",\"@id\":\"https:\\\/\\\/www.hosgreta.se\\\/shop\\\/#\\\/schema\\\/logo\\\/image\\\/\",\"url\":\"https:\\\/\\\/www.hosgreta.se\\\/shop\\\/wp-content\\\/uploads\\\/2018\\\/03\\\/Logo_HosGreta_svart.png\",\"contentUrl\":\"https:\\\/\\\/www.hosgreta.se\\\/shop\\\/wp-content\\\/uploads\\\/2018\\\/03\\\/Logo_HosGreta_svart.png\",\"width\":851,\"height\":851,\"caption\":\"Hos Greta\"},\"image\":{\"@id\":\"https:\\\/\\\/www.hosgreta.se\\\/shop\\\/#\\\/schema\\\/logo\\\/image\\\/\"},\"sameAs\":[\"https:\\\/\\\/www.facebook.com\\\/hosgreta\",\"https:\\\/\\\/www.instagram.com\\\/hosgreta\"]}]}<\/script>\n<!-- \/ Yoast SEO plugin. -->","yoast_head_json":{"title":"Te Snart kramas vi - Hos Greta","robots":{"index":"index","follow":"follow","max-snippet":"max-snippet:-1","max-image-preview":"max-image-preview:large","max-video-preview":"max-video-preview:-1"},"canonical":"https:\/\/www.hosgreta.se\/shop\/produkt\/te-snart-kramas-vi\/","og_locale":"sv_SE","og_type":"article","og_title":"Te Snart kramas vi - Hos Greta","og_description":"Fantastiskt gott svart te fr\u00e5n Kahls, f\u00f6rpackat i en fin svart p\u00e5se med Kahls \u00e5terf\u00f6rslutande etikett p\u00e5 baksidan och en liten vacker och betydelsefull h\u00e4lsning p\u00e5 framsidan. J\u00e4ttebra grej att ge bort eller att starta dagen sj\u00e4lv med.","og_url":"https:\/\/www.hosgreta.se\/shop\/produkt\/te-snart-kramas-vi\/","og_site_name":"Hos Greta","article_publisher":"https:\/\/www.facebook.com\/hosgreta","article_modified_time":"2026-03-31T19:00:59+00:00","og_image":[{"width":800,"height":800,"url":"https:\/\/www.hosgreta.se\/shop\/wp-content\/uploads\/2021\/06\/Te-Snart-kramas-vi-igen.jpg","type":"image\/jpeg"}],"twitter_card":"summary_large_image","schema":{"@context":"https:\/\/schema.org","@graph":[{"@type":"WebPage","@id":"https:\/\/www.hosgreta.se\/shop\/produkt\/te-snart-kramas-vi\/","url":"https:\/\/www.hosgreta.se\/shop\/produkt\/te-snart-kramas-vi\/","name":"Te Snart kramas vi - Hos Greta","isPartOf":{"@id":"https:\/\/www.hosgreta.se\/shop\/#website"},"primaryImageOfPage":{"@id":"https:\/\/www.hosgreta.se\/shop\/produkt\/te-snart-kramas-vi\/#primaryimage"},"image":{"@id":"https:\/\/www.hosgreta.se\/shop\/produkt\/te-snart-kramas-vi\/#primaryimage"},"thumbnailUrl":"https:\/\/www.hosgreta.se\/shop\/wp-content\/uploads\/2021\/06\/Te-Snart-kramas-vi-igen.jpg","datePublished":"2021-06-16T14:41:15+00:00","dateModified":"2026-03-31T19:00:59+00:00","breadcrumb":{"@id":"https:\/\/www.hosgreta.se\/shop\/produkt\/te-snart-kramas-vi\/#breadcrumb"},"inLanguage":"sv-SE","potentialAction":[{"@type":"ReadAction","target":["https:\/\/www.hosgreta.se\/shop\/produkt\/te-snart-kramas-vi\/"]}]},{"@type":"ImageObject","inLanguage":"sv-SE","@id":"https:\/\/www.hosgreta.se\/shop\/produkt\/te-snart-kramas-vi\/#primaryimage","url":"https:\/\/www.hosgreta.se\/shop\/wp-content\/uploads\/2021\/06\/Te-Snart-kramas-vi-igen.jpg","contentUrl":"https:\/\/www.hosgreta.se\/shop\/wp-content\/uploads\/2021\/06\/Te-Snart-kramas-vi-igen.jpg","width":800,"height":800,"caption":"Te Snart kramas vi igen"},{"@type":"BreadcrumbList","@id":"https:\/\/www.hosgreta.se\/shop\/produkt\/te-snart-kramas-vi\/#breadcrumb","itemListElement":[{"@type":"ListItem","position":1,"name":"Hem","item":"https:\/\/www.hosgreta.se\/shop\/"},{"@type":"ListItem","position":2,"name":"Shop","item":"https:\/\/www.hosgreta.se\/shop\/shop\/"},{"@type":"ListItem","position":3,"name":"Te Snart kramas vi"}]},{"@type":"WebSite","@id":"https:\/\/www.hosgreta.se\/shop\/#website","url":"https:\/\/www.hosgreta.se\/shop\/","name":"Hos Greta","description":"Vi v\u00e4ljer ut v\u00e5ra varum\u00e4rken med stor omsorg.","publisher":{"@id":"https:\/\/www.hosgreta.se\/shop\/#organization"},"potentialAction":[{"@type":"SearchAction","target":{"@type":"EntryPoint","urlTemplate":"https:\/\/www.hosgreta.se\/shop\/?s={search_term_string}"},"query-input":{"@type":"PropertyValueSpecification","valueRequired":true,"valueName":"search_term_string"}}],"inLanguage":"sv-SE"},{"@type":"Organization","@id":"https:\/\/www.hosgreta.se\/shop\/#organization","name":"Hos Greta","url":"https:\/\/www.hosgreta.se\/shop\/","logo":{"@type":"ImageObject","inLanguage":"sv-SE","@id":"https:\/\/www.hosgreta.se\/shop\/#\/schema\/logo\/image\/","url":"https:\/\/www.hosgreta.se\/shop\/wp-content\/uploads\/2018\/03\/Logo_HosGreta_svart.png","contentUrl":"https:\/\/www.hosgreta.se\/shop\/wp-content\/uploads\/2018\/03\/Logo_HosGreta_svart.png","width":851,"height":851,"caption":"Hos Greta"},"image":{"@id":"https:\/\/www.hosgreta.se\/shop\/#\/schema\/logo\/image\/"},"sameAs":["https:\/\/www.facebook.com\/hosgreta","https:\/\/www.instagram.com\/hosgreta"]}]}},"kroconnect":{"tax_rate":6,"price_inc_vat":{"regular_price":69},"price_ex_vat":{"regular_price":65.09434}},"brands":[{"id":268,"name":"Me and My House store","slug":"me-and-my-house-store"}],"_links":{"self":[{"href":"https:\/\/www.hosgreta.se\/shop\/wp-json\/wp\/v2\/product\/246212","targetHints":{"allow":["GET"]}}],"collection":[{"href":"https:\/\/www.hosgreta.se\/shop\/wp-json\/wp\/v2\/product"}],"about":[{"href":"https:\/\/www.hosgreta.se\/shop\/wp-json\/wp\/v2\/types\/product"}],"replies":[{"embeddable":true,"href":"https:\/\/www.hosgreta.se\/shop\/wp-json\/wp\/v2\/comments?post=246212"}],"wp:featuredmedia":[{"embeddable":true,"href":"https:\/\/www.hosgreta.se\/shop\/wp-json\/wp\/v2\/media\/246272"}],"wp:attachment":[{"href":"https:\/\/www.hosgreta.se\/shop\/wp-json\/wp\/v2\/media?parent=246212"}],"wp:term":[{"taxonomy":"pwb-brand","embeddable":true,"href":"https:\/\/www.hosgreta.se\/shop\/wp-json\/wp\/v2\/pwb-brand?post=246212"},{"taxonomy":"product_brand","embeddable":true,"href":"https:\/\/www.hosgreta.se\/shop\/wp-json\/wp\/v2\/product_brand?post=246212"},{"taxonomy":"product_cat","embeddable":true,"href":"https:\/\/www.hosgreta.se\/shop\/wp-json\/wp\/v2\/product_cat?post=246212"},{"taxonomy":"product_tag","embeddable":true,"href":"https:\/\/www.hosgreta.se\/shop\/wp-json\/wp\/v2\/product_tag?post=246212"}],"curies":[{"name":"wp","href":"https:\/\/api.w.org\/{rel}","templated":true}]}}