{"id":246245,"date":"2021-06-16T16:57:04","date_gmt":"2021-06-16T14:57:04","guid":{"rendered":"https:\/\/www.hosgreta.se\/shop\/?post_type=product&#038;p=246245"},"modified":"2025-06-10T16:43:18","modified_gmt":"2025-06-10T14:43:18","slug":"langt-nyckelband-i-rosa-jag-blir-sa-glad-nar-jag-ser-dig","status":"publish","type":"product","link":"https:\/\/www.hosgreta.se\/shop\/produkt\/langt-nyckelband-i-rosa-jag-blir-sa-glad-nar-jag-ser-dig\/","title":{"rendered":"L\u00e5ngt nyckelband rosa: Jag blir s\u00e5 glad n\u00e4r jag ser dig"},"content":{"rendered":"","protected":false},"excerpt":{"rendered":"<p>Tjusigt l\u00e5ngt nyckelband med vitt tryck.<\/p>\n<p>Bandet har b\u00e5de s\u00e4kerhetsclip, snabbf\u00e4ste och karbinhake d\u00e4r du l\u00e4tt h\u00e4nger fast nycklar eller passerkort.<\/p>\n","protected":false},"featured_media":246287,"comment_status":"closed","ping_status":"closed","template":"","meta":[],"pwb-brand":[268],"product_brand":[],"product_cat":[136,128],"product_tag":[],"class_list":{"0":"post-246245","1":"product","2":"type-product","3":"status-publish","4":"has-post-thumbnail","6":"pwb-brand-me-and-my-house-store","7":"product_cat-accessoarer","8":"product_cat-smycken-accessoarer","10":"first","11":"outofstock","12":"taxable","13":"shipping-taxable","14":"purchasable","15":"product-type-simple"},"yoast_head":"<!-- This site is optimized with the Yoast SEO plugin v27.4 - https:\/\/yoast.com\/product\/yoast-seo-wordpress\/ -->\n<title>L\u00e5ngt nyckelband rosa: Jag blir s\u00e5 glad n\u00e4r jag ser dig - Hos Greta<\/title>\n<meta name=\"robots\" content=\"index, follow, max-snippet:-1, max-image-preview:large, max-video-preview:-1\" \/>\n<link rel=\"canonical\" href=\"https:\/\/www.hosgreta.se\/shop\/produkt\/langt-nyckelband-i-rosa-jag-blir-sa-glad-nar-jag-ser-dig\/\" \/>\n<meta property=\"og:locale\" content=\"sv_SE\" \/>\n<meta property=\"og:type\" content=\"article\" \/>\n<meta property=\"og:title\" content=\"L\u00e5ngt nyckelband rosa: Jag blir s\u00e5 glad n\u00e4r jag ser dig - Hos Greta\" \/>\n<meta property=\"og:description\" content=\"Tjusigt l\u00e5ngt nyckelband med vitt tryck.  Bandet har b\u00e5de s\u00e4kerhetsclip, snabbf\u00e4ste och karbinhake d\u00e4r du l\u00e4tt h\u00e4nger fast nycklar eller passerkort.\" \/>\n<meta property=\"og:url\" content=\"https:\/\/www.hosgreta.se\/shop\/produkt\/langt-nyckelband-i-rosa-jag-blir-sa-glad-nar-jag-ser-dig\/\" \/>\n<meta property=\"og:site_name\" content=\"Hos Greta\" \/>\n<meta property=\"article:publisher\" content=\"https:\/\/www.facebook.com\/hosgreta\" \/>\n<meta property=\"article:modified_time\" content=\"2025-06-10T14:43:18+00:00\" \/>\n<meta property=\"og:image\" content=\"https:\/\/www.hosgreta.se\/shop\/wp-content\/uploads\/2021\/06\/Langt-nyckelband-i-rosa-Jag-blir-sa-glad-nar-jag-ser-dig.jpg\" \/>\n\t<meta property=\"og:image:width\" content=\"800\" \/>\n\t<meta property=\"og:image:height\" content=\"800\" \/>\n\t<meta property=\"og:image:type\" content=\"image\/jpeg\" \/>\n<meta name=\"twitter:card\" content=\"summary_large_image\" \/>\n<script type=\"application\/ld+json\" class=\"yoast-schema-graph\">{\"@context\":\"https:\\\/\\\/schema.org\",\"@graph\":[{\"@type\":\"WebPage\",\"@id\":\"https:\\\/\\\/www.hosgreta.se\\\/shop\\\/produkt\\\/langt-nyckelband-i-rosa-jag-blir-sa-glad-nar-jag-ser-dig\\\/\",\"url\":\"https:\\\/\\\/www.hosgreta.se\\\/shop\\\/produkt\\\/langt-nyckelband-i-rosa-jag-blir-sa-glad-nar-jag-ser-dig\\\/\",\"name\":\"L\u00e5ngt nyckelband rosa: Jag blir s\u00e5 glad n\u00e4r jag ser dig - Hos Greta\",\"isPartOf\":{\"@id\":\"https:\\\/\\\/www.hosgreta.se\\\/shop\\\/#website\"},\"primaryImageOfPage\":{\"@id\":\"https:\\\/\\\/www.hosgreta.se\\\/shop\\\/produkt\\\/langt-nyckelband-i-rosa-jag-blir-sa-glad-nar-jag-ser-dig\\\/#primaryimage\"},\"image\":{\"@id\":\"https:\\\/\\\/www.hosgreta.se\\\/shop\\\/produkt\\\/langt-nyckelband-i-rosa-jag-blir-sa-glad-nar-jag-ser-dig\\\/#primaryimage\"},\"thumbnailUrl\":\"https:\\\/\\\/www.hosgreta.se\\\/shop\\\/wp-content\\\/uploads\\\/2021\\\/06\\\/Langt-nyckelband-i-rosa-Jag-blir-sa-glad-nar-jag-ser-dig.jpg\",\"datePublished\":\"2021-06-16T14:57:04+00:00\",\"dateModified\":\"2025-06-10T14:43:18+00:00\",\"breadcrumb\":{\"@id\":\"https:\\\/\\\/www.hosgreta.se\\\/shop\\\/produkt\\\/langt-nyckelband-i-rosa-jag-blir-sa-glad-nar-jag-ser-dig\\\/#breadcrumb\"},\"inLanguage\":\"sv-SE\",\"potentialAction\":[{\"@type\":\"ReadAction\",\"target\":[\"https:\\\/\\\/www.hosgreta.se\\\/shop\\\/produkt\\\/langt-nyckelband-i-rosa-jag-blir-sa-glad-nar-jag-ser-dig\\\/\"]}]},{\"@type\":\"ImageObject\",\"inLanguage\":\"sv-SE\",\"@id\":\"https:\\\/\\\/www.hosgreta.se\\\/shop\\\/produkt\\\/langt-nyckelband-i-rosa-jag-blir-sa-glad-nar-jag-ser-dig\\\/#primaryimage\",\"url\":\"https:\\\/\\\/www.hosgreta.se\\\/shop\\\/wp-content\\\/uploads\\\/2021\\\/06\\\/Langt-nyckelband-i-rosa-Jag-blir-sa-glad-nar-jag-ser-dig.jpg\",\"contentUrl\":\"https:\\\/\\\/www.hosgreta.se\\\/shop\\\/wp-content\\\/uploads\\\/2021\\\/06\\\/Langt-nyckelband-i-rosa-Jag-blir-sa-glad-nar-jag-ser-dig.jpg\",\"width\":800,\"height\":800,\"caption\":\"L\u00e5ngt nyckelband i rosa, Jag blir s\u00e5 glad n\u00e4r jag ser dig\"},{\"@type\":\"BreadcrumbList\",\"@id\":\"https:\\\/\\\/www.hosgreta.se\\\/shop\\\/produkt\\\/langt-nyckelband-i-rosa-jag-blir-sa-glad-nar-jag-ser-dig\\\/#breadcrumb\",\"itemListElement\":[{\"@type\":\"ListItem\",\"position\":1,\"name\":\"Hem\",\"item\":\"https:\\\/\\\/www.hosgreta.se\\\/shop\\\/\"},{\"@type\":\"ListItem\",\"position\":2,\"name\":\"Shop\",\"item\":\"https:\\\/\\\/www.hosgreta.se\\\/shop\\\/shop\\\/\"},{\"@type\":\"ListItem\",\"position\":3,\"name\":\"L\u00e5ngt nyckelband rosa: Jag blir s\u00e5 glad n\u00e4r jag ser dig\"}]},{\"@type\":\"WebSite\",\"@id\":\"https:\\\/\\\/www.hosgreta.se\\\/shop\\\/#website\",\"url\":\"https:\\\/\\\/www.hosgreta.se\\\/shop\\\/\",\"name\":\"Hos Greta\",\"description\":\"Vi v\u00e4ljer ut v\u00e5ra varum\u00e4rken med stor omsorg.\",\"publisher\":{\"@id\":\"https:\\\/\\\/www.hosgreta.se\\\/shop\\\/#organization\"},\"potentialAction\":[{\"@type\":\"SearchAction\",\"target\":{\"@type\":\"EntryPoint\",\"urlTemplate\":\"https:\\\/\\\/www.hosgreta.se\\\/shop\\\/?s={search_term_string}\"},\"query-input\":{\"@type\":\"PropertyValueSpecification\",\"valueRequired\":true,\"valueName\":\"search_term_string\"}}],\"inLanguage\":\"sv-SE\"},{\"@type\":\"Organization\",\"@id\":\"https:\\\/\\\/www.hosgreta.se\\\/shop\\\/#organization\",\"name\":\"Hos Greta\",\"url\":\"https:\\\/\\\/www.hosgreta.se\\\/shop\\\/\",\"logo\":{\"@type\":\"ImageObject\",\"inLanguage\":\"sv-SE\",\"@id\":\"https:\\\/\\\/www.hosgreta.se\\\/shop\\\/#\\\/schema\\\/logo\\\/image\\\/\",\"url\":\"https:\\\/\\\/www.hosgreta.se\\\/shop\\\/wp-content\\\/uploads\\\/2018\\\/03\\\/Logo_HosGreta_svart.png\",\"contentUrl\":\"https:\\\/\\\/www.hosgreta.se\\\/shop\\\/wp-content\\\/uploads\\\/2018\\\/03\\\/Logo_HosGreta_svart.png\",\"width\":851,\"height\":851,\"caption\":\"Hos Greta\"},\"image\":{\"@id\":\"https:\\\/\\\/www.hosgreta.se\\\/shop\\\/#\\\/schema\\\/logo\\\/image\\\/\"},\"sameAs\":[\"https:\\\/\\\/www.facebook.com\\\/hosgreta\",\"https:\\\/\\\/www.instagram.com\\\/hosgreta\"]}]}<\/script>\n<!-- \/ Yoast SEO plugin. -->","yoast_head_json":{"title":"L\u00e5ngt nyckelband rosa: Jag blir s\u00e5 glad n\u00e4r jag ser dig - Hos Greta","robots":{"index":"index","follow":"follow","max-snippet":"max-snippet:-1","max-image-preview":"max-image-preview:large","max-video-preview":"max-video-preview:-1"},"canonical":"https:\/\/www.hosgreta.se\/shop\/produkt\/langt-nyckelband-i-rosa-jag-blir-sa-glad-nar-jag-ser-dig\/","og_locale":"sv_SE","og_type":"article","og_title":"L\u00e5ngt nyckelband rosa: Jag blir s\u00e5 glad n\u00e4r jag ser dig - Hos Greta","og_description":"Tjusigt l\u00e5ngt nyckelband med vitt tryck.  Bandet har b\u00e5de s\u00e4kerhetsclip, snabbf\u00e4ste och karbinhake d\u00e4r du l\u00e4tt h\u00e4nger fast nycklar eller passerkort.","og_url":"https:\/\/www.hosgreta.se\/shop\/produkt\/langt-nyckelband-i-rosa-jag-blir-sa-glad-nar-jag-ser-dig\/","og_site_name":"Hos Greta","article_publisher":"https:\/\/www.facebook.com\/hosgreta","article_modified_time":"2025-06-10T14:43:18+00:00","og_image":[{"width":800,"height":800,"url":"https:\/\/www.hosgreta.se\/shop\/wp-content\/uploads\/2021\/06\/Langt-nyckelband-i-rosa-Jag-blir-sa-glad-nar-jag-ser-dig.jpg","type":"image\/jpeg"}],"twitter_card":"summary_large_image","schema":{"@context":"https:\/\/schema.org","@graph":[{"@type":"WebPage","@id":"https:\/\/www.hosgreta.se\/shop\/produkt\/langt-nyckelband-i-rosa-jag-blir-sa-glad-nar-jag-ser-dig\/","url":"https:\/\/www.hosgreta.se\/shop\/produkt\/langt-nyckelband-i-rosa-jag-blir-sa-glad-nar-jag-ser-dig\/","name":"L\u00e5ngt nyckelband rosa: Jag blir s\u00e5 glad n\u00e4r jag ser dig - Hos Greta","isPartOf":{"@id":"https:\/\/www.hosgreta.se\/shop\/#website"},"primaryImageOfPage":{"@id":"https:\/\/www.hosgreta.se\/shop\/produkt\/langt-nyckelband-i-rosa-jag-blir-sa-glad-nar-jag-ser-dig\/#primaryimage"},"image":{"@id":"https:\/\/www.hosgreta.se\/shop\/produkt\/langt-nyckelband-i-rosa-jag-blir-sa-glad-nar-jag-ser-dig\/#primaryimage"},"thumbnailUrl":"https:\/\/www.hosgreta.se\/shop\/wp-content\/uploads\/2021\/06\/Langt-nyckelband-i-rosa-Jag-blir-sa-glad-nar-jag-ser-dig.jpg","datePublished":"2021-06-16T14:57:04+00:00","dateModified":"2025-06-10T14:43:18+00:00","breadcrumb":{"@id":"https:\/\/www.hosgreta.se\/shop\/produkt\/langt-nyckelband-i-rosa-jag-blir-sa-glad-nar-jag-ser-dig\/#breadcrumb"},"inLanguage":"sv-SE","potentialAction":[{"@type":"ReadAction","target":["https:\/\/www.hosgreta.se\/shop\/produkt\/langt-nyckelband-i-rosa-jag-blir-sa-glad-nar-jag-ser-dig\/"]}]},{"@type":"ImageObject","inLanguage":"sv-SE","@id":"https:\/\/www.hosgreta.se\/shop\/produkt\/langt-nyckelband-i-rosa-jag-blir-sa-glad-nar-jag-ser-dig\/#primaryimage","url":"https:\/\/www.hosgreta.se\/shop\/wp-content\/uploads\/2021\/06\/Langt-nyckelband-i-rosa-Jag-blir-sa-glad-nar-jag-ser-dig.jpg","contentUrl":"https:\/\/www.hosgreta.se\/shop\/wp-content\/uploads\/2021\/06\/Langt-nyckelband-i-rosa-Jag-blir-sa-glad-nar-jag-ser-dig.jpg","width":800,"height":800,"caption":"L\u00e5ngt nyckelband i rosa, Jag blir s\u00e5 glad n\u00e4r jag ser dig"},{"@type":"BreadcrumbList","@id":"https:\/\/www.hosgreta.se\/shop\/produkt\/langt-nyckelband-i-rosa-jag-blir-sa-glad-nar-jag-ser-dig\/#breadcrumb","itemListElement":[{"@type":"ListItem","position":1,"name":"Hem","item":"https:\/\/www.hosgreta.se\/shop\/"},{"@type":"ListItem","position":2,"name":"Shop","item":"https:\/\/www.hosgreta.se\/shop\/shop\/"},{"@type":"ListItem","position":3,"name":"L\u00e5ngt nyckelband rosa: Jag blir s\u00e5 glad n\u00e4r jag ser dig"}]},{"@type":"WebSite","@id":"https:\/\/www.hosgreta.se\/shop\/#website","url":"https:\/\/www.hosgreta.se\/shop\/","name":"Hos Greta","description":"Vi v\u00e4ljer ut v\u00e5ra varum\u00e4rken med stor omsorg.","publisher":{"@id":"https:\/\/www.hosgreta.se\/shop\/#organization"},"potentialAction":[{"@type":"SearchAction","target":{"@type":"EntryPoint","urlTemplate":"https:\/\/www.hosgreta.se\/shop\/?s={search_term_string}"},"query-input":{"@type":"PropertyValueSpecification","valueRequired":true,"valueName":"search_term_string"}}],"inLanguage":"sv-SE"},{"@type":"Organization","@id":"https:\/\/www.hosgreta.se\/shop\/#organization","name":"Hos Greta","url":"https:\/\/www.hosgreta.se\/shop\/","logo":{"@type":"ImageObject","inLanguage":"sv-SE","@id":"https:\/\/www.hosgreta.se\/shop\/#\/schema\/logo\/image\/","url":"https:\/\/www.hosgreta.se\/shop\/wp-content\/uploads\/2018\/03\/Logo_HosGreta_svart.png","contentUrl":"https:\/\/www.hosgreta.se\/shop\/wp-content\/uploads\/2018\/03\/Logo_HosGreta_svart.png","width":851,"height":851,"caption":"Hos Greta"},"image":{"@id":"https:\/\/www.hosgreta.se\/shop\/#\/schema\/logo\/image\/"},"sameAs":["https:\/\/www.facebook.com\/hosgreta","https:\/\/www.instagram.com\/hosgreta"]}]}},"kroconnect":{"tax_rate":25,"price_inc_vat":{"regular_price":35},"price_ex_vat":{"regular_price":28}},"brands":[{"id":268,"name":"Me and My House store","slug":"me-and-my-house-store"}],"_links":{"self":[{"href":"https:\/\/www.hosgreta.se\/shop\/wp-json\/wp\/v2\/product\/246245","targetHints":{"allow":["GET"]}}],"collection":[{"href":"https:\/\/www.hosgreta.se\/shop\/wp-json\/wp\/v2\/product"}],"about":[{"href":"https:\/\/www.hosgreta.se\/shop\/wp-json\/wp\/v2\/types\/product"}],"replies":[{"embeddable":true,"href":"https:\/\/www.hosgreta.se\/shop\/wp-json\/wp\/v2\/comments?post=246245"}],"wp:featuredmedia":[{"embeddable":true,"href":"https:\/\/www.hosgreta.se\/shop\/wp-json\/wp\/v2\/media\/246287"}],"wp:attachment":[{"href":"https:\/\/www.hosgreta.se\/shop\/wp-json\/wp\/v2\/media?parent=246245"}],"wp:term":[{"taxonomy":"pwb-brand","embeddable":true,"href":"https:\/\/www.hosgreta.se\/shop\/wp-json\/wp\/v2\/pwb-brand?post=246245"},{"taxonomy":"product_brand","embeddable":true,"href":"https:\/\/www.hosgreta.se\/shop\/wp-json\/wp\/v2\/product_brand?post=246245"},{"taxonomy":"product_cat","embeddable":true,"href":"https:\/\/www.hosgreta.se\/shop\/wp-json\/wp\/v2\/product_cat?post=246245"},{"taxonomy":"product_tag","embeddable":true,"href":"https:\/\/www.hosgreta.se\/shop\/wp-json\/wp\/v2\/product_tag?post=246245"}],"curies":[{"name":"wp","href":"https:\/\/api.w.org\/{rel}","templated":true}]}}