{"id":254583,"date":"2021-08-02T14:54:20","date_gmt":"2021-08-02T12:54:20","guid":{"rendered":"https:\/\/www.hosgreta.se\/shop\/?post_type=product&#038;p=254583"},"modified":"2023-01-09T12:49:43","modified_gmt":"2023-01-09T11:49:43","slug":"faith-orhangen-ear-cuff-kryss","status":"publish","type":"product","link":"https:\/\/www.hosgreta.se\/shop\/produkt\/faith-orhangen-ear-cuff-kryss\/","title":{"rendered":"Faith \u00d6rh\u00e4ngen Ear cuff kryss"},"content":{"rendered":"<p>925 sterling silver<br \/>\nNickelfri<br \/>\n8 mm justerbar<\/p>\n","protected":false},"excerpt":{"rendered":"<p>Snygg och stilrent silver\u00f6rh\u00e4nge &#8211; Ear cuff, i \u00e4kta silver.<br \/>\nPassar \u00e4ven dig som inte har h\u00e5l i \u00f6ronen.<\/p>\n<p>B\u00f6rja med att tr\u00e4 din ear cuff uppifr\u00e5n p\u00e5 \u00f6rat f\u00f6r att sedan v\u00e4lja var du tycker att den sitter b\u00e4st.<\/p>\n<p>Obs! Priset g\u00e4ller f\u00f6r ett \u00f6rh\u00e4nge.<\/p>\n","protected":false},"featured_media":309533,"comment_status":"closed","ping_status":"closed","template":"","meta":[],"pwb-brand":[273],"product_brand":[],"product_cat":[137,128],"product_tag":[],"class_list":{"0":"post-254583","1":"product","2":"type-product","3":"status-publish","4":"has-post-thumbnail","6":"pwb-brand-faith","7":"product_cat-smycken","8":"product_cat-smycken-accessoarer","10":"first","11":"outofstock","12":"taxable","13":"shipping-taxable","14":"purchasable","15":"product-type-simple"},"yoast_head":"<!-- This site is optimized with the Yoast SEO plugin v27.4 - https:\/\/yoast.com\/product\/yoast-seo-wordpress\/ -->\n<title>Faith \u00d6rh\u00e4ngen Ear cuff kryss - Hos Greta<\/title>\n<meta name=\"robots\" content=\"index, follow, max-snippet:-1, max-image-preview:large, max-video-preview:-1\" \/>\n<link rel=\"canonical\" href=\"https:\/\/www.hosgreta.se\/shop\/produkt\/faith-orhangen-ear-cuff-kryss\/\" \/>\n<meta property=\"og:locale\" content=\"sv_SE\" \/>\n<meta property=\"og:type\" content=\"article\" \/>\n<meta property=\"og:title\" content=\"Faith \u00d6rh\u00e4ngen Ear cuff kryss - Hos Greta\" \/>\n<meta property=\"og:description\" content=\"Snygg och stilrent silver\u00f6rh\u00e4nge - Ear cuff, i \u00e4kta silver. Passar \u00e4ven dig som inte har h\u00e5l i \u00f6ronen.  B\u00f6rja med att tr\u00e4 din ear cuff uppifr\u00e5n p\u00e5 \u00f6rat f\u00f6r att sedan v\u00e4lja var du tycker att den sitter b\u00e4st.  Obs! Priset g\u00e4ller f\u00f6r ett \u00f6rh\u00e4nge.\" \/>\n<meta property=\"og:url\" content=\"https:\/\/www.hosgreta.se\/shop\/produkt\/faith-orhangen-ear-cuff-kryss\/\" \/>\n<meta property=\"og:site_name\" content=\"Hos Greta\" \/>\n<meta property=\"article:publisher\" content=\"https:\/\/www.facebook.com\/hosgreta\" \/>\n<meta property=\"article:modified_time\" content=\"2023-01-09T11:49:43+00:00\" \/>\n<meta name=\"twitter:card\" content=\"summary_large_image\" \/>\n<script type=\"application\/ld+json\" class=\"yoast-schema-graph\">{\"@context\":\"https:\\\/\\\/schema.org\",\"@graph\":[{\"@type\":\"WebPage\",\"@id\":\"https:\\\/\\\/www.hosgreta.se\\\/shop\\\/produkt\\\/faith-orhangen-ear-cuff-kryss\\\/\",\"url\":\"https:\\\/\\\/www.hosgreta.se\\\/shop\\\/produkt\\\/faith-orhangen-ear-cuff-kryss\\\/\",\"name\":\"Faith \u00d6rh\u00e4ngen Ear cuff kryss - Hos Greta\",\"isPartOf\":{\"@id\":\"https:\\\/\\\/www.hosgreta.se\\\/shop\\\/#website\"},\"primaryImageOfPage\":{\"@id\":\"https:\\\/\\\/www.hosgreta.se\\\/shop\\\/produkt\\\/faith-orhangen-ear-cuff-kryss\\\/#primaryimage\"},\"image\":{\"@id\":\"https:\\\/\\\/www.hosgreta.se\\\/shop\\\/produkt\\\/faith-orhangen-ear-cuff-kryss\\\/#primaryimage\"},\"thumbnailUrl\":\"https:\\\/\\\/www.hosgreta.se\\\/shop\\\/wp-content\\\/uploads\\\/2021\\\/08\\\/Faith-Orhangen-Ear-cuff-kryss.jpg\",\"datePublished\":\"2021-08-02T12:54:20+00:00\",\"dateModified\":\"2023-01-09T11:49:43+00:00\",\"breadcrumb\":{\"@id\":\"https:\\\/\\\/www.hosgreta.se\\\/shop\\\/produkt\\\/faith-orhangen-ear-cuff-kryss\\\/#breadcrumb\"},\"inLanguage\":\"sv-SE\",\"potentialAction\":[{\"@type\":\"ReadAction\",\"target\":[\"https:\\\/\\\/www.hosgreta.se\\\/shop\\\/produkt\\\/faith-orhangen-ear-cuff-kryss\\\/\"]}]},{\"@type\":\"ImageObject\",\"inLanguage\":\"sv-SE\",\"@id\":\"https:\\\/\\\/www.hosgreta.se\\\/shop\\\/produkt\\\/faith-orhangen-ear-cuff-kryss\\\/#primaryimage\",\"url\":\"https:\\\/\\\/www.hosgreta.se\\\/shop\\\/wp-content\\\/uploads\\\/2021\\\/08\\\/Faith-Orhangen-Ear-cuff-kryss.jpg\",\"contentUrl\":\"https:\\\/\\\/www.hosgreta.se\\\/shop\\\/wp-content\\\/uploads\\\/2021\\\/08\\\/Faith-Orhangen-Ear-cuff-kryss.jpg\",\"width\":800,\"height\":800,\"caption\":\"Faith \u00d6rh\u00e4ngen Ear cuff kryss\"},{\"@type\":\"BreadcrumbList\",\"@id\":\"https:\\\/\\\/www.hosgreta.se\\\/shop\\\/produkt\\\/faith-orhangen-ear-cuff-kryss\\\/#breadcrumb\",\"itemListElement\":[{\"@type\":\"ListItem\",\"position\":1,\"name\":\"Hem\",\"item\":\"https:\\\/\\\/www.hosgreta.se\\\/shop\\\/\"},{\"@type\":\"ListItem\",\"position\":2,\"name\":\"Shop\",\"item\":\"https:\\\/\\\/www.hosgreta.se\\\/shop\\\/shop\\\/\"},{\"@type\":\"ListItem\",\"position\":3,\"name\":\"Faith \u00d6rh\u00e4ngen Ear cuff kryss\"}]},{\"@type\":\"WebSite\",\"@id\":\"https:\\\/\\\/www.hosgreta.se\\\/shop\\\/#website\",\"url\":\"https:\\\/\\\/www.hosgreta.se\\\/shop\\\/\",\"name\":\"Hos Greta\",\"description\":\"Vi v\u00e4ljer ut v\u00e5ra varum\u00e4rken med stor omsorg.\",\"publisher\":{\"@id\":\"https:\\\/\\\/www.hosgreta.se\\\/shop\\\/#organization\"},\"potentialAction\":[{\"@type\":\"SearchAction\",\"target\":{\"@type\":\"EntryPoint\",\"urlTemplate\":\"https:\\\/\\\/www.hosgreta.se\\\/shop\\\/?s={search_term_string}\"},\"query-input\":{\"@type\":\"PropertyValueSpecification\",\"valueRequired\":true,\"valueName\":\"search_term_string\"}}],\"inLanguage\":\"sv-SE\"},{\"@type\":\"Organization\",\"@id\":\"https:\\\/\\\/www.hosgreta.se\\\/shop\\\/#organization\",\"name\":\"Hos Greta\",\"url\":\"https:\\\/\\\/www.hosgreta.se\\\/shop\\\/\",\"logo\":{\"@type\":\"ImageObject\",\"inLanguage\":\"sv-SE\",\"@id\":\"https:\\\/\\\/www.hosgreta.se\\\/shop\\\/#\\\/schema\\\/logo\\\/image\\\/\",\"url\":\"https:\\\/\\\/www.hosgreta.se\\\/shop\\\/wp-content\\\/uploads\\\/2018\\\/03\\\/Logo_HosGreta_svart.png\",\"contentUrl\":\"https:\\\/\\\/www.hosgreta.se\\\/shop\\\/wp-content\\\/uploads\\\/2018\\\/03\\\/Logo_HosGreta_svart.png\",\"width\":851,\"height\":851,\"caption\":\"Hos Greta\"},\"image\":{\"@id\":\"https:\\\/\\\/www.hosgreta.se\\\/shop\\\/#\\\/schema\\\/logo\\\/image\\\/\"},\"sameAs\":[\"https:\\\/\\\/www.facebook.com\\\/hosgreta\",\"https:\\\/\\\/www.instagram.com\\\/hosgreta\"]}]}<\/script>\n<!-- \/ Yoast SEO plugin. -->","yoast_head_json":{"title":"Faith \u00d6rh\u00e4ngen Ear cuff kryss - Hos Greta","robots":{"index":"index","follow":"follow","max-snippet":"max-snippet:-1","max-image-preview":"max-image-preview:large","max-video-preview":"max-video-preview:-1"},"canonical":"https:\/\/www.hosgreta.se\/shop\/produkt\/faith-orhangen-ear-cuff-kryss\/","og_locale":"sv_SE","og_type":"article","og_title":"Faith \u00d6rh\u00e4ngen Ear cuff kryss - Hos Greta","og_description":"Snygg och stilrent silver\u00f6rh\u00e4nge - Ear cuff, i \u00e4kta silver. Passar \u00e4ven dig som inte har h\u00e5l i \u00f6ronen.  B\u00f6rja med att tr\u00e4 din ear cuff uppifr\u00e5n p\u00e5 \u00f6rat f\u00f6r att sedan v\u00e4lja var du tycker att den sitter b\u00e4st.  Obs! Priset g\u00e4ller f\u00f6r ett \u00f6rh\u00e4nge.","og_url":"https:\/\/www.hosgreta.se\/shop\/produkt\/faith-orhangen-ear-cuff-kryss\/","og_site_name":"Hos Greta","article_publisher":"https:\/\/www.facebook.com\/hosgreta","article_modified_time":"2023-01-09T11:49:43+00:00","twitter_card":"summary_large_image","schema":{"@context":"https:\/\/schema.org","@graph":[{"@type":"WebPage","@id":"https:\/\/www.hosgreta.se\/shop\/produkt\/faith-orhangen-ear-cuff-kryss\/","url":"https:\/\/www.hosgreta.se\/shop\/produkt\/faith-orhangen-ear-cuff-kryss\/","name":"Faith \u00d6rh\u00e4ngen Ear cuff kryss - Hos Greta","isPartOf":{"@id":"https:\/\/www.hosgreta.se\/shop\/#website"},"primaryImageOfPage":{"@id":"https:\/\/www.hosgreta.se\/shop\/produkt\/faith-orhangen-ear-cuff-kryss\/#primaryimage"},"image":{"@id":"https:\/\/www.hosgreta.se\/shop\/produkt\/faith-orhangen-ear-cuff-kryss\/#primaryimage"},"thumbnailUrl":"https:\/\/www.hosgreta.se\/shop\/wp-content\/uploads\/2021\/08\/Faith-Orhangen-Ear-cuff-kryss.jpg","datePublished":"2021-08-02T12:54:20+00:00","dateModified":"2023-01-09T11:49:43+00:00","breadcrumb":{"@id":"https:\/\/www.hosgreta.se\/shop\/produkt\/faith-orhangen-ear-cuff-kryss\/#breadcrumb"},"inLanguage":"sv-SE","potentialAction":[{"@type":"ReadAction","target":["https:\/\/www.hosgreta.se\/shop\/produkt\/faith-orhangen-ear-cuff-kryss\/"]}]},{"@type":"ImageObject","inLanguage":"sv-SE","@id":"https:\/\/www.hosgreta.se\/shop\/produkt\/faith-orhangen-ear-cuff-kryss\/#primaryimage","url":"https:\/\/www.hosgreta.se\/shop\/wp-content\/uploads\/2021\/08\/Faith-Orhangen-Ear-cuff-kryss.jpg","contentUrl":"https:\/\/www.hosgreta.se\/shop\/wp-content\/uploads\/2021\/08\/Faith-Orhangen-Ear-cuff-kryss.jpg","width":800,"height":800,"caption":"Faith \u00d6rh\u00e4ngen Ear cuff kryss"},{"@type":"BreadcrumbList","@id":"https:\/\/www.hosgreta.se\/shop\/produkt\/faith-orhangen-ear-cuff-kryss\/#breadcrumb","itemListElement":[{"@type":"ListItem","position":1,"name":"Hem","item":"https:\/\/www.hosgreta.se\/shop\/"},{"@type":"ListItem","position":2,"name":"Shop","item":"https:\/\/www.hosgreta.se\/shop\/shop\/"},{"@type":"ListItem","position":3,"name":"Faith \u00d6rh\u00e4ngen Ear cuff kryss"}]},{"@type":"WebSite","@id":"https:\/\/www.hosgreta.se\/shop\/#website","url":"https:\/\/www.hosgreta.se\/shop\/","name":"Hos Greta","description":"Vi v\u00e4ljer ut v\u00e5ra varum\u00e4rken med stor omsorg.","publisher":{"@id":"https:\/\/www.hosgreta.se\/shop\/#organization"},"potentialAction":[{"@type":"SearchAction","target":{"@type":"EntryPoint","urlTemplate":"https:\/\/www.hosgreta.se\/shop\/?s={search_term_string}"},"query-input":{"@type":"PropertyValueSpecification","valueRequired":true,"valueName":"search_term_string"}}],"inLanguage":"sv-SE"},{"@type":"Organization","@id":"https:\/\/www.hosgreta.se\/shop\/#organization","name":"Hos Greta","url":"https:\/\/www.hosgreta.se\/shop\/","logo":{"@type":"ImageObject","inLanguage":"sv-SE","@id":"https:\/\/www.hosgreta.se\/shop\/#\/schema\/logo\/image\/","url":"https:\/\/www.hosgreta.se\/shop\/wp-content\/uploads\/2018\/03\/Logo_HosGreta_svart.png","contentUrl":"https:\/\/www.hosgreta.se\/shop\/wp-content\/uploads\/2018\/03\/Logo_HosGreta_svart.png","width":851,"height":851,"caption":"Hos Greta"},"image":{"@id":"https:\/\/www.hosgreta.se\/shop\/#\/schema\/logo\/image\/"},"sameAs":["https:\/\/www.facebook.com\/hosgreta","https:\/\/www.instagram.com\/hosgreta"]}]}},"kroconnect":{"tax_rate":25,"price_inc_vat":{"regular_price":99},"price_ex_vat":{"regular_price":79.2}},"brands":[{"id":273,"name":"Faith","slug":"faith"}],"_links":{"self":[{"href":"https:\/\/www.hosgreta.se\/shop\/wp-json\/wp\/v2\/product\/254583","targetHints":{"allow":["GET"]}}],"collection":[{"href":"https:\/\/www.hosgreta.se\/shop\/wp-json\/wp\/v2\/product"}],"about":[{"href":"https:\/\/www.hosgreta.se\/shop\/wp-json\/wp\/v2\/types\/product"}],"replies":[{"embeddable":true,"href":"https:\/\/www.hosgreta.se\/shop\/wp-json\/wp\/v2\/comments?post=254583"}],"wp:featuredmedia":[{"embeddable":true,"href":"https:\/\/www.hosgreta.se\/shop\/wp-json\/wp\/v2\/media\/309533"}],"wp:attachment":[{"href":"https:\/\/www.hosgreta.se\/shop\/wp-json\/wp\/v2\/media?parent=254583"}],"wp:term":[{"taxonomy":"pwb-brand","embeddable":true,"href":"https:\/\/www.hosgreta.se\/shop\/wp-json\/wp\/v2\/pwb-brand?post=254583"},{"taxonomy":"product_brand","embeddable":true,"href":"https:\/\/www.hosgreta.se\/shop\/wp-json\/wp\/v2\/product_brand?post=254583"},{"taxonomy":"product_cat","embeddable":true,"href":"https:\/\/www.hosgreta.se\/shop\/wp-json\/wp\/v2\/product_cat?post=254583"},{"taxonomy":"product_tag","embeddable":true,"href":"https:\/\/www.hosgreta.se\/shop\/wp-json\/wp\/v2\/product_tag?post=254583"}],"curies":[{"name":"wp","href":"https:\/\/api.w.org\/{rel}","templated":true}]}}