{"id":292441,"date":"2021-12-11T21:41:14","date_gmt":"2021-12-11T20:41:14","guid":{"rendered":"https:\/\/www.hosgreta.se\/shop\/?post_type=product&#038;p=292441"},"modified":"2022-12-31T16:03:44","modified_gmt":"2022-12-31T15:03:44","slug":"juletikett-10-pack-i-varje-hjarta-armt-och-morkt","status":"publish","type":"product","link":"https:\/\/www.hosgreta.se\/shop\/produkt\/juletikett-10-pack-i-varje-hjarta-armt-och-morkt\/","title":{"rendered":"Juletikett 10-pack I varje hj\u00e4rta armt och m\u00f6rkt"},"content":{"rendered":"<p>Storlek: 5 cm bred, 8 cm h\u00f6g.<br \/>\nTryckta p\u00e5 tryckeri i Sverige p\u00e5 tillverkat milj\u00f6papper.<\/p>\n<p>Priset avser 10 st likadana etiketter, (Sn\u00f6re ing\u00e5r inte)<\/p>\n","protected":false},"excerpt":{"rendered":"<p>Snygga juletiketter i 10-pack.<\/p>\n<p>F\u00e4st ett sn\u00f6re eller band i det borrade h\u00e5let och anv\u00e4nd till julklappar, presentp\u00e5sar eller hembakade sm\u00e5 presenter. Etiketterna blir dessutom superfina om du knyter dem runt en servett med en liten grankvist \u2013 j\u00e4ttefin bordsplacering! Baksidan har r\u00e4nder med plats f\u00f6r din personliga h\u00e4lsning.<\/p>\n","protected":false},"featured_media":292470,"comment_status":"closed","ping_status":"closed","template":"","meta":[],"pwb-brand":[268],"product_brand":[],"product_cat":[219,139,95],"product_tag":[],"class_list":{"0":"post-292441","1":"product","2":"type-product","3":"status-publish","4":"has-post-thumbnail","6":"pwb-brand-me-and-my-house-store","7":"product_cat-jul","8":"product_cat-kort","9":"product_cat-till-presenten","11":"first","12":"outofstock","13":"taxable","14":"shipping-taxable","15":"purchasable","16":"product-type-simple"},"yoast_head":"<!-- This site is optimized with the Yoast SEO plugin v27.5 - https:\/\/yoast.com\/product\/yoast-seo-wordpress\/ -->\n<title>Juletikett 10-pack I varje hj\u00e4rta armt och m\u00f6rkt - Hos Greta<\/title>\n<meta name=\"robots\" content=\"index, follow, max-snippet:-1, max-image-preview:large, max-video-preview:-1\" \/>\n<link rel=\"canonical\" href=\"https:\/\/www.hosgreta.se\/shop\/produkt\/juletikett-10-pack-i-varje-hjarta-armt-och-morkt\/\" \/>\n<meta property=\"og:locale\" content=\"sv_SE\" \/>\n<meta property=\"og:type\" content=\"article\" \/>\n<meta property=\"og:title\" content=\"Juletikett 10-pack I varje hj\u00e4rta armt och m\u00f6rkt - Hos Greta\" \/>\n<meta property=\"og:description\" content=\"Snygga juletiketter i 10-pack.  F\u00e4st ett sn\u00f6re eller band i det borrade h\u00e5let och anv\u00e4nd till julklappar, presentp\u00e5sar eller hembakade sm\u00e5 presenter. Etiketterna blir dessutom superfina om du knyter dem runt en servett med en liten grankvist \u2013 j\u00e4ttefin bordsplacering! Baksidan har r\u00e4nder med plats f\u00f6r din personliga h\u00e4lsning.\" \/>\n<meta property=\"og:url\" content=\"https:\/\/www.hosgreta.se\/shop\/produkt\/juletikett-10-pack-i-varje-hjarta-armt-och-morkt\/\" \/>\n<meta property=\"og:site_name\" content=\"Hos Greta\" \/>\n<meta property=\"article:publisher\" content=\"https:\/\/www.facebook.com\/hosgreta\" \/>\n<meta property=\"article:modified_time\" content=\"2022-12-31T15:03:44+00:00\" \/>\n<meta property=\"og:image\" content=\"https:\/\/www.hosgreta.se\/shop\/wp-content\/uploads\/2021\/12\/Juletikett-10-pack-I-varje-hjarta-armt-och-morkt.jpg\" \/>\n\t<meta property=\"og:image:width\" content=\"800\" \/>\n\t<meta property=\"og:image:height\" content=\"800\" \/>\n\t<meta property=\"og:image:type\" content=\"image\/jpeg\" \/>\n<meta name=\"twitter:card\" content=\"summary_large_image\" \/>\n<script type=\"application\/ld+json\" class=\"yoast-schema-graph\">{\"@context\":\"https:\\\/\\\/schema.org\",\"@graph\":[{\"@type\":\"WebPage\",\"@id\":\"https:\\\/\\\/www.hosgreta.se\\\/shop\\\/produkt\\\/juletikett-10-pack-i-varje-hjarta-armt-och-morkt\\\/\",\"url\":\"https:\\\/\\\/www.hosgreta.se\\\/shop\\\/produkt\\\/juletikett-10-pack-i-varje-hjarta-armt-och-morkt\\\/\",\"name\":\"Juletikett 10-pack I varje hj\u00e4rta armt och m\u00f6rkt - Hos Greta\",\"isPartOf\":{\"@id\":\"https:\\\/\\\/www.hosgreta.se\\\/shop\\\/#website\"},\"primaryImageOfPage\":{\"@id\":\"https:\\\/\\\/www.hosgreta.se\\\/shop\\\/produkt\\\/juletikett-10-pack-i-varje-hjarta-armt-och-morkt\\\/#primaryimage\"},\"image\":{\"@id\":\"https:\\\/\\\/www.hosgreta.se\\\/shop\\\/produkt\\\/juletikett-10-pack-i-varje-hjarta-armt-och-morkt\\\/#primaryimage\"},\"thumbnailUrl\":\"https:\\\/\\\/www.hosgreta.se\\\/shop\\\/wp-content\\\/uploads\\\/2021\\\/12\\\/Juletikett-10-pack-I-varje-hjarta-armt-och-morkt.jpg\",\"datePublished\":\"2021-12-11T20:41:14+00:00\",\"dateModified\":\"2022-12-31T15:03:44+00:00\",\"breadcrumb\":{\"@id\":\"https:\\\/\\\/www.hosgreta.se\\\/shop\\\/produkt\\\/juletikett-10-pack-i-varje-hjarta-armt-och-morkt\\\/#breadcrumb\"},\"inLanguage\":\"sv-SE\",\"potentialAction\":[{\"@type\":\"ReadAction\",\"target\":[\"https:\\\/\\\/www.hosgreta.se\\\/shop\\\/produkt\\\/juletikett-10-pack-i-varje-hjarta-armt-och-morkt\\\/\"]}]},{\"@type\":\"ImageObject\",\"inLanguage\":\"sv-SE\",\"@id\":\"https:\\\/\\\/www.hosgreta.se\\\/shop\\\/produkt\\\/juletikett-10-pack-i-varje-hjarta-armt-och-morkt\\\/#primaryimage\",\"url\":\"https:\\\/\\\/www.hosgreta.se\\\/shop\\\/wp-content\\\/uploads\\\/2021\\\/12\\\/Juletikett-10-pack-I-varje-hjarta-armt-och-morkt.jpg\",\"contentUrl\":\"https:\\\/\\\/www.hosgreta.se\\\/shop\\\/wp-content\\\/uploads\\\/2021\\\/12\\\/Juletikett-10-pack-I-varje-hjarta-armt-och-morkt.jpg\",\"width\":800,\"height\":800,\"caption\":\"Juletikett 10-pack I varje hj\u00e4rta armt och m\u00f6rkt\"},{\"@type\":\"BreadcrumbList\",\"@id\":\"https:\\\/\\\/www.hosgreta.se\\\/shop\\\/produkt\\\/juletikett-10-pack-i-varje-hjarta-armt-och-morkt\\\/#breadcrumb\",\"itemListElement\":[{\"@type\":\"ListItem\",\"position\":1,\"name\":\"Hem\",\"item\":\"https:\\\/\\\/www.hosgreta.se\\\/shop\\\/\"},{\"@type\":\"ListItem\",\"position\":2,\"name\":\"Shop\",\"item\":\"https:\\\/\\\/www.hosgreta.se\\\/shop\\\/shop\\\/\"},{\"@type\":\"ListItem\",\"position\":3,\"name\":\"Juletikett 10-pack I varje hj\u00e4rta armt och m\u00f6rkt\"}]},{\"@type\":\"WebSite\",\"@id\":\"https:\\\/\\\/www.hosgreta.se\\\/shop\\\/#website\",\"url\":\"https:\\\/\\\/www.hosgreta.se\\\/shop\\\/\",\"name\":\"Hos Greta\",\"description\":\"Vi v\u00e4ljer ut v\u00e5ra varum\u00e4rken med stor omsorg.\",\"publisher\":{\"@id\":\"https:\\\/\\\/www.hosgreta.se\\\/shop\\\/#organization\"},\"potentialAction\":[{\"@type\":\"SearchAction\",\"target\":{\"@type\":\"EntryPoint\",\"urlTemplate\":\"https:\\\/\\\/www.hosgreta.se\\\/shop\\\/?s={search_term_string}\"},\"query-input\":{\"@type\":\"PropertyValueSpecification\",\"valueRequired\":true,\"valueName\":\"search_term_string\"}}],\"inLanguage\":\"sv-SE\"},{\"@type\":\"Organization\",\"@id\":\"https:\\\/\\\/www.hosgreta.se\\\/shop\\\/#organization\",\"name\":\"Hos Greta\",\"url\":\"https:\\\/\\\/www.hosgreta.se\\\/shop\\\/\",\"logo\":{\"@type\":\"ImageObject\",\"inLanguage\":\"sv-SE\",\"@id\":\"https:\\\/\\\/www.hosgreta.se\\\/shop\\\/#\\\/schema\\\/logo\\\/image\\\/\",\"url\":\"https:\\\/\\\/www.hosgreta.se\\\/shop\\\/wp-content\\\/uploads\\\/2018\\\/03\\\/Logo_HosGreta_svart.png\",\"contentUrl\":\"https:\\\/\\\/www.hosgreta.se\\\/shop\\\/wp-content\\\/uploads\\\/2018\\\/03\\\/Logo_HosGreta_svart.png\",\"width\":851,\"height\":851,\"caption\":\"Hos Greta\"},\"image\":{\"@id\":\"https:\\\/\\\/www.hosgreta.se\\\/shop\\\/#\\\/schema\\\/logo\\\/image\\\/\"},\"sameAs\":[\"https:\\\/\\\/www.facebook.com\\\/hosgreta\",\"https:\\\/\\\/www.instagram.com\\\/hosgreta\"]}]}<\/script>\n<!-- \/ Yoast SEO plugin. -->","yoast_head_json":{"title":"Juletikett 10-pack I varje hj\u00e4rta armt och m\u00f6rkt - Hos Greta","robots":{"index":"index","follow":"follow","max-snippet":"max-snippet:-1","max-image-preview":"max-image-preview:large","max-video-preview":"max-video-preview:-1"},"canonical":"https:\/\/www.hosgreta.se\/shop\/produkt\/juletikett-10-pack-i-varje-hjarta-armt-och-morkt\/","og_locale":"sv_SE","og_type":"article","og_title":"Juletikett 10-pack I varje hj\u00e4rta armt och m\u00f6rkt - Hos Greta","og_description":"Snygga juletiketter i 10-pack.  F\u00e4st ett sn\u00f6re eller band i det borrade h\u00e5let och anv\u00e4nd till julklappar, presentp\u00e5sar eller hembakade sm\u00e5 presenter. Etiketterna blir dessutom superfina om du knyter dem runt en servett med en liten grankvist \u2013 j\u00e4ttefin bordsplacering! Baksidan har r\u00e4nder med plats f\u00f6r din personliga h\u00e4lsning.","og_url":"https:\/\/www.hosgreta.se\/shop\/produkt\/juletikett-10-pack-i-varje-hjarta-armt-och-morkt\/","og_site_name":"Hos Greta","article_publisher":"https:\/\/www.facebook.com\/hosgreta","article_modified_time":"2022-12-31T15:03:44+00:00","og_image":[{"width":800,"height":800,"url":"https:\/\/www.hosgreta.se\/shop\/wp-content\/uploads\/2021\/12\/Juletikett-10-pack-I-varje-hjarta-armt-och-morkt.jpg","type":"image\/jpeg"}],"twitter_card":"summary_large_image","schema":{"@context":"https:\/\/schema.org","@graph":[{"@type":"WebPage","@id":"https:\/\/www.hosgreta.se\/shop\/produkt\/juletikett-10-pack-i-varje-hjarta-armt-och-morkt\/","url":"https:\/\/www.hosgreta.se\/shop\/produkt\/juletikett-10-pack-i-varje-hjarta-armt-och-morkt\/","name":"Juletikett 10-pack I varje hj\u00e4rta armt och m\u00f6rkt - Hos Greta","isPartOf":{"@id":"https:\/\/www.hosgreta.se\/shop\/#website"},"primaryImageOfPage":{"@id":"https:\/\/www.hosgreta.se\/shop\/produkt\/juletikett-10-pack-i-varje-hjarta-armt-och-morkt\/#primaryimage"},"image":{"@id":"https:\/\/www.hosgreta.se\/shop\/produkt\/juletikett-10-pack-i-varje-hjarta-armt-och-morkt\/#primaryimage"},"thumbnailUrl":"https:\/\/www.hosgreta.se\/shop\/wp-content\/uploads\/2021\/12\/Juletikett-10-pack-I-varje-hjarta-armt-och-morkt.jpg","datePublished":"2021-12-11T20:41:14+00:00","dateModified":"2022-12-31T15:03:44+00:00","breadcrumb":{"@id":"https:\/\/www.hosgreta.se\/shop\/produkt\/juletikett-10-pack-i-varje-hjarta-armt-och-morkt\/#breadcrumb"},"inLanguage":"sv-SE","potentialAction":[{"@type":"ReadAction","target":["https:\/\/www.hosgreta.se\/shop\/produkt\/juletikett-10-pack-i-varje-hjarta-armt-och-morkt\/"]}]},{"@type":"ImageObject","inLanguage":"sv-SE","@id":"https:\/\/www.hosgreta.se\/shop\/produkt\/juletikett-10-pack-i-varje-hjarta-armt-och-morkt\/#primaryimage","url":"https:\/\/www.hosgreta.se\/shop\/wp-content\/uploads\/2021\/12\/Juletikett-10-pack-I-varje-hjarta-armt-och-morkt.jpg","contentUrl":"https:\/\/www.hosgreta.se\/shop\/wp-content\/uploads\/2021\/12\/Juletikett-10-pack-I-varje-hjarta-armt-och-morkt.jpg","width":800,"height":800,"caption":"Juletikett 10-pack I varje hj\u00e4rta armt och m\u00f6rkt"},{"@type":"BreadcrumbList","@id":"https:\/\/www.hosgreta.se\/shop\/produkt\/juletikett-10-pack-i-varje-hjarta-armt-och-morkt\/#breadcrumb","itemListElement":[{"@type":"ListItem","position":1,"name":"Hem","item":"https:\/\/www.hosgreta.se\/shop\/"},{"@type":"ListItem","position":2,"name":"Shop","item":"https:\/\/www.hosgreta.se\/shop\/shop\/"},{"@type":"ListItem","position":3,"name":"Juletikett 10-pack I varje hj\u00e4rta armt och m\u00f6rkt"}]},{"@type":"WebSite","@id":"https:\/\/www.hosgreta.se\/shop\/#website","url":"https:\/\/www.hosgreta.se\/shop\/","name":"Hos Greta","description":"Vi v\u00e4ljer ut v\u00e5ra varum\u00e4rken med stor omsorg.","publisher":{"@id":"https:\/\/www.hosgreta.se\/shop\/#organization"},"potentialAction":[{"@type":"SearchAction","target":{"@type":"EntryPoint","urlTemplate":"https:\/\/www.hosgreta.se\/shop\/?s={search_term_string}"},"query-input":{"@type":"PropertyValueSpecification","valueRequired":true,"valueName":"search_term_string"}}],"inLanguage":"sv-SE"},{"@type":"Organization","@id":"https:\/\/www.hosgreta.se\/shop\/#organization","name":"Hos Greta","url":"https:\/\/www.hosgreta.se\/shop\/","logo":{"@type":"ImageObject","inLanguage":"sv-SE","@id":"https:\/\/www.hosgreta.se\/shop\/#\/schema\/logo\/image\/","url":"https:\/\/www.hosgreta.se\/shop\/wp-content\/uploads\/2018\/03\/Logo_HosGreta_svart.png","contentUrl":"https:\/\/www.hosgreta.se\/shop\/wp-content\/uploads\/2018\/03\/Logo_HosGreta_svart.png","width":851,"height":851,"caption":"Hos Greta"},"image":{"@id":"https:\/\/www.hosgreta.se\/shop\/#\/schema\/logo\/image\/"},"sameAs":["https:\/\/www.facebook.com\/hosgreta","https:\/\/www.instagram.com\/hosgreta"]}]}},"kroconnect":{"tax_rate":25,"price_inc_vat":{"regular_price":25},"price_ex_vat":{"regular_price":20}},"brands":[{"id":268,"name":"Me and My House store","slug":"me-and-my-house-store"}],"_links":{"self":[{"href":"https:\/\/www.hosgreta.se\/shop\/wp-json\/wp\/v2\/product\/292441","targetHints":{"allow":["GET"]}}],"collection":[{"href":"https:\/\/www.hosgreta.se\/shop\/wp-json\/wp\/v2\/product"}],"about":[{"href":"https:\/\/www.hosgreta.se\/shop\/wp-json\/wp\/v2\/types\/product"}],"replies":[{"embeddable":true,"href":"https:\/\/www.hosgreta.se\/shop\/wp-json\/wp\/v2\/comments?post=292441"}],"wp:featuredmedia":[{"embeddable":true,"href":"https:\/\/www.hosgreta.se\/shop\/wp-json\/wp\/v2\/media\/292470"}],"wp:attachment":[{"href":"https:\/\/www.hosgreta.se\/shop\/wp-json\/wp\/v2\/media?parent=292441"}],"wp:term":[{"taxonomy":"pwb-brand","embeddable":true,"href":"https:\/\/www.hosgreta.se\/shop\/wp-json\/wp\/v2\/pwb-brand?post=292441"},{"taxonomy":"product_brand","embeddable":true,"href":"https:\/\/www.hosgreta.se\/shop\/wp-json\/wp\/v2\/product_brand?post=292441"},{"taxonomy":"product_cat","embeddable":true,"href":"https:\/\/www.hosgreta.se\/shop\/wp-json\/wp\/v2\/product_cat?post=292441"},{"taxonomy":"product_tag","embeddable":true,"href":"https:\/\/www.hosgreta.se\/shop\/wp-json\/wp\/v2\/product_tag?post=292441"}],"curies":[{"name":"wp","href":"https:\/\/api.w.org\/{rel}","templated":true}]}}