{"id":305386,"date":"2022-01-18T20:00:21","date_gmt":"2022-01-18T19:00:21","guid":{"rendered":"https:\/\/www.hosgreta.se\/shop\/?post_type=product&#038;p=305386"},"modified":"2023-06-26T11:14:19","modified_gmt":"2023-06-26T09:14:19","slug":"done-by-deer-hideseek-activity-toy-wally-blue","status":"publish","type":"product","link":"https:\/\/www.hosgreta.se\/shop\/produkt\/done-by-deer-hideseek-activity-toy-wally-blue\/","title":{"rendered":"Done by Deer Hide&amp;Seek activity toy Wally Blue"},"content":{"rendered":"<p>Material: 50% bomull, 50% polyester. Fyllning: polyesterfiber<br \/>\nSk\u00f6tsel: Torka rent med en mjuk fuktig trasa.<br \/>\nStorlek: 14x16x28 cm<br \/>\n\u00c5lder: 0+<\/p>\n","protected":false},"excerpt":{"rendered":"<p>Den lekfulla valen Wally \u00e4lskar att simma med och leka kurrag\u00f6mma. H\u00e5ll koll p\u00e5 de sm\u00e5 fiskarna, se hur de snabbt g\u00f6mmer sig inuti Wally. Varje fisk har sitt eget ljud och kommer att uppmuntra de sm\u00e5 att krypa efter dem om de rullas.<\/p>\n<p>De sm\u00e5 har mycket att uppt\u00e4cka d\u00e5 den s\u00f6ta runda fisken tar sig in och ut ur Wallys mage, k\u00e4nner de olika texturerna p\u00e5 den s\u00f6ta valen och uppt\u00e4cker en g\u00f6md spegel p\u00e5 Wallys stj\u00e4rtfena. <\/p>\n","protected":false},"featured_media":306467,"comment_status":"closed","ping_status":"closed","template":"","meta":[],"pwb-brand":[187],"product_brand":[],"product_cat":[143,75],"product_tag":[],"class_list":{"0":"post-305386","1":"product","2":"type-product","3":"status-publish","4":"has-post-thumbnail","6":"pwb-brand-done-by-deer","7":"product_cat-aktivitetsleksaker","8":"product_cat-barn","10":"first","11":"outofstock","12":"taxable","13":"shipping-taxable","14":"purchasable","15":"product-type-simple"},"yoast_head":"<!-- This site is optimized with the Yoast SEO plugin v27.4 - https:\/\/yoast.com\/product\/yoast-seo-wordpress\/ -->\n<title>Done by Deer Hide&amp;Seek activity toy Wally Blue - Hos Greta<\/title>\n<meta name=\"robots\" content=\"index, follow, max-snippet:-1, max-image-preview:large, max-video-preview:-1\" \/>\n<link rel=\"canonical\" href=\"https:\/\/www.hosgreta.se\/shop\/produkt\/done-by-deer-hideseek-activity-toy-wally-blue\/\" \/>\n<meta property=\"og:locale\" content=\"sv_SE\" \/>\n<meta property=\"og:type\" content=\"article\" \/>\n<meta property=\"og:title\" content=\"Done by Deer Hide&amp;Seek activity toy Wally Blue - Hos Greta\" \/>\n<meta property=\"og:description\" content=\"Den lekfulla valen Wally \u00e4lskar att simma med och leka kurrag\u00f6mma. H\u00e5ll koll p\u00e5 de sm\u00e5 fiskarna, se hur de snabbt g\u00f6mmer sig inuti Wally. Varje fisk har sitt eget ljud och kommer att uppmuntra de sm\u00e5 att krypa efter dem om de rullas.  De sm\u00e5 har mycket att uppt\u00e4cka d\u00e5 den s\u00f6ta runda fisken tar sig in och ut ur Wallys mage, k\u00e4nner de olika texturerna p\u00e5 den s\u00f6ta valen och uppt\u00e4cker en g\u00f6md spegel p\u00e5 Wallys stj\u00e4rtfena.\" \/>\n<meta property=\"og:url\" content=\"https:\/\/www.hosgreta.se\/shop\/produkt\/done-by-deer-hideseek-activity-toy-wally-blue\/\" \/>\n<meta property=\"og:site_name\" content=\"Hos Greta\" \/>\n<meta property=\"article:publisher\" content=\"https:\/\/www.facebook.com\/hosgreta\" \/>\n<meta property=\"article:modified_time\" content=\"2023-06-26T09:14:19+00:00\" \/>\n<meta property=\"og:image\" content=\"https:\/\/www.hosgreta.se\/shop\/wp-content\/uploads\/2022\/01\/Done-by-Deer-HideSeek-activity-toy-Wally-Blue.jpg\" \/>\n\t<meta property=\"og:image:width\" content=\"800\" \/>\n\t<meta property=\"og:image:height\" content=\"800\" \/>\n\t<meta property=\"og:image:type\" content=\"image\/jpeg\" \/>\n<meta name=\"twitter:card\" content=\"summary_large_image\" \/>\n<script type=\"application\/ld+json\" class=\"yoast-schema-graph\">{\"@context\":\"https:\\\/\\\/schema.org\",\"@graph\":[{\"@type\":\"WebPage\",\"@id\":\"https:\\\/\\\/www.hosgreta.se\\\/shop\\\/produkt\\\/done-by-deer-hideseek-activity-toy-wally-blue\\\/\",\"url\":\"https:\\\/\\\/www.hosgreta.se\\\/shop\\\/produkt\\\/done-by-deer-hideseek-activity-toy-wally-blue\\\/\",\"name\":\"Done by Deer Hide&amp;Seek activity toy Wally Blue - Hos Greta\",\"isPartOf\":{\"@id\":\"https:\\\/\\\/www.hosgreta.se\\\/shop\\\/#website\"},\"primaryImageOfPage\":{\"@id\":\"https:\\\/\\\/www.hosgreta.se\\\/shop\\\/produkt\\\/done-by-deer-hideseek-activity-toy-wally-blue\\\/#primaryimage\"},\"image\":{\"@id\":\"https:\\\/\\\/www.hosgreta.se\\\/shop\\\/produkt\\\/done-by-deer-hideseek-activity-toy-wally-blue\\\/#primaryimage\"},\"thumbnailUrl\":\"https:\\\/\\\/www.hosgreta.se\\\/shop\\\/wp-content\\\/uploads\\\/2022\\\/01\\\/Done-by-Deer-HideSeek-activity-toy-Wally-Blue.jpg\",\"datePublished\":\"2022-01-18T19:00:21+00:00\",\"dateModified\":\"2023-06-26T09:14:19+00:00\",\"breadcrumb\":{\"@id\":\"https:\\\/\\\/www.hosgreta.se\\\/shop\\\/produkt\\\/done-by-deer-hideseek-activity-toy-wally-blue\\\/#breadcrumb\"},\"inLanguage\":\"sv-SE\",\"potentialAction\":[{\"@type\":\"ReadAction\",\"target\":[\"https:\\\/\\\/www.hosgreta.se\\\/shop\\\/produkt\\\/done-by-deer-hideseek-activity-toy-wally-blue\\\/\"]}]},{\"@type\":\"ImageObject\",\"inLanguage\":\"sv-SE\",\"@id\":\"https:\\\/\\\/www.hosgreta.se\\\/shop\\\/produkt\\\/done-by-deer-hideseek-activity-toy-wally-blue\\\/#primaryimage\",\"url\":\"https:\\\/\\\/www.hosgreta.se\\\/shop\\\/wp-content\\\/uploads\\\/2022\\\/01\\\/Done-by-Deer-HideSeek-activity-toy-Wally-Blue.jpg\",\"contentUrl\":\"https:\\\/\\\/www.hosgreta.se\\\/shop\\\/wp-content\\\/uploads\\\/2022\\\/01\\\/Done-by-Deer-HideSeek-activity-toy-Wally-Blue.jpg\",\"width\":800,\"height\":800,\"caption\":\"Done by Deer Hide&Seek activity toy Wally Blue\"},{\"@type\":\"BreadcrumbList\",\"@id\":\"https:\\\/\\\/www.hosgreta.se\\\/shop\\\/produkt\\\/done-by-deer-hideseek-activity-toy-wally-blue\\\/#breadcrumb\",\"itemListElement\":[{\"@type\":\"ListItem\",\"position\":1,\"name\":\"Hem\",\"item\":\"https:\\\/\\\/www.hosgreta.se\\\/shop\\\/\"},{\"@type\":\"ListItem\",\"position\":2,\"name\":\"Shop\",\"item\":\"https:\\\/\\\/www.hosgreta.se\\\/shop\\\/shop\\\/\"},{\"@type\":\"ListItem\",\"position\":3,\"name\":\"Done by Deer Hide&amp;Seek activity toy Wally Blue\"}]},{\"@type\":\"WebSite\",\"@id\":\"https:\\\/\\\/www.hosgreta.se\\\/shop\\\/#website\",\"url\":\"https:\\\/\\\/www.hosgreta.se\\\/shop\\\/\",\"name\":\"Hos Greta\",\"description\":\"Vi v\u00e4ljer ut v\u00e5ra varum\u00e4rken med stor omsorg.\",\"publisher\":{\"@id\":\"https:\\\/\\\/www.hosgreta.se\\\/shop\\\/#organization\"},\"potentialAction\":[{\"@type\":\"SearchAction\",\"target\":{\"@type\":\"EntryPoint\",\"urlTemplate\":\"https:\\\/\\\/www.hosgreta.se\\\/shop\\\/?s={search_term_string}\"},\"query-input\":{\"@type\":\"PropertyValueSpecification\",\"valueRequired\":true,\"valueName\":\"search_term_string\"}}],\"inLanguage\":\"sv-SE\"},{\"@type\":\"Organization\",\"@id\":\"https:\\\/\\\/www.hosgreta.se\\\/shop\\\/#organization\",\"name\":\"Hos Greta\",\"url\":\"https:\\\/\\\/www.hosgreta.se\\\/shop\\\/\",\"logo\":{\"@type\":\"ImageObject\",\"inLanguage\":\"sv-SE\",\"@id\":\"https:\\\/\\\/www.hosgreta.se\\\/shop\\\/#\\\/schema\\\/logo\\\/image\\\/\",\"url\":\"https:\\\/\\\/www.hosgreta.se\\\/shop\\\/wp-content\\\/uploads\\\/2018\\\/03\\\/Logo_HosGreta_svart.png\",\"contentUrl\":\"https:\\\/\\\/www.hosgreta.se\\\/shop\\\/wp-content\\\/uploads\\\/2018\\\/03\\\/Logo_HosGreta_svart.png\",\"width\":851,\"height\":851,\"caption\":\"Hos Greta\"},\"image\":{\"@id\":\"https:\\\/\\\/www.hosgreta.se\\\/shop\\\/#\\\/schema\\\/logo\\\/image\\\/\"},\"sameAs\":[\"https:\\\/\\\/www.facebook.com\\\/hosgreta\",\"https:\\\/\\\/www.instagram.com\\\/hosgreta\"]}]}<\/script>\n<!-- \/ Yoast SEO plugin. -->","yoast_head_json":{"title":"Done by Deer Hide&amp;Seek activity toy Wally Blue - Hos Greta","robots":{"index":"index","follow":"follow","max-snippet":"max-snippet:-1","max-image-preview":"max-image-preview:large","max-video-preview":"max-video-preview:-1"},"canonical":"https:\/\/www.hosgreta.se\/shop\/produkt\/done-by-deer-hideseek-activity-toy-wally-blue\/","og_locale":"sv_SE","og_type":"article","og_title":"Done by Deer Hide&amp;Seek activity toy Wally Blue - Hos Greta","og_description":"Den lekfulla valen Wally \u00e4lskar att simma med och leka kurrag\u00f6mma. H\u00e5ll koll p\u00e5 de sm\u00e5 fiskarna, se hur de snabbt g\u00f6mmer sig inuti Wally. Varje fisk har sitt eget ljud och kommer att uppmuntra de sm\u00e5 att krypa efter dem om de rullas.  De sm\u00e5 har mycket att uppt\u00e4cka d\u00e5 den s\u00f6ta runda fisken tar sig in och ut ur Wallys mage, k\u00e4nner de olika texturerna p\u00e5 den s\u00f6ta valen och uppt\u00e4cker en g\u00f6md spegel p\u00e5 Wallys stj\u00e4rtfena.","og_url":"https:\/\/www.hosgreta.se\/shop\/produkt\/done-by-deer-hideseek-activity-toy-wally-blue\/","og_site_name":"Hos Greta","article_publisher":"https:\/\/www.facebook.com\/hosgreta","article_modified_time":"2023-06-26T09:14:19+00:00","og_image":[{"width":800,"height":800,"url":"https:\/\/www.hosgreta.se\/shop\/wp-content\/uploads\/2022\/01\/Done-by-Deer-HideSeek-activity-toy-Wally-Blue.jpg","type":"image\/jpeg"}],"twitter_card":"summary_large_image","schema":{"@context":"https:\/\/schema.org","@graph":[{"@type":"WebPage","@id":"https:\/\/www.hosgreta.se\/shop\/produkt\/done-by-deer-hideseek-activity-toy-wally-blue\/","url":"https:\/\/www.hosgreta.se\/shop\/produkt\/done-by-deer-hideseek-activity-toy-wally-blue\/","name":"Done by Deer Hide&amp;Seek activity toy Wally Blue - Hos Greta","isPartOf":{"@id":"https:\/\/www.hosgreta.se\/shop\/#website"},"primaryImageOfPage":{"@id":"https:\/\/www.hosgreta.se\/shop\/produkt\/done-by-deer-hideseek-activity-toy-wally-blue\/#primaryimage"},"image":{"@id":"https:\/\/www.hosgreta.se\/shop\/produkt\/done-by-deer-hideseek-activity-toy-wally-blue\/#primaryimage"},"thumbnailUrl":"https:\/\/www.hosgreta.se\/shop\/wp-content\/uploads\/2022\/01\/Done-by-Deer-HideSeek-activity-toy-Wally-Blue.jpg","datePublished":"2022-01-18T19:00:21+00:00","dateModified":"2023-06-26T09:14:19+00:00","breadcrumb":{"@id":"https:\/\/www.hosgreta.se\/shop\/produkt\/done-by-deer-hideseek-activity-toy-wally-blue\/#breadcrumb"},"inLanguage":"sv-SE","potentialAction":[{"@type":"ReadAction","target":["https:\/\/www.hosgreta.se\/shop\/produkt\/done-by-deer-hideseek-activity-toy-wally-blue\/"]}]},{"@type":"ImageObject","inLanguage":"sv-SE","@id":"https:\/\/www.hosgreta.se\/shop\/produkt\/done-by-deer-hideseek-activity-toy-wally-blue\/#primaryimage","url":"https:\/\/www.hosgreta.se\/shop\/wp-content\/uploads\/2022\/01\/Done-by-Deer-HideSeek-activity-toy-Wally-Blue.jpg","contentUrl":"https:\/\/www.hosgreta.se\/shop\/wp-content\/uploads\/2022\/01\/Done-by-Deer-HideSeek-activity-toy-Wally-Blue.jpg","width":800,"height":800,"caption":"Done by Deer Hide&Seek activity toy Wally Blue"},{"@type":"BreadcrumbList","@id":"https:\/\/www.hosgreta.se\/shop\/produkt\/done-by-deer-hideseek-activity-toy-wally-blue\/#breadcrumb","itemListElement":[{"@type":"ListItem","position":1,"name":"Hem","item":"https:\/\/www.hosgreta.se\/shop\/"},{"@type":"ListItem","position":2,"name":"Shop","item":"https:\/\/www.hosgreta.se\/shop\/shop\/"},{"@type":"ListItem","position":3,"name":"Done by Deer Hide&amp;Seek activity toy Wally Blue"}]},{"@type":"WebSite","@id":"https:\/\/www.hosgreta.se\/shop\/#website","url":"https:\/\/www.hosgreta.se\/shop\/","name":"Hos Greta","description":"Vi v\u00e4ljer ut v\u00e5ra varum\u00e4rken med stor omsorg.","publisher":{"@id":"https:\/\/www.hosgreta.se\/shop\/#organization"},"potentialAction":[{"@type":"SearchAction","target":{"@type":"EntryPoint","urlTemplate":"https:\/\/www.hosgreta.se\/shop\/?s={search_term_string}"},"query-input":{"@type":"PropertyValueSpecification","valueRequired":true,"valueName":"search_term_string"}}],"inLanguage":"sv-SE"},{"@type":"Organization","@id":"https:\/\/www.hosgreta.se\/shop\/#organization","name":"Hos Greta","url":"https:\/\/www.hosgreta.se\/shop\/","logo":{"@type":"ImageObject","inLanguage":"sv-SE","@id":"https:\/\/www.hosgreta.se\/shop\/#\/schema\/logo\/image\/","url":"https:\/\/www.hosgreta.se\/shop\/wp-content\/uploads\/2018\/03\/Logo_HosGreta_svart.png","contentUrl":"https:\/\/www.hosgreta.se\/shop\/wp-content\/uploads\/2018\/03\/Logo_HosGreta_svart.png","width":851,"height":851,"caption":"Hos Greta"},"image":{"@id":"https:\/\/www.hosgreta.se\/shop\/#\/schema\/logo\/image\/"},"sameAs":["https:\/\/www.facebook.com\/hosgreta","https:\/\/www.instagram.com\/hosgreta"]}]}},"kroconnect":{"tax_rate":25,"price_inc_vat":{"regular_price":399},"price_ex_vat":{"regular_price":319.2}},"brands":[{"id":187,"name":"Done by Deer","slug":"done-by-deer"}],"_links":{"self":[{"href":"https:\/\/www.hosgreta.se\/shop\/wp-json\/wp\/v2\/product\/305386","targetHints":{"allow":["GET"]}}],"collection":[{"href":"https:\/\/www.hosgreta.se\/shop\/wp-json\/wp\/v2\/product"}],"about":[{"href":"https:\/\/www.hosgreta.se\/shop\/wp-json\/wp\/v2\/types\/product"}],"replies":[{"embeddable":true,"href":"https:\/\/www.hosgreta.se\/shop\/wp-json\/wp\/v2\/comments?post=305386"}],"wp:featuredmedia":[{"embeddable":true,"href":"https:\/\/www.hosgreta.se\/shop\/wp-json\/wp\/v2\/media\/306467"}],"wp:attachment":[{"href":"https:\/\/www.hosgreta.se\/shop\/wp-json\/wp\/v2\/media?parent=305386"}],"wp:term":[{"taxonomy":"pwb-brand","embeddable":true,"href":"https:\/\/www.hosgreta.se\/shop\/wp-json\/wp\/v2\/pwb-brand?post=305386"},{"taxonomy":"product_brand","embeddable":true,"href":"https:\/\/www.hosgreta.se\/shop\/wp-json\/wp\/v2\/product_brand?post=305386"},{"taxonomy":"product_cat","embeddable":true,"href":"https:\/\/www.hosgreta.se\/shop\/wp-json\/wp\/v2\/product_cat?post=305386"},{"taxonomy":"product_tag","embeddable":true,"href":"https:\/\/www.hosgreta.se\/shop\/wp-json\/wp\/v2\/product_tag?post=305386"}],"curies":[{"name":"wp","href":"https:\/\/api.w.org\/{rel}","templated":true}]}}