{"id":308587,"date":"2022-01-30T20:53:27","date_gmt":"2022-01-30T19:53:27","guid":{"rendered":"https:\/\/www.hosgreta.se\/shop\/?post_type=product&#038;p=308587"},"modified":"2026-03-21T12:09:37","modified_gmt":"2026-03-21T11:09:37","slug":"done-by-deer-sleeved-pocket-bib-happy-dots-green","status":"publish","type":"product","link":"https:\/\/www.hosgreta.se\/shop\/produkt\/done-by-deer-sleeved-pocket-bib-happy-dots-green\/","title":{"rendered":"Done by Deer Sleeved pocket bib Happy dots Green"},"content":{"rendered":"<p>Material: 100% polyester med polyuretan<br \/>\nSk\u00f6tsel: Tv\u00e4ttas i 30 C g\u00e5r ej att torktumlas<br \/>\nStorlek: L\u00e4ngd framsida 34 cm, \u00e4rmvidd 72 cm<\/p>\n","protected":false},"excerpt":{"rendered":"<p>Haklapp med \u00e4rmar \u00e4r smidigt n\u00e4r man ska l\u00e4ra sig \u00e4ta p\u00e5 egen hand.<br \/>\nVattent\u00e4t och smidig att torka av.<\/p>\n","protected":false},"featured_media":378004,"comment_status":"closed","ping_status":"closed","template":"","meta":[],"pwb-brand":[187],"product_brand":[],"product_cat":[125,75],"product_tag":[],"class_list":{"0":"post-308587","1":"product","2":"type-product","3":"status-publish","4":"has-post-thumbnail","6":"pwb-brand-done-by-deer","7":"product_cat-ata","8":"product_cat-barn","10":"first","11":"outofstock","12":"taxable","13":"shipping-taxable","14":"purchasable","15":"product-type-simple"},"yoast_head":"<!-- This site is optimized with the Yoast SEO plugin v27.4 - https:\/\/yoast.com\/product\/yoast-seo-wordpress\/ -->\n<title>Done by Deer Sleeved pocket bib Happy dots Green - Hos Greta<\/title>\n<meta name=\"robots\" content=\"index, follow, max-snippet:-1, max-image-preview:large, max-video-preview:-1\" \/>\n<link rel=\"canonical\" href=\"https:\/\/www.hosgreta.se\/shop\/produkt\/done-by-deer-sleeved-pocket-bib-happy-dots-green\/\" \/>\n<meta property=\"og:locale\" content=\"sv_SE\" \/>\n<meta property=\"og:type\" content=\"article\" \/>\n<meta property=\"og:title\" content=\"Done by Deer Sleeved pocket bib Happy dots Green - Hos Greta\" \/>\n<meta property=\"og:description\" content=\"Haklapp med \u00e4rmar \u00e4r smidigt n\u00e4r man ska l\u00e4ra sig \u00e4ta p\u00e5 egen hand. Vattent\u00e4t och smidig att torka av.\" \/>\n<meta property=\"og:url\" content=\"https:\/\/www.hosgreta.se\/shop\/produkt\/done-by-deer-sleeved-pocket-bib-happy-dots-green\/\" \/>\n<meta property=\"og:site_name\" content=\"Hos Greta\" \/>\n<meta property=\"article:publisher\" content=\"https:\/\/www.facebook.com\/hosgreta\" \/>\n<meta property=\"article:modified_time\" content=\"2026-03-21T11:09:37+00:00\" \/>\n<meta property=\"og:image\" content=\"https:\/\/www.hosgreta.se\/shop\/wp-content\/uploads\/2023\/04\/Done-by-Deer-Sleeved-pocket-bib-Happy-dots-Green.jpg\" \/>\n\t<meta property=\"og:image:width\" content=\"800\" \/>\n\t<meta property=\"og:image:height\" content=\"800\" \/>\n\t<meta property=\"og:image:type\" content=\"image\/jpeg\" \/>\n<meta name=\"twitter:card\" content=\"summary_large_image\" \/>\n<script type=\"application\/ld+json\" class=\"yoast-schema-graph\">{\"@context\":\"https:\\\/\\\/schema.org\",\"@graph\":[{\"@type\":\"WebPage\",\"@id\":\"https:\\\/\\\/www.hosgreta.se\\\/shop\\\/produkt\\\/done-by-deer-sleeved-pocket-bib-happy-dots-green\\\/\",\"url\":\"https:\\\/\\\/www.hosgreta.se\\\/shop\\\/produkt\\\/done-by-deer-sleeved-pocket-bib-happy-dots-green\\\/\",\"name\":\"Done by Deer Sleeved pocket bib Happy dots Green - Hos Greta\",\"isPartOf\":{\"@id\":\"https:\\\/\\\/www.hosgreta.se\\\/shop\\\/#website\"},\"primaryImageOfPage\":{\"@id\":\"https:\\\/\\\/www.hosgreta.se\\\/shop\\\/produkt\\\/done-by-deer-sleeved-pocket-bib-happy-dots-green\\\/#primaryimage\"},\"image\":{\"@id\":\"https:\\\/\\\/www.hosgreta.se\\\/shop\\\/produkt\\\/done-by-deer-sleeved-pocket-bib-happy-dots-green\\\/#primaryimage\"},\"thumbnailUrl\":\"https:\\\/\\\/www.hosgreta.se\\\/shop\\\/wp-content\\\/uploads\\\/2023\\\/04\\\/Done-by-Deer-Sleeved-pocket-bib-Happy-dots-Green.jpg\",\"datePublished\":\"2022-01-30T19:53:27+00:00\",\"dateModified\":\"2026-03-21T11:09:37+00:00\",\"breadcrumb\":{\"@id\":\"https:\\\/\\\/www.hosgreta.se\\\/shop\\\/produkt\\\/done-by-deer-sleeved-pocket-bib-happy-dots-green\\\/#breadcrumb\"},\"inLanguage\":\"sv-SE\",\"potentialAction\":[{\"@type\":\"ReadAction\",\"target\":[\"https:\\\/\\\/www.hosgreta.se\\\/shop\\\/produkt\\\/done-by-deer-sleeved-pocket-bib-happy-dots-green\\\/\"]}]},{\"@type\":\"ImageObject\",\"inLanguage\":\"sv-SE\",\"@id\":\"https:\\\/\\\/www.hosgreta.se\\\/shop\\\/produkt\\\/done-by-deer-sleeved-pocket-bib-happy-dots-green\\\/#primaryimage\",\"url\":\"https:\\\/\\\/www.hosgreta.se\\\/shop\\\/wp-content\\\/uploads\\\/2023\\\/04\\\/Done-by-Deer-Sleeved-pocket-bib-Happy-dots-Green.jpg\",\"contentUrl\":\"https:\\\/\\\/www.hosgreta.se\\\/shop\\\/wp-content\\\/uploads\\\/2023\\\/04\\\/Done-by-Deer-Sleeved-pocket-bib-Happy-dots-Green.jpg\",\"width\":800,\"height\":800,\"caption\":\"Done by Deer Sleeved pocket bib Happy dots Green\"},{\"@type\":\"BreadcrumbList\",\"@id\":\"https:\\\/\\\/www.hosgreta.se\\\/shop\\\/produkt\\\/done-by-deer-sleeved-pocket-bib-happy-dots-green\\\/#breadcrumb\",\"itemListElement\":[{\"@type\":\"ListItem\",\"position\":1,\"name\":\"Hem\",\"item\":\"https:\\\/\\\/www.hosgreta.se\\\/shop\\\/\"},{\"@type\":\"ListItem\",\"position\":2,\"name\":\"Shop\",\"item\":\"https:\\\/\\\/www.hosgreta.se\\\/shop\\\/shop\\\/\"},{\"@type\":\"ListItem\",\"position\":3,\"name\":\"Done by Deer Sleeved pocket bib Happy dots Green\"}]},{\"@type\":\"WebSite\",\"@id\":\"https:\\\/\\\/www.hosgreta.se\\\/shop\\\/#website\",\"url\":\"https:\\\/\\\/www.hosgreta.se\\\/shop\\\/\",\"name\":\"Hos Greta\",\"description\":\"Vi v\u00e4ljer ut v\u00e5ra varum\u00e4rken med stor omsorg.\",\"publisher\":{\"@id\":\"https:\\\/\\\/www.hosgreta.se\\\/shop\\\/#organization\"},\"potentialAction\":[{\"@type\":\"SearchAction\",\"target\":{\"@type\":\"EntryPoint\",\"urlTemplate\":\"https:\\\/\\\/www.hosgreta.se\\\/shop\\\/?s={search_term_string}\"},\"query-input\":{\"@type\":\"PropertyValueSpecification\",\"valueRequired\":true,\"valueName\":\"search_term_string\"}}],\"inLanguage\":\"sv-SE\"},{\"@type\":\"Organization\",\"@id\":\"https:\\\/\\\/www.hosgreta.se\\\/shop\\\/#organization\",\"name\":\"Hos Greta\",\"url\":\"https:\\\/\\\/www.hosgreta.se\\\/shop\\\/\",\"logo\":{\"@type\":\"ImageObject\",\"inLanguage\":\"sv-SE\",\"@id\":\"https:\\\/\\\/www.hosgreta.se\\\/shop\\\/#\\\/schema\\\/logo\\\/image\\\/\",\"url\":\"https:\\\/\\\/www.hosgreta.se\\\/shop\\\/wp-content\\\/uploads\\\/2018\\\/03\\\/Logo_HosGreta_svart.png\",\"contentUrl\":\"https:\\\/\\\/www.hosgreta.se\\\/shop\\\/wp-content\\\/uploads\\\/2018\\\/03\\\/Logo_HosGreta_svart.png\",\"width\":851,\"height\":851,\"caption\":\"Hos Greta\"},\"image\":{\"@id\":\"https:\\\/\\\/www.hosgreta.se\\\/shop\\\/#\\\/schema\\\/logo\\\/image\\\/\"},\"sameAs\":[\"https:\\\/\\\/www.facebook.com\\\/hosgreta\",\"https:\\\/\\\/www.instagram.com\\\/hosgreta\"]}]}<\/script>\n<!-- \/ Yoast SEO plugin. -->","yoast_head_json":{"title":"Done by Deer Sleeved pocket bib Happy dots Green - Hos Greta","robots":{"index":"index","follow":"follow","max-snippet":"max-snippet:-1","max-image-preview":"max-image-preview:large","max-video-preview":"max-video-preview:-1"},"canonical":"https:\/\/www.hosgreta.se\/shop\/produkt\/done-by-deer-sleeved-pocket-bib-happy-dots-green\/","og_locale":"sv_SE","og_type":"article","og_title":"Done by Deer Sleeved pocket bib Happy dots Green - Hos Greta","og_description":"Haklapp med \u00e4rmar \u00e4r smidigt n\u00e4r man ska l\u00e4ra sig \u00e4ta p\u00e5 egen hand. Vattent\u00e4t och smidig att torka av.","og_url":"https:\/\/www.hosgreta.se\/shop\/produkt\/done-by-deer-sleeved-pocket-bib-happy-dots-green\/","og_site_name":"Hos Greta","article_publisher":"https:\/\/www.facebook.com\/hosgreta","article_modified_time":"2026-03-21T11:09:37+00:00","og_image":[{"width":800,"height":800,"url":"https:\/\/www.hosgreta.se\/shop\/wp-content\/uploads\/2023\/04\/Done-by-Deer-Sleeved-pocket-bib-Happy-dots-Green.jpg","type":"image\/jpeg"}],"twitter_card":"summary_large_image","schema":{"@context":"https:\/\/schema.org","@graph":[{"@type":"WebPage","@id":"https:\/\/www.hosgreta.se\/shop\/produkt\/done-by-deer-sleeved-pocket-bib-happy-dots-green\/","url":"https:\/\/www.hosgreta.se\/shop\/produkt\/done-by-deer-sleeved-pocket-bib-happy-dots-green\/","name":"Done by Deer Sleeved pocket bib Happy dots Green - Hos Greta","isPartOf":{"@id":"https:\/\/www.hosgreta.se\/shop\/#website"},"primaryImageOfPage":{"@id":"https:\/\/www.hosgreta.se\/shop\/produkt\/done-by-deer-sleeved-pocket-bib-happy-dots-green\/#primaryimage"},"image":{"@id":"https:\/\/www.hosgreta.se\/shop\/produkt\/done-by-deer-sleeved-pocket-bib-happy-dots-green\/#primaryimage"},"thumbnailUrl":"https:\/\/www.hosgreta.se\/shop\/wp-content\/uploads\/2023\/04\/Done-by-Deer-Sleeved-pocket-bib-Happy-dots-Green.jpg","datePublished":"2022-01-30T19:53:27+00:00","dateModified":"2026-03-21T11:09:37+00:00","breadcrumb":{"@id":"https:\/\/www.hosgreta.se\/shop\/produkt\/done-by-deer-sleeved-pocket-bib-happy-dots-green\/#breadcrumb"},"inLanguage":"sv-SE","potentialAction":[{"@type":"ReadAction","target":["https:\/\/www.hosgreta.se\/shop\/produkt\/done-by-deer-sleeved-pocket-bib-happy-dots-green\/"]}]},{"@type":"ImageObject","inLanguage":"sv-SE","@id":"https:\/\/www.hosgreta.se\/shop\/produkt\/done-by-deer-sleeved-pocket-bib-happy-dots-green\/#primaryimage","url":"https:\/\/www.hosgreta.se\/shop\/wp-content\/uploads\/2023\/04\/Done-by-Deer-Sleeved-pocket-bib-Happy-dots-Green.jpg","contentUrl":"https:\/\/www.hosgreta.se\/shop\/wp-content\/uploads\/2023\/04\/Done-by-Deer-Sleeved-pocket-bib-Happy-dots-Green.jpg","width":800,"height":800,"caption":"Done by Deer Sleeved pocket bib Happy dots Green"},{"@type":"BreadcrumbList","@id":"https:\/\/www.hosgreta.se\/shop\/produkt\/done-by-deer-sleeved-pocket-bib-happy-dots-green\/#breadcrumb","itemListElement":[{"@type":"ListItem","position":1,"name":"Hem","item":"https:\/\/www.hosgreta.se\/shop\/"},{"@type":"ListItem","position":2,"name":"Shop","item":"https:\/\/www.hosgreta.se\/shop\/shop\/"},{"@type":"ListItem","position":3,"name":"Done by Deer Sleeved pocket bib Happy dots Green"}]},{"@type":"WebSite","@id":"https:\/\/www.hosgreta.se\/shop\/#website","url":"https:\/\/www.hosgreta.se\/shop\/","name":"Hos Greta","description":"Vi v\u00e4ljer ut v\u00e5ra varum\u00e4rken med stor omsorg.","publisher":{"@id":"https:\/\/www.hosgreta.se\/shop\/#organization"},"potentialAction":[{"@type":"SearchAction","target":{"@type":"EntryPoint","urlTemplate":"https:\/\/www.hosgreta.se\/shop\/?s={search_term_string}"},"query-input":{"@type":"PropertyValueSpecification","valueRequired":true,"valueName":"search_term_string"}}],"inLanguage":"sv-SE"},{"@type":"Organization","@id":"https:\/\/www.hosgreta.se\/shop\/#organization","name":"Hos Greta","url":"https:\/\/www.hosgreta.se\/shop\/","logo":{"@type":"ImageObject","inLanguage":"sv-SE","@id":"https:\/\/www.hosgreta.se\/shop\/#\/schema\/logo\/image\/","url":"https:\/\/www.hosgreta.se\/shop\/wp-content\/uploads\/2018\/03\/Logo_HosGreta_svart.png","contentUrl":"https:\/\/www.hosgreta.se\/shop\/wp-content\/uploads\/2018\/03\/Logo_HosGreta_svart.png","width":851,"height":851,"caption":"Hos Greta"},"image":{"@id":"https:\/\/www.hosgreta.se\/shop\/#\/schema\/logo\/image\/"},"sameAs":["https:\/\/www.facebook.com\/hosgreta","https:\/\/www.instagram.com\/hosgreta"]}]}},"kroconnect":{"tax_rate":25,"price_inc_vat":{"regular_price":219},"price_ex_vat":{"regular_price":175.2}},"brands":[{"id":187,"name":"Done by Deer","slug":"done-by-deer"}],"_links":{"self":[{"href":"https:\/\/www.hosgreta.se\/shop\/wp-json\/wp\/v2\/product\/308587","targetHints":{"allow":["GET"]}}],"collection":[{"href":"https:\/\/www.hosgreta.se\/shop\/wp-json\/wp\/v2\/product"}],"about":[{"href":"https:\/\/www.hosgreta.se\/shop\/wp-json\/wp\/v2\/types\/product"}],"replies":[{"embeddable":true,"href":"https:\/\/www.hosgreta.se\/shop\/wp-json\/wp\/v2\/comments?post=308587"}],"wp:featuredmedia":[{"embeddable":true,"href":"https:\/\/www.hosgreta.se\/shop\/wp-json\/wp\/v2\/media\/378004"}],"wp:attachment":[{"href":"https:\/\/www.hosgreta.se\/shop\/wp-json\/wp\/v2\/media?parent=308587"}],"wp:term":[{"taxonomy":"pwb-brand","embeddable":true,"href":"https:\/\/www.hosgreta.se\/shop\/wp-json\/wp\/v2\/pwb-brand?post=308587"},{"taxonomy":"product_brand","embeddable":true,"href":"https:\/\/www.hosgreta.se\/shop\/wp-json\/wp\/v2\/product_brand?post=308587"},{"taxonomy":"product_cat","embeddable":true,"href":"https:\/\/www.hosgreta.se\/shop\/wp-json\/wp\/v2\/product_cat?post=308587"},{"taxonomy":"product_tag","embeddable":true,"href":"https:\/\/www.hosgreta.se\/shop\/wp-json\/wp\/v2\/product_tag?post=308587"}],"curies":[{"name":"wp","href":"https:\/\/api.w.org\/{rel}","templated":true}]}}