{"id":34185,"date":"2018-08-08T11:33:31","date_gmt":"2018-08-08T09:33:31","guid":{"rendered":"https:\/\/www.hosgreta.se\/shop\/?post_type=product&#038;p=34185"},"modified":"2023-01-01T16:04:17","modified_gmt":"2023-01-01T15:04:17","slug":"rubens-baby-nora","status":"publish","type":"product","link":"https:\/\/www.hosgreta.se\/shop\/produkt\/rubens-baby-nora\/","title":{"rendered":"Rubens Baby Nora"},"content":{"rendered":"<p>Rubens Baby Nora<br \/>\nStorlek<br \/>\nL\u00e4ngd: 45 cm<br \/>\nVikt: 700 g<\/p>\n<p>Material<br \/>\nH\u00e5r: 100% polyester plysch<br \/>\nStoppning: 100% polyesterfiber<br \/>\nHud: 100% polyesterfleece<br \/>\nKl\u00e4der: till st\u00f6rsta del polyester men ocks\u00e5 bomull<br \/>\nAlla deras produkter \u00e4r CE m\u00e4rkta och godk\u00e4nda enligt s\u00e4kerhetsf\u00f6reskrifterna: EN-71, Del 1, 2 &amp; 3 samt ASTM.<br \/>\nProducenten \u00e4r certifierad med ISO 9001.<\/p>\n","protected":false},"excerpt":{"rendered":"<p>Nora \u00e4r en docka f\u00f6r b\u00e5de pojkar och tjejer i alla \u00e5ldrar och inneh\u00e5ller inga farliga delar. Nora \u00e4r utformad precis som en riktigt bebis. Hon gillar att sticka ut sin tunga och vinkla sitt huvud. Hon har en aprikos byxdress, vit t-shirt, bl\u00f6ja och haklapp som alla \u00e4r avtagbara.<\/p>\n","protected":false},"featured_media":13101,"comment_status":"closed","ping_status":"closed","template":"","meta":[],"pwb-brand":[207],"product_brand":[],"product_cat":[75,163],"product_tag":[],"class_list":{"0":"post-34185","1":"product","2":"type-product","3":"status-publish","4":"has-post-thumbnail","6":"pwb-brand-rubens-barn","7":"product_cat-barn","8":"product_cat-dockor","10":"first","11":"outofstock","12":"taxable","13":"shipping-taxable","14":"purchasable","15":"product-type-simple"},"yoast_head":"<!-- This site is optimized with the Yoast SEO plugin v27.5 - https:\/\/yoast.com\/product\/yoast-seo-wordpress\/ -->\n<title>Rubens Baby Nora, mjuk handgjord docka - Hos Greta<\/title>\n<meta name=\"description\" content=\"Rubens Baby Nora. Nora \u00e4r en docka f\u00f6r b\u00e5de pojkar och tjejer i alla \u00e5ldrar och inneh\u00e5ller inga farliga delar. Nora \u00e4r utformad precis som en riktigt bebis. Hon gillar att sticka ut sin tunga och vinkla sitt huvud. Hon har en aprikos byxdress, vit t-shirt, bl\u00f6ja och haklapp som alla \u00e4r avtagbara.\" \/>\n<meta name=\"robots\" content=\"index, follow, max-snippet:-1, max-image-preview:large, max-video-preview:-1\" \/>\n<link rel=\"canonical\" href=\"https:\/\/www.hosgreta.se\/shop\/produkt\/rubens-baby-nora\/\" \/>\n<meta property=\"og:locale\" content=\"sv_SE\" \/>\n<meta property=\"og:type\" content=\"article\" \/>\n<meta property=\"og:title\" content=\"Rubens Baby Nora, mjuk handgjord docka - Hos Greta\" \/>\n<meta property=\"og:description\" content=\"Rubens Baby Nora. Nora \u00e4r en docka f\u00f6r b\u00e5de pojkar och tjejer i alla \u00e5ldrar och inneh\u00e5ller inga farliga delar. Nora \u00e4r utformad precis som en riktigt bebis. Hon gillar att sticka ut sin tunga och vinkla sitt huvud. Hon har en aprikos byxdress, vit t-shirt, bl\u00f6ja och haklapp som alla \u00e4r avtagbara.\" \/>\n<meta property=\"og:url\" content=\"https:\/\/www.hosgreta.se\/shop\/produkt\/rubens-baby-nora\/\" \/>\n<meta property=\"og:site_name\" content=\"Hos Greta\" \/>\n<meta property=\"article:publisher\" content=\"https:\/\/www.facebook.com\/hosgreta\" \/>\n<meta property=\"article:modified_time\" content=\"2023-01-01T15:04:17+00:00\" \/>\n<meta property=\"og:image\" content=\"https:\/\/www.hosgreta.se\/shop\/wp-content\/uploads\/2018\/04\/Rubens-baby-Nora.jpg\" \/>\n\t<meta property=\"og:image:width\" content=\"800\" \/>\n\t<meta property=\"og:image:height\" content=\"800\" \/>\n\t<meta property=\"og:image:type\" content=\"image\/jpeg\" \/>\n<meta name=\"twitter:card\" content=\"summary_large_image\" \/>\n<script type=\"application\/ld+json\" class=\"yoast-schema-graph\">{\"@context\":\"https:\\\/\\\/schema.org\",\"@graph\":[{\"@type\":\"WebPage\",\"@id\":\"https:\\\/\\\/www.hosgreta.se\\\/shop\\\/produkt\\\/rubens-baby-nora\\\/\",\"url\":\"https:\\\/\\\/www.hosgreta.se\\\/shop\\\/produkt\\\/rubens-baby-nora\\\/\",\"name\":\"Rubens Baby Nora, mjuk handgjord docka - Hos Greta\",\"isPartOf\":{\"@id\":\"https:\\\/\\\/www.hosgreta.se\\\/shop\\\/#website\"},\"primaryImageOfPage\":{\"@id\":\"https:\\\/\\\/www.hosgreta.se\\\/shop\\\/produkt\\\/rubens-baby-nora\\\/#primaryimage\"},\"image\":{\"@id\":\"https:\\\/\\\/www.hosgreta.se\\\/shop\\\/produkt\\\/rubens-baby-nora\\\/#primaryimage\"},\"thumbnailUrl\":\"https:\\\/\\\/www.hosgreta.se\\\/shop\\\/wp-content\\\/uploads\\\/2018\\\/04\\\/Rubens-baby-Nora.jpg\",\"datePublished\":\"2018-08-08T09:33:31+00:00\",\"dateModified\":\"2023-01-01T15:04:17+00:00\",\"description\":\"Rubens Baby Nora. Nora \u00e4r en docka f\u00f6r b\u00e5de pojkar och tjejer i alla \u00e5ldrar och inneh\u00e5ller inga farliga delar. Nora \u00e4r utformad precis som en riktigt bebis. Hon gillar att sticka ut sin tunga och vinkla sitt huvud. Hon har en aprikos byxdress, vit t-shirt, bl\u00f6ja och haklapp som alla \u00e4r avtagbara.\",\"breadcrumb\":{\"@id\":\"https:\\\/\\\/www.hosgreta.se\\\/shop\\\/produkt\\\/rubens-baby-nora\\\/#breadcrumb\"},\"inLanguage\":\"sv-SE\",\"potentialAction\":[{\"@type\":\"ReadAction\",\"target\":[\"https:\\\/\\\/www.hosgreta.se\\\/shop\\\/produkt\\\/rubens-baby-nora\\\/\"]}]},{\"@type\":\"ImageObject\",\"inLanguage\":\"sv-SE\",\"@id\":\"https:\\\/\\\/www.hosgreta.se\\\/shop\\\/produkt\\\/rubens-baby-nora\\\/#primaryimage\",\"url\":\"https:\\\/\\\/www.hosgreta.se\\\/shop\\\/wp-content\\\/uploads\\\/2018\\\/04\\\/Rubens-baby-Nora.jpg\",\"contentUrl\":\"https:\\\/\\\/www.hosgreta.se\\\/shop\\\/wp-content\\\/uploads\\\/2018\\\/04\\\/Rubens-baby-Nora.jpg\",\"width\":800,\"height\":800,\"caption\":\"Rubens Baby Nora, mjuk handgjord docka\"},{\"@type\":\"BreadcrumbList\",\"@id\":\"https:\\\/\\\/www.hosgreta.se\\\/shop\\\/produkt\\\/rubens-baby-nora\\\/#breadcrumb\",\"itemListElement\":[{\"@type\":\"ListItem\",\"position\":1,\"name\":\"Hem\",\"item\":\"https:\\\/\\\/www.hosgreta.se\\\/shop\\\/\"},{\"@type\":\"ListItem\",\"position\":2,\"name\":\"Shop\",\"item\":\"https:\\\/\\\/www.hosgreta.se\\\/shop\\\/shop\\\/\"},{\"@type\":\"ListItem\",\"position\":3,\"name\":\"Rubens Baby Nora\"}]},{\"@type\":\"WebSite\",\"@id\":\"https:\\\/\\\/www.hosgreta.se\\\/shop\\\/#website\",\"url\":\"https:\\\/\\\/www.hosgreta.se\\\/shop\\\/\",\"name\":\"Hos Greta\",\"description\":\"Vi v\u00e4ljer ut v\u00e5ra varum\u00e4rken med stor omsorg.\",\"publisher\":{\"@id\":\"https:\\\/\\\/www.hosgreta.se\\\/shop\\\/#organization\"},\"potentialAction\":[{\"@type\":\"SearchAction\",\"target\":{\"@type\":\"EntryPoint\",\"urlTemplate\":\"https:\\\/\\\/www.hosgreta.se\\\/shop\\\/?s={search_term_string}\"},\"query-input\":{\"@type\":\"PropertyValueSpecification\",\"valueRequired\":true,\"valueName\":\"search_term_string\"}}],\"inLanguage\":\"sv-SE\"},{\"@type\":\"Organization\",\"@id\":\"https:\\\/\\\/www.hosgreta.se\\\/shop\\\/#organization\",\"name\":\"Hos Greta\",\"url\":\"https:\\\/\\\/www.hosgreta.se\\\/shop\\\/\",\"logo\":{\"@type\":\"ImageObject\",\"inLanguage\":\"sv-SE\",\"@id\":\"https:\\\/\\\/www.hosgreta.se\\\/shop\\\/#\\\/schema\\\/logo\\\/image\\\/\",\"url\":\"https:\\\/\\\/www.hosgreta.se\\\/shop\\\/wp-content\\\/uploads\\\/2018\\\/03\\\/Logo_HosGreta_svart.png\",\"contentUrl\":\"https:\\\/\\\/www.hosgreta.se\\\/shop\\\/wp-content\\\/uploads\\\/2018\\\/03\\\/Logo_HosGreta_svart.png\",\"width\":851,\"height\":851,\"caption\":\"Hos Greta\"},\"image\":{\"@id\":\"https:\\\/\\\/www.hosgreta.se\\\/shop\\\/#\\\/schema\\\/logo\\\/image\\\/\"},\"sameAs\":[\"https:\\\/\\\/www.facebook.com\\\/hosgreta\",\"https:\\\/\\\/www.instagram.com\\\/hosgreta\"]}]}<\/script>\n<!-- \/ Yoast SEO plugin. -->","yoast_head_json":{"title":"Rubens Baby Nora, mjuk handgjord docka - Hos Greta","description":"Rubens Baby Nora. Nora \u00e4r en docka f\u00f6r b\u00e5de pojkar och tjejer i alla \u00e5ldrar och inneh\u00e5ller inga farliga delar. Nora \u00e4r utformad precis som en riktigt bebis. Hon gillar att sticka ut sin tunga och vinkla sitt huvud. Hon har en aprikos byxdress, vit t-shirt, bl\u00f6ja och haklapp som alla \u00e4r avtagbara.","robots":{"index":"index","follow":"follow","max-snippet":"max-snippet:-1","max-image-preview":"max-image-preview:large","max-video-preview":"max-video-preview:-1"},"canonical":"https:\/\/www.hosgreta.se\/shop\/produkt\/rubens-baby-nora\/","og_locale":"sv_SE","og_type":"article","og_title":"Rubens Baby Nora, mjuk handgjord docka - Hos Greta","og_description":"Rubens Baby Nora. Nora \u00e4r en docka f\u00f6r b\u00e5de pojkar och tjejer i alla \u00e5ldrar och inneh\u00e5ller inga farliga delar. Nora \u00e4r utformad precis som en riktigt bebis. Hon gillar att sticka ut sin tunga och vinkla sitt huvud. Hon har en aprikos byxdress, vit t-shirt, bl\u00f6ja och haklapp som alla \u00e4r avtagbara.","og_url":"https:\/\/www.hosgreta.se\/shop\/produkt\/rubens-baby-nora\/","og_site_name":"Hos Greta","article_publisher":"https:\/\/www.facebook.com\/hosgreta","article_modified_time":"2023-01-01T15:04:17+00:00","og_image":[{"width":800,"height":800,"url":"https:\/\/www.hosgreta.se\/shop\/wp-content\/uploads\/2018\/04\/Rubens-baby-Nora.jpg","type":"image\/jpeg"}],"twitter_card":"summary_large_image","schema":{"@context":"https:\/\/schema.org","@graph":[{"@type":"WebPage","@id":"https:\/\/www.hosgreta.se\/shop\/produkt\/rubens-baby-nora\/","url":"https:\/\/www.hosgreta.se\/shop\/produkt\/rubens-baby-nora\/","name":"Rubens Baby Nora, mjuk handgjord docka - Hos Greta","isPartOf":{"@id":"https:\/\/www.hosgreta.se\/shop\/#website"},"primaryImageOfPage":{"@id":"https:\/\/www.hosgreta.se\/shop\/produkt\/rubens-baby-nora\/#primaryimage"},"image":{"@id":"https:\/\/www.hosgreta.se\/shop\/produkt\/rubens-baby-nora\/#primaryimage"},"thumbnailUrl":"https:\/\/www.hosgreta.se\/shop\/wp-content\/uploads\/2018\/04\/Rubens-baby-Nora.jpg","datePublished":"2018-08-08T09:33:31+00:00","dateModified":"2023-01-01T15:04:17+00:00","description":"Rubens Baby Nora. Nora \u00e4r en docka f\u00f6r b\u00e5de pojkar och tjejer i alla \u00e5ldrar och inneh\u00e5ller inga farliga delar. Nora \u00e4r utformad precis som en riktigt bebis. Hon gillar att sticka ut sin tunga och vinkla sitt huvud. Hon har en aprikos byxdress, vit t-shirt, bl\u00f6ja och haklapp som alla \u00e4r avtagbara.","breadcrumb":{"@id":"https:\/\/www.hosgreta.se\/shop\/produkt\/rubens-baby-nora\/#breadcrumb"},"inLanguage":"sv-SE","potentialAction":[{"@type":"ReadAction","target":["https:\/\/www.hosgreta.se\/shop\/produkt\/rubens-baby-nora\/"]}]},{"@type":"ImageObject","inLanguage":"sv-SE","@id":"https:\/\/www.hosgreta.se\/shop\/produkt\/rubens-baby-nora\/#primaryimage","url":"https:\/\/www.hosgreta.se\/shop\/wp-content\/uploads\/2018\/04\/Rubens-baby-Nora.jpg","contentUrl":"https:\/\/www.hosgreta.se\/shop\/wp-content\/uploads\/2018\/04\/Rubens-baby-Nora.jpg","width":800,"height":800,"caption":"Rubens Baby Nora, mjuk handgjord docka"},{"@type":"BreadcrumbList","@id":"https:\/\/www.hosgreta.se\/shop\/produkt\/rubens-baby-nora\/#breadcrumb","itemListElement":[{"@type":"ListItem","position":1,"name":"Hem","item":"https:\/\/www.hosgreta.se\/shop\/"},{"@type":"ListItem","position":2,"name":"Shop","item":"https:\/\/www.hosgreta.se\/shop\/shop\/"},{"@type":"ListItem","position":3,"name":"Rubens Baby Nora"}]},{"@type":"WebSite","@id":"https:\/\/www.hosgreta.se\/shop\/#website","url":"https:\/\/www.hosgreta.se\/shop\/","name":"Hos Greta","description":"Vi v\u00e4ljer ut v\u00e5ra varum\u00e4rken med stor omsorg.","publisher":{"@id":"https:\/\/www.hosgreta.se\/shop\/#organization"},"potentialAction":[{"@type":"SearchAction","target":{"@type":"EntryPoint","urlTemplate":"https:\/\/www.hosgreta.se\/shop\/?s={search_term_string}"},"query-input":{"@type":"PropertyValueSpecification","valueRequired":true,"valueName":"search_term_string"}}],"inLanguage":"sv-SE"},{"@type":"Organization","@id":"https:\/\/www.hosgreta.se\/shop\/#organization","name":"Hos Greta","url":"https:\/\/www.hosgreta.se\/shop\/","logo":{"@type":"ImageObject","inLanguage":"sv-SE","@id":"https:\/\/www.hosgreta.se\/shop\/#\/schema\/logo\/image\/","url":"https:\/\/www.hosgreta.se\/shop\/wp-content\/uploads\/2018\/03\/Logo_HosGreta_svart.png","contentUrl":"https:\/\/www.hosgreta.se\/shop\/wp-content\/uploads\/2018\/03\/Logo_HosGreta_svart.png","width":851,"height":851,"caption":"Hos Greta"},"image":{"@id":"https:\/\/www.hosgreta.se\/shop\/#\/schema\/logo\/image\/"},"sameAs":["https:\/\/www.facebook.com\/hosgreta","https:\/\/www.instagram.com\/hosgreta"]}]}},"kroconnect":{"tax_rate":25,"price_inc_vat":{"regular_price":799},"price_ex_vat":{"regular_price":639.2}},"brands":[{"id":207,"name":"Rubens Barn","slug":"rubens-barn"}],"_links":{"self":[{"href":"https:\/\/www.hosgreta.se\/shop\/wp-json\/wp\/v2\/product\/34185","targetHints":{"allow":["GET"]}}],"collection":[{"href":"https:\/\/www.hosgreta.se\/shop\/wp-json\/wp\/v2\/product"}],"about":[{"href":"https:\/\/www.hosgreta.se\/shop\/wp-json\/wp\/v2\/types\/product"}],"replies":[{"embeddable":true,"href":"https:\/\/www.hosgreta.se\/shop\/wp-json\/wp\/v2\/comments?post=34185"}],"wp:featuredmedia":[{"embeddable":true,"href":"https:\/\/www.hosgreta.se\/shop\/wp-json\/wp\/v2\/media\/13101"}],"wp:attachment":[{"href":"https:\/\/www.hosgreta.se\/shop\/wp-json\/wp\/v2\/media?parent=34185"}],"wp:term":[{"taxonomy":"pwb-brand","embeddable":true,"href":"https:\/\/www.hosgreta.se\/shop\/wp-json\/wp\/v2\/pwb-brand?post=34185"},{"taxonomy":"product_brand","embeddable":true,"href":"https:\/\/www.hosgreta.se\/shop\/wp-json\/wp\/v2\/product_brand?post=34185"},{"taxonomy":"product_cat","embeddable":true,"href":"https:\/\/www.hosgreta.se\/shop\/wp-json\/wp\/v2\/product_cat?post=34185"},{"taxonomy":"product_tag","embeddable":true,"href":"https:\/\/www.hosgreta.se\/shop\/wp-json\/wp\/v2\/product_tag?post=34185"}],"curies":[{"name":"wp","href":"https:\/\/api.w.org\/{rel}","templated":true}]}}