{"id":3506,"date":"2018-03-28T11:14:02","date_gmt":"2018-03-28T09:14:02","guid":{"rendered":"https:\/\/www.hosgreta.se\/shop\/produkt\/ballograf-deskset-olivgron\/"},"modified":"2020-01-01T21:37:39","modified_gmt":"2020-01-01T20:37:39","slug":"ballograf-deskset-olivgron","status":"publish","type":"product","link":"https:\/\/www.hosgreta.se\/shop\/produkt\/ballograf-deskset-olivgron\/","title":{"rendered":"Ballograf Deskset Olivgr\u00f6n"},"content":{"rendered":"<p>Epoca-kulspetspennan sitter stadigt i det lutade st\u00e4llet f\u00f6rsett med gummif\u00f6tter.<br \/>\nKedjan \u00e4r 45 cm l\u00e5ng.<br \/>\nLevereras med bl\u00e5tt bl\u00e4ck, och patronen \u00e4r utbytbar.<\/p>\n","protected":false},"excerpt":{"rendered":"<p>Den klassiska skrivbordspennan fr\u00e5n Ballograf i olivgr\u00f6n.<\/p>\n","protected":false},"featured_media":17421,"comment_status":"closed","ping_status":"closed","template":"","meta":[],"pwb-brand":[],"product_brand":[],"product_cat":[74,127],"product_tag":[],"class_list":{"0":"post-3506","1":"product","2":"type-product","3":"status-publish","4":"has-post-thumbnail","6":"product_cat-inredning","7":"product_cat-kontor","9":"first","10":"outofstock","11":"taxable","12":"shipping-taxable","13":"purchasable","14":"product-type-simple"},"yoast_head":"<!-- This site is optimized with the Yoast SEO plugin v27.5 - https:\/\/yoast.com\/product\/yoast-seo-wordpress\/ -->\n<title>Ballograf Deskset Olivgr\u00f6n - Den klassiska Bankpennan - Hos Greta<\/title>\n<meta name=\"description\" content=\"Ballograf Deskset Olivgr\u00f6n. \u00c4r du gammal nog f\u00f6r att komma ih\u00e5g den klassiska Bankpennan? Eller kanske du minns den fr\u00e5n det statliga Posten. H\u00e4r \u00e4r den i ny upplaga fr\u00e5n Ballograf och tillg\u00e4nglig i m\u00e5nga fina f\u00e4rger och m\u00f6nster.\" \/>\n<meta name=\"robots\" content=\"index, follow, max-snippet:-1, max-image-preview:large, max-video-preview:-1\" \/>\n<link rel=\"canonical\" href=\"https:\/\/www.hosgreta.se\/shop\/produkt\/ballograf-deskset-olivgron\/\" \/>\n<meta property=\"og:locale\" content=\"sv_SE\" \/>\n<meta property=\"og:type\" content=\"article\" \/>\n<meta property=\"og:title\" content=\"Ballograf Deskset Olivgr\u00f6n - Den klassiska Bankpennan - Hos Greta\" \/>\n<meta property=\"og:description\" content=\"Ballograf Deskset Olivgr\u00f6n. \u00c4r du gammal nog f\u00f6r att komma ih\u00e5g den klassiska Bankpennan? Eller kanske du minns den fr\u00e5n det statliga Posten. H\u00e4r \u00e4r den i ny upplaga fr\u00e5n Ballograf och tillg\u00e4nglig i m\u00e5nga fina f\u00e4rger och m\u00f6nster.\" \/>\n<meta property=\"og:url\" content=\"https:\/\/www.hosgreta.se\/shop\/produkt\/ballograf-deskset-olivgron\/\" \/>\n<meta property=\"og:site_name\" content=\"Hos Greta\" \/>\n<meta property=\"article:publisher\" content=\"https:\/\/www.facebook.com\/hosgreta\" \/>\n<meta property=\"article:modified_time\" content=\"2020-01-01T20:37:39+00:00\" \/>\n<meta property=\"og:image\" content=\"https:\/\/www.hosgreta.se\/shop\/wp-content\/uploads\/2018\/05\/Ballograf-deskset-olivgr\u00f6n.jpg\" \/>\n\t<meta property=\"og:image:width\" content=\"800\" \/>\n\t<meta property=\"og:image:height\" content=\"800\" \/>\n\t<meta property=\"og:image:type\" content=\"image\/jpeg\" \/>\n<meta name=\"twitter:card\" content=\"summary_large_image\" \/>\n<script type=\"application\/ld+json\" class=\"yoast-schema-graph\">{\"@context\":\"https:\\\/\\\/schema.org\",\"@graph\":[{\"@type\":\"WebPage\",\"@id\":\"https:\\\/\\\/www.hosgreta.se\\\/shop\\\/produkt\\\/ballograf-deskset-olivgron\\\/\",\"url\":\"https:\\\/\\\/www.hosgreta.se\\\/shop\\\/produkt\\\/ballograf-deskset-olivgron\\\/\",\"name\":\"Ballograf Deskset Olivgr\u00f6n - Den klassiska Bankpennan - Hos Greta\",\"isPartOf\":{\"@id\":\"https:\\\/\\\/www.hosgreta.se\\\/shop\\\/#website\"},\"primaryImageOfPage\":{\"@id\":\"https:\\\/\\\/www.hosgreta.se\\\/shop\\\/produkt\\\/ballograf-deskset-olivgron\\\/#primaryimage\"},\"image\":{\"@id\":\"https:\\\/\\\/www.hosgreta.se\\\/shop\\\/produkt\\\/ballograf-deskset-olivgron\\\/#primaryimage\"},\"thumbnailUrl\":\"https:\\\/\\\/www.hosgreta.se\\\/shop\\\/wp-content\\\/uploads\\\/2018\\\/05\\\/Ballograf-deskset-olivgr\u00f6n.jpg\",\"datePublished\":\"2018-03-28T09:14:02+00:00\",\"dateModified\":\"2020-01-01T20:37:39+00:00\",\"description\":\"Ballograf Deskset Olivgr\u00f6n. \u00c4r du gammal nog f\u00f6r att komma ih\u00e5g den klassiska Bankpennan? Eller kanske du minns den fr\u00e5n det statliga Posten. H\u00e4r \u00e4r den i ny upplaga fr\u00e5n Ballograf och tillg\u00e4nglig i m\u00e5nga fina f\u00e4rger och m\u00f6nster.\",\"breadcrumb\":{\"@id\":\"https:\\\/\\\/www.hosgreta.se\\\/shop\\\/produkt\\\/ballograf-deskset-olivgron\\\/#breadcrumb\"},\"inLanguage\":\"sv-SE\",\"potentialAction\":[{\"@type\":\"ReadAction\",\"target\":[\"https:\\\/\\\/www.hosgreta.se\\\/shop\\\/produkt\\\/ballograf-deskset-olivgron\\\/\"]}]},{\"@type\":\"ImageObject\",\"inLanguage\":\"sv-SE\",\"@id\":\"https:\\\/\\\/www.hosgreta.se\\\/shop\\\/produkt\\\/ballograf-deskset-olivgron\\\/#primaryimage\",\"url\":\"https:\\\/\\\/www.hosgreta.se\\\/shop\\\/wp-content\\\/uploads\\\/2018\\\/05\\\/Ballograf-deskset-olivgr\u00f6n.jpg\",\"contentUrl\":\"https:\\\/\\\/www.hosgreta.se\\\/shop\\\/wp-content\\\/uploads\\\/2018\\\/05\\\/Ballograf-deskset-olivgr\u00f6n.jpg\",\"width\":800,\"height\":800,\"caption\":\"Ballograf Deskset Olivgr\u00f6n - Den klassiska Bankpennan \u00c4r du gammal nog f\u00f6r att komma ih\u00e5g den klassiska Bankpennan? Eller kanske du minns den fr\u00e5n det statliga Posten. H\u00e4r \u00e4r den i ny upplaga fr\u00e5n Ballograf och tillg\u00e4nglig i m\u00e5nga fina f\u00e4rger och m\u00f6nster.\"},{\"@type\":\"BreadcrumbList\",\"@id\":\"https:\\\/\\\/www.hosgreta.se\\\/shop\\\/produkt\\\/ballograf-deskset-olivgron\\\/#breadcrumb\",\"itemListElement\":[{\"@type\":\"ListItem\",\"position\":1,\"name\":\"Hem\",\"item\":\"https:\\\/\\\/www.hosgreta.se\\\/shop\\\/\"},{\"@type\":\"ListItem\",\"position\":2,\"name\":\"Shop\",\"item\":\"https:\\\/\\\/www.hosgreta.se\\\/shop\\\/shop\\\/\"},{\"@type\":\"ListItem\",\"position\":3,\"name\":\"Ballograf Deskset Olivgr\u00f6n\"}]},{\"@type\":\"WebSite\",\"@id\":\"https:\\\/\\\/www.hosgreta.se\\\/shop\\\/#website\",\"url\":\"https:\\\/\\\/www.hosgreta.se\\\/shop\\\/\",\"name\":\"Hos Greta\",\"description\":\"Vi v\u00e4ljer ut v\u00e5ra varum\u00e4rken med stor omsorg.\",\"publisher\":{\"@id\":\"https:\\\/\\\/www.hosgreta.se\\\/shop\\\/#organization\"},\"potentialAction\":[{\"@type\":\"SearchAction\",\"target\":{\"@type\":\"EntryPoint\",\"urlTemplate\":\"https:\\\/\\\/www.hosgreta.se\\\/shop\\\/?s={search_term_string}\"},\"query-input\":{\"@type\":\"PropertyValueSpecification\",\"valueRequired\":true,\"valueName\":\"search_term_string\"}}],\"inLanguage\":\"sv-SE\"},{\"@type\":\"Organization\",\"@id\":\"https:\\\/\\\/www.hosgreta.se\\\/shop\\\/#organization\",\"name\":\"Hos Greta\",\"url\":\"https:\\\/\\\/www.hosgreta.se\\\/shop\\\/\",\"logo\":{\"@type\":\"ImageObject\",\"inLanguage\":\"sv-SE\",\"@id\":\"https:\\\/\\\/www.hosgreta.se\\\/shop\\\/#\\\/schema\\\/logo\\\/image\\\/\",\"url\":\"https:\\\/\\\/www.hosgreta.se\\\/shop\\\/wp-content\\\/uploads\\\/2018\\\/03\\\/Logo_HosGreta_svart.png\",\"contentUrl\":\"https:\\\/\\\/www.hosgreta.se\\\/shop\\\/wp-content\\\/uploads\\\/2018\\\/03\\\/Logo_HosGreta_svart.png\",\"width\":851,\"height\":851,\"caption\":\"Hos Greta\"},\"image\":{\"@id\":\"https:\\\/\\\/www.hosgreta.se\\\/shop\\\/#\\\/schema\\\/logo\\\/image\\\/\"},\"sameAs\":[\"https:\\\/\\\/www.facebook.com\\\/hosgreta\",\"https:\\\/\\\/www.instagram.com\\\/hosgreta\"]}]}<\/script>\n<!-- \/ Yoast SEO plugin. -->","yoast_head_json":{"title":"Ballograf Deskset Olivgr\u00f6n - Den klassiska Bankpennan - Hos Greta","description":"Ballograf Deskset Olivgr\u00f6n. \u00c4r du gammal nog f\u00f6r att komma ih\u00e5g den klassiska Bankpennan? Eller kanske du minns den fr\u00e5n det statliga Posten. H\u00e4r \u00e4r den i ny upplaga fr\u00e5n Ballograf och tillg\u00e4nglig i m\u00e5nga fina f\u00e4rger och m\u00f6nster.","robots":{"index":"index","follow":"follow","max-snippet":"max-snippet:-1","max-image-preview":"max-image-preview:large","max-video-preview":"max-video-preview:-1"},"canonical":"https:\/\/www.hosgreta.se\/shop\/produkt\/ballograf-deskset-olivgron\/","og_locale":"sv_SE","og_type":"article","og_title":"Ballograf Deskset Olivgr\u00f6n - Den klassiska Bankpennan - Hos Greta","og_description":"Ballograf Deskset Olivgr\u00f6n. \u00c4r du gammal nog f\u00f6r att komma ih\u00e5g den klassiska Bankpennan? Eller kanske du minns den fr\u00e5n det statliga Posten. H\u00e4r \u00e4r den i ny upplaga fr\u00e5n Ballograf och tillg\u00e4nglig i m\u00e5nga fina f\u00e4rger och m\u00f6nster.","og_url":"https:\/\/www.hosgreta.se\/shop\/produkt\/ballograf-deskset-olivgron\/","og_site_name":"Hos Greta","article_publisher":"https:\/\/www.facebook.com\/hosgreta","article_modified_time":"2020-01-01T20:37:39+00:00","og_image":[{"width":800,"height":800,"url":"https:\/\/www.hosgreta.se\/shop\/wp-content\/uploads\/2018\/05\/Ballograf-deskset-olivgr\u00f6n.jpg","type":"image\/jpeg"}],"twitter_card":"summary_large_image","schema":{"@context":"https:\/\/schema.org","@graph":[{"@type":"WebPage","@id":"https:\/\/www.hosgreta.se\/shop\/produkt\/ballograf-deskset-olivgron\/","url":"https:\/\/www.hosgreta.se\/shop\/produkt\/ballograf-deskset-olivgron\/","name":"Ballograf Deskset Olivgr\u00f6n - Den klassiska Bankpennan - Hos Greta","isPartOf":{"@id":"https:\/\/www.hosgreta.se\/shop\/#website"},"primaryImageOfPage":{"@id":"https:\/\/www.hosgreta.se\/shop\/produkt\/ballograf-deskset-olivgron\/#primaryimage"},"image":{"@id":"https:\/\/www.hosgreta.se\/shop\/produkt\/ballograf-deskset-olivgron\/#primaryimage"},"thumbnailUrl":"https:\/\/www.hosgreta.se\/shop\/wp-content\/uploads\/2018\/05\/Ballograf-deskset-olivgr\u00f6n.jpg","datePublished":"2018-03-28T09:14:02+00:00","dateModified":"2020-01-01T20:37:39+00:00","description":"Ballograf Deskset Olivgr\u00f6n. \u00c4r du gammal nog f\u00f6r att komma ih\u00e5g den klassiska Bankpennan? Eller kanske du minns den fr\u00e5n det statliga Posten. H\u00e4r \u00e4r den i ny upplaga fr\u00e5n Ballograf och tillg\u00e4nglig i m\u00e5nga fina f\u00e4rger och m\u00f6nster.","breadcrumb":{"@id":"https:\/\/www.hosgreta.se\/shop\/produkt\/ballograf-deskset-olivgron\/#breadcrumb"},"inLanguage":"sv-SE","potentialAction":[{"@type":"ReadAction","target":["https:\/\/www.hosgreta.se\/shop\/produkt\/ballograf-deskset-olivgron\/"]}]},{"@type":"ImageObject","inLanguage":"sv-SE","@id":"https:\/\/www.hosgreta.se\/shop\/produkt\/ballograf-deskset-olivgron\/#primaryimage","url":"https:\/\/www.hosgreta.se\/shop\/wp-content\/uploads\/2018\/05\/Ballograf-deskset-olivgr\u00f6n.jpg","contentUrl":"https:\/\/www.hosgreta.se\/shop\/wp-content\/uploads\/2018\/05\/Ballograf-deskset-olivgr\u00f6n.jpg","width":800,"height":800,"caption":"Ballograf Deskset Olivgr\u00f6n - Den klassiska Bankpennan \u00c4r du gammal nog f\u00f6r att komma ih\u00e5g den klassiska Bankpennan? Eller kanske du minns den fr\u00e5n det statliga Posten. H\u00e4r \u00e4r den i ny upplaga fr\u00e5n Ballograf och tillg\u00e4nglig i m\u00e5nga fina f\u00e4rger och m\u00f6nster."},{"@type":"BreadcrumbList","@id":"https:\/\/www.hosgreta.se\/shop\/produkt\/ballograf-deskset-olivgron\/#breadcrumb","itemListElement":[{"@type":"ListItem","position":1,"name":"Hem","item":"https:\/\/www.hosgreta.se\/shop\/"},{"@type":"ListItem","position":2,"name":"Shop","item":"https:\/\/www.hosgreta.se\/shop\/shop\/"},{"@type":"ListItem","position":3,"name":"Ballograf Deskset Olivgr\u00f6n"}]},{"@type":"WebSite","@id":"https:\/\/www.hosgreta.se\/shop\/#website","url":"https:\/\/www.hosgreta.se\/shop\/","name":"Hos Greta","description":"Vi v\u00e4ljer ut v\u00e5ra varum\u00e4rken med stor omsorg.","publisher":{"@id":"https:\/\/www.hosgreta.se\/shop\/#organization"},"potentialAction":[{"@type":"SearchAction","target":{"@type":"EntryPoint","urlTemplate":"https:\/\/www.hosgreta.se\/shop\/?s={search_term_string}"},"query-input":{"@type":"PropertyValueSpecification","valueRequired":true,"valueName":"search_term_string"}}],"inLanguage":"sv-SE"},{"@type":"Organization","@id":"https:\/\/www.hosgreta.se\/shop\/#organization","name":"Hos Greta","url":"https:\/\/www.hosgreta.se\/shop\/","logo":{"@type":"ImageObject","inLanguage":"sv-SE","@id":"https:\/\/www.hosgreta.se\/shop\/#\/schema\/logo\/image\/","url":"https:\/\/www.hosgreta.se\/shop\/wp-content\/uploads\/2018\/03\/Logo_HosGreta_svart.png","contentUrl":"https:\/\/www.hosgreta.se\/shop\/wp-content\/uploads\/2018\/03\/Logo_HosGreta_svart.png","width":851,"height":851,"caption":"Hos Greta"},"image":{"@id":"https:\/\/www.hosgreta.se\/shop\/#\/schema\/logo\/image\/"},"sameAs":["https:\/\/www.facebook.com\/hosgreta","https:\/\/www.instagram.com\/hosgreta"]}]}},"kroconnect":{"tax_rate":25,"price_inc_vat":{"regular_price":125},"price_ex_vat":{"regular_price":100}},"brands":[],"_links":{"self":[{"href":"https:\/\/www.hosgreta.se\/shop\/wp-json\/wp\/v2\/product\/3506","targetHints":{"allow":["GET"]}}],"collection":[{"href":"https:\/\/www.hosgreta.se\/shop\/wp-json\/wp\/v2\/product"}],"about":[{"href":"https:\/\/www.hosgreta.se\/shop\/wp-json\/wp\/v2\/types\/product"}],"replies":[{"embeddable":true,"href":"https:\/\/www.hosgreta.se\/shop\/wp-json\/wp\/v2\/comments?post=3506"}],"wp:featuredmedia":[{"embeddable":true,"href":"https:\/\/www.hosgreta.se\/shop\/wp-json\/wp\/v2\/media\/17421"}],"wp:attachment":[{"href":"https:\/\/www.hosgreta.se\/shop\/wp-json\/wp\/v2\/media?parent=3506"}],"wp:term":[{"taxonomy":"pwb-brand","embeddable":true,"href":"https:\/\/www.hosgreta.se\/shop\/wp-json\/wp\/v2\/pwb-brand?post=3506"},{"taxonomy":"product_brand","embeddable":true,"href":"https:\/\/www.hosgreta.se\/shop\/wp-json\/wp\/v2\/product_brand?post=3506"},{"taxonomy":"product_cat","embeddable":true,"href":"https:\/\/www.hosgreta.se\/shop\/wp-json\/wp\/v2\/product_cat?post=3506"},{"taxonomy":"product_tag","embeddable":true,"href":"https:\/\/www.hosgreta.se\/shop\/wp-json\/wp\/v2\/product_tag?post=3506"}],"curies":[{"name":"wp","href":"https:\/\/api.w.org\/{rel}","templated":true}]}}