{"id":352281,"date":"2022-08-02T08:38:35","date_gmt":"2022-08-02T06:38:35","guid":{"rendered":"https:\/\/www.hosgreta.se\/shop\/?post_type=product&#038;p=352281"},"modified":"2026-04-01T10:04:33","modified_gmt":"2026-04-01T08:04:33","slug":"lakrids-anniversary","status":"publish","type":"product","link":"https:\/\/www.hosgreta.se\/shop\/produkt\/lakrids-anniversary\/","title":{"rendered":"Lakrids Anniversary"},"content":{"rendered":"<p>265 g<br \/>\nGluten- och gelatinfritt, B\u00fclows lakrits \u00e4r gjord p\u00e5 glutenfritt rismj\u00f6l<\/p>\n<p>Ingredienser: 66% m\u00e6lkechokolade* (mindst 38% kakaot\u00f8rstof) (EU) (sukker*, kakaosm\u00f8r*, s\u00f8dm\u00e6lks-\/helmj\u00f6lkspulver*, kakaomasse*, emulgatorer (sojalecitin*, lecitin*)), melasse*, rismel\/ rismj\u00f6l*, sukker*, agavesirup*, glukosesirup*, 2% r\u00e5lakrids* (ikke-EU), kakaosm\u00f8r*, solsikkeolie*, stabilisator: arabisk gummi*, emulgator: solsikkelecitin*, salt. *=\u00f8kologisk. M\u00e6lkechokolade: Mindst 38% kakaot\u00f8rstof.<\/p>\n","protected":false},"excerpt":{"rendered":"<p>En del gillar det enkla. A &#8211; The Original var den f\u00f6rsta produkt som utvecklades n\u00e4r Johan B\u00fclow fick den ursprungliga id\u00e9n att kl\u00e4 gourmetlakrits i choklad. Enkel, kraftfull och omedelbart beroendeframkallande. F\u00f6r att fira Lakrids by B\u00fclows 18-\u00e5rsjubileum har originalreceptet till Anniversary f\u00f6rfinats och f\u00e5tt en helt ekologisk variant. Du s\u00e4tter t\u00e4nderna i ett tunt lager av fint lakritspulver, smakrik belgisk mj\u00f6lkchoklad och en slow crafted k\u00e4rna av seg lakrits &#8211; allt gjort uteslutande av ekologiska ingredienser. Enkelt, full\u00e4ndat och lika beroendeframkallande.<\/p>\n<p>Burken \u00e4r utformad f\u00f6r \u00e5teranv\u00e4ndning och best\u00e5r till 56% av \u00e5tervunnet glas. Etiketten \u00e4r tillverkad av FSC-certifierat papper. N\u00e4r du har njutit av lakritsen kan du enkelt ta bort etiketterna med varmt vatten och reng\u00f6ra glasburken i diskmaskinen innan du \u00e5teranv\u00e4nder den till precis vad som helst. Burkens lock sluter t\u00e4tt s\u00e5 exempelvis kan anv\u00e4nda den till din dagliga juice, smoothie eller iskaffe p\u00e5 spr\u00e5ng. Glasburkarna har till och med funktionella m\u00e5ttenheter ingraverade, s\u00e5 att du vet precis hur du ska blanda ihop dina drycker.<\/p>\n","protected":false},"featured_media":385321,"comment_status":"closed","ping_status":"closed","template":"","meta":[],"pwb-brand":[175],"product_brand":[],"product_cat":[72,73],"product_tag":[],"class_list":{"0":"post-352281","1":"product","2":"type-product","3":"status-publish","4":"has-post-thumbnail","6":"pwb-brand-lakrids-by-johan-bulow","7":"product_cat-atbart","8":"product_cat-laktrits","10":"first","11":"outofstock","12":"taxable","13":"shipping-taxable","14":"purchasable","15":"product-type-simple"},"yoast_head":"<!-- This site is optimized with the Yoast SEO plugin v27.4 - https:\/\/yoast.com\/product\/yoast-seo-wordpress\/ -->\n<title>Lakrids Anniversary - Hos Greta<\/title>\n<meta name=\"robots\" content=\"index, follow, max-snippet:-1, max-image-preview:large, max-video-preview:-1\" \/>\n<link rel=\"canonical\" href=\"https:\/\/www.hosgreta.se\/shop\/produkt\/lakrids-anniversary\/\" \/>\n<meta property=\"og:locale\" content=\"sv_SE\" \/>\n<meta property=\"og:type\" content=\"article\" \/>\n<meta property=\"og:title\" content=\"Lakrids Anniversary - Hos Greta\" \/>\n<meta property=\"og:description\" content=\"En del gillar det enkla. A - The Original var den f\u00f6rsta produkt som utvecklades n\u00e4r Johan B\u00fclow fick den ursprungliga id\u00e9n att kl\u00e4 gourmetlakrits i choklad. Enkel, kraftfull och omedelbart beroendeframkallande. F\u00f6r att fira Lakrids by B\u00fclows 18-\u00e5rsjubileum har originalreceptet till Anniversary f\u00f6rfinats och f\u00e5tt en helt ekologisk variant. Du s\u00e4tter t\u00e4nderna i ett tunt lager av fint lakritspulver, smakrik belgisk mj\u00f6lkchoklad och en slow crafted k\u00e4rna av seg lakrits - allt gjort uteslutande av ekologiska ingredienser. Enkelt, full\u00e4ndat och lika beroendeframkallande.  Burken \u00e4r utformad f\u00f6r \u00e5teranv\u00e4ndning och best\u00e5r till 56% av \u00e5tervunnet glas. Etiketten \u00e4r tillverkad av FSC-certifierat papper. N\u00e4r du har njutit av lakritsen kan du enkelt ta bort etiketterna med varmt vatten och reng\u00f6ra glasburken i diskmaskinen innan du \u00e5teranv\u00e4nder den till precis vad som helst. Burkens lock sluter t\u00e4tt s\u00e5 exempelvis kan anv\u00e4nda den till din dagliga juice, smoothie eller iskaffe p\u00e5 spr\u00e5ng. Glasburkarna har till och med funktionella m\u00e5ttenheter ingraverade, s\u00e5 att du vet precis hur du ska blanda ihop dina drycker.\" \/>\n<meta property=\"og:url\" content=\"https:\/\/www.hosgreta.se\/shop\/produkt\/lakrids-anniversary\/\" \/>\n<meta property=\"og:site_name\" content=\"Hos Greta\" \/>\n<meta property=\"article:publisher\" content=\"https:\/\/www.facebook.com\/hosgreta\" \/>\n<meta property=\"article:modified_time\" content=\"2026-04-01T08:04:33+00:00\" \/>\n<meta property=\"og:image\" content=\"https:\/\/www.hosgreta.se\/shop\/wp-content\/uploads\/2025\/07\/Lakrids-Anniversary.png\" \/>\n\t<meta property=\"og:image:width\" content=\"800\" \/>\n\t<meta property=\"og:image:height\" content=\"800\" \/>\n\t<meta property=\"og:image:type\" content=\"image\/png\" \/>\n<meta name=\"twitter:card\" content=\"summary_large_image\" \/>\n<meta name=\"twitter:label1\" content=\"Ber\u00e4knad l\u00e4stid\" \/>\n\t<meta name=\"twitter:data1\" content=\"1 minut\" \/>\n<script type=\"application\/ld+json\" class=\"yoast-schema-graph\">{\"@context\":\"https:\\\/\\\/schema.org\",\"@graph\":[{\"@type\":\"WebPage\",\"@id\":\"https:\\\/\\\/www.hosgreta.se\\\/shop\\\/produkt\\\/lakrids-anniversary\\\/\",\"url\":\"https:\\\/\\\/www.hosgreta.se\\\/shop\\\/produkt\\\/lakrids-anniversary\\\/\",\"name\":\"Lakrids Anniversary - Hos Greta\",\"isPartOf\":{\"@id\":\"https:\\\/\\\/www.hosgreta.se\\\/shop\\\/#website\"},\"primaryImageOfPage\":{\"@id\":\"https:\\\/\\\/www.hosgreta.se\\\/shop\\\/produkt\\\/lakrids-anniversary\\\/#primaryimage\"},\"image\":{\"@id\":\"https:\\\/\\\/www.hosgreta.se\\\/shop\\\/produkt\\\/lakrids-anniversary\\\/#primaryimage\"},\"thumbnailUrl\":\"https:\\\/\\\/www.hosgreta.se\\\/shop\\\/wp-content\\\/uploads\\\/2025\\\/07\\\/Lakrids-Anniversary.png\",\"datePublished\":\"2022-08-02T06:38:35+00:00\",\"dateModified\":\"2026-04-01T08:04:33+00:00\",\"breadcrumb\":{\"@id\":\"https:\\\/\\\/www.hosgreta.se\\\/shop\\\/produkt\\\/lakrids-anniversary\\\/#breadcrumb\"},\"inLanguage\":\"sv-SE\",\"potentialAction\":[{\"@type\":\"ReadAction\",\"target\":[\"https:\\\/\\\/www.hosgreta.se\\\/shop\\\/produkt\\\/lakrids-anniversary\\\/\"]}]},{\"@type\":\"ImageObject\",\"inLanguage\":\"sv-SE\",\"@id\":\"https:\\\/\\\/www.hosgreta.se\\\/shop\\\/produkt\\\/lakrids-anniversary\\\/#primaryimage\",\"url\":\"https:\\\/\\\/www.hosgreta.se\\\/shop\\\/wp-content\\\/uploads\\\/2025\\\/07\\\/Lakrids-Anniversary.png\",\"contentUrl\":\"https:\\\/\\\/www.hosgreta.se\\\/shop\\\/wp-content\\\/uploads\\\/2025\\\/07\\\/Lakrids-Anniversary.png\",\"width\":800,\"height\":800,\"caption\":\"Lakrids Anniversary\"},{\"@type\":\"BreadcrumbList\",\"@id\":\"https:\\\/\\\/www.hosgreta.se\\\/shop\\\/produkt\\\/lakrids-anniversary\\\/#breadcrumb\",\"itemListElement\":[{\"@type\":\"ListItem\",\"position\":1,\"name\":\"Hem\",\"item\":\"https:\\\/\\\/www.hosgreta.se\\\/shop\\\/\"},{\"@type\":\"ListItem\",\"position\":2,\"name\":\"Shop\",\"item\":\"https:\\\/\\\/www.hosgreta.se\\\/shop\\\/shop\\\/\"},{\"@type\":\"ListItem\",\"position\":3,\"name\":\"Lakrids Anniversary\"}]},{\"@type\":\"WebSite\",\"@id\":\"https:\\\/\\\/www.hosgreta.se\\\/shop\\\/#website\",\"url\":\"https:\\\/\\\/www.hosgreta.se\\\/shop\\\/\",\"name\":\"Hos Greta\",\"description\":\"Vi v\u00e4ljer ut v\u00e5ra varum\u00e4rken med stor omsorg.\",\"publisher\":{\"@id\":\"https:\\\/\\\/www.hosgreta.se\\\/shop\\\/#organization\"},\"potentialAction\":[{\"@type\":\"SearchAction\",\"target\":{\"@type\":\"EntryPoint\",\"urlTemplate\":\"https:\\\/\\\/www.hosgreta.se\\\/shop\\\/?s={search_term_string}\"},\"query-input\":{\"@type\":\"PropertyValueSpecification\",\"valueRequired\":true,\"valueName\":\"search_term_string\"}}],\"inLanguage\":\"sv-SE\"},{\"@type\":\"Organization\",\"@id\":\"https:\\\/\\\/www.hosgreta.se\\\/shop\\\/#organization\",\"name\":\"Hos Greta\",\"url\":\"https:\\\/\\\/www.hosgreta.se\\\/shop\\\/\",\"logo\":{\"@type\":\"ImageObject\",\"inLanguage\":\"sv-SE\",\"@id\":\"https:\\\/\\\/www.hosgreta.se\\\/shop\\\/#\\\/schema\\\/logo\\\/image\\\/\",\"url\":\"https:\\\/\\\/www.hosgreta.se\\\/shop\\\/wp-content\\\/uploads\\\/2018\\\/03\\\/Logo_HosGreta_svart.png\",\"contentUrl\":\"https:\\\/\\\/www.hosgreta.se\\\/shop\\\/wp-content\\\/uploads\\\/2018\\\/03\\\/Logo_HosGreta_svart.png\",\"width\":851,\"height\":851,\"caption\":\"Hos Greta\"},\"image\":{\"@id\":\"https:\\\/\\\/www.hosgreta.se\\\/shop\\\/#\\\/schema\\\/logo\\\/image\\\/\"},\"sameAs\":[\"https:\\\/\\\/www.facebook.com\\\/hosgreta\",\"https:\\\/\\\/www.instagram.com\\\/hosgreta\"]}]}<\/script>\n<!-- \/ Yoast SEO plugin. -->","yoast_head_json":{"title":"Lakrids Anniversary - Hos Greta","robots":{"index":"index","follow":"follow","max-snippet":"max-snippet:-1","max-image-preview":"max-image-preview:large","max-video-preview":"max-video-preview:-1"},"canonical":"https:\/\/www.hosgreta.se\/shop\/produkt\/lakrids-anniversary\/","og_locale":"sv_SE","og_type":"article","og_title":"Lakrids Anniversary - Hos Greta","og_description":"En del gillar det enkla. A - The Original var den f\u00f6rsta produkt som utvecklades n\u00e4r Johan B\u00fclow fick den ursprungliga id\u00e9n att kl\u00e4 gourmetlakrits i choklad. Enkel, kraftfull och omedelbart beroendeframkallande. F\u00f6r att fira Lakrids by B\u00fclows 18-\u00e5rsjubileum har originalreceptet till Anniversary f\u00f6rfinats och f\u00e5tt en helt ekologisk variant. Du s\u00e4tter t\u00e4nderna i ett tunt lager av fint lakritspulver, smakrik belgisk mj\u00f6lkchoklad och en slow crafted k\u00e4rna av seg lakrits - allt gjort uteslutande av ekologiska ingredienser. Enkelt, full\u00e4ndat och lika beroendeframkallande.  Burken \u00e4r utformad f\u00f6r \u00e5teranv\u00e4ndning och best\u00e5r till 56% av \u00e5tervunnet glas. Etiketten \u00e4r tillverkad av FSC-certifierat papper. N\u00e4r du har njutit av lakritsen kan du enkelt ta bort etiketterna med varmt vatten och reng\u00f6ra glasburken i diskmaskinen innan du \u00e5teranv\u00e4nder den till precis vad som helst. Burkens lock sluter t\u00e4tt s\u00e5 exempelvis kan anv\u00e4nda den till din dagliga juice, smoothie eller iskaffe p\u00e5 spr\u00e5ng. Glasburkarna har till och med funktionella m\u00e5ttenheter ingraverade, s\u00e5 att du vet precis hur du ska blanda ihop dina drycker.","og_url":"https:\/\/www.hosgreta.se\/shop\/produkt\/lakrids-anniversary\/","og_site_name":"Hos Greta","article_publisher":"https:\/\/www.facebook.com\/hosgreta","article_modified_time":"2026-04-01T08:04:33+00:00","og_image":[{"width":800,"height":800,"url":"https:\/\/www.hosgreta.se\/shop\/wp-content\/uploads\/2025\/07\/Lakrids-Anniversary.png","type":"image\/png"}],"twitter_card":"summary_large_image","twitter_misc":{"Ber\u00e4knad l\u00e4stid":"1 minut"},"schema":{"@context":"https:\/\/schema.org","@graph":[{"@type":"WebPage","@id":"https:\/\/www.hosgreta.se\/shop\/produkt\/lakrids-anniversary\/","url":"https:\/\/www.hosgreta.se\/shop\/produkt\/lakrids-anniversary\/","name":"Lakrids Anniversary - Hos Greta","isPartOf":{"@id":"https:\/\/www.hosgreta.se\/shop\/#website"},"primaryImageOfPage":{"@id":"https:\/\/www.hosgreta.se\/shop\/produkt\/lakrids-anniversary\/#primaryimage"},"image":{"@id":"https:\/\/www.hosgreta.se\/shop\/produkt\/lakrids-anniversary\/#primaryimage"},"thumbnailUrl":"https:\/\/www.hosgreta.se\/shop\/wp-content\/uploads\/2025\/07\/Lakrids-Anniversary.png","datePublished":"2022-08-02T06:38:35+00:00","dateModified":"2026-04-01T08:04:33+00:00","breadcrumb":{"@id":"https:\/\/www.hosgreta.se\/shop\/produkt\/lakrids-anniversary\/#breadcrumb"},"inLanguage":"sv-SE","potentialAction":[{"@type":"ReadAction","target":["https:\/\/www.hosgreta.se\/shop\/produkt\/lakrids-anniversary\/"]}]},{"@type":"ImageObject","inLanguage":"sv-SE","@id":"https:\/\/www.hosgreta.se\/shop\/produkt\/lakrids-anniversary\/#primaryimage","url":"https:\/\/www.hosgreta.se\/shop\/wp-content\/uploads\/2025\/07\/Lakrids-Anniversary.png","contentUrl":"https:\/\/www.hosgreta.se\/shop\/wp-content\/uploads\/2025\/07\/Lakrids-Anniversary.png","width":800,"height":800,"caption":"Lakrids Anniversary"},{"@type":"BreadcrumbList","@id":"https:\/\/www.hosgreta.se\/shop\/produkt\/lakrids-anniversary\/#breadcrumb","itemListElement":[{"@type":"ListItem","position":1,"name":"Hem","item":"https:\/\/www.hosgreta.se\/shop\/"},{"@type":"ListItem","position":2,"name":"Shop","item":"https:\/\/www.hosgreta.se\/shop\/shop\/"},{"@type":"ListItem","position":3,"name":"Lakrids Anniversary"}]},{"@type":"WebSite","@id":"https:\/\/www.hosgreta.se\/shop\/#website","url":"https:\/\/www.hosgreta.se\/shop\/","name":"Hos Greta","description":"Vi v\u00e4ljer ut v\u00e5ra varum\u00e4rken med stor omsorg.","publisher":{"@id":"https:\/\/www.hosgreta.se\/shop\/#organization"},"potentialAction":[{"@type":"SearchAction","target":{"@type":"EntryPoint","urlTemplate":"https:\/\/www.hosgreta.se\/shop\/?s={search_term_string}"},"query-input":{"@type":"PropertyValueSpecification","valueRequired":true,"valueName":"search_term_string"}}],"inLanguage":"sv-SE"},{"@type":"Organization","@id":"https:\/\/www.hosgreta.se\/shop\/#organization","name":"Hos Greta","url":"https:\/\/www.hosgreta.se\/shop\/","logo":{"@type":"ImageObject","inLanguage":"sv-SE","@id":"https:\/\/www.hosgreta.se\/shop\/#\/schema\/logo\/image\/","url":"https:\/\/www.hosgreta.se\/shop\/wp-content\/uploads\/2018\/03\/Logo_HosGreta_svart.png","contentUrl":"https:\/\/www.hosgreta.se\/shop\/wp-content\/uploads\/2018\/03\/Logo_HosGreta_svart.png","width":851,"height":851,"caption":"Hos Greta"},"image":{"@id":"https:\/\/www.hosgreta.se\/shop\/#\/schema\/logo\/image\/"},"sameAs":["https:\/\/www.facebook.com\/hosgreta","https:\/\/www.instagram.com\/hosgreta"]}]}},"kroconnect":{"tax_rate":6,"price_inc_vat":{"regular_price":207.27},"price_ex_vat":{"regular_price":195.537736}},"brands":[{"id":175,"name":"Lakrids by Johan B\u00fclow","slug":"lakrids-by-johan-bulow"}],"_links":{"self":[{"href":"https:\/\/www.hosgreta.se\/shop\/wp-json\/wp\/v2\/product\/352281","targetHints":{"allow":["GET"]}}],"collection":[{"href":"https:\/\/www.hosgreta.se\/shop\/wp-json\/wp\/v2\/product"}],"about":[{"href":"https:\/\/www.hosgreta.se\/shop\/wp-json\/wp\/v2\/types\/product"}],"replies":[{"embeddable":true,"href":"https:\/\/www.hosgreta.se\/shop\/wp-json\/wp\/v2\/comments?post=352281"}],"wp:featuredmedia":[{"embeddable":true,"href":"https:\/\/www.hosgreta.se\/shop\/wp-json\/wp\/v2\/media\/385321"}],"wp:attachment":[{"href":"https:\/\/www.hosgreta.se\/shop\/wp-json\/wp\/v2\/media?parent=352281"}],"wp:term":[{"taxonomy":"pwb-brand","embeddable":true,"href":"https:\/\/www.hosgreta.se\/shop\/wp-json\/wp\/v2\/pwb-brand?post=352281"},{"taxonomy":"product_brand","embeddable":true,"href":"https:\/\/www.hosgreta.se\/shop\/wp-json\/wp\/v2\/product_brand?post=352281"},{"taxonomy":"product_cat","embeddable":true,"href":"https:\/\/www.hosgreta.se\/shop\/wp-json\/wp\/v2\/product_cat?post=352281"},{"taxonomy":"product_tag","embeddable":true,"href":"https:\/\/www.hosgreta.se\/shop\/wp-json\/wp\/v2\/product_tag?post=352281"}],"curies":[{"name":"wp","href":"https:\/\/api.w.org\/{rel}","templated":true}]}}