{"id":3581,"date":"2018-03-28T11:14:19","date_gmt":"2018-03-28T09:14:19","guid":{"rendered":"https:\/\/www.hosgreta.se\/shop\/produkt\/jellycat-bashful-cream-bunny-medium\/"},"modified":"2024-11-09T12:53:50","modified_gmt":"2024-11-09T11:53:50","slug":"jellycat-bashful-cream-bunny-medium","status":"publish","type":"product","link":"https:\/\/www.hosgreta.se\/shop\/produkt\/jellycat-bashful-cream-bunny-medium\/","title":{"rendered":"Jellycat Bashful Cream Bunny Medium"},"content":{"rendered":"<p>Jellycat Bashful Cream Bunny Medium<br \/>\nH\u00f6jd: 31 cm<br \/>\nFr\u00e5n +0 m\u00e5nader<br \/>\n100% polyester<br \/>\nHandtv\u00e4tt<\/p>\n<p>Testade och \u00f6verensst\u00e4mmer med europeiska s\u00e4kerhetsstandarden: EN71 delar 1, 2 och 3 f\u00f6r alla \u00e5ldrar.<\/p>\n","protected":false},"excerpt":{"rendered":"<p>Fin kanin i ljuvligt benvit nyans. Med sina fina uttrycksfulla \u00f6gon och s\u00f6ta rosa nos, har vi h\u00e4r en liten kompis att tycka mycket om, l\u00e4nge! Med h\u00e4rliga stora tassar och l\u00e5nga fluffiga \u00f6ron \u00e4r det h\u00e4r en riktig goding.<br \/>\nFinns i flera storlekar.<\/p>\n","protected":false},"featured_media":12951,"comment_status":"closed","ping_status":"closed","template":"","meta":[],"pwb-brand":[181],"product_brand":[],"product_cat":[75,124],"product_tag":[],"class_list":{"0":"post-3581","1":"product","2":"type-product","3":"status-publish","4":"has-post-thumbnail","6":"pwb-brand-jellycat","7":"product_cat-barn","8":"product_cat-mjukdjur","10":"first","11":"outofstock","12":"taxable","13":"shipping-taxable","14":"purchasable","15":"product-type-simple"},"yoast_head":"<!-- This site is optimized with the Yoast SEO plugin v27.4 - https:\/\/yoast.com\/product\/yoast-seo-wordpress\/ -->\n<title>Jellycat Bashful Cream Bunny Medium, s\u00f6t benvit Kanin - Hos Greta<\/title>\n<meta name=\"description\" content=\"Jellycat Bashful Cream Bunny Medium. Fin kanin i ljuvligt benvit nyans. Med sina fina uttrycksfulla \u00f6gon och s\u00f6ta rosa nos, har vi h\u00e4r en liten kompis att tycka mycket om, l\u00e4nge! Med h\u00e4rliga stora tassar och l\u00e5nga fluffiga \u00f6ron \u00e4r det h\u00e4r en riktig goding. Finns i flera storlekar.\" \/>\n<meta name=\"robots\" content=\"index, follow, max-snippet:-1, max-image-preview:large, max-video-preview:-1\" \/>\n<link rel=\"canonical\" href=\"https:\/\/www.hosgreta.se\/shop\/produkt\/jellycat-bashful-cream-bunny-medium\/\" \/>\n<meta property=\"og:locale\" content=\"sv_SE\" \/>\n<meta property=\"og:type\" content=\"article\" \/>\n<meta property=\"og:title\" content=\"Jellycat Bashful Cream Bunny Medium, s\u00f6t benvit Kanin - Hos Greta\" \/>\n<meta property=\"og:description\" content=\"Jellycat Bashful Cream Bunny Medium. Fin kanin i ljuvligt benvit nyans. Med sina fina uttrycksfulla \u00f6gon och s\u00f6ta rosa nos, har vi h\u00e4r en liten kompis att tycka mycket om, l\u00e4nge! Med h\u00e4rliga stora tassar och l\u00e5nga fluffiga \u00f6ron \u00e4r det h\u00e4r en riktig goding. Finns i flera storlekar.\" \/>\n<meta property=\"og:url\" content=\"https:\/\/www.hosgreta.se\/shop\/produkt\/jellycat-bashful-cream-bunny-medium\/\" \/>\n<meta property=\"og:site_name\" content=\"Hos Greta\" \/>\n<meta property=\"article:publisher\" content=\"https:\/\/www.facebook.com\/hosgreta\" \/>\n<meta property=\"article:modified_time\" content=\"2024-11-09T11:53:50+00:00\" \/>\n<meta property=\"og:image\" content=\"https:\/\/www.hosgreta.se\/shop\/wp-content\/uploads\/2018\/03\/Jellycat-Bashful-Cream-Bunny-medium.jpg\" \/>\n\t<meta property=\"og:image:width\" content=\"800\" \/>\n\t<meta property=\"og:image:height\" content=\"800\" \/>\n\t<meta property=\"og:image:type\" content=\"image\/jpeg\" \/>\n<meta name=\"twitter:card\" content=\"summary_large_image\" \/>\n<script type=\"application\/ld+json\" class=\"yoast-schema-graph\">{\"@context\":\"https:\\\/\\\/schema.org\",\"@graph\":[{\"@type\":\"WebPage\",\"@id\":\"https:\\\/\\\/www.hosgreta.se\\\/shop\\\/produkt\\\/jellycat-bashful-cream-bunny-medium\\\/\",\"url\":\"https:\\\/\\\/www.hosgreta.se\\\/shop\\\/produkt\\\/jellycat-bashful-cream-bunny-medium\\\/\",\"name\":\"Jellycat Bashful Cream Bunny Medium, s\u00f6t benvit Kanin - Hos Greta\",\"isPartOf\":{\"@id\":\"https:\\\/\\\/www.hosgreta.se\\\/shop\\\/#website\"},\"primaryImageOfPage\":{\"@id\":\"https:\\\/\\\/www.hosgreta.se\\\/shop\\\/produkt\\\/jellycat-bashful-cream-bunny-medium\\\/#primaryimage\"},\"image\":{\"@id\":\"https:\\\/\\\/www.hosgreta.se\\\/shop\\\/produkt\\\/jellycat-bashful-cream-bunny-medium\\\/#primaryimage\"},\"thumbnailUrl\":\"https:\\\/\\\/www.hosgreta.se\\\/shop\\\/wp-content\\\/uploads\\\/2018\\\/03\\\/Jellycat-Bashful-Cream-Bunny-medium.jpg\",\"datePublished\":\"2018-03-28T09:14:19+00:00\",\"dateModified\":\"2024-11-09T11:53:50+00:00\",\"description\":\"Jellycat Bashful Cream Bunny Medium. Fin kanin i ljuvligt benvit nyans. Med sina fina uttrycksfulla \u00f6gon och s\u00f6ta rosa nos, har vi h\u00e4r en liten kompis att tycka mycket om, l\u00e4nge! Med h\u00e4rliga stora tassar och l\u00e5nga fluffiga \u00f6ron \u00e4r det h\u00e4r en riktig goding. Finns i flera storlekar.\",\"breadcrumb\":{\"@id\":\"https:\\\/\\\/www.hosgreta.se\\\/shop\\\/produkt\\\/jellycat-bashful-cream-bunny-medium\\\/#breadcrumb\"},\"inLanguage\":\"sv-SE\",\"potentialAction\":[{\"@type\":\"ReadAction\",\"target\":[\"https:\\\/\\\/www.hosgreta.se\\\/shop\\\/produkt\\\/jellycat-bashful-cream-bunny-medium\\\/\"]}]},{\"@type\":\"ImageObject\",\"inLanguage\":\"sv-SE\",\"@id\":\"https:\\\/\\\/www.hosgreta.se\\\/shop\\\/produkt\\\/jellycat-bashful-cream-bunny-medium\\\/#primaryimage\",\"url\":\"https:\\\/\\\/www.hosgreta.se\\\/shop\\\/wp-content\\\/uploads\\\/2018\\\/03\\\/Jellycat-Bashful-Cream-Bunny-medium.jpg\",\"contentUrl\":\"https:\\\/\\\/www.hosgreta.se\\\/shop\\\/wp-content\\\/uploads\\\/2018\\\/03\\\/Jellycat-Bashful-Cream-Bunny-medium.jpg\",\"width\":800,\"height\":800,\"caption\":\"Jellycat Bashful Cream Bunny Medium\"},{\"@type\":\"BreadcrumbList\",\"@id\":\"https:\\\/\\\/www.hosgreta.se\\\/shop\\\/produkt\\\/jellycat-bashful-cream-bunny-medium\\\/#breadcrumb\",\"itemListElement\":[{\"@type\":\"ListItem\",\"position\":1,\"name\":\"Hem\",\"item\":\"https:\\\/\\\/www.hosgreta.se\\\/shop\\\/\"},{\"@type\":\"ListItem\",\"position\":2,\"name\":\"Shop\",\"item\":\"https:\\\/\\\/www.hosgreta.se\\\/shop\\\/shop\\\/\"},{\"@type\":\"ListItem\",\"position\":3,\"name\":\"Jellycat Bashful Cream Bunny Medium\"}]},{\"@type\":\"WebSite\",\"@id\":\"https:\\\/\\\/www.hosgreta.se\\\/shop\\\/#website\",\"url\":\"https:\\\/\\\/www.hosgreta.se\\\/shop\\\/\",\"name\":\"Hos Greta\",\"description\":\"Vi v\u00e4ljer ut v\u00e5ra varum\u00e4rken med stor omsorg.\",\"publisher\":{\"@id\":\"https:\\\/\\\/www.hosgreta.se\\\/shop\\\/#organization\"},\"potentialAction\":[{\"@type\":\"SearchAction\",\"target\":{\"@type\":\"EntryPoint\",\"urlTemplate\":\"https:\\\/\\\/www.hosgreta.se\\\/shop\\\/?s={search_term_string}\"},\"query-input\":{\"@type\":\"PropertyValueSpecification\",\"valueRequired\":true,\"valueName\":\"search_term_string\"}}],\"inLanguage\":\"sv-SE\"},{\"@type\":\"Organization\",\"@id\":\"https:\\\/\\\/www.hosgreta.se\\\/shop\\\/#organization\",\"name\":\"Hos Greta\",\"url\":\"https:\\\/\\\/www.hosgreta.se\\\/shop\\\/\",\"logo\":{\"@type\":\"ImageObject\",\"inLanguage\":\"sv-SE\",\"@id\":\"https:\\\/\\\/www.hosgreta.se\\\/shop\\\/#\\\/schema\\\/logo\\\/image\\\/\",\"url\":\"https:\\\/\\\/www.hosgreta.se\\\/shop\\\/wp-content\\\/uploads\\\/2018\\\/03\\\/Logo_HosGreta_svart.png\",\"contentUrl\":\"https:\\\/\\\/www.hosgreta.se\\\/shop\\\/wp-content\\\/uploads\\\/2018\\\/03\\\/Logo_HosGreta_svart.png\",\"width\":851,\"height\":851,\"caption\":\"Hos Greta\"},\"image\":{\"@id\":\"https:\\\/\\\/www.hosgreta.se\\\/shop\\\/#\\\/schema\\\/logo\\\/image\\\/\"},\"sameAs\":[\"https:\\\/\\\/www.facebook.com\\\/hosgreta\",\"https:\\\/\\\/www.instagram.com\\\/hosgreta\"]}]}<\/script>\n<!-- \/ Yoast SEO plugin. -->","yoast_head_json":{"title":"Jellycat Bashful Cream Bunny Medium, s\u00f6t benvit Kanin - Hos Greta","description":"Jellycat Bashful Cream Bunny Medium. Fin kanin i ljuvligt benvit nyans. Med sina fina uttrycksfulla \u00f6gon och s\u00f6ta rosa nos, har vi h\u00e4r en liten kompis att tycka mycket om, l\u00e4nge! Med h\u00e4rliga stora tassar och l\u00e5nga fluffiga \u00f6ron \u00e4r det h\u00e4r en riktig goding. Finns i flera storlekar.","robots":{"index":"index","follow":"follow","max-snippet":"max-snippet:-1","max-image-preview":"max-image-preview:large","max-video-preview":"max-video-preview:-1"},"canonical":"https:\/\/www.hosgreta.se\/shop\/produkt\/jellycat-bashful-cream-bunny-medium\/","og_locale":"sv_SE","og_type":"article","og_title":"Jellycat Bashful Cream Bunny Medium, s\u00f6t benvit Kanin - Hos Greta","og_description":"Jellycat Bashful Cream Bunny Medium. Fin kanin i ljuvligt benvit nyans. Med sina fina uttrycksfulla \u00f6gon och s\u00f6ta rosa nos, har vi h\u00e4r en liten kompis att tycka mycket om, l\u00e4nge! Med h\u00e4rliga stora tassar och l\u00e5nga fluffiga \u00f6ron \u00e4r det h\u00e4r en riktig goding. Finns i flera storlekar.","og_url":"https:\/\/www.hosgreta.se\/shop\/produkt\/jellycat-bashful-cream-bunny-medium\/","og_site_name":"Hos Greta","article_publisher":"https:\/\/www.facebook.com\/hosgreta","article_modified_time":"2024-11-09T11:53:50+00:00","og_image":[{"width":800,"height":800,"url":"https:\/\/www.hosgreta.se\/shop\/wp-content\/uploads\/2018\/03\/Jellycat-Bashful-Cream-Bunny-medium.jpg","type":"image\/jpeg"}],"twitter_card":"summary_large_image","schema":{"@context":"https:\/\/schema.org","@graph":[{"@type":"WebPage","@id":"https:\/\/www.hosgreta.se\/shop\/produkt\/jellycat-bashful-cream-bunny-medium\/","url":"https:\/\/www.hosgreta.se\/shop\/produkt\/jellycat-bashful-cream-bunny-medium\/","name":"Jellycat Bashful Cream Bunny Medium, s\u00f6t benvit Kanin - Hos Greta","isPartOf":{"@id":"https:\/\/www.hosgreta.se\/shop\/#website"},"primaryImageOfPage":{"@id":"https:\/\/www.hosgreta.se\/shop\/produkt\/jellycat-bashful-cream-bunny-medium\/#primaryimage"},"image":{"@id":"https:\/\/www.hosgreta.se\/shop\/produkt\/jellycat-bashful-cream-bunny-medium\/#primaryimage"},"thumbnailUrl":"https:\/\/www.hosgreta.se\/shop\/wp-content\/uploads\/2018\/03\/Jellycat-Bashful-Cream-Bunny-medium.jpg","datePublished":"2018-03-28T09:14:19+00:00","dateModified":"2024-11-09T11:53:50+00:00","description":"Jellycat Bashful Cream Bunny Medium. Fin kanin i ljuvligt benvit nyans. Med sina fina uttrycksfulla \u00f6gon och s\u00f6ta rosa nos, har vi h\u00e4r en liten kompis att tycka mycket om, l\u00e4nge! Med h\u00e4rliga stora tassar och l\u00e5nga fluffiga \u00f6ron \u00e4r det h\u00e4r en riktig goding. Finns i flera storlekar.","breadcrumb":{"@id":"https:\/\/www.hosgreta.se\/shop\/produkt\/jellycat-bashful-cream-bunny-medium\/#breadcrumb"},"inLanguage":"sv-SE","potentialAction":[{"@type":"ReadAction","target":["https:\/\/www.hosgreta.se\/shop\/produkt\/jellycat-bashful-cream-bunny-medium\/"]}]},{"@type":"ImageObject","inLanguage":"sv-SE","@id":"https:\/\/www.hosgreta.se\/shop\/produkt\/jellycat-bashful-cream-bunny-medium\/#primaryimage","url":"https:\/\/www.hosgreta.se\/shop\/wp-content\/uploads\/2018\/03\/Jellycat-Bashful-Cream-Bunny-medium.jpg","contentUrl":"https:\/\/www.hosgreta.se\/shop\/wp-content\/uploads\/2018\/03\/Jellycat-Bashful-Cream-Bunny-medium.jpg","width":800,"height":800,"caption":"Jellycat Bashful Cream Bunny Medium"},{"@type":"BreadcrumbList","@id":"https:\/\/www.hosgreta.se\/shop\/produkt\/jellycat-bashful-cream-bunny-medium\/#breadcrumb","itemListElement":[{"@type":"ListItem","position":1,"name":"Hem","item":"https:\/\/www.hosgreta.se\/shop\/"},{"@type":"ListItem","position":2,"name":"Shop","item":"https:\/\/www.hosgreta.se\/shop\/shop\/"},{"@type":"ListItem","position":3,"name":"Jellycat Bashful Cream Bunny Medium"}]},{"@type":"WebSite","@id":"https:\/\/www.hosgreta.se\/shop\/#website","url":"https:\/\/www.hosgreta.se\/shop\/","name":"Hos Greta","description":"Vi v\u00e4ljer ut v\u00e5ra varum\u00e4rken med stor omsorg.","publisher":{"@id":"https:\/\/www.hosgreta.se\/shop\/#organization"},"potentialAction":[{"@type":"SearchAction","target":{"@type":"EntryPoint","urlTemplate":"https:\/\/www.hosgreta.se\/shop\/?s={search_term_string}"},"query-input":{"@type":"PropertyValueSpecification","valueRequired":true,"valueName":"search_term_string"}}],"inLanguage":"sv-SE"},{"@type":"Organization","@id":"https:\/\/www.hosgreta.se\/shop\/#organization","name":"Hos Greta","url":"https:\/\/www.hosgreta.se\/shop\/","logo":{"@type":"ImageObject","inLanguage":"sv-SE","@id":"https:\/\/www.hosgreta.se\/shop\/#\/schema\/logo\/image\/","url":"https:\/\/www.hosgreta.se\/shop\/wp-content\/uploads\/2018\/03\/Logo_HosGreta_svart.png","contentUrl":"https:\/\/www.hosgreta.se\/shop\/wp-content\/uploads\/2018\/03\/Logo_HosGreta_svart.png","width":851,"height":851,"caption":"Hos Greta"},"image":{"@id":"https:\/\/www.hosgreta.se\/shop\/#\/schema\/logo\/image\/"},"sameAs":["https:\/\/www.facebook.com\/hosgreta","https:\/\/www.instagram.com\/hosgreta"]}]}},"kroconnect":{"tax_rate":25,"price_inc_vat":{"regular_price":379},"price_ex_vat":{"regular_price":303.2}},"brands":[{"id":181,"name":"Jellycat","slug":"jellycat"}],"_links":{"self":[{"href":"https:\/\/www.hosgreta.se\/shop\/wp-json\/wp\/v2\/product\/3581","targetHints":{"allow":["GET"]}}],"collection":[{"href":"https:\/\/www.hosgreta.se\/shop\/wp-json\/wp\/v2\/product"}],"about":[{"href":"https:\/\/www.hosgreta.se\/shop\/wp-json\/wp\/v2\/types\/product"}],"replies":[{"embeddable":true,"href":"https:\/\/www.hosgreta.se\/shop\/wp-json\/wp\/v2\/comments?post=3581"}],"wp:featuredmedia":[{"embeddable":true,"href":"https:\/\/www.hosgreta.se\/shop\/wp-json\/wp\/v2\/media\/12951"}],"wp:attachment":[{"href":"https:\/\/www.hosgreta.se\/shop\/wp-json\/wp\/v2\/media?parent=3581"}],"wp:term":[{"taxonomy":"pwb-brand","embeddable":true,"href":"https:\/\/www.hosgreta.se\/shop\/wp-json\/wp\/v2\/pwb-brand?post=3581"},{"taxonomy":"product_brand","embeddable":true,"href":"https:\/\/www.hosgreta.se\/shop\/wp-json\/wp\/v2\/product_brand?post=3581"},{"taxonomy":"product_cat","embeddable":true,"href":"https:\/\/www.hosgreta.se\/shop\/wp-json\/wp\/v2\/product_cat?post=3581"},{"taxonomy":"product_tag","embeddable":true,"href":"https:\/\/www.hosgreta.se\/shop\/wp-json\/wp\/v2\/product_tag?post=3581"}],"curies":[{"name":"wp","href":"https:\/\/api.w.org\/{rel}","templated":true}]}}