{"id":3603,"date":"2018-03-28T11:14:34","date_gmt":"2018-03-28T09:14:34","guid":{"rendered":"https:\/\/www.hosgreta.se\/shop\/produkt\/jellycat-cordy-roy-fox-medium\/"},"modified":"2025-02-17T14:48:06","modified_gmt":"2025-02-17T13:48:06","slug":"jellycat-cordy-roy-fox-medium","status":"publish","type":"product","link":"https:\/\/www.hosgreta.se\/shop\/produkt\/jellycat-cordy-roy-fox-medium\/","title":{"rendered":"Jellycat Cordy Roy Fox Medium"},"content":{"rendered":"<p>Jellycat Cordy Roy Fox Medium<br \/>\nH\u00f6jd: 38 cm<br \/>\nFr\u00e5n +0 m\u00e5nader<br \/>\n100% polyester<br \/>\nHandtv\u00e4tt<\/p>\n<p>Testade och \u00f6verensst\u00e4mmer med europeiska s\u00e4kerhetsstandarden: EN71 delar 1, 2 och 3 f\u00f6r alla \u00e5ldrar.<\/p>\n","protected":false},"excerpt":{"rendered":"<p>S\u00f6t och listig liten r\u00e4v som gillar att kramas.<\/p>\n","protected":false},"featured_media":12995,"comment_status":"closed","ping_status":"closed","template":"","meta":[],"pwb-brand":[181],"product_brand":[],"product_cat":[75,124],"product_tag":[],"class_list":{"0":"post-3603","1":"product","2":"type-product","3":"status-publish","4":"has-post-thumbnail","6":"pwb-brand-jellycat","7":"product_cat-barn","8":"product_cat-mjukdjur","10":"first","11":"outofstock","12":"taxable","13":"shipping-taxable","14":"purchasable","15":"product-type-simple"},"yoast_head":"<!-- This site is optimized with the Yoast SEO plugin v27.4 - https:\/\/yoast.com\/product\/yoast-seo-wordpress\/ -->\n<title>Jellycat Cordy Roy Fox Medium, en s\u00f6t och lurig R\u00e4v - Hos Greta<\/title>\n<meta name=\"description\" content=\"Jellycat Cordy Roy Fox Medium \u00e4r en s\u00f6t men listig liten lurig r\u00e4v som man inte alltid kan lita p\u00e5. Han gillar att luras men gillar ocks\u00e5 att vara sn\u00e4ll och bjuda p\u00e5 godis. Jellycat designar mjuka djur som ska vara lite udda och kn\u00e4ppa men otroligt charmiga.\" \/>\n<meta name=\"robots\" content=\"index, follow, max-snippet:-1, max-image-preview:large, max-video-preview:-1\" \/>\n<link rel=\"canonical\" href=\"https:\/\/www.hosgreta.se\/shop\/produkt\/jellycat-cordy-roy-fox-medium\/\" \/>\n<meta property=\"og:locale\" content=\"sv_SE\" \/>\n<meta property=\"og:type\" content=\"article\" \/>\n<meta property=\"og:title\" content=\"Jellycat Cordy Roy Fox Medium, en s\u00f6t och lurig R\u00e4v - Hos Greta\" \/>\n<meta property=\"og:description\" content=\"Jellycat Cordy Roy Fox Medium \u00e4r en s\u00f6t men listig liten lurig r\u00e4v som man inte alltid kan lita p\u00e5. Han gillar att luras men gillar ocks\u00e5 att vara sn\u00e4ll och bjuda p\u00e5 godis. Jellycat designar mjuka djur som ska vara lite udda och kn\u00e4ppa men otroligt charmiga.\" \/>\n<meta property=\"og:url\" content=\"https:\/\/www.hosgreta.se\/shop\/produkt\/jellycat-cordy-roy-fox-medium\/\" \/>\n<meta property=\"og:site_name\" content=\"Hos Greta\" \/>\n<meta property=\"article:publisher\" content=\"https:\/\/www.facebook.com\/hosgreta\" \/>\n<meta property=\"article:modified_time\" content=\"2025-02-17T13:48:06+00:00\" \/>\n<meta property=\"og:image\" content=\"https:\/\/www.hosgreta.se\/shop\/wp-content\/uploads\/2018\/03\/Jellycat-Cordy-Roy-Fox-medium.jpg\" \/>\n\t<meta property=\"og:image:width\" content=\"800\" \/>\n\t<meta property=\"og:image:height\" content=\"800\" \/>\n\t<meta property=\"og:image:type\" content=\"image\/jpeg\" \/>\n<meta name=\"twitter:card\" content=\"summary_large_image\" \/>\n<script type=\"application\/ld+json\" class=\"yoast-schema-graph\">{\"@context\":\"https:\\\/\\\/schema.org\",\"@graph\":[{\"@type\":\"WebPage\",\"@id\":\"https:\\\/\\\/www.hosgreta.se\\\/shop\\\/produkt\\\/jellycat-cordy-roy-fox-medium\\\/\",\"url\":\"https:\\\/\\\/www.hosgreta.se\\\/shop\\\/produkt\\\/jellycat-cordy-roy-fox-medium\\\/\",\"name\":\"Jellycat Cordy Roy Fox Medium, en s\u00f6t och lurig R\u00e4v - Hos Greta\",\"isPartOf\":{\"@id\":\"https:\\\/\\\/www.hosgreta.se\\\/shop\\\/#website\"},\"primaryImageOfPage\":{\"@id\":\"https:\\\/\\\/www.hosgreta.se\\\/shop\\\/produkt\\\/jellycat-cordy-roy-fox-medium\\\/#primaryimage\"},\"image\":{\"@id\":\"https:\\\/\\\/www.hosgreta.se\\\/shop\\\/produkt\\\/jellycat-cordy-roy-fox-medium\\\/#primaryimage\"},\"thumbnailUrl\":\"https:\\\/\\\/www.hosgreta.se\\\/shop\\\/wp-content\\\/uploads\\\/2018\\\/03\\\/Jellycat-Cordy-Roy-Fox-medium.jpg\",\"datePublished\":\"2018-03-28T09:14:34+00:00\",\"dateModified\":\"2025-02-17T13:48:06+00:00\",\"description\":\"Jellycat Cordy Roy Fox Medium \u00e4r en s\u00f6t men listig liten lurig r\u00e4v som man inte alltid kan lita p\u00e5. Han gillar att luras men gillar ocks\u00e5 att vara sn\u00e4ll och bjuda p\u00e5 godis. Jellycat designar mjuka djur som ska vara lite udda och kn\u00e4ppa men otroligt charmiga.\",\"breadcrumb\":{\"@id\":\"https:\\\/\\\/www.hosgreta.se\\\/shop\\\/produkt\\\/jellycat-cordy-roy-fox-medium\\\/#breadcrumb\"},\"inLanguage\":\"sv-SE\",\"potentialAction\":[{\"@type\":\"ReadAction\",\"target\":[\"https:\\\/\\\/www.hosgreta.se\\\/shop\\\/produkt\\\/jellycat-cordy-roy-fox-medium\\\/\"]}]},{\"@type\":\"ImageObject\",\"inLanguage\":\"sv-SE\",\"@id\":\"https:\\\/\\\/www.hosgreta.se\\\/shop\\\/produkt\\\/jellycat-cordy-roy-fox-medium\\\/#primaryimage\",\"url\":\"https:\\\/\\\/www.hosgreta.se\\\/shop\\\/wp-content\\\/uploads\\\/2018\\\/03\\\/Jellycat-Cordy-Roy-Fox-medium.jpg\",\"contentUrl\":\"https:\\\/\\\/www.hosgreta.se\\\/shop\\\/wp-content\\\/uploads\\\/2018\\\/03\\\/Jellycat-Cordy-Roy-Fox-medium.jpg\",\"width\":800,\"height\":800,\"caption\":\"Jellycat Cordy Roy Fox Medium\"},{\"@type\":\"BreadcrumbList\",\"@id\":\"https:\\\/\\\/www.hosgreta.se\\\/shop\\\/produkt\\\/jellycat-cordy-roy-fox-medium\\\/#breadcrumb\",\"itemListElement\":[{\"@type\":\"ListItem\",\"position\":1,\"name\":\"Hem\",\"item\":\"https:\\\/\\\/www.hosgreta.se\\\/shop\\\/\"},{\"@type\":\"ListItem\",\"position\":2,\"name\":\"Shop\",\"item\":\"https:\\\/\\\/www.hosgreta.se\\\/shop\\\/shop\\\/\"},{\"@type\":\"ListItem\",\"position\":3,\"name\":\"Jellycat Cordy Roy Fox Medium\"}]},{\"@type\":\"WebSite\",\"@id\":\"https:\\\/\\\/www.hosgreta.se\\\/shop\\\/#website\",\"url\":\"https:\\\/\\\/www.hosgreta.se\\\/shop\\\/\",\"name\":\"Hos Greta\",\"description\":\"Vi v\u00e4ljer ut v\u00e5ra varum\u00e4rken med stor omsorg.\",\"publisher\":{\"@id\":\"https:\\\/\\\/www.hosgreta.se\\\/shop\\\/#organization\"},\"potentialAction\":[{\"@type\":\"SearchAction\",\"target\":{\"@type\":\"EntryPoint\",\"urlTemplate\":\"https:\\\/\\\/www.hosgreta.se\\\/shop\\\/?s={search_term_string}\"},\"query-input\":{\"@type\":\"PropertyValueSpecification\",\"valueRequired\":true,\"valueName\":\"search_term_string\"}}],\"inLanguage\":\"sv-SE\"},{\"@type\":\"Organization\",\"@id\":\"https:\\\/\\\/www.hosgreta.se\\\/shop\\\/#organization\",\"name\":\"Hos Greta\",\"url\":\"https:\\\/\\\/www.hosgreta.se\\\/shop\\\/\",\"logo\":{\"@type\":\"ImageObject\",\"inLanguage\":\"sv-SE\",\"@id\":\"https:\\\/\\\/www.hosgreta.se\\\/shop\\\/#\\\/schema\\\/logo\\\/image\\\/\",\"url\":\"https:\\\/\\\/www.hosgreta.se\\\/shop\\\/wp-content\\\/uploads\\\/2018\\\/03\\\/Logo_HosGreta_svart.png\",\"contentUrl\":\"https:\\\/\\\/www.hosgreta.se\\\/shop\\\/wp-content\\\/uploads\\\/2018\\\/03\\\/Logo_HosGreta_svart.png\",\"width\":851,\"height\":851,\"caption\":\"Hos Greta\"},\"image\":{\"@id\":\"https:\\\/\\\/www.hosgreta.se\\\/shop\\\/#\\\/schema\\\/logo\\\/image\\\/\"},\"sameAs\":[\"https:\\\/\\\/www.facebook.com\\\/hosgreta\",\"https:\\\/\\\/www.instagram.com\\\/hosgreta\"]}]}<\/script>\n<!-- \/ Yoast SEO plugin. -->","yoast_head_json":{"title":"Jellycat Cordy Roy Fox Medium, en s\u00f6t och lurig R\u00e4v - Hos Greta","description":"Jellycat Cordy Roy Fox Medium \u00e4r en s\u00f6t men listig liten lurig r\u00e4v som man inte alltid kan lita p\u00e5. Han gillar att luras men gillar ocks\u00e5 att vara sn\u00e4ll och bjuda p\u00e5 godis. Jellycat designar mjuka djur som ska vara lite udda och kn\u00e4ppa men otroligt charmiga.","robots":{"index":"index","follow":"follow","max-snippet":"max-snippet:-1","max-image-preview":"max-image-preview:large","max-video-preview":"max-video-preview:-1"},"canonical":"https:\/\/www.hosgreta.se\/shop\/produkt\/jellycat-cordy-roy-fox-medium\/","og_locale":"sv_SE","og_type":"article","og_title":"Jellycat Cordy Roy Fox Medium, en s\u00f6t och lurig R\u00e4v - Hos Greta","og_description":"Jellycat Cordy Roy Fox Medium \u00e4r en s\u00f6t men listig liten lurig r\u00e4v som man inte alltid kan lita p\u00e5. Han gillar att luras men gillar ocks\u00e5 att vara sn\u00e4ll och bjuda p\u00e5 godis. Jellycat designar mjuka djur som ska vara lite udda och kn\u00e4ppa men otroligt charmiga.","og_url":"https:\/\/www.hosgreta.se\/shop\/produkt\/jellycat-cordy-roy-fox-medium\/","og_site_name":"Hos Greta","article_publisher":"https:\/\/www.facebook.com\/hosgreta","article_modified_time":"2025-02-17T13:48:06+00:00","og_image":[{"width":800,"height":800,"url":"https:\/\/www.hosgreta.se\/shop\/wp-content\/uploads\/2018\/03\/Jellycat-Cordy-Roy-Fox-medium.jpg","type":"image\/jpeg"}],"twitter_card":"summary_large_image","schema":{"@context":"https:\/\/schema.org","@graph":[{"@type":"WebPage","@id":"https:\/\/www.hosgreta.se\/shop\/produkt\/jellycat-cordy-roy-fox-medium\/","url":"https:\/\/www.hosgreta.se\/shop\/produkt\/jellycat-cordy-roy-fox-medium\/","name":"Jellycat Cordy Roy Fox Medium, en s\u00f6t och lurig R\u00e4v - Hos Greta","isPartOf":{"@id":"https:\/\/www.hosgreta.se\/shop\/#website"},"primaryImageOfPage":{"@id":"https:\/\/www.hosgreta.se\/shop\/produkt\/jellycat-cordy-roy-fox-medium\/#primaryimage"},"image":{"@id":"https:\/\/www.hosgreta.se\/shop\/produkt\/jellycat-cordy-roy-fox-medium\/#primaryimage"},"thumbnailUrl":"https:\/\/www.hosgreta.se\/shop\/wp-content\/uploads\/2018\/03\/Jellycat-Cordy-Roy-Fox-medium.jpg","datePublished":"2018-03-28T09:14:34+00:00","dateModified":"2025-02-17T13:48:06+00:00","description":"Jellycat Cordy Roy Fox Medium \u00e4r en s\u00f6t men listig liten lurig r\u00e4v som man inte alltid kan lita p\u00e5. Han gillar att luras men gillar ocks\u00e5 att vara sn\u00e4ll och bjuda p\u00e5 godis. Jellycat designar mjuka djur som ska vara lite udda och kn\u00e4ppa men otroligt charmiga.","breadcrumb":{"@id":"https:\/\/www.hosgreta.se\/shop\/produkt\/jellycat-cordy-roy-fox-medium\/#breadcrumb"},"inLanguage":"sv-SE","potentialAction":[{"@type":"ReadAction","target":["https:\/\/www.hosgreta.se\/shop\/produkt\/jellycat-cordy-roy-fox-medium\/"]}]},{"@type":"ImageObject","inLanguage":"sv-SE","@id":"https:\/\/www.hosgreta.se\/shop\/produkt\/jellycat-cordy-roy-fox-medium\/#primaryimage","url":"https:\/\/www.hosgreta.se\/shop\/wp-content\/uploads\/2018\/03\/Jellycat-Cordy-Roy-Fox-medium.jpg","contentUrl":"https:\/\/www.hosgreta.se\/shop\/wp-content\/uploads\/2018\/03\/Jellycat-Cordy-Roy-Fox-medium.jpg","width":800,"height":800,"caption":"Jellycat Cordy Roy Fox Medium"},{"@type":"BreadcrumbList","@id":"https:\/\/www.hosgreta.se\/shop\/produkt\/jellycat-cordy-roy-fox-medium\/#breadcrumb","itemListElement":[{"@type":"ListItem","position":1,"name":"Hem","item":"https:\/\/www.hosgreta.se\/shop\/"},{"@type":"ListItem","position":2,"name":"Shop","item":"https:\/\/www.hosgreta.se\/shop\/shop\/"},{"@type":"ListItem","position":3,"name":"Jellycat Cordy Roy Fox Medium"}]},{"@type":"WebSite","@id":"https:\/\/www.hosgreta.se\/shop\/#website","url":"https:\/\/www.hosgreta.se\/shop\/","name":"Hos Greta","description":"Vi v\u00e4ljer ut v\u00e5ra varum\u00e4rken med stor omsorg.","publisher":{"@id":"https:\/\/www.hosgreta.se\/shop\/#organization"},"potentialAction":[{"@type":"SearchAction","target":{"@type":"EntryPoint","urlTemplate":"https:\/\/www.hosgreta.se\/shop\/?s={search_term_string}"},"query-input":{"@type":"PropertyValueSpecification","valueRequired":true,"valueName":"search_term_string"}}],"inLanguage":"sv-SE"},{"@type":"Organization","@id":"https:\/\/www.hosgreta.se\/shop\/#organization","name":"Hos Greta","url":"https:\/\/www.hosgreta.se\/shop\/","logo":{"@type":"ImageObject","inLanguage":"sv-SE","@id":"https:\/\/www.hosgreta.se\/shop\/#\/schema\/logo\/image\/","url":"https:\/\/www.hosgreta.se\/shop\/wp-content\/uploads\/2018\/03\/Logo_HosGreta_svart.png","contentUrl":"https:\/\/www.hosgreta.se\/shop\/wp-content\/uploads\/2018\/03\/Logo_HosGreta_svart.png","width":851,"height":851,"caption":"Hos Greta"},"image":{"@id":"https:\/\/www.hosgreta.se\/shop\/#\/schema\/logo\/image\/"},"sameAs":["https:\/\/www.facebook.com\/hosgreta","https:\/\/www.instagram.com\/hosgreta"]}]}},"kroconnect":{"tax_rate":25,"price_inc_vat":{"regular_price":429},"price_ex_vat":{"regular_price":343.2}},"brands":[{"id":181,"name":"Jellycat","slug":"jellycat"}],"_links":{"self":[{"href":"https:\/\/www.hosgreta.se\/shop\/wp-json\/wp\/v2\/product\/3603","targetHints":{"allow":["GET"]}}],"collection":[{"href":"https:\/\/www.hosgreta.se\/shop\/wp-json\/wp\/v2\/product"}],"about":[{"href":"https:\/\/www.hosgreta.se\/shop\/wp-json\/wp\/v2\/types\/product"}],"replies":[{"embeddable":true,"href":"https:\/\/www.hosgreta.se\/shop\/wp-json\/wp\/v2\/comments?post=3603"}],"wp:featuredmedia":[{"embeddable":true,"href":"https:\/\/www.hosgreta.se\/shop\/wp-json\/wp\/v2\/media\/12995"}],"wp:attachment":[{"href":"https:\/\/www.hosgreta.se\/shop\/wp-json\/wp\/v2\/media?parent=3603"}],"wp:term":[{"taxonomy":"pwb-brand","embeddable":true,"href":"https:\/\/www.hosgreta.se\/shop\/wp-json\/wp\/v2\/pwb-brand?post=3603"},{"taxonomy":"product_brand","embeddable":true,"href":"https:\/\/www.hosgreta.se\/shop\/wp-json\/wp\/v2\/product_brand?post=3603"},{"taxonomy":"product_cat","embeddable":true,"href":"https:\/\/www.hosgreta.se\/shop\/wp-json\/wp\/v2\/product_cat?post=3603"},{"taxonomy":"product_tag","embeddable":true,"href":"https:\/\/www.hosgreta.se\/shop\/wp-json\/wp\/v2\/product_tag?post=3603"}],"curies":[{"name":"wp","href":"https:\/\/api.w.org\/{rel}","templated":true}]}}