{"id":363830,"date":"2022-09-17T13:42:42","date_gmt":"2022-09-17T11:42:42","guid":{"rendered":"https:\/\/www.hosgreta.se\/shop\/?post_type=product&#038;p=363830"},"modified":"2024-03-30T10:59:58","modified_gmt":"2024-03-30T09:59:58","slug":"rubens-ecobuds-klader-summer","status":"publish","type":"product","link":"https:\/\/www.hosgreta.se\/shop\/produkt\/rubens-ecobuds-klader-summer\/","title":{"rendered":"Rubens EcoBuds Kl\u00e4der Summer"},"content":{"rendered":"<p>Lek\u00e5lder: 3+<br \/>\nMaterial: Textil<br \/>\nTv\u00e4ttr\u00e5d: Endast handtv\u00e4tt<\/p>\n","protected":false},"excerpt":{"rendered":"<p>Sommarsetet f\u00f6r Rubens EcoBuds-dockan \u00e4r perfekt f\u00f6r sommarutflykter i soliga, gr\u00f6na och blomstrande landskap. I setet ing\u00e5r:<br \/>\n&#8211; En kl\u00e4nning i puderrosa<br \/>\n&#8211; Ett gr\u00f6nt h\u00e5rband med rosett<\/p>\n<p>Ge din Rubens EcoBuds-docka en ny stil genom att mixa och matcha olika dockkl\u00e4der fr\u00e5n Rubens EcoBuds-kollektionen.<\/p>\n<p>Alla Rubens Barns docktillbeh\u00f6r och dockkl\u00e4der \u00e4r designade i Sverige. De \u00e4r designade f\u00f6r att ge barn chansen att ut\u00f6va kreativitet, omtanke och empati genom rollek.<\/p>\n","protected":false},"featured_media":364333,"comment_status":"closed","ping_status":"closed","template":"","meta":[],"pwb-brand":[207],"product_brand":[],"product_cat":[75,163],"product_tag":[],"class_list":{"0":"post-363830","1":"product","2":"type-product","3":"status-publish","4":"has-post-thumbnail","6":"pwb-brand-rubens-barn","7":"product_cat-barn","8":"product_cat-dockor","10":"first","11":"outofstock","12":"taxable","13":"shipping-taxable","14":"purchasable","15":"product-type-simple"},"yoast_head":"<!-- This site is optimized with the Yoast SEO plugin v27.4 - https:\/\/yoast.com\/product\/yoast-seo-wordpress\/ -->\n<title>Rubens EcoBuds Kl\u00e4der Summer - Hos Greta<\/title>\n<meta name=\"robots\" content=\"index, follow, max-snippet:-1, max-image-preview:large, max-video-preview:-1\" \/>\n<link rel=\"canonical\" href=\"https:\/\/www.hosgreta.se\/shop\/produkt\/rubens-ecobuds-klader-summer\/\" \/>\n<meta property=\"og:locale\" content=\"sv_SE\" \/>\n<meta property=\"og:type\" content=\"article\" \/>\n<meta property=\"og:title\" content=\"Rubens EcoBuds Kl\u00e4der Summer - Hos Greta\" \/>\n<meta property=\"og:description\" content=\"Sommarsetet f\u00f6r Rubens EcoBuds-dockan \u00e4r perfekt f\u00f6r sommarutflykter i soliga, gr\u00f6na och blomstrande landskap. I setet ing\u00e5r: - En kl\u00e4nning i puderrosa - Ett gr\u00f6nt h\u00e5rband med rosett Ge din Rubens EcoBuds-docka en ny stil genom att mixa och matcha olika dockkl\u00e4der fr\u00e5n Rubens EcoBuds-kollektionen. Alla Rubens Barns docktillbeh\u00f6r och dockkl\u00e4der \u00e4r designade i Sverige. De \u00e4r designade f\u00f6r att ge barn chansen att ut\u00f6va kreativitet, omtanke och empati genom rollek.\" \/>\n<meta property=\"og:url\" content=\"https:\/\/www.hosgreta.se\/shop\/produkt\/rubens-ecobuds-klader-summer\/\" \/>\n<meta property=\"og:site_name\" content=\"Hos Greta\" \/>\n<meta property=\"article:publisher\" content=\"https:\/\/www.facebook.com\/hosgreta\" \/>\n<meta property=\"article:modified_time\" content=\"2024-03-30T09:59:58+00:00\" \/>\n<meta property=\"og:image\" content=\"https:\/\/www.hosgreta.se\/shop\/wp-content\/uploads\/2022\/09\/Rubens-EcoBuds-Klader-Summer.jpg\" \/>\n\t<meta property=\"og:image:width\" content=\"800\" \/>\n\t<meta property=\"og:image:height\" content=\"800\" \/>\n\t<meta property=\"og:image:type\" content=\"image\/jpeg\" \/>\n<meta name=\"twitter:card\" content=\"summary_large_image\" \/>\n<script type=\"application\/ld+json\" class=\"yoast-schema-graph\">{\"@context\":\"https:\\\/\\\/schema.org\",\"@graph\":[{\"@type\":\"WebPage\",\"@id\":\"https:\\\/\\\/www.hosgreta.se\\\/shop\\\/produkt\\\/rubens-ecobuds-klader-summer\\\/\",\"url\":\"https:\\\/\\\/www.hosgreta.se\\\/shop\\\/produkt\\\/rubens-ecobuds-klader-summer\\\/\",\"name\":\"Rubens EcoBuds Kl\u00e4der Summer - Hos Greta\",\"isPartOf\":{\"@id\":\"https:\\\/\\\/www.hosgreta.se\\\/shop\\\/#website\"},\"primaryImageOfPage\":{\"@id\":\"https:\\\/\\\/www.hosgreta.se\\\/shop\\\/produkt\\\/rubens-ecobuds-klader-summer\\\/#primaryimage\"},\"image\":{\"@id\":\"https:\\\/\\\/www.hosgreta.se\\\/shop\\\/produkt\\\/rubens-ecobuds-klader-summer\\\/#primaryimage\"},\"thumbnailUrl\":\"https:\\\/\\\/www.hosgreta.se\\\/shop\\\/wp-content\\\/uploads\\\/2022\\\/09\\\/Rubens-EcoBuds-Klader-Summer.jpg\",\"datePublished\":\"2022-09-17T11:42:42+00:00\",\"dateModified\":\"2024-03-30T09:59:58+00:00\",\"breadcrumb\":{\"@id\":\"https:\\\/\\\/www.hosgreta.se\\\/shop\\\/produkt\\\/rubens-ecobuds-klader-summer\\\/#breadcrumb\"},\"inLanguage\":\"sv-SE\",\"potentialAction\":[{\"@type\":\"ReadAction\",\"target\":[\"https:\\\/\\\/www.hosgreta.se\\\/shop\\\/produkt\\\/rubens-ecobuds-klader-summer\\\/\"]}]},{\"@type\":\"ImageObject\",\"inLanguage\":\"sv-SE\",\"@id\":\"https:\\\/\\\/www.hosgreta.se\\\/shop\\\/produkt\\\/rubens-ecobuds-klader-summer\\\/#primaryimage\",\"url\":\"https:\\\/\\\/www.hosgreta.se\\\/shop\\\/wp-content\\\/uploads\\\/2022\\\/09\\\/Rubens-EcoBuds-Klader-Summer.jpg\",\"contentUrl\":\"https:\\\/\\\/www.hosgreta.se\\\/shop\\\/wp-content\\\/uploads\\\/2022\\\/09\\\/Rubens-EcoBuds-Klader-Summer.jpg\",\"width\":800,\"height\":800,\"caption\":\"Rubens EcoBuds Kl\u00e4der Summer\"},{\"@type\":\"BreadcrumbList\",\"@id\":\"https:\\\/\\\/www.hosgreta.se\\\/shop\\\/produkt\\\/rubens-ecobuds-klader-summer\\\/#breadcrumb\",\"itemListElement\":[{\"@type\":\"ListItem\",\"position\":1,\"name\":\"Hem\",\"item\":\"https:\\\/\\\/www.hosgreta.se\\\/shop\\\/\"},{\"@type\":\"ListItem\",\"position\":2,\"name\":\"Shop\",\"item\":\"https:\\\/\\\/www.hosgreta.se\\\/shop\\\/shop\\\/\"},{\"@type\":\"ListItem\",\"position\":3,\"name\":\"Rubens EcoBuds Kl\u00e4der Summer\"}]},{\"@type\":\"WebSite\",\"@id\":\"https:\\\/\\\/www.hosgreta.se\\\/shop\\\/#website\",\"url\":\"https:\\\/\\\/www.hosgreta.se\\\/shop\\\/\",\"name\":\"Hos Greta\",\"description\":\"Vi v\u00e4ljer ut v\u00e5ra varum\u00e4rken med stor omsorg.\",\"publisher\":{\"@id\":\"https:\\\/\\\/www.hosgreta.se\\\/shop\\\/#organization\"},\"potentialAction\":[{\"@type\":\"SearchAction\",\"target\":{\"@type\":\"EntryPoint\",\"urlTemplate\":\"https:\\\/\\\/www.hosgreta.se\\\/shop\\\/?s={search_term_string}\"},\"query-input\":{\"@type\":\"PropertyValueSpecification\",\"valueRequired\":true,\"valueName\":\"search_term_string\"}}],\"inLanguage\":\"sv-SE\"},{\"@type\":\"Organization\",\"@id\":\"https:\\\/\\\/www.hosgreta.se\\\/shop\\\/#organization\",\"name\":\"Hos Greta\",\"url\":\"https:\\\/\\\/www.hosgreta.se\\\/shop\\\/\",\"logo\":{\"@type\":\"ImageObject\",\"inLanguage\":\"sv-SE\",\"@id\":\"https:\\\/\\\/www.hosgreta.se\\\/shop\\\/#\\\/schema\\\/logo\\\/image\\\/\",\"url\":\"https:\\\/\\\/www.hosgreta.se\\\/shop\\\/wp-content\\\/uploads\\\/2018\\\/03\\\/Logo_HosGreta_svart.png\",\"contentUrl\":\"https:\\\/\\\/www.hosgreta.se\\\/shop\\\/wp-content\\\/uploads\\\/2018\\\/03\\\/Logo_HosGreta_svart.png\",\"width\":851,\"height\":851,\"caption\":\"Hos Greta\"},\"image\":{\"@id\":\"https:\\\/\\\/www.hosgreta.se\\\/shop\\\/#\\\/schema\\\/logo\\\/image\\\/\"},\"sameAs\":[\"https:\\\/\\\/www.facebook.com\\\/hosgreta\",\"https:\\\/\\\/www.instagram.com\\\/hosgreta\"]}]}<\/script>\n<!-- \/ Yoast SEO plugin. -->","yoast_head_json":{"title":"Rubens EcoBuds Kl\u00e4der Summer - Hos Greta","robots":{"index":"index","follow":"follow","max-snippet":"max-snippet:-1","max-image-preview":"max-image-preview:large","max-video-preview":"max-video-preview:-1"},"canonical":"https:\/\/www.hosgreta.se\/shop\/produkt\/rubens-ecobuds-klader-summer\/","og_locale":"sv_SE","og_type":"article","og_title":"Rubens EcoBuds Kl\u00e4der Summer - Hos Greta","og_description":"Sommarsetet f\u00f6r Rubens EcoBuds-dockan \u00e4r perfekt f\u00f6r sommarutflykter i soliga, gr\u00f6na och blomstrande landskap. I setet ing\u00e5r: - En kl\u00e4nning i puderrosa - Ett gr\u00f6nt h\u00e5rband med rosett Ge din Rubens EcoBuds-docka en ny stil genom att mixa och matcha olika dockkl\u00e4der fr\u00e5n Rubens EcoBuds-kollektionen. Alla Rubens Barns docktillbeh\u00f6r och dockkl\u00e4der \u00e4r designade i Sverige. De \u00e4r designade f\u00f6r att ge barn chansen att ut\u00f6va kreativitet, omtanke och empati genom rollek.","og_url":"https:\/\/www.hosgreta.se\/shop\/produkt\/rubens-ecobuds-klader-summer\/","og_site_name":"Hos Greta","article_publisher":"https:\/\/www.facebook.com\/hosgreta","article_modified_time":"2024-03-30T09:59:58+00:00","og_image":[{"width":800,"height":800,"url":"https:\/\/www.hosgreta.se\/shop\/wp-content\/uploads\/2022\/09\/Rubens-EcoBuds-Klader-Summer.jpg","type":"image\/jpeg"}],"twitter_card":"summary_large_image","schema":{"@context":"https:\/\/schema.org","@graph":[{"@type":"WebPage","@id":"https:\/\/www.hosgreta.se\/shop\/produkt\/rubens-ecobuds-klader-summer\/","url":"https:\/\/www.hosgreta.se\/shop\/produkt\/rubens-ecobuds-klader-summer\/","name":"Rubens EcoBuds Kl\u00e4der Summer - Hos Greta","isPartOf":{"@id":"https:\/\/www.hosgreta.se\/shop\/#website"},"primaryImageOfPage":{"@id":"https:\/\/www.hosgreta.se\/shop\/produkt\/rubens-ecobuds-klader-summer\/#primaryimage"},"image":{"@id":"https:\/\/www.hosgreta.se\/shop\/produkt\/rubens-ecobuds-klader-summer\/#primaryimage"},"thumbnailUrl":"https:\/\/www.hosgreta.se\/shop\/wp-content\/uploads\/2022\/09\/Rubens-EcoBuds-Klader-Summer.jpg","datePublished":"2022-09-17T11:42:42+00:00","dateModified":"2024-03-30T09:59:58+00:00","breadcrumb":{"@id":"https:\/\/www.hosgreta.se\/shop\/produkt\/rubens-ecobuds-klader-summer\/#breadcrumb"},"inLanguage":"sv-SE","potentialAction":[{"@type":"ReadAction","target":["https:\/\/www.hosgreta.se\/shop\/produkt\/rubens-ecobuds-klader-summer\/"]}]},{"@type":"ImageObject","inLanguage":"sv-SE","@id":"https:\/\/www.hosgreta.se\/shop\/produkt\/rubens-ecobuds-klader-summer\/#primaryimage","url":"https:\/\/www.hosgreta.se\/shop\/wp-content\/uploads\/2022\/09\/Rubens-EcoBuds-Klader-Summer.jpg","contentUrl":"https:\/\/www.hosgreta.se\/shop\/wp-content\/uploads\/2022\/09\/Rubens-EcoBuds-Klader-Summer.jpg","width":800,"height":800,"caption":"Rubens EcoBuds Kl\u00e4der Summer"},{"@type":"BreadcrumbList","@id":"https:\/\/www.hosgreta.se\/shop\/produkt\/rubens-ecobuds-klader-summer\/#breadcrumb","itemListElement":[{"@type":"ListItem","position":1,"name":"Hem","item":"https:\/\/www.hosgreta.se\/shop\/"},{"@type":"ListItem","position":2,"name":"Shop","item":"https:\/\/www.hosgreta.se\/shop\/shop\/"},{"@type":"ListItem","position":3,"name":"Rubens EcoBuds Kl\u00e4der Summer"}]},{"@type":"WebSite","@id":"https:\/\/www.hosgreta.se\/shop\/#website","url":"https:\/\/www.hosgreta.se\/shop\/","name":"Hos Greta","description":"Vi v\u00e4ljer ut v\u00e5ra varum\u00e4rken med stor omsorg.","publisher":{"@id":"https:\/\/www.hosgreta.se\/shop\/#organization"},"potentialAction":[{"@type":"SearchAction","target":{"@type":"EntryPoint","urlTemplate":"https:\/\/www.hosgreta.se\/shop\/?s={search_term_string}"},"query-input":{"@type":"PropertyValueSpecification","valueRequired":true,"valueName":"search_term_string"}}],"inLanguage":"sv-SE"},{"@type":"Organization","@id":"https:\/\/www.hosgreta.se\/shop\/#organization","name":"Hos Greta","url":"https:\/\/www.hosgreta.se\/shop\/","logo":{"@type":"ImageObject","inLanguage":"sv-SE","@id":"https:\/\/www.hosgreta.se\/shop\/#\/schema\/logo\/image\/","url":"https:\/\/www.hosgreta.se\/shop\/wp-content\/uploads\/2018\/03\/Logo_HosGreta_svart.png","contentUrl":"https:\/\/www.hosgreta.se\/shop\/wp-content\/uploads\/2018\/03\/Logo_HosGreta_svart.png","width":851,"height":851,"caption":"Hos Greta"},"image":{"@id":"https:\/\/www.hosgreta.se\/shop\/#\/schema\/logo\/image\/"},"sameAs":["https:\/\/www.facebook.com\/hosgreta","https:\/\/www.instagram.com\/hosgreta"]}]}},"kroconnect":{"tax_rate":25,"price_inc_vat":{"regular_price":229},"price_ex_vat":{"regular_price":183.2}},"brands":[{"id":207,"name":"Rubens Barn","slug":"rubens-barn"}],"_links":{"self":[{"href":"https:\/\/www.hosgreta.se\/shop\/wp-json\/wp\/v2\/product\/363830","targetHints":{"allow":["GET"]}}],"collection":[{"href":"https:\/\/www.hosgreta.se\/shop\/wp-json\/wp\/v2\/product"}],"about":[{"href":"https:\/\/www.hosgreta.se\/shop\/wp-json\/wp\/v2\/types\/product"}],"replies":[{"embeddable":true,"href":"https:\/\/www.hosgreta.se\/shop\/wp-json\/wp\/v2\/comments?post=363830"}],"wp:featuredmedia":[{"embeddable":true,"href":"https:\/\/www.hosgreta.se\/shop\/wp-json\/wp\/v2\/media\/364333"}],"wp:attachment":[{"href":"https:\/\/www.hosgreta.se\/shop\/wp-json\/wp\/v2\/media?parent=363830"}],"wp:term":[{"taxonomy":"pwb-brand","embeddable":true,"href":"https:\/\/www.hosgreta.se\/shop\/wp-json\/wp\/v2\/pwb-brand?post=363830"},{"taxonomy":"product_brand","embeddable":true,"href":"https:\/\/www.hosgreta.se\/shop\/wp-json\/wp\/v2\/product_brand?post=363830"},{"taxonomy":"product_cat","embeddable":true,"href":"https:\/\/www.hosgreta.se\/shop\/wp-json\/wp\/v2\/product_cat?post=363830"},{"taxonomy":"product_tag","embeddable":true,"href":"https:\/\/www.hosgreta.se\/shop\/wp-json\/wp\/v2\/product_tag?post=363830"}],"curies":[{"name":"wp","href":"https:\/\/api.w.org\/{rel}","templated":true}]}}