{"id":363833,"date":"2022-09-17T13:43:39","date_gmt":"2022-09-17T11:43:39","guid":{"rendered":"https:\/\/www.hosgreta.se\/shop\/?post_type=product&#038;p=363833"},"modified":"2026-02-11T12:42:01","modified_gmt":"2026-02-11T11:42:01","slug":"rubens-ecobuds-klader-autumn","status":"publish","type":"product","link":"https:\/\/www.hosgreta.se\/shop\/produkt\/rubens-ecobuds-klader-autumn\/","title":{"rendered":"Rubens EcoBuds Kl\u00e4der Autumn -30%"},"content":{"rendered":"<p>Lek\u00e5lder: 3+<br \/>\nMaterial: Textil<br \/>\nTv\u00e4ttr\u00e5d: Endast handtv\u00e4tt<\/p>\n","protected":false},"excerpt":{"rendered":"<p>H\u00f6stsetet f\u00f6r Rubens EcoBuds-dockan \u00e4r det perfekta kl\u00e4dvalet f\u00f6r h\u00f6stens omv\u00e4xlande v\u00e4der. I setet ing\u00e5r:<br \/>\n&#8211; En varm och sk\u00f6n, rostf\u00e4rgad poncho<br \/>\n&#8211; En mjuk, gr\u00e5, stickad halsduk<\/p>\n<p>Ge din Rubens EcoBuds-docka en ny stil genom att mixa och matcha olika dockkl\u00e4der fr\u00e5n Rubens EcoBuds-kollektionen.<\/p>\n<p>Alla Rubens Barns docktillbeh\u00f6r och dockkl\u00e4der \u00e4r designade i Sverige. De \u00e4r designade f\u00f6r att ge barn chansen att ut\u00f6va kreativitet, omtanke och empati genom rollek.<\/p>\n","protected":false},"featured_media":364325,"comment_status":"closed","ping_status":"closed","template":"","meta":[],"pwb-brand":[207],"product_brand":[],"product_cat":[75,163],"product_tag":[],"class_list":{"0":"post-363833","1":"product","2":"type-product","3":"status-publish","4":"has-post-thumbnail","6":"pwb-brand-rubens-barn","7":"product_cat-barn","8":"product_cat-dockor","10":"first","11":"instock","12":"sale","13":"taxable","14":"shipping-taxable","15":"purchasable","16":"product-type-simple"},"yoast_head":"<!-- This site is optimized with the Yoast SEO plugin v27.4 - https:\/\/yoast.com\/product\/yoast-seo-wordpress\/ -->\n<title>Rubens EcoBuds Kl\u00e4der Autumn -30% - Hos Greta<\/title>\n<meta name=\"robots\" content=\"index, follow, max-snippet:-1, max-image-preview:large, max-video-preview:-1\" \/>\n<link rel=\"canonical\" href=\"https:\/\/www.hosgreta.se\/shop\/produkt\/rubens-ecobuds-klader-autumn\/\" \/>\n<meta property=\"og:locale\" content=\"sv_SE\" \/>\n<meta property=\"og:type\" content=\"article\" \/>\n<meta property=\"og:title\" content=\"Rubens EcoBuds Kl\u00e4der Autumn -30% - Hos Greta\" \/>\n<meta property=\"og:description\" content=\"H\u00f6stsetet f\u00f6r Rubens EcoBuds-dockan \u00e4r det perfekta kl\u00e4dvalet f\u00f6r h\u00f6stens omv\u00e4xlande v\u00e4der. I setet ing\u00e5r: - En varm och sk\u00f6n, rostf\u00e4rgad poncho - En mjuk, gr\u00e5, stickad halsduk Ge din Rubens EcoBuds-docka en ny stil genom att mixa och matcha olika dockkl\u00e4der fr\u00e5n Rubens EcoBuds-kollektionen. Alla Rubens Barns docktillbeh\u00f6r och dockkl\u00e4der \u00e4r designade i Sverige. De \u00e4r designade f\u00f6r att ge barn chansen att ut\u00f6va kreativitet, omtanke och empati genom rollek.\" \/>\n<meta property=\"og:url\" content=\"https:\/\/www.hosgreta.se\/shop\/produkt\/rubens-ecobuds-klader-autumn\/\" \/>\n<meta property=\"og:site_name\" content=\"Hos Greta\" \/>\n<meta property=\"article:publisher\" content=\"https:\/\/www.facebook.com\/hosgreta\" \/>\n<meta property=\"article:modified_time\" content=\"2026-02-11T11:42:01+00:00\" \/>\n<meta property=\"og:image\" content=\"https:\/\/www.hosgreta.se\/shop\/wp-content\/uploads\/2022\/09\/Rubens-EcoBuds-Klader-Autumn.jpg\" \/>\n\t<meta property=\"og:image:width\" content=\"800\" \/>\n\t<meta property=\"og:image:height\" content=\"800\" \/>\n\t<meta property=\"og:image:type\" content=\"image\/jpeg\" \/>\n<meta name=\"twitter:card\" content=\"summary_large_image\" \/>\n<script type=\"application\/ld+json\" class=\"yoast-schema-graph\">{\"@context\":\"https:\\\/\\\/schema.org\",\"@graph\":[{\"@type\":\"WebPage\",\"@id\":\"https:\\\/\\\/www.hosgreta.se\\\/shop\\\/produkt\\\/rubens-ecobuds-klader-autumn\\\/\",\"url\":\"https:\\\/\\\/www.hosgreta.se\\\/shop\\\/produkt\\\/rubens-ecobuds-klader-autumn\\\/\",\"name\":\"Rubens EcoBuds Kl\u00e4der Autumn -30% - Hos Greta\",\"isPartOf\":{\"@id\":\"https:\\\/\\\/www.hosgreta.se\\\/shop\\\/#website\"},\"primaryImageOfPage\":{\"@id\":\"https:\\\/\\\/www.hosgreta.se\\\/shop\\\/produkt\\\/rubens-ecobuds-klader-autumn\\\/#primaryimage\"},\"image\":{\"@id\":\"https:\\\/\\\/www.hosgreta.se\\\/shop\\\/produkt\\\/rubens-ecobuds-klader-autumn\\\/#primaryimage\"},\"thumbnailUrl\":\"https:\\\/\\\/www.hosgreta.se\\\/shop\\\/wp-content\\\/uploads\\\/2022\\\/09\\\/Rubens-EcoBuds-Klader-Autumn.jpg\",\"datePublished\":\"2022-09-17T11:43:39+00:00\",\"dateModified\":\"2026-02-11T11:42:01+00:00\",\"breadcrumb\":{\"@id\":\"https:\\\/\\\/www.hosgreta.se\\\/shop\\\/produkt\\\/rubens-ecobuds-klader-autumn\\\/#breadcrumb\"},\"inLanguage\":\"sv-SE\",\"potentialAction\":[{\"@type\":\"ReadAction\",\"target\":[\"https:\\\/\\\/www.hosgreta.se\\\/shop\\\/produkt\\\/rubens-ecobuds-klader-autumn\\\/\"]}]},{\"@type\":\"ImageObject\",\"inLanguage\":\"sv-SE\",\"@id\":\"https:\\\/\\\/www.hosgreta.se\\\/shop\\\/produkt\\\/rubens-ecobuds-klader-autumn\\\/#primaryimage\",\"url\":\"https:\\\/\\\/www.hosgreta.se\\\/shop\\\/wp-content\\\/uploads\\\/2022\\\/09\\\/Rubens-EcoBuds-Klader-Autumn.jpg\",\"contentUrl\":\"https:\\\/\\\/www.hosgreta.se\\\/shop\\\/wp-content\\\/uploads\\\/2022\\\/09\\\/Rubens-EcoBuds-Klader-Autumn.jpg\",\"width\":800,\"height\":800,\"caption\":\"Rubens EcoBuds Kl\u00e4der Autumn\"},{\"@type\":\"BreadcrumbList\",\"@id\":\"https:\\\/\\\/www.hosgreta.se\\\/shop\\\/produkt\\\/rubens-ecobuds-klader-autumn\\\/#breadcrumb\",\"itemListElement\":[{\"@type\":\"ListItem\",\"position\":1,\"name\":\"Hem\",\"item\":\"https:\\\/\\\/www.hosgreta.se\\\/shop\\\/\"},{\"@type\":\"ListItem\",\"position\":2,\"name\":\"Shop\",\"item\":\"https:\\\/\\\/www.hosgreta.se\\\/shop\\\/shop\\\/\"},{\"@type\":\"ListItem\",\"position\":3,\"name\":\"Rubens EcoBuds Kl\u00e4der Autumn -30%\"}]},{\"@type\":\"WebSite\",\"@id\":\"https:\\\/\\\/www.hosgreta.se\\\/shop\\\/#website\",\"url\":\"https:\\\/\\\/www.hosgreta.se\\\/shop\\\/\",\"name\":\"Hos Greta\",\"description\":\"Vi v\u00e4ljer ut v\u00e5ra varum\u00e4rken med stor omsorg.\",\"publisher\":{\"@id\":\"https:\\\/\\\/www.hosgreta.se\\\/shop\\\/#organization\"},\"potentialAction\":[{\"@type\":\"SearchAction\",\"target\":{\"@type\":\"EntryPoint\",\"urlTemplate\":\"https:\\\/\\\/www.hosgreta.se\\\/shop\\\/?s={search_term_string}\"},\"query-input\":{\"@type\":\"PropertyValueSpecification\",\"valueRequired\":true,\"valueName\":\"search_term_string\"}}],\"inLanguage\":\"sv-SE\"},{\"@type\":\"Organization\",\"@id\":\"https:\\\/\\\/www.hosgreta.se\\\/shop\\\/#organization\",\"name\":\"Hos Greta\",\"url\":\"https:\\\/\\\/www.hosgreta.se\\\/shop\\\/\",\"logo\":{\"@type\":\"ImageObject\",\"inLanguage\":\"sv-SE\",\"@id\":\"https:\\\/\\\/www.hosgreta.se\\\/shop\\\/#\\\/schema\\\/logo\\\/image\\\/\",\"url\":\"https:\\\/\\\/www.hosgreta.se\\\/shop\\\/wp-content\\\/uploads\\\/2018\\\/03\\\/Logo_HosGreta_svart.png\",\"contentUrl\":\"https:\\\/\\\/www.hosgreta.se\\\/shop\\\/wp-content\\\/uploads\\\/2018\\\/03\\\/Logo_HosGreta_svart.png\",\"width\":851,\"height\":851,\"caption\":\"Hos Greta\"},\"image\":{\"@id\":\"https:\\\/\\\/www.hosgreta.se\\\/shop\\\/#\\\/schema\\\/logo\\\/image\\\/\"},\"sameAs\":[\"https:\\\/\\\/www.facebook.com\\\/hosgreta\",\"https:\\\/\\\/www.instagram.com\\\/hosgreta\"]}]}<\/script>\n<!-- \/ Yoast SEO plugin. -->","yoast_head_json":{"title":"Rubens EcoBuds Kl\u00e4der Autumn -30% - Hos Greta","robots":{"index":"index","follow":"follow","max-snippet":"max-snippet:-1","max-image-preview":"max-image-preview:large","max-video-preview":"max-video-preview:-1"},"canonical":"https:\/\/www.hosgreta.se\/shop\/produkt\/rubens-ecobuds-klader-autumn\/","og_locale":"sv_SE","og_type":"article","og_title":"Rubens EcoBuds Kl\u00e4der Autumn -30% - Hos Greta","og_description":"H\u00f6stsetet f\u00f6r Rubens EcoBuds-dockan \u00e4r det perfekta kl\u00e4dvalet f\u00f6r h\u00f6stens omv\u00e4xlande v\u00e4der. I setet ing\u00e5r: - En varm och sk\u00f6n, rostf\u00e4rgad poncho - En mjuk, gr\u00e5, stickad halsduk Ge din Rubens EcoBuds-docka en ny stil genom att mixa och matcha olika dockkl\u00e4der fr\u00e5n Rubens EcoBuds-kollektionen. Alla Rubens Barns docktillbeh\u00f6r och dockkl\u00e4der \u00e4r designade i Sverige. De \u00e4r designade f\u00f6r att ge barn chansen att ut\u00f6va kreativitet, omtanke och empati genom rollek.","og_url":"https:\/\/www.hosgreta.se\/shop\/produkt\/rubens-ecobuds-klader-autumn\/","og_site_name":"Hos Greta","article_publisher":"https:\/\/www.facebook.com\/hosgreta","article_modified_time":"2026-02-11T11:42:01+00:00","og_image":[{"width":800,"height":800,"url":"https:\/\/www.hosgreta.se\/shop\/wp-content\/uploads\/2022\/09\/Rubens-EcoBuds-Klader-Autumn.jpg","type":"image\/jpeg"}],"twitter_card":"summary_large_image","schema":{"@context":"https:\/\/schema.org","@graph":[{"@type":"WebPage","@id":"https:\/\/www.hosgreta.se\/shop\/produkt\/rubens-ecobuds-klader-autumn\/","url":"https:\/\/www.hosgreta.se\/shop\/produkt\/rubens-ecobuds-klader-autumn\/","name":"Rubens EcoBuds Kl\u00e4der Autumn -30% - Hos Greta","isPartOf":{"@id":"https:\/\/www.hosgreta.se\/shop\/#website"},"primaryImageOfPage":{"@id":"https:\/\/www.hosgreta.se\/shop\/produkt\/rubens-ecobuds-klader-autumn\/#primaryimage"},"image":{"@id":"https:\/\/www.hosgreta.se\/shop\/produkt\/rubens-ecobuds-klader-autumn\/#primaryimage"},"thumbnailUrl":"https:\/\/www.hosgreta.se\/shop\/wp-content\/uploads\/2022\/09\/Rubens-EcoBuds-Klader-Autumn.jpg","datePublished":"2022-09-17T11:43:39+00:00","dateModified":"2026-02-11T11:42:01+00:00","breadcrumb":{"@id":"https:\/\/www.hosgreta.se\/shop\/produkt\/rubens-ecobuds-klader-autumn\/#breadcrumb"},"inLanguage":"sv-SE","potentialAction":[{"@type":"ReadAction","target":["https:\/\/www.hosgreta.se\/shop\/produkt\/rubens-ecobuds-klader-autumn\/"]}]},{"@type":"ImageObject","inLanguage":"sv-SE","@id":"https:\/\/www.hosgreta.se\/shop\/produkt\/rubens-ecobuds-klader-autumn\/#primaryimage","url":"https:\/\/www.hosgreta.se\/shop\/wp-content\/uploads\/2022\/09\/Rubens-EcoBuds-Klader-Autumn.jpg","contentUrl":"https:\/\/www.hosgreta.se\/shop\/wp-content\/uploads\/2022\/09\/Rubens-EcoBuds-Klader-Autumn.jpg","width":800,"height":800,"caption":"Rubens EcoBuds Kl\u00e4der Autumn"},{"@type":"BreadcrumbList","@id":"https:\/\/www.hosgreta.se\/shop\/produkt\/rubens-ecobuds-klader-autumn\/#breadcrumb","itemListElement":[{"@type":"ListItem","position":1,"name":"Hem","item":"https:\/\/www.hosgreta.se\/shop\/"},{"@type":"ListItem","position":2,"name":"Shop","item":"https:\/\/www.hosgreta.se\/shop\/shop\/"},{"@type":"ListItem","position":3,"name":"Rubens EcoBuds Kl\u00e4der Autumn -30%"}]},{"@type":"WebSite","@id":"https:\/\/www.hosgreta.se\/shop\/#website","url":"https:\/\/www.hosgreta.se\/shop\/","name":"Hos Greta","description":"Vi v\u00e4ljer ut v\u00e5ra varum\u00e4rken med stor omsorg.","publisher":{"@id":"https:\/\/www.hosgreta.se\/shop\/#organization"},"potentialAction":[{"@type":"SearchAction","target":{"@type":"EntryPoint","urlTemplate":"https:\/\/www.hosgreta.se\/shop\/?s={search_term_string}"},"query-input":{"@type":"PropertyValueSpecification","valueRequired":true,"valueName":"search_term_string"}}],"inLanguage":"sv-SE"},{"@type":"Organization","@id":"https:\/\/www.hosgreta.se\/shop\/#organization","name":"Hos Greta","url":"https:\/\/www.hosgreta.se\/shop\/","logo":{"@type":"ImageObject","inLanguage":"sv-SE","@id":"https:\/\/www.hosgreta.se\/shop\/#\/schema\/logo\/image\/","url":"https:\/\/www.hosgreta.se\/shop\/wp-content\/uploads\/2018\/03\/Logo_HosGreta_svart.png","contentUrl":"https:\/\/www.hosgreta.se\/shop\/wp-content\/uploads\/2018\/03\/Logo_HosGreta_svart.png","width":851,"height":851,"caption":"Hos Greta"},"image":{"@id":"https:\/\/www.hosgreta.se\/shop\/#\/schema\/logo\/image\/"},"sameAs":["https:\/\/www.facebook.com\/hosgreta","https:\/\/www.instagram.com\/hosgreta"]}]}},"kroconnect":{"tax_rate":25,"price_inc_vat":{"regular_price":229,"sale_price":160},"price_ex_vat":{"regular_price":183.2,"sale_price":128}},"brands":[{"id":207,"name":"Rubens Barn","slug":"rubens-barn"}],"_links":{"self":[{"href":"https:\/\/www.hosgreta.se\/shop\/wp-json\/wp\/v2\/product\/363833","targetHints":{"allow":["GET"]}}],"collection":[{"href":"https:\/\/www.hosgreta.se\/shop\/wp-json\/wp\/v2\/product"}],"about":[{"href":"https:\/\/www.hosgreta.se\/shop\/wp-json\/wp\/v2\/types\/product"}],"replies":[{"embeddable":true,"href":"https:\/\/www.hosgreta.se\/shop\/wp-json\/wp\/v2\/comments?post=363833"}],"wp:featuredmedia":[{"embeddable":true,"href":"https:\/\/www.hosgreta.se\/shop\/wp-json\/wp\/v2\/media\/364325"}],"wp:attachment":[{"href":"https:\/\/www.hosgreta.se\/shop\/wp-json\/wp\/v2\/media?parent=363833"}],"wp:term":[{"taxonomy":"pwb-brand","embeddable":true,"href":"https:\/\/www.hosgreta.se\/shop\/wp-json\/wp\/v2\/pwb-brand?post=363833"},{"taxonomy":"product_brand","embeddable":true,"href":"https:\/\/www.hosgreta.se\/shop\/wp-json\/wp\/v2\/product_brand?post=363833"},{"taxonomy":"product_cat","embeddable":true,"href":"https:\/\/www.hosgreta.se\/shop\/wp-json\/wp\/v2\/product_cat?post=363833"},{"taxonomy":"product_tag","embeddable":true,"href":"https:\/\/www.hosgreta.se\/shop\/wp-json\/wp\/v2\/product_tag?post=363833"}],"curies":[{"name":"wp","href":"https:\/\/api.w.org\/{rel}","templated":true}]}}