{"id":374739,"date":"2022-11-01T21:36:33","date_gmt":"2022-11-01T20:36:33","guid":{"rendered":"https:\/\/www.hosgreta.se\/shop\/?post_type=product&#038;p=374739"},"modified":"2023-01-12T10:59:08","modified_gmt":"2023-01-12T09:59:08","slug":"jellycat-amuseable-blue-spruce-christmas-tree-large","status":"publish","type":"product","link":"https:\/\/www.hosgreta.se\/shop\/produkt\/jellycat-amuseable-blue-spruce-christmas-tree-large\/","title":{"rendered":"Jellycat Amuseable Blue Spruce Christmas Tree Large"},"content":{"rendered":"<p>Storlek: 43x23x23 cm<br \/>\nMaterial: 82% polyester, 18% bomull<br \/>\nRekommenderad \u00e5lder: 0+, L\u00e4mna ej utan uppsikt i s\u00e4ngen hos sm\u00e5 bebisar.<br \/>\nSk\u00f6tsel: Handtv\u00e4ttas vid behov<\/p>\n","protected":false},"excerpt":{"rendered":"<p>En stor och h\u00e4rlig julgran med en blekt guldf\u00e4rgad och glittrande stj\u00e4rna i toppen samt ett festligt leende. Med l\u00e4tt m\u00f6nstrad, mjuk p\u00e4ls i mossigt bl\u00e5gr\u00f6nt och en stadig stam som st\u00e5r upp av sig sj\u00e4lv kan detta gosiga barrtr\u00e4d l\u00e4tt bli stj\u00e4rnan bland dina juldekorationer. Tappar garanterat inga barr! \u00c4r ni redo att rocka runt julgranen? <\/p>\n","protected":false},"featured_media":376497,"comment_status":"closed","ping_status":"closed","template":"","meta":[],"pwb-brand":[181],"product_brand":[],"product_cat":[75,219,124],"product_tag":[],"class_list":{"0":"post-374739","1":"product","2":"type-product","3":"status-publish","4":"has-post-thumbnail","6":"pwb-brand-jellycat","7":"product_cat-barn","8":"product_cat-jul","9":"product_cat-mjukdjur","11":"first","12":"outofstock","13":"taxable","14":"shipping-taxable","15":"purchasable","16":"product-type-simple"},"yoast_head":"<!-- This site is optimized with the Yoast SEO plugin v27.4 - https:\/\/yoast.com\/product\/yoast-seo-wordpress\/ -->\n<title>Jellycat Amuseable Blue Spruce Christmas Tree Large - Hos Greta<\/title>\n<meta name=\"robots\" content=\"index, follow, max-snippet:-1, max-image-preview:large, max-video-preview:-1\" \/>\n<link rel=\"canonical\" href=\"https:\/\/www.hosgreta.se\/shop\/produkt\/jellycat-amuseable-blue-spruce-christmas-tree-large\/\" \/>\n<meta property=\"og:locale\" content=\"sv_SE\" \/>\n<meta property=\"og:type\" content=\"article\" \/>\n<meta property=\"og:title\" content=\"Jellycat Amuseable Blue Spruce Christmas Tree Large - Hos Greta\" \/>\n<meta property=\"og:description\" content=\"En stor och h\u00e4rlig julgran med en blekt guldf\u00e4rgad och glittrande stj\u00e4rna i toppen samt ett festligt leende. Med l\u00e4tt m\u00f6nstrad, mjuk p\u00e4ls i mossigt bl\u00e5gr\u00f6nt och en stadig stam som st\u00e5r upp av sig sj\u00e4lv kan detta gosiga barrtr\u00e4d l\u00e4tt bli stj\u00e4rnan bland dina juldekorationer. Tappar garanterat inga barr! \u00c4r ni redo att rocka runt julgranen?\" \/>\n<meta property=\"og:url\" content=\"https:\/\/www.hosgreta.se\/shop\/produkt\/jellycat-amuseable-blue-spruce-christmas-tree-large\/\" \/>\n<meta property=\"og:site_name\" content=\"Hos Greta\" \/>\n<meta property=\"article:publisher\" content=\"https:\/\/www.facebook.com\/hosgreta\" \/>\n<meta property=\"article:modified_time\" content=\"2023-01-12T09:59:08+00:00\" \/>\n<meta property=\"og:image\" content=\"https:\/\/www.hosgreta.se\/shop\/wp-content\/uploads\/2022\/11\/Jellycat-Amuseable-Blue-Spruce-Christmas-Tree-Large.jpg\" \/>\n\t<meta property=\"og:image:width\" content=\"800\" \/>\n\t<meta property=\"og:image:height\" content=\"800\" \/>\n\t<meta property=\"og:image:type\" content=\"image\/jpeg\" \/>\n<meta name=\"twitter:card\" content=\"summary_large_image\" \/>\n<meta name=\"twitter:label1\" content=\"Ber\u00e4knad l\u00e4stid\" \/>\n\t<meta name=\"twitter:data1\" content=\"1 minut\" \/>\n<script type=\"application\/ld+json\" class=\"yoast-schema-graph\">{\"@context\":\"https:\\\/\\\/schema.org\",\"@graph\":[{\"@type\":\"WebPage\",\"@id\":\"https:\\\/\\\/www.hosgreta.se\\\/shop\\\/produkt\\\/jellycat-amuseable-blue-spruce-christmas-tree-large\\\/\",\"url\":\"https:\\\/\\\/www.hosgreta.se\\\/shop\\\/produkt\\\/jellycat-amuseable-blue-spruce-christmas-tree-large\\\/\",\"name\":\"Jellycat Amuseable Blue Spruce Christmas Tree Large - Hos Greta\",\"isPartOf\":{\"@id\":\"https:\\\/\\\/www.hosgreta.se\\\/shop\\\/#website\"},\"primaryImageOfPage\":{\"@id\":\"https:\\\/\\\/www.hosgreta.se\\\/shop\\\/produkt\\\/jellycat-amuseable-blue-spruce-christmas-tree-large\\\/#primaryimage\"},\"image\":{\"@id\":\"https:\\\/\\\/www.hosgreta.se\\\/shop\\\/produkt\\\/jellycat-amuseable-blue-spruce-christmas-tree-large\\\/#primaryimage\"},\"thumbnailUrl\":\"https:\\\/\\\/www.hosgreta.se\\\/shop\\\/wp-content\\\/uploads\\\/2022\\\/11\\\/Jellycat-Amuseable-Blue-Spruce-Christmas-Tree-Large.jpg\",\"datePublished\":\"2022-11-01T20:36:33+00:00\",\"dateModified\":\"2023-01-12T09:59:08+00:00\",\"breadcrumb\":{\"@id\":\"https:\\\/\\\/www.hosgreta.se\\\/shop\\\/produkt\\\/jellycat-amuseable-blue-spruce-christmas-tree-large\\\/#breadcrumb\"},\"inLanguage\":\"sv-SE\",\"potentialAction\":[{\"@type\":\"ReadAction\",\"target\":[\"https:\\\/\\\/www.hosgreta.se\\\/shop\\\/produkt\\\/jellycat-amuseable-blue-spruce-christmas-tree-large\\\/\"]}]},{\"@type\":\"ImageObject\",\"inLanguage\":\"sv-SE\",\"@id\":\"https:\\\/\\\/www.hosgreta.se\\\/shop\\\/produkt\\\/jellycat-amuseable-blue-spruce-christmas-tree-large\\\/#primaryimage\",\"url\":\"https:\\\/\\\/www.hosgreta.se\\\/shop\\\/wp-content\\\/uploads\\\/2022\\\/11\\\/Jellycat-Amuseable-Blue-Spruce-Christmas-Tree-Large.jpg\",\"contentUrl\":\"https:\\\/\\\/www.hosgreta.se\\\/shop\\\/wp-content\\\/uploads\\\/2022\\\/11\\\/Jellycat-Amuseable-Blue-Spruce-Christmas-Tree-Large.jpg\",\"width\":800,\"height\":800,\"caption\":\"Jellycat Amuseable Blue Spruce Christmas Tree Large\"},{\"@type\":\"BreadcrumbList\",\"@id\":\"https:\\\/\\\/www.hosgreta.se\\\/shop\\\/produkt\\\/jellycat-amuseable-blue-spruce-christmas-tree-large\\\/#breadcrumb\",\"itemListElement\":[{\"@type\":\"ListItem\",\"position\":1,\"name\":\"Hem\",\"item\":\"https:\\\/\\\/www.hosgreta.se\\\/shop\\\/\"},{\"@type\":\"ListItem\",\"position\":2,\"name\":\"Shop\",\"item\":\"https:\\\/\\\/www.hosgreta.se\\\/shop\\\/shop\\\/\"},{\"@type\":\"ListItem\",\"position\":3,\"name\":\"Jellycat Amuseable Blue Spruce Christmas Tree Large\"}]},{\"@type\":\"WebSite\",\"@id\":\"https:\\\/\\\/www.hosgreta.se\\\/shop\\\/#website\",\"url\":\"https:\\\/\\\/www.hosgreta.se\\\/shop\\\/\",\"name\":\"Hos Greta\",\"description\":\"Vi v\u00e4ljer ut v\u00e5ra varum\u00e4rken med stor omsorg.\",\"publisher\":{\"@id\":\"https:\\\/\\\/www.hosgreta.se\\\/shop\\\/#organization\"},\"potentialAction\":[{\"@type\":\"SearchAction\",\"target\":{\"@type\":\"EntryPoint\",\"urlTemplate\":\"https:\\\/\\\/www.hosgreta.se\\\/shop\\\/?s={search_term_string}\"},\"query-input\":{\"@type\":\"PropertyValueSpecification\",\"valueRequired\":true,\"valueName\":\"search_term_string\"}}],\"inLanguage\":\"sv-SE\"},{\"@type\":\"Organization\",\"@id\":\"https:\\\/\\\/www.hosgreta.se\\\/shop\\\/#organization\",\"name\":\"Hos Greta\",\"url\":\"https:\\\/\\\/www.hosgreta.se\\\/shop\\\/\",\"logo\":{\"@type\":\"ImageObject\",\"inLanguage\":\"sv-SE\",\"@id\":\"https:\\\/\\\/www.hosgreta.se\\\/shop\\\/#\\\/schema\\\/logo\\\/image\\\/\",\"url\":\"https:\\\/\\\/www.hosgreta.se\\\/shop\\\/wp-content\\\/uploads\\\/2018\\\/03\\\/Logo_HosGreta_svart.png\",\"contentUrl\":\"https:\\\/\\\/www.hosgreta.se\\\/shop\\\/wp-content\\\/uploads\\\/2018\\\/03\\\/Logo_HosGreta_svart.png\",\"width\":851,\"height\":851,\"caption\":\"Hos Greta\"},\"image\":{\"@id\":\"https:\\\/\\\/www.hosgreta.se\\\/shop\\\/#\\\/schema\\\/logo\\\/image\\\/\"},\"sameAs\":[\"https:\\\/\\\/www.facebook.com\\\/hosgreta\",\"https:\\\/\\\/www.instagram.com\\\/hosgreta\"]}]}<\/script>\n<!-- \/ Yoast SEO plugin. -->","yoast_head_json":{"title":"Jellycat Amuseable Blue Spruce Christmas Tree Large - Hos Greta","robots":{"index":"index","follow":"follow","max-snippet":"max-snippet:-1","max-image-preview":"max-image-preview:large","max-video-preview":"max-video-preview:-1"},"canonical":"https:\/\/www.hosgreta.se\/shop\/produkt\/jellycat-amuseable-blue-spruce-christmas-tree-large\/","og_locale":"sv_SE","og_type":"article","og_title":"Jellycat Amuseable Blue Spruce Christmas Tree Large - Hos Greta","og_description":"En stor och h\u00e4rlig julgran med en blekt guldf\u00e4rgad och glittrande stj\u00e4rna i toppen samt ett festligt leende. Med l\u00e4tt m\u00f6nstrad, mjuk p\u00e4ls i mossigt bl\u00e5gr\u00f6nt och en stadig stam som st\u00e5r upp av sig sj\u00e4lv kan detta gosiga barrtr\u00e4d l\u00e4tt bli stj\u00e4rnan bland dina juldekorationer. Tappar garanterat inga barr! \u00c4r ni redo att rocka runt julgranen?","og_url":"https:\/\/www.hosgreta.se\/shop\/produkt\/jellycat-amuseable-blue-spruce-christmas-tree-large\/","og_site_name":"Hos Greta","article_publisher":"https:\/\/www.facebook.com\/hosgreta","article_modified_time":"2023-01-12T09:59:08+00:00","og_image":[{"width":800,"height":800,"url":"https:\/\/www.hosgreta.se\/shop\/wp-content\/uploads\/2022\/11\/Jellycat-Amuseable-Blue-Spruce-Christmas-Tree-Large.jpg","type":"image\/jpeg"}],"twitter_card":"summary_large_image","twitter_misc":{"Ber\u00e4knad l\u00e4stid":"1 minut"},"schema":{"@context":"https:\/\/schema.org","@graph":[{"@type":"WebPage","@id":"https:\/\/www.hosgreta.se\/shop\/produkt\/jellycat-amuseable-blue-spruce-christmas-tree-large\/","url":"https:\/\/www.hosgreta.se\/shop\/produkt\/jellycat-amuseable-blue-spruce-christmas-tree-large\/","name":"Jellycat Amuseable Blue Spruce Christmas Tree Large - Hos Greta","isPartOf":{"@id":"https:\/\/www.hosgreta.se\/shop\/#website"},"primaryImageOfPage":{"@id":"https:\/\/www.hosgreta.se\/shop\/produkt\/jellycat-amuseable-blue-spruce-christmas-tree-large\/#primaryimage"},"image":{"@id":"https:\/\/www.hosgreta.se\/shop\/produkt\/jellycat-amuseable-blue-spruce-christmas-tree-large\/#primaryimage"},"thumbnailUrl":"https:\/\/www.hosgreta.se\/shop\/wp-content\/uploads\/2022\/11\/Jellycat-Amuseable-Blue-Spruce-Christmas-Tree-Large.jpg","datePublished":"2022-11-01T20:36:33+00:00","dateModified":"2023-01-12T09:59:08+00:00","breadcrumb":{"@id":"https:\/\/www.hosgreta.se\/shop\/produkt\/jellycat-amuseable-blue-spruce-christmas-tree-large\/#breadcrumb"},"inLanguage":"sv-SE","potentialAction":[{"@type":"ReadAction","target":["https:\/\/www.hosgreta.se\/shop\/produkt\/jellycat-amuseable-blue-spruce-christmas-tree-large\/"]}]},{"@type":"ImageObject","inLanguage":"sv-SE","@id":"https:\/\/www.hosgreta.se\/shop\/produkt\/jellycat-amuseable-blue-spruce-christmas-tree-large\/#primaryimage","url":"https:\/\/www.hosgreta.se\/shop\/wp-content\/uploads\/2022\/11\/Jellycat-Amuseable-Blue-Spruce-Christmas-Tree-Large.jpg","contentUrl":"https:\/\/www.hosgreta.se\/shop\/wp-content\/uploads\/2022\/11\/Jellycat-Amuseable-Blue-Spruce-Christmas-Tree-Large.jpg","width":800,"height":800,"caption":"Jellycat Amuseable Blue Spruce Christmas Tree Large"},{"@type":"BreadcrumbList","@id":"https:\/\/www.hosgreta.se\/shop\/produkt\/jellycat-amuseable-blue-spruce-christmas-tree-large\/#breadcrumb","itemListElement":[{"@type":"ListItem","position":1,"name":"Hem","item":"https:\/\/www.hosgreta.se\/shop\/"},{"@type":"ListItem","position":2,"name":"Shop","item":"https:\/\/www.hosgreta.se\/shop\/shop\/"},{"@type":"ListItem","position":3,"name":"Jellycat Amuseable Blue Spruce Christmas Tree Large"}]},{"@type":"WebSite","@id":"https:\/\/www.hosgreta.se\/shop\/#website","url":"https:\/\/www.hosgreta.se\/shop\/","name":"Hos Greta","description":"Vi v\u00e4ljer ut v\u00e5ra varum\u00e4rken med stor omsorg.","publisher":{"@id":"https:\/\/www.hosgreta.se\/shop\/#organization"},"potentialAction":[{"@type":"SearchAction","target":{"@type":"EntryPoint","urlTemplate":"https:\/\/www.hosgreta.se\/shop\/?s={search_term_string}"},"query-input":{"@type":"PropertyValueSpecification","valueRequired":true,"valueName":"search_term_string"}}],"inLanguage":"sv-SE"},{"@type":"Organization","@id":"https:\/\/www.hosgreta.se\/shop\/#organization","name":"Hos Greta","url":"https:\/\/www.hosgreta.se\/shop\/","logo":{"@type":"ImageObject","inLanguage":"sv-SE","@id":"https:\/\/www.hosgreta.se\/shop\/#\/schema\/logo\/image\/","url":"https:\/\/www.hosgreta.se\/shop\/wp-content\/uploads\/2018\/03\/Logo_HosGreta_svart.png","contentUrl":"https:\/\/www.hosgreta.se\/shop\/wp-content\/uploads\/2018\/03\/Logo_HosGreta_svart.png","width":851,"height":851,"caption":"Hos Greta"},"image":{"@id":"https:\/\/www.hosgreta.se\/shop\/#\/schema\/logo\/image\/"},"sameAs":["https:\/\/www.facebook.com\/hosgreta","https:\/\/www.instagram.com\/hosgreta"]}]}},"kroconnect":{"tax_rate":25,"price_inc_vat":{"regular_price":499},"price_ex_vat":{"regular_price":399.2}},"brands":[{"id":181,"name":"Jellycat","slug":"jellycat"}],"_links":{"self":[{"href":"https:\/\/www.hosgreta.se\/shop\/wp-json\/wp\/v2\/product\/374739","targetHints":{"allow":["GET"]}}],"collection":[{"href":"https:\/\/www.hosgreta.se\/shop\/wp-json\/wp\/v2\/product"}],"about":[{"href":"https:\/\/www.hosgreta.se\/shop\/wp-json\/wp\/v2\/types\/product"}],"replies":[{"embeddable":true,"href":"https:\/\/www.hosgreta.se\/shop\/wp-json\/wp\/v2\/comments?post=374739"}],"wp:featuredmedia":[{"embeddable":true,"href":"https:\/\/www.hosgreta.se\/shop\/wp-json\/wp\/v2\/media\/376497"}],"wp:attachment":[{"href":"https:\/\/www.hosgreta.se\/shop\/wp-json\/wp\/v2\/media?parent=374739"}],"wp:term":[{"taxonomy":"pwb-brand","embeddable":true,"href":"https:\/\/www.hosgreta.se\/shop\/wp-json\/wp\/v2\/pwb-brand?post=374739"},{"taxonomy":"product_brand","embeddable":true,"href":"https:\/\/www.hosgreta.se\/shop\/wp-json\/wp\/v2\/product_brand?post=374739"},{"taxonomy":"product_cat","embeddable":true,"href":"https:\/\/www.hosgreta.se\/shop\/wp-json\/wp\/v2\/product_cat?post=374739"},{"taxonomy":"product_tag","embeddable":true,"href":"https:\/\/www.hosgreta.se\/shop\/wp-json\/wp\/v2\/product_tag?post=374739"}],"curies":[{"name":"wp","href":"https:\/\/api.w.org\/{rel}","templated":true}]}}