{"id":374758,"date":"2022-11-01T21:42:58","date_gmt":"2022-11-01T20:42:58","guid":{"rendered":"https:\/\/www.hosgreta.se\/shop\/?post_type=product&#038;p=374758"},"modified":"2024-08-29T10:32:59","modified_gmt":"2024-08-29T08:32:59","slug":"jellycat-otto-sausage-dog-small","status":"publish","type":"product","link":"https:\/\/www.hosgreta.se\/shop\/produkt\/jellycat-otto-sausage-dog-small\/","title":{"rendered":"Jellycat Otto Sausage Dog Small"},"content":{"rendered":"<p>Storlek: ca 13x5x17 cm<br \/>\nMaterial: Polyester<br \/>\nRekommenderad \u00e5lder: 0+<br \/>\nSk\u00f6tsel: Handtv\u00e4ttas vid behov.<\/p>\n","protected":false},"excerpt":{"rendered":"<p>En bed\u00e5rande s\u00f6t och or\u00e4dd liten tax i chokladbrunt med gyllenbruna fl\u00e4ckar. En n\u00e4tt liten hund med nedvikta \u00f6ron, en k\u00e4ck liten svans, gyllenbruna \u00f6gonbryn, nyfikna bruna \u00f6gon samt en glad och ganska kaxig attityd. Denna lekfulla lilla krabat l\u00e4ngtar efter att ha kul, g\u00e5 p\u00e5 \u00e4ventyr, mysa och sova tillsammans med dig.<\/p>\n","protected":false},"featured_media":376485,"comment_status":"closed","ping_status":"closed","template":"","meta":[],"pwb-brand":[181],"product_brand":[],"product_cat":[75,124],"product_tag":[],"class_list":{"0":"post-374758","1":"product","2":"type-product","3":"status-publish","4":"has-post-thumbnail","6":"pwb-brand-jellycat","7":"product_cat-barn","8":"product_cat-mjukdjur","10":"first","11":"outofstock","12":"taxable","13":"shipping-taxable","14":"purchasable","15":"product-type-simple"},"yoast_head":"<!-- This site is optimized with the Yoast SEO plugin v27.4 - https:\/\/yoast.com\/product\/yoast-seo-wordpress\/ -->\n<title>Jellycat Otto Sausage Dog Small - Hos Greta<\/title>\n<meta name=\"robots\" content=\"index, follow, max-snippet:-1, max-image-preview:large, max-video-preview:-1\" \/>\n<link rel=\"canonical\" href=\"https:\/\/www.hosgreta.se\/shop\/produkt\/jellycat-otto-sausage-dog-small\/\" \/>\n<meta property=\"og:locale\" content=\"sv_SE\" \/>\n<meta property=\"og:type\" content=\"article\" \/>\n<meta property=\"og:title\" content=\"Jellycat Otto Sausage Dog Small - Hos Greta\" \/>\n<meta property=\"og:description\" content=\"En bed\u00e5rande s\u00f6t och or\u00e4dd liten tax i chokladbrunt med gyllenbruna fl\u00e4ckar. En n\u00e4tt liten hund med nedvikta \u00f6ron, en k\u00e4ck liten svans, gyllenbruna \u00f6gonbryn, nyfikna bruna \u00f6gon samt en glad och ganska kaxig attityd. Denna lekfulla lilla krabat l\u00e4ngtar efter att ha kul, g\u00e5 p\u00e5 \u00e4ventyr, mysa och sova tillsammans med dig.\" \/>\n<meta property=\"og:url\" content=\"https:\/\/www.hosgreta.se\/shop\/produkt\/jellycat-otto-sausage-dog-small\/\" \/>\n<meta property=\"og:site_name\" content=\"Hos Greta\" \/>\n<meta property=\"article:publisher\" content=\"https:\/\/www.facebook.com\/hosgreta\" \/>\n<meta property=\"article:modified_time\" content=\"2024-08-29T08:32:59+00:00\" \/>\n<meta property=\"og:image\" content=\"https:\/\/www.hosgreta.se\/shop\/wp-content\/uploads\/2022\/11\/Jellycat-Otto-Sausage-Dog-Small.jpg\" \/>\n\t<meta property=\"og:image:width\" content=\"800\" \/>\n\t<meta property=\"og:image:height\" content=\"800\" \/>\n\t<meta property=\"og:image:type\" content=\"image\/jpeg\" \/>\n<meta name=\"twitter:card\" content=\"summary_large_image\" \/>\n<meta name=\"twitter:label1\" content=\"Ber\u00e4knad l\u00e4stid\" \/>\n\t<meta name=\"twitter:data1\" content=\"1 minut\" \/>\n<script type=\"application\/ld+json\" class=\"yoast-schema-graph\">{\"@context\":\"https:\\\/\\\/schema.org\",\"@graph\":[{\"@type\":\"WebPage\",\"@id\":\"https:\\\/\\\/www.hosgreta.se\\\/shop\\\/produkt\\\/jellycat-otto-sausage-dog-small\\\/\",\"url\":\"https:\\\/\\\/www.hosgreta.se\\\/shop\\\/produkt\\\/jellycat-otto-sausage-dog-small\\\/\",\"name\":\"Jellycat Otto Sausage Dog Small - Hos Greta\",\"isPartOf\":{\"@id\":\"https:\\\/\\\/www.hosgreta.se\\\/shop\\\/#website\"},\"primaryImageOfPage\":{\"@id\":\"https:\\\/\\\/www.hosgreta.se\\\/shop\\\/produkt\\\/jellycat-otto-sausage-dog-small\\\/#primaryimage\"},\"image\":{\"@id\":\"https:\\\/\\\/www.hosgreta.se\\\/shop\\\/produkt\\\/jellycat-otto-sausage-dog-small\\\/#primaryimage\"},\"thumbnailUrl\":\"https:\\\/\\\/www.hosgreta.se\\\/shop\\\/wp-content\\\/uploads\\\/2022\\\/11\\\/Jellycat-Otto-Sausage-Dog-Small.jpg\",\"datePublished\":\"2022-11-01T20:42:58+00:00\",\"dateModified\":\"2024-08-29T08:32:59+00:00\",\"breadcrumb\":{\"@id\":\"https:\\\/\\\/www.hosgreta.se\\\/shop\\\/produkt\\\/jellycat-otto-sausage-dog-small\\\/#breadcrumb\"},\"inLanguage\":\"sv-SE\",\"potentialAction\":[{\"@type\":\"ReadAction\",\"target\":[\"https:\\\/\\\/www.hosgreta.se\\\/shop\\\/produkt\\\/jellycat-otto-sausage-dog-small\\\/\"]}]},{\"@type\":\"ImageObject\",\"inLanguage\":\"sv-SE\",\"@id\":\"https:\\\/\\\/www.hosgreta.se\\\/shop\\\/produkt\\\/jellycat-otto-sausage-dog-small\\\/#primaryimage\",\"url\":\"https:\\\/\\\/www.hosgreta.se\\\/shop\\\/wp-content\\\/uploads\\\/2022\\\/11\\\/Jellycat-Otto-Sausage-Dog-Small.jpg\",\"contentUrl\":\"https:\\\/\\\/www.hosgreta.se\\\/shop\\\/wp-content\\\/uploads\\\/2022\\\/11\\\/Jellycat-Otto-Sausage-Dog-Small.jpg\",\"width\":800,\"height\":800,\"caption\":\"Jellycat Otto Sausage Dog Small\"},{\"@type\":\"BreadcrumbList\",\"@id\":\"https:\\\/\\\/www.hosgreta.se\\\/shop\\\/produkt\\\/jellycat-otto-sausage-dog-small\\\/#breadcrumb\",\"itemListElement\":[{\"@type\":\"ListItem\",\"position\":1,\"name\":\"Hem\",\"item\":\"https:\\\/\\\/www.hosgreta.se\\\/shop\\\/\"},{\"@type\":\"ListItem\",\"position\":2,\"name\":\"Shop\",\"item\":\"https:\\\/\\\/www.hosgreta.se\\\/shop\\\/shop\\\/\"},{\"@type\":\"ListItem\",\"position\":3,\"name\":\"Jellycat Otto Sausage Dog Small\"}]},{\"@type\":\"WebSite\",\"@id\":\"https:\\\/\\\/www.hosgreta.se\\\/shop\\\/#website\",\"url\":\"https:\\\/\\\/www.hosgreta.se\\\/shop\\\/\",\"name\":\"Hos Greta\",\"description\":\"Vi v\u00e4ljer ut v\u00e5ra varum\u00e4rken med stor omsorg.\",\"publisher\":{\"@id\":\"https:\\\/\\\/www.hosgreta.se\\\/shop\\\/#organization\"},\"potentialAction\":[{\"@type\":\"SearchAction\",\"target\":{\"@type\":\"EntryPoint\",\"urlTemplate\":\"https:\\\/\\\/www.hosgreta.se\\\/shop\\\/?s={search_term_string}\"},\"query-input\":{\"@type\":\"PropertyValueSpecification\",\"valueRequired\":true,\"valueName\":\"search_term_string\"}}],\"inLanguage\":\"sv-SE\"},{\"@type\":\"Organization\",\"@id\":\"https:\\\/\\\/www.hosgreta.se\\\/shop\\\/#organization\",\"name\":\"Hos Greta\",\"url\":\"https:\\\/\\\/www.hosgreta.se\\\/shop\\\/\",\"logo\":{\"@type\":\"ImageObject\",\"inLanguage\":\"sv-SE\",\"@id\":\"https:\\\/\\\/www.hosgreta.se\\\/shop\\\/#\\\/schema\\\/logo\\\/image\\\/\",\"url\":\"https:\\\/\\\/www.hosgreta.se\\\/shop\\\/wp-content\\\/uploads\\\/2018\\\/03\\\/Logo_HosGreta_svart.png\",\"contentUrl\":\"https:\\\/\\\/www.hosgreta.se\\\/shop\\\/wp-content\\\/uploads\\\/2018\\\/03\\\/Logo_HosGreta_svart.png\",\"width\":851,\"height\":851,\"caption\":\"Hos Greta\"},\"image\":{\"@id\":\"https:\\\/\\\/www.hosgreta.se\\\/shop\\\/#\\\/schema\\\/logo\\\/image\\\/\"},\"sameAs\":[\"https:\\\/\\\/www.facebook.com\\\/hosgreta\",\"https:\\\/\\\/www.instagram.com\\\/hosgreta\"]}]}<\/script>\n<!-- \/ Yoast SEO plugin. -->","yoast_head_json":{"title":"Jellycat Otto Sausage Dog Small - Hos Greta","robots":{"index":"index","follow":"follow","max-snippet":"max-snippet:-1","max-image-preview":"max-image-preview:large","max-video-preview":"max-video-preview:-1"},"canonical":"https:\/\/www.hosgreta.se\/shop\/produkt\/jellycat-otto-sausage-dog-small\/","og_locale":"sv_SE","og_type":"article","og_title":"Jellycat Otto Sausage Dog Small - Hos Greta","og_description":"En bed\u00e5rande s\u00f6t och or\u00e4dd liten tax i chokladbrunt med gyllenbruna fl\u00e4ckar. En n\u00e4tt liten hund med nedvikta \u00f6ron, en k\u00e4ck liten svans, gyllenbruna \u00f6gonbryn, nyfikna bruna \u00f6gon samt en glad och ganska kaxig attityd. Denna lekfulla lilla krabat l\u00e4ngtar efter att ha kul, g\u00e5 p\u00e5 \u00e4ventyr, mysa och sova tillsammans med dig.","og_url":"https:\/\/www.hosgreta.se\/shop\/produkt\/jellycat-otto-sausage-dog-small\/","og_site_name":"Hos Greta","article_publisher":"https:\/\/www.facebook.com\/hosgreta","article_modified_time":"2024-08-29T08:32:59+00:00","og_image":[{"width":800,"height":800,"url":"https:\/\/www.hosgreta.se\/shop\/wp-content\/uploads\/2022\/11\/Jellycat-Otto-Sausage-Dog-Small.jpg","type":"image\/jpeg"}],"twitter_card":"summary_large_image","twitter_misc":{"Ber\u00e4knad l\u00e4stid":"1 minut"},"schema":{"@context":"https:\/\/schema.org","@graph":[{"@type":"WebPage","@id":"https:\/\/www.hosgreta.se\/shop\/produkt\/jellycat-otto-sausage-dog-small\/","url":"https:\/\/www.hosgreta.se\/shop\/produkt\/jellycat-otto-sausage-dog-small\/","name":"Jellycat Otto Sausage Dog Small - Hos Greta","isPartOf":{"@id":"https:\/\/www.hosgreta.se\/shop\/#website"},"primaryImageOfPage":{"@id":"https:\/\/www.hosgreta.se\/shop\/produkt\/jellycat-otto-sausage-dog-small\/#primaryimage"},"image":{"@id":"https:\/\/www.hosgreta.se\/shop\/produkt\/jellycat-otto-sausage-dog-small\/#primaryimage"},"thumbnailUrl":"https:\/\/www.hosgreta.se\/shop\/wp-content\/uploads\/2022\/11\/Jellycat-Otto-Sausage-Dog-Small.jpg","datePublished":"2022-11-01T20:42:58+00:00","dateModified":"2024-08-29T08:32:59+00:00","breadcrumb":{"@id":"https:\/\/www.hosgreta.se\/shop\/produkt\/jellycat-otto-sausage-dog-small\/#breadcrumb"},"inLanguage":"sv-SE","potentialAction":[{"@type":"ReadAction","target":["https:\/\/www.hosgreta.se\/shop\/produkt\/jellycat-otto-sausage-dog-small\/"]}]},{"@type":"ImageObject","inLanguage":"sv-SE","@id":"https:\/\/www.hosgreta.se\/shop\/produkt\/jellycat-otto-sausage-dog-small\/#primaryimage","url":"https:\/\/www.hosgreta.se\/shop\/wp-content\/uploads\/2022\/11\/Jellycat-Otto-Sausage-Dog-Small.jpg","contentUrl":"https:\/\/www.hosgreta.se\/shop\/wp-content\/uploads\/2022\/11\/Jellycat-Otto-Sausage-Dog-Small.jpg","width":800,"height":800,"caption":"Jellycat Otto Sausage Dog Small"},{"@type":"BreadcrumbList","@id":"https:\/\/www.hosgreta.se\/shop\/produkt\/jellycat-otto-sausage-dog-small\/#breadcrumb","itemListElement":[{"@type":"ListItem","position":1,"name":"Hem","item":"https:\/\/www.hosgreta.se\/shop\/"},{"@type":"ListItem","position":2,"name":"Shop","item":"https:\/\/www.hosgreta.se\/shop\/shop\/"},{"@type":"ListItem","position":3,"name":"Jellycat Otto Sausage Dog Small"}]},{"@type":"WebSite","@id":"https:\/\/www.hosgreta.se\/shop\/#website","url":"https:\/\/www.hosgreta.se\/shop\/","name":"Hos Greta","description":"Vi v\u00e4ljer ut v\u00e5ra varum\u00e4rken med stor omsorg.","publisher":{"@id":"https:\/\/www.hosgreta.se\/shop\/#organization"},"potentialAction":[{"@type":"SearchAction","target":{"@type":"EntryPoint","urlTemplate":"https:\/\/www.hosgreta.se\/shop\/?s={search_term_string}"},"query-input":{"@type":"PropertyValueSpecification","valueRequired":true,"valueName":"search_term_string"}}],"inLanguage":"sv-SE"},{"@type":"Organization","@id":"https:\/\/www.hosgreta.se\/shop\/#organization","name":"Hos Greta","url":"https:\/\/www.hosgreta.se\/shop\/","logo":{"@type":"ImageObject","inLanguage":"sv-SE","@id":"https:\/\/www.hosgreta.se\/shop\/#\/schema\/logo\/image\/","url":"https:\/\/www.hosgreta.se\/shop\/wp-content\/uploads\/2018\/03\/Logo_HosGreta_svart.png","contentUrl":"https:\/\/www.hosgreta.se\/shop\/wp-content\/uploads\/2018\/03\/Logo_HosGreta_svart.png","width":851,"height":851,"caption":"Hos Greta"},"image":{"@id":"https:\/\/www.hosgreta.se\/shop\/#\/schema\/logo\/image\/"},"sameAs":["https:\/\/www.facebook.com\/hosgreta","https:\/\/www.instagram.com\/hosgreta"]}]}},"kroconnect":{"tax_rate":25,"price_inc_vat":{"regular_price":279},"price_ex_vat":{"regular_price":223.2}},"brands":[{"id":181,"name":"Jellycat","slug":"jellycat"}],"_links":{"self":[{"href":"https:\/\/www.hosgreta.se\/shop\/wp-json\/wp\/v2\/product\/374758","targetHints":{"allow":["GET"]}}],"collection":[{"href":"https:\/\/www.hosgreta.se\/shop\/wp-json\/wp\/v2\/product"}],"about":[{"href":"https:\/\/www.hosgreta.se\/shop\/wp-json\/wp\/v2\/types\/product"}],"replies":[{"embeddable":true,"href":"https:\/\/www.hosgreta.se\/shop\/wp-json\/wp\/v2\/comments?post=374758"}],"wp:featuredmedia":[{"embeddable":true,"href":"https:\/\/www.hosgreta.se\/shop\/wp-json\/wp\/v2\/media\/376485"}],"wp:attachment":[{"href":"https:\/\/www.hosgreta.se\/shop\/wp-json\/wp\/v2\/media?parent=374758"}],"wp:term":[{"taxonomy":"pwb-brand","embeddable":true,"href":"https:\/\/www.hosgreta.se\/shop\/wp-json\/wp\/v2\/pwb-brand?post=374758"},{"taxonomy":"product_brand","embeddable":true,"href":"https:\/\/www.hosgreta.se\/shop\/wp-json\/wp\/v2\/product_brand?post=374758"},{"taxonomy":"product_cat","embeddable":true,"href":"https:\/\/www.hosgreta.se\/shop\/wp-json\/wp\/v2\/product_cat?post=374758"},{"taxonomy":"product_tag","embeddable":true,"href":"https:\/\/www.hosgreta.se\/shop\/wp-json\/wp\/v2\/product_tag?post=374758"}],"curies":[{"name":"wp","href":"https:\/\/api.w.org\/{rel}","templated":true}]}}