{"id":376935,"date":"2022-12-19T21:08:12","date_gmt":"2022-12-19T20:08:12","guid":{"rendered":"https:\/\/www.hosgreta.se\/shop\/?post_type=product&#038;p=376935"},"modified":"2026-04-10T12:27:45","modified_gmt":"2026-04-10T10:27:45","slug":"koffeinfritt-by-lisa-malet-250-g","status":"publish","type":"product","link":"https:\/\/www.hosgreta.se\/shop\/produkt\/koffeinfritt-by-lisa-malet-250-g\/","title":{"rendered":"Koffeinfritt m\u00f6rkrost malet 250 g"},"content":{"rendered":"<p>Vikt: 250 g malet kaffe<\/p>\n<p>F\u00f6r varje s\u00e5lt kilo kaffe sk\u00e4nker Svanfeldts Coffee 10 kronor till Hj\u00e4rnfonden.<\/p>\n","protected":false},"excerpt":{"rendered":"<p>Koffeinfri, m\u00f6rkrost &#038; malet <\/p>\n<p>Mustig och kryddig med smak av kakao och svarta vinb\u00e4r.<br \/>\nPassar utm\u00e4rkt till sena kv\u00e4llar. <\/p>\n<p>Styrka 7<br \/>\nPassar att pressas och bryggas. <\/p>\n<p>Hej, jag heter Lisa Borg fd Anckarman. Vad kul att du har hittat hit!<br \/>\nKoffeinfritt kaffe har f\u00f6r\u00e4ndrat mitt liv! Och jag hoppas att det \u00e4ven kan f\u00f6r\u00e4ndra ditt.<br \/>\nEfter en kollaps med efterf\u00f6ljande hj\u00e4rnr\u00f6ntgen som sedan ledde till ADHD-diagnos blev jag mer uppm\u00e4rksam p\u00e5 vad som p\u00e5verkar min kropp negativt.<\/p>\n<p>Svenskar dricker i genomsnitt 3 koppar kaffe per \ufeff\ufeffdag och koffeinet kan p\u00e5verka v\u00e5r s\u00f6mn och nervsystem negativt. Om du, precis som jag, enkelt blir stressad och har n\u00e4ra till \u00e5ngest kan det vara en id\u00e9 att sk\u00e4ra ner p\u00e5 koffeinintaget.<\/p>\n<p>Koffeinfritt kaffe kan antingen vara det perfekta substitutet f\u00f6r ditt vanliga kaffe om du vill sluta med koffein helt. Men \u00e4ven perfekt som komplement efter din f\u00f6rsta morgonkopp f\u00f6r att inte forts\u00e4tta f\u00f6rse kroppen med koffein under dagen.<\/p>\n<p>Jag har rostat dessa b\u00f6nor h\u00e5rt. S\u00e5 h\u00e5rt att David som \u00e4ger Svanfeldts f\u00f6rst rynkade p\u00e5 n\u00e4san. Men nu \u00e4r vi alla \u00f6verens om att ett kraftfullt, koffeinfritt kaffe beh\u00f6vs p\u00e5 marknaden. Alla \u00e4r v\u00e4rda den d\u00e4r magiska kaffek\u00e4nslan i munnen, med eller utan koffein &#8211; s\u00e5 varf\u00f6r tumma p\u00e5 smaken?<\/p>\n","protected":false},"featured_media":376939,"comment_status":"closed","ping_status":"closed","template":"","meta":[],"pwb-brand":[317],"product_brand":[],"product_cat":[72,232],"product_tag":[],"class_list":{"0":"post-376935","1":"product","2":"type-product","3":"status-publish","4":"has-post-thumbnail","6":"pwb-brand-svanfeldts-coffee","7":"product_cat-atbart","8":"product_cat-kaffe-och-te","10":"first","11":"instock","12":"taxable","13":"shipping-taxable","14":"purchasable","15":"product-type-simple"},"yoast_head":"<!-- This site is optimized with the Yoast SEO plugin v27.4 - https:\/\/yoast.com\/product\/yoast-seo-wordpress\/ -->\n<title>Koffeinfritt m\u00f6rkrost malet 250 g - Hos Greta<\/title>\n<meta name=\"robots\" content=\"index, follow, max-snippet:-1, max-image-preview:large, max-video-preview:-1\" \/>\n<link rel=\"canonical\" href=\"https:\/\/www.hosgreta.se\/shop\/produkt\/koffeinfritt-by-lisa-malet-250-g\/\" \/>\n<meta property=\"og:locale\" content=\"sv_SE\" \/>\n<meta property=\"og:type\" content=\"article\" \/>\n<meta property=\"og:title\" content=\"Koffeinfritt m\u00f6rkrost malet 250 g - Hos Greta\" \/>\n<meta property=\"og:description\" content=\"Koffeinfri, m\u00f6rkrost &amp; malet   Mustig och kryddig med smak av kakao och svarta vinb\u00e4r. Passar utm\u00e4rkt till sena kv\u00e4llar.   Styrka 7 Passar att pressas och bryggas.   Hej, jag heter Lisa Borg fd Anckarman. Vad kul att du har hittat hit! Koffeinfritt kaffe har f\u00f6r\u00e4ndrat mitt liv! Och jag hoppas att det \u00e4ven kan f\u00f6r\u00e4ndra ditt. Efter en kollaps med efterf\u00f6ljande hj\u00e4rnr\u00f6ntgen som sedan ledde till ADHD-diagnos blev jag mer uppm\u00e4rksam p\u00e5 vad som p\u00e5verkar min kropp negativt.  Svenskar dricker i genomsnitt 3 koppar kaffe per \ufeff\ufeffdag och koffeinet kan p\u00e5verka v\u00e5r s\u00f6mn och nervsystem negativt. Om du, precis som jag, enkelt blir stressad och har n\u00e4ra till \u00e5ngest kan det vara en id\u00e9 att sk\u00e4ra ner p\u00e5 koffeinintaget.  Koffeinfritt kaffe kan antingen vara det perfekta substitutet f\u00f6r ditt vanliga kaffe om du vill sluta med koffein helt. Men \u00e4ven perfekt som komplement efter din f\u00f6rsta morgonkopp f\u00f6r att inte forts\u00e4tta f\u00f6rse kroppen med koffein under dagen.  Jag har rostat dessa b\u00f6nor h\u00e5rt. S\u00e5 h\u00e5rt att David som \u00e4ger Svanfeldts f\u00f6rst rynkade p\u00e5 n\u00e4san. Men nu \u00e4r vi alla \u00f6verens om att ett kraftfullt, koffeinfritt kaffe beh\u00f6vs p\u00e5 marknaden. Alla \u00e4r v\u00e4rda den d\u00e4r magiska kaffek\u00e4nslan i munnen, med eller utan koffein - s\u00e5 varf\u00f6r tumma p\u00e5 smaken?\" \/>\n<meta property=\"og:url\" content=\"https:\/\/www.hosgreta.se\/shop\/produkt\/koffeinfritt-by-lisa-malet-250-g\/\" \/>\n<meta property=\"og:site_name\" content=\"Hos Greta\" \/>\n<meta property=\"article:publisher\" content=\"https:\/\/www.facebook.com\/hosgreta\" \/>\n<meta property=\"article:modified_time\" content=\"2026-04-10T10:27:45+00:00\" \/>\n<meta property=\"og:image\" content=\"https:\/\/www.hosgreta.se\/shop\/wp-content\/uploads\/2022\/12\/Koffeinfritt-by-Lisa-malet-250-g-g-Beans-Brains-Svanfeldts-Coffee.jpeg\" \/>\n\t<meta property=\"og:image:width\" content=\"802\" \/>\n\t<meta property=\"og:image:height\" content=\"802\" \/>\n\t<meta property=\"og:image:type\" content=\"image\/jpeg\" \/>\n<meta name=\"twitter:card\" content=\"summary_large_image\" \/>\n<meta name=\"twitter:label1\" content=\"Ber\u00e4knad l\u00e4stid\" \/>\n\t<meta name=\"twitter:data1\" content=\"1 minut\" \/>\n<script type=\"application\/ld+json\" class=\"yoast-schema-graph\">{\"@context\":\"https:\\\/\\\/schema.org\",\"@graph\":[{\"@type\":\"WebPage\",\"@id\":\"https:\\\/\\\/www.hosgreta.se\\\/shop\\\/produkt\\\/koffeinfritt-by-lisa-malet-250-g\\\/\",\"url\":\"https:\\\/\\\/www.hosgreta.se\\\/shop\\\/produkt\\\/koffeinfritt-by-lisa-malet-250-g\\\/\",\"name\":\"Koffeinfritt m\u00f6rkrost malet 250 g - Hos Greta\",\"isPartOf\":{\"@id\":\"https:\\\/\\\/www.hosgreta.se\\\/shop\\\/#website\"},\"primaryImageOfPage\":{\"@id\":\"https:\\\/\\\/www.hosgreta.se\\\/shop\\\/produkt\\\/koffeinfritt-by-lisa-malet-250-g\\\/#primaryimage\"},\"image\":{\"@id\":\"https:\\\/\\\/www.hosgreta.se\\\/shop\\\/produkt\\\/koffeinfritt-by-lisa-malet-250-g\\\/#primaryimage\"},\"thumbnailUrl\":\"https:\\\/\\\/www.hosgreta.se\\\/shop\\\/wp-content\\\/uploads\\\/2022\\\/12\\\/Koffeinfritt-by-Lisa-malet-250-g-g-Beans-Brains-Svanfeldts-Coffee.jpeg\",\"datePublished\":\"2022-12-19T20:08:12+00:00\",\"dateModified\":\"2026-04-10T10:27:45+00:00\",\"breadcrumb\":{\"@id\":\"https:\\\/\\\/www.hosgreta.se\\\/shop\\\/produkt\\\/koffeinfritt-by-lisa-malet-250-g\\\/#breadcrumb\"},\"inLanguage\":\"sv-SE\",\"potentialAction\":[{\"@type\":\"ReadAction\",\"target\":[\"https:\\\/\\\/www.hosgreta.se\\\/shop\\\/produkt\\\/koffeinfritt-by-lisa-malet-250-g\\\/\"]}]},{\"@type\":\"ImageObject\",\"inLanguage\":\"sv-SE\",\"@id\":\"https:\\\/\\\/www.hosgreta.se\\\/shop\\\/produkt\\\/koffeinfritt-by-lisa-malet-250-g\\\/#primaryimage\",\"url\":\"https:\\\/\\\/www.hosgreta.se\\\/shop\\\/wp-content\\\/uploads\\\/2022\\\/12\\\/Koffeinfritt-by-Lisa-malet-250-g-g-Beans-Brains-Svanfeldts-Coffee.jpeg\",\"contentUrl\":\"https:\\\/\\\/www.hosgreta.se\\\/shop\\\/wp-content\\\/uploads\\\/2022\\\/12\\\/Koffeinfritt-by-Lisa-malet-250-g-g-Beans-Brains-Svanfeldts-Coffee.jpeg\",\"width\":802,\"height\":802,\"caption\":\"Koffeinfritt by Lisa malet 250 g g Beans & Brains Svanfeldts Coffee\"},{\"@type\":\"BreadcrumbList\",\"@id\":\"https:\\\/\\\/www.hosgreta.se\\\/shop\\\/produkt\\\/koffeinfritt-by-lisa-malet-250-g\\\/#breadcrumb\",\"itemListElement\":[{\"@type\":\"ListItem\",\"position\":1,\"name\":\"Hem\",\"item\":\"https:\\\/\\\/www.hosgreta.se\\\/shop\\\/\"},{\"@type\":\"ListItem\",\"position\":2,\"name\":\"Shop\",\"item\":\"https:\\\/\\\/www.hosgreta.se\\\/shop\\\/shop\\\/\"},{\"@type\":\"ListItem\",\"position\":3,\"name\":\"Koffeinfritt m\u00f6rkrost malet 250 g\"}]},{\"@type\":\"WebSite\",\"@id\":\"https:\\\/\\\/www.hosgreta.se\\\/shop\\\/#website\",\"url\":\"https:\\\/\\\/www.hosgreta.se\\\/shop\\\/\",\"name\":\"Hos Greta\",\"description\":\"Vi v\u00e4ljer ut v\u00e5ra varum\u00e4rken med stor omsorg.\",\"publisher\":{\"@id\":\"https:\\\/\\\/www.hosgreta.se\\\/shop\\\/#organization\"},\"potentialAction\":[{\"@type\":\"SearchAction\",\"target\":{\"@type\":\"EntryPoint\",\"urlTemplate\":\"https:\\\/\\\/www.hosgreta.se\\\/shop\\\/?s={search_term_string}\"},\"query-input\":{\"@type\":\"PropertyValueSpecification\",\"valueRequired\":true,\"valueName\":\"search_term_string\"}}],\"inLanguage\":\"sv-SE\"},{\"@type\":\"Organization\",\"@id\":\"https:\\\/\\\/www.hosgreta.se\\\/shop\\\/#organization\",\"name\":\"Hos Greta\",\"url\":\"https:\\\/\\\/www.hosgreta.se\\\/shop\\\/\",\"logo\":{\"@type\":\"ImageObject\",\"inLanguage\":\"sv-SE\",\"@id\":\"https:\\\/\\\/www.hosgreta.se\\\/shop\\\/#\\\/schema\\\/logo\\\/image\\\/\",\"url\":\"https:\\\/\\\/www.hosgreta.se\\\/shop\\\/wp-content\\\/uploads\\\/2018\\\/03\\\/Logo_HosGreta_svart.png\",\"contentUrl\":\"https:\\\/\\\/www.hosgreta.se\\\/shop\\\/wp-content\\\/uploads\\\/2018\\\/03\\\/Logo_HosGreta_svart.png\",\"width\":851,\"height\":851,\"caption\":\"Hos Greta\"},\"image\":{\"@id\":\"https:\\\/\\\/www.hosgreta.se\\\/shop\\\/#\\\/schema\\\/logo\\\/image\\\/\"},\"sameAs\":[\"https:\\\/\\\/www.facebook.com\\\/hosgreta\",\"https:\\\/\\\/www.instagram.com\\\/hosgreta\"]}]}<\/script>\n<!-- \/ Yoast SEO plugin. -->","yoast_head_json":{"title":"Koffeinfritt m\u00f6rkrost malet 250 g - Hos Greta","robots":{"index":"index","follow":"follow","max-snippet":"max-snippet:-1","max-image-preview":"max-image-preview:large","max-video-preview":"max-video-preview:-1"},"canonical":"https:\/\/www.hosgreta.se\/shop\/produkt\/koffeinfritt-by-lisa-malet-250-g\/","og_locale":"sv_SE","og_type":"article","og_title":"Koffeinfritt m\u00f6rkrost malet 250 g - Hos Greta","og_description":"Koffeinfri, m\u00f6rkrost & malet   Mustig och kryddig med smak av kakao och svarta vinb\u00e4r. Passar utm\u00e4rkt till sena kv\u00e4llar.   Styrka 7 Passar att pressas och bryggas.   Hej, jag heter Lisa Borg fd Anckarman. Vad kul att du har hittat hit! Koffeinfritt kaffe har f\u00f6r\u00e4ndrat mitt liv! Och jag hoppas att det \u00e4ven kan f\u00f6r\u00e4ndra ditt. Efter en kollaps med efterf\u00f6ljande hj\u00e4rnr\u00f6ntgen som sedan ledde till ADHD-diagnos blev jag mer uppm\u00e4rksam p\u00e5 vad som p\u00e5verkar min kropp negativt.  Svenskar dricker i genomsnitt 3 koppar kaffe per \ufeff\ufeffdag och koffeinet kan p\u00e5verka v\u00e5r s\u00f6mn och nervsystem negativt. Om du, precis som jag, enkelt blir stressad och har n\u00e4ra till \u00e5ngest kan det vara en id\u00e9 att sk\u00e4ra ner p\u00e5 koffeinintaget.  Koffeinfritt kaffe kan antingen vara det perfekta substitutet f\u00f6r ditt vanliga kaffe om du vill sluta med koffein helt. Men \u00e4ven perfekt som komplement efter din f\u00f6rsta morgonkopp f\u00f6r att inte forts\u00e4tta f\u00f6rse kroppen med koffein under dagen.  Jag har rostat dessa b\u00f6nor h\u00e5rt. S\u00e5 h\u00e5rt att David som \u00e4ger Svanfeldts f\u00f6rst rynkade p\u00e5 n\u00e4san. Men nu \u00e4r vi alla \u00f6verens om att ett kraftfullt, koffeinfritt kaffe beh\u00f6vs p\u00e5 marknaden. Alla \u00e4r v\u00e4rda den d\u00e4r magiska kaffek\u00e4nslan i munnen, med eller utan koffein - s\u00e5 varf\u00f6r tumma p\u00e5 smaken?","og_url":"https:\/\/www.hosgreta.se\/shop\/produkt\/koffeinfritt-by-lisa-malet-250-g\/","og_site_name":"Hos Greta","article_publisher":"https:\/\/www.facebook.com\/hosgreta","article_modified_time":"2026-04-10T10:27:45+00:00","og_image":[{"width":802,"height":802,"url":"https:\/\/www.hosgreta.se\/shop\/wp-content\/uploads\/2022\/12\/Koffeinfritt-by-Lisa-malet-250-g-g-Beans-Brains-Svanfeldts-Coffee.jpeg","type":"image\/jpeg"}],"twitter_card":"summary_large_image","twitter_misc":{"Ber\u00e4knad l\u00e4stid":"1 minut"},"schema":{"@context":"https:\/\/schema.org","@graph":[{"@type":"WebPage","@id":"https:\/\/www.hosgreta.se\/shop\/produkt\/koffeinfritt-by-lisa-malet-250-g\/","url":"https:\/\/www.hosgreta.se\/shop\/produkt\/koffeinfritt-by-lisa-malet-250-g\/","name":"Koffeinfritt m\u00f6rkrost malet 250 g - Hos Greta","isPartOf":{"@id":"https:\/\/www.hosgreta.se\/shop\/#website"},"primaryImageOfPage":{"@id":"https:\/\/www.hosgreta.se\/shop\/produkt\/koffeinfritt-by-lisa-malet-250-g\/#primaryimage"},"image":{"@id":"https:\/\/www.hosgreta.se\/shop\/produkt\/koffeinfritt-by-lisa-malet-250-g\/#primaryimage"},"thumbnailUrl":"https:\/\/www.hosgreta.se\/shop\/wp-content\/uploads\/2022\/12\/Koffeinfritt-by-Lisa-malet-250-g-g-Beans-Brains-Svanfeldts-Coffee.jpeg","datePublished":"2022-12-19T20:08:12+00:00","dateModified":"2026-04-10T10:27:45+00:00","breadcrumb":{"@id":"https:\/\/www.hosgreta.se\/shop\/produkt\/koffeinfritt-by-lisa-malet-250-g\/#breadcrumb"},"inLanguage":"sv-SE","potentialAction":[{"@type":"ReadAction","target":["https:\/\/www.hosgreta.se\/shop\/produkt\/koffeinfritt-by-lisa-malet-250-g\/"]}]},{"@type":"ImageObject","inLanguage":"sv-SE","@id":"https:\/\/www.hosgreta.se\/shop\/produkt\/koffeinfritt-by-lisa-malet-250-g\/#primaryimage","url":"https:\/\/www.hosgreta.se\/shop\/wp-content\/uploads\/2022\/12\/Koffeinfritt-by-Lisa-malet-250-g-g-Beans-Brains-Svanfeldts-Coffee.jpeg","contentUrl":"https:\/\/www.hosgreta.se\/shop\/wp-content\/uploads\/2022\/12\/Koffeinfritt-by-Lisa-malet-250-g-g-Beans-Brains-Svanfeldts-Coffee.jpeg","width":802,"height":802,"caption":"Koffeinfritt by Lisa malet 250 g g Beans & Brains Svanfeldts Coffee"},{"@type":"BreadcrumbList","@id":"https:\/\/www.hosgreta.se\/shop\/produkt\/koffeinfritt-by-lisa-malet-250-g\/#breadcrumb","itemListElement":[{"@type":"ListItem","position":1,"name":"Hem","item":"https:\/\/www.hosgreta.se\/shop\/"},{"@type":"ListItem","position":2,"name":"Shop","item":"https:\/\/www.hosgreta.se\/shop\/shop\/"},{"@type":"ListItem","position":3,"name":"Koffeinfritt m\u00f6rkrost malet 250 g"}]},{"@type":"WebSite","@id":"https:\/\/www.hosgreta.se\/shop\/#website","url":"https:\/\/www.hosgreta.se\/shop\/","name":"Hos Greta","description":"Vi v\u00e4ljer ut v\u00e5ra varum\u00e4rken med stor omsorg.","publisher":{"@id":"https:\/\/www.hosgreta.se\/shop\/#organization"},"potentialAction":[{"@type":"SearchAction","target":{"@type":"EntryPoint","urlTemplate":"https:\/\/www.hosgreta.se\/shop\/?s={search_term_string}"},"query-input":{"@type":"PropertyValueSpecification","valueRequired":true,"valueName":"search_term_string"}}],"inLanguage":"sv-SE"},{"@type":"Organization","@id":"https:\/\/www.hosgreta.se\/shop\/#organization","name":"Hos Greta","url":"https:\/\/www.hosgreta.se\/shop\/","logo":{"@type":"ImageObject","inLanguage":"sv-SE","@id":"https:\/\/www.hosgreta.se\/shop\/#\/schema\/logo\/image\/","url":"https:\/\/www.hosgreta.se\/shop\/wp-content\/uploads\/2018\/03\/Logo_HosGreta_svart.png","contentUrl":"https:\/\/www.hosgreta.se\/shop\/wp-content\/uploads\/2018\/03\/Logo_HosGreta_svart.png","width":851,"height":851,"caption":"Hos Greta"},"image":{"@id":"https:\/\/www.hosgreta.se\/shop\/#\/schema\/logo\/image\/"},"sameAs":["https:\/\/www.facebook.com\/hosgreta","https:\/\/www.instagram.com\/hosgreta"]}]}},"kroconnect":{"tax_rate":6,"price_inc_vat":{"regular_price":113.57},"price_ex_vat":{"regular_price":107.141509}},"brands":[{"id":317,"name":"Svanfeldts Coffee","slug":"svanfeldts-coffee"}],"_links":{"self":[{"href":"https:\/\/www.hosgreta.se\/shop\/wp-json\/wp\/v2\/product\/376935","targetHints":{"allow":["GET"]}}],"collection":[{"href":"https:\/\/www.hosgreta.se\/shop\/wp-json\/wp\/v2\/product"}],"about":[{"href":"https:\/\/www.hosgreta.se\/shop\/wp-json\/wp\/v2\/types\/product"}],"replies":[{"embeddable":true,"href":"https:\/\/www.hosgreta.se\/shop\/wp-json\/wp\/v2\/comments?post=376935"}],"wp:featuredmedia":[{"embeddable":true,"href":"https:\/\/www.hosgreta.se\/shop\/wp-json\/wp\/v2\/media\/376939"}],"wp:attachment":[{"href":"https:\/\/www.hosgreta.se\/shop\/wp-json\/wp\/v2\/media?parent=376935"}],"wp:term":[{"taxonomy":"pwb-brand","embeddable":true,"href":"https:\/\/www.hosgreta.se\/shop\/wp-json\/wp\/v2\/pwb-brand?post=376935"},{"taxonomy":"product_brand","embeddable":true,"href":"https:\/\/www.hosgreta.se\/shop\/wp-json\/wp\/v2\/product_brand?post=376935"},{"taxonomy":"product_cat","embeddable":true,"href":"https:\/\/www.hosgreta.se\/shop\/wp-json\/wp\/v2\/product_cat?post=376935"},{"taxonomy":"product_tag","embeddable":true,"href":"https:\/\/www.hosgreta.se\/shop\/wp-json\/wp\/v2\/product_tag?post=376935"}],"curies":[{"name":"wp","href":"https:\/\/api.w.org\/{rel}","templated":true}]}}