{"id":377627,"date":"2023-04-05T10:03:50","date_gmt":"2023-04-05T08:03:50","guid":{"rendered":"https:\/\/www.hosgreta.se\/shop\/?post_type=product&#038;p=377627"},"modified":"2026-03-31T21:00:54","modified_gmt":"2026-03-31T19:00:54","slug":"wally-and-whiz-vingummi-lakrits-med-havtorn","status":"publish","type":"product","link":"https:\/\/www.hosgreta.se\/shop\/produkt\/wally-and-whiz-vingummi-lakrits-med-havtorn\/","title":{"rendered":"Wally and Whiz Vingummi Lakrits Med Havtorn"},"content":{"rendered":"<p>140 g<\/p>\n<p>Ingredienser: glukos-fruktossirap, socker, vatten, majsst\u00e4rkelse, lakrits, socker, ammonioklorid, salt, kokosolja, havtornspulver, surg\u00f6rande medel (citronsyra), ytbehandlingsmedel (carnuba wax).<\/p>\n","protected":false},"excerpt":{"rendered":"<p>Gourmet vingummin med lakritssmak bestr\u00f6dda med havtornspulver. S\u00f6ta toner som f\u00f6rst\u00e4rker varandra och kombinerar den l\u00e4tt sura b\u00e4rsmaken med den kraftfulla lakritsen.<br \/>\nLakrits finns i m\u00e5nga olika smakvarianter, Wally and Whiz anv\u00e4nder en svart mjuk r\u00e5lakrits med en m\u00f6rk kraftfull smak med en l\u00e4tt bitterhet.<br \/>\nF\u00e4rsk havtorn som v\u00e4xer l\u00e4ngs Danmarks kustlinjer frystorkas f\u00f6r att bevara b\u00e4rets aromatiska egenskaper och blir sedan till ett s\u00f6tsyrligt pulver.<\/p>\n<p>Endast naturliga f\u00e4rger och smaker<br \/>\nGlutenfri<br \/>\nVegansk<br \/>\n\u00c5tervunnen plastf\u00f6rpackning<\/p>\n","protected":false},"featured_media":377664,"comment_status":"closed","ping_status":"closed","template":"","meta":[],"pwb-brand":[319],"product_brand":[],"product_cat":[72,215],"product_tag":[],"class_list":{"0":"post-377627","1":"product","2":"type-product","3":"status-publish","4":"has-post-thumbnail","6":"pwb-brand-wallyandwhiz","7":"product_cat-atbart","8":"product_cat-godis","10":"first","11":"outofstock","12":"taxable","13":"shipping-taxable","14":"purchasable","15":"product-type-simple"},"yoast_head":"<!-- This site is optimized with the Yoast SEO plugin v27.4 - https:\/\/yoast.com\/product\/yoast-seo-wordpress\/ -->\n<title>Wally and Whiz Vingummi Lakrits Med Havtorn - Hos Greta<\/title>\n<meta name=\"robots\" content=\"index, follow, max-snippet:-1, max-image-preview:large, max-video-preview:-1\" \/>\n<link rel=\"canonical\" href=\"https:\/\/www.hosgreta.se\/shop\/produkt\/wally-and-whiz-vingummi-lakrits-med-havtorn\/\" \/>\n<meta property=\"og:locale\" content=\"sv_SE\" \/>\n<meta property=\"og:type\" content=\"article\" \/>\n<meta property=\"og:title\" content=\"Wally and Whiz Vingummi Lakrits Med Havtorn - Hos Greta\" \/>\n<meta property=\"og:description\" content=\"Gourmet vingummin med lakritssmak bestr\u00f6dda med havtornspulver. S\u00f6ta toner som f\u00f6rst\u00e4rker varandra och kombinerar den l\u00e4tt sura b\u00e4rsmaken med den kraftfulla lakritsen. Lakrits finns i m\u00e5nga olika smakvarianter, Wally and Whiz anv\u00e4nder en svart mjuk r\u00e5lakrits med en m\u00f6rk kraftfull smak med en l\u00e4tt bitterhet. F\u00e4rsk havtorn som v\u00e4xer l\u00e4ngs Danmarks kustlinjer frystorkas f\u00f6r att bevara b\u00e4rets aromatiska egenskaper och blir sedan till ett s\u00f6tsyrligt pulver.  Endast naturliga f\u00e4rger och smaker Glutenfri Vegansk \u00c5tervunnen plastf\u00f6rpackning\" \/>\n<meta property=\"og:url\" content=\"https:\/\/www.hosgreta.se\/shop\/produkt\/wally-and-whiz-vingummi-lakrits-med-havtorn\/\" \/>\n<meta property=\"og:site_name\" content=\"Hos Greta\" \/>\n<meta property=\"article:publisher\" content=\"https:\/\/www.facebook.com\/hosgreta\" \/>\n<meta property=\"article:modified_time\" content=\"2026-03-31T19:00:54+00:00\" \/>\n<meta property=\"og:image\" content=\"https:\/\/www.hosgreta.se\/shop\/wp-content\/uploads\/2023\/04\/Wally-and-Whiz-Vingummi-Lakrits-Med-Havtorn.jpg\" \/>\n\t<meta property=\"og:image:width\" content=\"480\" \/>\n\t<meta property=\"og:image:height\" content=\"480\" \/>\n\t<meta property=\"og:image:type\" content=\"image\/jpeg\" \/>\n<meta name=\"twitter:card\" content=\"summary_large_image\" \/>\n<meta name=\"twitter:label1\" content=\"Ber\u00e4knad l\u00e4stid\" \/>\n\t<meta name=\"twitter:data1\" content=\"1 minut\" \/>\n<script type=\"application\/ld+json\" class=\"yoast-schema-graph\">{\"@context\":\"https:\\\/\\\/schema.org\",\"@graph\":[{\"@type\":\"WebPage\",\"@id\":\"https:\\\/\\\/www.hosgreta.se\\\/shop\\\/produkt\\\/wally-and-whiz-vingummi-lakrits-med-havtorn\\\/\",\"url\":\"https:\\\/\\\/www.hosgreta.se\\\/shop\\\/produkt\\\/wally-and-whiz-vingummi-lakrits-med-havtorn\\\/\",\"name\":\"Wally and Whiz Vingummi Lakrits Med Havtorn - Hos Greta\",\"isPartOf\":{\"@id\":\"https:\\\/\\\/www.hosgreta.se\\\/shop\\\/#website\"},\"primaryImageOfPage\":{\"@id\":\"https:\\\/\\\/www.hosgreta.se\\\/shop\\\/produkt\\\/wally-and-whiz-vingummi-lakrits-med-havtorn\\\/#primaryimage\"},\"image\":{\"@id\":\"https:\\\/\\\/www.hosgreta.se\\\/shop\\\/produkt\\\/wally-and-whiz-vingummi-lakrits-med-havtorn\\\/#primaryimage\"},\"thumbnailUrl\":\"https:\\\/\\\/www.hosgreta.se\\\/shop\\\/wp-content\\\/uploads\\\/2023\\\/04\\\/Wally-and-Whiz-Vingummi-Lakrits-Med-Havtorn.jpg\",\"datePublished\":\"2023-04-05T08:03:50+00:00\",\"dateModified\":\"2026-03-31T19:00:54+00:00\",\"breadcrumb\":{\"@id\":\"https:\\\/\\\/www.hosgreta.se\\\/shop\\\/produkt\\\/wally-and-whiz-vingummi-lakrits-med-havtorn\\\/#breadcrumb\"},\"inLanguage\":\"sv-SE\",\"potentialAction\":[{\"@type\":\"ReadAction\",\"target\":[\"https:\\\/\\\/www.hosgreta.se\\\/shop\\\/produkt\\\/wally-and-whiz-vingummi-lakrits-med-havtorn\\\/\"]}]},{\"@type\":\"ImageObject\",\"inLanguage\":\"sv-SE\",\"@id\":\"https:\\\/\\\/www.hosgreta.se\\\/shop\\\/produkt\\\/wally-and-whiz-vingummi-lakrits-med-havtorn\\\/#primaryimage\",\"url\":\"https:\\\/\\\/www.hosgreta.se\\\/shop\\\/wp-content\\\/uploads\\\/2023\\\/04\\\/Wally-and-Whiz-Vingummi-Lakrits-Med-Havtorn.jpg\",\"contentUrl\":\"https:\\\/\\\/www.hosgreta.se\\\/shop\\\/wp-content\\\/uploads\\\/2023\\\/04\\\/Wally-and-Whiz-Vingummi-Lakrits-Med-Havtorn.jpg\",\"width\":480,\"height\":480,\"caption\":\"Wally and Whiz Vingummi Lakrits Med Havtorn\"},{\"@type\":\"BreadcrumbList\",\"@id\":\"https:\\\/\\\/www.hosgreta.se\\\/shop\\\/produkt\\\/wally-and-whiz-vingummi-lakrits-med-havtorn\\\/#breadcrumb\",\"itemListElement\":[{\"@type\":\"ListItem\",\"position\":1,\"name\":\"Hem\",\"item\":\"https:\\\/\\\/www.hosgreta.se\\\/shop\\\/\"},{\"@type\":\"ListItem\",\"position\":2,\"name\":\"Shop\",\"item\":\"https:\\\/\\\/www.hosgreta.se\\\/shop\\\/shop\\\/\"},{\"@type\":\"ListItem\",\"position\":3,\"name\":\"Wally and Whiz Vingummi Lakrits Med Havtorn\"}]},{\"@type\":\"WebSite\",\"@id\":\"https:\\\/\\\/www.hosgreta.se\\\/shop\\\/#website\",\"url\":\"https:\\\/\\\/www.hosgreta.se\\\/shop\\\/\",\"name\":\"Hos Greta\",\"description\":\"Vi v\u00e4ljer ut v\u00e5ra varum\u00e4rken med stor omsorg.\",\"publisher\":{\"@id\":\"https:\\\/\\\/www.hosgreta.se\\\/shop\\\/#organization\"},\"potentialAction\":[{\"@type\":\"SearchAction\",\"target\":{\"@type\":\"EntryPoint\",\"urlTemplate\":\"https:\\\/\\\/www.hosgreta.se\\\/shop\\\/?s={search_term_string}\"},\"query-input\":{\"@type\":\"PropertyValueSpecification\",\"valueRequired\":true,\"valueName\":\"search_term_string\"}}],\"inLanguage\":\"sv-SE\"},{\"@type\":\"Organization\",\"@id\":\"https:\\\/\\\/www.hosgreta.se\\\/shop\\\/#organization\",\"name\":\"Hos Greta\",\"url\":\"https:\\\/\\\/www.hosgreta.se\\\/shop\\\/\",\"logo\":{\"@type\":\"ImageObject\",\"inLanguage\":\"sv-SE\",\"@id\":\"https:\\\/\\\/www.hosgreta.se\\\/shop\\\/#\\\/schema\\\/logo\\\/image\\\/\",\"url\":\"https:\\\/\\\/www.hosgreta.se\\\/shop\\\/wp-content\\\/uploads\\\/2018\\\/03\\\/Logo_HosGreta_svart.png\",\"contentUrl\":\"https:\\\/\\\/www.hosgreta.se\\\/shop\\\/wp-content\\\/uploads\\\/2018\\\/03\\\/Logo_HosGreta_svart.png\",\"width\":851,\"height\":851,\"caption\":\"Hos Greta\"},\"image\":{\"@id\":\"https:\\\/\\\/www.hosgreta.se\\\/shop\\\/#\\\/schema\\\/logo\\\/image\\\/\"},\"sameAs\":[\"https:\\\/\\\/www.facebook.com\\\/hosgreta\",\"https:\\\/\\\/www.instagram.com\\\/hosgreta\"]}]}<\/script>\n<!-- \/ Yoast SEO plugin. -->","yoast_head_json":{"title":"Wally and Whiz Vingummi Lakrits Med Havtorn - Hos Greta","robots":{"index":"index","follow":"follow","max-snippet":"max-snippet:-1","max-image-preview":"max-image-preview:large","max-video-preview":"max-video-preview:-1"},"canonical":"https:\/\/www.hosgreta.se\/shop\/produkt\/wally-and-whiz-vingummi-lakrits-med-havtorn\/","og_locale":"sv_SE","og_type":"article","og_title":"Wally and Whiz Vingummi Lakrits Med Havtorn - Hos Greta","og_description":"Gourmet vingummin med lakritssmak bestr\u00f6dda med havtornspulver. S\u00f6ta toner som f\u00f6rst\u00e4rker varandra och kombinerar den l\u00e4tt sura b\u00e4rsmaken med den kraftfulla lakritsen. Lakrits finns i m\u00e5nga olika smakvarianter, Wally and Whiz anv\u00e4nder en svart mjuk r\u00e5lakrits med en m\u00f6rk kraftfull smak med en l\u00e4tt bitterhet. F\u00e4rsk havtorn som v\u00e4xer l\u00e4ngs Danmarks kustlinjer frystorkas f\u00f6r att bevara b\u00e4rets aromatiska egenskaper och blir sedan till ett s\u00f6tsyrligt pulver.  Endast naturliga f\u00e4rger och smaker Glutenfri Vegansk \u00c5tervunnen plastf\u00f6rpackning","og_url":"https:\/\/www.hosgreta.se\/shop\/produkt\/wally-and-whiz-vingummi-lakrits-med-havtorn\/","og_site_name":"Hos Greta","article_publisher":"https:\/\/www.facebook.com\/hosgreta","article_modified_time":"2026-03-31T19:00:54+00:00","og_image":[{"width":480,"height":480,"url":"https:\/\/www.hosgreta.se\/shop\/wp-content\/uploads\/2023\/04\/Wally-and-Whiz-Vingummi-Lakrits-Med-Havtorn.jpg","type":"image\/jpeg"}],"twitter_card":"summary_large_image","twitter_misc":{"Ber\u00e4knad l\u00e4stid":"1 minut"},"schema":{"@context":"https:\/\/schema.org","@graph":[{"@type":"WebPage","@id":"https:\/\/www.hosgreta.se\/shop\/produkt\/wally-and-whiz-vingummi-lakrits-med-havtorn\/","url":"https:\/\/www.hosgreta.se\/shop\/produkt\/wally-and-whiz-vingummi-lakrits-med-havtorn\/","name":"Wally and Whiz Vingummi Lakrits Med Havtorn - Hos Greta","isPartOf":{"@id":"https:\/\/www.hosgreta.se\/shop\/#website"},"primaryImageOfPage":{"@id":"https:\/\/www.hosgreta.se\/shop\/produkt\/wally-and-whiz-vingummi-lakrits-med-havtorn\/#primaryimage"},"image":{"@id":"https:\/\/www.hosgreta.se\/shop\/produkt\/wally-and-whiz-vingummi-lakrits-med-havtorn\/#primaryimage"},"thumbnailUrl":"https:\/\/www.hosgreta.se\/shop\/wp-content\/uploads\/2023\/04\/Wally-and-Whiz-Vingummi-Lakrits-Med-Havtorn.jpg","datePublished":"2023-04-05T08:03:50+00:00","dateModified":"2026-03-31T19:00:54+00:00","breadcrumb":{"@id":"https:\/\/www.hosgreta.se\/shop\/produkt\/wally-and-whiz-vingummi-lakrits-med-havtorn\/#breadcrumb"},"inLanguage":"sv-SE","potentialAction":[{"@type":"ReadAction","target":["https:\/\/www.hosgreta.se\/shop\/produkt\/wally-and-whiz-vingummi-lakrits-med-havtorn\/"]}]},{"@type":"ImageObject","inLanguage":"sv-SE","@id":"https:\/\/www.hosgreta.se\/shop\/produkt\/wally-and-whiz-vingummi-lakrits-med-havtorn\/#primaryimage","url":"https:\/\/www.hosgreta.se\/shop\/wp-content\/uploads\/2023\/04\/Wally-and-Whiz-Vingummi-Lakrits-Med-Havtorn.jpg","contentUrl":"https:\/\/www.hosgreta.se\/shop\/wp-content\/uploads\/2023\/04\/Wally-and-Whiz-Vingummi-Lakrits-Med-Havtorn.jpg","width":480,"height":480,"caption":"Wally and Whiz Vingummi Lakrits Med Havtorn"},{"@type":"BreadcrumbList","@id":"https:\/\/www.hosgreta.se\/shop\/produkt\/wally-and-whiz-vingummi-lakrits-med-havtorn\/#breadcrumb","itemListElement":[{"@type":"ListItem","position":1,"name":"Hem","item":"https:\/\/www.hosgreta.se\/shop\/"},{"@type":"ListItem","position":2,"name":"Shop","item":"https:\/\/www.hosgreta.se\/shop\/shop\/"},{"@type":"ListItem","position":3,"name":"Wally and Whiz Vingummi Lakrits Med Havtorn"}]},{"@type":"WebSite","@id":"https:\/\/www.hosgreta.se\/shop\/#website","url":"https:\/\/www.hosgreta.se\/shop\/","name":"Hos Greta","description":"Vi v\u00e4ljer ut v\u00e5ra varum\u00e4rken med stor omsorg.","publisher":{"@id":"https:\/\/www.hosgreta.se\/shop\/#organization"},"potentialAction":[{"@type":"SearchAction","target":{"@type":"EntryPoint","urlTemplate":"https:\/\/www.hosgreta.se\/shop\/?s={search_term_string}"},"query-input":{"@type":"PropertyValueSpecification","valueRequired":true,"valueName":"search_term_string"}}],"inLanguage":"sv-SE"},{"@type":"Organization","@id":"https:\/\/www.hosgreta.se\/shop\/#organization","name":"Hos Greta","url":"https:\/\/www.hosgreta.se\/shop\/","logo":{"@type":"ImageObject","inLanguage":"sv-SE","@id":"https:\/\/www.hosgreta.se\/shop\/#\/schema\/logo\/image\/","url":"https:\/\/www.hosgreta.se\/shop\/wp-content\/uploads\/2018\/03\/Logo_HosGreta_svart.png","contentUrl":"https:\/\/www.hosgreta.se\/shop\/wp-content\/uploads\/2018\/03\/Logo_HosGreta_svart.png","width":851,"height":851,"caption":"Hos Greta"},"image":{"@id":"https:\/\/www.hosgreta.se\/shop\/#\/schema\/logo\/image\/"},"sameAs":["https:\/\/www.facebook.com\/hosgreta","https:\/\/www.instagram.com\/hosgreta"]}]}},"kroconnect":{"tax_rate":6,"price_inc_vat":{"regular_price":110},"price_ex_vat":{"regular_price":103.773585}},"brands":[{"id":319,"name":"Wally And Whiz","slug":"wallyandwhiz"}],"_links":{"self":[{"href":"https:\/\/www.hosgreta.se\/shop\/wp-json\/wp\/v2\/product\/377627","targetHints":{"allow":["GET"]}}],"collection":[{"href":"https:\/\/www.hosgreta.se\/shop\/wp-json\/wp\/v2\/product"}],"about":[{"href":"https:\/\/www.hosgreta.se\/shop\/wp-json\/wp\/v2\/types\/product"}],"replies":[{"embeddable":true,"href":"https:\/\/www.hosgreta.se\/shop\/wp-json\/wp\/v2\/comments?post=377627"}],"wp:featuredmedia":[{"embeddable":true,"href":"https:\/\/www.hosgreta.se\/shop\/wp-json\/wp\/v2\/media\/377664"}],"wp:attachment":[{"href":"https:\/\/www.hosgreta.se\/shop\/wp-json\/wp\/v2\/media?parent=377627"}],"wp:term":[{"taxonomy":"pwb-brand","embeddable":true,"href":"https:\/\/www.hosgreta.se\/shop\/wp-json\/wp\/v2\/pwb-brand?post=377627"},{"taxonomy":"product_brand","embeddable":true,"href":"https:\/\/www.hosgreta.se\/shop\/wp-json\/wp\/v2\/product_brand?post=377627"},{"taxonomy":"product_cat","embeddable":true,"href":"https:\/\/www.hosgreta.se\/shop\/wp-json\/wp\/v2\/product_cat?post=377627"},{"taxonomy":"product_tag","embeddable":true,"href":"https:\/\/www.hosgreta.se\/shop\/wp-json\/wp\/v2\/product_tag?post=377627"}],"curies":[{"name":"wp","href":"https:\/\/api.w.org\/{rel}","templated":true}]}}