{"id":377628,"date":"2023-04-05T10:04:29","date_gmt":"2023-04-05T08:04:29","guid":{"rendered":"https:\/\/www.hosgreta.se\/shop\/?post_type=product&#038;p=377628"},"modified":"2026-03-31T21:00:54","modified_gmt":"2026-03-31T19:00:54","slug":"wally-and-whiz-vingummi-mango-passionsfrukt","status":"publish","type":"product","link":"https:\/\/www.hosgreta.se\/shop\/produkt\/wally-and-whiz-vingummi-mango-passionsfrukt\/","title":{"rendered":"Wally and Whiz Vingummi Mango Passionsfrukt"},"content":{"rendered":"<p>140 g<\/p>\n<p>Ingredienser: glukos-fruktossirap, socker, vatten, majsst\u00e4rkelse, surhetsreglerande medel (\u00e4ppelsyra, natriumcitrat), aromer, socker, f\u00e4rg\u00e4mnen (svart morot, stj\u00e4rnfrukt), kokosolja, passionsfrukt pulver, surg\u00f6rande medel (citronsyra), ytbehandlingsmedel (carnuba wax).<\/p>\n","protected":false},"excerpt":{"rendered":"<p>Passionsfrukt har med sin distinkta smak och exotiska s\u00f6tma hittat v\u00e4gen till m\u00e5nga m\u00e4nniskors hj\u00e4rtan. En syrlig och fin s\u00f6tma som \u00e4r briljant tillsammans med mangons djupa s\u00f6tma.<\/p>\n<p>Endast naturliga f\u00e4rger och smaker<br \/>\nGlutenfri<br \/>\nVegansk<br \/>\n\u00c5tervunnen plastf\u00f6rpackning<\/p>\n","protected":false},"featured_media":377670,"comment_status":"closed","ping_status":"closed","template":"","meta":[],"pwb-brand":[319],"product_brand":[],"product_cat":[72,215],"product_tag":[],"class_list":{"0":"post-377628","1":"product","2":"type-product","3":"status-publish","4":"has-post-thumbnail","6":"pwb-brand-wallyandwhiz","7":"product_cat-atbart","8":"product_cat-godis","10":"first","11":"outofstock","12":"taxable","13":"shipping-taxable","14":"purchasable","15":"product-type-simple"},"yoast_head":"<!-- This site is optimized with the Yoast SEO plugin v27.4 - https:\/\/yoast.com\/product\/yoast-seo-wordpress\/ -->\n<title>Wally and Whiz Vingummi Mango Passionsfrukt - Hos Greta<\/title>\n<meta name=\"robots\" content=\"index, follow, max-snippet:-1, max-image-preview:large, max-video-preview:-1\" \/>\n<link rel=\"canonical\" href=\"https:\/\/www.hosgreta.se\/shop\/produkt\/wally-and-whiz-vingummi-mango-passionsfrukt\/\" \/>\n<meta property=\"og:locale\" content=\"sv_SE\" \/>\n<meta property=\"og:type\" content=\"article\" \/>\n<meta property=\"og:title\" content=\"Wally and Whiz Vingummi Mango Passionsfrukt - Hos Greta\" \/>\n<meta property=\"og:description\" content=\"Passionsfrukt har med sin distinkta smak och exotiska s\u00f6tma hittat v\u00e4gen till m\u00e5nga m\u00e4nniskors hj\u00e4rtan. En syrlig och fin s\u00f6tma som \u00e4r briljant tillsammans med mangons djupa s\u00f6tma.  Endast naturliga f\u00e4rger och smaker Glutenfri Vegansk \u00c5tervunnen plastf\u00f6rpackning\" \/>\n<meta property=\"og:url\" content=\"https:\/\/www.hosgreta.se\/shop\/produkt\/wally-and-whiz-vingummi-mango-passionsfrukt\/\" \/>\n<meta property=\"og:site_name\" content=\"Hos Greta\" \/>\n<meta property=\"article:publisher\" content=\"https:\/\/www.facebook.com\/hosgreta\" \/>\n<meta property=\"article:modified_time\" content=\"2026-03-31T19:00:54+00:00\" \/>\n<meta property=\"og:image\" content=\"https:\/\/www.hosgreta.se\/shop\/wp-content\/uploads\/2023\/04\/Wally-and-Whiz-Vingummi-Mango-Passionsfrukt.jpg\" \/>\n\t<meta property=\"og:image:width\" content=\"480\" \/>\n\t<meta property=\"og:image:height\" content=\"480\" \/>\n\t<meta property=\"og:image:type\" content=\"image\/jpeg\" \/>\n<meta name=\"twitter:card\" content=\"summary_large_image\" \/>\n<meta name=\"twitter:label1\" content=\"Ber\u00e4knad l\u00e4stid\" \/>\n\t<meta name=\"twitter:data1\" content=\"1 minut\" \/>\n<script type=\"application\/ld+json\" class=\"yoast-schema-graph\">{\"@context\":\"https:\\\/\\\/schema.org\",\"@graph\":[{\"@type\":\"WebPage\",\"@id\":\"https:\\\/\\\/www.hosgreta.se\\\/shop\\\/produkt\\\/wally-and-whiz-vingummi-mango-passionsfrukt\\\/\",\"url\":\"https:\\\/\\\/www.hosgreta.se\\\/shop\\\/produkt\\\/wally-and-whiz-vingummi-mango-passionsfrukt\\\/\",\"name\":\"Wally and Whiz Vingummi Mango Passionsfrukt - Hos Greta\",\"isPartOf\":{\"@id\":\"https:\\\/\\\/www.hosgreta.se\\\/shop\\\/#website\"},\"primaryImageOfPage\":{\"@id\":\"https:\\\/\\\/www.hosgreta.se\\\/shop\\\/produkt\\\/wally-and-whiz-vingummi-mango-passionsfrukt\\\/#primaryimage\"},\"image\":{\"@id\":\"https:\\\/\\\/www.hosgreta.se\\\/shop\\\/produkt\\\/wally-and-whiz-vingummi-mango-passionsfrukt\\\/#primaryimage\"},\"thumbnailUrl\":\"https:\\\/\\\/www.hosgreta.se\\\/shop\\\/wp-content\\\/uploads\\\/2023\\\/04\\\/Wally-and-Whiz-Vingummi-Mango-Passionsfrukt.jpg\",\"datePublished\":\"2023-04-05T08:04:29+00:00\",\"dateModified\":\"2026-03-31T19:00:54+00:00\",\"breadcrumb\":{\"@id\":\"https:\\\/\\\/www.hosgreta.se\\\/shop\\\/produkt\\\/wally-and-whiz-vingummi-mango-passionsfrukt\\\/#breadcrumb\"},\"inLanguage\":\"sv-SE\",\"potentialAction\":[{\"@type\":\"ReadAction\",\"target\":[\"https:\\\/\\\/www.hosgreta.se\\\/shop\\\/produkt\\\/wally-and-whiz-vingummi-mango-passionsfrukt\\\/\"]}]},{\"@type\":\"ImageObject\",\"inLanguage\":\"sv-SE\",\"@id\":\"https:\\\/\\\/www.hosgreta.se\\\/shop\\\/produkt\\\/wally-and-whiz-vingummi-mango-passionsfrukt\\\/#primaryimage\",\"url\":\"https:\\\/\\\/www.hosgreta.se\\\/shop\\\/wp-content\\\/uploads\\\/2023\\\/04\\\/Wally-and-Whiz-Vingummi-Mango-Passionsfrukt.jpg\",\"contentUrl\":\"https:\\\/\\\/www.hosgreta.se\\\/shop\\\/wp-content\\\/uploads\\\/2023\\\/04\\\/Wally-and-Whiz-Vingummi-Mango-Passionsfrukt.jpg\",\"width\":480,\"height\":480,\"caption\":\"Wally and Whiz Vingummi Mango Passionsfrukt\"},{\"@type\":\"BreadcrumbList\",\"@id\":\"https:\\\/\\\/www.hosgreta.se\\\/shop\\\/produkt\\\/wally-and-whiz-vingummi-mango-passionsfrukt\\\/#breadcrumb\",\"itemListElement\":[{\"@type\":\"ListItem\",\"position\":1,\"name\":\"Hem\",\"item\":\"https:\\\/\\\/www.hosgreta.se\\\/shop\\\/\"},{\"@type\":\"ListItem\",\"position\":2,\"name\":\"Shop\",\"item\":\"https:\\\/\\\/www.hosgreta.se\\\/shop\\\/shop\\\/\"},{\"@type\":\"ListItem\",\"position\":3,\"name\":\"Wally and Whiz Vingummi Mango Passionsfrukt\"}]},{\"@type\":\"WebSite\",\"@id\":\"https:\\\/\\\/www.hosgreta.se\\\/shop\\\/#website\",\"url\":\"https:\\\/\\\/www.hosgreta.se\\\/shop\\\/\",\"name\":\"Hos Greta\",\"description\":\"Vi v\u00e4ljer ut v\u00e5ra varum\u00e4rken med stor omsorg.\",\"publisher\":{\"@id\":\"https:\\\/\\\/www.hosgreta.se\\\/shop\\\/#organization\"},\"potentialAction\":[{\"@type\":\"SearchAction\",\"target\":{\"@type\":\"EntryPoint\",\"urlTemplate\":\"https:\\\/\\\/www.hosgreta.se\\\/shop\\\/?s={search_term_string}\"},\"query-input\":{\"@type\":\"PropertyValueSpecification\",\"valueRequired\":true,\"valueName\":\"search_term_string\"}}],\"inLanguage\":\"sv-SE\"},{\"@type\":\"Organization\",\"@id\":\"https:\\\/\\\/www.hosgreta.se\\\/shop\\\/#organization\",\"name\":\"Hos Greta\",\"url\":\"https:\\\/\\\/www.hosgreta.se\\\/shop\\\/\",\"logo\":{\"@type\":\"ImageObject\",\"inLanguage\":\"sv-SE\",\"@id\":\"https:\\\/\\\/www.hosgreta.se\\\/shop\\\/#\\\/schema\\\/logo\\\/image\\\/\",\"url\":\"https:\\\/\\\/www.hosgreta.se\\\/shop\\\/wp-content\\\/uploads\\\/2018\\\/03\\\/Logo_HosGreta_svart.png\",\"contentUrl\":\"https:\\\/\\\/www.hosgreta.se\\\/shop\\\/wp-content\\\/uploads\\\/2018\\\/03\\\/Logo_HosGreta_svart.png\",\"width\":851,\"height\":851,\"caption\":\"Hos Greta\"},\"image\":{\"@id\":\"https:\\\/\\\/www.hosgreta.se\\\/shop\\\/#\\\/schema\\\/logo\\\/image\\\/\"},\"sameAs\":[\"https:\\\/\\\/www.facebook.com\\\/hosgreta\",\"https:\\\/\\\/www.instagram.com\\\/hosgreta\"]}]}<\/script>\n<!-- \/ Yoast SEO plugin. -->","yoast_head_json":{"title":"Wally and Whiz Vingummi Mango Passionsfrukt - Hos Greta","robots":{"index":"index","follow":"follow","max-snippet":"max-snippet:-1","max-image-preview":"max-image-preview:large","max-video-preview":"max-video-preview:-1"},"canonical":"https:\/\/www.hosgreta.se\/shop\/produkt\/wally-and-whiz-vingummi-mango-passionsfrukt\/","og_locale":"sv_SE","og_type":"article","og_title":"Wally and Whiz Vingummi Mango Passionsfrukt - Hos Greta","og_description":"Passionsfrukt har med sin distinkta smak och exotiska s\u00f6tma hittat v\u00e4gen till m\u00e5nga m\u00e4nniskors hj\u00e4rtan. En syrlig och fin s\u00f6tma som \u00e4r briljant tillsammans med mangons djupa s\u00f6tma.  Endast naturliga f\u00e4rger och smaker Glutenfri Vegansk \u00c5tervunnen plastf\u00f6rpackning","og_url":"https:\/\/www.hosgreta.se\/shop\/produkt\/wally-and-whiz-vingummi-mango-passionsfrukt\/","og_site_name":"Hos Greta","article_publisher":"https:\/\/www.facebook.com\/hosgreta","article_modified_time":"2026-03-31T19:00:54+00:00","og_image":[{"width":480,"height":480,"url":"https:\/\/www.hosgreta.se\/shop\/wp-content\/uploads\/2023\/04\/Wally-and-Whiz-Vingummi-Mango-Passionsfrukt.jpg","type":"image\/jpeg"}],"twitter_card":"summary_large_image","twitter_misc":{"Ber\u00e4knad l\u00e4stid":"1 minut"},"schema":{"@context":"https:\/\/schema.org","@graph":[{"@type":"WebPage","@id":"https:\/\/www.hosgreta.se\/shop\/produkt\/wally-and-whiz-vingummi-mango-passionsfrukt\/","url":"https:\/\/www.hosgreta.se\/shop\/produkt\/wally-and-whiz-vingummi-mango-passionsfrukt\/","name":"Wally and Whiz Vingummi Mango Passionsfrukt - Hos Greta","isPartOf":{"@id":"https:\/\/www.hosgreta.se\/shop\/#website"},"primaryImageOfPage":{"@id":"https:\/\/www.hosgreta.se\/shop\/produkt\/wally-and-whiz-vingummi-mango-passionsfrukt\/#primaryimage"},"image":{"@id":"https:\/\/www.hosgreta.se\/shop\/produkt\/wally-and-whiz-vingummi-mango-passionsfrukt\/#primaryimage"},"thumbnailUrl":"https:\/\/www.hosgreta.se\/shop\/wp-content\/uploads\/2023\/04\/Wally-and-Whiz-Vingummi-Mango-Passionsfrukt.jpg","datePublished":"2023-04-05T08:04:29+00:00","dateModified":"2026-03-31T19:00:54+00:00","breadcrumb":{"@id":"https:\/\/www.hosgreta.se\/shop\/produkt\/wally-and-whiz-vingummi-mango-passionsfrukt\/#breadcrumb"},"inLanguage":"sv-SE","potentialAction":[{"@type":"ReadAction","target":["https:\/\/www.hosgreta.se\/shop\/produkt\/wally-and-whiz-vingummi-mango-passionsfrukt\/"]}]},{"@type":"ImageObject","inLanguage":"sv-SE","@id":"https:\/\/www.hosgreta.se\/shop\/produkt\/wally-and-whiz-vingummi-mango-passionsfrukt\/#primaryimage","url":"https:\/\/www.hosgreta.se\/shop\/wp-content\/uploads\/2023\/04\/Wally-and-Whiz-Vingummi-Mango-Passionsfrukt.jpg","contentUrl":"https:\/\/www.hosgreta.se\/shop\/wp-content\/uploads\/2023\/04\/Wally-and-Whiz-Vingummi-Mango-Passionsfrukt.jpg","width":480,"height":480,"caption":"Wally and Whiz Vingummi Mango Passionsfrukt"},{"@type":"BreadcrumbList","@id":"https:\/\/www.hosgreta.se\/shop\/produkt\/wally-and-whiz-vingummi-mango-passionsfrukt\/#breadcrumb","itemListElement":[{"@type":"ListItem","position":1,"name":"Hem","item":"https:\/\/www.hosgreta.se\/shop\/"},{"@type":"ListItem","position":2,"name":"Shop","item":"https:\/\/www.hosgreta.se\/shop\/shop\/"},{"@type":"ListItem","position":3,"name":"Wally and Whiz Vingummi Mango Passionsfrukt"}]},{"@type":"WebSite","@id":"https:\/\/www.hosgreta.se\/shop\/#website","url":"https:\/\/www.hosgreta.se\/shop\/","name":"Hos Greta","description":"Vi v\u00e4ljer ut v\u00e5ra varum\u00e4rken med stor omsorg.","publisher":{"@id":"https:\/\/www.hosgreta.se\/shop\/#organization"},"potentialAction":[{"@type":"SearchAction","target":{"@type":"EntryPoint","urlTemplate":"https:\/\/www.hosgreta.se\/shop\/?s={search_term_string}"},"query-input":{"@type":"PropertyValueSpecification","valueRequired":true,"valueName":"search_term_string"}}],"inLanguage":"sv-SE"},{"@type":"Organization","@id":"https:\/\/www.hosgreta.se\/shop\/#organization","name":"Hos Greta","url":"https:\/\/www.hosgreta.se\/shop\/","logo":{"@type":"ImageObject","inLanguage":"sv-SE","@id":"https:\/\/www.hosgreta.se\/shop\/#\/schema\/logo\/image\/","url":"https:\/\/www.hosgreta.se\/shop\/wp-content\/uploads\/2018\/03\/Logo_HosGreta_svart.png","contentUrl":"https:\/\/www.hosgreta.se\/shop\/wp-content\/uploads\/2018\/03\/Logo_HosGreta_svart.png","width":851,"height":851,"caption":"Hos Greta"},"image":{"@id":"https:\/\/www.hosgreta.se\/shop\/#\/schema\/logo\/image\/"},"sameAs":["https:\/\/www.facebook.com\/hosgreta","https:\/\/www.instagram.com\/hosgreta"]}]}},"kroconnect":{"tax_rate":6,"price_inc_vat":{"regular_price":110},"price_ex_vat":{"regular_price":103.773585}},"brands":[{"id":319,"name":"Wally And Whiz","slug":"wallyandwhiz"}],"_links":{"self":[{"href":"https:\/\/www.hosgreta.se\/shop\/wp-json\/wp\/v2\/product\/377628","targetHints":{"allow":["GET"]}}],"collection":[{"href":"https:\/\/www.hosgreta.se\/shop\/wp-json\/wp\/v2\/product"}],"about":[{"href":"https:\/\/www.hosgreta.se\/shop\/wp-json\/wp\/v2\/types\/product"}],"replies":[{"embeddable":true,"href":"https:\/\/www.hosgreta.se\/shop\/wp-json\/wp\/v2\/comments?post=377628"}],"wp:featuredmedia":[{"embeddable":true,"href":"https:\/\/www.hosgreta.se\/shop\/wp-json\/wp\/v2\/media\/377670"}],"wp:attachment":[{"href":"https:\/\/www.hosgreta.se\/shop\/wp-json\/wp\/v2\/media?parent=377628"}],"wp:term":[{"taxonomy":"pwb-brand","embeddable":true,"href":"https:\/\/www.hosgreta.se\/shop\/wp-json\/wp\/v2\/pwb-brand?post=377628"},{"taxonomy":"product_brand","embeddable":true,"href":"https:\/\/www.hosgreta.se\/shop\/wp-json\/wp\/v2\/product_brand?post=377628"},{"taxonomy":"product_cat","embeddable":true,"href":"https:\/\/www.hosgreta.se\/shop\/wp-json\/wp\/v2\/product_cat?post=377628"},{"taxonomy":"product_tag","embeddable":true,"href":"https:\/\/www.hosgreta.se\/shop\/wp-json\/wp\/v2\/product_tag?post=377628"}],"curies":[{"name":"wp","href":"https:\/\/api.w.org\/{rel}","templated":true}]}}