{"id":377707,"date":"2023-04-20T12:16:09","date_gmt":"2023-04-20T10:16:09","guid":{"rendered":"https:\/\/www.hosgreta.se\/shop\/?post_type=product&#038;p=377707"},"modified":"2023-12-06T19:19:26","modified_gmt":"2023-12-06T18:19:26","slug":"done-by-deer-fold-out-soft-book-croco-green","status":"publish","type":"product","link":"https:\/\/www.hosgreta.se\/shop\/produkt\/done-by-deer-fold-out-soft-book-croco-green\/","title":{"rendered":"Done by Deer Fold-out soft book Croco Green"},"content":{"rendered":"<p>Storlek: 90x14x1,2 cm<br \/>\nMaterial: 90% bomull, 10% polyester. Fyllning 100% polyester<br \/>\nSk\u00f6tsel: Tv\u00e4ttbar vid 40 C, torktumla inte.<\/p>\n","protected":false},"excerpt":{"rendered":"<p>Croco bjuder in ditt barn att utforska den roliga utvikbara mjuka boken med n\u00e5gra av v\u00e4nnerna. Den mjuka boken \u00e4r fylld med stimulerande funktioner som \u00e4r perfekta f\u00f6r nyfikna sm\u00e5 sinnen och fingrar.<\/p>\n<p>P\u00e5 ena sidan av den mjuka boken gossar Nozo och Croco i k\u00f6kstr\u00e4dg\u00e5rden och njuter av jordgubbar, mor\u00f6tter och vattenmeloner och p\u00e5 andra sidan utforskar Croco och Ozzo v\u00e4rlden bland glada moln. Boken d\u00f6ljer ett skrynkligt ljud inuti.<\/p>\n<p>Den utvikbara mjuka boken \u00e4r fylld med glada f\u00e4rger och element. Den gr\u00f6na krokodilen rymmer sp\u00e4nnande \u00f6verraskningar som lekfulla prickar i olika f\u00e4rger och smakfulla r\u00e4nder i svart och vitt.<\/p>\n","protected":false},"featured_media":377946,"comment_status":"closed","ping_status":"closed","template":"","meta":[],"pwb-brand":[187],"product_brand":[],"product_cat":[143,75],"product_tag":[],"class_list":{"0":"post-377707","1":"product","2":"type-product","3":"status-publish","4":"has-post-thumbnail","6":"pwb-brand-done-by-deer","7":"product_cat-aktivitetsleksaker","8":"product_cat-barn","10":"first","11":"outofstock","12":"taxable","13":"shipping-taxable","14":"purchasable","15":"product-type-simple"},"yoast_head":"<!-- This site is optimized with the Yoast SEO plugin v27.4 - https:\/\/yoast.com\/product\/yoast-seo-wordpress\/ -->\n<title>Done by Deer Fold-out soft book Croco Green - Hos Greta<\/title>\n<meta name=\"robots\" content=\"index, follow, max-snippet:-1, max-image-preview:large, max-video-preview:-1\" \/>\n<link rel=\"canonical\" href=\"https:\/\/www.hosgreta.se\/shop\/produkt\/done-by-deer-fold-out-soft-book-croco-green\/\" \/>\n<meta property=\"og:locale\" content=\"sv_SE\" \/>\n<meta property=\"og:type\" content=\"article\" \/>\n<meta property=\"og:title\" content=\"Done by Deer Fold-out soft book Croco Green - Hos Greta\" \/>\n<meta property=\"og:description\" content=\"Croco bjuder in ditt barn att utforska den roliga utvikbara mjuka boken med n\u00e5gra av v\u00e4nnerna. Den mjuka boken \u00e4r fylld med stimulerande funktioner som \u00e4r perfekta f\u00f6r nyfikna sm\u00e5 sinnen och fingrar.  P\u00e5 ena sidan av den mjuka boken gossar Nozo och Croco i k\u00f6kstr\u00e4dg\u00e5rden och njuter av jordgubbar, mor\u00f6tter och vattenmeloner och p\u00e5 andra sidan utforskar Croco och Ozzo v\u00e4rlden bland glada moln. Boken d\u00f6ljer ett skrynkligt ljud inuti.  Den utvikbara mjuka boken \u00e4r fylld med glada f\u00e4rger och element. Den gr\u00f6na krokodilen rymmer sp\u00e4nnande \u00f6verraskningar som lekfulla prickar i olika f\u00e4rger och smakfulla r\u00e4nder i svart och vitt.\" \/>\n<meta property=\"og:url\" content=\"https:\/\/www.hosgreta.se\/shop\/produkt\/done-by-deer-fold-out-soft-book-croco-green\/\" \/>\n<meta property=\"og:site_name\" content=\"Hos Greta\" \/>\n<meta property=\"article:publisher\" content=\"https:\/\/www.facebook.com\/hosgreta\" \/>\n<meta property=\"article:modified_time\" content=\"2023-12-06T18:19:26+00:00\" \/>\n<meta property=\"og:image\" content=\"https:\/\/www.hosgreta.se\/shop\/wp-content\/uploads\/2023\/04\/Done-by-Deer-Fold-out-soft-book-Croco-Green.jpg\" \/>\n\t<meta property=\"og:image:width\" content=\"800\" \/>\n\t<meta property=\"og:image:height\" content=\"800\" \/>\n\t<meta property=\"og:image:type\" content=\"image\/jpeg\" \/>\n<meta name=\"twitter:card\" content=\"summary_large_image\" \/>\n<meta name=\"twitter:label1\" content=\"Ber\u00e4knad l\u00e4stid\" \/>\n\t<meta name=\"twitter:data1\" content=\"1 minut\" \/>\n<script type=\"application\/ld+json\" class=\"yoast-schema-graph\">{\"@context\":\"https:\\\/\\\/schema.org\",\"@graph\":[{\"@type\":\"WebPage\",\"@id\":\"https:\\\/\\\/www.hosgreta.se\\\/shop\\\/produkt\\\/done-by-deer-fold-out-soft-book-croco-green\\\/\",\"url\":\"https:\\\/\\\/www.hosgreta.se\\\/shop\\\/produkt\\\/done-by-deer-fold-out-soft-book-croco-green\\\/\",\"name\":\"Done by Deer Fold-out soft book Croco Green - Hos Greta\",\"isPartOf\":{\"@id\":\"https:\\\/\\\/www.hosgreta.se\\\/shop\\\/#website\"},\"primaryImageOfPage\":{\"@id\":\"https:\\\/\\\/www.hosgreta.se\\\/shop\\\/produkt\\\/done-by-deer-fold-out-soft-book-croco-green\\\/#primaryimage\"},\"image\":{\"@id\":\"https:\\\/\\\/www.hosgreta.se\\\/shop\\\/produkt\\\/done-by-deer-fold-out-soft-book-croco-green\\\/#primaryimage\"},\"thumbnailUrl\":\"https:\\\/\\\/www.hosgreta.se\\\/shop\\\/wp-content\\\/uploads\\\/2023\\\/04\\\/Done-by-Deer-Fold-out-soft-book-Croco-Green.jpg\",\"datePublished\":\"2023-04-20T10:16:09+00:00\",\"dateModified\":\"2023-12-06T18:19:26+00:00\",\"breadcrumb\":{\"@id\":\"https:\\\/\\\/www.hosgreta.se\\\/shop\\\/produkt\\\/done-by-deer-fold-out-soft-book-croco-green\\\/#breadcrumb\"},\"inLanguage\":\"sv-SE\",\"potentialAction\":[{\"@type\":\"ReadAction\",\"target\":[\"https:\\\/\\\/www.hosgreta.se\\\/shop\\\/produkt\\\/done-by-deer-fold-out-soft-book-croco-green\\\/\"]}]},{\"@type\":\"ImageObject\",\"inLanguage\":\"sv-SE\",\"@id\":\"https:\\\/\\\/www.hosgreta.se\\\/shop\\\/produkt\\\/done-by-deer-fold-out-soft-book-croco-green\\\/#primaryimage\",\"url\":\"https:\\\/\\\/www.hosgreta.se\\\/shop\\\/wp-content\\\/uploads\\\/2023\\\/04\\\/Done-by-Deer-Fold-out-soft-book-Croco-Green.jpg\",\"contentUrl\":\"https:\\\/\\\/www.hosgreta.se\\\/shop\\\/wp-content\\\/uploads\\\/2023\\\/04\\\/Done-by-Deer-Fold-out-soft-book-Croco-Green.jpg\",\"width\":800,\"height\":800,\"caption\":\"Done by Deer Fold-out soft book Croco Green\"},{\"@type\":\"BreadcrumbList\",\"@id\":\"https:\\\/\\\/www.hosgreta.se\\\/shop\\\/produkt\\\/done-by-deer-fold-out-soft-book-croco-green\\\/#breadcrumb\",\"itemListElement\":[{\"@type\":\"ListItem\",\"position\":1,\"name\":\"Hem\",\"item\":\"https:\\\/\\\/www.hosgreta.se\\\/shop\\\/\"},{\"@type\":\"ListItem\",\"position\":2,\"name\":\"Shop\",\"item\":\"https:\\\/\\\/www.hosgreta.se\\\/shop\\\/shop\\\/\"},{\"@type\":\"ListItem\",\"position\":3,\"name\":\"Done by Deer Fold-out soft book Croco Green\"}]},{\"@type\":\"WebSite\",\"@id\":\"https:\\\/\\\/www.hosgreta.se\\\/shop\\\/#website\",\"url\":\"https:\\\/\\\/www.hosgreta.se\\\/shop\\\/\",\"name\":\"Hos Greta\",\"description\":\"Vi v\u00e4ljer ut v\u00e5ra varum\u00e4rken med stor omsorg.\",\"publisher\":{\"@id\":\"https:\\\/\\\/www.hosgreta.se\\\/shop\\\/#organization\"},\"potentialAction\":[{\"@type\":\"SearchAction\",\"target\":{\"@type\":\"EntryPoint\",\"urlTemplate\":\"https:\\\/\\\/www.hosgreta.se\\\/shop\\\/?s={search_term_string}\"},\"query-input\":{\"@type\":\"PropertyValueSpecification\",\"valueRequired\":true,\"valueName\":\"search_term_string\"}}],\"inLanguage\":\"sv-SE\"},{\"@type\":\"Organization\",\"@id\":\"https:\\\/\\\/www.hosgreta.se\\\/shop\\\/#organization\",\"name\":\"Hos Greta\",\"url\":\"https:\\\/\\\/www.hosgreta.se\\\/shop\\\/\",\"logo\":{\"@type\":\"ImageObject\",\"inLanguage\":\"sv-SE\",\"@id\":\"https:\\\/\\\/www.hosgreta.se\\\/shop\\\/#\\\/schema\\\/logo\\\/image\\\/\",\"url\":\"https:\\\/\\\/www.hosgreta.se\\\/shop\\\/wp-content\\\/uploads\\\/2018\\\/03\\\/Logo_HosGreta_svart.png\",\"contentUrl\":\"https:\\\/\\\/www.hosgreta.se\\\/shop\\\/wp-content\\\/uploads\\\/2018\\\/03\\\/Logo_HosGreta_svart.png\",\"width\":851,\"height\":851,\"caption\":\"Hos Greta\"},\"image\":{\"@id\":\"https:\\\/\\\/www.hosgreta.se\\\/shop\\\/#\\\/schema\\\/logo\\\/image\\\/\"},\"sameAs\":[\"https:\\\/\\\/www.facebook.com\\\/hosgreta\",\"https:\\\/\\\/www.instagram.com\\\/hosgreta\"]}]}<\/script>\n<!-- \/ Yoast SEO plugin. -->","yoast_head_json":{"title":"Done by Deer Fold-out soft book Croco Green - Hos Greta","robots":{"index":"index","follow":"follow","max-snippet":"max-snippet:-1","max-image-preview":"max-image-preview:large","max-video-preview":"max-video-preview:-1"},"canonical":"https:\/\/www.hosgreta.se\/shop\/produkt\/done-by-deer-fold-out-soft-book-croco-green\/","og_locale":"sv_SE","og_type":"article","og_title":"Done by Deer Fold-out soft book Croco Green - Hos Greta","og_description":"Croco bjuder in ditt barn att utforska den roliga utvikbara mjuka boken med n\u00e5gra av v\u00e4nnerna. Den mjuka boken \u00e4r fylld med stimulerande funktioner som \u00e4r perfekta f\u00f6r nyfikna sm\u00e5 sinnen och fingrar.  P\u00e5 ena sidan av den mjuka boken gossar Nozo och Croco i k\u00f6kstr\u00e4dg\u00e5rden och njuter av jordgubbar, mor\u00f6tter och vattenmeloner och p\u00e5 andra sidan utforskar Croco och Ozzo v\u00e4rlden bland glada moln. Boken d\u00f6ljer ett skrynkligt ljud inuti.  Den utvikbara mjuka boken \u00e4r fylld med glada f\u00e4rger och element. Den gr\u00f6na krokodilen rymmer sp\u00e4nnande \u00f6verraskningar som lekfulla prickar i olika f\u00e4rger och smakfulla r\u00e4nder i svart och vitt.","og_url":"https:\/\/www.hosgreta.se\/shop\/produkt\/done-by-deer-fold-out-soft-book-croco-green\/","og_site_name":"Hos Greta","article_publisher":"https:\/\/www.facebook.com\/hosgreta","article_modified_time":"2023-12-06T18:19:26+00:00","og_image":[{"width":800,"height":800,"url":"https:\/\/www.hosgreta.se\/shop\/wp-content\/uploads\/2023\/04\/Done-by-Deer-Fold-out-soft-book-Croco-Green.jpg","type":"image\/jpeg"}],"twitter_card":"summary_large_image","twitter_misc":{"Ber\u00e4knad l\u00e4stid":"1 minut"},"schema":{"@context":"https:\/\/schema.org","@graph":[{"@type":"WebPage","@id":"https:\/\/www.hosgreta.se\/shop\/produkt\/done-by-deer-fold-out-soft-book-croco-green\/","url":"https:\/\/www.hosgreta.se\/shop\/produkt\/done-by-deer-fold-out-soft-book-croco-green\/","name":"Done by Deer Fold-out soft book Croco Green - Hos Greta","isPartOf":{"@id":"https:\/\/www.hosgreta.se\/shop\/#website"},"primaryImageOfPage":{"@id":"https:\/\/www.hosgreta.se\/shop\/produkt\/done-by-deer-fold-out-soft-book-croco-green\/#primaryimage"},"image":{"@id":"https:\/\/www.hosgreta.se\/shop\/produkt\/done-by-deer-fold-out-soft-book-croco-green\/#primaryimage"},"thumbnailUrl":"https:\/\/www.hosgreta.se\/shop\/wp-content\/uploads\/2023\/04\/Done-by-Deer-Fold-out-soft-book-Croco-Green.jpg","datePublished":"2023-04-20T10:16:09+00:00","dateModified":"2023-12-06T18:19:26+00:00","breadcrumb":{"@id":"https:\/\/www.hosgreta.se\/shop\/produkt\/done-by-deer-fold-out-soft-book-croco-green\/#breadcrumb"},"inLanguage":"sv-SE","potentialAction":[{"@type":"ReadAction","target":["https:\/\/www.hosgreta.se\/shop\/produkt\/done-by-deer-fold-out-soft-book-croco-green\/"]}]},{"@type":"ImageObject","inLanguage":"sv-SE","@id":"https:\/\/www.hosgreta.se\/shop\/produkt\/done-by-deer-fold-out-soft-book-croco-green\/#primaryimage","url":"https:\/\/www.hosgreta.se\/shop\/wp-content\/uploads\/2023\/04\/Done-by-Deer-Fold-out-soft-book-Croco-Green.jpg","contentUrl":"https:\/\/www.hosgreta.se\/shop\/wp-content\/uploads\/2023\/04\/Done-by-Deer-Fold-out-soft-book-Croco-Green.jpg","width":800,"height":800,"caption":"Done by Deer Fold-out soft book Croco Green"},{"@type":"BreadcrumbList","@id":"https:\/\/www.hosgreta.se\/shop\/produkt\/done-by-deer-fold-out-soft-book-croco-green\/#breadcrumb","itemListElement":[{"@type":"ListItem","position":1,"name":"Hem","item":"https:\/\/www.hosgreta.se\/shop\/"},{"@type":"ListItem","position":2,"name":"Shop","item":"https:\/\/www.hosgreta.se\/shop\/shop\/"},{"@type":"ListItem","position":3,"name":"Done by Deer Fold-out soft book Croco Green"}]},{"@type":"WebSite","@id":"https:\/\/www.hosgreta.se\/shop\/#website","url":"https:\/\/www.hosgreta.se\/shop\/","name":"Hos Greta","description":"Vi v\u00e4ljer ut v\u00e5ra varum\u00e4rken med stor omsorg.","publisher":{"@id":"https:\/\/www.hosgreta.se\/shop\/#organization"},"potentialAction":[{"@type":"SearchAction","target":{"@type":"EntryPoint","urlTemplate":"https:\/\/www.hosgreta.se\/shop\/?s={search_term_string}"},"query-input":{"@type":"PropertyValueSpecification","valueRequired":true,"valueName":"search_term_string"}}],"inLanguage":"sv-SE"},{"@type":"Organization","@id":"https:\/\/www.hosgreta.se\/shop\/#organization","name":"Hos Greta","url":"https:\/\/www.hosgreta.se\/shop\/","logo":{"@type":"ImageObject","inLanguage":"sv-SE","@id":"https:\/\/www.hosgreta.se\/shop\/#\/schema\/logo\/image\/","url":"https:\/\/www.hosgreta.se\/shop\/wp-content\/uploads\/2018\/03\/Logo_HosGreta_svart.png","contentUrl":"https:\/\/www.hosgreta.se\/shop\/wp-content\/uploads\/2018\/03\/Logo_HosGreta_svart.png","width":851,"height":851,"caption":"Hos Greta"},"image":{"@id":"https:\/\/www.hosgreta.se\/shop\/#\/schema\/logo\/image\/"},"sameAs":["https:\/\/www.facebook.com\/hosgreta","https:\/\/www.instagram.com\/hosgreta"]}]}},"kroconnect":{"tax_rate":25,"price_inc_vat":{"regular_price":349},"price_ex_vat":{"regular_price":279.2}},"brands":[{"id":187,"name":"Done by Deer","slug":"done-by-deer"}],"_links":{"self":[{"href":"https:\/\/www.hosgreta.se\/shop\/wp-json\/wp\/v2\/product\/377707","targetHints":{"allow":["GET"]}}],"collection":[{"href":"https:\/\/www.hosgreta.se\/shop\/wp-json\/wp\/v2\/product"}],"about":[{"href":"https:\/\/www.hosgreta.se\/shop\/wp-json\/wp\/v2\/types\/product"}],"replies":[{"embeddable":true,"href":"https:\/\/www.hosgreta.se\/shop\/wp-json\/wp\/v2\/comments?post=377707"}],"wp:featuredmedia":[{"embeddable":true,"href":"https:\/\/www.hosgreta.se\/shop\/wp-json\/wp\/v2\/media\/377946"}],"wp:attachment":[{"href":"https:\/\/www.hosgreta.se\/shop\/wp-json\/wp\/v2\/media?parent=377707"}],"wp:term":[{"taxonomy":"pwb-brand","embeddable":true,"href":"https:\/\/www.hosgreta.se\/shop\/wp-json\/wp\/v2\/pwb-brand?post=377707"},{"taxonomy":"product_brand","embeddable":true,"href":"https:\/\/www.hosgreta.se\/shop\/wp-json\/wp\/v2\/product_brand?post=377707"},{"taxonomy":"product_cat","embeddable":true,"href":"https:\/\/www.hosgreta.se\/shop\/wp-json\/wp\/v2\/product_cat?post=377707"},{"taxonomy":"product_tag","embeddable":true,"href":"https:\/\/www.hosgreta.se\/shop\/wp-json\/wp\/v2\/product_tag?post=377707"}],"curies":[{"name":"wp","href":"https:\/\/api.w.org\/{rel}","templated":true}]}}