{"id":378173,"date":"2023-05-09T17:06:25","date_gmt":"2023-05-09T15:06:25","guid":{"rendered":"https:\/\/www.hosgreta.se\/shop\/?post_type=product&#038;p=378173"},"modified":"2026-04-01T10:04:41","modified_gmt":"2026-04-01T08:04:41","slug":"te-alskad-vardefull-dyrbar-och-allmant-bra","status":"publish","type":"product","link":"https:\/\/www.hosgreta.se\/shop\/produkt\/te-alskad-vardefull-dyrbar-och-allmant-bra\/","title":{"rendered":"Te \u00c4lskad, v\u00e4rdefull, dyrbar och allm\u00e4nt bra"},"content":{"rendered":"<p>Ingredienser: Svart Kina-te, bl\u00e5klint, bl\u00e5 malva, solrosor, ringblommor och rosenblad, arom<br \/>\nSmaks\u00e4ttning: Tropiska frukter och aprikos<\/p>\n<p>P\u00e5sen inneh\u00e5ller 100 g l\u00f6ste och \u00e5terf\u00f6rsluts med clips.<\/p>\n","protected":false},"excerpt":{"rendered":"<p>Fantastiskt gott te fr\u00e5n Aftek, f\u00f6rpackat i en fin mattsvart p\u00e5se med inneh\u00e5llsetikett p\u00e5 baksidan och en liten vacker och betydelsefull h\u00e4lsning p\u00e5 framsidan. J\u00e4ttebra grej att ge bort eller att starta dagen med, f\u00f6r morgonstund har v\u00e4l te i mun?<\/p>\n","protected":false},"featured_media":378612,"comment_status":"closed","ping_status":"closed","template":"","meta":[],"pwb-brand":[268],"product_brand":[],"product_cat":[72,232],"product_tag":[],"class_list":{"0":"post-378173","1":"product","2":"type-product","3":"status-publish","4":"has-post-thumbnail","6":"pwb-brand-me-and-my-house-store","7":"product_cat-atbart","8":"product_cat-kaffe-och-te","10":"first","11":"outofstock","12":"taxable","13":"shipping-taxable","14":"purchasable","15":"product-type-simple"},"yoast_head":"<!-- This site is optimized with the Yoast SEO plugin v27.4 - https:\/\/yoast.com\/product\/yoast-seo-wordpress\/ -->\n<title>Te \u00c4lskad, v\u00e4rdefull, dyrbar och allm\u00e4nt bra - Hos Greta<\/title>\n<meta name=\"robots\" content=\"index, follow, max-snippet:-1, max-image-preview:large, max-video-preview:-1\" \/>\n<link rel=\"canonical\" href=\"https:\/\/www.hosgreta.se\/shop\/produkt\/te-alskad-vardefull-dyrbar-och-allmant-bra\/\" \/>\n<meta property=\"og:locale\" content=\"sv_SE\" \/>\n<meta property=\"og:type\" content=\"article\" \/>\n<meta property=\"og:title\" content=\"Te \u00c4lskad, v\u00e4rdefull, dyrbar och allm\u00e4nt bra - Hos Greta\" \/>\n<meta property=\"og:description\" content=\"Fantastiskt gott te fr\u00e5n Aftek, f\u00f6rpackat i en fin mattsvart p\u00e5se med inneh\u00e5llsetikett p\u00e5 baksidan och en liten vacker och betydelsefull h\u00e4lsning p\u00e5 framsidan. J\u00e4ttebra grej att ge bort eller att starta dagen med, f\u00f6r morgonstund har v\u00e4l te i mun?\" \/>\n<meta property=\"og:url\" content=\"https:\/\/www.hosgreta.se\/shop\/produkt\/te-alskad-vardefull-dyrbar-och-allmant-bra\/\" \/>\n<meta property=\"og:site_name\" content=\"Hos Greta\" \/>\n<meta property=\"article:publisher\" content=\"https:\/\/www.facebook.com\/hosgreta\" \/>\n<meta property=\"article:modified_time\" content=\"2026-04-01T08:04:41+00:00\" \/>\n<meta property=\"og:image\" content=\"https:\/\/www.hosgreta.se\/shop\/wp-content\/uploads\/2023\/05\/Te-Alskad-vardefull-dyrbar-och-allmant-bra.jpg\" \/>\n\t<meta property=\"og:image:width\" content=\"800\" \/>\n\t<meta property=\"og:image:height\" content=\"800\" \/>\n\t<meta property=\"og:image:type\" content=\"image\/jpeg\" \/>\n<meta name=\"twitter:card\" content=\"summary_large_image\" \/>\n<meta name=\"twitter:label1\" content=\"Ber\u00e4knad l\u00e4stid\" \/>\n\t<meta name=\"twitter:data1\" content=\"1 minut\" \/>\n<script type=\"application\/ld+json\" class=\"yoast-schema-graph\">{\"@context\":\"https:\\\/\\\/schema.org\",\"@graph\":[{\"@type\":\"WebPage\",\"@id\":\"https:\\\/\\\/www.hosgreta.se\\\/shop\\\/produkt\\\/te-alskad-vardefull-dyrbar-och-allmant-bra\\\/\",\"url\":\"https:\\\/\\\/www.hosgreta.se\\\/shop\\\/produkt\\\/te-alskad-vardefull-dyrbar-och-allmant-bra\\\/\",\"name\":\"Te \u00c4lskad, v\u00e4rdefull, dyrbar och allm\u00e4nt bra - Hos Greta\",\"isPartOf\":{\"@id\":\"https:\\\/\\\/www.hosgreta.se\\\/shop\\\/#website\"},\"primaryImageOfPage\":{\"@id\":\"https:\\\/\\\/www.hosgreta.se\\\/shop\\\/produkt\\\/te-alskad-vardefull-dyrbar-och-allmant-bra\\\/#primaryimage\"},\"image\":{\"@id\":\"https:\\\/\\\/www.hosgreta.se\\\/shop\\\/produkt\\\/te-alskad-vardefull-dyrbar-och-allmant-bra\\\/#primaryimage\"},\"thumbnailUrl\":\"https:\\\/\\\/www.hosgreta.se\\\/shop\\\/wp-content\\\/uploads\\\/2023\\\/05\\\/Te-Alskad-vardefull-dyrbar-och-allmant-bra.jpg\",\"datePublished\":\"2023-05-09T15:06:25+00:00\",\"dateModified\":\"2026-04-01T08:04:41+00:00\",\"breadcrumb\":{\"@id\":\"https:\\\/\\\/www.hosgreta.se\\\/shop\\\/produkt\\\/te-alskad-vardefull-dyrbar-och-allmant-bra\\\/#breadcrumb\"},\"inLanguage\":\"sv-SE\",\"potentialAction\":[{\"@type\":\"ReadAction\",\"target\":[\"https:\\\/\\\/www.hosgreta.se\\\/shop\\\/produkt\\\/te-alskad-vardefull-dyrbar-och-allmant-bra\\\/\"]}]},{\"@type\":\"ImageObject\",\"inLanguage\":\"sv-SE\",\"@id\":\"https:\\\/\\\/www.hosgreta.se\\\/shop\\\/produkt\\\/te-alskad-vardefull-dyrbar-och-allmant-bra\\\/#primaryimage\",\"url\":\"https:\\\/\\\/www.hosgreta.se\\\/shop\\\/wp-content\\\/uploads\\\/2023\\\/05\\\/Te-Alskad-vardefull-dyrbar-och-allmant-bra.jpg\",\"contentUrl\":\"https:\\\/\\\/www.hosgreta.se\\\/shop\\\/wp-content\\\/uploads\\\/2023\\\/05\\\/Te-Alskad-vardefull-dyrbar-och-allmant-bra.jpg\",\"width\":800,\"height\":800,\"caption\":\"Te \u00c4lskad, v\u00e4rdefull, dyrbar och allm\u00e4nt bra\"},{\"@type\":\"BreadcrumbList\",\"@id\":\"https:\\\/\\\/www.hosgreta.se\\\/shop\\\/produkt\\\/te-alskad-vardefull-dyrbar-och-allmant-bra\\\/#breadcrumb\",\"itemListElement\":[{\"@type\":\"ListItem\",\"position\":1,\"name\":\"Hem\",\"item\":\"https:\\\/\\\/www.hosgreta.se\\\/shop\\\/\"},{\"@type\":\"ListItem\",\"position\":2,\"name\":\"Shop\",\"item\":\"https:\\\/\\\/www.hosgreta.se\\\/shop\\\/shop\\\/\"},{\"@type\":\"ListItem\",\"position\":3,\"name\":\"Te \u00c4lskad, v\u00e4rdefull, dyrbar och allm\u00e4nt bra\"}]},{\"@type\":\"WebSite\",\"@id\":\"https:\\\/\\\/www.hosgreta.se\\\/shop\\\/#website\",\"url\":\"https:\\\/\\\/www.hosgreta.se\\\/shop\\\/\",\"name\":\"Hos Greta\",\"description\":\"Vi v\u00e4ljer ut v\u00e5ra varum\u00e4rken med stor omsorg.\",\"publisher\":{\"@id\":\"https:\\\/\\\/www.hosgreta.se\\\/shop\\\/#organization\"},\"potentialAction\":[{\"@type\":\"SearchAction\",\"target\":{\"@type\":\"EntryPoint\",\"urlTemplate\":\"https:\\\/\\\/www.hosgreta.se\\\/shop\\\/?s={search_term_string}\"},\"query-input\":{\"@type\":\"PropertyValueSpecification\",\"valueRequired\":true,\"valueName\":\"search_term_string\"}}],\"inLanguage\":\"sv-SE\"},{\"@type\":\"Organization\",\"@id\":\"https:\\\/\\\/www.hosgreta.se\\\/shop\\\/#organization\",\"name\":\"Hos Greta\",\"url\":\"https:\\\/\\\/www.hosgreta.se\\\/shop\\\/\",\"logo\":{\"@type\":\"ImageObject\",\"inLanguage\":\"sv-SE\",\"@id\":\"https:\\\/\\\/www.hosgreta.se\\\/shop\\\/#\\\/schema\\\/logo\\\/image\\\/\",\"url\":\"https:\\\/\\\/www.hosgreta.se\\\/shop\\\/wp-content\\\/uploads\\\/2018\\\/03\\\/Logo_HosGreta_svart.png\",\"contentUrl\":\"https:\\\/\\\/www.hosgreta.se\\\/shop\\\/wp-content\\\/uploads\\\/2018\\\/03\\\/Logo_HosGreta_svart.png\",\"width\":851,\"height\":851,\"caption\":\"Hos Greta\"},\"image\":{\"@id\":\"https:\\\/\\\/www.hosgreta.se\\\/shop\\\/#\\\/schema\\\/logo\\\/image\\\/\"},\"sameAs\":[\"https:\\\/\\\/www.facebook.com\\\/hosgreta\",\"https:\\\/\\\/www.instagram.com\\\/hosgreta\"]}]}<\/script>\n<!-- \/ Yoast SEO plugin. -->","yoast_head_json":{"title":"Te \u00c4lskad, v\u00e4rdefull, dyrbar och allm\u00e4nt bra - Hos Greta","robots":{"index":"index","follow":"follow","max-snippet":"max-snippet:-1","max-image-preview":"max-image-preview:large","max-video-preview":"max-video-preview:-1"},"canonical":"https:\/\/www.hosgreta.se\/shop\/produkt\/te-alskad-vardefull-dyrbar-och-allmant-bra\/","og_locale":"sv_SE","og_type":"article","og_title":"Te \u00c4lskad, v\u00e4rdefull, dyrbar och allm\u00e4nt bra - Hos Greta","og_description":"Fantastiskt gott te fr\u00e5n Aftek, f\u00f6rpackat i en fin mattsvart p\u00e5se med inneh\u00e5llsetikett p\u00e5 baksidan och en liten vacker och betydelsefull h\u00e4lsning p\u00e5 framsidan. J\u00e4ttebra grej att ge bort eller att starta dagen med, f\u00f6r morgonstund har v\u00e4l te i mun?","og_url":"https:\/\/www.hosgreta.se\/shop\/produkt\/te-alskad-vardefull-dyrbar-och-allmant-bra\/","og_site_name":"Hos Greta","article_publisher":"https:\/\/www.facebook.com\/hosgreta","article_modified_time":"2026-04-01T08:04:41+00:00","og_image":[{"width":800,"height":800,"url":"https:\/\/www.hosgreta.se\/shop\/wp-content\/uploads\/2023\/05\/Te-Alskad-vardefull-dyrbar-och-allmant-bra.jpg","type":"image\/jpeg"}],"twitter_card":"summary_large_image","twitter_misc":{"Ber\u00e4knad l\u00e4stid":"1 minut"},"schema":{"@context":"https:\/\/schema.org","@graph":[{"@type":"WebPage","@id":"https:\/\/www.hosgreta.se\/shop\/produkt\/te-alskad-vardefull-dyrbar-och-allmant-bra\/","url":"https:\/\/www.hosgreta.se\/shop\/produkt\/te-alskad-vardefull-dyrbar-och-allmant-bra\/","name":"Te \u00c4lskad, v\u00e4rdefull, dyrbar och allm\u00e4nt bra - Hos Greta","isPartOf":{"@id":"https:\/\/www.hosgreta.se\/shop\/#website"},"primaryImageOfPage":{"@id":"https:\/\/www.hosgreta.se\/shop\/produkt\/te-alskad-vardefull-dyrbar-och-allmant-bra\/#primaryimage"},"image":{"@id":"https:\/\/www.hosgreta.se\/shop\/produkt\/te-alskad-vardefull-dyrbar-och-allmant-bra\/#primaryimage"},"thumbnailUrl":"https:\/\/www.hosgreta.se\/shop\/wp-content\/uploads\/2023\/05\/Te-Alskad-vardefull-dyrbar-och-allmant-bra.jpg","datePublished":"2023-05-09T15:06:25+00:00","dateModified":"2026-04-01T08:04:41+00:00","breadcrumb":{"@id":"https:\/\/www.hosgreta.se\/shop\/produkt\/te-alskad-vardefull-dyrbar-och-allmant-bra\/#breadcrumb"},"inLanguage":"sv-SE","potentialAction":[{"@type":"ReadAction","target":["https:\/\/www.hosgreta.se\/shop\/produkt\/te-alskad-vardefull-dyrbar-och-allmant-bra\/"]}]},{"@type":"ImageObject","inLanguage":"sv-SE","@id":"https:\/\/www.hosgreta.se\/shop\/produkt\/te-alskad-vardefull-dyrbar-och-allmant-bra\/#primaryimage","url":"https:\/\/www.hosgreta.se\/shop\/wp-content\/uploads\/2023\/05\/Te-Alskad-vardefull-dyrbar-och-allmant-bra.jpg","contentUrl":"https:\/\/www.hosgreta.se\/shop\/wp-content\/uploads\/2023\/05\/Te-Alskad-vardefull-dyrbar-och-allmant-bra.jpg","width":800,"height":800,"caption":"Te \u00c4lskad, v\u00e4rdefull, dyrbar och allm\u00e4nt bra"},{"@type":"BreadcrumbList","@id":"https:\/\/www.hosgreta.se\/shop\/produkt\/te-alskad-vardefull-dyrbar-och-allmant-bra\/#breadcrumb","itemListElement":[{"@type":"ListItem","position":1,"name":"Hem","item":"https:\/\/www.hosgreta.se\/shop\/"},{"@type":"ListItem","position":2,"name":"Shop","item":"https:\/\/www.hosgreta.se\/shop\/shop\/"},{"@type":"ListItem","position":3,"name":"Te \u00c4lskad, v\u00e4rdefull, dyrbar och allm\u00e4nt bra"}]},{"@type":"WebSite","@id":"https:\/\/www.hosgreta.se\/shop\/#website","url":"https:\/\/www.hosgreta.se\/shop\/","name":"Hos Greta","description":"Vi v\u00e4ljer ut v\u00e5ra varum\u00e4rken med stor omsorg.","publisher":{"@id":"https:\/\/www.hosgreta.se\/shop\/#organization"},"potentialAction":[{"@type":"SearchAction","target":{"@type":"EntryPoint","urlTemplate":"https:\/\/www.hosgreta.se\/shop\/?s={search_term_string}"},"query-input":{"@type":"PropertyValueSpecification","valueRequired":true,"valueName":"search_term_string"}}],"inLanguage":"sv-SE"},{"@type":"Organization","@id":"https:\/\/www.hosgreta.se\/shop\/#organization","name":"Hos Greta","url":"https:\/\/www.hosgreta.se\/shop\/","logo":{"@type":"ImageObject","inLanguage":"sv-SE","@id":"https:\/\/www.hosgreta.se\/shop\/#\/schema\/logo\/image\/","url":"https:\/\/www.hosgreta.se\/shop\/wp-content\/uploads\/2018\/03\/Logo_HosGreta_svart.png","contentUrl":"https:\/\/www.hosgreta.se\/shop\/wp-content\/uploads\/2018\/03\/Logo_HosGreta_svart.png","width":851,"height":851,"caption":"Hos Greta"},"image":{"@id":"https:\/\/www.hosgreta.se\/shop\/#\/schema\/logo\/image\/"},"sameAs":["https:\/\/www.facebook.com\/hosgreta","https:\/\/www.instagram.com\/hosgreta"]}]}},"kroconnect":{"tax_rate":6,"price_inc_vat":{"regular_price":65.3},"price_ex_vat":{"regular_price":61.603773999999994}},"brands":[{"id":268,"name":"Me and My House store","slug":"me-and-my-house-store"}],"_links":{"self":[{"href":"https:\/\/www.hosgreta.se\/shop\/wp-json\/wp\/v2\/product\/378173","targetHints":{"allow":["GET"]}}],"collection":[{"href":"https:\/\/www.hosgreta.se\/shop\/wp-json\/wp\/v2\/product"}],"about":[{"href":"https:\/\/www.hosgreta.se\/shop\/wp-json\/wp\/v2\/types\/product"}],"replies":[{"embeddable":true,"href":"https:\/\/www.hosgreta.se\/shop\/wp-json\/wp\/v2\/comments?post=378173"}],"wp:featuredmedia":[{"embeddable":true,"href":"https:\/\/www.hosgreta.se\/shop\/wp-json\/wp\/v2\/media\/378612"}],"wp:attachment":[{"href":"https:\/\/www.hosgreta.se\/shop\/wp-json\/wp\/v2\/media?parent=378173"}],"wp:term":[{"taxonomy":"pwb-brand","embeddable":true,"href":"https:\/\/www.hosgreta.se\/shop\/wp-json\/wp\/v2\/pwb-brand?post=378173"},{"taxonomy":"product_brand","embeddable":true,"href":"https:\/\/www.hosgreta.se\/shop\/wp-json\/wp\/v2\/product_brand?post=378173"},{"taxonomy":"product_cat","embeddable":true,"href":"https:\/\/www.hosgreta.se\/shop\/wp-json\/wp\/v2\/product_cat?post=378173"},{"taxonomy":"product_tag","embeddable":true,"href":"https:\/\/www.hosgreta.se\/shop\/wp-json\/wp\/v2\/product_tag?post=378173"}],"curies":[{"name":"wp","href":"https:\/\/api.w.org\/{rel}","templated":true}]}}