{"id":379070,"date":"2023-09-25T22:26:04","date_gmt":"2023-09-25T20:26:04","guid":{"rendered":"https:\/\/www.hosgreta.se\/shop\/?post_type=product&#038;p=379070"},"modified":"2026-02-21T12:38:05","modified_gmt":"2026-02-21T11:38:05","slug":"done-by-deer-metal-bottle-ozzo-powder","status":"publish","type":"product","link":"https:\/\/www.hosgreta.se\/shop\/produkt\/done-by-deer-metal-bottle-ozzo-powder\/","title":{"rendered":"Done by Deer Metal bottle Ozzo Powder"},"content":{"rendered":"<p>\u00d8 7 x H 15 cm<br \/>\n350 ml<\/p>\n<p>Flaska: Rostfritt st\u00e5l 18\/8.<br \/>\nLock: PP<br \/>\nRing: Silikon<\/p>\n<p>Rekommenderas inte att du anv\u00e4nder diskmaskin. Placera inte i frysen. Anv\u00e4nd inte i mikrov\u00e5gsugn.<\/p>\n","protected":false},"excerpt":{"rendered":"<p>Flaskan i metall \u00e4r robust med ett praktiskt sugr\u00f6r. Den \u00e4r perfekt f\u00f6r barnens ryggs\u00e4ck eller hemma i tr\u00e4dg\u00e5rden f\u00f6r en bifri dryck p\u00e5 sommaren. Den kommer med tv\u00e5 sugr\u00f6r.<\/p>\n<p>Flaskan \u00e4r gjord st\u00e5l i h\u00f6g kvalitet. Detta g\u00f6r flaskan mycket h\u00e5llbar. Det finns inga bel\u00e4ggningar p\u00e5 insidan av flaskan och den sl\u00e4pper inte ifr\u00e5n sig n\u00e5gon form av smak eller kemikalier.<\/p>\n<p>Den praktiska metallflaskan i pudertoner \u00e4r dekorerad med den \u00e4lskv\u00e4rda Ozzo.<\/p>\n","protected":false},"featured_media":379099,"comment_status":"closed","ping_status":"closed","template":"","meta":[],"pwb-brand":[187],"product_brand":[],"product_cat":[125,75],"product_tag":[],"class_list":{"0":"post-379070","1":"product","2":"type-product","3":"status-publish","4":"has-post-thumbnail","6":"pwb-brand-done-by-deer","7":"product_cat-ata","8":"product_cat-barn","10":"first","11":"outofstock","12":"taxable","13":"shipping-taxable","14":"purchasable","15":"product-type-simple"},"yoast_head":"<!-- This site is optimized with the Yoast SEO plugin v27.4 - https:\/\/yoast.com\/product\/yoast-seo-wordpress\/ -->\n<title>Done by Deer Metal bottle Ozzo Powder - Hos Greta<\/title>\n<meta name=\"robots\" content=\"index, follow, max-snippet:-1, max-image-preview:large, max-video-preview:-1\" \/>\n<link rel=\"canonical\" href=\"https:\/\/www.hosgreta.se\/shop\/produkt\/done-by-deer-metal-bottle-ozzo-powder\/\" \/>\n<meta property=\"og:locale\" content=\"sv_SE\" \/>\n<meta property=\"og:type\" content=\"article\" \/>\n<meta property=\"og:title\" content=\"Done by Deer Metal bottle Ozzo Powder - Hos Greta\" \/>\n<meta property=\"og:description\" content=\"Flaskan i metall \u00e4r robust med ett praktiskt sugr\u00f6r. Den \u00e4r perfekt f\u00f6r barnens ryggs\u00e4ck eller hemma i tr\u00e4dg\u00e5rden f\u00f6r en bifri dryck p\u00e5 sommaren. Den kommer med tv\u00e5 sugr\u00f6r.  Flaskan \u00e4r gjord st\u00e5l i h\u00f6g kvalitet. Detta g\u00f6r flaskan mycket h\u00e5llbar. Det finns inga bel\u00e4ggningar p\u00e5 insidan av flaskan och den sl\u00e4pper inte ifr\u00e5n sig n\u00e5gon form av smak eller kemikalier.  Den praktiska metallflaskan i pudertoner \u00e4r dekorerad med den \u00e4lskv\u00e4rda Ozzo.\" \/>\n<meta property=\"og:url\" content=\"https:\/\/www.hosgreta.se\/shop\/produkt\/done-by-deer-metal-bottle-ozzo-powder\/\" \/>\n<meta property=\"og:site_name\" content=\"Hos Greta\" \/>\n<meta property=\"article:publisher\" content=\"https:\/\/www.facebook.com\/hosgreta\" \/>\n<meta property=\"article:modified_time\" content=\"2026-02-21T11:38:05+00:00\" \/>\n<meta property=\"og:image\" content=\"https:\/\/www.hosgreta.se\/shop\/wp-content\/uploads\/2023\/06\/Done-by-Deer-Metal-bottle-Ozzo-Powder.jpg\" \/>\n\t<meta property=\"og:image:width\" content=\"800\" \/>\n\t<meta property=\"og:image:height\" content=\"800\" \/>\n\t<meta property=\"og:image:type\" content=\"image\/jpeg\" \/>\n<meta name=\"twitter:card\" content=\"summary_large_image\" \/>\n<meta name=\"twitter:label1\" content=\"Ber\u00e4knad l\u00e4stid\" \/>\n\t<meta name=\"twitter:data1\" content=\"1 minut\" \/>\n<script type=\"application\/ld+json\" class=\"yoast-schema-graph\">{\"@context\":\"https:\\\/\\\/schema.org\",\"@graph\":[{\"@type\":\"WebPage\",\"@id\":\"https:\\\/\\\/www.hosgreta.se\\\/shop\\\/produkt\\\/done-by-deer-metal-bottle-ozzo-powder\\\/\",\"url\":\"https:\\\/\\\/www.hosgreta.se\\\/shop\\\/produkt\\\/done-by-deer-metal-bottle-ozzo-powder\\\/\",\"name\":\"Done by Deer Metal bottle Ozzo Powder - Hos Greta\",\"isPartOf\":{\"@id\":\"https:\\\/\\\/www.hosgreta.se\\\/shop\\\/#website\"},\"primaryImageOfPage\":{\"@id\":\"https:\\\/\\\/www.hosgreta.se\\\/shop\\\/produkt\\\/done-by-deer-metal-bottle-ozzo-powder\\\/#primaryimage\"},\"image\":{\"@id\":\"https:\\\/\\\/www.hosgreta.se\\\/shop\\\/produkt\\\/done-by-deer-metal-bottle-ozzo-powder\\\/#primaryimage\"},\"thumbnailUrl\":\"https:\\\/\\\/www.hosgreta.se\\\/shop\\\/wp-content\\\/uploads\\\/2023\\\/06\\\/Done-by-Deer-Metal-bottle-Ozzo-Powder.jpg\",\"datePublished\":\"2023-09-25T20:26:04+00:00\",\"dateModified\":\"2026-02-21T11:38:05+00:00\",\"breadcrumb\":{\"@id\":\"https:\\\/\\\/www.hosgreta.se\\\/shop\\\/produkt\\\/done-by-deer-metal-bottle-ozzo-powder\\\/#breadcrumb\"},\"inLanguage\":\"sv-SE\",\"potentialAction\":[{\"@type\":\"ReadAction\",\"target\":[\"https:\\\/\\\/www.hosgreta.se\\\/shop\\\/produkt\\\/done-by-deer-metal-bottle-ozzo-powder\\\/\"]}]},{\"@type\":\"ImageObject\",\"inLanguage\":\"sv-SE\",\"@id\":\"https:\\\/\\\/www.hosgreta.se\\\/shop\\\/produkt\\\/done-by-deer-metal-bottle-ozzo-powder\\\/#primaryimage\",\"url\":\"https:\\\/\\\/www.hosgreta.se\\\/shop\\\/wp-content\\\/uploads\\\/2023\\\/06\\\/Done-by-Deer-Metal-bottle-Ozzo-Powder.jpg\",\"contentUrl\":\"https:\\\/\\\/www.hosgreta.se\\\/shop\\\/wp-content\\\/uploads\\\/2023\\\/06\\\/Done-by-Deer-Metal-bottle-Ozzo-Powder.jpg\",\"width\":800,\"height\":800,\"caption\":\"Done by Deer Metal bottle Ozzo Powder\"},{\"@type\":\"BreadcrumbList\",\"@id\":\"https:\\\/\\\/www.hosgreta.se\\\/shop\\\/produkt\\\/done-by-deer-metal-bottle-ozzo-powder\\\/#breadcrumb\",\"itemListElement\":[{\"@type\":\"ListItem\",\"position\":1,\"name\":\"Hem\",\"item\":\"https:\\\/\\\/www.hosgreta.se\\\/shop\\\/\"},{\"@type\":\"ListItem\",\"position\":2,\"name\":\"Shop\",\"item\":\"https:\\\/\\\/www.hosgreta.se\\\/shop\\\/shop\\\/\"},{\"@type\":\"ListItem\",\"position\":3,\"name\":\"Done by Deer Metal bottle Ozzo Powder\"}]},{\"@type\":\"WebSite\",\"@id\":\"https:\\\/\\\/www.hosgreta.se\\\/shop\\\/#website\",\"url\":\"https:\\\/\\\/www.hosgreta.se\\\/shop\\\/\",\"name\":\"Hos Greta\",\"description\":\"Vi v\u00e4ljer ut v\u00e5ra varum\u00e4rken med stor omsorg.\",\"publisher\":{\"@id\":\"https:\\\/\\\/www.hosgreta.se\\\/shop\\\/#organization\"},\"potentialAction\":[{\"@type\":\"SearchAction\",\"target\":{\"@type\":\"EntryPoint\",\"urlTemplate\":\"https:\\\/\\\/www.hosgreta.se\\\/shop\\\/?s={search_term_string}\"},\"query-input\":{\"@type\":\"PropertyValueSpecification\",\"valueRequired\":true,\"valueName\":\"search_term_string\"}}],\"inLanguage\":\"sv-SE\"},{\"@type\":\"Organization\",\"@id\":\"https:\\\/\\\/www.hosgreta.se\\\/shop\\\/#organization\",\"name\":\"Hos Greta\",\"url\":\"https:\\\/\\\/www.hosgreta.se\\\/shop\\\/\",\"logo\":{\"@type\":\"ImageObject\",\"inLanguage\":\"sv-SE\",\"@id\":\"https:\\\/\\\/www.hosgreta.se\\\/shop\\\/#\\\/schema\\\/logo\\\/image\\\/\",\"url\":\"https:\\\/\\\/www.hosgreta.se\\\/shop\\\/wp-content\\\/uploads\\\/2018\\\/03\\\/Logo_HosGreta_svart.png\",\"contentUrl\":\"https:\\\/\\\/www.hosgreta.se\\\/shop\\\/wp-content\\\/uploads\\\/2018\\\/03\\\/Logo_HosGreta_svart.png\",\"width\":851,\"height\":851,\"caption\":\"Hos Greta\"},\"image\":{\"@id\":\"https:\\\/\\\/www.hosgreta.se\\\/shop\\\/#\\\/schema\\\/logo\\\/image\\\/\"},\"sameAs\":[\"https:\\\/\\\/www.facebook.com\\\/hosgreta\",\"https:\\\/\\\/www.instagram.com\\\/hosgreta\"]}]}<\/script>\n<!-- \/ Yoast SEO plugin. -->","yoast_head_json":{"title":"Done by Deer Metal bottle Ozzo Powder - Hos Greta","robots":{"index":"index","follow":"follow","max-snippet":"max-snippet:-1","max-image-preview":"max-image-preview:large","max-video-preview":"max-video-preview:-1"},"canonical":"https:\/\/www.hosgreta.se\/shop\/produkt\/done-by-deer-metal-bottle-ozzo-powder\/","og_locale":"sv_SE","og_type":"article","og_title":"Done by Deer Metal bottle Ozzo Powder - Hos Greta","og_description":"Flaskan i metall \u00e4r robust med ett praktiskt sugr\u00f6r. Den \u00e4r perfekt f\u00f6r barnens ryggs\u00e4ck eller hemma i tr\u00e4dg\u00e5rden f\u00f6r en bifri dryck p\u00e5 sommaren. Den kommer med tv\u00e5 sugr\u00f6r.  Flaskan \u00e4r gjord st\u00e5l i h\u00f6g kvalitet. Detta g\u00f6r flaskan mycket h\u00e5llbar. Det finns inga bel\u00e4ggningar p\u00e5 insidan av flaskan och den sl\u00e4pper inte ifr\u00e5n sig n\u00e5gon form av smak eller kemikalier.  Den praktiska metallflaskan i pudertoner \u00e4r dekorerad med den \u00e4lskv\u00e4rda Ozzo.","og_url":"https:\/\/www.hosgreta.se\/shop\/produkt\/done-by-deer-metal-bottle-ozzo-powder\/","og_site_name":"Hos Greta","article_publisher":"https:\/\/www.facebook.com\/hosgreta","article_modified_time":"2026-02-21T11:38:05+00:00","og_image":[{"width":800,"height":800,"url":"https:\/\/www.hosgreta.se\/shop\/wp-content\/uploads\/2023\/06\/Done-by-Deer-Metal-bottle-Ozzo-Powder.jpg","type":"image\/jpeg"}],"twitter_card":"summary_large_image","twitter_misc":{"Ber\u00e4knad l\u00e4stid":"1 minut"},"schema":{"@context":"https:\/\/schema.org","@graph":[{"@type":"WebPage","@id":"https:\/\/www.hosgreta.se\/shop\/produkt\/done-by-deer-metal-bottle-ozzo-powder\/","url":"https:\/\/www.hosgreta.se\/shop\/produkt\/done-by-deer-metal-bottle-ozzo-powder\/","name":"Done by Deer Metal bottle Ozzo Powder - Hos Greta","isPartOf":{"@id":"https:\/\/www.hosgreta.se\/shop\/#website"},"primaryImageOfPage":{"@id":"https:\/\/www.hosgreta.se\/shop\/produkt\/done-by-deer-metal-bottle-ozzo-powder\/#primaryimage"},"image":{"@id":"https:\/\/www.hosgreta.se\/shop\/produkt\/done-by-deer-metal-bottle-ozzo-powder\/#primaryimage"},"thumbnailUrl":"https:\/\/www.hosgreta.se\/shop\/wp-content\/uploads\/2023\/06\/Done-by-Deer-Metal-bottle-Ozzo-Powder.jpg","datePublished":"2023-09-25T20:26:04+00:00","dateModified":"2026-02-21T11:38:05+00:00","breadcrumb":{"@id":"https:\/\/www.hosgreta.se\/shop\/produkt\/done-by-deer-metal-bottle-ozzo-powder\/#breadcrumb"},"inLanguage":"sv-SE","potentialAction":[{"@type":"ReadAction","target":["https:\/\/www.hosgreta.se\/shop\/produkt\/done-by-deer-metal-bottle-ozzo-powder\/"]}]},{"@type":"ImageObject","inLanguage":"sv-SE","@id":"https:\/\/www.hosgreta.se\/shop\/produkt\/done-by-deer-metal-bottle-ozzo-powder\/#primaryimage","url":"https:\/\/www.hosgreta.se\/shop\/wp-content\/uploads\/2023\/06\/Done-by-Deer-Metal-bottle-Ozzo-Powder.jpg","contentUrl":"https:\/\/www.hosgreta.se\/shop\/wp-content\/uploads\/2023\/06\/Done-by-Deer-Metal-bottle-Ozzo-Powder.jpg","width":800,"height":800,"caption":"Done by Deer Metal bottle Ozzo Powder"},{"@type":"BreadcrumbList","@id":"https:\/\/www.hosgreta.se\/shop\/produkt\/done-by-deer-metal-bottle-ozzo-powder\/#breadcrumb","itemListElement":[{"@type":"ListItem","position":1,"name":"Hem","item":"https:\/\/www.hosgreta.se\/shop\/"},{"@type":"ListItem","position":2,"name":"Shop","item":"https:\/\/www.hosgreta.se\/shop\/shop\/"},{"@type":"ListItem","position":3,"name":"Done by Deer Metal bottle Ozzo Powder"}]},{"@type":"WebSite","@id":"https:\/\/www.hosgreta.se\/shop\/#website","url":"https:\/\/www.hosgreta.se\/shop\/","name":"Hos Greta","description":"Vi v\u00e4ljer ut v\u00e5ra varum\u00e4rken med stor omsorg.","publisher":{"@id":"https:\/\/www.hosgreta.se\/shop\/#organization"},"potentialAction":[{"@type":"SearchAction","target":{"@type":"EntryPoint","urlTemplate":"https:\/\/www.hosgreta.se\/shop\/?s={search_term_string}"},"query-input":{"@type":"PropertyValueSpecification","valueRequired":true,"valueName":"search_term_string"}}],"inLanguage":"sv-SE"},{"@type":"Organization","@id":"https:\/\/www.hosgreta.se\/shop\/#organization","name":"Hos Greta","url":"https:\/\/www.hosgreta.se\/shop\/","logo":{"@type":"ImageObject","inLanguage":"sv-SE","@id":"https:\/\/www.hosgreta.se\/shop\/#\/schema\/logo\/image\/","url":"https:\/\/www.hosgreta.se\/shop\/wp-content\/uploads\/2018\/03\/Logo_HosGreta_svart.png","contentUrl":"https:\/\/www.hosgreta.se\/shop\/wp-content\/uploads\/2018\/03\/Logo_HosGreta_svart.png","width":851,"height":851,"caption":"Hos Greta"},"image":{"@id":"https:\/\/www.hosgreta.se\/shop\/#\/schema\/logo\/image\/"},"sameAs":["https:\/\/www.facebook.com\/hosgreta","https:\/\/www.instagram.com\/hosgreta"]}]}},"kroconnect":{"tax_rate":25,"price_inc_vat":{"regular_price":219},"price_ex_vat":{"regular_price":175.2}},"brands":[{"id":187,"name":"Done by Deer","slug":"done-by-deer"}],"_links":{"self":[{"href":"https:\/\/www.hosgreta.se\/shop\/wp-json\/wp\/v2\/product\/379070","targetHints":{"allow":["GET"]}}],"collection":[{"href":"https:\/\/www.hosgreta.se\/shop\/wp-json\/wp\/v2\/product"}],"about":[{"href":"https:\/\/www.hosgreta.se\/shop\/wp-json\/wp\/v2\/types\/product"}],"replies":[{"embeddable":true,"href":"https:\/\/www.hosgreta.se\/shop\/wp-json\/wp\/v2\/comments?post=379070"}],"wp:featuredmedia":[{"embeddable":true,"href":"https:\/\/www.hosgreta.se\/shop\/wp-json\/wp\/v2\/media\/379099"}],"wp:attachment":[{"href":"https:\/\/www.hosgreta.se\/shop\/wp-json\/wp\/v2\/media?parent=379070"}],"wp:term":[{"taxonomy":"pwb-brand","embeddable":true,"href":"https:\/\/www.hosgreta.se\/shop\/wp-json\/wp\/v2\/pwb-brand?post=379070"},{"taxonomy":"product_brand","embeddable":true,"href":"https:\/\/www.hosgreta.se\/shop\/wp-json\/wp\/v2\/product_brand?post=379070"},{"taxonomy":"product_cat","embeddable":true,"href":"https:\/\/www.hosgreta.se\/shop\/wp-json\/wp\/v2\/product_cat?post=379070"},{"taxonomy":"product_tag","embeddable":true,"href":"https:\/\/www.hosgreta.se\/shop\/wp-json\/wp\/v2\/product_tag?post=379070"}],"curies":[{"name":"wp","href":"https:\/\/api.w.org\/{rel}","templated":true}]}}