{"id":380501,"date":"2024-01-22T22:08:21","date_gmt":"2024-01-22T21:08:21","guid":{"rendered":"https:\/\/www.hosgreta.se\/shop\/?post_type=product&#038;p=380501"},"modified":"2026-03-21T14:28:41","modified_gmt":"2026-03-21T13:28:41","slug":"faith-orhangen-liten-rosett","status":"publish","type":"product","link":"https:\/\/www.hosgreta.se\/shop\/produkt\/faith-orhangen-liten-rosett\/","title":{"rendered":"Faith \u00d6rh\u00e4ngen Liten Rosett"},"content":{"rendered":"<p>925 Sterling silver &#8211; \u00c4kta silver<br \/>\nNickelfritt<\/p>\n<p>Rosett: 13&#215;9 mm<\/p>\n","protected":false},"excerpt":{"rendered":"<p>Sm\u00e5 silver\u00f6rh\u00e4ngen i form av en charmig rosett med en l\u00e4tt hamrad yta.<\/p>\n<p>Tidl\u00f6sa och perfekta f\u00f6r att l\u00e4gga till en feminin touch till din outfit eller som en kontrast till en mer rockig eller rebellisk look.<\/p>\n<p>Dessa rosett\u00f6rh\u00e4ngen \u00e4r handgjorda i \u00e4kta silver och kommer fr\u00e5n det svenska varum\u00e4rket By faith.<\/p>\n","protected":false},"featured_media":380509,"comment_status":"closed","ping_status":"closed","template":"","meta":[],"pwb-brand":[273],"product_brand":[],"product_cat":[137,128],"product_tag":[],"class_list":{"0":"post-380501","1":"product","2":"type-product","3":"status-publish","4":"has-post-thumbnail","6":"pwb-brand-faith","7":"product_cat-smycken","8":"product_cat-smycken-accessoarer","10":"first","11":"outofstock","12":"taxable","13":"shipping-taxable","14":"purchasable","15":"product-type-simple"},"yoast_head":"<!-- This site is optimized with the Yoast SEO plugin v27.4 - https:\/\/yoast.com\/product\/yoast-seo-wordpress\/ -->\n<title>Faith \u00d6rh\u00e4ngen Liten Rosett - Hos Greta<\/title>\n<meta name=\"robots\" content=\"index, follow, max-snippet:-1, max-image-preview:large, max-video-preview:-1\" \/>\n<link rel=\"canonical\" href=\"https:\/\/www.hosgreta.se\/shop\/produkt\/faith-orhangen-liten-rosett\/\" \/>\n<meta property=\"og:locale\" content=\"sv_SE\" \/>\n<meta property=\"og:type\" content=\"article\" \/>\n<meta property=\"og:title\" content=\"Faith \u00d6rh\u00e4ngen Liten Rosett - Hos Greta\" \/>\n<meta property=\"og:description\" content=\"Sm\u00e5 silver\u00f6rh\u00e4ngen i form av en charmig rosett med en l\u00e4tt hamrad yta.  Tidl\u00f6sa och perfekta f\u00f6r att l\u00e4gga till en feminin touch till din outfit eller som en kontrast till en mer rockig eller rebellisk look.  Dessa rosett\u00f6rh\u00e4ngen \u00e4r handgjorda i \u00e4kta silver och kommer fr\u00e5n det svenska varum\u00e4rket By faith.\" \/>\n<meta property=\"og:url\" content=\"https:\/\/www.hosgreta.se\/shop\/produkt\/faith-orhangen-liten-rosett\/\" \/>\n<meta property=\"og:site_name\" content=\"Hos Greta\" \/>\n<meta property=\"article:publisher\" content=\"https:\/\/www.facebook.com\/hosgreta\" \/>\n<meta property=\"article:modified_time\" content=\"2026-03-21T13:28:41+00:00\" \/>\n<meta property=\"og:image\" content=\"https:\/\/www.hosgreta.se\/shop\/wp-content\/uploads\/2024\/01\/Faith-Orhangen-Liten-Rosett.jpg\" \/>\n\t<meta property=\"og:image:width\" content=\"800\" \/>\n\t<meta property=\"og:image:height\" content=\"800\" \/>\n\t<meta property=\"og:image:type\" content=\"image\/jpeg\" \/>\n<meta name=\"twitter:card\" content=\"summary_large_image\" \/>\n<meta name=\"twitter:label1\" content=\"Ber\u00e4knad l\u00e4stid\" \/>\n\t<meta name=\"twitter:data1\" content=\"1 minut\" \/>\n<script type=\"application\/ld+json\" class=\"yoast-schema-graph\">{\"@context\":\"https:\\\/\\\/schema.org\",\"@graph\":[{\"@type\":\"WebPage\",\"@id\":\"https:\\\/\\\/www.hosgreta.se\\\/shop\\\/produkt\\\/faith-orhangen-liten-rosett\\\/\",\"url\":\"https:\\\/\\\/www.hosgreta.se\\\/shop\\\/produkt\\\/faith-orhangen-liten-rosett\\\/\",\"name\":\"Faith \u00d6rh\u00e4ngen Liten Rosett - Hos Greta\",\"isPartOf\":{\"@id\":\"https:\\\/\\\/www.hosgreta.se\\\/shop\\\/#website\"},\"primaryImageOfPage\":{\"@id\":\"https:\\\/\\\/www.hosgreta.se\\\/shop\\\/produkt\\\/faith-orhangen-liten-rosett\\\/#primaryimage\"},\"image\":{\"@id\":\"https:\\\/\\\/www.hosgreta.se\\\/shop\\\/produkt\\\/faith-orhangen-liten-rosett\\\/#primaryimage\"},\"thumbnailUrl\":\"https:\\\/\\\/www.hosgreta.se\\\/shop\\\/wp-content\\\/uploads\\\/2024\\\/01\\\/Faith-Orhangen-Liten-Rosett.jpg\",\"datePublished\":\"2024-01-22T21:08:21+00:00\",\"dateModified\":\"2026-03-21T13:28:41+00:00\",\"breadcrumb\":{\"@id\":\"https:\\\/\\\/www.hosgreta.se\\\/shop\\\/produkt\\\/faith-orhangen-liten-rosett\\\/#breadcrumb\"},\"inLanguage\":\"sv-SE\",\"potentialAction\":[{\"@type\":\"ReadAction\",\"target\":[\"https:\\\/\\\/www.hosgreta.se\\\/shop\\\/produkt\\\/faith-orhangen-liten-rosett\\\/\"]}]},{\"@type\":\"ImageObject\",\"inLanguage\":\"sv-SE\",\"@id\":\"https:\\\/\\\/www.hosgreta.se\\\/shop\\\/produkt\\\/faith-orhangen-liten-rosett\\\/#primaryimage\",\"url\":\"https:\\\/\\\/www.hosgreta.se\\\/shop\\\/wp-content\\\/uploads\\\/2024\\\/01\\\/Faith-Orhangen-Liten-Rosett.jpg\",\"contentUrl\":\"https:\\\/\\\/www.hosgreta.se\\\/shop\\\/wp-content\\\/uploads\\\/2024\\\/01\\\/Faith-Orhangen-Liten-Rosett.jpg\",\"width\":800,\"height\":800,\"caption\":\"Faith \u00d6rh\u00e4ngen Liten Rosett\"},{\"@type\":\"BreadcrumbList\",\"@id\":\"https:\\\/\\\/www.hosgreta.se\\\/shop\\\/produkt\\\/faith-orhangen-liten-rosett\\\/#breadcrumb\",\"itemListElement\":[{\"@type\":\"ListItem\",\"position\":1,\"name\":\"Hem\",\"item\":\"https:\\\/\\\/www.hosgreta.se\\\/shop\\\/\"},{\"@type\":\"ListItem\",\"position\":2,\"name\":\"Shop\",\"item\":\"https:\\\/\\\/www.hosgreta.se\\\/shop\\\/shop\\\/\"},{\"@type\":\"ListItem\",\"position\":3,\"name\":\"Faith \u00d6rh\u00e4ngen Liten Rosett\"}]},{\"@type\":\"WebSite\",\"@id\":\"https:\\\/\\\/www.hosgreta.se\\\/shop\\\/#website\",\"url\":\"https:\\\/\\\/www.hosgreta.se\\\/shop\\\/\",\"name\":\"Hos Greta\",\"description\":\"Vi v\u00e4ljer ut v\u00e5ra varum\u00e4rken med stor omsorg.\",\"publisher\":{\"@id\":\"https:\\\/\\\/www.hosgreta.se\\\/shop\\\/#organization\"},\"potentialAction\":[{\"@type\":\"SearchAction\",\"target\":{\"@type\":\"EntryPoint\",\"urlTemplate\":\"https:\\\/\\\/www.hosgreta.se\\\/shop\\\/?s={search_term_string}\"},\"query-input\":{\"@type\":\"PropertyValueSpecification\",\"valueRequired\":true,\"valueName\":\"search_term_string\"}}],\"inLanguage\":\"sv-SE\"},{\"@type\":\"Organization\",\"@id\":\"https:\\\/\\\/www.hosgreta.se\\\/shop\\\/#organization\",\"name\":\"Hos Greta\",\"url\":\"https:\\\/\\\/www.hosgreta.se\\\/shop\\\/\",\"logo\":{\"@type\":\"ImageObject\",\"inLanguage\":\"sv-SE\",\"@id\":\"https:\\\/\\\/www.hosgreta.se\\\/shop\\\/#\\\/schema\\\/logo\\\/image\\\/\",\"url\":\"https:\\\/\\\/www.hosgreta.se\\\/shop\\\/wp-content\\\/uploads\\\/2018\\\/03\\\/Logo_HosGreta_svart.png\",\"contentUrl\":\"https:\\\/\\\/www.hosgreta.se\\\/shop\\\/wp-content\\\/uploads\\\/2018\\\/03\\\/Logo_HosGreta_svart.png\",\"width\":851,\"height\":851,\"caption\":\"Hos Greta\"},\"image\":{\"@id\":\"https:\\\/\\\/www.hosgreta.se\\\/shop\\\/#\\\/schema\\\/logo\\\/image\\\/\"},\"sameAs\":[\"https:\\\/\\\/www.facebook.com\\\/hosgreta\",\"https:\\\/\\\/www.instagram.com\\\/hosgreta\"]}]}<\/script>\n<!-- \/ Yoast SEO plugin. -->","yoast_head_json":{"title":"Faith \u00d6rh\u00e4ngen Liten Rosett - Hos Greta","robots":{"index":"index","follow":"follow","max-snippet":"max-snippet:-1","max-image-preview":"max-image-preview:large","max-video-preview":"max-video-preview:-1"},"canonical":"https:\/\/www.hosgreta.se\/shop\/produkt\/faith-orhangen-liten-rosett\/","og_locale":"sv_SE","og_type":"article","og_title":"Faith \u00d6rh\u00e4ngen Liten Rosett - Hos Greta","og_description":"Sm\u00e5 silver\u00f6rh\u00e4ngen i form av en charmig rosett med en l\u00e4tt hamrad yta.  Tidl\u00f6sa och perfekta f\u00f6r att l\u00e4gga till en feminin touch till din outfit eller som en kontrast till en mer rockig eller rebellisk look.  Dessa rosett\u00f6rh\u00e4ngen \u00e4r handgjorda i \u00e4kta silver och kommer fr\u00e5n det svenska varum\u00e4rket By faith.","og_url":"https:\/\/www.hosgreta.se\/shop\/produkt\/faith-orhangen-liten-rosett\/","og_site_name":"Hos Greta","article_publisher":"https:\/\/www.facebook.com\/hosgreta","article_modified_time":"2026-03-21T13:28:41+00:00","og_image":[{"width":800,"height":800,"url":"https:\/\/www.hosgreta.se\/shop\/wp-content\/uploads\/2024\/01\/Faith-Orhangen-Liten-Rosett.jpg","type":"image\/jpeg"}],"twitter_card":"summary_large_image","twitter_misc":{"Ber\u00e4knad l\u00e4stid":"1 minut"},"schema":{"@context":"https:\/\/schema.org","@graph":[{"@type":"WebPage","@id":"https:\/\/www.hosgreta.se\/shop\/produkt\/faith-orhangen-liten-rosett\/","url":"https:\/\/www.hosgreta.se\/shop\/produkt\/faith-orhangen-liten-rosett\/","name":"Faith \u00d6rh\u00e4ngen Liten Rosett - Hos Greta","isPartOf":{"@id":"https:\/\/www.hosgreta.se\/shop\/#website"},"primaryImageOfPage":{"@id":"https:\/\/www.hosgreta.se\/shop\/produkt\/faith-orhangen-liten-rosett\/#primaryimage"},"image":{"@id":"https:\/\/www.hosgreta.se\/shop\/produkt\/faith-orhangen-liten-rosett\/#primaryimage"},"thumbnailUrl":"https:\/\/www.hosgreta.se\/shop\/wp-content\/uploads\/2024\/01\/Faith-Orhangen-Liten-Rosett.jpg","datePublished":"2024-01-22T21:08:21+00:00","dateModified":"2026-03-21T13:28:41+00:00","breadcrumb":{"@id":"https:\/\/www.hosgreta.se\/shop\/produkt\/faith-orhangen-liten-rosett\/#breadcrumb"},"inLanguage":"sv-SE","potentialAction":[{"@type":"ReadAction","target":["https:\/\/www.hosgreta.se\/shop\/produkt\/faith-orhangen-liten-rosett\/"]}]},{"@type":"ImageObject","inLanguage":"sv-SE","@id":"https:\/\/www.hosgreta.se\/shop\/produkt\/faith-orhangen-liten-rosett\/#primaryimage","url":"https:\/\/www.hosgreta.se\/shop\/wp-content\/uploads\/2024\/01\/Faith-Orhangen-Liten-Rosett.jpg","contentUrl":"https:\/\/www.hosgreta.se\/shop\/wp-content\/uploads\/2024\/01\/Faith-Orhangen-Liten-Rosett.jpg","width":800,"height":800,"caption":"Faith \u00d6rh\u00e4ngen Liten Rosett"},{"@type":"BreadcrumbList","@id":"https:\/\/www.hosgreta.se\/shop\/produkt\/faith-orhangen-liten-rosett\/#breadcrumb","itemListElement":[{"@type":"ListItem","position":1,"name":"Hem","item":"https:\/\/www.hosgreta.se\/shop\/"},{"@type":"ListItem","position":2,"name":"Shop","item":"https:\/\/www.hosgreta.se\/shop\/shop\/"},{"@type":"ListItem","position":3,"name":"Faith \u00d6rh\u00e4ngen Liten Rosett"}]},{"@type":"WebSite","@id":"https:\/\/www.hosgreta.se\/shop\/#website","url":"https:\/\/www.hosgreta.se\/shop\/","name":"Hos Greta","description":"Vi v\u00e4ljer ut v\u00e5ra varum\u00e4rken med stor omsorg.","publisher":{"@id":"https:\/\/www.hosgreta.se\/shop\/#organization"},"potentialAction":[{"@type":"SearchAction","target":{"@type":"EntryPoint","urlTemplate":"https:\/\/www.hosgreta.se\/shop\/?s={search_term_string}"},"query-input":{"@type":"PropertyValueSpecification","valueRequired":true,"valueName":"search_term_string"}}],"inLanguage":"sv-SE"},{"@type":"Organization","@id":"https:\/\/www.hosgreta.se\/shop\/#organization","name":"Hos Greta","url":"https:\/\/www.hosgreta.se\/shop\/","logo":{"@type":"ImageObject","inLanguage":"sv-SE","@id":"https:\/\/www.hosgreta.se\/shop\/#\/schema\/logo\/image\/","url":"https:\/\/www.hosgreta.se\/shop\/wp-content\/uploads\/2018\/03\/Logo_HosGreta_svart.png","contentUrl":"https:\/\/www.hosgreta.se\/shop\/wp-content\/uploads\/2018\/03\/Logo_HosGreta_svart.png","width":851,"height":851,"caption":"Hos Greta"},"image":{"@id":"https:\/\/www.hosgreta.se\/shop\/#\/schema\/logo\/image\/"},"sameAs":["https:\/\/www.facebook.com\/hosgreta","https:\/\/www.instagram.com\/hosgreta"]}]}},"kroconnect":{"tax_rate":25,"price_inc_vat":{"regular_price":299},"price_ex_vat":{"regular_price":239.2}},"brands":[{"id":273,"name":"Faith","slug":"faith"}],"_links":{"self":[{"href":"https:\/\/www.hosgreta.se\/shop\/wp-json\/wp\/v2\/product\/380501","targetHints":{"allow":["GET"]}}],"collection":[{"href":"https:\/\/www.hosgreta.se\/shop\/wp-json\/wp\/v2\/product"}],"about":[{"href":"https:\/\/www.hosgreta.se\/shop\/wp-json\/wp\/v2\/types\/product"}],"replies":[{"embeddable":true,"href":"https:\/\/www.hosgreta.se\/shop\/wp-json\/wp\/v2\/comments?post=380501"}],"wp:featuredmedia":[{"embeddable":true,"href":"https:\/\/www.hosgreta.se\/shop\/wp-json\/wp\/v2\/media\/380509"}],"wp:attachment":[{"href":"https:\/\/www.hosgreta.se\/shop\/wp-json\/wp\/v2\/media?parent=380501"}],"wp:term":[{"taxonomy":"pwb-brand","embeddable":true,"href":"https:\/\/www.hosgreta.se\/shop\/wp-json\/wp\/v2\/pwb-brand?post=380501"},{"taxonomy":"product_brand","embeddable":true,"href":"https:\/\/www.hosgreta.se\/shop\/wp-json\/wp\/v2\/product_brand?post=380501"},{"taxonomy":"product_cat","embeddable":true,"href":"https:\/\/www.hosgreta.se\/shop\/wp-json\/wp\/v2\/product_cat?post=380501"},{"taxonomy":"product_tag","embeddable":true,"href":"https:\/\/www.hosgreta.se\/shop\/wp-json\/wp\/v2\/product_tag?post=380501"}],"curies":[{"name":"wp","href":"https:\/\/api.w.org\/{rel}","templated":true}]}}