{"id":381749,"date":"2024-03-11T15:52:08","date_gmt":"2024-03-11T14:52:08","guid":{"rendered":"https:\/\/www.hosgreta.se\/shop\/?post_type=product&#038;p=381749"},"modified":"2025-04-24T14:37:13","modified_gmt":"2025-04-24T12:37:13","slug":"gotland-originals-klinte-3-pack","status":"publish","type":"product","link":"https:\/\/www.hosgreta.se\/shop\/produkt\/gotland-originals-klinte-3-pack\/","title":{"rendered":"Gotland Originals Bivaxdukar Klinte 3-pack"},"content":{"rendered":"<p>Material: Bomullstyg, bivax, tallk\u00e5da och jojoba olja.<br \/>\nStorlekar i ett trepack: 20x20cm, 25x25cm och 35x35cm.<br \/>\n\u00c5teranv\u00e4ndbar: Minst ett \u00e5r.<br \/>\nMade in Sweden: Tillverkade i Visby.<\/p>\n","protected":false},"excerpt":{"rendered":"<p>Bivaxdukar \u00e4r det nya s\u00e4ttet att f\u00f6rvara mat ist\u00e4llet f\u00f6r plastfolie.<\/p>\n<p>Det fantastiska med bivax \u00e4r att det \u00e4r antibakteriellt, vilket f\u00f6rl\u00e4nger matens h\u00e5llbarhet. Bivaxdukar andas ocks\u00e5 helt perfekt f\u00f6r matf\u00f6rvaring vilket motverkar kondens eller uttorkning. <\/p>\n<p>Br\u00f6det k\u00e4nns nybakat mycket l\u00e4ngre.<br \/>\nGr\u00f6nsakerna beh\u00e5ller sin fr\u00e4scha krispighet.<br \/>\nMatresterna h\u00e5ller sig m\u00f6gelfria.<br \/>\nDessutom f\u00e5r osten inga h\u00e5rda kanter.<br \/>\nTill skillnad fr\u00e5n plastfolie som bara sl\u00e4ngs efter varje anv\u00e4ndning \u00e4r bivaxdukar \u00e5teranv\u00e4ndbara! Tv\u00e4tta enkelt av duken med kallt vatten och diskmedel och \u00e5teranv\u00e4nd om och om igen. H\u00e5ller i minst ett \u00e5r, oftast l\u00e4ngre!<\/p>\n","protected":false},"featured_media":381795,"comment_status":"closed","ping_status":"closed","template":"","meta":[],"pwb-brand":[325],"product_brand":[],"product_cat":[74,108],"product_tag":[],"class_list":{"0":"post-381749","1":"product","2":"type-product","3":"status-publish","4":"has-post-thumbnail","6":"pwb-brand-gotland-originals","7":"product_cat-inredning","8":"product_cat-for-koket","10":"first","11":"outofstock","12":"taxable","13":"shipping-taxable","14":"purchasable","15":"product-type-simple"},"yoast_head":"<!-- This site is optimized with the Yoast SEO plugin v27.5 - https:\/\/yoast.com\/product\/yoast-seo-wordpress\/ -->\n<title>Gotland Originals Bivaxdukar Klinte 3-pack - Hos Greta<\/title>\n<meta name=\"robots\" content=\"index, follow, max-snippet:-1, max-image-preview:large, max-video-preview:-1\" \/>\n<link rel=\"canonical\" href=\"https:\/\/www.hosgreta.se\/shop\/produkt\/gotland-originals-klinte-3-pack\/\" \/>\n<meta property=\"og:locale\" content=\"sv_SE\" \/>\n<meta property=\"og:type\" content=\"article\" \/>\n<meta property=\"og:title\" content=\"Gotland Originals Bivaxdukar Klinte 3-pack - Hos Greta\" \/>\n<meta property=\"og:description\" content=\"Bivaxdukar \u00e4r det nya s\u00e4ttet att f\u00f6rvara mat ist\u00e4llet f\u00f6r plastfolie.  Det fantastiska med bivax \u00e4r att det \u00e4r antibakteriellt, vilket f\u00f6rl\u00e4nger matens h\u00e5llbarhet. Bivaxdukar andas ocks\u00e5 helt perfekt f\u00f6r matf\u00f6rvaring vilket motverkar kondens eller uttorkning.   Br\u00f6det k\u00e4nns nybakat mycket l\u00e4ngre. Gr\u00f6nsakerna beh\u00e5ller sin fr\u00e4scha krispighet. Matresterna h\u00e5ller sig m\u00f6gelfria. Dessutom f\u00e5r osten inga h\u00e5rda kanter. Till skillnad fr\u00e5n plastfolie som bara sl\u00e4ngs efter varje anv\u00e4ndning \u00e4r bivaxdukar \u00e5teranv\u00e4ndbara! Tv\u00e4tta enkelt av duken med kallt vatten och diskmedel och \u00e5teranv\u00e4nd om och om igen. H\u00e5ller i minst ett \u00e5r, oftast l\u00e4ngre!\" \/>\n<meta property=\"og:url\" content=\"https:\/\/www.hosgreta.se\/shop\/produkt\/gotland-originals-klinte-3-pack\/\" \/>\n<meta property=\"og:site_name\" content=\"Hos Greta\" \/>\n<meta property=\"article:publisher\" content=\"https:\/\/www.facebook.com\/hosgreta\" \/>\n<meta property=\"article:modified_time\" content=\"2025-04-24T12:37:13+00:00\" \/>\n<meta property=\"og:image\" content=\"https:\/\/www.hosgreta.se\/shop\/wp-content\/uploads\/2024\/03\/Gotland-Originals-Klinte-3-pack.jpg\" \/>\n\t<meta property=\"og:image:width\" content=\"800\" \/>\n\t<meta property=\"og:image:height\" content=\"800\" \/>\n\t<meta property=\"og:image:type\" content=\"image\/jpeg\" \/>\n<meta name=\"twitter:card\" content=\"summary_large_image\" \/>\n<meta name=\"twitter:label1\" content=\"Ber\u00e4knad l\u00e4stid\" \/>\n\t<meta name=\"twitter:data1\" content=\"1 minut\" \/>\n<script type=\"application\/ld+json\" class=\"yoast-schema-graph\">{\"@context\":\"https:\\\/\\\/schema.org\",\"@graph\":[{\"@type\":\"WebPage\",\"@id\":\"https:\\\/\\\/www.hosgreta.se\\\/shop\\\/produkt\\\/gotland-originals-klinte-3-pack\\\/\",\"url\":\"https:\\\/\\\/www.hosgreta.se\\\/shop\\\/produkt\\\/gotland-originals-klinte-3-pack\\\/\",\"name\":\"Gotland Originals Bivaxdukar Klinte 3-pack - Hos Greta\",\"isPartOf\":{\"@id\":\"https:\\\/\\\/www.hosgreta.se\\\/shop\\\/#website\"},\"primaryImageOfPage\":{\"@id\":\"https:\\\/\\\/www.hosgreta.se\\\/shop\\\/produkt\\\/gotland-originals-klinte-3-pack\\\/#primaryimage\"},\"image\":{\"@id\":\"https:\\\/\\\/www.hosgreta.se\\\/shop\\\/produkt\\\/gotland-originals-klinte-3-pack\\\/#primaryimage\"},\"thumbnailUrl\":\"https:\\\/\\\/www.hosgreta.se\\\/shop\\\/wp-content\\\/uploads\\\/2024\\\/03\\\/Gotland-Originals-Klinte-3-pack.jpg\",\"datePublished\":\"2024-03-11T14:52:08+00:00\",\"dateModified\":\"2025-04-24T12:37:13+00:00\",\"breadcrumb\":{\"@id\":\"https:\\\/\\\/www.hosgreta.se\\\/shop\\\/produkt\\\/gotland-originals-klinte-3-pack\\\/#breadcrumb\"},\"inLanguage\":\"sv-SE\",\"potentialAction\":[{\"@type\":\"ReadAction\",\"target\":[\"https:\\\/\\\/www.hosgreta.se\\\/shop\\\/produkt\\\/gotland-originals-klinte-3-pack\\\/\"]}]},{\"@type\":\"ImageObject\",\"inLanguage\":\"sv-SE\",\"@id\":\"https:\\\/\\\/www.hosgreta.se\\\/shop\\\/produkt\\\/gotland-originals-klinte-3-pack\\\/#primaryimage\",\"url\":\"https:\\\/\\\/www.hosgreta.se\\\/shop\\\/wp-content\\\/uploads\\\/2024\\\/03\\\/Gotland-Originals-Klinte-3-pack.jpg\",\"contentUrl\":\"https:\\\/\\\/www.hosgreta.se\\\/shop\\\/wp-content\\\/uploads\\\/2024\\\/03\\\/Gotland-Originals-Klinte-3-pack.jpg\",\"width\":800,\"height\":800,\"caption\":\"Gotland Originals Klinte 3-pack\"},{\"@type\":\"BreadcrumbList\",\"@id\":\"https:\\\/\\\/www.hosgreta.se\\\/shop\\\/produkt\\\/gotland-originals-klinte-3-pack\\\/#breadcrumb\",\"itemListElement\":[{\"@type\":\"ListItem\",\"position\":1,\"name\":\"Hem\",\"item\":\"https:\\\/\\\/www.hosgreta.se\\\/shop\\\/\"},{\"@type\":\"ListItem\",\"position\":2,\"name\":\"Shop\",\"item\":\"https:\\\/\\\/www.hosgreta.se\\\/shop\\\/shop\\\/\"},{\"@type\":\"ListItem\",\"position\":3,\"name\":\"Gotland Originals Bivaxdukar Klinte 3-pack\"}]},{\"@type\":\"WebSite\",\"@id\":\"https:\\\/\\\/www.hosgreta.se\\\/shop\\\/#website\",\"url\":\"https:\\\/\\\/www.hosgreta.se\\\/shop\\\/\",\"name\":\"Hos Greta\",\"description\":\"Vi v\u00e4ljer ut v\u00e5ra varum\u00e4rken med stor omsorg.\",\"publisher\":{\"@id\":\"https:\\\/\\\/www.hosgreta.se\\\/shop\\\/#organization\"},\"potentialAction\":[{\"@type\":\"SearchAction\",\"target\":{\"@type\":\"EntryPoint\",\"urlTemplate\":\"https:\\\/\\\/www.hosgreta.se\\\/shop\\\/?s={search_term_string}\"},\"query-input\":{\"@type\":\"PropertyValueSpecification\",\"valueRequired\":true,\"valueName\":\"search_term_string\"}}],\"inLanguage\":\"sv-SE\"},{\"@type\":\"Organization\",\"@id\":\"https:\\\/\\\/www.hosgreta.se\\\/shop\\\/#organization\",\"name\":\"Hos Greta\",\"url\":\"https:\\\/\\\/www.hosgreta.se\\\/shop\\\/\",\"logo\":{\"@type\":\"ImageObject\",\"inLanguage\":\"sv-SE\",\"@id\":\"https:\\\/\\\/www.hosgreta.se\\\/shop\\\/#\\\/schema\\\/logo\\\/image\\\/\",\"url\":\"https:\\\/\\\/www.hosgreta.se\\\/shop\\\/wp-content\\\/uploads\\\/2018\\\/03\\\/Logo_HosGreta_svart.png\",\"contentUrl\":\"https:\\\/\\\/www.hosgreta.se\\\/shop\\\/wp-content\\\/uploads\\\/2018\\\/03\\\/Logo_HosGreta_svart.png\",\"width\":851,\"height\":851,\"caption\":\"Hos Greta\"},\"image\":{\"@id\":\"https:\\\/\\\/www.hosgreta.se\\\/shop\\\/#\\\/schema\\\/logo\\\/image\\\/\"},\"sameAs\":[\"https:\\\/\\\/www.facebook.com\\\/hosgreta\",\"https:\\\/\\\/www.instagram.com\\\/hosgreta\"]}]}<\/script>\n<!-- \/ Yoast SEO plugin. -->","yoast_head_json":{"title":"Gotland Originals Bivaxdukar Klinte 3-pack - Hos Greta","robots":{"index":"index","follow":"follow","max-snippet":"max-snippet:-1","max-image-preview":"max-image-preview:large","max-video-preview":"max-video-preview:-1"},"canonical":"https:\/\/www.hosgreta.se\/shop\/produkt\/gotland-originals-klinte-3-pack\/","og_locale":"sv_SE","og_type":"article","og_title":"Gotland Originals Bivaxdukar Klinte 3-pack - Hos Greta","og_description":"Bivaxdukar \u00e4r det nya s\u00e4ttet att f\u00f6rvara mat ist\u00e4llet f\u00f6r plastfolie.  Det fantastiska med bivax \u00e4r att det \u00e4r antibakteriellt, vilket f\u00f6rl\u00e4nger matens h\u00e5llbarhet. Bivaxdukar andas ocks\u00e5 helt perfekt f\u00f6r matf\u00f6rvaring vilket motverkar kondens eller uttorkning.   Br\u00f6det k\u00e4nns nybakat mycket l\u00e4ngre. Gr\u00f6nsakerna beh\u00e5ller sin fr\u00e4scha krispighet. Matresterna h\u00e5ller sig m\u00f6gelfria. Dessutom f\u00e5r osten inga h\u00e5rda kanter. Till skillnad fr\u00e5n plastfolie som bara sl\u00e4ngs efter varje anv\u00e4ndning \u00e4r bivaxdukar \u00e5teranv\u00e4ndbara! Tv\u00e4tta enkelt av duken med kallt vatten och diskmedel och \u00e5teranv\u00e4nd om och om igen. H\u00e5ller i minst ett \u00e5r, oftast l\u00e4ngre!","og_url":"https:\/\/www.hosgreta.se\/shop\/produkt\/gotland-originals-klinte-3-pack\/","og_site_name":"Hos Greta","article_publisher":"https:\/\/www.facebook.com\/hosgreta","article_modified_time":"2025-04-24T12:37:13+00:00","og_image":[{"width":800,"height":800,"url":"https:\/\/www.hosgreta.se\/shop\/wp-content\/uploads\/2024\/03\/Gotland-Originals-Klinte-3-pack.jpg","type":"image\/jpeg"}],"twitter_card":"summary_large_image","twitter_misc":{"Ber\u00e4knad l\u00e4stid":"1 minut"},"schema":{"@context":"https:\/\/schema.org","@graph":[{"@type":"WebPage","@id":"https:\/\/www.hosgreta.se\/shop\/produkt\/gotland-originals-klinte-3-pack\/","url":"https:\/\/www.hosgreta.se\/shop\/produkt\/gotland-originals-klinte-3-pack\/","name":"Gotland Originals Bivaxdukar Klinte 3-pack - Hos Greta","isPartOf":{"@id":"https:\/\/www.hosgreta.se\/shop\/#website"},"primaryImageOfPage":{"@id":"https:\/\/www.hosgreta.se\/shop\/produkt\/gotland-originals-klinte-3-pack\/#primaryimage"},"image":{"@id":"https:\/\/www.hosgreta.se\/shop\/produkt\/gotland-originals-klinte-3-pack\/#primaryimage"},"thumbnailUrl":"https:\/\/www.hosgreta.se\/shop\/wp-content\/uploads\/2024\/03\/Gotland-Originals-Klinte-3-pack.jpg","datePublished":"2024-03-11T14:52:08+00:00","dateModified":"2025-04-24T12:37:13+00:00","breadcrumb":{"@id":"https:\/\/www.hosgreta.se\/shop\/produkt\/gotland-originals-klinte-3-pack\/#breadcrumb"},"inLanguage":"sv-SE","potentialAction":[{"@type":"ReadAction","target":["https:\/\/www.hosgreta.se\/shop\/produkt\/gotland-originals-klinte-3-pack\/"]}]},{"@type":"ImageObject","inLanguage":"sv-SE","@id":"https:\/\/www.hosgreta.se\/shop\/produkt\/gotland-originals-klinte-3-pack\/#primaryimage","url":"https:\/\/www.hosgreta.se\/shop\/wp-content\/uploads\/2024\/03\/Gotland-Originals-Klinte-3-pack.jpg","contentUrl":"https:\/\/www.hosgreta.se\/shop\/wp-content\/uploads\/2024\/03\/Gotland-Originals-Klinte-3-pack.jpg","width":800,"height":800,"caption":"Gotland Originals Klinte 3-pack"},{"@type":"BreadcrumbList","@id":"https:\/\/www.hosgreta.se\/shop\/produkt\/gotland-originals-klinte-3-pack\/#breadcrumb","itemListElement":[{"@type":"ListItem","position":1,"name":"Hem","item":"https:\/\/www.hosgreta.se\/shop\/"},{"@type":"ListItem","position":2,"name":"Shop","item":"https:\/\/www.hosgreta.se\/shop\/shop\/"},{"@type":"ListItem","position":3,"name":"Gotland Originals Bivaxdukar Klinte 3-pack"}]},{"@type":"WebSite","@id":"https:\/\/www.hosgreta.se\/shop\/#website","url":"https:\/\/www.hosgreta.se\/shop\/","name":"Hos Greta","description":"Vi v\u00e4ljer ut v\u00e5ra varum\u00e4rken med stor omsorg.","publisher":{"@id":"https:\/\/www.hosgreta.se\/shop\/#organization"},"potentialAction":[{"@type":"SearchAction","target":{"@type":"EntryPoint","urlTemplate":"https:\/\/www.hosgreta.se\/shop\/?s={search_term_string}"},"query-input":{"@type":"PropertyValueSpecification","valueRequired":true,"valueName":"search_term_string"}}],"inLanguage":"sv-SE"},{"@type":"Organization","@id":"https:\/\/www.hosgreta.se\/shop\/#organization","name":"Hos Greta","url":"https:\/\/www.hosgreta.se\/shop\/","logo":{"@type":"ImageObject","inLanguage":"sv-SE","@id":"https:\/\/www.hosgreta.se\/shop\/#\/schema\/logo\/image\/","url":"https:\/\/www.hosgreta.se\/shop\/wp-content\/uploads\/2018\/03\/Logo_HosGreta_svart.png","contentUrl":"https:\/\/www.hosgreta.se\/shop\/wp-content\/uploads\/2018\/03\/Logo_HosGreta_svart.png","width":851,"height":851,"caption":"Hos Greta"},"image":{"@id":"https:\/\/www.hosgreta.se\/shop\/#\/schema\/logo\/image\/"},"sameAs":["https:\/\/www.facebook.com\/hosgreta","https:\/\/www.instagram.com\/hosgreta"]}]}},"kroconnect":{"tax_rate":25,"price_inc_vat":{"regular_price":299},"price_ex_vat":{"regular_price":239.2}},"brands":[{"id":325,"name":"Gotland Originals","slug":"gotland-originals"}],"_links":{"self":[{"href":"https:\/\/www.hosgreta.se\/shop\/wp-json\/wp\/v2\/product\/381749","targetHints":{"allow":["GET"]}}],"collection":[{"href":"https:\/\/www.hosgreta.se\/shop\/wp-json\/wp\/v2\/product"}],"about":[{"href":"https:\/\/www.hosgreta.se\/shop\/wp-json\/wp\/v2\/types\/product"}],"replies":[{"embeddable":true,"href":"https:\/\/www.hosgreta.se\/shop\/wp-json\/wp\/v2\/comments?post=381749"}],"wp:featuredmedia":[{"embeddable":true,"href":"https:\/\/www.hosgreta.se\/shop\/wp-json\/wp\/v2\/media\/381795"}],"wp:attachment":[{"href":"https:\/\/www.hosgreta.se\/shop\/wp-json\/wp\/v2\/media?parent=381749"}],"wp:term":[{"taxonomy":"pwb-brand","embeddable":true,"href":"https:\/\/www.hosgreta.se\/shop\/wp-json\/wp\/v2\/pwb-brand?post=381749"},{"taxonomy":"product_brand","embeddable":true,"href":"https:\/\/www.hosgreta.se\/shop\/wp-json\/wp\/v2\/product_brand?post=381749"},{"taxonomy":"product_cat","embeddable":true,"href":"https:\/\/www.hosgreta.se\/shop\/wp-json\/wp\/v2\/product_cat?post=381749"},{"taxonomy":"product_tag","embeddable":true,"href":"https:\/\/www.hosgreta.se\/shop\/wp-json\/wp\/v2\/product_tag?post=381749"}],"curies":[{"name":"wp","href":"https:\/\/api.w.org\/{rel}","templated":true}]}}