{"id":383033,"date":"2024-08-06T12:27:58","date_gmt":"2024-08-06T10:27:58","guid":{"rendered":"https:\/\/www.hosgreta.se\/shop\/?post_type=product&#038;p=383033"},"modified":"2025-06-16T10:50:30","modified_gmt":"2025-06-16T08:50:30","slug":"smorgasunderlagg-virrvarr-2-pack-mork","status":"publish","type":"product","link":"https:\/\/www.hosgreta.se\/shop\/produkt\/smorgasunderlagg-virrvarr-2-pack-mork\/","title":{"rendered":"Sm\u00f6rg\u00e5sunderl\u00e4gg VirrVarr 2-pack m\u00f6rk"},"content":{"rendered":"<p>12 x 18 cm<br \/>\n6 mm kompaktlaminat<br \/>\nT\u00e5l maskindisk<\/p>\n","protected":false},"excerpt":{"rendered":"<p>Sm\u00f6rg\u00e5sunderl\u00e4gg i Sigvard Bernadotte m\u00f6nstret VirrVarr.<br \/>\nSm\u00f6rg\u00e5sunderl\u00e4gget kan ocks\u00e5 anv\u00e4ndas som en liten sk\u00e4rbr\u00e4da.<\/p>\n","protected":false},"featured_media":18067,"comment_status":"closed","ping_status":"closed","template":"","meta":[],"pwb-brand":[203],"product_brand":[],"product_cat":[74,122],"product_tag":[],"class_list":{"0":"post-383033","1":"product","2":"type-product","3":"status-publish","4":"has-post-thumbnail","6":"pwb-brand-simply-design","7":"product_cat-inredning","8":"product_cat-skarbrador","10":"first","11":"outofstock","12":"taxable","13":"shipping-taxable","14":"purchasable","15":"product-type-simple"},"yoast_head":"<!-- This site is optimized with the Yoast SEO plugin v27.5 - https:\/\/yoast.com\/product\/yoast-seo-wordpress\/ -->\n<title>Sm\u00f6rg\u00e5sunderl\u00e4gg VirrVarr 2-pack m\u00f6rk - Hos Greta<\/title>\n<meta name=\"robots\" content=\"index, follow, max-snippet:-1, max-image-preview:large, max-video-preview:-1\" \/>\n<link rel=\"canonical\" href=\"https:\/\/www.hosgreta.se\/shop\/produkt\/smorgasunderlagg-virrvarr-2-pack-mork\/\" \/>\n<meta property=\"og:locale\" content=\"sv_SE\" \/>\n<meta property=\"og:type\" content=\"article\" \/>\n<meta property=\"og:title\" content=\"Sm\u00f6rg\u00e5sunderl\u00e4gg VirrVarr 2-pack m\u00f6rk - Hos Greta\" \/>\n<meta property=\"og:description\" content=\"Sm\u00f6rg\u00e5sunderl\u00e4gg i Sigvard Bernadotte m\u00f6nstret VirrVarr. Sm\u00f6rg\u00e5sunderl\u00e4gget kan ocks\u00e5 anv\u00e4ndas som en liten sk\u00e4rbr\u00e4da.\" \/>\n<meta property=\"og:url\" content=\"https:\/\/www.hosgreta.se\/shop\/produkt\/smorgasunderlagg-virrvarr-2-pack-mork\/\" \/>\n<meta property=\"og:site_name\" content=\"Hos Greta\" \/>\n<meta property=\"article:publisher\" content=\"https:\/\/www.facebook.com\/hosgreta\" \/>\n<meta property=\"article:modified_time\" content=\"2025-06-16T08:50:30+00:00\" \/>\n<meta property=\"og:image\" content=\"https:\/\/www.hosgreta.se\/shop\/wp-content\/uploads\/2018\/04\/Simply-Design-Sm\u00f6rg\u00e5sbricka-2-pack-m\u00f6rk.jpg\" \/>\n\t<meta property=\"og:image:width\" content=\"800\" \/>\n\t<meta property=\"og:image:height\" content=\"800\" \/>\n\t<meta property=\"og:image:type\" content=\"image\/jpeg\" \/>\n<meta name=\"twitter:card\" content=\"summary_large_image\" \/>\n<meta name=\"twitter:label1\" content=\"Ber\u00e4knad l\u00e4stid\" \/>\n\t<meta name=\"twitter:data1\" content=\"1 minut\" \/>\n<script type=\"application\/ld+json\" class=\"yoast-schema-graph\">{\"@context\":\"https:\\\/\\\/schema.org\",\"@graph\":[{\"@type\":\"WebPage\",\"@id\":\"https:\\\/\\\/www.hosgreta.se\\\/shop\\\/produkt\\\/smorgasunderlagg-virrvarr-2-pack-mork\\\/\",\"url\":\"https:\\\/\\\/www.hosgreta.se\\\/shop\\\/produkt\\\/smorgasunderlagg-virrvarr-2-pack-mork\\\/\",\"name\":\"Sm\u00f6rg\u00e5sunderl\u00e4gg VirrVarr 2-pack m\u00f6rk - Hos Greta\",\"isPartOf\":{\"@id\":\"https:\\\/\\\/www.hosgreta.se\\\/shop\\\/#website\"},\"primaryImageOfPage\":{\"@id\":\"https:\\\/\\\/www.hosgreta.se\\\/shop\\\/produkt\\\/smorgasunderlagg-virrvarr-2-pack-mork\\\/#primaryimage\"},\"image\":{\"@id\":\"https:\\\/\\\/www.hosgreta.se\\\/shop\\\/produkt\\\/smorgasunderlagg-virrvarr-2-pack-mork\\\/#primaryimage\"},\"thumbnailUrl\":\"https:\\\/\\\/www.hosgreta.se\\\/shop\\\/wp-content\\\/uploads\\\/2018\\\/04\\\/Simply-Design-Sm\u00f6rg\u00e5sbricka-2-pack-m\u00f6rk.jpg\",\"datePublished\":\"2024-08-06T10:27:58+00:00\",\"dateModified\":\"2025-06-16T08:50:30+00:00\",\"breadcrumb\":{\"@id\":\"https:\\\/\\\/www.hosgreta.se\\\/shop\\\/produkt\\\/smorgasunderlagg-virrvarr-2-pack-mork\\\/#breadcrumb\"},\"inLanguage\":\"sv-SE\",\"potentialAction\":[{\"@type\":\"ReadAction\",\"target\":[\"https:\\\/\\\/www.hosgreta.se\\\/shop\\\/produkt\\\/smorgasunderlagg-virrvarr-2-pack-mork\\\/\"]}]},{\"@type\":\"ImageObject\",\"inLanguage\":\"sv-SE\",\"@id\":\"https:\\\/\\\/www.hosgreta.se\\\/shop\\\/produkt\\\/smorgasunderlagg-virrvarr-2-pack-mork\\\/#primaryimage\",\"url\":\"https:\\\/\\\/www.hosgreta.se\\\/shop\\\/wp-content\\\/uploads\\\/2018\\\/04\\\/Simply-Design-Sm\u00f6rg\u00e5sbricka-2-pack-m\u00f6rk.jpg\",\"contentUrl\":\"https:\\\/\\\/www.hosgreta.se\\\/shop\\\/wp-content\\\/uploads\\\/2018\\\/04\\\/Simply-Design-Sm\u00f6rg\u00e5sbricka-2-pack-m\u00f6rk.jpg\",\"width\":800,\"height\":800,\"caption\":\"Simply Design Sm\u00f6rg\u00e5sbricka 2-pack m\u00f6rk\"},{\"@type\":\"BreadcrumbList\",\"@id\":\"https:\\\/\\\/www.hosgreta.se\\\/shop\\\/produkt\\\/smorgasunderlagg-virrvarr-2-pack-mork\\\/#breadcrumb\",\"itemListElement\":[{\"@type\":\"ListItem\",\"position\":1,\"name\":\"Hem\",\"item\":\"https:\\\/\\\/www.hosgreta.se\\\/shop\\\/\"},{\"@type\":\"ListItem\",\"position\":2,\"name\":\"Shop\",\"item\":\"https:\\\/\\\/www.hosgreta.se\\\/shop\\\/shop\\\/\"},{\"@type\":\"ListItem\",\"position\":3,\"name\":\"Sm\u00f6rg\u00e5sunderl\u00e4gg VirrVarr 2-pack m\u00f6rk\"}]},{\"@type\":\"WebSite\",\"@id\":\"https:\\\/\\\/www.hosgreta.se\\\/shop\\\/#website\",\"url\":\"https:\\\/\\\/www.hosgreta.se\\\/shop\\\/\",\"name\":\"Hos Greta\",\"description\":\"Vi v\u00e4ljer ut v\u00e5ra varum\u00e4rken med stor omsorg.\",\"publisher\":{\"@id\":\"https:\\\/\\\/www.hosgreta.se\\\/shop\\\/#organization\"},\"potentialAction\":[{\"@type\":\"SearchAction\",\"target\":{\"@type\":\"EntryPoint\",\"urlTemplate\":\"https:\\\/\\\/www.hosgreta.se\\\/shop\\\/?s={search_term_string}\"},\"query-input\":{\"@type\":\"PropertyValueSpecification\",\"valueRequired\":true,\"valueName\":\"search_term_string\"}}],\"inLanguage\":\"sv-SE\"},{\"@type\":\"Organization\",\"@id\":\"https:\\\/\\\/www.hosgreta.se\\\/shop\\\/#organization\",\"name\":\"Hos Greta\",\"url\":\"https:\\\/\\\/www.hosgreta.se\\\/shop\\\/\",\"logo\":{\"@type\":\"ImageObject\",\"inLanguage\":\"sv-SE\",\"@id\":\"https:\\\/\\\/www.hosgreta.se\\\/shop\\\/#\\\/schema\\\/logo\\\/image\\\/\",\"url\":\"https:\\\/\\\/www.hosgreta.se\\\/shop\\\/wp-content\\\/uploads\\\/2018\\\/03\\\/Logo_HosGreta_svart.png\",\"contentUrl\":\"https:\\\/\\\/www.hosgreta.se\\\/shop\\\/wp-content\\\/uploads\\\/2018\\\/03\\\/Logo_HosGreta_svart.png\",\"width\":851,\"height\":851,\"caption\":\"Hos Greta\"},\"image\":{\"@id\":\"https:\\\/\\\/www.hosgreta.se\\\/shop\\\/#\\\/schema\\\/logo\\\/image\\\/\"},\"sameAs\":[\"https:\\\/\\\/www.facebook.com\\\/hosgreta\",\"https:\\\/\\\/www.instagram.com\\\/hosgreta\"]}]}<\/script>\n<!-- \/ Yoast SEO plugin. -->","yoast_head_json":{"title":"Sm\u00f6rg\u00e5sunderl\u00e4gg VirrVarr 2-pack m\u00f6rk - Hos Greta","robots":{"index":"index","follow":"follow","max-snippet":"max-snippet:-1","max-image-preview":"max-image-preview:large","max-video-preview":"max-video-preview:-1"},"canonical":"https:\/\/www.hosgreta.se\/shop\/produkt\/smorgasunderlagg-virrvarr-2-pack-mork\/","og_locale":"sv_SE","og_type":"article","og_title":"Sm\u00f6rg\u00e5sunderl\u00e4gg VirrVarr 2-pack m\u00f6rk - Hos Greta","og_description":"Sm\u00f6rg\u00e5sunderl\u00e4gg i Sigvard Bernadotte m\u00f6nstret VirrVarr. Sm\u00f6rg\u00e5sunderl\u00e4gget kan ocks\u00e5 anv\u00e4ndas som en liten sk\u00e4rbr\u00e4da.","og_url":"https:\/\/www.hosgreta.se\/shop\/produkt\/smorgasunderlagg-virrvarr-2-pack-mork\/","og_site_name":"Hos Greta","article_publisher":"https:\/\/www.facebook.com\/hosgreta","article_modified_time":"2025-06-16T08:50:30+00:00","og_image":[{"width":800,"height":800,"url":"https:\/\/www.hosgreta.se\/shop\/wp-content\/uploads\/2018\/04\/Simply-Design-Sm\u00f6rg\u00e5sbricka-2-pack-m\u00f6rk.jpg","type":"image\/jpeg"}],"twitter_card":"summary_large_image","twitter_misc":{"Ber\u00e4knad l\u00e4stid":"1 minut"},"schema":{"@context":"https:\/\/schema.org","@graph":[{"@type":"WebPage","@id":"https:\/\/www.hosgreta.se\/shop\/produkt\/smorgasunderlagg-virrvarr-2-pack-mork\/","url":"https:\/\/www.hosgreta.se\/shop\/produkt\/smorgasunderlagg-virrvarr-2-pack-mork\/","name":"Sm\u00f6rg\u00e5sunderl\u00e4gg VirrVarr 2-pack m\u00f6rk - Hos Greta","isPartOf":{"@id":"https:\/\/www.hosgreta.se\/shop\/#website"},"primaryImageOfPage":{"@id":"https:\/\/www.hosgreta.se\/shop\/produkt\/smorgasunderlagg-virrvarr-2-pack-mork\/#primaryimage"},"image":{"@id":"https:\/\/www.hosgreta.se\/shop\/produkt\/smorgasunderlagg-virrvarr-2-pack-mork\/#primaryimage"},"thumbnailUrl":"https:\/\/www.hosgreta.se\/shop\/wp-content\/uploads\/2018\/04\/Simply-Design-Sm\u00f6rg\u00e5sbricka-2-pack-m\u00f6rk.jpg","datePublished":"2024-08-06T10:27:58+00:00","dateModified":"2025-06-16T08:50:30+00:00","breadcrumb":{"@id":"https:\/\/www.hosgreta.se\/shop\/produkt\/smorgasunderlagg-virrvarr-2-pack-mork\/#breadcrumb"},"inLanguage":"sv-SE","potentialAction":[{"@type":"ReadAction","target":["https:\/\/www.hosgreta.se\/shop\/produkt\/smorgasunderlagg-virrvarr-2-pack-mork\/"]}]},{"@type":"ImageObject","inLanguage":"sv-SE","@id":"https:\/\/www.hosgreta.se\/shop\/produkt\/smorgasunderlagg-virrvarr-2-pack-mork\/#primaryimage","url":"https:\/\/www.hosgreta.se\/shop\/wp-content\/uploads\/2018\/04\/Simply-Design-Sm\u00f6rg\u00e5sbricka-2-pack-m\u00f6rk.jpg","contentUrl":"https:\/\/www.hosgreta.se\/shop\/wp-content\/uploads\/2018\/04\/Simply-Design-Sm\u00f6rg\u00e5sbricka-2-pack-m\u00f6rk.jpg","width":800,"height":800,"caption":"Simply Design Sm\u00f6rg\u00e5sbricka 2-pack m\u00f6rk"},{"@type":"BreadcrumbList","@id":"https:\/\/www.hosgreta.se\/shop\/produkt\/smorgasunderlagg-virrvarr-2-pack-mork\/#breadcrumb","itemListElement":[{"@type":"ListItem","position":1,"name":"Hem","item":"https:\/\/www.hosgreta.se\/shop\/"},{"@type":"ListItem","position":2,"name":"Shop","item":"https:\/\/www.hosgreta.se\/shop\/shop\/"},{"@type":"ListItem","position":3,"name":"Sm\u00f6rg\u00e5sunderl\u00e4gg VirrVarr 2-pack m\u00f6rk"}]},{"@type":"WebSite","@id":"https:\/\/www.hosgreta.se\/shop\/#website","url":"https:\/\/www.hosgreta.se\/shop\/","name":"Hos Greta","description":"Vi v\u00e4ljer ut v\u00e5ra varum\u00e4rken med stor omsorg.","publisher":{"@id":"https:\/\/www.hosgreta.se\/shop\/#organization"},"potentialAction":[{"@type":"SearchAction","target":{"@type":"EntryPoint","urlTemplate":"https:\/\/www.hosgreta.se\/shop\/?s={search_term_string}"},"query-input":{"@type":"PropertyValueSpecification","valueRequired":true,"valueName":"search_term_string"}}],"inLanguage":"sv-SE"},{"@type":"Organization","@id":"https:\/\/www.hosgreta.se\/shop\/#organization","name":"Hos Greta","url":"https:\/\/www.hosgreta.se\/shop\/","logo":{"@type":"ImageObject","inLanguage":"sv-SE","@id":"https:\/\/www.hosgreta.se\/shop\/#\/schema\/logo\/image\/","url":"https:\/\/www.hosgreta.se\/shop\/wp-content\/uploads\/2018\/03\/Logo_HosGreta_svart.png","contentUrl":"https:\/\/www.hosgreta.se\/shop\/wp-content\/uploads\/2018\/03\/Logo_HosGreta_svart.png","width":851,"height":851,"caption":"Hos Greta"},"image":{"@id":"https:\/\/www.hosgreta.se\/shop\/#\/schema\/logo\/image\/"},"sameAs":["https:\/\/www.facebook.com\/hosgreta","https:\/\/www.instagram.com\/hosgreta"]}]}},"kroconnect":{"tax_rate":25,"price_inc_vat":{"regular_price":139},"price_ex_vat":{"regular_price":111.2}},"brands":[{"id":203,"name":"Simply Design","slug":"simply-design"}],"_links":{"self":[{"href":"https:\/\/www.hosgreta.se\/shop\/wp-json\/wp\/v2\/product\/383033","targetHints":{"allow":["GET"]}}],"collection":[{"href":"https:\/\/www.hosgreta.se\/shop\/wp-json\/wp\/v2\/product"}],"about":[{"href":"https:\/\/www.hosgreta.se\/shop\/wp-json\/wp\/v2\/types\/product"}],"replies":[{"embeddable":true,"href":"https:\/\/www.hosgreta.se\/shop\/wp-json\/wp\/v2\/comments?post=383033"}],"wp:featuredmedia":[{"embeddable":true,"href":"https:\/\/www.hosgreta.se\/shop\/wp-json\/wp\/v2\/media\/18067"}],"wp:attachment":[{"href":"https:\/\/www.hosgreta.se\/shop\/wp-json\/wp\/v2\/media?parent=383033"}],"wp:term":[{"taxonomy":"pwb-brand","embeddable":true,"href":"https:\/\/www.hosgreta.se\/shop\/wp-json\/wp\/v2\/pwb-brand?post=383033"},{"taxonomy":"product_brand","embeddable":true,"href":"https:\/\/www.hosgreta.se\/shop\/wp-json\/wp\/v2\/product_brand?post=383033"},{"taxonomy":"product_cat","embeddable":true,"href":"https:\/\/www.hosgreta.se\/shop\/wp-json\/wp\/v2\/product_cat?post=383033"},{"taxonomy":"product_tag","embeddable":true,"href":"https:\/\/www.hosgreta.se\/shop\/wp-json\/wp\/v2\/product_tag?post=383033"}],"curies":[{"name":"wp","href":"https:\/\/api.w.org\/{rel}","templated":true}]}}