{"id":383216,"date":"2024-09-10T08:45:33","date_gmt":"2024-09-10T06:45:33","guid":{"rendered":"https:\/\/www.hosgreta.se\/shop\/?post_type=product&#038;p=383216"},"modified":"2026-03-31T21:03:58","modified_gmt":"2026-03-31T19:03:58","slug":"haupt-ginger-bells","status":"publish","type":"product","link":"https:\/\/www.hosgreta.se\/shop\/produkt\/haupt-ginger-bells\/","title":{"rendered":"Haupt Ginger Bells"},"content":{"rendered":"<p>250 g<\/p>\n<p>Ingredienser: 70% belgisk mj\u00f6lkchoklad (socker, kakaosm\u00f6r, mj\u00f6lkpulver, kakaomassa, emulgator: sojalecitin, naturlig vaniljarom), sirap, vetemj\u00f6l, socker, invertsockersirap, 3,5 % r\u00e5lakrits (Kalabrien), kanel, kardemumma, nejlika, ingef\u00e4ra, cedro-olja, salmiak (ammoniumklorid), vegetabilisk olja (kokos, raps), bakpulver (E500), ytbehandlingsmedel (karnaubavax), f\u00e4rg\u00e4mne (E172, E551). Kakaohalt: minst 33.6%<\/p>\n","protected":false},"excerpt":{"rendered":"<p>L\u00e5ngkokt saltlakrits omgiven av belgisk mj\u00f6lkchoklad smaksatt med pepparkakskryddor och cedro (suckatcitron)<\/p>\n<p>Uppt\u00e4ck den oemotst\u00e5ndliga kombinationen av l\u00e5ngkokt saltlakrits, vars intensiva och djupa smak harmonierar perfekt med silkeslen belgisk mj\u00f6lkchoklad. Chokladen har vi smaksatt med pepparkakskryddor, som f\u00f6r tankarna till julens varma dofter och kryddiga nyanser. Som en sista touch, ger inslaget av cedro (suckatcitron) en subtil och fr\u00e4sch syrlighet, vilket lyfter smakerna till nya h\u00f6jder.<\/p>\n<p>Njut en v\u00e4lbalanserad symfoni av s\u00f6tma, s\u00e4lta, krydda och fr\u00e4sch\u00f6r som garanterat kommer att f\u00f6rf\u00f6ra alla lakrits- och choklad\u00e4lskare.<\/p>\n","protected":false},"featured_media":383355,"comment_status":"closed","ping_status":"closed","template":"","meta":[],"pwb-brand":[305],"product_brand":[],"product_cat":[73],"product_tag":[],"class_list":{"0":"post-383216","1":"product","2":"type-product","3":"status-publish","4":"has-post-thumbnail","6":"pwb-brand-haupt-lakrits","7":"product_cat-laktrits","9":"first","10":"outofstock","11":"taxable","12":"shipping-taxable","13":"purchasable","14":"product-type-simple"},"yoast_head":"<!-- This site is optimized with the Yoast SEO plugin v27.5 - https:\/\/yoast.com\/product\/yoast-seo-wordpress\/ -->\n<title>Haupt Ginger Bells - Hos Greta<\/title>\n<meta name=\"robots\" content=\"index, follow, max-snippet:-1, max-image-preview:large, max-video-preview:-1\" \/>\n<link rel=\"canonical\" href=\"https:\/\/www.hosgreta.se\/shop\/produkt\/haupt-ginger-bells\/\" \/>\n<meta property=\"og:locale\" content=\"sv_SE\" \/>\n<meta property=\"og:type\" content=\"article\" \/>\n<meta property=\"og:title\" content=\"Haupt Ginger Bells - Hos Greta\" \/>\n<meta property=\"og:description\" content=\"L\u00e5ngkokt saltlakrits omgiven av belgisk mj\u00f6lkchoklad smaksatt med pepparkakskryddor och cedro (suckatcitron)  Uppt\u00e4ck den oemotst\u00e5ndliga kombinationen av l\u00e5ngkokt saltlakrits, vars intensiva och djupa smak harmonierar perfekt med silkeslen belgisk mj\u00f6lkchoklad. Chokladen har vi smaksatt med pepparkakskryddor, som f\u00f6r tankarna till julens varma dofter och kryddiga nyanser. Som en sista touch, ger inslaget av cedro (suckatcitron) en subtil och fr\u00e4sch syrlighet, vilket lyfter smakerna till nya h\u00f6jder.  Njut en v\u00e4lbalanserad symfoni av s\u00f6tma, s\u00e4lta, krydda och fr\u00e4sch\u00f6r som garanterat kommer att f\u00f6rf\u00f6ra alla lakrits- och choklad\u00e4lskare.\" \/>\n<meta property=\"og:url\" content=\"https:\/\/www.hosgreta.se\/shop\/produkt\/haupt-ginger-bells\/\" \/>\n<meta property=\"og:site_name\" content=\"Hos Greta\" \/>\n<meta property=\"article:publisher\" content=\"https:\/\/www.facebook.com\/hosgreta\" \/>\n<meta property=\"article:modified_time\" content=\"2026-03-31T19:03:58+00:00\" \/>\n<meta property=\"og:image\" content=\"https:\/\/www.hosgreta.se\/shop\/wp-content\/uploads\/2024\/09\/Haupt-Ginger-Bells.jpg\" \/>\n\t<meta property=\"og:image:width\" content=\"800\" \/>\n\t<meta property=\"og:image:height\" content=\"800\" \/>\n\t<meta property=\"og:image:type\" content=\"image\/jpeg\" \/>\n<meta name=\"twitter:card\" content=\"summary_large_image\" \/>\n<meta name=\"twitter:label1\" content=\"Ber\u00e4knad l\u00e4stid\" \/>\n\t<meta name=\"twitter:data1\" content=\"1 minut\" \/>\n<script type=\"application\/ld+json\" class=\"yoast-schema-graph\">{\"@context\":\"https:\\\/\\\/schema.org\",\"@graph\":[{\"@type\":\"WebPage\",\"@id\":\"https:\\\/\\\/www.hosgreta.se\\\/shop\\\/produkt\\\/haupt-ginger-bells\\\/\",\"url\":\"https:\\\/\\\/www.hosgreta.se\\\/shop\\\/produkt\\\/haupt-ginger-bells\\\/\",\"name\":\"Haupt Ginger Bells - Hos Greta\",\"isPartOf\":{\"@id\":\"https:\\\/\\\/www.hosgreta.se\\\/shop\\\/#website\"},\"primaryImageOfPage\":{\"@id\":\"https:\\\/\\\/www.hosgreta.se\\\/shop\\\/produkt\\\/haupt-ginger-bells\\\/#primaryimage\"},\"image\":{\"@id\":\"https:\\\/\\\/www.hosgreta.se\\\/shop\\\/produkt\\\/haupt-ginger-bells\\\/#primaryimage\"},\"thumbnailUrl\":\"https:\\\/\\\/www.hosgreta.se\\\/shop\\\/wp-content\\\/uploads\\\/2024\\\/09\\\/Haupt-Ginger-Bells.jpg\",\"datePublished\":\"2024-09-10T06:45:33+00:00\",\"dateModified\":\"2026-03-31T19:03:58+00:00\",\"breadcrumb\":{\"@id\":\"https:\\\/\\\/www.hosgreta.se\\\/shop\\\/produkt\\\/haupt-ginger-bells\\\/#breadcrumb\"},\"inLanguage\":\"sv-SE\",\"potentialAction\":[{\"@type\":\"ReadAction\",\"target\":[\"https:\\\/\\\/www.hosgreta.se\\\/shop\\\/produkt\\\/haupt-ginger-bells\\\/\"]}]},{\"@type\":\"ImageObject\",\"inLanguage\":\"sv-SE\",\"@id\":\"https:\\\/\\\/www.hosgreta.se\\\/shop\\\/produkt\\\/haupt-ginger-bells\\\/#primaryimage\",\"url\":\"https:\\\/\\\/www.hosgreta.se\\\/shop\\\/wp-content\\\/uploads\\\/2024\\\/09\\\/Haupt-Ginger-Bells.jpg\",\"contentUrl\":\"https:\\\/\\\/www.hosgreta.se\\\/shop\\\/wp-content\\\/uploads\\\/2024\\\/09\\\/Haupt-Ginger-Bells.jpg\",\"width\":800,\"height\":800,\"caption\":\"Haupt Ginger Bells\"},{\"@type\":\"BreadcrumbList\",\"@id\":\"https:\\\/\\\/www.hosgreta.se\\\/shop\\\/produkt\\\/haupt-ginger-bells\\\/#breadcrumb\",\"itemListElement\":[{\"@type\":\"ListItem\",\"position\":1,\"name\":\"Hem\",\"item\":\"https:\\\/\\\/www.hosgreta.se\\\/shop\\\/\"},{\"@type\":\"ListItem\",\"position\":2,\"name\":\"Shop\",\"item\":\"https:\\\/\\\/www.hosgreta.se\\\/shop\\\/shop\\\/\"},{\"@type\":\"ListItem\",\"position\":3,\"name\":\"Haupt Ginger Bells\"}]},{\"@type\":\"WebSite\",\"@id\":\"https:\\\/\\\/www.hosgreta.se\\\/shop\\\/#website\",\"url\":\"https:\\\/\\\/www.hosgreta.se\\\/shop\\\/\",\"name\":\"Hos Greta\",\"description\":\"Vi v\u00e4ljer ut v\u00e5ra varum\u00e4rken med stor omsorg.\",\"publisher\":{\"@id\":\"https:\\\/\\\/www.hosgreta.se\\\/shop\\\/#organization\"},\"potentialAction\":[{\"@type\":\"SearchAction\",\"target\":{\"@type\":\"EntryPoint\",\"urlTemplate\":\"https:\\\/\\\/www.hosgreta.se\\\/shop\\\/?s={search_term_string}\"},\"query-input\":{\"@type\":\"PropertyValueSpecification\",\"valueRequired\":true,\"valueName\":\"search_term_string\"}}],\"inLanguage\":\"sv-SE\"},{\"@type\":\"Organization\",\"@id\":\"https:\\\/\\\/www.hosgreta.se\\\/shop\\\/#organization\",\"name\":\"Hos Greta\",\"url\":\"https:\\\/\\\/www.hosgreta.se\\\/shop\\\/\",\"logo\":{\"@type\":\"ImageObject\",\"inLanguage\":\"sv-SE\",\"@id\":\"https:\\\/\\\/www.hosgreta.se\\\/shop\\\/#\\\/schema\\\/logo\\\/image\\\/\",\"url\":\"https:\\\/\\\/www.hosgreta.se\\\/shop\\\/wp-content\\\/uploads\\\/2018\\\/03\\\/Logo_HosGreta_svart.png\",\"contentUrl\":\"https:\\\/\\\/www.hosgreta.se\\\/shop\\\/wp-content\\\/uploads\\\/2018\\\/03\\\/Logo_HosGreta_svart.png\",\"width\":851,\"height\":851,\"caption\":\"Hos Greta\"},\"image\":{\"@id\":\"https:\\\/\\\/www.hosgreta.se\\\/shop\\\/#\\\/schema\\\/logo\\\/image\\\/\"},\"sameAs\":[\"https:\\\/\\\/www.facebook.com\\\/hosgreta\",\"https:\\\/\\\/www.instagram.com\\\/hosgreta\"]}]}<\/script>\n<!-- \/ Yoast SEO plugin. -->","yoast_head_json":{"title":"Haupt Ginger Bells - Hos Greta","robots":{"index":"index","follow":"follow","max-snippet":"max-snippet:-1","max-image-preview":"max-image-preview:large","max-video-preview":"max-video-preview:-1"},"canonical":"https:\/\/www.hosgreta.se\/shop\/produkt\/haupt-ginger-bells\/","og_locale":"sv_SE","og_type":"article","og_title":"Haupt Ginger Bells - Hos Greta","og_description":"L\u00e5ngkokt saltlakrits omgiven av belgisk mj\u00f6lkchoklad smaksatt med pepparkakskryddor och cedro (suckatcitron)  Uppt\u00e4ck den oemotst\u00e5ndliga kombinationen av l\u00e5ngkokt saltlakrits, vars intensiva och djupa smak harmonierar perfekt med silkeslen belgisk mj\u00f6lkchoklad. Chokladen har vi smaksatt med pepparkakskryddor, som f\u00f6r tankarna till julens varma dofter och kryddiga nyanser. Som en sista touch, ger inslaget av cedro (suckatcitron) en subtil och fr\u00e4sch syrlighet, vilket lyfter smakerna till nya h\u00f6jder.  Njut en v\u00e4lbalanserad symfoni av s\u00f6tma, s\u00e4lta, krydda och fr\u00e4sch\u00f6r som garanterat kommer att f\u00f6rf\u00f6ra alla lakrits- och choklad\u00e4lskare.","og_url":"https:\/\/www.hosgreta.se\/shop\/produkt\/haupt-ginger-bells\/","og_site_name":"Hos Greta","article_publisher":"https:\/\/www.facebook.com\/hosgreta","article_modified_time":"2026-03-31T19:03:58+00:00","og_image":[{"width":800,"height":800,"url":"https:\/\/www.hosgreta.se\/shop\/wp-content\/uploads\/2024\/09\/Haupt-Ginger-Bells.jpg","type":"image\/jpeg"}],"twitter_card":"summary_large_image","twitter_misc":{"Ber\u00e4knad l\u00e4stid":"1 minut"},"schema":{"@context":"https:\/\/schema.org","@graph":[{"@type":"WebPage","@id":"https:\/\/www.hosgreta.se\/shop\/produkt\/haupt-ginger-bells\/","url":"https:\/\/www.hosgreta.se\/shop\/produkt\/haupt-ginger-bells\/","name":"Haupt Ginger Bells - Hos Greta","isPartOf":{"@id":"https:\/\/www.hosgreta.se\/shop\/#website"},"primaryImageOfPage":{"@id":"https:\/\/www.hosgreta.se\/shop\/produkt\/haupt-ginger-bells\/#primaryimage"},"image":{"@id":"https:\/\/www.hosgreta.se\/shop\/produkt\/haupt-ginger-bells\/#primaryimage"},"thumbnailUrl":"https:\/\/www.hosgreta.se\/shop\/wp-content\/uploads\/2024\/09\/Haupt-Ginger-Bells.jpg","datePublished":"2024-09-10T06:45:33+00:00","dateModified":"2026-03-31T19:03:58+00:00","breadcrumb":{"@id":"https:\/\/www.hosgreta.se\/shop\/produkt\/haupt-ginger-bells\/#breadcrumb"},"inLanguage":"sv-SE","potentialAction":[{"@type":"ReadAction","target":["https:\/\/www.hosgreta.se\/shop\/produkt\/haupt-ginger-bells\/"]}]},{"@type":"ImageObject","inLanguage":"sv-SE","@id":"https:\/\/www.hosgreta.se\/shop\/produkt\/haupt-ginger-bells\/#primaryimage","url":"https:\/\/www.hosgreta.se\/shop\/wp-content\/uploads\/2024\/09\/Haupt-Ginger-Bells.jpg","contentUrl":"https:\/\/www.hosgreta.se\/shop\/wp-content\/uploads\/2024\/09\/Haupt-Ginger-Bells.jpg","width":800,"height":800,"caption":"Haupt Ginger Bells"},{"@type":"BreadcrumbList","@id":"https:\/\/www.hosgreta.se\/shop\/produkt\/haupt-ginger-bells\/#breadcrumb","itemListElement":[{"@type":"ListItem","position":1,"name":"Hem","item":"https:\/\/www.hosgreta.se\/shop\/"},{"@type":"ListItem","position":2,"name":"Shop","item":"https:\/\/www.hosgreta.se\/shop\/shop\/"},{"@type":"ListItem","position":3,"name":"Haupt Ginger Bells"}]},{"@type":"WebSite","@id":"https:\/\/www.hosgreta.se\/shop\/#website","url":"https:\/\/www.hosgreta.se\/shop\/","name":"Hos Greta","description":"Vi v\u00e4ljer ut v\u00e5ra varum\u00e4rken med stor omsorg.","publisher":{"@id":"https:\/\/www.hosgreta.se\/shop\/#organization"},"potentialAction":[{"@type":"SearchAction","target":{"@type":"EntryPoint","urlTemplate":"https:\/\/www.hosgreta.se\/shop\/?s={search_term_string}"},"query-input":{"@type":"PropertyValueSpecification","valueRequired":true,"valueName":"search_term_string"}}],"inLanguage":"sv-SE"},{"@type":"Organization","@id":"https:\/\/www.hosgreta.se\/shop\/#organization","name":"Hos Greta","url":"https:\/\/www.hosgreta.se\/shop\/","logo":{"@type":"ImageObject","inLanguage":"sv-SE","@id":"https:\/\/www.hosgreta.se\/shop\/#\/schema\/logo\/image\/","url":"https:\/\/www.hosgreta.se\/shop\/wp-content\/uploads\/2018\/03\/Logo_HosGreta_svart.png","contentUrl":"https:\/\/www.hosgreta.se\/shop\/wp-content\/uploads\/2018\/03\/Logo_HosGreta_svart.png","width":851,"height":851,"caption":"Hos Greta"},"image":{"@id":"https:\/\/www.hosgreta.se\/shop\/#\/schema\/logo\/image\/"},"sameAs":["https:\/\/www.facebook.com\/hosgreta","https:\/\/www.instagram.com\/hosgreta"]}]}},"kroconnect":{"tax_rate":6,"price_inc_vat":{"regular_price":150},"price_ex_vat":{"regular_price":141.509434}},"brands":[{"id":305,"name":"Haupt Lakrits","slug":"haupt-lakrits"}],"_links":{"self":[{"href":"https:\/\/www.hosgreta.se\/shop\/wp-json\/wp\/v2\/product\/383216","targetHints":{"allow":["GET"]}}],"collection":[{"href":"https:\/\/www.hosgreta.se\/shop\/wp-json\/wp\/v2\/product"}],"about":[{"href":"https:\/\/www.hosgreta.se\/shop\/wp-json\/wp\/v2\/types\/product"}],"replies":[{"embeddable":true,"href":"https:\/\/www.hosgreta.se\/shop\/wp-json\/wp\/v2\/comments?post=383216"}],"wp:featuredmedia":[{"embeddable":true,"href":"https:\/\/www.hosgreta.se\/shop\/wp-json\/wp\/v2\/media\/383355"}],"wp:attachment":[{"href":"https:\/\/www.hosgreta.se\/shop\/wp-json\/wp\/v2\/media?parent=383216"}],"wp:term":[{"taxonomy":"pwb-brand","embeddable":true,"href":"https:\/\/www.hosgreta.se\/shop\/wp-json\/wp\/v2\/pwb-brand?post=383216"},{"taxonomy":"product_brand","embeddable":true,"href":"https:\/\/www.hosgreta.se\/shop\/wp-json\/wp\/v2\/product_brand?post=383216"},{"taxonomy":"product_cat","embeddable":true,"href":"https:\/\/www.hosgreta.se\/shop\/wp-json\/wp\/v2\/product_cat?post=383216"},{"taxonomy":"product_tag","embeddable":true,"href":"https:\/\/www.hosgreta.se\/shop\/wp-json\/wp\/v2\/product_tag?post=383216"}],"curies":[{"name":"wp","href":"https:\/\/api.w.org\/{rel}","templated":true}]}}