{"id":383290,"date":"2024-09-19T10:15:38","date_gmt":"2024-09-19T08:15:38","guid":{"rendered":"https:\/\/www.hosgreta.se\/shop\/?post_type=product&#038;p=383290"},"modified":"2026-04-01T10:04:39","modified_gmt":"2026-04-01T08:04:39","slug":"lakrids-the-jar-kalender-2024","status":"publish","type":"product","link":"https:\/\/www.hosgreta.se\/shop\/produkt\/lakrids-the-jar-kalender-2024\/","title":{"rendered":"Lakrids Large Kalender 2025"},"content":{"rendered":"<p>690 g<br \/>\nGluten- och gelatinfri, gjord p\u00e5 glutenfritt rismj\u00f6l.<br \/>\nTillverkad i Danmark<\/p>\n","protected":false},"excerpt":{"rendered":"<p>Lakrids by B\u00fclow erbjuder 24 ljuvliga smakupplevelser. Unna dig eller n\u00e5gon du h\u00e5ller k\u00e4r vardagslyx i vinterm\u00f6rkret med underbar choklad\u00f6verdragen gourmetlakrits i en kavalkad av sp\u00e4nnande smaker. Varje lucka inneh\u00e5ller fyra godbitar vilket g\u00f6r det enkelt att dela om man s\u00e5 \u00f6nskar.<\/p>\n<p>Kalendern \u00e4r vackert dekorerad b\u00e5de inuti och utv\u00e4ndigt f\u00f6r att g\u00f6ra nedr\u00e4kningen \u00e4nnu mer minnesv\u00e4rd.<\/p>\n","protected":false},"featured_media":385589,"comment_status":"closed","ping_status":"closed","template":"","meta":[],"pwb-brand":[175],"product_brand":[],"product_cat":[72,219,73],"product_tag":[],"class_list":{"0":"post-383290","1":"product","2":"type-product","3":"status-publish","4":"has-post-thumbnail","6":"pwb-brand-lakrids-by-johan-bulow","7":"product_cat-atbart","8":"product_cat-jul","9":"product_cat-laktrits","11":"first","12":"outofstock","13":"taxable","14":"shipping-taxable","15":"purchasable","16":"product-type-simple"},"yoast_head":"<!-- This site is optimized with the Yoast SEO plugin v27.5 - https:\/\/yoast.com\/product\/yoast-seo-wordpress\/ -->\n<title>Lakrids Large Kalender 2025 - Hos Greta<\/title>\n<meta name=\"robots\" content=\"index, follow, max-snippet:-1, max-image-preview:large, max-video-preview:-1\" \/>\n<link rel=\"canonical\" href=\"https:\/\/www.hosgreta.se\/shop\/produkt\/lakrids-the-jar-kalender-2024\/\" \/>\n<meta property=\"og:locale\" content=\"sv_SE\" \/>\n<meta property=\"og:type\" content=\"article\" \/>\n<meta property=\"og:title\" content=\"Lakrids Large Kalender 2025 - Hos Greta\" \/>\n<meta property=\"og:description\" content=\"Lakrids by B\u00fclow erbjuder 24 ljuvliga smakupplevelser. Unna dig eller n\u00e5gon du h\u00e5ller k\u00e4r vardagslyx i vinterm\u00f6rkret med underbar choklad\u00f6verdragen gourmetlakrits i en kavalkad av sp\u00e4nnande smaker. Varje lucka inneh\u00e5ller fyra godbitar vilket g\u00f6r det enkelt att dela om man s\u00e5 \u00f6nskar.  Kalendern \u00e4r vackert dekorerad b\u00e5de inuti och utv\u00e4ndigt f\u00f6r att g\u00f6ra nedr\u00e4kningen \u00e4nnu mer minnesv\u00e4rd.\" \/>\n<meta property=\"og:url\" content=\"https:\/\/www.hosgreta.se\/shop\/produkt\/lakrids-the-jar-kalender-2024\/\" \/>\n<meta property=\"og:site_name\" content=\"Hos Greta\" \/>\n<meta property=\"article:publisher\" content=\"https:\/\/www.facebook.com\/hosgreta\" \/>\n<meta property=\"article:modified_time\" content=\"2026-04-01T08:04:39+00:00\" \/>\n<meta property=\"og:image\" content=\"https:\/\/www.hosgreta.se\/shop\/wp-content\/uploads\/2018\/09\/Lakrids-Large-Kalender-2025.png\" \/>\n\t<meta property=\"og:image:width\" content=\"800\" \/>\n\t<meta property=\"og:image:height\" content=\"800\" \/>\n\t<meta property=\"og:image:type\" content=\"image\/png\" \/>\n<meta name=\"twitter:card\" content=\"summary_large_image\" \/>\n<meta name=\"twitter:label1\" content=\"Ber\u00e4knad l\u00e4stid\" \/>\n\t<meta name=\"twitter:data1\" content=\"1 minut\" \/>\n<script type=\"application\/ld+json\" class=\"yoast-schema-graph\">{\"@context\":\"https:\\\/\\\/schema.org\",\"@graph\":[{\"@type\":\"WebPage\",\"@id\":\"https:\\\/\\\/www.hosgreta.se\\\/shop\\\/produkt\\\/lakrids-the-jar-kalender-2024\\\/\",\"url\":\"https:\\\/\\\/www.hosgreta.se\\\/shop\\\/produkt\\\/lakrids-the-jar-kalender-2024\\\/\",\"name\":\"Lakrids Large Kalender 2025 - Hos Greta\",\"isPartOf\":{\"@id\":\"https:\\\/\\\/www.hosgreta.se\\\/shop\\\/#website\"},\"primaryImageOfPage\":{\"@id\":\"https:\\\/\\\/www.hosgreta.se\\\/shop\\\/produkt\\\/lakrids-the-jar-kalender-2024\\\/#primaryimage\"},\"image\":{\"@id\":\"https:\\\/\\\/www.hosgreta.se\\\/shop\\\/produkt\\\/lakrids-the-jar-kalender-2024\\\/#primaryimage\"},\"thumbnailUrl\":\"https:\\\/\\\/www.hosgreta.se\\\/shop\\\/wp-content\\\/uploads\\\/2018\\\/09\\\/Lakrids-Large-Kalender-2025.png\",\"datePublished\":\"2024-09-19T08:15:38+00:00\",\"dateModified\":\"2026-04-01T08:04:39+00:00\",\"breadcrumb\":{\"@id\":\"https:\\\/\\\/www.hosgreta.se\\\/shop\\\/produkt\\\/lakrids-the-jar-kalender-2024\\\/#breadcrumb\"},\"inLanguage\":\"sv-SE\",\"potentialAction\":[{\"@type\":\"ReadAction\",\"target\":[\"https:\\\/\\\/www.hosgreta.se\\\/shop\\\/produkt\\\/lakrids-the-jar-kalender-2024\\\/\"]}]},{\"@type\":\"ImageObject\",\"inLanguage\":\"sv-SE\",\"@id\":\"https:\\\/\\\/www.hosgreta.se\\\/shop\\\/produkt\\\/lakrids-the-jar-kalender-2024\\\/#primaryimage\",\"url\":\"https:\\\/\\\/www.hosgreta.se\\\/shop\\\/wp-content\\\/uploads\\\/2018\\\/09\\\/Lakrids-Large-Kalender-2025.png\",\"contentUrl\":\"https:\\\/\\\/www.hosgreta.se\\\/shop\\\/wp-content\\\/uploads\\\/2018\\\/09\\\/Lakrids-Large-Kalender-2025.png\",\"width\":800,\"height\":800,\"caption\":\"Lakrids Large Kalender 2025\"},{\"@type\":\"BreadcrumbList\",\"@id\":\"https:\\\/\\\/www.hosgreta.se\\\/shop\\\/produkt\\\/lakrids-the-jar-kalender-2024\\\/#breadcrumb\",\"itemListElement\":[{\"@type\":\"ListItem\",\"position\":1,\"name\":\"Hem\",\"item\":\"https:\\\/\\\/www.hosgreta.se\\\/shop\\\/\"},{\"@type\":\"ListItem\",\"position\":2,\"name\":\"Shop\",\"item\":\"https:\\\/\\\/www.hosgreta.se\\\/shop\\\/shop\\\/\"},{\"@type\":\"ListItem\",\"position\":3,\"name\":\"Lakrids Large Kalender 2025\"}]},{\"@type\":\"WebSite\",\"@id\":\"https:\\\/\\\/www.hosgreta.se\\\/shop\\\/#website\",\"url\":\"https:\\\/\\\/www.hosgreta.se\\\/shop\\\/\",\"name\":\"Hos Greta\",\"description\":\"Vi v\u00e4ljer ut v\u00e5ra varum\u00e4rken med stor omsorg.\",\"publisher\":{\"@id\":\"https:\\\/\\\/www.hosgreta.se\\\/shop\\\/#organization\"},\"potentialAction\":[{\"@type\":\"SearchAction\",\"target\":{\"@type\":\"EntryPoint\",\"urlTemplate\":\"https:\\\/\\\/www.hosgreta.se\\\/shop\\\/?s={search_term_string}\"},\"query-input\":{\"@type\":\"PropertyValueSpecification\",\"valueRequired\":true,\"valueName\":\"search_term_string\"}}],\"inLanguage\":\"sv-SE\"},{\"@type\":\"Organization\",\"@id\":\"https:\\\/\\\/www.hosgreta.se\\\/shop\\\/#organization\",\"name\":\"Hos Greta\",\"url\":\"https:\\\/\\\/www.hosgreta.se\\\/shop\\\/\",\"logo\":{\"@type\":\"ImageObject\",\"inLanguage\":\"sv-SE\",\"@id\":\"https:\\\/\\\/www.hosgreta.se\\\/shop\\\/#\\\/schema\\\/logo\\\/image\\\/\",\"url\":\"https:\\\/\\\/www.hosgreta.se\\\/shop\\\/wp-content\\\/uploads\\\/2018\\\/03\\\/Logo_HosGreta_svart.png\",\"contentUrl\":\"https:\\\/\\\/www.hosgreta.se\\\/shop\\\/wp-content\\\/uploads\\\/2018\\\/03\\\/Logo_HosGreta_svart.png\",\"width\":851,\"height\":851,\"caption\":\"Hos Greta\"},\"image\":{\"@id\":\"https:\\\/\\\/www.hosgreta.se\\\/shop\\\/#\\\/schema\\\/logo\\\/image\\\/\"},\"sameAs\":[\"https:\\\/\\\/www.facebook.com\\\/hosgreta\",\"https:\\\/\\\/www.instagram.com\\\/hosgreta\"]}]}<\/script>\n<!-- \/ Yoast SEO plugin. -->","yoast_head_json":{"title":"Lakrids Large Kalender 2025 - Hos Greta","robots":{"index":"index","follow":"follow","max-snippet":"max-snippet:-1","max-image-preview":"max-image-preview:large","max-video-preview":"max-video-preview:-1"},"canonical":"https:\/\/www.hosgreta.se\/shop\/produkt\/lakrids-the-jar-kalender-2024\/","og_locale":"sv_SE","og_type":"article","og_title":"Lakrids Large Kalender 2025 - Hos Greta","og_description":"Lakrids by B\u00fclow erbjuder 24 ljuvliga smakupplevelser. Unna dig eller n\u00e5gon du h\u00e5ller k\u00e4r vardagslyx i vinterm\u00f6rkret med underbar choklad\u00f6verdragen gourmetlakrits i en kavalkad av sp\u00e4nnande smaker. Varje lucka inneh\u00e5ller fyra godbitar vilket g\u00f6r det enkelt att dela om man s\u00e5 \u00f6nskar.  Kalendern \u00e4r vackert dekorerad b\u00e5de inuti och utv\u00e4ndigt f\u00f6r att g\u00f6ra nedr\u00e4kningen \u00e4nnu mer minnesv\u00e4rd.","og_url":"https:\/\/www.hosgreta.se\/shop\/produkt\/lakrids-the-jar-kalender-2024\/","og_site_name":"Hos Greta","article_publisher":"https:\/\/www.facebook.com\/hosgreta","article_modified_time":"2026-04-01T08:04:39+00:00","og_image":[{"width":800,"height":800,"url":"https:\/\/www.hosgreta.se\/shop\/wp-content\/uploads\/2018\/09\/Lakrids-Large-Kalender-2025.png","type":"image\/png"}],"twitter_card":"summary_large_image","twitter_misc":{"Ber\u00e4knad l\u00e4stid":"1 minut"},"schema":{"@context":"https:\/\/schema.org","@graph":[{"@type":"WebPage","@id":"https:\/\/www.hosgreta.se\/shop\/produkt\/lakrids-the-jar-kalender-2024\/","url":"https:\/\/www.hosgreta.se\/shop\/produkt\/lakrids-the-jar-kalender-2024\/","name":"Lakrids Large Kalender 2025 - Hos Greta","isPartOf":{"@id":"https:\/\/www.hosgreta.se\/shop\/#website"},"primaryImageOfPage":{"@id":"https:\/\/www.hosgreta.se\/shop\/produkt\/lakrids-the-jar-kalender-2024\/#primaryimage"},"image":{"@id":"https:\/\/www.hosgreta.se\/shop\/produkt\/lakrids-the-jar-kalender-2024\/#primaryimage"},"thumbnailUrl":"https:\/\/www.hosgreta.se\/shop\/wp-content\/uploads\/2018\/09\/Lakrids-Large-Kalender-2025.png","datePublished":"2024-09-19T08:15:38+00:00","dateModified":"2026-04-01T08:04:39+00:00","breadcrumb":{"@id":"https:\/\/www.hosgreta.se\/shop\/produkt\/lakrids-the-jar-kalender-2024\/#breadcrumb"},"inLanguage":"sv-SE","potentialAction":[{"@type":"ReadAction","target":["https:\/\/www.hosgreta.se\/shop\/produkt\/lakrids-the-jar-kalender-2024\/"]}]},{"@type":"ImageObject","inLanguage":"sv-SE","@id":"https:\/\/www.hosgreta.se\/shop\/produkt\/lakrids-the-jar-kalender-2024\/#primaryimage","url":"https:\/\/www.hosgreta.se\/shop\/wp-content\/uploads\/2018\/09\/Lakrids-Large-Kalender-2025.png","contentUrl":"https:\/\/www.hosgreta.se\/shop\/wp-content\/uploads\/2018\/09\/Lakrids-Large-Kalender-2025.png","width":800,"height":800,"caption":"Lakrids Large Kalender 2025"},{"@type":"BreadcrumbList","@id":"https:\/\/www.hosgreta.se\/shop\/produkt\/lakrids-the-jar-kalender-2024\/#breadcrumb","itemListElement":[{"@type":"ListItem","position":1,"name":"Hem","item":"https:\/\/www.hosgreta.se\/shop\/"},{"@type":"ListItem","position":2,"name":"Shop","item":"https:\/\/www.hosgreta.se\/shop\/shop\/"},{"@type":"ListItem","position":3,"name":"Lakrids Large Kalender 2025"}]},{"@type":"WebSite","@id":"https:\/\/www.hosgreta.se\/shop\/#website","url":"https:\/\/www.hosgreta.se\/shop\/","name":"Hos Greta","description":"Vi v\u00e4ljer ut v\u00e5ra varum\u00e4rken med stor omsorg.","publisher":{"@id":"https:\/\/www.hosgreta.se\/shop\/#organization"},"potentialAction":[{"@type":"SearchAction","target":{"@type":"EntryPoint","urlTemplate":"https:\/\/www.hosgreta.se\/shop\/?s={search_term_string}"},"query-input":{"@type":"PropertyValueSpecification","valueRequired":true,"valueName":"search_term_string"}}],"inLanguage":"sv-SE"},{"@type":"Organization","@id":"https:\/\/www.hosgreta.se\/shop\/#organization","name":"Hos Greta","url":"https:\/\/www.hosgreta.se\/shop\/","logo":{"@type":"ImageObject","inLanguage":"sv-SE","@id":"https:\/\/www.hosgreta.se\/shop\/#\/schema\/logo\/image\/","url":"https:\/\/www.hosgreta.se\/shop\/wp-content\/uploads\/2018\/03\/Logo_HosGreta_svart.png","contentUrl":"https:\/\/www.hosgreta.se\/shop\/wp-content\/uploads\/2018\/03\/Logo_HosGreta_svart.png","width":851,"height":851,"caption":"Hos Greta"},"image":{"@id":"https:\/\/www.hosgreta.se\/shop\/#\/schema\/logo\/image\/"},"sameAs":["https:\/\/www.facebook.com\/hosgreta","https:\/\/www.instagram.com\/hosgreta"]}]}},"kroconnect":{"tax_rate":6,"price_inc_vat":{"regular_price":661.55},"price_ex_vat":{"regular_price":624.1037739999999}},"brands":[{"id":175,"name":"Lakrids by Johan B\u00fclow","slug":"lakrids-by-johan-bulow"}],"_links":{"self":[{"href":"https:\/\/www.hosgreta.se\/shop\/wp-json\/wp\/v2\/product\/383290","targetHints":{"allow":["GET"]}}],"collection":[{"href":"https:\/\/www.hosgreta.se\/shop\/wp-json\/wp\/v2\/product"}],"about":[{"href":"https:\/\/www.hosgreta.se\/shop\/wp-json\/wp\/v2\/types\/product"}],"replies":[{"embeddable":true,"href":"https:\/\/www.hosgreta.se\/shop\/wp-json\/wp\/v2\/comments?post=383290"}],"wp:featuredmedia":[{"embeddable":true,"href":"https:\/\/www.hosgreta.se\/shop\/wp-json\/wp\/v2\/media\/385589"}],"wp:attachment":[{"href":"https:\/\/www.hosgreta.se\/shop\/wp-json\/wp\/v2\/media?parent=383290"}],"wp:term":[{"taxonomy":"pwb-brand","embeddable":true,"href":"https:\/\/www.hosgreta.se\/shop\/wp-json\/wp\/v2\/pwb-brand?post=383290"},{"taxonomy":"product_brand","embeddable":true,"href":"https:\/\/www.hosgreta.se\/shop\/wp-json\/wp\/v2\/product_brand?post=383290"},{"taxonomy":"product_cat","embeddable":true,"href":"https:\/\/www.hosgreta.se\/shop\/wp-json\/wp\/v2\/product_cat?post=383290"},{"taxonomy":"product_tag","embeddable":true,"href":"https:\/\/www.hosgreta.se\/shop\/wp-json\/wp\/v2\/product_tag?post=383290"}],"curies":[{"name":"wp","href":"https:\/\/api.w.org\/{rel}","templated":true}]}}