{"id":383885,"date":"2024-11-29T13:19:23","date_gmt":"2024-11-29T12:19:23","guid":{"rendered":"https:\/\/www.hosgreta.se\/shop\/?post_type=product&#038;p=383885"},"modified":"2026-04-01T10:04:47","modified_gmt":"2026-04-01T08:04:47","slug":"haupt-svenskjavlar-x-jagermeister","status":"publish","type":"product","link":"https:\/\/www.hosgreta.se\/shop\/produkt\/haupt-svenskjavlar-x-jagermeister\/","title":{"rendered":"Haupt Svenskj\u00e4vlar X J\u00e4germeister"},"content":{"rendered":"<p>250 g<\/p>\n<p>Ingredienser: Socker, melass, vetemj\u00f6l, glukossirap, vatten, salmiak (ammoniumklorid), lakritsextrakt, kokosfett, sorbitol (E420), potatismj\u00f6l, rapsolja, \u00f6rtlik\u00f6r (J\u00e4germeister),anis, smakarom, f\u00e4rg\u00e4mne (E150C), ytbehandlingsmedel (karnaubavax)<\/p>\n","protected":false},"excerpt":{"rendered":"<p>V\u00e4rldens saltaste lakrits smaksatt med J\u00e4germeister.<\/p>\n<p>Haupt presenterar stolta deras viktigaste nyhet sedan Svenskj\u00e4vlar! &#8211; ett samarbete med J\u00e4germeister. H\u00e4r handlar det inte bara om en ny produkt, utan en upplevelse, en snackis och en framtida klassiker.<\/p>\n<p>Detta exklusiva collab \u00e4r en hyllning till saltlakrits, smak och tradition.<\/p>\n<p>Svenskj\u00e4vlar! smaksatt med J\u00e4germeister tar gottegrisen p\u00e5 en intensiv smakresa. Haupts ikoniskt salta lakrits m\u00f6ter J\u00e4germeisters komplexa \u00f6rts\u00f6tma och kryddighet. Resultatet \u00e4r en balanserad explosion av smak, d\u00e4r kontrasten mellan den extrema s\u00e4ltan och de varma, bitters\u00f6ta tonerna fr\u00e5n J\u00e4germeister skapar en dj\u00e4rv och unik upplevelse.<\/p>\n","protected":false},"featured_media":383921,"comment_status":"closed","ping_status":"closed","template":"","meta":[],"pwb-brand":[305],"product_brand":[],"product_cat":[73],"product_tag":[],"class_list":{"0":"post-383885","1":"product","2":"type-product","3":"status-publish","4":"has-post-thumbnail","6":"pwb-brand-haupt-lakrits","7":"product_cat-laktrits","9":"first","10":"outofstock","11":"taxable","12":"shipping-taxable","13":"purchasable","14":"product-type-simple"},"yoast_head":"<!-- This site is optimized with the Yoast SEO plugin v27.5 - https:\/\/yoast.com\/product\/yoast-seo-wordpress\/ -->\n<title>Haupt Svenskj\u00e4vlar X J\u00e4germeister - Hos Greta<\/title>\n<meta name=\"robots\" content=\"index, follow, max-snippet:-1, max-image-preview:large, max-video-preview:-1\" \/>\n<link rel=\"canonical\" href=\"https:\/\/www.hosgreta.se\/shop\/produkt\/haupt-svenskjavlar-x-jagermeister\/\" \/>\n<meta property=\"og:locale\" content=\"sv_SE\" \/>\n<meta property=\"og:type\" content=\"article\" \/>\n<meta property=\"og:title\" content=\"Haupt Svenskj\u00e4vlar X J\u00e4germeister - Hos Greta\" \/>\n<meta property=\"og:description\" content=\"V\u00e4rldens saltaste lakrits smaksatt med J\u00e4germeister.  Haupt presenterar stolta deras viktigaste nyhet sedan Svenskj\u00e4vlar! - ett samarbete med J\u00e4germeister. H\u00e4r handlar det inte bara om en ny produkt, utan en upplevelse, en snackis och en framtida klassiker.  Detta exklusiva collab \u00e4r en hyllning till saltlakrits, smak och tradition.  Svenskj\u00e4vlar! smaksatt med J\u00e4germeister tar gottegrisen p\u00e5 en intensiv smakresa. Haupts ikoniskt salta lakrits m\u00f6ter J\u00e4germeisters komplexa \u00f6rts\u00f6tma och kryddighet. Resultatet \u00e4r en balanserad explosion av smak, d\u00e4r kontrasten mellan den extrema s\u00e4ltan och de varma, bitters\u00f6ta tonerna fr\u00e5n J\u00e4germeister skapar en dj\u00e4rv och unik upplevelse.\" \/>\n<meta property=\"og:url\" content=\"https:\/\/www.hosgreta.se\/shop\/produkt\/haupt-svenskjavlar-x-jagermeister\/\" \/>\n<meta property=\"og:site_name\" content=\"Hos Greta\" \/>\n<meta property=\"article:publisher\" content=\"https:\/\/www.facebook.com\/hosgreta\" \/>\n<meta property=\"article:modified_time\" content=\"2026-04-01T08:04:47+00:00\" \/>\n<meta property=\"og:image\" content=\"https:\/\/www.hosgreta.se\/shop\/wp-content\/uploads\/2024\/12\/Haupt-Svenskjavlar-X-Jagermeister.jpg\" \/>\n\t<meta property=\"og:image:width\" content=\"800\" \/>\n\t<meta property=\"og:image:height\" content=\"800\" \/>\n\t<meta property=\"og:image:type\" content=\"image\/jpeg\" \/>\n<meta name=\"twitter:card\" content=\"summary_large_image\" \/>\n<meta name=\"twitter:label1\" content=\"Ber\u00e4knad l\u00e4stid\" \/>\n\t<meta name=\"twitter:data1\" content=\"1 minut\" \/>\n<script type=\"application\/ld+json\" class=\"yoast-schema-graph\">{\"@context\":\"https:\\\/\\\/schema.org\",\"@graph\":[{\"@type\":\"WebPage\",\"@id\":\"https:\\\/\\\/www.hosgreta.se\\\/shop\\\/produkt\\\/haupt-svenskjavlar-x-jagermeister\\\/\",\"url\":\"https:\\\/\\\/www.hosgreta.se\\\/shop\\\/produkt\\\/haupt-svenskjavlar-x-jagermeister\\\/\",\"name\":\"Haupt Svenskj\u00e4vlar X J\u00e4germeister - Hos Greta\",\"isPartOf\":{\"@id\":\"https:\\\/\\\/www.hosgreta.se\\\/shop\\\/#website\"},\"primaryImageOfPage\":{\"@id\":\"https:\\\/\\\/www.hosgreta.se\\\/shop\\\/produkt\\\/haupt-svenskjavlar-x-jagermeister\\\/#primaryimage\"},\"image\":{\"@id\":\"https:\\\/\\\/www.hosgreta.se\\\/shop\\\/produkt\\\/haupt-svenskjavlar-x-jagermeister\\\/#primaryimage\"},\"thumbnailUrl\":\"https:\\\/\\\/www.hosgreta.se\\\/shop\\\/wp-content\\\/uploads\\\/2024\\\/12\\\/Haupt-Svenskjavlar-X-Jagermeister.jpg\",\"datePublished\":\"2024-11-29T12:19:23+00:00\",\"dateModified\":\"2026-04-01T08:04:47+00:00\",\"breadcrumb\":{\"@id\":\"https:\\\/\\\/www.hosgreta.se\\\/shop\\\/produkt\\\/haupt-svenskjavlar-x-jagermeister\\\/#breadcrumb\"},\"inLanguage\":\"sv-SE\",\"potentialAction\":[{\"@type\":\"ReadAction\",\"target\":[\"https:\\\/\\\/www.hosgreta.se\\\/shop\\\/produkt\\\/haupt-svenskjavlar-x-jagermeister\\\/\"]}]},{\"@type\":\"ImageObject\",\"inLanguage\":\"sv-SE\",\"@id\":\"https:\\\/\\\/www.hosgreta.se\\\/shop\\\/produkt\\\/haupt-svenskjavlar-x-jagermeister\\\/#primaryimage\",\"url\":\"https:\\\/\\\/www.hosgreta.se\\\/shop\\\/wp-content\\\/uploads\\\/2024\\\/12\\\/Haupt-Svenskjavlar-X-Jagermeister.jpg\",\"contentUrl\":\"https:\\\/\\\/www.hosgreta.se\\\/shop\\\/wp-content\\\/uploads\\\/2024\\\/12\\\/Haupt-Svenskjavlar-X-Jagermeister.jpg\",\"width\":800,\"height\":800,\"caption\":\"Haupt Svenskj\u00e4vlar X J\u00e4germeister\"},{\"@type\":\"BreadcrumbList\",\"@id\":\"https:\\\/\\\/www.hosgreta.se\\\/shop\\\/produkt\\\/haupt-svenskjavlar-x-jagermeister\\\/#breadcrumb\",\"itemListElement\":[{\"@type\":\"ListItem\",\"position\":1,\"name\":\"Hem\",\"item\":\"https:\\\/\\\/www.hosgreta.se\\\/shop\\\/\"},{\"@type\":\"ListItem\",\"position\":2,\"name\":\"Shop\",\"item\":\"https:\\\/\\\/www.hosgreta.se\\\/shop\\\/shop\\\/\"},{\"@type\":\"ListItem\",\"position\":3,\"name\":\"Haupt Svenskj\u00e4vlar X J\u00e4germeister\"}]},{\"@type\":\"WebSite\",\"@id\":\"https:\\\/\\\/www.hosgreta.se\\\/shop\\\/#website\",\"url\":\"https:\\\/\\\/www.hosgreta.se\\\/shop\\\/\",\"name\":\"Hos Greta\",\"description\":\"Vi v\u00e4ljer ut v\u00e5ra varum\u00e4rken med stor omsorg.\",\"publisher\":{\"@id\":\"https:\\\/\\\/www.hosgreta.se\\\/shop\\\/#organization\"},\"potentialAction\":[{\"@type\":\"SearchAction\",\"target\":{\"@type\":\"EntryPoint\",\"urlTemplate\":\"https:\\\/\\\/www.hosgreta.se\\\/shop\\\/?s={search_term_string}\"},\"query-input\":{\"@type\":\"PropertyValueSpecification\",\"valueRequired\":true,\"valueName\":\"search_term_string\"}}],\"inLanguage\":\"sv-SE\"},{\"@type\":\"Organization\",\"@id\":\"https:\\\/\\\/www.hosgreta.se\\\/shop\\\/#organization\",\"name\":\"Hos Greta\",\"url\":\"https:\\\/\\\/www.hosgreta.se\\\/shop\\\/\",\"logo\":{\"@type\":\"ImageObject\",\"inLanguage\":\"sv-SE\",\"@id\":\"https:\\\/\\\/www.hosgreta.se\\\/shop\\\/#\\\/schema\\\/logo\\\/image\\\/\",\"url\":\"https:\\\/\\\/www.hosgreta.se\\\/shop\\\/wp-content\\\/uploads\\\/2018\\\/03\\\/Logo_HosGreta_svart.png\",\"contentUrl\":\"https:\\\/\\\/www.hosgreta.se\\\/shop\\\/wp-content\\\/uploads\\\/2018\\\/03\\\/Logo_HosGreta_svart.png\",\"width\":851,\"height\":851,\"caption\":\"Hos Greta\"},\"image\":{\"@id\":\"https:\\\/\\\/www.hosgreta.se\\\/shop\\\/#\\\/schema\\\/logo\\\/image\\\/\"},\"sameAs\":[\"https:\\\/\\\/www.facebook.com\\\/hosgreta\",\"https:\\\/\\\/www.instagram.com\\\/hosgreta\"]}]}<\/script>\n<!-- \/ Yoast SEO plugin. -->","yoast_head_json":{"title":"Haupt Svenskj\u00e4vlar X J\u00e4germeister - Hos Greta","robots":{"index":"index","follow":"follow","max-snippet":"max-snippet:-1","max-image-preview":"max-image-preview:large","max-video-preview":"max-video-preview:-1"},"canonical":"https:\/\/www.hosgreta.se\/shop\/produkt\/haupt-svenskjavlar-x-jagermeister\/","og_locale":"sv_SE","og_type":"article","og_title":"Haupt Svenskj\u00e4vlar X J\u00e4germeister - Hos Greta","og_description":"V\u00e4rldens saltaste lakrits smaksatt med J\u00e4germeister.  Haupt presenterar stolta deras viktigaste nyhet sedan Svenskj\u00e4vlar! - ett samarbete med J\u00e4germeister. H\u00e4r handlar det inte bara om en ny produkt, utan en upplevelse, en snackis och en framtida klassiker.  Detta exklusiva collab \u00e4r en hyllning till saltlakrits, smak och tradition.  Svenskj\u00e4vlar! smaksatt med J\u00e4germeister tar gottegrisen p\u00e5 en intensiv smakresa. Haupts ikoniskt salta lakrits m\u00f6ter J\u00e4germeisters komplexa \u00f6rts\u00f6tma och kryddighet. Resultatet \u00e4r en balanserad explosion av smak, d\u00e4r kontrasten mellan den extrema s\u00e4ltan och de varma, bitters\u00f6ta tonerna fr\u00e5n J\u00e4germeister skapar en dj\u00e4rv och unik upplevelse.","og_url":"https:\/\/www.hosgreta.se\/shop\/produkt\/haupt-svenskjavlar-x-jagermeister\/","og_site_name":"Hos Greta","article_publisher":"https:\/\/www.facebook.com\/hosgreta","article_modified_time":"2026-04-01T08:04:47+00:00","og_image":[{"width":800,"height":800,"url":"https:\/\/www.hosgreta.se\/shop\/wp-content\/uploads\/2024\/12\/Haupt-Svenskjavlar-X-Jagermeister.jpg","type":"image\/jpeg"}],"twitter_card":"summary_large_image","twitter_misc":{"Ber\u00e4knad l\u00e4stid":"1 minut"},"schema":{"@context":"https:\/\/schema.org","@graph":[{"@type":"WebPage","@id":"https:\/\/www.hosgreta.se\/shop\/produkt\/haupt-svenskjavlar-x-jagermeister\/","url":"https:\/\/www.hosgreta.se\/shop\/produkt\/haupt-svenskjavlar-x-jagermeister\/","name":"Haupt Svenskj\u00e4vlar X J\u00e4germeister - Hos Greta","isPartOf":{"@id":"https:\/\/www.hosgreta.se\/shop\/#website"},"primaryImageOfPage":{"@id":"https:\/\/www.hosgreta.se\/shop\/produkt\/haupt-svenskjavlar-x-jagermeister\/#primaryimage"},"image":{"@id":"https:\/\/www.hosgreta.se\/shop\/produkt\/haupt-svenskjavlar-x-jagermeister\/#primaryimage"},"thumbnailUrl":"https:\/\/www.hosgreta.se\/shop\/wp-content\/uploads\/2024\/12\/Haupt-Svenskjavlar-X-Jagermeister.jpg","datePublished":"2024-11-29T12:19:23+00:00","dateModified":"2026-04-01T08:04:47+00:00","breadcrumb":{"@id":"https:\/\/www.hosgreta.se\/shop\/produkt\/haupt-svenskjavlar-x-jagermeister\/#breadcrumb"},"inLanguage":"sv-SE","potentialAction":[{"@type":"ReadAction","target":["https:\/\/www.hosgreta.se\/shop\/produkt\/haupt-svenskjavlar-x-jagermeister\/"]}]},{"@type":"ImageObject","inLanguage":"sv-SE","@id":"https:\/\/www.hosgreta.se\/shop\/produkt\/haupt-svenskjavlar-x-jagermeister\/#primaryimage","url":"https:\/\/www.hosgreta.se\/shop\/wp-content\/uploads\/2024\/12\/Haupt-Svenskjavlar-X-Jagermeister.jpg","contentUrl":"https:\/\/www.hosgreta.se\/shop\/wp-content\/uploads\/2024\/12\/Haupt-Svenskjavlar-X-Jagermeister.jpg","width":800,"height":800,"caption":"Haupt Svenskj\u00e4vlar X J\u00e4germeister"},{"@type":"BreadcrumbList","@id":"https:\/\/www.hosgreta.se\/shop\/produkt\/haupt-svenskjavlar-x-jagermeister\/#breadcrumb","itemListElement":[{"@type":"ListItem","position":1,"name":"Hem","item":"https:\/\/www.hosgreta.se\/shop\/"},{"@type":"ListItem","position":2,"name":"Shop","item":"https:\/\/www.hosgreta.se\/shop\/shop\/"},{"@type":"ListItem","position":3,"name":"Haupt Svenskj\u00e4vlar X J\u00e4germeister"}]},{"@type":"WebSite","@id":"https:\/\/www.hosgreta.se\/shop\/#website","url":"https:\/\/www.hosgreta.se\/shop\/","name":"Hos Greta","description":"Vi v\u00e4ljer ut v\u00e5ra varum\u00e4rken med stor omsorg.","publisher":{"@id":"https:\/\/www.hosgreta.se\/shop\/#organization"},"potentialAction":[{"@type":"SearchAction","target":{"@type":"EntryPoint","urlTemplate":"https:\/\/www.hosgreta.se\/shop\/?s={search_term_string}"},"query-input":{"@type":"PropertyValueSpecification","valueRequired":true,"valueName":"search_term_string"}}],"inLanguage":"sv-SE"},{"@type":"Organization","@id":"https:\/\/www.hosgreta.se\/shop\/#organization","name":"Hos Greta","url":"https:\/\/www.hosgreta.se\/shop\/","logo":{"@type":"ImageObject","inLanguage":"sv-SE","@id":"https:\/\/www.hosgreta.se\/shop\/#\/schema\/logo\/image\/","url":"https:\/\/www.hosgreta.se\/shop\/wp-content\/uploads\/2018\/03\/Logo_HosGreta_svart.png","contentUrl":"https:\/\/www.hosgreta.se\/shop\/wp-content\/uploads\/2018\/03\/Logo_HosGreta_svart.png","width":851,"height":851,"caption":"Hos Greta"},"image":{"@id":"https:\/\/www.hosgreta.se\/shop\/#\/schema\/logo\/image\/"},"sameAs":["https:\/\/www.facebook.com\/hosgreta","https:\/\/www.instagram.com\/hosgreta"]}]}},"kroconnect":{"tax_rate":6,"price_inc_vat":{"regular_price":94.64},"price_ex_vat":{"regular_price":89.283019}},"brands":[{"id":305,"name":"Haupt Lakrits","slug":"haupt-lakrits"}],"_links":{"self":[{"href":"https:\/\/www.hosgreta.se\/shop\/wp-json\/wp\/v2\/product\/383885","targetHints":{"allow":["GET"]}}],"collection":[{"href":"https:\/\/www.hosgreta.se\/shop\/wp-json\/wp\/v2\/product"}],"about":[{"href":"https:\/\/www.hosgreta.se\/shop\/wp-json\/wp\/v2\/types\/product"}],"replies":[{"embeddable":true,"href":"https:\/\/www.hosgreta.se\/shop\/wp-json\/wp\/v2\/comments?post=383885"}],"wp:featuredmedia":[{"embeddable":true,"href":"https:\/\/www.hosgreta.se\/shop\/wp-json\/wp\/v2\/media\/383921"}],"wp:attachment":[{"href":"https:\/\/www.hosgreta.se\/shop\/wp-json\/wp\/v2\/media?parent=383885"}],"wp:term":[{"taxonomy":"pwb-brand","embeddable":true,"href":"https:\/\/www.hosgreta.se\/shop\/wp-json\/wp\/v2\/pwb-brand?post=383885"},{"taxonomy":"product_brand","embeddable":true,"href":"https:\/\/www.hosgreta.se\/shop\/wp-json\/wp\/v2\/product_brand?post=383885"},{"taxonomy":"product_cat","embeddable":true,"href":"https:\/\/www.hosgreta.se\/shop\/wp-json\/wp\/v2\/product_cat?post=383885"},{"taxonomy":"product_tag","embeddable":true,"href":"https:\/\/www.hosgreta.se\/shop\/wp-json\/wp\/v2\/product_tag?post=383885"}],"curies":[{"name":"wp","href":"https:\/\/api.w.org\/{rel}","templated":true}]}}