{"id":384298,"date":"2025-01-24T13:50:43","date_gmt":"2025-01-24T12:50:43","guid":{"rendered":"https:\/\/www.hosgreta.se\/shop\/?post_type=product&#038;p=384298"},"modified":"2026-04-01T10:04:47","modified_gmt":"2026-04-01T08:04:47","slug":"haupt-bitter-love","status":"publish","type":"product","link":"https:\/\/www.hosgreta.se\/shop\/produkt\/haupt-bitter-love\/","title":{"rendered":"Haupt Bitter Love"},"content":{"rendered":"<p>250 g<\/p>\n<p>Ingredienser: 70% dulce choklad (kakaosm\u00f6r, socker, helmj\u00f6lkspulver, mj\u00f6lksocker, vasslepulver (mj\u00f6lk) , skummj\u00f6lkspulver, brynt socker (2%), emulgeringsmedel (sojalecitin), naturlig vaniljarom, salt), sirap, vetemj\u00f6l, socker, invertsockersirap, 3,5 % r\u00e5lakrits (Kalabrien), svart socker, kaffe, kakaonibs, salmiak (ammoniumklorid), f\u00e4rg\u00e4mne (vegetabilisk kol), stj\u00e4rnanis, ytbehandlingsmedel (karnaubavax). Kakaoinneh\u00e5ll, minst 30,4%.<\/p>\n","protected":false},"excerpt":{"rendered":"<p>L\u00e5ngkokt saltlakrits omgiven av karamelliserad dulcechoklad smaksatt med kaffe, krispiga kakaonibs och &#8221;svartsocker&#8221; fr\u00e5n Okinawa.<\/p>\n<p>Denna kombination av s\u00f6tma, s\u00e4lta och bittra inslag bjuder p\u00e5 ett sofistikerat m\u00f6te mellan kontraster. H\u00e4r m\u00f6ts s\u00e4lta, len s\u00f6tma och rostade toner i en intensiv och elegant kombination. Haupt brinner lite extra f\u00f6r det unika svarta sockret fr\u00e5n Okinawa vars djupa, sirapsliknande karakt\u00e4r p\u00e5minner v\u00e4ldigt mycket om lakrits. Och knyter ihop hela smakbilden.<\/p>\n<p>Bitter Love tillverkas i limiterad upplaga, s\u00e5 l\u00e4nge lagret r\u00e4cker. Perfekt till dig sj\u00e4lv, eller n\u00e5gon annan, p\u00e5 Alla Hj\u00e4rtans Dag?<\/p>\n","protected":false},"featured_media":384315,"comment_status":"closed","ping_status":"closed","template":"","meta":[],"pwb-brand":[305],"product_brand":[],"product_cat":[292,73],"product_tag":[],"class_list":{"0":"post-384298","1":"product","2":"type-product","3":"status-publish","4":"has-post-thumbnail","6":"pwb-brand-haupt-lakrits","7":"product_cat-hogtider","8":"product_cat-laktrits","10":"first","11":"outofstock","12":"taxable","13":"shipping-taxable","14":"purchasable","15":"product-type-simple"},"yoast_head":"<!-- This site is optimized with the Yoast SEO plugin v27.5 - https:\/\/yoast.com\/product\/yoast-seo-wordpress\/ -->\n<title>Haupt Bitter Love - Hos Greta<\/title>\n<meta name=\"robots\" content=\"index, follow, max-snippet:-1, max-image-preview:large, max-video-preview:-1\" \/>\n<link rel=\"canonical\" href=\"https:\/\/www.hosgreta.se\/shop\/produkt\/haupt-bitter-love\/\" \/>\n<meta property=\"og:locale\" content=\"sv_SE\" \/>\n<meta property=\"og:type\" content=\"article\" \/>\n<meta property=\"og:title\" content=\"Haupt Bitter Love - Hos Greta\" \/>\n<meta property=\"og:description\" content=\"L\u00e5ngkokt saltlakrits omgiven av karamelliserad dulcechoklad smaksatt med kaffe, krispiga kakaonibs och &quot;svartsocker&quot; fr\u00e5n Okinawa.  Denna kombination av s\u00f6tma, s\u00e4lta och bittra inslag bjuder p\u00e5 ett sofistikerat m\u00f6te mellan kontraster. H\u00e4r m\u00f6ts s\u00e4lta, len s\u00f6tma och rostade toner i en intensiv och elegant kombination. Haupt brinner lite extra f\u00f6r det unika svarta sockret fr\u00e5n Okinawa vars djupa, sirapsliknande karakt\u00e4r p\u00e5minner v\u00e4ldigt mycket om lakrits. Och knyter ihop hela smakbilden.  Bitter Love tillverkas i limiterad upplaga, s\u00e5 l\u00e4nge lagret r\u00e4cker. Perfekt till dig sj\u00e4lv, eller n\u00e5gon annan, p\u00e5 Alla Hj\u00e4rtans Dag?\" \/>\n<meta property=\"og:url\" content=\"https:\/\/www.hosgreta.se\/shop\/produkt\/haupt-bitter-love\/\" \/>\n<meta property=\"og:site_name\" content=\"Hos Greta\" \/>\n<meta property=\"article:publisher\" content=\"https:\/\/www.facebook.com\/hosgreta\" \/>\n<meta property=\"article:modified_time\" content=\"2026-04-01T08:04:47+00:00\" \/>\n<meta property=\"og:image\" content=\"https:\/\/www.hosgreta.se\/shop\/wp-content\/uploads\/2021\/03\/Haupt-Bitter-Love.jpg\" \/>\n\t<meta property=\"og:image:width\" content=\"800\" \/>\n\t<meta property=\"og:image:height\" content=\"800\" \/>\n\t<meta property=\"og:image:type\" content=\"image\/jpeg\" \/>\n<meta name=\"twitter:card\" content=\"summary_large_image\" \/>\n<meta name=\"twitter:label1\" content=\"Ber\u00e4knad l\u00e4stid\" \/>\n\t<meta name=\"twitter:data1\" content=\"1 minut\" \/>\n<script type=\"application\/ld+json\" class=\"yoast-schema-graph\">{\"@context\":\"https:\\\/\\\/schema.org\",\"@graph\":[{\"@type\":\"WebPage\",\"@id\":\"https:\\\/\\\/www.hosgreta.se\\\/shop\\\/produkt\\\/haupt-bitter-love\\\/\",\"url\":\"https:\\\/\\\/www.hosgreta.se\\\/shop\\\/produkt\\\/haupt-bitter-love\\\/\",\"name\":\"Haupt Bitter Love - Hos Greta\",\"isPartOf\":{\"@id\":\"https:\\\/\\\/www.hosgreta.se\\\/shop\\\/#website\"},\"primaryImageOfPage\":{\"@id\":\"https:\\\/\\\/www.hosgreta.se\\\/shop\\\/produkt\\\/haupt-bitter-love\\\/#primaryimage\"},\"image\":{\"@id\":\"https:\\\/\\\/www.hosgreta.se\\\/shop\\\/produkt\\\/haupt-bitter-love\\\/#primaryimage\"},\"thumbnailUrl\":\"https:\\\/\\\/www.hosgreta.se\\\/shop\\\/wp-content\\\/uploads\\\/2021\\\/03\\\/Haupt-Bitter-Love.jpg\",\"datePublished\":\"2025-01-24T12:50:43+00:00\",\"dateModified\":\"2026-04-01T08:04:47+00:00\",\"breadcrumb\":{\"@id\":\"https:\\\/\\\/www.hosgreta.se\\\/shop\\\/produkt\\\/haupt-bitter-love\\\/#breadcrumb\"},\"inLanguage\":\"sv-SE\",\"potentialAction\":[{\"@type\":\"ReadAction\",\"target\":[\"https:\\\/\\\/www.hosgreta.se\\\/shop\\\/produkt\\\/haupt-bitter-love\\\/\"]}]},{\"@type\":\"ImageObject\",\"inLanguage\":\"sv-SE\",\"@id\":\"https:\\\/\\\/www.hosgreta.se\\\/shop\\\/produkt\\\/haupt-bitter-love\\\/#primaryimage\",\"url\":\"https:\\\/\\\/www.hosgreta.se\\\/shop\\\/wp-content\\\/uploads\\\/2021\\\/03\\\/Haupt-Bitter-Love.jpg\",\"contentUrl\":\"https:\\\/\\\/www.hosgreta.se\\\/shop\\\/wp-content\\\/uploads\\\/2021\\\/03\\\/Haupt-Bitter-Love.jpg\",\"width\":800,\"height\":800,\"caption\":\"Haupt Bitter Love\"},{\"@type\":\"BreadcrumbList\",\"@id\":\"https:\\\/\\\/www.hosgreta.se\\\/shop\\\/produkt\\\/haupt-bitter-love\\\/#breadcrumb\",\"itemListElement\":[{\"@type\":\"ListItem\",\"position\":1,\"name\":\"Hem\",\"item\":\"https:\\\/\\\/www.hosgreta.se\\\/shop\\\/\"},{\"@type\":\"ListItem\",\"position\":2,\"name\":\"Shop\",\"item\":\"https:\\\/\\\/www.hosgreta.se\\\/shop\\\/shop\\\/\"},{\"@type\":\"ListItem\",\"position\":3,\"name\":\"Haupt Bitter Love\"}]},{\"@type\":\"WebSite\",\"@id\":\"https:\\\/\\\/www.hosgreta.se\\\/shop\\\/#website\",\"url\":\"https:\\\/\\\/www.hosgreta.se\\\/shop\\\/\",\"name\":\"Hos Greta\",\"description\":\"Vi v\u00e4ljer ut v\u00e5ra varum\u00e4rken med stor omsorg.\",\"publisher\":{\"@id\":\"https:\\\/\\\/www.hosgreta.se\\\/shop\\\/#organization\"},\"potentialAction\":[{\"@type\":\"SearchAction\",\"target\":{\"@type\":\"EntryPoint\",\"urlTemplate\":\"https:\\\/\\\/www.hosgreta.se\\\/shop\\\/?s={search_term_string}\"},\"query-input\":{\"@type\":\"PropertyValueSpecification\",\"valueRequired\":true,\"valueName\":\"search_term_string\"}}],\"inLanguage\":\"sv-SE\"},{\"@type\":\"Organization\",\"@id\":\"https:\\\/\\\/www.hosgreta.se\\\/shop\\\/#organization\",\"name\":\"Hos Greta\",\"url\":\"https:\\\/\\\/www.hosgreta.se\\\/shop\\\/\",\"logo\":{\"@type\":\"ImageObject\",\"inLanguage\":\"sv-SE\",\"@id\":\"https:\\\/\\\/www.hosgreta.se\\\/shop\\\/#\\\/schema\\\/logo\\\/image\\\/\",\"url\":\"https:\\\/\\\/www.hosgreta.se\\\/shop\\\/wp-content\\\/uploads\\\/2018\\\/03\\\/Logo_HosGreta_svart.png\",\"contentUrl\":\"https:\\\/\\\/www.hosgreta.se\\\/shop\\\/wp-content\\\/uploads\\\/2018\\\/03\\\/Logo_HosGreta_svart.png\",\"width\":851,\"height\":851,\"caption\":\"Hos Greta\"},\"image\":{\"@id\":\"https:\\\/\\\/www.hosgreta.se\\\/shop\\\/#\\\/schema\\\/logo\\\/image\\\/\"},\"sameAs\":[\"https:\\\/\\\/www.facebook.com\\\/hosgreta\",\"https:\\\/\\\/www.instagram.com\\\/hosgreta\"]}]}<\/script>\n<!-- \/ Yoast SEO plugin. -->","yoast_head_json":{"title":"Haupt Bitter Love - Hos Greta","robots":{"index":"index","follow":"follow","max-snippet":"max-snippet:-1","max-image-preview":"max-image-preview:large","max-video-preview":"max-video-preview:-1"},"canonical":"https:\/\/www.hosgreta.se\/shop\/produkt\/haupt-bitter-love\/","og_locale":"sv_SE","og_type":"article","og_title":"Haupt Bitter Love - Hos Greta","og_description":"L\u00e5ngkokt saltlakrits omgiven av karamelliserad dulcechoklad smaksatt med kaffe, krispiga kakaonibs och \"svartsocker\" fr\u00e5n Okinawa.  Denna kombination av s\u00f6tma, s\u00e4lta och bittra inslag bjuder p\u00e5 ett sofistikerat m\u00f6te mellan kontraster. H\u00e4r m\u00f6ts s\u00e4lta, len s\u00f6tma och rostade toner i en intensiv och elegant kombination. Haupt brinner lite extra f\u00f6r det unika svarta sockret fr\u00e5n Okinawa vars djupa, sirapsliknande karakt\u00e4r p\u00e5minner v\u00e4ldigt mycket om lakrits. Och knyter ihop hela smakbilden.  Bitter Love tillverkas i limiterad upplaga, s\u00e5 l\u00e4nge lagret r\u00e4cker. Perfekt till dig sj\u00e4lv, eller n\u00e5gon annan, p\u00e5 Alla Hj\u00e4rtans Dag?","og_url":"https:\/\/www.hosgreta.se\/shop\/produkt\/haupt-bitter-love\/","og_site_name":"Hos Greta","article_publisher":"https:\/\/www.facebook.com\/hosgreta","article_modified_time":"2026-04-01T08:04:47+00:00","og_image":[{"width":800,"height":800,"url":"https:\/\/www.hosgreta.se\/shop\/wp-content\/uploads\/2021\/03\/Haupt-Bitter-Love.jpg","type":"image\/jpeg"}],"twitter_card":"summary_large_image","twitter_misc":{"Ber\u00e4knad l\u00e4stid":"1 minut"},"schema":{"@context":"https:\/\/schema.org","@graph":[{"@type":"WebPage","@id":"https:\/\/www.hosgreta.se\/shop\/produkt\/haupt-bitter-love\/","url":"https:\/\/www.hosgreta.se\/shop\/produkt\/haupt-bitter-love\/","name":"Haupt Bitter Love - Hos Greta","isPartOf":{"@id":"https:\/\/www.hosgreta.se\/shop\/#website"},"primaryImageOfPage":{"@id":"https:\/\/www.hosgreta.se\/shop\/produkt\/haupt-bitter-love\/#primaryimage"},"image":{"@id":"https:\/\/www.hosgreta.se\/shop\/produkt\/haupt-bitter-love\/#primaryimage"},"thumbnailUrl":"https:\/\/www.hosgreta.se\/shop\/wp-content\/uploads\/2021\/03\/Haupt-Bitter-Love.jpg","datePublished":"2025-01-24T12:50:43+00:00","dateModified":"2026-04-01T08:04:47+00:00","breadcrumb":{"@id":"https:\/\/www.hosgreta.se\/shop\/produkt\/haupt-bitter-love\/#breadcrumb"},"inLanguage":"sv-SE","potentialAction":[{"@type":"ReadAction","target":["https:\/\/www.hosgreta.se\/shop\/produkt\/haupt-bitter-love\/"]}]},{"@type":"ImageObject","inLanguage":"sv-SE","@id":"https:\/\/www.hosgreta.se\/shop\/produkt\/haupt-bitter-love\/#primaryimage","url":"https:\/\/www.hosgreta.se\/shop\/wp-content\/uploads\/2021\/03\/Haupt-Bitter-Love.jpg","contentUrl":"https:\/\/www.hosgreta.se\/shop\/wp-content\/uploads\/2021\/03\/Haupt-Bitter-Love.jpg","width":800,"height":800,"caption":"Haupt Bitter Love"},{"@type":"BreadcrumbList","@id":"https:\/\/www.hosgreta.se\/shop\/produkt\/haupt-bitter-love\/#breadcrumb","itemListElement":[{"@type":"ListItem","position":1,"name":"Hem","item":"https:\/\/www.hosgreta.se\/shop\/"},{"@type":"ListItem","position":2,"name":"Shop","item":"https:\/\/www.hosgreta.se\/shop\/shop\/"},{"@type":"ListItem","position":3,"name":"Haupt Bitter Love"}]},{"@type":"WebSite","@id":"https:\/\/www.hosgreta.se\/shop\/#website","url":"https:\/\/www.hosgreta.se\/shop\/","name":"Hos Greta","description":"Vi v\u00e4ljer ut v\u00e5ra varum\u00e4rken med stor omsorg.","publisher":{"@id":"https:\/\/www.hosgreta.se\/shop\/#organization"},"potentialAction":[{"@type":"SearchAction","target":{"@type":"EntryPoint","urlTemplate":"https:\/\/www.hosgreta.se\/shop\/?s={search_term_string}"},"query-input":{"@type":"PropertyValueSpecification","valueRequired":true,"valueName":"search_term_string"}}],"inLanguage":"sv-SE"},{"@type":"Organization","@id":"https:\/\/www.hosgreta.se\/shop\/#organization","name":"Hos Greta","url":"https:\/\/www.hosgreta.se\/shop\/","logo":{"@type":"ImageObject","inLanguage":"sv-SE","@id":"https:\/\/www.hosgreta.se\/shop\/#\/schema\/logo\/image\/","url":"https:\/\/www.hosgreta.se\/shop\/wp-content\/uploads\/2018\/03\/Logo_HosGreta_svart.png","contentUrl":"https:\/\/www.hosgreta.se\/shop\/wp-content\/uploads\/2018\/03\/Logo_HosGreta_svart.png","width":851,"height":851,"caption":"Hos Greta"},"image":{"@id":"https:\/\/www.hosgreta.se\/shop\/#\/schema\/logo\/image\/"},"sameAs":["https:\/\/www.facebook.com\/hosgreta","https:\/\/www.instagram.com\/hosgreta"]}]}},"kroconnect":{"tax_rate":6,"price_inc_vat":{"regular_price":141.97},"price_ex_vat":{"regular_price":133.933962}},"brands":[{"id":305,"name":"Haupt Lakrits","slug":"haupt-lakrits"}],"_links":{"self":[{"href":"https:\/\/www.hosgreta.se\/shop\/wp-json\/wp\/v2\/product\/384298","targetHints":{"allow":["GET"]}}],"collection":[{"href":"https:\/\/www.hosgreta.se\/shop\/wp-json\/wp\/v2\/product"}],"about":[{"href":"https:\/\/www.hosgreta.se\/shop\/wp-json\/wp\/v2\/types\/product"}],"replies":[{"embeddable":true,"href":"https:\/\/www.hosgreta.se\/shop\/wp-json\/wp\/v2\/comments?post=384298"}],"wp:featuredmedia":[{"embeddable":true,"href":"https:\/\/www.hosgreta.se\/shop\/wp-json\/wp\/v2\/media\/384315"}],"wp:attachment":[{"href":"https:\/\/www.hosgreta.se\/shop\/wp-json\/wp\/v2\/media?parent=384298"}],"wp:term":[{"taxonomy":"pwb-brand","embeddable":true,"href":"https:\/\/www.hosgreta.se\/shop\/wp-json\/wp\/v2\/pwb-brand?post=384298"},{"taxonomy":"product_brand","embeddable":true,"href":"https:\/\/www.hosgreta.se\/shop\/wp-json\/wp\/v2\/product_brand?post=384298"},{"taxonomy":"product_cat","embeddable":true,"href":"https:\/\/www.hosgreta.se\/shop\/wp-json\/wp\/v2\/product_cat?post=384298"},{"taxonomy":"product_tag","embeddable":true,"href":"https:\/\/www.hosgreta.se\/shop\/wp-json\/wp\/v2\/product_tag?post=384298"}],"curies":[{"name":"wp","href":"https:\/\/api.w.org\/{rel}","templated":true}]}}