{"id":385140,"date":"2025-05-25T20:34:33","date_gmt":"2025-05-25T18:34:33","guid":{"rendered":"https:\/\/www.hosgreta.se\/shop\/?post_type=product&#038;p=385140"},"modified":"2026-04-01T10:04:46","modified_gmt":"2026-04-01T08:04:46","slug":"koffeinfri-earl-grey-by-ditte-svanfeldt-te","status":"publish","type":"product","link":"https:\/\/www.hosgreta.se\/shop\/produkt\/koffeinfri-earl-grey-by-ditte-svanfeldt-te\/","title":{"rendered":"Koffeinfri Earl Grey By Ditte Svanfeldt Te"},"content":{"rendered":"<p>Vikt: 100 g<\/p>\n<p>F\u00f6r varje s\u00e5lt kilo te sk\u00e4nker Svanfeldts Coffee 10 kronor till Hj\u00e4rnfonden.<\/p>\n","protected":false},"excerpt":{"rendered":"<p>Koffeinfritt Earl Grey \u2013 Klassisk svart te utan koffein, med full smak<\/p>\n<p>Njut av en tidl\u00f6s teklassiker \u2013 n\u00e4r som helst p\u00e5 dygnet.<br \/>\nV\u00e5rt koffeinfria Earl Grey erbjuder den karakt\u00e4ristiska, friska bergamottaromen du \u00e4lskar \u2013 helt utan koffein (tein). Perfekt f\u00f6r kv\u00e4llsstunden eller f\u00f6r dig som undviker koffein, utan att kompromissa p\u00e5 smak eller kvalitet.<\/p>\n<p>Brygginstruktion:<br \/>\nDosera ca 3 gram per kopp. Anv\u00e4nd 95\u202f\u00b0C hett vatten och l\u00e5t dra i 3\u20134 minuter f\u00f6r b\u00e4sta smakupplevelse.<\/p>\n<p>Tips: Toppa g\u00e4rna med en tunn skiva citron f\u00f6r en extra fr\u00e4sch twist!<\/p>\n","protected":false},"featured_media":385357,"comment_status":"closed","ping_status":"closed","template":"","meta":[],"pwb-brand":[317],"product_brand":[],"product_cat":[72,232],"product_tag":[],"class_list":{"0":"post-385140","1":"product","2":"type-product","3":"status-publish","4":"has-post-thumbnail","6":"pwb-brand-svanfeldts-coffee","7":"product_cat-atbart","8":"product_cat-kaffe-och-te","10":"first","11":"outofstock","12":"taxable","13":"shipping-taxable","14":"purchasable","15":"product-type-simple"},"yoast_head":"<!-- This site is optimized with the Yoast SEO plugin v27.4 - https:\/\/yoast.com\/product\/yoast-seo-wordpress\/ -->\n<title>Koffeinfri Earl Grey By Ditte Svanfeldt Te - Hos Greta<\/title>\n<meta name=\"robots\" content=\"index, follow, max-snippet:-1, max-image-preview:large, max-video-preview:-1\" \/>\n<link rel=\"canonical\" href=\"https:\/\/www.hosgreta.se\/shop\/produkt\/koffeinfri-earl-grey-by-ditte-svanfeldt-te\/\" \/>\n<meta property=\"og:locale\" content=\"sv_SE\" \/>\n<meta property=\"og:type\" content=\"article\" \/>\n<meta property=\"og:title\" content=\"Koffeinfri Earl Grey By Ditte Svanfeldt Te - Hos Greta\" \/>\n<meta property=\"og:description\" content=\"Koffeinfritt Earl Grey \u2013 Klassisk svart te utan koffein, med full smak  Njut av en tidl\u00f6s teklassiker \u2013 n\u00e4r som helst p\u00e5 dygnet. V\u00e5rt koffeinfria Earl Grey erbjuder den karakt\u00e4ristiska, friska bergamottaromen du \u00e4lskar \u2013 helt utan koffein (tein). Perfekt f\u00f6r kv\u00e4llsstunden eller f\u00f6r dig som undviker koffein, utan att kompromissa p\u00e5 smak eller kvalitet.  Brygginstruktion: Dosera ca 3 gram per kopp. Anv\u00e4nd 95\u202f\u00b0C hett vatten och l\u00e5t dra i 3\u20134 minuter f\u00f6r b\u00e4sta smakupplevelse.  Tips: Toppa g\u00e4rna med en tunn skiva citron f\u00f6r en extra fr\u00e4sch twist!\" \/>\n<meta property=\"og:url\" content=\"https:\/\/www.hosgreta.se\/shop\/produkt\/koffeinfri-earl-grey-by-ditte-svanfeldt-te\/\" \/>\n<meta property=\"og:site_name\" content=\"Hos Greta\" \/>\n<meta property=\"article:publisher\" content=\"https:\/\/www.facebook.com\/hosgreta\" \/>\n<meta property=\"article:modified_time\" content=\"2026-04-01T08:04:46+00:00\" \/>\n<meta property=\"og:image\" content=\"https:\/\/www.hosgreta.se\/shop\/wp-content\/uploads\/2025\/05\/Koffeinfri-Earl-Grey-By-Ditte-Svanfeldt-Te-1.jpg\" \/>\n\t<meta property=\"og:image:width\" content=\"600\" \/>\n\t<meta property=\"og:image:height\" content=\"600\" \/>\n\t<meta property=\"og:image:type\" content=\"image\/jpeg\" \/>\n<meta name=\"twitter:card\" content=\"summary_large_image\" \/>\n<meta name=\"twitter:label1\" content=\"Ber\u00e4knad l\u00e4stid\" \/>\n\t<meta name=\"twitter:data1\" content=\"1 minut\" \/>\n<script type=\"application\/ld+json\" class=\"yoast-schema-graph\">{\"@context\":\"https:\\\/\\\/schema.org\",\"@graph\":[{\"@type\":\"WebPage\",\"@id\":\"https:\\\/\\\/www.hosgreta.se\\\/shop\\\/produkt\\\/koffeinfri-earl-grey-by-ditte-svanfeldt-te\\\/\",\"url\":\"https:\\\/\\\/www.hosgreta.se\\\/shop\\\/produkt\\\/koffeinfri-earl-grey-by-ditte-svanfeldt-te\\\/\",\"name\":\"Koffeinfri Earl Grey By Ditte Svanfeldt Te - Hos Greta\",\"isPartOf\":{\"@id\":\"https:\\\/\\\/www.hosgreta.se\\\/shop\\\/#website\"},\"primaryImageOfPage\":{\"@id\":\"https:\\\/\\\/www.hosgreta.se\\\/shop\\\/produkt\\\/koffeinfri-earl-grey-by-ditte-svanfeldt-te\\\/#primaryimage\"},\"image\":{\"@id\":\"https:\\\/\\\/www.hosgreta.se\\\/shop\\\/produkt\\\/koffeinfri-earl-grey-by-ditte-svanfeldt-te\\\/#primaryimage\"},\"thumbnailUrl\":\"https:\\\/\\\/www.hosgreta.se\\\/shop\\\/wp-content\\\/uploads\\\/2025\\\/05\\\/Koffeinfri-Earl-Grey-By-Ditte-Svanfeldt-Te-1.jpg\",\"datePublished\":\"2025-05-25T18:34:33+00:00\",\"dateModified\":\"2026-04-01T08:04:46+00:00\",\"breadcrumb\":{\"@id\":\"https:\\\/\\\/www.hosgreta.se\\\/shop\\\/produkt\\\/koffeinfri-earl-grey-by-ditte-svanfeldt-te\\\/#breadcrumb\"},\"inLanguage\":\"sv-SE\",\"potentialAction\":[{\"@type\":\"ReadAction\",\"target\":[\"https:\\\/\\\/www.hosgreta.se\\\/shop\\\/produkt\\\/koffeinfri-earl-grey-by-ditte-svanfeldt-te\\\/\"]}]},{\"@type\":\"ImageObject\",\"inLanguage\":\"sv-SE\",\"@id\":\"https:\\\/\\\/www.hosgreta.se\\\/shop\\\/produkt\\\/koffeinfri-earl-grey-by-ditte-svanfeldt-te\\\/#primaryimage\",\"url\":\"https:\\\/\\\/www.hosgreta.se\\\/shop\\\/wp-content\\\/uploads\\\/2025\\\/05\\\/Koffeinfri-Earl-Grey-By-Ditte-Svanfeldt-Te-1.jpg\",\"contentUrl\":\"https:\\\/\\\/www.hosgreta.se\\\/shop\\\/wp-content\\\/uploads\\\/2025\\\/05\\\/Koffeinfri-Earl-Grey-By-Ditte-Svanfeldt-Te-1.jpg\",\"width\":600,\"height\":600,\"caption\":\"Koffeinfri Earl Grey By Ditte Svanfeldt Te\"},{\"@type\":\"BreadcrumbList\",\"@id\":\"https:\\\/\\\/www.hosgreta.se\\\/shop\\\/produkt\\\/koffeinfri-earl-grey-by-ditte-svanfeldt-te\\\/#breadcrumb\",\"itemListElement\":[{\"@type\":\"ListItem\",\"position\":1,\"name\":\"Hem\",\"item\":\"https:\\\/\\\/www.hosgreta.se\\\/shop\\\/\"},{\"@type\":\"ListItem\",\"position\":2,\"name\":\"Shop\",\"item\":\"https:\\\/\\\/www.hosgreta.se\\\/shop\\\/shop\\\/\"},{\"@type\":\"ListItem\",\"position\":3,\"name\":\"Koffeinfri Earl Grey By Ditte Svanfeldt Te\"}]},{\"@type\":\"WebSite\",\"@id\":\"https:\\\/\\\/www.hosgreta.se\\\/shop\\\/#website\",\"url\":\"https:\\\/\\\/www.hosgreta.se\\\/shop\\\/\",\"name\":\"Hos Greta\",\"description\":\"Vi v\u00e4ljer ut v\u00e5ra varum\u00e4rken med stor omsorg.\",\"publisher\":{\"@id\":\"https:\\\/\\\/www.hosgreta.se\\\/shop\\\/#organization\"},\"potentialAction\":[{\"@type\":\"SearchAction\",\"target\":{\"@type\":\"EntryPoint\",\"urlTemplate\":\"https:\\\/\\\/www.hosgreta.se\\\/shop\\\/?s={search_term_string}\"},\"query-input\":{\"@type\":\"PropertyValueSpecification\",\"valueRequired\":true,\"valueName\":\"search_term_string\"}}],\"inLanguage\":\"sv-SE\"},{\"@type\":\"Organization\",\"@id\":\"https:\\\/\\\/www.hosgreta.se\\\/shop\\\/#organization\",\"name\":\"Hos Greta\",\"url\":\"https:\\\/\\\/www.hosgreta.se\\\/shop\\\/\",\"logo\":{\"@type\":\"ImageObject\",\"inLanguage\":\"sv-SE\",\"@id\":\"https:\\\/\\\/www.hosgreta.se\\\/shop\\\/#\\\/schema\\\/logo\\\/image\\\/\",\"url\":\"https:\\\/\\\/www.hosgreta.se\\\/shop\\\/wp-content\\\/uploads\\\/2018\\\/03\\\/Logo_HosGreta_svart.png\",\"contentUrl\":\"https:\\\/\\\/www.hosgreta.se\\\/shop\\\/wp-content\\\/uploads\\\/2018\\\/03\\\/Logo_HosGreta_svart.png\",\"width\":851,\"height\":851,\"caption\":\"Hos Greta\"},\"image\":{\"@id\":\"https:\\\/\\\/www.hosgreta.se\\\/shop\\\/#\\\/schema\\\/logo\\\/image\\\/\"},\"sameAs\":[\"https:\\\/\\\/www.facebook.com\\\/hosgreta\",\"https:\\\/\\\/www.instagram.com\\\/hosgreta\"]}]}<\/script>\n<!-- \/ Yoast SEO plugin. -->","yoast_head_json":{"title":"Koffeinfri Earl Grey By Ditte Svanfeldt Te - Hos Greta","robots":{"index":"index","follow":"follow","max-snippet":"max-snippet:-1","max-image-preview":"max-image-preview:large","max-video-preview":"max-video-preview:-1"},"canonical":"https:\/\/www.hosgreta.se\/shop\/produkt\/koffeinfri-earl-grey-by-ditte-svanfeldt-te\/","og_locale":"sv_SE","og_type":"article","og_title":"Koffeinfri Earl Grey By Ditte Svanfeldt Te - Hos Greta","og_description":"Koffeinfritt Earl Grey \u2013 Klassisk svart te utan koffein, med full smak  Njut av en tidl\u00f6s teklassiker \u2013 n\u00e4r som helst p\u00e5 dygnet. V\u00e5rt koffeinfria Earl Grey erbjuder den karakt\u00e4ristiska, friska bergamottaromen du \u00e4lskar \u2013 helt utan koffein (tein). Perfekt f\u00f6r kv\u00e4llsstunden eller f\u00f6r dig som undviker koffein, utan att kompromissa p\u00e5 smak eller kvalitet.  Brygginstruktion: Dosera ca 3 gram per kopp. Anv\u00e4nd 95\u202f\u00b0C hett vatten och l\u00e5t dra i 3\u20134 minuter f\u00f6r b\u00e4sta smakupplevelse.  Tips: Toppa g\u00e4rna med en tunn skiva citron f\u00f6r en extra fr\u00e4sch twist!","og_url":"https:\/\/www.hosgreta.se\/shop\/produkt\/koffeinfri-earl-grey-by-ditte-svanfeldt-te\/","og_site_name":"Hos Greta","article_publisher":"https:\/\/www.facebook.com\/hosgreta","article_modified_time":"2026-04-01T08:04:46+00:00","og_image":[{"width":600,"height":600,"url":"https:\/\/www.hosgreta.se\/shop\/wp-content\/uploads\/2025\/05\/Koffeinfri-Earl-Grey-By-Ditte-Svanfeldt-Te-1.jpg","type":"image\/jpeg"}],"twitter_card":"summary_large_image","twitter_misc":{"Ber\u00e4knad l\u00e4stid":"1 minut"},"schema":{"@context":"https:\/\/schema.org","@graph":[{"@type":"WebPage","@id":"https:\/\/www.hosgreta.se\/shop\/produkt\/koffeinfri-earl-grey-by-ditte-svanfeldt-te\/","url":"https:\/\/www.hosgreta.se\/shop\/produkt\/koffeinfri-earl-grey-by-ditte-svanfeldt-te\/","name":"Koffeinfri Earl Grey By Ditte Svanfeldt Te - Hos Greta","isPartOf":{"@id":"https:\/\/www.hosgreta.se\/shop\/#website"},"primaryImageOfPage":{"@id":"https:\/\/www.hosgreta.se\/shop\/produkt\/koffeinfri-earl-grey-by-ditte-svanfeldt-te\/#primaryimage"},"image":{"@id":"https:\/\/www.hosgreta.se\/shop\/produkt\/koffeinfri-earl-grey-by-ditte-svanfeldt-te\/#primaryimage"},"thumbnailUrl":"https:\/\/www.hosgreta.se\/shop\/wp-content\/uploads\/2025\/05\/Koffeinfri-Earl-Grey-By-Ditte-Svanfeldt-Te-1.jpg","datePublished":"2025-05-25T18:34:33+00:00","dateModified":"2026-04-01T08:04:46+00:00","breadcrumb":{"@id":"https:\/\/www.hosgreta.se\/shop\/produkt\/koffeinfri-earl-grey-by-ditte-svanfeldt-te\/#breadcrumb"},"inLanguage":"sv-SE","potentialAction":[{"@type":"ReadAction","target":["https:\/\/www.hosgreta.se\/shop\/produkt\/koffeinfri-earl-grey-by-ditte-svanfeldt-te\/"]}]},{"@type":"ImageObject","inLanguage":"sv-SE","@id":"https:\/\/www.hosgreta.se\/shop\/produkt\/koffeinfri-earl-grey-by-ditte-svanfeldt-te\/#primaryimage","url":"https:\/\/www.hosgreta.se\/shop\/wp-content\/uploads\/2025\/05\/Koffeinfri-Earl-Grey-By-Ditte-Svanfeldt-Te-1.jpg","contentUrl":"https:\/\/www.hosgreta.se\/shop\/wp-content\/uploads\/2025\/05\/Koffeinfri-Earl-Grey-By-Ditte-Svanfeldt-Te-1.jpg","width":600,"height":600,"caption":"Koffeinfri Earl Grey By Ditte Svanfeldt Te"},{"@type":"BreadcrumbList","@id":"https:\/\/www.hosgreta.se\/shop\/produkt\/koffeinfri-earl-grey-by-ditte-svanfeldt-te\/#breadcrumb","itemListElement":[{"@type":"ListItem","position":1,"name":"Hem","item":"https:\/\/www.hosgreta.se\/shop\/"},{"@type":"ListItem","position":2,"name":"Shop","item":"https:\/\/www.hosgreta.se\/shop\/shop\/"},{"@type":"ListItem","position":3,"name":"Koffeinfri Earl Grey By Ditte Svanfeldt Te"}]},{"@type":"WebSite","@id":"https:\/\/www.hosgreta.se\/shop\/#website","url":"https:\/\/www.hosgreta.se\/shop\/","name":"Hos Greta","description":"Vi v\u00e4ljer ut v\u00e5ra varum\u00e4rken med stor omsorg.","publisher":{"@id":"https:\/\/www.hosgreta.se\/shop\/#organization"},"potentialAction":[{"@type":"SearchAction","target":{"@type":"EntryPoint","urlTemplate":"https:\/\/www.hosgreta.se\/shop\/?s={search_term_string}"},"query-input":{"@type":"PropertyValueSpecification","valueRequired":true,"valueName":"search_term_string"}}],"inLanguage":"sv-SE"},{"@type":"Organization","@id":"https:\/\/www.hosgreta.se\/shop\/#organization","name":"Hos Greta","url":"https:\/\/www.hosgreta.se\/shop\/","logo":{"@type":"ImageObject","inLanguage":"sv-SE","@id":"https:\/\/www.hosgreta.se\/shop\/#\/schema\/logo\/image\/","url":"https:\/\/www.hosgreta.se\/shop\/wp-content\/uploads\/2018\/03\/Logo_HosGreta_svart.png","contentUrl":"https:\/\/www.hosgreta.se\/shop\/wp-content\/uploads\/2018\/03\/Logo_HosGreta_svart.png","width":851,"height":851,"caption":"Hos Greta"},"image":{"@id":"https:\/\/www.hosgreta.se\/shop\/#\/schema\/logo\/image\/"},"sameAs":["https:\/\/www.facebook.com\/hosgreta","https:\/\/www.instagram.com\/hosgreta"]}]}},"kroconnect":{"tax_rate":6,"price_inc_vat":{"regular_price":93.69},"price_ex_vat":{"regular_price":88.386792}},"brands":[{"id":317,"name":"Svanfeldts Coffee","slug":"svanfeldts-coffee"}],"_links":{"self":[{"href":"https:\/\/www.hosgreta.se\/shop\/wp-json\/wp\/v2\/product\/385140","targetHints":{"allow":["GET"]}}],"collection":[{"href":"https:\/\/www.hosgreta.se\/shop\/wp-json\/wp\/v2\/product"}],"about":[{"href":"https:\/\/www.hosgreta.se\/shop\/wp-json\/wp\/v2\/types\/product"}],"replies":[{"embeddable":true,"href":"https:\/\/www.hosgreta.se\/shop\/wp-json\/wp\/v2\/comments?post=385140"}],"wp:featuredmedia":[{"embeddable":true,"href":"https:\/\/www.hosgreta.se\/shop\/wp-json\/wp\/v2\/media\/385357"}],"wp:attachment":[{"href":"https:\/\/www.hosgreta.se\/shop\/wp-json\/wp\/v2\/media?parent=385140"}],"wp:term":[{"taxonomy":"pwb-brand","embeddable":true,"href":"https:\/\/www.hosgreta.se\/shop\/wp-json\/wp\/v2\/pwb-brand?post=385140"},{"taxonomy":"product_brand","embeddable":true,"href":"https:\/\/www.hosgreta.se\/shop\/wp-json\/wp\/v2\/product_brand?post=385140"},{"taxonomy":"product_cat","embeddable":true,"href":"https:\/\/www.hosgreta.se\/shop\/wp-json\/wp\/v2\/product_cat?post=385140"},{"taxonomy":"product_tag","embeddable":true,"href":"https:\/\/www.hosgreta.se\/shop\/wp-json\/wp\/v2\/product_tag?post=385140"}],"curies":[{"name":"wp","href":"https:\/\/api.w.org\/{rel}","templated":true}]}}