{"id":385243,"date":"2025-06-26T12:45:17","date_gmt":"2025-06-26T10:45:17","guid":{"rendered":"https:\/\/www.hosgreta.se\/shop\/?post_type=product&#038;p=385243"},"modified":"2026-04-09T11:25:10","modified_gmt":"2026-04-09T09:25:10","slug":"lakrids-lovers-crisped-up-vanilla","status":"publish","type":"product","link":"https:\/\/www.hosgreta.se\/shop\/produkt\/lakrids-lovers-crisped-up-vanilla\/","title":{"rendered":"Lakrids Lovers Crisped Up Vanilla"},"content":{"rendered":"<p>280 g<br \/>\nGluten- och gelatinfritt, B\u00fclows lakrits \u00e4r gjord p\u00e5 glutenfritt rismj\u00f6l<\/p>\n<p>Ingredienser: 53% hvid chokolade (mindst 26% kakaot\u00f8rstof) (EU)(sukker, kakaosm\u00f8r, s\u00f8dm\u00e6lks-\/helmj\u00f6lkpulver, emulgatorer (sojalecitin, lecitin), naturlig aroma), rismel\/rismj\u00f6l, sukker, 9% puffede ris (EU)(rismel\/rismj\u00f6l), invertsukkersirup, melasse, glukosesirup 2% r\u00e5lakrids (ikke-EU), rapsolie, salt, overfladebehandlingsmiddel\/ytbehandlingsmedel: shellak, naturlige aromaer, vaniljepulver. Mindst 26 % kakaot\u00f8rstof.<br \/>\nSkyddas mot v\u00e4rme och fukt.<\/p>\n","protected":false},"excerpt":{"rendered":"<p>Crisped Up Vanilla inneh\u00e5ller Lakrids by B\u00fclows signaturlakrits \u00f6verdragen med kr\u00e4mig vit choklad, berikad med den aromatiska essensen av Madagascar Bourbon Vanilla. Tillsatsen av puffat ris ger ett h\u00e4rligt krisp som kompletterar chokladens lena konsistens. Resultatet \u00e4r en ljuvlig kombination av kr\u00e4migt och krispigt, med en balanserad smakprofil av s\u00f6tt och lakritsens distinkta intensitet \u2013 en riktigt njutbar godbit f\u00f6r b\u00e5de lakritsentusiaster och nyfikna nyb\u00f6rjare.<\/p>\n<p>Lakrids Lovers &#8211; smaker produceras i ett begr\u00e4nsat antal, f\u00f6r att testa smaken ute i butikerna och f\u00e5 feedback fr\u00e5n er kunder innan de best\u00e4mmer om den ska produceras i st\u00f6rre skala fram\u00f6ver.<br \/>\nVia QR koden p\u00e5 burken kan du dela din \u00e5sikt om smaken och direkt vara med och p\u00e5verka.<\/p>\n","protected":false},"featured_media":385245,"comment_status":"closed","ping_status":"closed","template":"","meta":[],"pwb-brand":[175],"product_brand":[],"product_cat":[72,73],"product_tag":[],"class_list":{"0":"post-385243","1":"product","2":"type-product","3":"status-publish","4":"has-post-thumbnail","6":"pwb-brand-lakrids-by-johan-bulow","7":"product_cat-atbart","8":"product_cat-laktrits","10":"first","11":"outofstock","12":"taxable","13":"shipping-taxable","14":"purchasable","15":"product-type-simple"},"yoast_head":"<!-- This site is optimized with the Yoast SEO plugin v27.4 - https:\/\/yoast.com\/product\/yoast-seo-wordpress\/ -->\n<title>Lakrids Lovers Crisped Up Vanilla - Hos Greta<\/title>\n<meta name=\"robots\" content=\"index, follow, max-snippet:-1, max-image-preview:large, max-video-preview:-1\" \/>\n<link rel=\"canonical\" href=\"https:\/\/www.hosgreta.se\/shop\/produkt\/lakrids-lovers-crisped-up-vanilla\/\" \/>\n<meta property=\"og:locale\" content=\"sv_SE\" \/>\n<meta property=\"og:type\" content=\"article\" \/>\n<meta property=\"og:title\" content=\"Lakrids Lovers Crisped Up Vanilla - Hos Greta\" \/>\n<meta property=\"og:description\" content=\"Crisped Up Vanilla inneh\u00e5ller Lakrids by B\u00fclows signaturlakrits \u00f6verdragen med kr\u00e4mig vit choklad, berikad med den aromatiska essensen av Madagascar Bourbon Vanilla. Tillsatsen av puffat ris ger ett h\u00e4rligt krisp som kompletterar chokladens lena konsistens. Resultatet \u00e4r en ljuvlig kombination av kr\u00e4migt och krispigt, med en balanserad smakprofil av s\u00f6tt och lakritsens distinkta intensitet \u2013 en riktigt njutbar godbit f\u00f6r b\u00e5de lakritsentusiaster och nyfikna nyb\u00f6rjare.  Lakrids Lovers - smaker produceras i ett begr\u00e4nsat antal, f\u00f6r att testa smaken ute i butikerna och f\u00e5 feedback fr\u00e5n er kunder innan de best\u00e4mmer om den ska produceras i st\u00f6rre skala fram\u00f6ver.  Via QR koden p\u00e5 burken kan du dela din \u00e5sikt om smaken och direkt vara med och p\u00e5verka.\" \/>\n<meta property=\"og:url\" content=\"https:\/\/www.hosgreta.se\/shop\/produkt\/lakrids-lovers-crisped-up-vanilla\/\" \/>\n<meta property=\"og:site_name\" content=\"Hos Greta\" \/>\n<meta property=\"article:publisher\" content=\"https:\/\/www.facebook.com\/hosgreta\" \/>\n<meta property=\"article:modified_time\" content=\"2026-04-09T09:25:10+00:00\" \/>\n<meta property=\"og:image\" content=\"https:\/\/www.hosgreta.se\/shop\/wp-content\/uploads\/2025\/06\/Lakrids-Lovers-Crisped-Up-Vanilla.png\" \/>\n\t<meta property=\"og:image:width\" content=\"800\" \/>\n\t<meta property=\"og:image:height\" content=\"800\" \/>\n\t<meta property=\"og:image:type\" content=\"image\/png\" \/>\n<meta name=\"twitter:card\" content=\"summary_large_image\" \/>\n<meta name=\"twitter:label1\" content=\"Ber\u00e4knad l\u00e4stid\" \/>\n\t<meta name=\"twitter:data1\" content=\"1 minut\" \/>\n<script type=\"application\/ld+json\" class=\"yoast-schema-graph\">{\"@context\":\"https:\\\/\\\/schema.org\",\"@graph\":[{\"@type\":\"WebPage\",\"@id\":\"https:\\\/\\\/www.hosgreta.se\\\/shop\\\/produkt\\\/lakrids-lovers-crisped-up-vanilla\\\/\",\"url\":\"https:\\\/\\\/www.hosgreta.se\\\/shop\\\/produkt\\\/lakrids-lovers-crisped-up-vanilla\\\/\",\"name\":\"Lakrids Lovers Crisped Up Vanilla - Hos Greta\",\"isPartOf\":{\"@id\":\"https:\\\/\\\/www.hosgreta.se\\\/shop\\\/#website\"},\"primaryImageOfPage\":{\"@id\":\"https:\\\/\\\/www.hosgreta.se\\\/shop\\\/produkt\\\/lakrids-lovers-crisped-up-vanilla\\\/#primaryimage\"},\"image\":{\"@id\":\"https:\\\/\\\/www.hosgreta.se\\\/shop\\\/produkt\\\/lakrids-lovers-crisped-up-vanilla\\\/#primaryimage\"},\"thumbnailUrl\":\"https:\\\/\\\/www.hosgreta.se\\\/shop\\\/wp-content\\\/uploads\\\/2025\\\/06\\\/Lakrids-Lovers-Crisped-Up-Vanilla.png\",\"datePublished\":\"2025-06-26T10:45:17+00:00\",\"dateModified\":\"2026-04-09T09:25:10+00:00\",\"breadcrumb\":{\"@id\":\"https:\\\/\\\/www.hosgreta.se\\\/shop\\\/produkt\\\/lakrids-lovers-crisped-up-vanilla\\\/#breadcrumb\"},\"inLanguage\":\"sv-SE\",\"potentialAction\":[{\"@type\":\"ReadAction\",\"target\":[\"https:\\\/\\\/www.hosgreta.se\\\/shop\\\/produkt\\\/lakrids-lovers-crisped-up-vanilla\\\/\"]}]},{\"@type\":\"ImageObject\",\"inLanguage\":\"sv-SE\",\"@id\":\"https:\\\/\\\/www.hosgreta.se\\\/shop\\\/produkt\\\/lakrids-lovers-crisped-up-vanilla\\\/#primaryimage\",\"url\":\"https:\\\/\\\/www.hosgreta.se\\\/shop\\\/wp-content\\\/uploads\\\/2025\\\/06\\\/Lakrids-Lovers-Crisped-Up-Vanilla.png\",\"contentUrl\":\"https:\\\/\\\/www.hosgreta.se\\\/shop\\\/wp-content\\\/uploads\\\/2025\\\/06\\\/Lakrids-Lovers-Crisped-Up-Vanilla.png\",\"width\":800,\"height\":800,\"caption\":\"Lakrids Lovers Crisped Up Vanilla\"},{\"@type\":\"BreadcrumbList\",\"@id\":\"https:\\\/\\\/www.hosgreta.se\\\/shop\\\/produkt\\\/lakrids-lovers-crisped-up-vanilla\\\/#breadcrumb\",\"itemListElement\":[{\"@type\":\"ListItem\",\"position\":1,\"name\":\"Hem\",\"item\":\"https:\\\/\\\/www.hosgreta.se\\\/shop\\\/\"},{\"@type\":\"ListItem\",\"position\":2,\"name\":\"Shop\",\"item\":\"https:\\\/\\\/www.hosgreta.se\\\/shop\\\/shop\\\/\"},{\"@type\":\"ListItem\",\"position\":3,\"name\":\"Lakrids Lovers Crisped Up Vanilla\"}]},{\"@type\":\"WebSite\",\"@id\":\"https:\\\/\\\/www.hosgreta.se\\\/shop\\\/#website\",\"url\":\"https:\\\/\\\/www.hosgreta.se\\\/shop\\\/\",\"name\":\"Hos Greta\",\"description\":\"Vi v\u00e4ljer ut v\u00e5ra varum\u00e4rken med stor omsorg.\",\"publisher\":{\"@id\":\"https:\\\/\\\/www.hosgreta.se\\\/shop\\\/#organization\"},\"potentialAction\":[{\"@type\":\"SearchAction\",\"target\":{\"@type\":\"EntryPoint\",\"urlTemplate\":\"https:\\\/\\\/www.hosgreta.se\\\/shop\\\/?s={search_term_string}\"},\"query-input\":{\"@type\":\"PropertyValueSpecification\",\"valueRequired\":true,\"valueName\":\"search_term_string\"}}],\"inLanguage\":\"sv-SE\"},{\"@type\":\"Organization\",\"@id\":\"https:\\\/\\\/www.hosgreta.se\\\/shop\\\/#organization\",\"name\":\"Hos Greta\",\"url\":\"https:\\\/\\\/www.hosgreta.se\\\/shop\\\/\",\"logo\":{\"@type\":\"ImageObject\",\"inLanguage\":\"sv-SE\",\"@id\":\"https:\\\/\\\/www.hosgreta.se\\\/shop\\\/#\\\/schema\\\/logo\\\/image\\\/\",\"url\":\"https:\\\/\\\/www.hosgreta.se\\\/shop\\\/wp-content\\\/uploads\\\/2018\\\/03\\\/Logo_HosGreta_svart.png\",\"contentUrl\":\"https:\\\/\\\/www.hosgreta.se\\\/shop\\\/wp-content\\\/uploads\\\/2018\\\/03\\\/Logo_HosGreta_svart.png\",\"width\":851,\"height\":851,\"caption\":\"Hos Greta\"},\"image\":{\"@id\":\"https:\\\/\\\/www.hosgreta.se\\\/shop\\\/#\\\/schema\\\/logo\\\/image\\\/\"},\"sameAs\":[\"https:\\\/\\\/www.facebook.com\\\/hosgreta\",\"https:\\\/\\\/www.instagram.com\\\/hosgreta\"]}]}<\/script>\n<!-- \/ Yoast SEO plugin. -->","yoast_head_json":{"title":"Lakrids Lovers Crisped Up Vanilla - Hos Greta","robots":{"index":"index","follow":"follow","max-snippet":"max-snippet:-1","max-image-preview":"max-image-preview:large","max-video-preview":"max-video-preview:-1"},"canonical":"https:\/\/www.hosgreta.se\/shop\/produkt\/lakrids-lovers-crisped-up-vanilla\/","og_locale":"sv_SE","og_type":"article","og_title":"Lakrids Lovers Crisped Up Vanilla - Hos Greta","og_description":"Crisped Up Vanilla inneh\u00e5ller Lakrids by B\u00fclows signaturlakrits \u00f6verdragen med kr\u00e4mig vit choklad, berikad med den aromatiska essensen av Madagascar Bourbon Vanilla. Tillsatsen av puffat ris ger ett h\u00e4rligt krisp som kompletterar chokladens lena konsistens. Resultatet \u00e4r en ljuvlig kombination av kr\u00e4migt och krispigt, med en balanserad smakprofil av s\u00f6tt och lakritsens distinkta intensitet \u2013 en riktigt njutbar godbit f\u00f6r b\u00e5de lakritsentusiaster och nyfikna nyb\u00f6rjare.  Lakrids Lovers - smaker produceras i ett begr\u00e4nsat antal, f\u00f6r att testa smaken ute i butikerna och f\u00e5 feedback fr\u00e5n er kunder innan de best\u00e4mmer om den ska produceras i st\u00f6rre skala fram\u00f6ver.  Via QR koden p\u00e5 burken kan du dela din \u00e5sikt om smaken och direkt vara med och p\u00e5verka.","og_url":"https:\/\/www.hosgreta.se\/shop\/produkt\/lakrids-lovers-crisped-up-vanilla\/","og_site_name":"Hos Greta","article_publisher":"https:\/\/www.facebook.com\/hosgreta","article_modified_time":"2026-04-09T09:25:10+00:00","og_image":[{"width":800,"height":800,"url":"https:\/\/www.hosgreta.se\/shop\/wp-content\/uploads\/2025\/06\/Lakrids-Lovers-Crisped-Up-Vanilla.png","type":"image\/png"}],"twitter_card":"summary_large_image","twitter_misc":{"Ber\u00e4knad l\u00e4stid":"1 minut"},"schema":{"@context":"https:\/\/schema.org","@graph":[{"@type":"WebPage","@id":"https:\/\/www.hosgreta.se\/shop\/produkt\/lakrids-lovers-crisped-up-vanilla\/","url":"https:\/\/www.hosgreta.se\/shop\/produkt\/lakrids-lovers-crisped-up-vanilla\/","name":"Lakrids Lovers Crisped Up Vanilla - Hos Greta","isPartOf":{"@id":"https:\/\/www.hosgreta.se\/shop\/#website"},"primaryImageOfPage":{"@id":"https:\/\/www.hosgreta.se\/shop\/produkt\/lakrids-lovers-crisped-up-vanilla\/#primaryimage"},"image":{"@id":"https:\/\/www.hosgreta.se\/shop\/produkt\/lakrids-lovers-crisped-up-vanilla\/#primaryimage"},"thumbnailUrl":"https:\/\/www.hosgreta.se\/shop\/wp-content\/uploads\/2025\/06\/Lakrids-Lovers-Crisped-Up-Vanilla.png","datePublished":"2025-06-26T10:45:17+00:00","dateModified":"2026-04-09T09:25:10+00:00","breadcrumb":{"@id":"https:\/\/www.hosgreta.se\/shop\/produkt\/lakrids-lovers-crisped-up-vanilla\/#breadcrumb"},"inLanguage":"sv-SE","potentialAction":[{"@type":"ReadAction","target":["https:\/\/www.hosgreta.se\/shop\/produkt\/lakrids-lovers-crisped-up-vanilla\/"]}]},{"@type":"ImageObject","inLanguage":"sv-SE","@id":"https:\/\/www.hosgreta.se\/shop\/produkt\/lakrids-lovers-crisped-up-vanilla\/#primaryimage","url":"https:\/\/www.hosgreta.se\/shop\/wp-content\/uploads\/2025\/06\/Lakrids-Lovers-Crisped-Up-Vanilla.png","contentUrl":"https:\/\/www.hosgreta.se\/shop\/wp-content\/uploads\/2025\/06\/Lakrids-Lovers-Crisped-Up-Vanilla.png","width":800,"height":800,"caption":"Lakrids Lovers Crisped Up Vanilla"},{"@type":"BreadcrumbList","@id":"https:\/\/www.hosgreta.se\/shop\/produkt\/lakrids-lovers-crisped-up-vanilla\/#breadcrumb","itemListElement":[{"@type":"ListItem","position":1,"name":"Hem","item":"https:\/\/www.hosgreta.se\/shop\/"},{"@type":"ListItem","position":2,"name":"Shop","item":"https:\/\/www.hosgreta.se\/shop\/shop\/"},{"@type":"ListItem","position":3,"name":"Lakrids Lovers Crisped Up Vanilla"}]},{"@type":"WebSite","@id":"https:\/\/www.hosgreta.se\/shop\/#website","url":"https:\/\/www.hosgreta.se\/shop\/","name":"Hos Greta","description":"Vi v\u00e4ljer ut v\u00e5ra varum\u00e4rken med stor omsorg.","publisher":{"@id":"https:\/\/www.hosgreta.se\/shop\/#organization"},"potentialAction":[{"@type":"SearchAction","target":{"@type":"EntryPoint","urlTemplate":"https:\/\/www.hosgreta.se\/shop\/?s={search_term_string}"},"query-input":{"@type":"PropertyValueSpecification","valueRequired":true,"valueName":"search_term_string"}}],"inLanguage":"sv-SE"},{"@type":"Organization","@id":"https:\/\/www.hosgreta.se\/shop\/#organization","name":"Hos Greta","url":"https:\/\/www.hosgreta.se\/shop\/","logo":{"@type":"ImageObject","inLanguage":"sv-SE","@id":"https:\/\/www.hosgreta.se\/shop\/#\/schema\/logo\/image\/","url":"https:\/\/www.hosgreta.se\/shop\/wp-content\/uploads\/2018\/03\/Logo_HosGreta_svart.png","contentUrl":"https:\/\/www.hosgreta.se\/shop\/wp-content\/uploads\/2018\/03\/Logo_HosGreta_svart.png","width":851,"height":851,"caption":"Hos Greta"},"image":{"@id":"https:\/\/www.hosgreta.se\/shop\/#\/schema\/logo\/image\/"},"sameAs":["https:\/\/www.facebook.com\/hosgreta","https:\/\/www.instagram.com\/hosgreta"]}]}},"kroconnect":{"tax_rate":6,"price_inc_vat":{"regular_price":174.11},"price_ex_vat":{"regular_price":164.25471700000003}},"brands":[{"id":175,"name":"Lakrids by Johan B\u00fclow","slug":"lakrids-by-johan-bulow"}],"_links":{"self":[{"href":"https:\/\/www.hosgreta.se\/shop\/wp-json\/wp\/v2\/product\/385243","targetHints":{"allow":["GET"]}}],"collection":[{"href":"https:\/\/www.hosgreta.se\/shop\/wp-json\/wp\/v2\/product"}],"about":[{"href":"https:\/\/www.hosgreta.se\/shop\/wp-json\/wp\/v2\/types\/product"}],"replies":[{"embeddable":true,"href":"https:\/\/www.hosgreta.se\/shop\/wp-json\/wp\/v2\/comments?post=385243"}],"wp:featuredmedia":[{"embeddable":true,"href":"https:\/\/www.hosgreta.se\/shop\/wp-json\/wp\/v2\/media\/385245"}],"wp:attachment":[{"href":"https:\/\/www.hosgreta.se\/shop\/wp-json\/wp\/v2\/media?parent=385243"}],"wp:term":[{"taxonomy":"pwb-brand","embeddable":true,"href":"https:\/\/www.hosgreta.se\/shop\/wp-json\/wp\/v2\/pwb-brand?post=385243"},{"taxonomy":"product_brand","embeddable":true,"href":"https:\/\/www.hosgreta.se\/shop\/wp-json\/wp\/v2\/product_brand?post=385243"},{"taxonomy":"product_cat","embeddable":true,"href":"https:\/\/www.hosgreta.se\/shop\/wp-json\/wp\/v2\/product_cat?post=385243"},{"taxonomy":"product_tag","embeddable":true,"href":"https:\/\/www.hosgreta.se\/shop\/wp-json\/wp\/v2\/product_tag?post=385243"}],"curies":[{"name":"wp","href":"https:\/\/api.w.org\/{rel}","templated":true}]}}