{"id":385407,"date":"2025-08-15T11:34:33","date_gmt":"2025-08-15T09:34:33","guid":{"rendered":"https:\/\/www.hosgreta.se\/shop\/?post_type=product&#038;p=385407"},"modified":"2026-04-01T10:04:45","modified_gmt":"2026-04-01T08:04:45","slug":"lakrids-lovers-cherry-sour","status":"publish","type":"product","link":"https:\/\/www.hosgreta.se\/shop\/produkt\/lakrids-lovers-cherry-sour\/","title":{"rendered":"Lakrids Lovers Cherry Sour"},"content":{"rendered":"<p>270 g<br \/>\nGluten- och gelatinfritt, B\u00fclows lakrits \u00e4r gjord p\u00e5 glutenfritt rismj\u00f6l<\/p>\n<p>Ingredienser: 54% hvid chokolade (mindst 26% kakaot\u00f8rstof) (EU)(sukker, kakaosm\u00f8r, s\u00f8dm\u00e6lks-\/helmj\u00f6lkpulver, emulgatorer (sojalecitin, lecitin), naturlig aroma), rismel\/rismj\u00f6l, sukker, invertsukkersirup, melasse, glukosesirup, 4% kirseb\u00e6r\/k\u00f6rsb\u00e4rjuicegranulat (EU), 2% r\u00e5lakrids (ikke-EU), syre: \u00e6blesyre, rapsolie, overfladebehandlingsmidler\/ytbehandlingsmedel (arabisk gummi, shellak), salt, kakaosm\u00f8r, naturlige aromaer.  <\/p>\n","protected":false},"excerpt":{"rendered":"<p>Cherry Sour kombinerar s\u00f6t lakrits omsluten av kr\u00e4mig vit choklad med krispigt k\u00f6rsb\u00e4rsgranulat vars l\u00e4tta spr\u00f6dhet ger en sensuell kontrast till den sammetslena konsistensen. S\u00f6tman fr\u00e5n solmogna k\u00f6rsb\u00e4r och den friska syran fr\u00e5n m\u00f6rka surk\u00f6rsb\u00e4r sm\u00e4lter samman i en harmonisk smakupplevelse som v\u00e4cker minnen av barndomens b\u00e4rplockning under soliga dagar. <\/p>\n<p>Lakrids Lovers &#8211; smaker produceras i ett begr\u00e4nsat antal, f\u00f6r att testa smaken ute i butikerna och f\u00e5 feedback fr\u00e5n er kunder innan de best\u00e4mmer om den ska produceras i st\u00f6rre skala fram\u00f6ver.<br \/>\nVia QR koden p\u00e5 burken kan du dela din \u00e5sikt om smaken och direkt vara med och p\u00e5verka.<\/p>\n","protected":false},"featured_media":385413,"comment_status":"closed","ping_status":"closed","template":"","meta":[],"pwb-brand":[175],"product_brand":[],"product_cat":[72,73],"product_tag":[],"class_list":{"0":"post-385407","1":"product","2":"type-product","3":"status-publish","4":"has-post-thumbnail","6":"pwb-brand-lakrids-by-johan-bulow","7":"product_cat-atbart","8":"product_cat-laktrits","10":"first","11":"outofstock","12":"taxable","13":"shipping-taxable","14":"purchasable","15":"product-type-simple"},"yoast_head":"<!-- This site is optimized with the Yoast SEO plugin v27.4 - https:\/\/yoast.com\/product\/yoast-seo-wordpress\/ -->\n<title>Lakrids Lovers Cherry Sour - Hos Greta<\/title>\n<meta name=\"robots\" content=\"index, follow, max-snippet:-1, max-image-preview:large, max-video-preview:-1\" \/>\n<link rel=\"canonical\" href=\"https:\/\/www.hosgreta.se\/shop\/produkt\/lakrids-lovers-cherry-sour\/\" \/>\n<meta property=\"og:locale\" content=\"sv_SE\" \/>\n<meta property=\"og:type\" content=\"article\" \/>\n<meta property=\"og:title\" content=\"Lakrids Lovers Cherry Sour - Hos Greta\" \/>\n<meta property=\"og:description\" content=\"Cherry Sour kombinerar s\u00f6t lakrits omsluten av kr\u00e4mig vit choklad med krispigt k\u00f6rsb\u00e4rsgranulat vars l\u00e4tta spr\u00f6dhet ger en sensuell kontrast till den sammetslena konsistensen. S\u00f6tman fr\u00e5n solmogna k\u00f6rsb\u00e4r och den friska syran fr\u00e5n m\u00f6rka surk\u00f6rsb\u00e4r sm\u00e4lter samman i en harmonisk smakupplevelse som v\u00e4cker minnen av barndomens b\u00e4rplockning under soliga dagar.   Lakrids Lovers - smaker produceras i ett begr\u00e4nsat antal, f\u00f6r att testa smaken ute i butikerna och f\u00e5 feedback fr\u00e5n er kunder innan de best\u00e4mmer om den ska produceras i st\u00f6rre skala fram\u00f6ver.  Via QR koden p\u00e5 burken kan du dela din \u00e5sikt om smaken och direkt vara med och p\u00e5verka.\" \/>\n<meta property=\"og:url\" content=\"https:\/\/www.hosgreta.se\/shop\/produkt\/lakrids-lovers-cherry-sour\/\" \/>\n<meta property=\"og:site_name\" content=\"Hos Greta\" \/>\n<meta property=\"article:publisher\" content=\"https:\/\/www.facebook.com\/hosgreta\" \/>\n<meta property=\"article:modified_time\" content=\"2026-04-01T08:04:45+00:00\" \/>\n<meta property=\"og:image\" content=\"https:\/\/www.hosgreta.se\/shop\/wp-content\/uploads\/2025\/08\/Lakrids-Lovers-Cherry-Sour.png\" \/>\n\t<meta property=\"og:image:width\" content=\"800\" \/>\n\t<meta property=\"og:image:height\" content=\"800\" \/>\n\t<meta property=\"og:image:type\" content=\"image\/png\" \/>\n<meta name=\"twitter:card\" content=\"summary_large_image\" \/>\n<meta name=\"twitter:label1\" content=\"Ber\u00e4knad l\u00e4stid\" \/>\n\t<meta name=\"twitter:data1\" content=\"1 minut\" \/>\n<script type=\"application\/ld+json\" class=\"yoast-schema-graph\">{\"@context\":\"https:\\\/\\\/schema.org\",\"@graph\":[{\"@type\":\"WebPage\",\"@id\":\"https:\\\/\\\/www.hosgreta.se\\\/shop\\\/produkt\\\/lakrids-lovers-cherry-sour\\\/\",\"url\":\"https:\\\/\\\/www.hosgreta.se\\\/shop\\\/produkt\\\/lakrids-lovers-cherry-sour\\\/\",\"name\":\"Lakrids Lovers Cherry Sour - Hos Greta\",\"isPartOf\":{\"@id\":\"https:\\\/\\\/www.hosgreta.se\\\/shop\\\/#website\"},\"primaryImageOfPage\":{\"@id\":\"https:\\\/\\\/www.hosgreta.se\\\/shop\\\/produkt\\\/lakrids-lovers-cherry-sour\\\/#primaryimage\"},\"image\":{\"@id\":\"https:\\\/\\\/www.hosgreta.se\\\/shop\\\/produkt\\\/lakrids-lovers-cherry-sour\\\/#primaryimage\"},\"thumbnailUrl\":\"https:\\\/\\\/www.hosgreta.se\\\/shop\\\/wp-content\\\/uploads\\\/2025\\\/08\\\/Lakrids-Lovers-Cherry-Sour.png\",\"datePublished\":\"2025-08-15T09:34:33+00:00\",\"dateModified\":\"2026-04-01T08:04:45+00:00\",\"breadcrumb\":{\"@id\":\"https:\\\/\\\/www.hosgreta.se\\\/shop\\\/produkt\\\/lakrids-lovers-cherry-sour\\\/#breadcrumb\"},\"inLanguage\":\"sv-SE\",\"potentialAction\":[{\"@type\":\"ReadAction\",\"target\":[\"https:\\\/\\\/www.hosgreta.se\\\/shop\\\/produkt\\\/lakrids-lovers-cherry-sour\\\/\"]}]},{\"@type\":\"ImageObject\",\"inLanguage\":\"sv-SE\",\"@id\":\"https:\\\/\\\/www.hosgreta.se\\\/shop\\\/produkt\\\/lakrids-lovers-cherry-sour\\\/#primaryimage\",\"url\":\"https:\\\/\\\/www.hosgreta.se\\\/shop\\\/wp-content\\\/uploads\\\/2025\\\/08\\\/Lakrids-Lovers-Cherry-Sour.png\",\"contentUrl\":\"https:\\\/\\\/www.hosgreta.se\\\/shop\\\/wp-content\\\/uploads\\\/2025\\\/08\\\/Lakrids-Lovers-Cherry-Sour.png\",\"width\":800,\"height\":800,\"caption\":\"Lakrids Lovers Cherry Sour\"},{\"@type\":\"BreadcrumbList\",\"@id\":\"https:\\\/\\\/www.hosgreta.se\\\/shop\\\/produkt\\\/lakrids-lovers-cherry-sour\\\/#breadcrumb\",\"itemListElement\":[{\"@type\":\"ListItem\",\"position\":1,\"name\":\"Hem\",\"item\":\"https:\\\/\\\/www.hosgreta.se\\\/shop\\\/\"},{\"@type\":\"ListItem\",\"position\":2,\"name\":\"Shop\",\"item\":\"https:\\\/\\\/www.hosgreta.se\\\/shop\\\/shop\\\/\"},{\"@type\":\"ListItem\",\"position\":3,\"name\":\"Lakrids Lovers Cherry Sour\"}]},{\"@type\":\"WebSite\",\"@id\":\"https:\\\/\\\/www.hosgreta.se\\\/shop\\\/#website\",\"url\":\"https:\\\/\\\/www.hosgreta.se\\\/shop\\\/\",\"name\":\"Hos Greta\",\"description\":\"Vi v\u00e4ljer ut v\u00e5ra varum\u00e4rken med stor omsorg.\",\"publisher\":{\"@id\":\"https:\\\/\\\/www.hosgreta.se\\\/shop\\\/#organization\"},\"potentialAction\":[{\"@type\":\"SearchAction\",\"target\":{\"@type\":\"EntryPoint\",\"urlTemplate\":\"https:\\\/\\\/www.hosgreta.se\\\/shop\\\/?s={search_term_string}\"},\"query-input\":{\"@type\":\"PropertyValueSpecification\",\"valueRequired\":true,\"valueName\":\"search_term_string\"}}],\"inLanguage\":\"sv-SE\"},{\"@type\":\"Organization\",\"@id\":\"https:\\\/\\\/www.hosgreta.se\\\/shop\\\/#organization\",\"name\":\"Hos Greta\",\"url\":\"https:\\\/\\\/www.hosgreta.se\\\/shop\\\/\",\"logo\":{\"@type\":\"ImageObject\",\"inLanguage\":\"sv-SE\",\"@id\":\"https:\\\/\\\/www.hosgreta.se\\\/shop\\\/#\\\/schema\\\/logo\\\/image\\\/\",\"url\":\"https:\\\/\\\/www.hosgreta.se\\\/shop\\\/wp-content\\\/uploads\\\/2018\\\/03\\\/Logo_HosGreta_svart.png\",\"contentUrl\":\"https:\\\/\\\/www.hosgreta.se\\\/shop\\\/wp-content\\\/uploads\\\/2018\\\/03\\\/Logo_HosGreta_svart.png\",\"width\":851,\"height\":851,\"caption\":\"Hos Greta\"},\"image\":{\"@id\":\"https:\\\/\\\/www.hosgreta.se\\\/shop\\\/#\\\/schema\\\/logo\\\/image\\\/\"},\"sameAs\":[\"https:\\\/\\\/www.facebook.com\\\/hosgreta\",\"https:\\\/\\\/www.instagram.com\\\/hosgreta\"]}]}<\/script>\n<!-- \/ Yoast SEO plugin. -->","yoast_head_json":{"title":"Lakrids Lovers Cherry Sour - Hos Greta","robots":{"index":"index","follow":"follow","max-snippet":"max-snippet:-1","max-image-preview":"max-image-preview:large","max-video-preview":"max-video-preview:-1"},"canonical":"https:\/\/www.hosgreta.se\/shop\/produkt\/lakrids-lovers-cherry-sour\/","og_locale":"sv_SE","og_type":"article","og_title":"Lakrids Lovers Cherry Sour - Hos Greta","og_description":"Cherry Sour kombinerar s\u00f6t lakrits omsluten av kr\u00e4mig vit choklad med krispigt k\u00f6rsb\u00e4rsgranulat vars l\u00e4tta spr\u00f6dhet ger en sensuell kontrast till den sammetslena konsistensen. S\u00f6tman fr\u00e5n solmogna k\u00f6rsb\u00e4r och den friska syran fr\u00e5n m\u00f6rka surk\u00f6rsb\u00e4r sm\u00e4lter samman i en harmonisk smakupplevelse som v\u00e4cker minnen av barndomens b\u00e4rplockning under soliga dagar.   Lakrids Lovers - smaker produceras i ett begr\u00e4nsat antal, f\u00f6r att testa smaken ute i butikerna och f\u00e5 feedback fr\u00e5n er kunder innan de best\u00e4mmer om den ska produceras i st\u00f6rre skala fram\u00f6ver.  Via QR koden p\u00e5 burken kan du dela din \u00e5sikt om smaken och direkt vara med och p\u00e5verka.","og_url":"https:\/\/www.hosgreta.se\/shop\/produkt\/lakrids-lovers-cherry-sour\/","og_site_name":"Hos Greta","article_publisher":"https:\/\/www.facebook.com\/hosgreta","article_modified_time":"2026-04-01T08:04:45+00:00","og_image":[{"width":800,"height":800,"url":"https:\/\/www.hosgreta.se\/shop\/wp-content\/uploads\/2025\/08\/Lakrids-Lovers-Cherry-Sour.png","type":"image\/png"}],"twitter_card":"summary_large_image","twitter_misc":{"Ber\u00e4knad l\u00e4stid":"1 minut"},"schema":{"@context":"https:\/\/schema.org","@graph":[{"@type":"WebPage","@id":"https:\/\/www.hosgreta.se\/shop\/produkt\/lakrids-lovers-cherry-sour\/","url":"https:\/\/www.hosgreta.se\/shop\/produkt\/lakrids-lovers-cherry-sour\/","name":"Lakrids Lovers Cherry Sour - Hos Greta","isPartOf":{"@id":"https:\/\/www.hosgreta.se\/shop\/#website"},"primaryImageOfPage":{"@id":"https:\/\/www.hosgreta.se\/shop\/produkt\/lakrids-lovers-cherry-sour\/#primaryimage"},"image":{"@id":"https:\/\/www.hosgreta.se\/shop\/produkt\/lakrids-lovers-cherry-sour\/#primaryimage"},"thumbnailUrl":"https:\/\/www.hosgreta.se\/shop\/wp-content\/uploads\/2025\/08\/Lakrids-Lovers-Cherry-Sour.png","datePublished":"2025-08-15T09:34:33+00:00","dateModified":"2026-04-01T08:04:45+00:00","breadcrumb":{"@id":"https:\/\/www.hosgreta.se\/shop\/produkt\/lakrids-lovers-cherry-sour\/#breadcrumb"},"inLanguage":"sv-SE","potentialAction":[{"@type":"ReadAction","target":["https:\/\/www.hosgreta.se\/shop\/produkt\/lakrids-lovers-cherry-sour\/"]}]},{"@type":"ImageObject","inLanguage":"sv-SE","@id":"https:\/\/www.hosgreta.se\/shop\/produkt\/lakrids-lovers-cherry-sour\/#primaryimage","url":"https:\/\/www.hosgreta.se\/shop\/wp-content\/uploads\/2025\/08\/Lakrids-Lovers-Cherry-Sour.png","contentUrl":"https:\/\/www.hosgreta.se\/shop\/wp-content\/uploads\/2025\/08\/Lakrids-Lovers-Cherry-Sour.png","width":800,"height":800,"caption":"Lakrids Lovers Cherry Sour"},{"@type":"BreadcrumbList","@id":"https:\/\/www.hosgreta.se\/shop\/produkt\/lakrids-lovers-cherry-sour\/#breadcrumb","itemListElement":[{"@type":"ListItem","position":1,"name":"Hem","item":"https:\/\/www.hosgreta.se\/shop\/"},{"@type":"ListItem","position":2,"name":"Shop","item":"https:\/\/www.hosgreta.se\/shop\/shop\/"},{"@type":"ListItem","position":3,"name":"Lakrids Lovers Cherry Sour"}]},{"@type":"WebSite","@id":"https:\/\/www.hosgreta.se\/shop\/#website","url":"https:\/\/www.hosgreta.se\/shop\/","name":"Hos Greta","description":"Vi v\u00e4ljer ut v\u00e5ra varum\u00e4rken med stor omsorg.","publisher":{"@id":"https:\/\/www.hosgreta.se\/shop\/#organization"},"potentialAction":[{"@type":"SearchAction","target":{"@type":"EntryPoint","urlTemplate":"https:\/\/www.hosgreta.se\/shop\/?s={search_term_string}"},"query-input":{"@type":"PropertyValueSpecification","valueRequired":true,"valueName":"search_term_string"}}],"inLanguage":"sv-SE"},{"@type":"Organization","@id":"https:\/\/www.hosgreta.se\/shop\/#organization","name":"Hos Greta","url":"https:\/\/www.hosgreta.se\/shop\/","logo":{"@type":"ImageObject","inLanguage":"sv-SE","@id":"https:\/\/www.hosgreta.se\/shop\/#\/schema\/logo\/image\/","url":"https:\/\/www.hosgreta.se\/shop\/wp-content\/uploads\/2018\/03\/Logo_HosGreta_svart.png","contentUrl":"https:\/\/www.hosgreta.se\/shop\/wp-content\/uploads\/2018\/03\/Logo_HosGreta_svart.png","width":851,"height":851,"caption":"Hos Greta"},"image":{"@id":"https:\/\/www.hosgreta.se\/shop\/#\/schema\/logo\/image\/"},"sameAs":["https:\/\/www.facebook.com\/hosgreta","https:\/\/www.instagram.com\/hosgreta"]}]}},"kroconnect":{"tax_rate":6,"price_inc_vat":{"regular_price":178.88},"price_ex_vat":{"regular_price":168.754717}},"brands":[{"id":175,"name":"Lakrids by Johan B\u00fclow","slug":"lakrids-by-johan-bulow"}],"_links":{"self":[{"href":"https:\/\/www.hosgreta.se\/shop\/wp-json\/wp\/v2\/product\/385407","targetHints":{"allow":["GET"]}}],"collection":[{"href":"https:\/\/www.hosgreta.se\/shop\/wp-json\/wp\/v2\/product"}],"about":[{"href":"https:\/\/www.hosgreta.se\/shop\/wp-json\/wp\/v2\/types\/product"}],"replies":[{"embeddable":true,"href":"https:\/\/www.hosgreta.se\/shop\/wp-json\/wp\/v2\/comments?post=385407"}],"wp:featuredmedia":[{"embeddable":true,"href":"https:\/\/www.hosgreta.se\/shop\/wp-json\/wp\/v2\/media\/385413"}],"wp:attachment":[{"href":"https:\/\/www.hosgreta.se\/shop\/wp-json\/wp\/v2\/media?parent=385407"}],"wp:term":[{"taxonomy":"pwb-brand","embeddable":true,"href":"https:\/\/www.hosgreta.se\/shop\/wp-json\/wp\/v2\/pwb-brand?post=385407"},{"taxonomy":"product_brand","embeddable":true,"href":"https:\/\/www.hosgreta.se\/shop\/wp-json\/wp\/v2\/product_brand?post=385407"},{"taxonomy":"product_cat","embeddable":true,"href":"https:\/\/www.hosgreta.se\/shop\/wp-json\/wp\/v2\/product_cat?post=385407"},{"taxonomy":"product_tag","embeddable":true,"href":"https:\/\/www.hosgreta.se\/shop\/wp-json\/wp\/v2\/product_tag?post=385407"}],"curies":[{"name":"wp","href":"https:\/\/api.w.org\/{rel}","templated":true}]}}