{"id":385523,"date":"2025-09-15T13:38:08","date_gmt":"2025-09-15T11:38:08","guid":{"rendered":"https:\/\/www.hosgreta.se\/shop\/?post_type=product&#038;p=385523"},"modified":"2026-04-18T13:05:29","modified_gmt":"2026-04-18T11:05:29","slug":"northern-woods-4-pack-doftljus","status":"publish","type":"product","link":"https:\/\/www.hosgreta.se\/shop\/produkt\/northern-woods-4-pack-doftljus\/","title":{"rendered":"Northern Woods 4-pack Doftljus"},"content":{"rendered":"<p>Brinntid +16 timmar per ljus<br \/>\nVikt 50 g x 4 ljus<br \/>\nBasr\u00e5vara 100 % vegetabiliskt sojavax<br \/>\nTillverkade i Sverige<\/p>\n<p>Alla doftljus \u00e4r omsorgsfullt handgjorda i fabriken i V\u00e4sterg\u00f6tland. Basr\u00e5varan \u00e4r 100% vegetabiliskt sojavax &#8211; \u00e4ven det tillverkat i Sverige. F\u00f6rpackningar \u00e4r producerade av \u00e5tervunnet material fr\u00e5n en lokal leverant\u00f6r med h\u00e5llbarhet i fokus. Etiketten runt glaset \u00e4r tillverkat i samma material f\u00f6r en enklare \u00e5tervinning och uppmuntran till \u00e5terbruk. Naturliga vax brinner l\u00e5ngsammare och vid l\u00e4gre temperaturer \u00e4n icke fossilfria motsvarigheter, som exempelvis paraffin. Dess l\u00e5ga sm\u00e4ltpunkt g\u00f6r det enkelt att diska ur beh\u00e5llaren f\u00f6r \u00e5teranv\u00e4ndning efter att ljuset har brunnit ut. Torplyktan \u00e4r stolta \u00f6ver att erbjuda h\u00f6gkvalitativa och h\u00e5llbara doftljus, som du kan njuta av l\u00e4nge och med ett gott samvete.<\/p>\n<p>Anv\u00e4ndning: L\u00e4mna aldrig ett t\u00e4nt ljus utan uppsikt och f\u00f6rvara ljuset utom r\u00e4ckh\u00e5ll f\u00f6r barn och husdjur. Placera ljuset p\u00e5 en plats fritt fr\u00e5n drag d\u00e5 drag kan medf\u00f6ra att vaxet sm\u00e4lter oj\u00e4mnt. St\u00e4ll alltid ljuset p\u00e5 ett v\u00e4rmet\u00e5ligt underlag eftersom beh\u00e5llaren kan komma att bli varm under anv\u00e4ndning. Trimma alltid veken innan varje anv\u00e4ndning och korta av veken om l\u00e5gan blir f\u00f6r stor. Var noga med att l\u00e5ta ljuset sm\u00e4lta ut till kanterna av beh\u00e5llaren under varje anv\u00e4ndning. Detta g\u00f6r att ljuset brinner j\u00e4mnt och risken f\u00f6r en s\u00e5 kallad \u201dtunnelbildning\u201d minskar.<\/p>\n","protected":false},"excerpt":{"rendered":"<p>Fr\u00e5n den djupa barrskogens friskhet till den mjuka mossans lugn, upplev alla fyra dofter fr\u00e5n Northern Woods i samma paket. Varje 50g ljus har en brinntid p\u00e5 drygt 16 timmar vilket ger en l\u00e5ngvarig och h\u00e4rlig doftupplevelse. L\u00e5t dofterna Barrskog, K\u00e5da, Mossa och Gl\u00e4nta fylla ditt hem med naturens lugn och harmoni. <\/p>\n<p>Barrskog &#8211; Tydliga inslag av gran och tall f\u00e5ngar tr\u00e4ets friska och livfulla toner.<br \/>\nK\u00e5da &#8211; En harmonisk doft av skog med frisk citrus och tr\u00e4iga noter.<br \/>\nMossa &#8211; I denna doft kan du vila tack vare mjuk pinjen\u00f6t, patchouli och cedertr\u00e4.<br \/>\nGl\u00e4nta &#8211; En fyllig doft med cedar, vetiver och sandeltr\u00e4 med inslag av bergamot och \u00e4pple.<\/p>\n","protected":false},"featured_media":385524,"comment_status":"closed","ping_status":"closed","template":"","meta":[],"pwb-brand":[318],"product_brand":[],"product_cat":[171,74],"product_tag":[],"class_list":{"0":"post-385523","1":"product","2":"type-product","3":"status-publish","4":"has-post-thumbnail","6":"pwb-brand-torplyktan","7":"product_cat-doftljus","8":"product_cat-inredning","10":"first","11":"outofstock","12":"taxable","13":"shipping-taxable","14":"purchasable","15":"product-type-simple"},"yoast_head":"<!-- This site is optimized with the Yoast SEO plugin v27.5 - https:\/\/yoast.com\/product\/yoast-seo-wordpress\/ -->\n<title>Northern Woods 4-pack Doftljus - Hos Greta<\/title>\n<meta name=\"robots\" content=\"index, follow, max-snippet:-1, max-image-preview:large, max-video-preview:-1\" \/>\n<link rel=\"canonical\" href=\"https:\/\/www.hosgreta.se\/shop\/produkt\/northern-woods-4-pack-doftljus\/\" \/>\n<meta property=\"og:locale\" content=\"sv_SE\" \/>\n<meta property=\"og:type\" content=\"article\" \/>\n<meta property=\"og:title\" content=\"Northern Woods 4-pack Doftljus - Hos Greta\" \/>\n<meta property=\"og:description\" content=\"Fr\u00e5n den djupa barrskogens friskhet till den mjuka mossans lugn, upplev alla fyra dofter fr\u00e5n Northern Woods i samma paket. Varje 50g ljus har en brinntid p\u00e5 drygt 16 timmar vilket ger en l\u00e5ngvarig och h\u00e4rlig doftupplevelse. L\u00e5t dofterna Barrskog, K\u00e5da, Mossa och Gl\u00e4nta fylla ditt hem med naturens lugn och harmoni.   Barrskog - Tydliga inslag av gran och tall f\u00e5ngar tr\u00e4ets friska och livfulla toner.  K\u00e5da - En harmonisk doft av skog med frisk citrus och tr\u00e4iga noter.  Mossa - I denna doft kan du vila tack vare mjuk pinjen\u00f6t, patchouli och cedertr\u00e4.  Gl\u00e4nta - En fyllig doft med cedar, vetiver och sandeltr\u00e4 med inslag av bergamot och \u00e4pple.\" \/>\n<meta property=\"og:url\" content=\"https:\/\/www.hosgreta.se\/shop\/produkt\/northern-woods-4-pack-doftljus\/\" \/>\n<meta property=\"og:site_name\" content=\"Hos Greta\" \/>\n<meta property=\"article:publisher\" content=\"https:\/\/www.facebook.com\/hosgreta\" \/>\n<meta property=\"article:modified_time\" content=\"2026-04-18T11:05:29+00:00\" \/>\n<meta property=\"og:image\" content=\"https:\/\/www.hosgreta.se\/shop\/wp-content\/uploads\/2025\/09\/Northern-Woods-4-pack-Doftljus.jpg\" \/>\n\t<meta property=\"og:image:width\" content=\"800\" \/>\n\t<meta property=\"og:image:height\" content=\"800\" \/>\n\t<meta property=\"og:image:type\" content=\"image\/jpeg\" \/>\n<meta name=\"twitter:card\" content=\"summary_large_image\" \/>\n<meta name=\"twitter:label1\" content=\"Ber\u00e4knad l\u00e4stid\" \/>\n\t<meta name=\"twitter:data1\" content=\"2 minuter\" \/>\n<script type=\"application\/ld+json\" class=\"yoast-schema-graph\">{\"@context\":\"https:\\\/\\\/schema.org\",\"@graph\":[{\"@type\":\"WebPage\",\"@id\":\"https:\\\/\\\/www.hosgreta.se\\\/shop\\\/produkt\\\/northern-woods-4-pack-doftljus\\\/\",\"url\":\"https:\\\/\\\/www.hosgreta.se\\\/shop\\\/produkt\\\/northern-woods-4-pack-doftljus\\\/\",\"name\":\"Northern Woods 4-pack Doftljus - Hos Greta\",\"isPartOf\":{\"@id\":\"https:\\\/\\\/www.hosgreta.se\\\/shop\\\/#website\"},\"primaryImageOfPage\":{\"@id\":\"https:\\\/\\\/www.hosgreta.se\\\/shop\\\/produkt\\\/northern-woods-4-pack-doftljus\\\/#primaryimage\"},\"image\":{\"@id\":\"https:\\\/\\\/www.hosgreta.se\\\/shop\\\/produkt\\\/northern-woods-4-pack-doftljus\\\/#primaryimage\"},\"thumbnailUrl\":\"https:\\\/\\\/www.hosgreta.se\\\/shop\\\/wp-content\\\/uploads\\\/2025\\\/09\\\/Northern-Woods-4-pack-Doftljus.jpg\",\"datePublished\":\"2025-09-15T11:38:08+00:00\",\"dateModified\":\"2026-04-18T11:05:29+00:00\",\"breadcrumb\":{\"@id\":\"https:\\\/\\\/www.hosgreta.se\\\/shop\\\/produkt\\\/northern-woods-4-pack-doftljus\\\/#breadcrumb\"},\"inLanguage\":\"sv-SE\",\"potentialAction\":[{\"@type\":\"ReadAction\",\"target\":[\"https:\\\/\\\/www.hosgreta.se\\\/shop\\\/produkt\\\/northern-woods-4-pack-doftljus\\\/\"]}]},{\"@type\":\"ImageObject\",\"inLanguage\":\"sv-SE\",\"@id\":\"https:\\\/\\\/www.hosgreta.se\\\/shop\\\/produkt\\\/northern-woods-4-pack-doftljus\\\/#primaryimage\",\"url\":\"https:\\\/\\\/www.hosgreta.se\\\/shop\\\/wp-content\\\/uploads\\\/2025\\\/09\\\/Northern-Woods-4-pack-Doftljus.jpg\",\"contentUrl\":\"https:\\\/\\\/www.hosgreta.se\\\/shop\\\/wp-content\\\/uploads\\\/2025\\\/09\\\/Northern-Woods-4-pack-Doftljus.jpg\",\"width\":800,\"height\":800,\"caption\":\"Northern Woods 4-pack Doftljus\"},{\"@type\":\"BreadcrumbList\",\"@id\":\"https:\\\/\\\/www.hosgreta.se\\\/shop\\\/produkt\\\/northern-woods-4-pack-doftljus\\\/#breadcrumb\",\"itemListElement\":[{\"@type\":\"ListItem\",\"position\":1,\"name\":\"Hem\",\"item\":\"https:\\\/\\\/www.hosgreta.se\\\/shop\\\/\"},{\"@type\":\"ListItem\",\"position\":2,\"name\":\"Shop\",\"item\":\"https:\\\/\\\/www.hosgreta.se\\\/shop\\\/shop\\\/\"},{\"@type\":\"ListItem\",\"position\":3,\"name\":\"Northern Woods 4-pack Doftljus\"}]},{\"@type\":\"WebSite\",\"@id\":\"https:\\\/\\\/www.hosgreta.se\\\/shop\\\/#website\",\"url\":\"https:\\\/\\\/www.hosgreta.se\\\/shop\\\/\",\"name\":\"Hos Greta\",\"description\":\"Vi v\u00e4ljer ut v\u00e5ra varum\u00e4rken med stor omsorg.\",\"publisher\":{\"@id\":\"https:\\\/\\\/www.hosgreta.se\\\/shop\\\/#organization\"},\"potentialAction\":[{\"@type\":\"SearchAction\",\"target\":{\"@type\":\"EntryPoint\",\"urlTemplate\":\"https:\\\/\\\/www.hosgreta.se\\\/shop\\\/?s={search_term_string}\"},\"query-input\":{\"@type\":\"PropertyValueSpecification\",\"valueRequired\":true,\"valueName\":\"search_term_string\"}}],\"inLanguage\":\"sv-SE\"},{\"@type\":\"Organization\",\"@id\":\"https:\\\/\\\/www.hosgreta.se\\\/shop\\\/#organization\",\"name\":\"Hos Greta\",\"url\":\"https:\\\/\\\/www.hosgreta.se\\\/shop\\\/\",\"logo\":{\"@type\":\"ImageObject\",\"inLanguage\":\"sv-SE\",\"@id\":\"https:\\\/\\\/www.hosgreta.se\\\/shop\\\/#\\\/schema\\\/logo\\\/image\\\/\",\"url\":\"https:\\\/\\\/www.hosgreta.se\\\/shop\\\/wp-content\\\/uploads\\\/2018\\\/03\\\/Logo_HosGreta_svart.png\",\"contentUrl\":\"https:\\\/\\\/www.hosgreta.se\\\/shop\\\/wp-content\\\/uploads\\\/2018\\\/03\\\/Logo_HosGreta_svart.png\",\"width\":851,\"height\":851,\"caption\":\"Hos Greta\"},\"image\":{\"@id\":\"https:\\\/\\\/www.hosgreta.se\\\/shop\\\/#\\\/schema\\\/logo\\\/image\\\/\"},\"sameAs\":[\"https:\\\/\\\/www.facebook.com\\\/hosgreta\",\"https:\\\/\\\/www.instagram.com\\\/hosgreta\"]}]}<\/script>\n<!-- \/ Yoast SEO plugin. -->","yoast_head_json":{"title":"Northern Woods 4-pack Doftljus - Hos Greta","robots":{"index":"index","follow":"follow","max-snippet":"max-snippet:-1","max-image-preview":"max-image-preview:large","max-video-preview":"max-video-preview:-1"},"canonical":"https:\/\/www.hosgreta.se\/shop\/produkt\/northern-woods-4-pack-doftljus\/","og_locale":"sv_SE","og_type":"article","og_title":"Northern Woods 4-pack Doftljus - Hos Greta","og_description":"Fr\u00e5n den djupa barrskogens friskhet till den mjuka mossans lugn, upplev alla fyra dofter fr\u00e5n Northern Woods i samma paket. Varje 50g ljus har en brinntid p\u00e5 drygt 16 timmar vilket ger en l\u00e5ngvarig och h\u00e4rlig doftupplevelse. L\u00e5t dofterna Barrskog, K\u00e5da, Mossa och Gl\u00e4nta fylla ditt hem med naturens lugn och harmoni.   Barrskog - Tydliga inslag av gran och tall f\u00e5ngar tr\u00e4ets friska och livfulla toner.  K\u00e5da - En harmonisk doft av skog med frisk citrus och tr\u00e4iga noter.  Mossa - I denna doft kan du vila tack vare mjuk pinjen\u00f6t, patchouli och cedertr\u00e4.  Gl\u00e4nta - En fyllig doft med cedar, vetiver och sandeltr\u00e4 med inslag av bergamot och \u00e4pple.","og_url":"https:\/\/www.hosgreta.se\/shop\/produkt\/northern-woods-4-pack-doftljus\/","og_site_name":"Hos Greta","article_publisher":"https:\/\/www.facebook.com\/hosgreta","article_modified_time":"2026-04-18T11:05:29+00:00","og_image":[{"width":800,"height":800,"url":"https:\/\/www.hosgreta.se\/shop\/wp-content\/uploads\/2025\/09\/Northern-Woods-4-pack-Doftljus.jpg","type":"image\/jpeg"}],"twitter_card":"summary_large_image","twitter_misc":{"Ber\u00e4knad l\u00e4stid":"2 minuter"},"schema":{"@context":"https:\/\/schema.org","@graph":[{"@type":"WebPage","@id":"https:\/\/www.hosgreta.se\/shop\/produkt\/northern-woods-4-pack-doftljus\/","url":"https:\/\/www.hosgreta.se\/shop\/produkt\/northern-woods-4-pack-doftljus\/","name":"Northern Woods 4-pack Doftljus - Hos Greta","isPartOf":{"@id":"https:\/\/www.hosgreta.se\/shop\/#website"},"primaryImageOfPage":{"@id":"https:\/\/www.hosgreta.se\/shop\/produkt\/northern-woods-4-pack-doftljus\/#primaryimage"},"image":{"@id":"https:\/\/www.hosgreta.se\/shop\/produkt\/northern-woods-4-pack-doftljus\/#primaryimage"},"thumbnailUrl":"https:\/\/www.hosgreta.se\/shop\/wp-content\/uploads\/2025\/09\/Northern-Woods-4-pack-Doftljus.jpg","datePublished":"2025-09-15T11:38:08+00:00","dateModified":"2026-04-18T11:05:29+00:00","breadcrumb":{"@id":"https:\/\/www.hosgreta.se\/shop\/produkt\/northern-woods-4-pack-doftljus\/#breadcrumb"},"inLanguage":"sv-SE","potentialAction":[{"@type":"ReadAction","target":["https:\/\/www.hosgreta.se\/shop\/produkt\/northern-woods-4-pack-doftljus\/"]}]},{"@type":"ImageObject","inLanguage":"sv-SE","@id":"https:\/\/www.hosgreta.se\/shop\/produkt\/northern-woods-4-pack-doftljus\/#primaryimage","url":"https:\/\/www.hosgreta.se\/shop\/wp-content\/uploads\/2025\/09\/Northern-Woods-4-pack-Doftljus.jpg","contentUrl":"https:\/\/www.hosgreta.se\/shop\/wp-content\/uploads\/2025\/09\/Northern-Woods-4-pack-Doftljus.jpg","width":800,"height":800,"caption":"Northern Woods 4-pack Doftljus"},{"@type":"BreadcrumbList","@id":"https:\/\/www.hosgreta.se\/shop\/produkt\/northern-woods-4-pack-doftljus\/#breadcrumb","itemListElement":[{"@type":"ListItem","position":1,"name":"Hem","item":"https:\/\/www.hosgreta.se\/shop\/"},{"@type":"ListItem","position":2,"name":"Shop","item":"https:\/\/www.hosgreta.se\/shop\/shop\/"},{"@type":"ListItem","position":3,"name":"Northern Woods 4-pack Doftljus"}]},{"@type":"WebSite","@id":"https:\/\/www.hosgreta.se\/shop\/#website","url":"https:\/\/www.hosgreta.se\/shop\/","name":"Hos Greta","description":"Vi v\u00e4ljer ut v\u00e5ra varum\u00e4rken med stor omsorg.","publisher":{"@id":"https:\/\/www.hosgreta.se\/shop\/#organization"},"potentialAction":[{"@type":"SearchAction","target":{"@type":"EntryPoint","urlTemplate":"https:\/\/www.hosgreta.se\/shop\/?s={search_term_string}"},"query-input":{"@type":"PropertyValueSpecification","valueRequired":true,"valueName":"search_term_string"}}],"inLanguage":"sv-SE"},{"@type":"Organization","@id":"https:\/\/www.hosgreta.se\/shop\/#organization","name":"Hos Greta","url":"https:\/\/www.hosgreta.se\/shop\/","logo":{"@type":"ImageObject","inLanguage":"sv-SE","@id":"https:\/\/www.hosgreta.se\/shop\/#\/schema\/logo\/image\/","url":"https:\/\/www.hosgreta.se\/shop\/wp-content\/uploads\/2018\/03\/Logo_HosGreta_svart.png","contentUrl":"https:\/\/www.hosgreta.se\/shop\/wp-content\/uploads\/2018\/03\/Logo_HosGreta_svart.png","width":851,"height":851,"caption":"Hos Greta"},"image":{"@id":"https:\/\/www.hosgreta.se\/shop\/#\/schema\/logo\/image\/"},"sameAs":["https:\/\/www.facebook.com\/hosgreta","https:\/\/www.instagram.com\/hosgreta"]}]}},"kroconnect":{"tax_rate":25,"price_inc_vat":{"regular_price":399},"price_ex_vat":{"regular_price":319.2}},"brands":[{"id":318,"name":"Torplyktan","slug":"torplyktan"}],"_links":{"self":[{"href":"https:\/\/www.hosgreta.se\/shop\/wp-json\/wp\/v2\/product\/385523","targetHints":{"allow":["GET"]}}],"collection":[{"href":"https:\/\/www.hosgreta.se\/shop\/wp-json\/wp\/v2\/product"}],"about":[{"href":"https:\/\/www.hosgreta.se\/shop\/wp-json\/wp\/v2\/types\/product"}],"replies":[{"embeddable":true,"href":"https:\/\/www.hosgreta.se\/shop\/wp-json\/wp\/v2\/comments?post=385523"}],"wp:featuredmedia":[{"embeddable":true,"href":"https:\/\/www.hosgreta.se\/shop\/wp-json\/wp\/v2\/media\/385524"}],"wp:attachment":[{"href":"https:\/\/www.hosgreta.se\/shop\/wp-json\/wp\/v2\/media?parent=385523"}],"wp:term":[{"taxonomy":"pwb-brand","embeddable":true,"href":"https:\/\/www.hosgreta.se\/shop\/wp-json\/wp\/v2\/pwb-brand?post=385523"},{"taxonomy":"product_brand","embeddable":true,"href":"https:\/\/www.hosgreta.se\/shop\/wp-json\/wp\/v2\/product_brand?post=385523"},{"taxonomy":"product_cat","embeddable":true,"href":"https:\/\/www.hosgreta.se\/shop\/wp-json\/wp\/v2\/product_cat?post=385523"},{"taxonomy":"product_tag","embeddable":true,"href":"https:\/\/www.hosgreta.se\/shop\/wp-json\/wp\/v2\/product_tag?post=385523"}],"curies":[{"name":"wp","href":"https:\/\/api.w.org\/{rel}","templated":true}]}}