{"id":385879,"date":"2025-11-14T22:09:54","date_gmt":"2025-11-14T21:09:54","guid":{"rendered":"https:\/\/www.hosgreta.se\/shop\/?post_type=product&#038;p=385879"},"modified":"2025-12-03T17:38:39","modified_gmt":"2025-12-03T16:38:39","slug":"maileg-mum-dad-mice-in-cigarbox-3","status":"publish","type":"product","link":"https:\/\/www.hosgreta.se\/shop\/produkt\/maileg-mum-dad-mice-in-cigarbox-3\/","title":{"rendered":"Maileg Mum &amp; Dad mice in cigarbox"},"content":{"rendered":"<p>Storlek: Mamma\/Pappa mus<br \/>\nM\u00e5tt: 16 cm<br \/>\nMaterial: Bomull, linne, papp<br \/>\nSk\u00f6tsel: Tv\u00e4ttas i 30 \u00b0C<br \/>\nRekommenderad \u00e5lder: +3 \u00e5r<\/p>\n","protected":false},"excerpt":{"rendered":"<p>Mamma och pappa m\u00f6ss har p\u00e5 sig sina vackra nattkl\u00e4der och \u00f6gonmasker. Cigarrl\u00e5dan \u00e4r en perfekt s\u00e4ng f\u00f6r en god natts s\u00f6mn och s\u00f6ta dr\u00f6mmar. S\u00e4nglinne kan variera i f\u00e4rg.<\/p>\n","protected":false},"featured_media":385961,"comment_status":"closed","ping_status":"closed","template":"","meta":[],"pwb-brand":[198],"product_brand":[],"product_cat":[75,150],"product_tag":[],"class_list":{"0":"post-385879","1":"product","2":"type-product","3":"status-publish","4":"has-post-thumbnail","6":"pwb-brand-maileg","7":"product_cat-barn","8":"product_cat-maileg","10":"first","11":"instock","12":"taxable","13":"shipping-taxable","14":"purchasable","15":"product-type-simple"},"yoast_head":"<!-- This site is optimized with the Yoast SEO plugin v27.4 - https:\/\/yoast.com\/product\/yoast-seo-wordpress\/ -->\n<title>Maileg Mum &amp; Dad mice in cigarbox - Hos Greta<\/title>\n<meta name=\"robots\" content=\"index, follow, max-snippet:-1, max-image-preview:large, max-video-preview:-1\" \/>\n<link rel=\"canonical\" href=\"https:\/\/www.hosgreta.se\/shop\/produkt\/maileg-mum-dad-mice-in-cigarbox-3\/\" \/>\n<meta property=\"og:locale\" content=\"sv_SE\" \/>\n<meta property=\"og:type\" content=\"article\" \/>\n<meta property=\"og:title\" content=\"Maileg Mum &amp; Dad mice in cigarbox - Hos Greta\" \/>\n<meta property=\"og:description\" content=\"Mamma och pappa m\u00f6ss har p\u00e5 sig sina vackra nattkl\u00e4der och \u00f6gonmasker. Cigarrl\u00e5dan \u00e4r en perfekt s\u00e4ng f\u00f6r en god natts s\u00f6mn och s\u00f6ta dr\u00f6mmar. S\u00e4nglinne kan variera i f\u00e4rg.\" \/>\n<meta property=\"og:url\" content=\"https:\/\/www.hosgreta.se\/shop\/produkt\/maileg-mum-dad-mice-in-cigarbox-3\/\" \/>\n<meta property=\"og:site_name\" content=\"Hos Greta\" \/>\n<meta property=\"article:publisher\" content=\"https:\/\/www.facebook.com\/hosgreta\" \/>\n<meta property=\"article:modified_time\" content=\"2025-12-03T16:38:39+00:00\" \/>\n<meta property=\"og:image\" content=\"https:\/\/www.hosgreta.se\/shop\/wp-content\/uploads\/2025\/11\/Maileg-Mum-Dad-mice-in-cigarbox.jpeg\" \/>\n\t<meta property=\"og:image:width\" content=\"800\" \/>\n\t<meta property=\"og:image:height\" content=\"800\" \/>\n\t<meta property=\"og:image:type\" content=\"image\/jpeg\" \/>\n<meta name=\"twitter:card\" content=\"summary_large_image\" \/>\n<script type=\"application\/ld+json\" class=\"yoast-schema-graph\">{\"@context\":\"https:\\\/\\\/schema.org\",\"@graph\":[{\"@type\":\"WebPage\",\"@id\":\"https:\\\/\\\/www.hosgreta.se\\\/shop\\\/produkt\\\/maileg-mum-dad-mice-in-cigarbox-3\\\/\",\"url\":\"https:\\\/\\\/www.hosgreta.se\\\/shop\\\/produkt\\\/maileg-mum-dad-mice-in-cigarbox-3\\\/\",\"name\":\"Maileg Mum &amp; Dad mice in cigarbox - Hos Greta\",\"isPartOf\":{\"@id\":\"https:\\\/\\\/www.hosgreta.se\\\/shop\\\/#website\"},\"primaryImageOfPage\":{\"@id\":\"https:\\\/\\\/www.hosgreta.se\\\/shop\\\/produkt\\\/maileg-mum-dad-mice-in-cigarbox-3\\\/#primaryimage\"},\"image\":{\"@id\":\"https:\\\/\\\/www.hosgreta.se\\\/shop\\\/produkt\\\/maileg-mum-dad-mice-in-cigarbox-3\\\/#primaryimage\"},\"thumbnailUrl\":\"https:\\\/\\\/www.hosgreta.se\\\/shop\\\/wp-content\\\/uploads\\\/2025\\\/11\\\/Maileg-Mum-Dad-mice-in-cigarbox.jpeg\",\"datePublished\":\"2025-11-14T21:09:54+00:00\",\"dateModified\":\"2025-12-03T16:38:39+00:00\",\"breadcrumb\":{\"@id\":\"https:\\\/\\\/www.hosgreta.se\\\/shop\\\/produkt\\\/maileg-mum-dad-mice-in-cigarbox-3\\\/#breadcrumb\"},\"inLanguage\":\"sv-SE\",\"potentialAction\":[{\"@type\":\"ReadAction\",\"target\":[\"https:\\\/\\\/www.hosgreta.se\\\/shop\\\/produkt\\\/maileg-mum-dad-mice-in-cigarbox-3\\\/\"]}]},{\"@type\":\"ImageObject\",\"inLanguage\":\"sv-SE\",\"@id\":\"https:\\\/\\\/www.hosgreta.se\\\/shop\\\/produkt\\\/maileg-mum-dad-mice-in-cigarbox-3\\\/#primaryimage\",\"url\":\"https:\\\/\\\/www.hosgreta.se\\\/shop\\\/wp-content\\\/uploads\\\/2025\\\/11\\\/Maileg-Mum-Dad-mice-in-cigarbox.jpeg\",\"contentUrl\":\"https:\\\/\\\/www.hosgreta.se\\\/shop\\\/wp-content\\\/uploads\\\/2025\\\/11\\\/Maileg-Mum-Dad-mice-in-cigarbox.jpeg\",\"width\":800,\"height\":800,\"caption\":\"Maileg Mum & Dad mice in cigarbox\"},{\"@type\":\"BreadcrumbList\",\"@id\":\"https:\\\/\\\/www.hosgreta.se\\\/shop\\\/produkt\\\/maileg-mum-dad-mice-in-cigarbox-3\\\/#breadcrumb\",\"itemListElement\":[{\"@type\":\"ListItem\",\"position\":1,\"name\":\"Hem\",\"item\":\"https:\\\/\\\/www.hosgreta.se\\\/shop\\\/\"},{\"@type\":\"ListItem\",\"position\":2,\"name\":\"Shop\",\"item\":\"https:\\\/\\\/www.hosgreta.se\\\/shop\\\/shop\\\/\"},{\"@type\":\"ListItem\",\"position\":3,\"name\":\"Maileg Mum &amp; Dad mice in cigarbox\"}]},{\"@type\":\"WebSite\",\"@id\":\"https:\\\/\\\/www.hosgreta.se\\\/shop\\\/#website\",\"url\":\"https:\\\/\\\/www.hosgreta.se\\\/shop\\\/\",\"name\":\"Hos Greta\",\"description\":\"Vi v\u00e4ljer ut v\u00e5ra varum\u00e4rken med stor omsorg.\",\"publisher\":{\"@id\":\"https:\\\/\\\/www.hosgreta.se\\\/shop\\\/#organization\"},\"potentialAction\":[{\"@type\":\"SearchAction\",\"target\":{\"@type\":\"EntryPoint\",\"urlTemplate\":\"https:\\\/\\\/www.hosgreta.se\\\/shop\\\/?s={search_term_string}\"},\"query-input\":{\"@type\":\"PropertyValueSpecification\",\"valueRequired\":true,\"valueName\":\"search_term_string\"}}],\"inLanguage\":\"sv-SE\"},{\"@type\":\"Organization\",\"@id\":\"https:\\\/\\\/www.hosgreta.se\\\/shop\\\/#organization\",\"name\":\"Hos Greta\",\"url\":\"https:\\\/\\\/www.hosgreta.se\\\/shop\\\/\",\"logo\":{\"@type\":\"ImageObject\",\"inLanguage\":\"sv-SE\",\"@id\":\"https:\\\/\\\/www.hosgreta.se\\\/shop\\\/#\\\/schema\\\/logo\\\/image\\\/\",\"url\":\"https:\\\/\\\/www.hosgreta.se\\\/shop\\\/wp-content\\\/uploads\\\/2018\\\/03\\\/Logo_HosGreta_svart.png\",\"contentUrl\":\"https:\\\/\\\/www.hosgreta.se\\\/shop\\\/wp-content\\\/uploads\\\/2018\\\/03\\\/Logo_HosGreta_svart.png\",\"width\":851,\"height\":851,\"caption\":\"Hos Greta\"},\"image\":{\"@id\":\"https:\\\/\\\/www.hosgreta.se\\\/shop\\\/#\\\/schema\\\/logo\\\/image\\\/\"},\"sameAs\":[\"https:\\\/\\\/www.facebook.com\\\/hosgreta\",\"https:\\\/\\\/www.instagram.com\\\/hosgreta\"]}]}<\/script>\n<!-- \/ Yoast SEO plugin. -->","yoast_head_json":{"title":"Maileg Mum &amp; Dad mice in cigarbox - Hos Greta","robots":{"index":"index","follow":"follow","max-snippet":"max-snippet:-1","max-image-preview":"max-image-preview:large","max-video-preview":"max-video-preview:-1"},"canonical":"https:\/\/www.hosgreta.se\/shop\/produkt\/maileg-mum-dad-mice-in-cigarbox-3\/","og_locale":"sv_SE","og_type":"article","og_title":"Maileg Mum &amp; Dad mice in cigarbox - Hos Greta","og_description":"Mamma och pappa m\u00f6ss har p\u00e5 sig sina vackra nattkl\u00e4der och \u00f6gonmasker. Cigarrl\u00e5dan \u00e4r en perfekt s\u00e4ng f\u00f6r en god natts s\u00f6mn och s\u00f6ta dr\u00f6mmar. S\u00e4nglinne kan variera i f\u00e4rg.","og_url":"https:\/\/www.hosgreta.se\/shop\/produkt\/maileg-mum-dad-mice-in-cigarbox-3\/","og_site_name":"Hos Greta","article_publisher":"https:\/\/www.facebook.com\/hosgreta","article_modified_time":"2025-12-03T16:38:39+00:00","og_image":[{"width":800,"height":800,"url":"https:\/\/www.hosgreta.se\/shop\/wp-content\/uploads\/2025\/11\/Maileg-Mum-Dad-mice-in-cigarbox.jpeg","type":"image\/jpeg"}],"twitter_card":"summary_large_image","schema":{"@context":"https:\/\/schema.org","@graph":[{"@type":"WebPage","@id":"https:\/\/www.hosgreta.se\/shop\/produkt\/maileg-mum-dad-mice-in-cigarbox-3\/","url":"https:\/\/www.hosgreta.se\/shop\/produkt\/maileg-mum-dad-mice-in-cigarbox-3\/","name":"Maileg Mum &amp; Dad mice in cigarbox - Hos Greta","isPartOf":{"@id":"https:\/\/www.hosgreta.se\/shop\/#website"},"primaryImageOfPage":{"@id":"https:\/\/www.hosgreta.se\/shop\/produkt\/maileg-mum-dad-mice-in-cigarbox-3\/#primaryimage"},"image":{"@id":"https:\/\/www.hosgreta.se\/shop\/produkt\/maileg-mum-dad-mice-in-cigarbox-3\/#primaryimage"},"thumbnailUrl":"https:\/\/www.hosgreta.se\/shop\/wp-content\/uploads\/2025\/11\/Maileg-Mum-Dad-mice-in-cigarbox.jpeg","datePublished":"2025-11-14T21:09:54+00:00","dateModified":"2025-12-03T16:38:39+00:00","breadcrumb":{"@id":"https:\/\/www.hosgreta.se\/shop\/produkt\/maileg-mum-dad-mice-in-cigarbox-3\/#breadcrumb"},"inLanguage":"sv-SE","potentialAction":[{"@type":"ReadAction","target":["https:\/\/www.hosgreta.se\/shop\/produkt\/maileg-mum-dad-mice-in-cigarbox-3\/"]}]},{"@type":"ImageObject","inLanguage":"sv-SE","@id":"https:\/\/www.hosgreta.se\/shop\/produkt\/maileg-mum-dad-mice-in-cigarbox-3\/#primaryimage","url":"https:\/\/www.hosgreta.se\/shop\/wp-content\/uploads\/2025\/11\/Maileg-Mum-Dad-mice-in-cigarbox.jpeg","contentUrl":"https:\/\/www.hosgreta.se\/shop\/wp-content\/uploads\/2025\/11\/Maileg-Mum-Dad-mice-in-cigarbox.jpeg","width":800,"height":800,"caption":"Maileg Mum & Dad mice in cigarbox"},{"@type":"BreadcrumbList","@id":"https:\/\/www.hosgreta.se\/shop\/produkt\/maileg-mum-dad-mice-in-cigarbox-3\/#breadcrumb","itemListElement":[{"@type":"ListItem","position":1,"name":"Hem","item":"https:\/\/www.hosgreta.se\/shop\/"},{"@type":"ListItem","position":2,"name":"Shop","item":"https:\/\/www.hosgreta.se\/shop\/shop\/"},{"@type":"ListItem","position":3,"name":"Maileg Mum &amp; Dad mice in cigarbox"}]},{"@type":"WebSite","@id":"https:\/\/www.hosgreta.se\/shop\/#website","url":"https:\/\/www.hosgreta.se\/shop\/","name":"Hos Greta","description":"Vi v\u00e4ljer ut v\u00e5ra varum\u00e4rken med stor omsorg.","publisher":{"@id":"https:\/\/www.hosgreta.se\/shop\/#organization"},"potentialAction":[{"@type":"SearchAction","target":{"@type":"EntryPoint","urlTemplate":"https:\/\/www.hosgreta.se\/shop\/?s={search_term_string}"},"query-input":{"@type":"PropertyValueSpecification","valueRequired":true,"valueName":"search_term_string"}}],"inLanguage":"sv-SE"},{"@type":"Organization","@id":"https:\/\/www.hosgreta.se\/shop\/#organization","name":"Hos Greta","url":"https:\/\/www.hosgreta.se\/shop\/","logo":{"@type":"ImageObject","inLanguage":"sv-SE","@id":"https:\/\/www.hosgreta.se\/shop\/#\/schema\/logo\/image\/","url":"https:\/\/www.hosgreta.se\/shop\/wp-content\/uploads\/2018\/03\/Logo_HosGreta_svart.png","contentUrl":"https:\/\/www.hosgreta.se\/shop\/wp-content\/uploads\/2018\/03\/Logo_HosGreta_svart.png","width":851,"height":851,"caption":"Hos Greta"},"image":{"@id":"https:\/\/www.hosgreta.se\/shop\/#\/schema\/logo\/image\/"},"sameAs":["https:\/\/www.facebook.com\/hosgreta","https:\/\/www.instagram.com\/hosgreta"]}]}},"kroconnect":{"tax_rate":25,"price_inc_vat":{"regular_price":530},"price_ex_vat":{"regular_price":424}},"brands":[{"id":198,"name":"Maileg","slug":"maileg"}],"_links":{"self":[{"href":"https:\/\/www.hosgreta.se\/shop\/wp-json\/wp\/v2\/product\/385879","targetHints":{"allow":["GET"]}}],"collection":[{"href":"https:\/\/www.hosgreta.se\/shop\/wp-json\/wp\/v2\/product"}],"about":[{"href":"https:\/\/www.hosgreta.se\/shop\/wp-json\/wp\/v2\/types\/product"}],"replies":[{"embeddable":true,"href":"https:\/\/www.hosgreta.se\/shop\/wp-json\/wp\/v2\/comments?post=385879"}],"wp:featuredmedia":[{"embeddable":true,"href":"https:\/\/www.hosgreta.se\/shop\/wp-json\/wp\/v2\/media\/385961"}],"wp:attachment":[{"href":"https:\/\/www.hosgreta.se\/shop\/wp-json\/wp\/v2\/media?parent=385879"}],"wp:term":[{"taxonomy":"pwb-brand","embeddable":true,"href":"https:\/\/www.hosgreta.se\/shop\/wp-json\/wp\/v2\/pwb-brand?post=385879"},{"taxonomy":"product_brand","embeddable":true,"href":"https:\/\/www.hosgreta.se\/shop\/wp-json\/wp\/v2\/product_brand?post=385879"},{"taxonomy":"product_cat","embeddable":true,"href":"https:\/\/www.hosgreta.se\/shop\/wp-json\/wp\/v2\/product_cat?post=385879"},{"taxonomy":"product_tag","embeddable":true,"href":"https:\/\/www.hosgreta.se\/shop\/wp-json\/wp\/v2\/product_tag?post=385879"}],"curies":[{"name":"wp","href":"https:\/\/api.w.org\/{rel}","templated":true}]}}