{"id":39062,"date":"2018-08-30T11:26:54","date_gmt":"2018-08-30T09:26:54","guid":{"rendered":"https:\/\/www.hosgreta.se\/shop\/produkt\/hinza-vaska-stor-mint\/"},"modified":"2025-09-24T17:46:47","modified_gmt":"2025-09-24T15:46:47","slug":"hinza-vaska-stor-mint","status":"publish","type":"product","link":"https:\/\/www.hosgreta.se\/shop\/produkt\/hinza-vaska-stor-mint\/","title":{"rendered":"Hinza V\u00e4ska Stor Mint"},"content":{"rendered":"<p>Storlek v\u00e4ska: 24x17x44 cm<br \/>Med handtag: 42x17x44 cm<br \/>Rymmer: 15 liter<br \/>Maxvikt: 15 kg<br \/>F\u00e4rg: Mint<br \/>Material: \u00c5tervinningsbar polyetenplast <br \/>Tillverkas i Hillerstorp, Sm\u00e5land<\/p>\n","protected":false},"excerpt":{"rendered":"<p>En Hinzav\u00e4ska \u00e4r s\u00e5 mycket mer \u00e4n bara en v\u00e4ska. Den klassiska stilrena formen i kombination med m\u00e4ngden anv\u00e4ndningsomr\u00e5den g\u00f6r att den passar in var som helst. Anv\u00e4nd den till aff\u00e4ren, som strandv\u00e4ska, picknickkorg, till tr\u00e4dg\u00e5rdsarbete eller f\u00f6rvaring. Det \u00e4r bara fantasin som s\u00e4tter gr\u00e4nserna. Hinzas v\u00e4skor st\u00e5r stabilt, \u00e4r stapelbara, t\u00e5liga och sk\u00f6na att b\u00e4ra. N\u00e4r de blir smutsiga sk\u00f6ljs de av med vatten. Funktionellt, snyggt och tidl\u00f6st. <\/p>\n","protected":false},"featured_media":45464,"comment_status":"closed","ping_status":"closed","template":"","meta":[],"pwb-brand":[217],"product_brand":[],"product_cat":[216],"product_tag":[],"class_list":{"0":"post-39062","1":"product","2":"type-product","3":"status-publish","4":"has-post-thumbnail","6":"pwb-brand-hinza","7":"product_cat-vaskor","9":"first","10":"outofstock","11":"taxable","12":"shipping-taxable","13":"purchasable","14":"product-type-simple"},"yoast_head":"<!-- This site is optimized with the Yoast SEO plugin v27.5 - https:\/\/yoast.com\/product\/yoast-seo-wordpress\/ -->\n<title>Hinza V\u00e4ska Stor Mint - Hos Greta<\/title>\n<meta name=\"robots\" content=\"index, follow, max-snippet:-1, max-image-preview:large, max-video-preview:-1\" \/>\n<link rel=\"canonical\" href=\"https:\/\/www.hosgreta.se\/shop\/produkt\/hinza-vaska-stor-mint\/\" \/>\n<meta property=\"og:locale\" content=\"sv_SE\" \/>\n<meta property=\"og:type\" content=\"article\" \/>\n<meta property=\"og:title\" content=\"Hinza V\u00e4ska Stor Mint - Hos Greta\" \/>\n<meta property=\"og:description\" content=\"En Hinzav\u00e4ska \u00e4r s\u00e5 mycket mer \u00e4n bara en v\u00e4ska. Den klassiska stilrena formen i kombination med m\u00e4ngden anv\u00e4ndningsomr\u00e5den g\u00f6r att den passar in var som helst. Anv\u00e4nd den till aff\u00e4ren, som strandv\u00e4ska, picknickkorg, till tr\u00e4dg\u00e5rdsarbete eller f\u00f6rvaring. Det \u00e4r bara fantasin som s\u00e4tter gr\u00e4nserna. Hinzas v\u00e4skor st\u00e5r stabilt, \u00e4r stapelbara, t\u00e5liga och sk\u00f6na att b\u00e4ra. N\u00e4r de blir smutsiga sk\u00f6ljs de av med vatten. Funktionellt, snyggt och tidl\u00f6st.\" \/>\n<meta property=\"og:url\" content=\"https:\/\/www.hosgreta.se\/shop\/produkt\/hinza-vaska-stor-mint\/\" \/>\n<meta property=\"og:site_name\" content=\"Hos Greta\" \/>\n<meta property=\"article:publisher\" content=\"https:\/\/www.facebook.com\/hosgreta\" \/>\n<meta property=\"article:modified_time\" content=\"2025-09-24T15:46:47+00:00\" \/>\n<meta property=\"og:image\" content=\"https:\/\/www.hosgreta.se\/shop\/wp-content\/uploads\/2018\/08\/Hinza-v\u00e4ska-stor-mint.jpg\" \/>\n\t<meta property=\"og:image:width\" content=\"800\" \/>\n\t<meta property=\"og:image:height\" content=\"800\" \/>\n\t<meta property=\"og:image:type\" content=\"image\/jpeg\" \/>\n<meta name=\"twitter:card\" content=\"summary_large_image\" \/>\n<script type=\"application\/ld+json\" class=\"yoast-schema-graph\">{\"@context\":\"https:\\\/\\\/schema.org\",\"@graph\":[{\"@type\":\"WebPage\",\"@id\":\"https:\\\/\\\/www.hosgreta.se\\\/shop\\\/produkt\\\/hinza-vaska-stor-mint\\\/\",\"url\":\"https:\\\/\\\/www.hosgreta.se\\\/shop\\\/produkt\\\/hinza-vaska-stor-mint\\\/\",\"name\":\"Hinza V\u00e4ska Stor Mint - Hos Greta\",\"isPartOf\":{\"@id\":\"https:\\\/\\\/www.hosgreta.se\\\/shop\\\/#website\"},\"primaryImageOfPage\":{\"@id\":\"https:\\\/\\\/www.hosgreta.se\\\/shop\\\/produkt\\\/hinza-vaska-stor-mint\\\/#primaryimage\"},\"image\":{\"@id\":\"https:\\\/\\\/www.hosgreta.se\\\/shop\\\/produkt\\\/hinza-vaska-stor-mint\\\/#primaryimage\"},\"thumbnailUrl\":\"https:\\\/\\\/www.hosgreta.se\\\/shop\\\/wp-content\\\/uploads\\\/2018\\\/08\\\/Hinza-v\u00e4ska-stor-mint.jpg\",\"datePublished\":\"2018-08-30T09:26:54+00:00\",\"dateModified\":\"2025-09-24T15:46:47+00:00\",\"breadcrumb\":{\"@id\":\"https:\\\/\\\/www.hosgreta.se\\\/shop\\\/produkt\\\/hinza-vaska-stor-mint\\\/#breadcrumb\"},\"inLanguage\":\"sv-SE\",\"potentialAction\":[{\"@type\":\"ReadAction\",\"target\":[\"https:\\\/\\\/www.hosgreta.se\\\/shop\\\/produkt\\\/hinza-vaska-stor-mint\\\/\"]}]},{\"@type\":\"ImageObject\",\"inLanguage\":\"sv-SE\",\"@id\":\"https:\\\/\\\/www.hosgreta.se\\\/shop\\\/produkt\\\/hinza-vaska-stor-mint\\\/#primaryimage\",\"url\":\"https:\\\/\\\/www.hosgreta.se\\\/shop\\\/wp-content\\\/uploads\\\/2018\\\/08\\\/Hinza-v\u00e4ska-stor-mint.jpg\",\"contentUrl\":\"https:\\\/\\\/www.hosgreta.se\\\/shop\\\/wp-content\\\/uploads\\\/2018\\\/08\\\/Hinza-v\u00e4ska-stor-mint.jpg\",\"width\":800,\"height\":800},{\"@type\":\"BreadcrumbList\",\"@id\":\"https:\\\/\\\/www.hosgreta.se\\\/shop\\\/produkt\\\/hinza-vaska-stor-mint\\\/#breadcrumb\",\"itemListElement\":[{\"@type\":\"ListItem\",\"position\":1,\"name\":\"Hem\",\"item\":\"https:\\\/\\\/www.hosgreta.se\\\/shop\\\/\"},{\"@type\":\"ListItem\",\"position\":2,\"name\":\"Shop\",\"item\":\"https:\\\/\\\/www.hosgreta.se\\\/shop\\\/shop\\\/\"},{\"@type\":\"ListItem\",\"position\":3,\"name\":\"Hinza V\u00e4ska Stor Mint\"}]},{\"@type\":\"WebSite\",\"@id\":\"https:\\\/\\\/www.hosgreta.se\\\/shop\\\/#website\",\"url\":\"https:\\\/\\\/www.hosgreta.se\\\/shop\\\/\",\"name\":\"Hos Greta\",\"description\":\"Vi v\u00e4ljer ut v\u00e5ra varum\u00e4rken med stor omsorg.\",\"publisher\":{\"@id\":\"https:\\\/\\\/www.hosgreta.se\\\/shop\\\/#organization\"},\"potentialAction\":[{\"@type\":\"SearchAction\",\"target\":{\"@type\":\"EntryPoint\",\"urlTemplate\":\"https:\\\/\\\/www.hosgreta.se\\\/shop\\\/?s={search_term_string}\"},\"query-input\":{\"@type\":\"PropertyValueSpecification\",\"valueRequired\":true,\"valueName\":\"search_term_string\"}}],\"inLanguage\":\"sv-SE\"},{\"@type\":\"Organization\",\"@id\":\"https:\\\/\\\/www.hosgreta.se\\\/shop\\\/#organization\",\"name\":\"Hos Greta\",\"url\":\"https:\\\/\\\/www.hosgreta.se\\\/shop\\\/\",\"logo\":{\"@type\":\"ImageObject\",\"inLanguage\":\"sv-SE\",\"@id\":\"https:\\\/\\\/www.hosgreta.se\\\/shop\\\/#\\\/schema\\\/logo\\\/image\\\/\",\"url\":\"https:\\\/\\\/www.hosgreta.se\\\/shop\\\/wp-content\\\/uploads\\\/2018\\\/03\\\/Logo_HosGreta_svart.png\",\"contentUrl\":\"https:\\\/\\\/www.hosgreta.se\\\/shop\\\/wp-content\\\/uploads\\\/2018\\\/03\\\/Logo_HosGreta_svart.png\",\"width\":851,\"height\":851,\"caption\":\"Hos Greta\"},\"image\":{\"@id\":\"https:\\\/\\\/www.hosgreta.se\\\/shop\\\/#\\\/schema\\\/logo\\\/image\\\/\"},\"sameAs\":[\"https:\\\/\\\/www.facebook.com\\\/hosgreta\",\"https:\\\/\\\/www.instagram.com\\\/hosgreta\"]}]}<\/script>\n<!-- \/ Yoast SEO plugin. -->","yoast_head_json":{"title":"Hinza V\u00e4ska Stor Mint - Hos Greta","robots":{"index":"index","follow":"follow","max-snippet":"max-snippet:-1","max-image-preview":"max-image-preview:large","max-video-preview":"max-video-preview:-1"},"canonical":"https:\/\/www.hosgreta.se\/shop\/produkt\/hinza-vaska-stor-mint\/","og_locale":"sv_SE","og_type":"article","og_title":"Hinza V\u00e4ska Stor Mint - Hos Greta","og_description":"En Hinzav\u00e4ska \u00e4r s\u00e5 mycket mer \u00e4n bara en v\u00e4ska. Den klassiska stilrena formen i kombination med m\u00e4ngden anv\u00e4ndningsomr\u00e5den g\u00f6r att den passar in var som helst. Anv\u00e4nd den till aff\u00e4ren, som strandv\u00e4ska, picknickkorg, till tr\u00e4dg\u00e5rdsarbete eller f\u00f6rvaring. Det \u00e4r bara fantasin som s\u00e4tter gr\u00e4nserna. Hinzas v\u00e4skor st\u00e5r stabilt, \u00e4r stapelbara, t\u00e5liga och sk\u00f6na att b\u00e4ra. N\u00e4r de blir smutsiga sk\u00f6ljs de av med vatten. Funktionellt, snyggt och tidl\u00f6st.","og_url":"https:\/\/www.hosgreta.se\/shop\/produkt\/hinza-vaska-stor-mint\/","og_site_name":"Hos Greta","article_publisher":"https:\/\/www.facebook.com\/hosgreta","article_modified_time":"2025-09-24T15:46:47+00:00","og_image":[{"width":800,"height":800,"url":"https:\/\/www.hosgreta.se\/shop\/wp-content\/uploads\/2018\/08\/Hinza-v\u00e4ska-stor-mint.jpg","type":"image\/jpeg"}],"twitter_card":"summary_large_image","schema":{"@context":"https:\/\/schema.org","@graph":[{"@type":"WebPage","@id":"https:\/\/www.hosgreta.se\/shop\/produkt\/hinza-vaska-stor-mint\/","url":"https:\/\/www.hosgreta.se\/shop\/produkt\/hinza-vaska-stor-mint\/","name":"Hinza V\u00e4ska Stor Mint - Hos Greta","isPartOf":{"@id":"https:\/\/www.hosgreta.se\/shop\/#website"},"primaryImageOfPage":{"@id":"https:\/\/www.hosgreta.se\/shop\/produkt\/hinza-vaska-stor-mint\/#primaryimage"},"image":{"@id":"https:\/\/www.hosgreta.se\/shop\/produkt\/hinza-vaska-stor-mint\/#primaryimage"},"thumbnailUrl":"https:\/\/www.hosgreta.se\/shop\/wp-content\/uploads\/2018\/08\/Hinza-v\u00e4ska-stor-mint.jpg","datePublished":"2018-08-30T09:26:54+00:00","dateModified":"2025-09-24T15:46:47+00:00","breadcrumb":{"@id":"https:\/\/www.hosgreta.se\/shop\/produkt\/hinza-vaska-stor-mint\/#breadcrumb"},"inLanguage":"sv-SE","potentialAction":[{"@type":"ReadAction","target":["https:\/\/www.hosgreta.se\/shop\/produkt\/hinza-vaska-stor-mint\/"]}]},{"@type":"ImageObject","inLanguage":"sv-SE","@id":"https:\/\/www.hosgreta.se\/shop\/produkt\/hinza-vaska-stor-mint\/#primaryimage","url":"https:\/\/www.hosgreta.se\/shop\/wp-content\/uploads\/2018\/08\/Hinza-v\u00e4ska-stor-mint.jpg","contentUrl":"https:\/\/www.hosgreta.se\/shop\/wp-content\/uploads\/2018\/08\/Hinza-v\u00e4ska-stor-mint.jpg","width":800,"height":800},{"@type":"BreadcrumbList","@id":"https:\/\/www.hosgreta.se\/shop\/produkt\/hinza-vaska-stor-mint\/#breadcrumb","itemListElement":[{"@type":"ListItem","position":1,"name":"Hem","item":"https:\/\/www.hosgreta.se\/shop\/"},{"@type":"ListItem","position":2,"name":"Shop","item":"https:\/\/www.hosgreta.se\/shop\/shop\/"},{"@type":"ListItem","position":3,"name":"Hinza V\u00e4ska Stor Mint"}]},{"@type":"WebSite","@id":"https:\/\/www.hosgreta.se\/shop\/#website","url":"https:\/\/www.hosgreta.se\/shop\/","name":"Hos Greta","description":"Vi v\u00e4ljer ut v\u00e5ra varum\u00e4rken med stor omsorg.","publisher":{"@id":"https:\/\/www.hosgreta.se\/shop\/#organization"},"potentialAction":[{"@type":"SearchAction","target":{"@type":"EntryPoint","urlTemplate":"https:\/\/www.hosgreta.se\/shop\/?s={search_term_string}"},"query-input":{"@type":"PropertyValueSpecification","valueRequired":true,"valueName":"search_term_string"}}],"inLanguage":"sv-SE"},{"@type":"Organization","@id":"https:\/\/www.hosgreta.se\/shop\/#organization","name":"Hos Greta","url":"https:\/\/www.hosgreta.se\/shop\/","logo":{"@type":"ImageObject","inLanguage":"sv-SE","@id":"https:\/\/www.hosgreta.se\/shop\/#\/schema\/logo\/image\/","url":"https:\/\/www.hosgreta.se\/shop\/wp-content\/uploads\/2018\/03\/Logo_HosGreta_svart.png","contentUrl":"https:\/\/www.hosgreta.se\/shop\/wp-content\/uploads\/2018\/03\/Logo_HosGreta_svart.png","width":851,"height":851,"caption":"Hos Greta"},"image":{"@id":"https:\/\/www.hosgreta.se\/shop\/#\/schema\/logo\/image\/"},"sameAs":["https:\/\/www.facebook.com\/hosgreta","https:\/\/www.instagram.com\/hosgreta"]}]}},"kroconnect":{"tax_rate":25,"price_inc_vat":{"regular_price":349},"price_ex_vat":{"regular_price":279.2}},"brands":[{"id":217,"name":"Hinza","slug":"hinza"}],"_links":{"self":[{"href":"https:\/\/www.hosgreta.se\/shop\/wp-json\/wp\/v2\/product\/39062","targetHints":{"allow":["GET"]}}],"collection":[{"href":"https:\/\/www.hosgreta.se\/shop\/wp-json\/wp\/v2\/product"}],"about":[{"href":"https:\/\/www.hosgreta.se\/shop\/wp-json\/wp\/v2\/types\/product"}],"replies":[{"embeddable":true,"href":"https:\/\/www.hosgreta.se\/shop\/wp-json\/wp\/v2\/comments?post=39062"}],"wp:featuredmedia":[{"embeddable":true,"href":"https:\/\/www.hosgreta.se\/shop\/wp-json\/wp\/v2\/media\/45464"}],"wp:attachment":[{"href":"https:\/\/www.hosgreta.se\/shop\/wp-json\/wp\/v2\/media?parent=39062"}],"wp:term":[{"taxonomy":"pwb-brand","embeddable":true,"href":"https:\/\/www.hosgreta.se\/shop\/wp-json\/wp\/v2\/pwb-brand?post=39062"},{"taxonomy":"product_brand","embeddable":true,"href":"https:\/\/www.hosgreta.se\/shop\/wp-json\/wp\/v2\/product_brand?post=39062"},{"taxonomy":"product_cat","embeddable":true,"href":"https:\/\/www.hosgreta.se\/shop\/wp-json\/wp\/v2\/product_cat?post=39062"},{"taxonomy":"product_tag","embeddable":true,"href":"https:\/\/www.hosgreta.se\/shop\/wp-json\/wp\/v2\/product_tag?post=39062"}],"curies":[{"name":"wp","href":"https:\/\/api.w.org\/{rel}","templated":true}]}}