{"id":5630,"date":"2018-04-09T12:36:31","date_gmt":"2018-04-09T10:36:31","guid":{"rendered":"https:\/\/www.hosgreta.se\/shop\/produkt\/birch-leaf-wall-hook\/"},"modified":"2019-09-24T11:37:26","modified_gmt":"2019-09-24T09:37:26","slug":"birch-leaf-wall-hook","status":"publish","type":"product","link":"https:\/\/www.hosgreta.se\/shop\/produkt\/birch-leaf-wall-hook\/","title":{"rendered":"V\u00e4ggkrok Bj\u00f6rkl\u00f6v, Printed Birch leaf Wall hook"},"content":{"rendered":"<p>Material: Ekfan\u00e9r<br \/>Enkel att montera. Skruv och Manual medf\u00f6ljer<\/p>\n","protected":false},"excerpt":{"rendered":"<p>V\u00e4ggkroken Birch leaf fr\u00e5n VaniMeli \u00e4r formad som ett bj\u00f6rkl\u00f6v och tar sin inspiration fr\u00e5n den vackra skandinaviska naturen. L\u00f6vet blir en snygg inredningsdetalj samtidigt som den g\u00f6r det enkelt att h\u00e4nga upp v\u00e4skan eller kl\u00e4derna &#8211; \u00e4ven f\u00f6r de sm\u00e5 h\u00e4nderna.<\/p>\n","protected":false},"featured_media":18058,"comment_status":"closed","ping_status":"closed","template":"","meta":[],"pwb-brand":[],"product_brand":[],"product_cat":[75,147,144],"product_tag":[],"class_list":{"0":"post-5630","1":"product","2":"type-product","3":"status-publish","4":"has-post-thumbnail","6":"product_cat-barn","7":"product_cat-dekorationer","8":"product_cat-inredning-barn","10":"first","11":"outofstock","12":"taxable","13":"shipping-taxable","14":"purchasable","15":"product-type-simple"},"yoast_head":"<!-- This site is optimized with the Yoast SEO plugin v27.4 - https:\/\/yoast.com\/product\/yoast-seo-wordpress\/ -->\n<title>Birch leaf Wall hook - V\u00e4ggkrok i form av ett Bj\u00f6rkl\u00f6v - Hos Greta<\/title>\n<meta name=\"description\" content=\"Birch leaf Wall hook. V\u00e4ggkrok i form av ett Bj\u00f6rkl\u00f6v. Tr\u00e4krokarna ifr\u00e5n VaniMeli \u00e4r inspirerade av den skandinaviska skogen med dess m\u00e5ngfald och vackra natur. De graverade krokarna \u00e4r tillverkade av ekfan\u00e9r i tidl\u00f6s och lekfulla form\" \/>\n<meta name=\"robots\" content=\"index, follow, max-snippet:-1, max-image-preview:large, max-video-preview:-1\" \/>\n<link rel=\"canonical\" href=\"https:\/\/www.hosgreta.se\/shop\/produkt\/birch-leaf-wall-hook\/\" \/>\n<meta property=\"og:locale\" content=\"sv_SE\" \/>\n<meta property=\"og:type\" content=\"article\" \/>\n<meta property=\"og:title\" content=\"Birch leaf Wall hook - V\u00e4ggkrok i form av ett Bj\u00f6rkl\u00f6v - Hos Greta\" \/>\n<meta property=\"og:description\" content=\"Birch leaf Wall hook. V\u00e4ggkrok i form av ett Bj\u00f6rkl\u00f6v. Tr\u00e4krokarna ifr\u00e5n VaniMeli \u00e4r inspirerade av den skandinaviska skogen med dess m\u00e5ngfald och vackra natur. De graverade krokarna \u00e4r tillverkade av ekfan\u00e9r i tidl\u00f6s och lekfulla form\" \/>\n<meta property=\"og:url\" content=\"https:\/\/www.hosgreta.se\/shop\/produkt\/birch-leaf-wall-hook\/\" \/>\n<meta property=\"og:site_name\" content=\"Hos Greta\" \/>\n<meta property=\"article:publisher\" content=\"https:\/\/www.facebook.com\/hosgreta\" \/>\n<meta property=\"article:modified_time\" content=\"2019-09-24T09:37:26+00:00\" \/>\n<meta property=\"og:image\" content=\"https:\/\/www.hosgreta.se\/shop\/wp-content\/uploads\/2018\/04\/Birch-leaf-Wall-hook.jpg\" \/>\n\t<meta property=\"og:image:width\" content=\"800\" \/>\n\t<meta property=\"og:image:height\" content=\"800\" \/>\n\t<meta property=\"og:image:type\" content=\"image\/jpeg\" \/>\n<meta name=\"twitter:card\" content=\"summary_large_image\" \/>\n<script type=\"application\/ld+json\" class=\"yoast-schema-graph\">{\"@context\":\"https:\\\/\\\/schema.org\",\"@graph\":[{\"@type\":\"WebPage\",\"@id\":\"https:\\\/\\\/www.hosgreta.se\\\/shop\\\/produkt\\\/birch-leaf-wall-hook\\\/\",\"url\":\"https:\\\/\\\/www.hosgreta.se\\\/shop\\\/produkt\\\/birch-leaf-wall-hook\\\/\",\"name\":\"Birch leaf Wall hook - V\u00e4ggkrok i form av ett Bj\u00f6rkl\u00f6v - Hos Greta\",\"isPartOf\":{\"@id\":\"https:\\\/\\\/www.hosgreta.se\\\/shop\\\/#website\"},\"primaryImageOfPage\":{\"@id\":\"https:\\\/\\\/www.hosgreta.se\\\/shop\\\/produkt\\\/birch-leaf-wall-hook\\\/#primaryimage\"},\"image\":{\"@id\":\"https:\\\/\\\/www.hosgreta.se\\\/shop\\\/produkt\\\/birch-leaf-wall-hook\\\/#primaryimage\"},\"thumbnailUrl\":\"https:\\\/\\\/www.hosgreta.se\\\/shop\\\/wp-content\\\/uploads\\\/2018\\\/04\\\/Birch-leaf-Wall-hook.jpg\",\"datePublished\":\"2018-04-09T10:36:31+00:00\",\"dateModified\":\"2019-09-24T09:37:26+00:00\",\"description\":\"Birch leaf Wall hook. V\u00e4ggkrok i form av ett Bj\u00f6rkl\u00f6v. Tr\u00e4krokarna ifr\u00e5n VaniMeli \u00e4r inspirerade av den skandinaviska skogen med dess m\u00e5ngfald och vackra natur. De graverade krokarna \u00e4r tillverkade av ekfan\u00e9r i tidl\u00f6s och lekfulla form\",\"breadcrumb\":{\"@id\":\"https:\\\/\\\/www.hosgreta.se\\\/shop\\\/produkt\\\/birch-leaf-wall-hook\\\/#breadcrumb\"},\"inLanguage\":\"sv-SE\",\"potentialAction\":[{\"@type\":\"ReadAction\",\"target\":[\"https:\\\/\\\/www.hosgreta.se\\\/shop\\\/produkt\\\/birch-leaf-wall-hook\\\/\"]}]},{\"@type\":\"ImageObject\",\"inLanguage\":\"sv-SE\",\"@id\":\"https:\\\/\\\/www.hosgreta.se\\\/shop\\\/produkt\\\/birch-leaf-wall-hook\\\/#primaryimage\",\"url\":\"https:\\\/\\\/www.hosgreta.se\\\/shop\\\/wp-content\\\/uploads\\\/2018\\\/04\\\/Birch-leaf-Wall-hook.jpg\",\"contentUrl\":\"https:\\\/\\\/www.hosgreta.se\\\/shop\\\/wp-content\\\/uploads\\\/2018\\\/04\\\/Birch-leaf-Wall-hook.jpg\",\"width\":800,\"height\":800,\"caption\":\"Birch leaf Wall hook\"},{\"@type\":\"BreadcrumbList\",\"@id\":\"https:\\\/\\\/www.hosgreta.se\\\/shop\\\/produkt\\\/birch-leaf-wall-hook\\\/#breadcrumb\",\"itemListElement\":[{\"@type\":\"ListItem\",\"position\":1,\"name\":\"Hem\",\"item\":\"https:\\\/\\\/www.hosgreta.se\\\/shop\\\/\"},{\"@type\":\"ListItem\",\"position\":2,\"name\":\"Shop\",\"item\":\"https:\\\/\\\/www.hosgreta.se\\\/shop\\\/shop\\\/\"},{\"@type\":\"ListItem\",\"position\":3,\"name\":\"V\u00e4ggkrok Bj\u00f6rkl\u00f6v, Printed Birch leaf Wall hook\"}]},{\"@type\":\"WebSite\",\"@id\":\"https:\\\/\\\/www.hosgreta.se\\\/shop\\\/#website\",\"url\":\"https:\\\/\\\/www.hosgreta.se\\\/shop\\\/\",\"name\":\"Hos Greta\",\"description\":\"Vi v\u00e4ljer ut v\u00e5ra varum\u00e4rken med stor omsorg.\",\"publisher\":{\"@id\":\"https:\\\/\\\/www.hosgreta.se\\\/shop\\\/#organization\"},\"potentialAction\":[{\"@type\":\"SearchAction\",\"target\":{\"@type\":\"EntryPoint\",\"urlTemplate\":\"https:\\\/\\\/www.hosgreta.se\\\/shop\\\/?s={search_term_string}\"},\"query-input\":{\"@type\":\"PropertyValueSpecification\",\"valueRequired\":true,\"valueName\":\"search_term_string\"}}],\"inLanguage\":\"sv-SE\"},{\"@type\":\"Organization\",\"@id\":\"https:\\\/\\\/www.hosgreta.se\\\/shop\\\/#organization\",\"name\":\"Hos Greta\",\"url\":\"https:\\\/\\\/www.hosgreta.se\\\/shop\\\/\",\"logo\":{\"@type\":\"ImageObject\",\"inLanguage\":\"sv-SE\",\"@id\":\"https:\\\/\\\/www.hosgreta.se\\\/shop\\\/#\\\/schema\\\/logo\\\/image\\\/\",\"url\":\"https:\\\/\\\/www.hosgreta.se\\\/shop\\\/wp-content\\\/uploads\\\/2018\\\/03\\\/Logo_HosGreta_svart.png\",\"contentUrl\":\"https:\\\/\\\/www.hosgreta.se\\\/shop\\\/wp-content\\\/uploads\\\/2018\\\/03\\\/Logo_HosGreta_svart.png\",\"width\":851,\"height\":851,\"caption\":\"Hos Greta\"},\"image\":{\"@id\":\"https:\\\/\\\/www.hosgreta.se\\\/shop\\\/#\\\/schema\\\/logo\\\/image\\\/\"},\"sameAs\":[\"https:\\\/\\\/www.facebook.com\\\/hosgreta\",\"https:\\\/\\\/www.instagram.com\\\/hosgreta\"]}]}<\/script>\n<!-- \/ Yoast SEO plugin. -->","yoast_head_json":{"title":"Birch leaf Wall hook - V\u00e4ggkrok i form av ett Bj\u00f6rkl\u00f6v - Hos Greta","description":"Birch leaf Wall hook. V\u00e4ggkrok i form av ett Bj\u00f6rkl\u00f6v. Tr\u00e4krokarna ifr\u00e5n VaniMeli \u00e4r inspirerade av den skandinaviska skogen med dess m\u00e5ngfald och vackra natur. De graverade krokarna \u00e4r tillverkade av ekfan\u00e9r i tidl\u00f6s och lekfulla form","robots":{"index":"index","follow":"follow","max-snippet":"max-snippet:-1","max-image-preview":"max-image-preview:large","max-video-preview":"max-video-preview:-1"},"canonical":"https:\/\/www.hosgreta.se\/shop\/produkt\/birch-leaf-wall-hook\/","og_locale":"sv_SE","og_type":"article","og_title":"Birch leaf Wall hook - V\u00e4ggkrok i form av ett Bj\u00f6rkl\u00f6v - Hos Greta","og_description":"Birch leaf Wall hook. V\u00e4ggkrok i form av ett Bj\u00f6rkl\u00f6v. Tr\u00e4krokarna ifr\u00e5n VaniMeli \u00e4r inspirerade av den skandinaviska skogen med dess m\u00e5ngfald och vackra natur. De graverade krokarna \u00e4r tillverkade av ekfan\u00e9r i tidl\u00f6s och lekfulla form","og_url":"https:\/\/www.hosgreta.se\/shop\/produkt\/birch-leaf-wall-hook\/","og_site_name":"Hos Greta","article_publisher":"https:\/\/www.facebook.com\/hosgreta","article_modified_time":"2019-09-24T09:37:26+00:00","og_image":[{"width":800,"height":800,"url":"https:\/\/www.hosgreta.se\/shop\/wp-content\/uploads\/2018\/04\/Birch-leaf-Wall-hook.jpg","type":"image\/jpeg"}],"twitter_card":"summary_large_image","schema":{"@context":"https:\/\/schema.org","@graph":[{"@type":"WebPage","@id":"https:\/\/www.hosgreta.se\/shop\/produkt\/birch-leaf-wall-hook\/","url":"https:\/\/www.hosgreta.se\/shop\/produkt\/birch-leaf-wall-hook\/","name":"Birch leaf Wall hook - V\u00e4ggkrok i form av ett Bj\u00f6rkl\u00f6v - Hos Greta","isPartOf":{"@id":"https:\/\/www.hosgreta.se\/shop\/#website"},"primaryImageOfPage":{"@id":"https:\/\/www.hosgreta.se\/shop\/produkt\/birch-leaf-wall-hook\/#primaryimage"},"image":{"@id":"https:\/\/www.hosgreta.se\/shop\/produkt\/birch-leaf-wall-hook\/#primaryimage"},"thumbnailUrl":"https:\/\/www.hosgreta.se\/shop\/wp-content\/uploads\/2018\/04\/Birch-leaf-Wall-hook.jpg","datePublished":"2018-04-09T10:36:31+00:00","dateModified":"2019-09-24T09:37:26+00:00","description":"Birch leaf Wall hook. V\u00e4ggkrok i form av ett Bj\u00f6rkl\u00f6v. Tr\u00e4krokarna ifr\u00e5n VaniMeli \u00e4r inspirerade av den skandinaviska skogen med dess m\u00e5ngfald och vackra natur. De graverade krokarna \u00e4r tillverkade av ekfan\u00e9r i tidl\u00f6s och lekfulla form","breadcrumb":{"@id":"https:\/\/www.hosgreta.se\/shop\/produkt\/birch-leaf-wall-hook\/#breadcrumb"},"inLanguage":"sv-SE","potentialAction":[{"@type":"ReadAction","target":["https:\/\/www.hosgreta.se\/shop\/produkt\/birch-leaf-wall-hook\/"]}]},{"@type":"ImageObject","inLanguage":"sv-SE","@id":"https:\/\/www.hosgreta.se\/shop\/produkt\/birch-leaf-wall-hook\/#primaryimage","url":"https:\/\/www.hosgreta.se\/shop\/wp-content\/uploads\/2018\/04\/Birch-leaf-Wall-hook.jpg","contentUrl":"https:\/\/www.hosgreta.se\/shop\/wp-content\/uploads\/2018\/04\/Birch-leaf-Wall-hook.jpg","width":800,"height":800,"caption":"Birch leaf Wall hook"},{"@type":"BreadcrumbList","@id":"https:\/\/www.hosgreta.se\/shop\/produkt\/birch-leaf-wall-hook\/#breadcrumb","itemListElement":[{"@type":"ListItem","position":1,"name":"Hem","item":"https:\/\/www.hosgreta.se\/shop\/"},{"@type":"ListItem","position":2,"name":"Shop","item":"https:\/\/www.hosgreta.se\/shop\/shop\/"},{"@type":"ListItem","position":3,"name":"V\u00e4ggkrok Bj\u00f6rkl\u00f6v, Printed Birch leaf Wall hook"}]},{"@type":"WebSite","@id":"https:\/\/www.hosgreta.se\/shop\/#website","url":"https:\/\/www.hosgreta.se\/shop\/","name":"Hos Greta","description":"Vi v\u00e4ljer ut v\u00e5ra varum\u00e4rken med stor omsorg.","publisher":{"@id":"https:\/\/www.hosgreta.se\/shop\/#organization"},"potentialAction":[{"@type":"SearchAction","target":{"@type":"EntryPoint","urlTemplate":"https:\/\/www.hosgreta.se\/shop\/?s={search_term_string}"},"query-input":{"@type":"PropertyValueSpecification","valueRequired":true,"valueName":"search_term_string"}}],"inLanguage":"sv-SE"},{"@type":"Organization","@id":"https:\/\/www.hosgreta.se\/shop\/#organization","name":"Hos Greta","url":"https:\/\/www.hosgreta.se\/shop\/","logo":{"@type":"ImageObject","inLanguage":"sv-SE","@id":"https:\/\/www.hosgreta.se\/shop\/#\/schema\/logo\/image\/","url":"https:\/\/www.hosgreta.se\/shop\/wp-content\/uploads\/2018\/03\/Logo_HosGreta_svart.png","contentUrl":"https:\/\/www.hosgreta.se\/shop\/wp-content\/uploads\/2018\/03\/Logo_HosGreta_svart.png","width":851,"height":851,"caption":"Hos Greta"},"image":{"@id":"https:\/\/www.hosgreta.se\/shop\/#\/schema\/logo\/image\/"},"sameAs":["https:\/\/www.facebook.com\/hosgreta","https:\/\/www.instagram.com\/hosgreta"]}]}},"kroconnect":{"tax_rate":25,"price_inc_vat":{"regular_price":179},"price_ex_vat":{"regular_price":143.2}},"brands":[],"_links":{"self":[{"href":"https:\/\/www.hosgreta.se\/shop\/wp-json\/wp\/v2\/product\/5630","targetHints":{"allow":["GET"]}}],"collection":[{"href":"https:\/\/www.hosgreta.se\/shop\/wp-json\/wp\/v2\/product"}],"about":[{"href":"https:\/\/www.hosgreta.se\/shop\/wp-json\/wp\/v2\/types\/product"}],"replies":[{"embeddable":true,"href":"https:\/\/www.hosgreta.se\/shop\/wp-json\/wp\/v2\/comments?post=5630"}],"wp:featuredmedia":[{"embeddable":true,"href":"https:\/\/www.hosgreta.se\/shop\/wp-json\/wp\/v2\/media\/18058"}],"wp:attachment":[{"href":"https:\/\/www.hosgreta.se\/shop\/wp-json\/wp\/v2\/media?parent=5630"}],"wp:term":[{"taxonomy":"pwb-brand","embeddable":true,"href":"https:\/\/www.hosgreta.se\/shop\/wp-json\/wp\/v2\/pwb-brand?post=5630"},{"taxonomy":"product_brand","embeddable":true,"href":"https:\/\/www.hosgreta.se\/shop\/wp-json\/wp\/v2\/product_brand?post=5630"},{"taxonomy":"product_cat","embeddable":true,"href":"https:\/\/www.hosgreta.se\/shop\/wp-json\/wp\/v2\/product_cat?post=5630"},{"taxonomy":"product_tag","embeddable":true,"href":"https:\/\/www.hosgreta.se\/shop\/wp-json\/wp\/v2\/product_tag?post=5630"}],"curies":[{"name":"wp","href":"https:\/\/api.w.org\/{rel}","templated":true}]}}